{"id":209449,"date":"2022-08-31T17:40:35","date_gmt":"2022-08-31T15:40:35","guid":{"rendered":"https:\/\/iha-race.com\/producto\/betafpv-expresslrs-wiederherstellungsmodul\/"},"modified":"2024-08-29T12:01:21","modified_gmt":"2024-08-29T10:01:21","slug":"betafpv-wiederherstellung-expresslrs-modul","status":"publish","type":"product","link":"https:\/\/iha-race.com\/de\/producto\/betafpv-wiederherstellung-expresslrs-modul\/","title":{"rendered":"Betafpv ExpressLRS Wiederherstellungsmodul"},"content":{"rendered":"<h2>Betafpv ExpressLRS Wiederherstellungsmodul<\/h2>\n<p>  Der ExpressLRS Recovery Dongle ist ein FTDI USB-zu-TTL-Modul, das auf dem CP2102 Bridge-Controller basiert und f\u00fcr das Firmware-Upgrade f\u00fcr den ESP32- und ESP8XX-Chip eingesetzt wird. Der ExpressLRS Recovery Dongle ist mit vielen ELRS-Empf\u00e4ngern auf dem Markt kompatibel, z. B. ELRS Lite Receiver, ELRS Nano Receiver, ELRS Micro Receiver und Rucks\u00e4cken mit FPV-Brillen. Es ist eine gute Option, um den ELRS-Empf\u00e4nger zu entsperren, wenn das Aktualisieren oder Flashen der Firmware \u00fcber UART fehlschl\u00e4gt.  <img decoding=\"async\" src=\"https:\/\/cdn.shopifycdn.net\/s\/files\/1\/1778\/6615\/files\/FB2_2360779c-5da0-40c9-bcde-d1b92a4dda77_1024x1024.jpg?v=1653462876\"><\/p>\n<h2>Eigenschaften<\/h2>\n<ul>\n<li>Entriegeln Sie den ELRS-Empf\u00e4nger und stellen Sie ihn wieder her, wenn eine Aktualisierung fehlgeschlagen ist, z. B. bei einem fehlenden Bootloader.<\/li>\n<li>Kostenloses Schwei\u00dfen! Er verf\u00fcgt \u00fcber federbelastete Sondenstifte f\u00fcr eine bequeme Anwendung. F\u00fcr den direkten Anschluss an den ELRS-Empf\u00e4nger ist kein L\u00f6ten erforderlich.<\/li>\n<li>Das ExpressLRS Recovery Dongle FTDI USB to TTL Modul ist durch das Geh\u00e4use abgedeckt und ist im Vergleich zu den Bare-Board-Versionen auf dem Markt robuster und tragbarer.<\/li>\n<li>Es unterst\u00fctzt viele auf dem Markt befindliche Computersysteme wie Windows, MAC und Linux. Dieses Modul verwendet einen USB-Typ-C-Anschluss f\u00fcr die Verbindung mit dem Computer.<\/li>\n<\/ul>\n<h2>Spezifikation<\/h2>\n<ul>\n<li>USB-Schnittstelle: USB-Typ-C-Stecker<\/li>\n<li>Betriebsspannung: 5V.<\/li>\n<li>Logische Spannung: 5V.<\/li>\n<li>Ausgangsstrom des 3,3-V-Netzteils: 400 mA<\/li>\n<li>Pin-out-Methode: 2 * 4P-2.54mm Stiftleiste<\/li>\n<li>Serielle Baudrate: bis zu 921600bps.<\/li>\n<li>Unterst\u00fctzt USB1.1, USB2.0<\/li>\n<li>USB zu seriellem Chip (CP2102) kompatibel mit XP, win7\/win8 32bits, 64bits, win10\/11 32bits, 64bits, Linux, MAC&#8230;<\/li>\n<\/ul>\n<p><img decoding=\"async\" src=\"https:\/\/cdn.shopifycdn.net\/s\/files\/1\/1778\/6615\/files\/468ef44610c31b5b50b747b4f9f5ee49_d8bf43e9-a112-4b71-960b-44306bf14ed7_480x480.jpg?v=1653386673\"><\/p>\n<h2>Erfahren Sie mehr \u00fcber das FTDI-Modul<\/h2>\n<p>  Der ExpressLRS Recovery Dongle (FTDI-Modul) dient in erster Linie dazu, den ELRS-Empf\u00e4nger zu entsperren, wenn eine Aktualisierung \u00fcber Wi-Fi-Update oder -\u00dcbertragung fehlgeschlagen ist, bietet aber auch die <a href=\"https:\/\/www.expresslrs.org\/2.0\/quick-start\/receivers\/betafpv2400\/#flashing-via-ftdi\" target=\"_blank\" rel=\"noopener\">UART-M\u00f6glichkeit <\/a>, den ELRS-Empf\u00e4nger oder -Dongle zu aktualisieren. Dieses FTDI-Modul verf\u00fcgt \u00fcber gefederte Taststifte und einen l\u00f6tfreien Stecker, was f\u00fcr den Benutzer bequemer ist. Au\u00dferdem ist es sehr robust und mit einer Tasche tragbar.  <img decoding=\"async\" src=\"https:\/\/cdn.shopifycdn.net\/s\/files\/1\/1778\/6615\/files\/FB_72be40ac-7773-45df-a598-ad8503f4d306_1024x1024.jpg?v=1653462856\"><\/p>\n<h2>Diagramm<\/h2>\n<p>  Die Abbildung unten zeigt das Diagramm f\u00fcr den ExpressLRS Recovery Dongle.  <img decoding=\"async\" src=\"https:\/\/cdn.shopifycdn.net\/s\/files\/1\/1778\/6615\/files\/c774e486543675a6b48a433542baaabb_98bbb3ce-9f44-4ad1-b07e-53c4d9eaf6b9_600x600.jpg?v=1653383187\"><\/p>\n<p><img decoding=\"async\" src=\"https:\/\/cdn.shopifycdn.net\/s\/files\/1\/1778\/6615\/files\/1_67b06760-b132-480d-9a23-523fec639053_600x600.jpg?v=1653462996\"><\/p>\n<h2>H\u00e4ufig gestellte Fragen<\/h2>\n<p>  Klicken Sie auf den untenstehenden Link, um zu erfahren, wie Sie den ExpressLRS Recovery Dongle verwenden k\u00f6nnen. Dieses Modul erfordert den Treiber f\u00fcr das Windows-System und ist nicht erforderlich, wenn Sie einen MAC oder Linux verwenden.  <a href=\"https:\/\/support.betafpv.com\/hc\/en-us\/articles\/6187770156569-How-to-use-Expresslrs-Recovery-Dongle\" target=\"_blank\" rel=\"noopener\">Verwendung des ExpressLRSController Recovery Dongle<\/a><a href=\"https:\/\/support.betafpv.com\/hc\/en-us\/article_attachments\/6372787864729\/CP2102USB.zip\" target=\"_blank\" rel=\"noopener\">f\u00fcr Windows<\/a> Dieses Video zeigt Ihnen, wie Sie die Firmware \u00fcber FTDI aktualisieren k\u00f6nnen.<br \/>\n &nbsp; (<strong>ENGLISCH AUDIO)<\/strong> https:\/\/youtu.be\/icYlSK91kyc Hinweis: Das USB Typ-C Kabel ist nicht im Lieferumfang enthalten. Bitte stellen Sie sicher, dass Sie eines zur Verf\u00fcgung haben.  <\/p>\n<h2>Empfehlung des Empf\u00e4ngers<\/h2>\n<ul>\n<li>ELRS Lite-Empf\u00e4nger<\/li>\n<li>ELRS Nano-Empf\u00e4nger<\/li>\n<li>ELRS-Mikro-Empf\u00e4nger<\/li>\n<li>Andere ELRS-Empf\u00e4nger mit ESP32- und ESP8XX-Chip.<\/li>\n<\/ul>\n<p><img decoding=\"async\" src=\"https:\/\/cdn.shopifycdn.net\/s\/files\/1\/1778\/6615\/files\/FB1_fdce2c19-a198-41fd-a04f-64f0df971dfb_1024x1024.jpg?v=1653462893\"><\/p>\n<h2>Das Paket umfasst<\/h2>\n<ul>\n<li>1 x ExpressLRS-Wiederherstellungs-Dongle<\/li>\n<li>1 x 4-poliges Kabel.<\/li>\n<li>1 x Sondenkonverterplatte<\/li>\n<\/ul>\n","protected":false},"excerpt":{"rendered":"<p>Betafpv ExpressLRS Wiederherstellungsmodul Der ExpressLRS Recovery Dongle ist ein FTDI USB-zu-TTL-Modul, das auf dem CP2102 Bridge-Controller basiert und f\u00fcr das Firmware-Upgrade f\u00fcr den ESP32- und ESP8XX-Chip eingesetzt wird. Der ExpressLRS<\/p>\n","protected":false},"featured_media":206930,"comment_status":"open","ping_status":"closed","template":"","meta":{"_joinchat":[]},"pwb-brand":[],"product_cat":[2670,2665,2672],"product_tag":[],"class_list":{"0":"post-209449","1":"product","2":"type-product","3":"status-publish","4":"has-post-thumbnail","6":"product_cat-grose-reichweite","7":"product_cat-rundfunkveranstalter","8":"product_cat-rx-empfanger","10":"first","11":"instock","12":"taxable","13":"shipping-taxable","14":"purchasable","15":"product-type-simple"},"barcode":null,"atum_controlled":true,"out_stock_date":null,"out_stock_threshold":null,"inheritable":false,"stock_on_hold":0,"sold_today":0,"sales_last_days":0,"out_stock_days":0,"lost_sales":0,"update_date":"2026-04-18T20:30:54","atum_locations":[],"atum_stock_status":"instock","restock_status":false,"low_stock_amount":"","sales_update_date":"2026-04-18T20:30:54","calc_backorders":null,"yoast_head":"<!-- This site is optimized with the Yoast SEO plugin v27.3 - https:\/\/yoast.com\/product\/yoast-seo-wordpress\/ -->\n<title>Betafpv ExpressLRS Wiederherstellungsmodul - Iha Race<\/title>\n<meta name=\"robots\" content=\"index, follow, max-snippet:-1, max-image-preview:large, max-video-preview:-1\" \/>\n<link rel=\"canonical\" href=\"https:\/\/iha-race.com\/de\/producto\/betafpv-wiederherstellung-expresslrs-modul\/\" \/>\n<meta property=\"og:locale\" content=\"de_DE\" \/>\n<meta property=\"og:type\" content=\"article\" \/>\n<meta property=\"og:title\" content=\"Betafpv ExpressLRS Wiederherstellungsmodul - Iha Race\" \/>\n<meta property=\"og:description\" content=\"Betafpv ExpressLRS Wiederherstellungsmodul Der ExpressLRS Recovery Dongle ist ein FTDI USB-zu-TTL-Modul, das auf dem CP2102 Bridge-Controller basiert und f\u00fcr das Firmware-Upgrade f\u00fcr den ESP32- und ESP8XX-Chip eingesetzt wird. Der ExpressLRS\" \/>\n<meta property=\"og:url\" content=\"https:\/\/iha-race.com\/de\/producto\/betafpv-wiederherstellung-expresslrs-modul\/\" \/>\n<meta property=\"og:site_name\" content=\"Iha Race\" \/>\n<meta property=\"article:modified_time\" content=\"2024-08-29T10:01:21+00:00\" \/>\n<meta property=\"og:image\" content=\"https:\/\/iha-race.com\/wp-content\/uploads\/2022\/08\/Modulo-Betafpv-de-recuperacion-ExpressLRS.webp\" \/>\n\t<meta property=\"og:image:width\" content=\"720\" \/>\n\t<meta property=\"og:image:height\" content=\"720\" \/>\n\t<meta property=\"og:image:type\" content=\"image\/webp\" \/>\n<meta name=\"twitter:card\" content=\"summary_large_image\" \/>\n<meta name=\"twitter:label1\" content=\"Gesch\u00e4tzte Lesezeit\" \/>\n\t<meta name=\"twitter:data1\" content=\"2\u00a0Minuten\" \/>\n<script type=\"application\/ld+json\" class=\"yoast-schema-graph\">{\"@context\":\"https:\\\/\\\/schema.org\",\"@graph\":[{\"@type\":\"WebPage\",\"@id\":\"https:\\\/\\\/iha-race.com\\\/de\\\/producto\\\/betafpv-wiederherstellung-expresslrs-modul\\\/\",\"url\":\"https:\\\/\\\/iha-race.com\\\/de\\\/producto\\\/betafpv-wiederherstellung-expresslrs-modul\\\/\",\"name\":\"Betafpv ExpressLRS Wiederherstellungsmodul - Iha Race\",\"isPartOf\":{\"@id\":\"https:\\\/\\\/iha-race.com\\\/de\\\/#website\"},\"primaryImageOfPage\":{\"@id\":\"https:\\\/\\\/iha-race.com\\\/de\\\/producto\\\/betafpv-wiederherstellung-expresslrs-modul\\\/#primaryimage\"},\"image\":{\"@id\":\"https:\\\/\\\/iha-race.com\\\/de\\\/producto\\\/betafpv-wiederherstellung-expresslrs-modul\\\/#primaryimage\"},\"thumbnailUrl\":\"https:\\\/\\\/iha-race.com\\\/wp-content\\\/uploads\\\/2022\\\/08\\\/Modulo-Betafpv-de-recuperacion-ExpressLRS.webp\",\"datePublished\":\"2022-08-31T15:40:35+00:00\",\"dateModified\":\"2024-08-29T10:01:21+00:00\",\"breadcrumb\":{\"@id\":\"https:\\\/\\\/iha-race.com\\\/de\\\/producto\\\/betafpv-wiederherstellung-expresslrs-modul\\\/#breadcrumb\"},\"inLanguage\":\"de\",\"potentialAction\":[{\"@type\":\"ReadAction\",\"target\":[\"https:\\\/\\\/iha-race.com\\\/de\\\/producto\\\/betafpv-wiederherstellung-expresslrs-modul\\\/\"]}]},{\"@type\":\"ImageObject\",\"inLanguage\":\"de\",\"@id\":\"https:\\\/\\\/iha-race.com\\\/de\\\/producto\\\/betafpv-wiederherstellung-expresslrs-modul\\\/#primaryimage\",\"url\":\"https:\\\/\\\/iha-race.com\\\/wp-content\\\/uploads\\\/2022\\\/08\\\/Modulo-Betafpv-de-recuperacion-ExpressLRS.webp\",\"contentUrl\":\"https:\\\/\\\/iha-race.com\\\/wp-content\\\/uploads\\\/2022\\\/08\\\/Modulo-Betafpv-de-recuperacion-ExpressLRS.webp\",\"width\":720,\"height\":720},{\"@type\":\"BreadcrumbList\",\"@id\":\"https:\\\/\\\/iha-race.com\\\/de\\\/producto\\\/betafpv-wiederherstellung-expresslrs-modul\\\/#breadcrumb\",\"itemListElement\":[{\"@type\":\"ListItem\",\"position\":1,\"name\":\"Portada\",\"item\":\"https:\\\/\\\/iha-race.com\\\/de\\\/elementor-499\\\/\"},{\"@type\":\"ListItem\",\"position\":2,\"name\":\"Shop\",\"item\":\"https:\\\/\\\/iha-race.com\\\/de\\\/shop\\\/\"},{\"@type\":\"ListItem\",\"position\":3,\"name\":\"Betafpv ExpressLRS Wiederherstellungsmodul\"}]},{\"@type\":\"WebSite\",\"@id\":\"https:\\\/\\\/iha-race.com\\\/de\\\/#website\",\"url\":\"https:\\\/\\\/iha-race.com\\\/de\\\/\",\"name\":\"Iha Race\",\"description\":\"Comprar drones de carreras FPV env\u00edos en un d\u00eda desde Espa\u00f1a\",\"publisher\":{\"@id\":\"https:\\\/\\\/iha-race.com\\\/de\\\/#organization\"},\"potentialAction\":[{\"@type\":\"SearchAction\",\"target\":{\"@type\":\"EntryPoint\",\"urlTemplate\":\"https:\\\/\\\/iha-race.com\\\/de\\\/?s={search_term_string}\"},\"query-input\":{\"@type\":\"PropertyValueSpecification\",\"valueRequired\":true,\"valueName\":\"search_term_string\"}}],\"inLanguage\":\"de\"},{\"@type\":\"Organization\",\"@id\":\"https:\\\/\\\/iha-race.com\\\/de\\\/#organization\",\"name\":\"Iha Race\",\"url\":\"https:\\\/\\\/iha-race.com\\\/de\\\/\",\"logo\":{\"@type\":\"ImageObject\",\"inLanguage\":\"de\",\"@id\":\"https:\\\/\\\/iha-race.com\\\/de\\\/#\\\/schema\\\/logo\\\/image\\\/\",\"url\":\"https:\\\/\\\/iha-race.com\\\/wp-content\\\/uploads\\\/2018\\\/07\\\/iha-race-drones-de-carreras-tienda-comprar-drones.png\",\"contentUrl\":\"https:\\\/\\\/iha-race.com\\\/wp-content\\\/uploads\\\/2018\\\/07\\\/iha-race-drones-de-carreras-tienda-comprar-drones.png\",\"width\":300,\"height\":100,\"caption\":\"Iha Race\"},\"image\":{\"@id\":\"https:\\\/\\\/iha-race.com\\\/de\\\/#\\\/schema\\\/logo\\\/image\\\/\"}}]}<\/script>\n<!-- \/ Yoast SEO plugin. -->","yoast_head_json":{"title":"Betafpv ExpressLRS Wiederherstellungsmodul - Iha Race","robots":{"index":"index","follow":"follow","max-snippet":"max-snippet:-1","max-image-preview":"max-image-preview:large","max-video-preview":"max-video-preview:-1"},"canonical":"https:\/\/iha-race.com\/de\/producto\/betafpv-wiederherstellung-expresslrs-modul\/","og_locale":"de_DE","og_type":"article","og_title":"Betafpv ExpressLRS Wiederherstellungsmodul - Iha Race","og_description":"Betafpv ExpressLRS Wiederherstellungsmodul Der ExpressLRS Recovery Dongle ist ein FTDI USB-zu-TTL-Modul, das auf dem CP2102 Bridge-Controller basiert und f\u00fcr das Firmware-Upgrade f\u00fcr den ESP32- und ESP8XX-Chip eingesetzt wird. Der ExpressLRS","og_url":"https:\/\/iha-race.com\/de\/producto\/betafpv-wiederherstellung-expresslrs-modul\/","og_site_name":"Iha Race","article_modified_time":"2024-08-29T10:01:21+00:00","og_image":[{"width":720,"height":720,"url":"https:\/\/iha-race.com\/wp-content\/uploads\/2022\/08\/Modulo-Betafpv-de-recuperacion-ExpressLRS.webp","type":"image\/webp"}],"twitter_card":"summary_large_image","twitter_misc":{"Gesch\u00e4tzte Lesezeit":"2\u00a0Minuten"},"schema":{"@context":"https:\/\/schema.org","@graph":[{"@type":"WebPage","@id":"https:\/\/iha-race.com\/de\/producto\/betafpv-wiederherstellung-expresslrs-modul\/","url":"https:\/\/iha-race.com\/de\/producto\/betafpv-wiederherstellung-expresslrs-modul\/","name":"Betafpv ExpressLRS Wiederherstellungsmodul - Iha Race","isPartOf":{"@id":"https:\/\/iha-race.com\/de\/#website"},"primaryImageOfPage":{"@id":"https:\/\/iha-race.com\/de\/producto\/betafpv-wiederherstellung-expresslrs-modul\/#primaryimage"},"image":{"@id":"https:\/\/iha-race.com\/de\/producto\/betafpv-wiederherstellung-expresslrs-modul\/#primaryimage"},"thumbnailUrl":"https:\/\/iha-race.com\/wp-content\/uploads\/2022\/08\/Modulo-Betafpv-de-recuperacion-ExpressLRS.webp","datePublished":"2022-08-31T15:40:35+00:00","dateModified":"2024-08-29T10:01:21+00:00","breadcrumb":{"@id":"https:\/\/iha-race.com\/de\/producto\/betafpv-wiederherstellung-expresslrs-modul\/#breadcrumb"},"inLanguage":"de","potentialAction":[{"@type":"ReadAction","target":["https:\/\/iha-race.com\/de\/producto\/betafpv-wiederherstellung-expresslrs-modul\/"]}]},{"@type":"ImageObject","inLanguage":"de","@id":"https:\/\/iha-race.com\/de\/producto\/betafpv-wiederherstellung-expresslrs-modul\/#primaryimage","url":"https:\/\/iha-race.com\/wp-content\/uploads\/2022\/08\/Modulo-Betafpv-de-recuperacion-ExpressLRS.webp","contentUrl":"https:\/\/iha-race.com\/wp-content\/uploads\/2022\/08\/Modulo-Betafpv-de-recuperacion-ExpressLRS.webp","width":720,"height":720},{"@type":"BreadcrumbList","@id":"https:\/\/iha-race.com\/de\/producto\/betafpv-wiederherstellung-expresslrs-modul\/#breadcrumb","itemListElement":[{"@type":"ListItem","position":1,"name":"Portada","item":"https:\/\/iha-race.com\/de\/elementor-499\/"},{"@type":"ListItem","position":2,"name":"Shop","item":"https:\/\/iha-race.com\/de\/shop\/"},{"@type":"ListItem","position":3,"name":"Betafpv ExpressLRS Wiederherstellungsmodul"}]},{"@type":"WebSite","@id":"https:\/\/iha-race.com\/de\/#website","url":"https:\/\/iha-race.com\/de\/","name":"Iha Race","description":"Comprar drones de carreras FPV env\u00edos en un d\u00eda desde Espa\u00f1a","publisher":{"@id":"https:\/\/iha-race.com\/de\/#organization"},"potentialAction":[{"@type":"SearchAction","target":{"@type":"EntryPoint","urlTemplate":"https:\/\/iha-race.com\/de\/?s={search_term_string}"},"query-input":{"@type":"PropertyValueSpecification","valueRequired":true,"valueName":"search_term_string"}}],"inLanguage":"de"},{"@type":"Organization","@id":"https:\/\/iha-race.com\/de\/#organization","name":"Iha Race","url":"https:\/\/iha-race.com\/de\/","logo":{"@type":"ImageObject","inLanguage":"de","@id":"https:\/\/iha-race.com\/de\/#\/schema\/logo\/image\/","url":"https:\/\/iha-race.com\/wp-content\/uploads\/2018\/07\/iha-race-drones-de-carreras-tienda-comprar-drones.png","contentUrl":"https:\/\/iha-race.com\/wp-content\/uploads\/2018\/07\/iha-race-drones-de-carreras-tienda-comprar-drones.png","width":300,"height":100,"caption":"Iha Race"},"image":{"@id":"https:\/\/iha-race.com\/de\/#\/schema\/logo\/image\/"}}]}},"jetpack_sharing_enabled":true,"brands":[],"_links":{"self":[{"href":"https:\/\/iha-race.com\/de\/wp-json\/wp\/v2\/product\/209449","targetHints":{"allow":["GET"]}}],"collection":[{"href":"https:\/\/iha-race.com\/de\/wp-json\/wp\/v2\/product"}],"about":[{"href":"https:\/\/iha-race.com\/de\/wp-json\/wp\/v2\/types\/product"}],"replies":[{"embeddable":true,"href":"https:\/\/iha-race.com\/de\/wp-json\/wp\/v2\/comments?post=209449"}],"version-history":[{"count":2,"href":"https:\/\/iha-race.com\/de\/wp-json\/wp\/v2\/product\/209449\/revisions"}],"predecessor-version":[{"id":249038,"href":"https:\/\/iha-race.com\/de\/wp-json\/wp\/v2\/product\/209449\/revisions\/249038"}],"wp:featuredmedia":[{"embeddable":true,"href":"https:\/\/iha-race.com\/de\/wp-json\/wp\/v2\/media\/206930"}],"wp:attachment":[{"href":"https:\/\/iha-race.com\/de\/wp-json\/wp\/v2\/media?parent=209449"}],"wp:term":[{"taxonomy":"pwb-brand","embeddable":true,"href":"https:\/\/iha-race.com\/de\/wp-json\/wp\/v2\/pwb-brand?post=209449"},{"taxonomy":"product_cat","embeddable":true,"href":"https:\/\/iha-race.com\/de\/wp-json\/wp\/v2\/product_cat?post=209449"},{"taxonomy":"product_tag","embeddable":true,"href":"https:\/\/iha-race.com\/de\/wp-json\/wp\/v2\/product_tag?post=209449"}],"curies":[{"name":"wp","href":"https:\/\/api.w.org\/{rel}","templated":true}]}}