{"id":209447,"date":"2022-08-12T10:23:04","date_gmt":"2022-08-12T08:23:04","guid":{"rendered":"https:\/\/iha-race.com\/producto\/snow-2306-buerstenlose-motoren-1860kv-2500kv\/"},"modified":"2024-08-29T12:00:50","modified_gmt":"2024-08-29T10:00:50","slug":"motores-sin-escobillas-snow-2306-1860kv-2500kv","status":"publish","type":"product","link":"https:\/\/iha-race.com\/de\/producto\/motores-sin-escobillas-snow-2306-1860kv-2500kv\/","title":{"rendered":"Snow 2306 B\u00fcrstenlose Motoren (1860Kv &#8211; 2500Kv)"},"content":{"rendered":"<h2>Snow 2306 B\u00fcrstenlose Motoren (1860Kv &#8211; 2500Kv)<\/h2>\n<p class=\"p1\">Die BETAFPV Snow 2306 Brushless-Motoren sind aus hochwertigen Materialien gefertigt und kommen in einem neuen Design mit Schneeflocken-Optik. Die hochfeste TC4-Titanlegierung, der N52-Magnet, das NMB-Lager und die Glocke aus 7075-Aluminium sorgen f\u00fcr eine hervorragende Leistung und eine lange Lebensdauer und machen den Snow 2306 zu einem der leistungsst\u00e4rksten FPV-Brushless-Motoren auf dem Markt. Perfekt geeignet f\u00fcr FPV-Rennen und FPV-Freestyle auf 5&#8243;-6&#8243; Quadcoptern.<\/p>\n<p class=\"p1\"><img decoding=\"async\" src=\"https:\/\/cdn.shopify.com\/s\/files\/1\/1778\/6615\/files\/FB_f766b844-00a0-46c8-9a7c-1e3c0d051c5b_1024x1024.jpg?v=1656669884\" alt=\"\"><\/p>\n<h2 class=\"p1\">Eigenschaften<\/h2>\n<ul>\n<li>Hergestellt aus erstklassigen Materialien. Die hochfeste TC4-Titanwelle, der N52-Magnet, das NMB-Lager und die 7075-Luftfahrtaluminiumlegierung kommen bei den Snow 2306-Motoren zum Einsatz, was die Motoren langlebig macht.<\/li>\n<li>Mit einem Design im Schneeflocken-Look. Alle Motoren zeigen in der Luft eine silbrig-wei\u00dfe Farbe und sehen sehr sch\u00f6n aus.<\/li>\n<li>Kompatibel mit 5&#8243;-6&#8243; Quadcoptern f\u00fcr FPV-Rennen und FPV-Freestyle. Es stehen die beiden KV-Versionen 1860KV und 2500KV mit zwei Motoren zur Auswahl.<\/li>\n<li>Snow 2306 b\u00fcrstenlose Motoren und 5&#8243; Propeller 3-Blatt-Propeller<\/li>\n<\/ul>\n<h2 class=\"p1\">Spezifikationen<\/h2>\n<ul>\n<li>Artikel: B\u00fcrstenlose Motoren Snow 2306<\/li>\n<li>Abmessungen: \u03c629.3*30.6mm<\/li>\n<li>L\u00e4nge des Schafts: 12,3 mm<\/li>\n<li>Durchmesser des Schafts: 5 mm<\/li>\n<li>Motor KV (U\/min\/V): 1860KV\/2500KV (optional)<\/li>\n<li>Konfiguration: 12N14P<\/li>\n<li>Eingangsspannung: 4S\/6S Lipo<\/li>\n<li>Kabell\u00e4nge: 20 AWG 160 mm<\/li>\n<li>Gewicht: 34 g (mit Kabeln)<\/li>\n<li>Schaftform: TC4 Titan-Schaft<\/li>\n<li>Eisenkern: 0,15 mm Siliziumstahl<\/li>\n<li>Magnet: Gesinterter N52SH NdFeB N52SH<\/li>\n<li>Endkappe: 7075 Luftfahrt-Aluminiumlegierung<\/li>\n<li>Lager: NMB-Lager<\/li>\n<\/ul>\n<p><img decoding=\"async\" src=\"https:\/\/cdn.shopifycdn.net\/s\/files\/1\/1778\/6615\/files\/1_4da2859b-5a7f-4325-a8a1-69cda0be8862_600x600.jpg?v=1656583105\" alt=\"\"><\/p>\n<h2>Pr\u00fcfberichte<\/h2>\n<p>  Das folgende Bild zeigt die Testdaten f\u00fcr 2306 1860KV Motoren.  <img decoding=\"async\" src=\"https:\/\/cdn.shopify.com\/s\/files\/1\/1778\/6615\/files\/680a744dc6abc6349181243892ea1d32_34f11465-9439-4652-a3a7-6819abab1ed0_1024x1024.jpg?v=1656670727\" alt=\"\">  Das folgende Bild zeigt die Testdaten f\u00fcr 2306 2500KV Motoren.  <img decoding=\"async\" src=\"https:\/\/cdn.shopify.com\/s\/files\/1\/1778\/6615\/files\/680a744dc6abc6349181243892ea1d32_38eb4667-24f3-461e-9dfb-8c6c68c52b53_1100x1100.jpg?v=1656670750\" alt=\"\"><\/p>\n<h2>Empfohlene Teile<\/h2>\n<ul>\n<li>Quadrokopter: 5&#8243;-6&#8243; Quadrokopter<\/li>\n<li>Rahmen: 5&#8243;-6&#8243; Rahmen<\/li>\n<li>ESC: mindestens 40A ESC<\/li>\n<li>Kompatible Propeller: 5&#8243;-6&#8243; Propeller<\/li>\n<li><span class=\"s2\">Akku: 4S 1500mAh 120C \/ 6S 1300mAh 120C<\/span><\/li>\n<li><span class=\"s2\">Abfluggewicht: 580 g mit 4S-Akku \/ 600 g mit 6S-Akku  <\/span><\/li>\n<\/ul>\n<p>&nbsp;<\/p>\n<p><img decoding=\"async\" src=\"https:\/\/cdn.shopify.com\/s\/files\/1\/1778\/6615\/files\/FB_dc4d9f22-68fe-4b0a-8b32-dd0e487491ca_1024x1024.jpg?v=1656669908\" alt=\"\"><\/p>\n<h2 class=\"p1\">Das Paket umfasst<\/h2>\n<ul>\n<li>1 x B\u00fcrstenloser Motor Snow 2306 1860KV oder 2500KV<\/li>\n<li>5 x M3x8 Schrauben.<\/li>\n<li>5 x M3x10 Schrauben.<\/li>\n<li>1 x Mutter M5x6<\/li>\n<\/ul>\n<p><img decoding=\"async\" src=\"https:\/\/cdn.shopify.com\/s\/files\/1\/1778\/6615\/files\/3f89305fb1dabad87b9b93324e3c25cd_c3ea8f77-c032-49cd-a480-47ba9b16f586_600x600.jpg?v=1656483087\" alt=\"\"><\/p>\n","protected":false},"excerpt":{"rendered":"<p>Snow 2306 B\u00fcrstenlose Motoren (1860Kv &#8211; 2500Kv) Die BETAFPV Snow 2306 Brushless-Motoren sind aus hochwertigen Materialien gefertigt und kommen in einem neuen Design mit Schneeflocken-Optik. Die hochfeste TC4-Titanlegierung, der N52-Magnet,<\/p>\n","protected":false},"featured_media":206831,"comment_status":"open","ping_status":"closed","template":"","meta":{"_joinchat":[]},"pwb-brand":[],"product_cat":[2817,2617],"product_tag":[],"class_list":{"0":"post-209447","1":"product","2":"type-product","3":"status-publish","4":"has-post-thumbnail","6":"product_cat-burstenlos-mit-welle","7":"product_cat-fpv-motoren","9":"first","10":"instock","11":"taxable","12":"shipping-taxable","13":"purchasable","14":"product-type-variable"},"barcode":null,"atum_controlled":true,"out_stock_date":null,"out_stock_threshold":null,"inheritable":true,"stock_on_hold":0,"sold_today":0,"sales_last_days":1,"out_stock_days":0,"lost_sales":0,"update_date":"2026-03-21T11:17:11","atum_locations":[],"atum_stock_status":"instock","restock_status":false,"low_stock_amount":"","sales_update_date":"2026-03-21T11:17:11","calc_backorders":null,"yoast_head":"<!-- This site is optimized with the Yoast SEO plugin v27.3 - https:\/\/yoast.com\/product\/yoast-seo-wordpress\/ -->\n<title>Snow 2306 B\u00fcrstenlose Motoren (1860Kv - 2500Kv) - Iha Race<\/title>\n<meta name=\"robots\" content=\"index, follow, max-snippet:-1, max-image-preview:large, max-video-preview:-1\" \/>\n<link rel=\"canonical\" href=\"https:\/\/iha-race.com\/de\/producto\/motores-sin-escobillas-snow-2306-1860kv-2500kv\/\" \/>\n<meta property=\"og:locale\" content=\"de_DE\" \/>\n<meta property=\"og:type\" content=\"article\" \/>\n<meta property=\"og:title\" content=\"Snow 2306 B\u00fcrstenlose Motoren (1860Kv - 2500Kv) - Iha Race\" \/>\n<meta property=\"og:description\" content=\"Snow 2306 B\u00fcrstenlose Motoren (1860Kv &#8211; 2500Kv) Die BETAFPV Snow 2306 Brushless-Motoren sind aus hochwertigen Materialien gefertigt und kommen in einem neuen Design mit Schneeflocken-Optik. Die hochfeste TC4-Titanlegierung, der N52-Magnet,\" \/>\n<meta property=\"og:url\" content=\"https:\/\/iha-race.com\/de\/producto\/motores-sin-escobillas-snow-2306-1860kv-2500kv\/\" \/>\n<meta property=\"og:site_name\" content=\"Iha Race\" \/>\n<meta property=\"article:modified_time\" content=\"2024-08-29T10:00:50+00:00\" \/>\n<meta property=\"og:image\" content=\"https:\/\/iha-race.com\/wp-content\/uploads\/2022\/08\/1_8d6e742b-da43-469c-9ac5-6656ebfba899_720x.webp\" \/>\n\t<meta property=\"og:image:width\" content=\"720\" \/>\n\t<meta property=\"og:image:height\" content=\"720\" \/>\n\t<meta property=\"og:image:type\" content=\"image\/webp\" \/>\n<meta name=\"twitter:card\" content=\"summary_large_image\" \/>\n<meta name=\"twitter:label1\" content=\"Gesch\u00e4tzte Lesezeit\" \/>\n\t<meta name=\"twitter:data1\" content=\"1\u00a0Minute\" \/>\n<script type=\"application\/ld+json\" class=\"yoast-schema-graph\">{\"@context\":\"https:\\\/\\\/schema.org\",\"@graph\":[{\"@type\":\"WebPage\",\"@id\":\"https:\\\/\\\/iha-race.com\\\/de\\\/producto\\\/motores-sin-escobillas-snow-2306-1860kv-2500kv\\\/\",\"url\":\"https:\\\/\\\/iha-race.com\\\/de\\\/producto\\\/motores-sin-escobillas-snow-2306-1860kv-2500kv\\\/\",\"name\":\"Snow 2306 B\u00fcrstenlose Motoren (1860Kv - 2500Kv) - Iha Race\",\"isPartOf\":{\"@id\":\"https:\\\/\\\/iha-race.com\\\/de\\\/#website\"},\"primaryImageOfPage\":{\"@id\":\"https:\\\/\\\/iha-race.com\\\/de\\\/producto\\\/motores-sin-escobillas-snow-2306-1860kv-2500kv\\\/#primaryimage\"},\"image\":{\"@id\":\"https:\\\/\\\/iha-race.com\\\/de\\\/producto\\\/motores-sin-escobillas-snow-2306-1860kv-2500kv\\\/#primaryimage\"},\"thumbnailUrl\":\"https:\\\/\\\/iha-race.com\\\/wp-content\\\/uploads\\\/2022\\\/08\\\/1_8d6e742b-da43-469c-9ac5-6656ebfba899_720x.webp\",\"datePublished\":\"2022-08-12T08:23:04+00:00\",\"dateModified\":\"2024-08-29T10:00:50+00:00\",\"breadcrumb\":{\"@id\":\"https:\\\/\\\/iha-race.com\\\/de\\\/producto\\\/motores-sin-escobillas-snow-2306-1860kv-2500kv\\\/#breadcrumb\"},\"inLanguage\":\"de\",\"potentialAction\":[{\"@type\":\"ReadAction\",\"target\":[\"https:\\\/\\\/iha-race.com\\\/de\\\/producto\\\/motores-sin-escobillas-snow-2306-1860kv-2500kv\\\/\"]}]},{\"@type\":\"ImageObject\",\"inLanguage\":\"de\",\"@id\":\"https:\\\/\\\/iha-race.com\\\/de\\\/producto\\\/motores-sin-escobillas-snow-2306-1860kv-2500kv\\\/#primaryimage\",\"url\":\"https:\\\/\\\/iha-race.com\\\/wp-content\\\/uploads\\\/2022\\\/08\\\/1_8d6e742b-da43-469c-9ac5-6656ebfba899_720x.webp\",\"contentUrl\":\"https:\\\/\\\/iha-race.com\\\/wp-content\\\/uploads\\\/2022\\\/08\\\/1_8d6e742b-da43-469c-9ac5-6656ebfba899_720x.webp\",\"width\":720,\"height\":720},{\"@type\":\"BreadcrumbList\",\"@id\":\"https:\\\/\\\/iha-race.com\\\/de\\\/producto\\\/motores-sin-escobillas-snow-2306-1860kv-2500kv\\\/#breadcrumb\",\"itemListElement\":[{\"@type\":\"ListItem\",\"position\":1,\"name\":\"Portada\",\"item\":\"https:\\\/\\\/iha-race.com\\\/de\\\/elementor-499\\\/\"},{\"@type\":\"ListItem\",\"position\":2,\"name\":\"Shop\",\"item\":\"https:\\\/\\\/iha-race.com\\\/de\\\/shop\\\/\"},{\"@type\":\"ListItem\",\"position\":3,\"name\":\"Snow 2306 B\u00fcrstenlose Motoren (1860Kv &#8211; 2500Kv)\"}]},{\"@type\":\"WebSite\",\"@id\":\"https:\\\/\\\/iha-race.com\\\/de\\\/#website\",\"url\":\"https:\\\/\\\/iha-race.com\\\/de\\\/\",\"name\":\"Iha Race\",\"description\":\"Comprar drones de carreras FPV env\u00edos en un d\u00eda desde Espa\u00f1a\",\"publisher\":{\"@id\":\"https:\\\/\\\/iha-race.com\\\/de\\\/#organization\"},\"potentialAction\":[{\"@type\":\"SearchAction\",\"target\":{\"@type\":\"EntryPoint\",\"urlTemplate\":\"https:\\\/\\\/iha-race.com\\\/de\\\/?s={search_term_string}\"},\"query-input\":{\"@type\":\"PropertyValueSpecification\",\"valueRequired\":true,\"valueName\":\"search_term_string\"}}],\"inLanguage\":\"de\"},{\"@type\":\"Organization\",\"@id\":\"https:\\\/\\\/iha-race.com\\\/de\\\/#organization\",\"name\":\"Iha Race\",\"url\":\"https:\\\/\\\/iha-race.com\\\/de\\\/\",\"logo\":{\"@type\":\"ImageObject\",\"inLanguage\":\"de\",\"@id\":\"https:\\\/\\\/iha-race.com\\\/de\\\/#\\\/schema\\\/logo\\\/image\\\/\",\"url\":\"https:\\\/\\\/iha-race.com\\\/wp-content\\\/uploads\\\/2018\\\/07\\\/iha-race-drones-de-carreras-tienda-comprar-drones.png\",\"contentUrl\":\"https:\\\/\\\/iha-race.com\\\/wp-content\\\/uploads\\\/2018\\\/07\\\/iha-race-drones-de-carreras-tienda-comprar-drones.png\",\"width\":300,\"height\":100,\"caption\":\"Iha Race\"},\"image\":{\"@id\":\"https:\\\/\\\/iha-race.com\\\/de\\\/#\\\/schema\\\/logo\\\/image\\\/\"}}]}<\/script>\n<!-- \/ Yoast SEO plugin. -->","yoast_head_json":{"title":"Snow 2306 B\u00fcrstenlose Motoren (1860Kv - 2500Kv) - Iha Race","robots":{"index":"index","follow":"follow","max-snippet":"max-snippet:-1","max-image-preview":"max-image-preview:large","max-video-preview":"max-video-preview:-1"},"canonical":"https:\/\/iha-race.com\/de\/producto\/motores-sin-escobillas-snow-2306-1860kv-2500kv\/","og_locale":"de_DE","og_type":"article","og_title":"Snow 2306 B\u00fcrstenlose Motoren (1860Kv - 2500Kv) - Iha Race","og_description":"Snow 2306 B\u00fcrstenlose Motoren (1860Kv &#8211; 2500Kv) Die BETAFPV Snow 2306 Brushless-Motoren sind aus hochwertigen Materialien gefertigt und kommen in einem neuen Design mit Schneeflocken-Optik. Die hochfeste TC4-Titanlegierung, der N52-Magnet,","og_url":"https:\/\/iha-race.com\/de\/producto\/motores-sin-escobillas-snow-2306-1860kv-2500kv\/","og_site_name":"Iha Race","article_modified_time":"2024-08-29T10:00:50+00:00","og_image":[{"width":720,"height":720,"url":"https:\/\/iha-race.com\/wp-content\/uploads\/2022\/08\/1_8d6e742b-da43-469c-9ac5-6656ebfba899_720x.webp","type":"image\/webp"}],"twitter_card":"summary_large_image","twitter_misc":{"Gesch\u00e4tzte Lesezeit":"1\u00a0Minute"},"schema":{"@context":"https:\/\/schema.org","@graph":[{"@type":"WebPage","@id":"https:\/\/iha-race.com\/de\/producto\/motores-sin-escobillas-snow-2306-1860kv-2500kv\/","url":"https:\/\/iha-race.com\/de\/producto\/motores-sin-escobillas-snow-2306-1860kv-2500kv\/","name":"Snow 2306 B\u00fcrstenlose Motoren (1860Kv - 2500Kv) - Iha Race","isPartOf":{"@id":"https:\/\/iha-race.com\/de\/#website"},"primaryImageOfPage":{"@id":"https:\/\/iha-race.com\/de\/producto\/motores-sin-escobillas-snow-2306-1860kv-2500kv\/#primaryimage"},"image":{"@id":"https:\/\/iha-race.com\/de\/producto\/motores-sin-escobillas-snow-2306-1860kv-2500kv\/#primaryimage"},"thumbnailUrl":"https:\/\/iha-race.com\/wp-content\/uploads\/2022\/08\/1_8d6e742b-da43-469c-9ac5-6656ebfba899_720x.webp","datePublished":"2022-08-12T08:23:04+00:00","dateModified":"2024-08-29T10:00:50+00:00","breadcrumb":{"@id":"https:\/\/iha-race.com\/de\/producto\/motores-sin-escobillas-snow-2306-1860kv-2500kv\/#breadcrumb"},"inLanguage":"de","potentialAction":[{"@type":"ReadAction","target":["https:\/\/iha-race.com\/de\/producto\/motores-sin-escobillas-snow-2306-1860kv-2500kv\/"]}]},{"@type":"ImageObject","inLanguage":"de","@id":"https:\/\/iha-race.com\/de\/producto\/motores-sin-escobillas-snow-2306-1860kv-2500kv\/#primaryimage","url":"https:\/\/iha-race.com\/wp-content\/uploads\/2022\/08\/1_8d6e742b-da43-469c-9ac5-6656ebfba899_720x.webp","contentUrl":"https:\/\/iha-race.com\/wp-content\/uploads\/2022\/08\/1_8d6e742b-da43-469c-9ac5-6656ebfba899_720x.webp","width":720,"height":720},{"@type":"BreadcrumbList","@id":"https:\/\/iha-race.com\/de\/producto\/motores-sin-escobillas-snow-2306-1860kv-2500kv\/#breadcrumb","itemListElement":[{"@type":"ListItem","position":1,"name":"Portada","item":"https:\/\/iha-race.com\/de\/elementor-499\/"},{"@type":"ListItem","position":2,"name":"Shop","item":"https:\/\/iha-race.com\/de\/shop\/"},{"@type":"ListItem","position":3,"name":"Snow 2306 B\u00fcrstenlose Motoren (1860Kv &#8211; 2500Kv)"}]},{"@type":"WebSite","@id":"https:\/\/iha-race.com\/de\/#website","url":"https:\/\/iha-race.com\/de\/","name":"Iha Race","description":"Comprar drones de carreras FPV env\u00edos en un d\u00eda desde Espa\u00f1a","publisher":{"@id":"https:\/\/iha-race.com\/de\/#organization"},"potentialAction":[{"@type":"SearchAction","target":{"@type":"EntryPoint","urlTemplate":"https:\/\/iha-race.com\/de\/?s={search_term_string}"},"query-input":{"@type":"PropertyValueSpecification","valueRequired":true,"valueName":"search_term_string"}}],"inLanguage":"de"},{"@type":"Organization","@id":"https:\/\/iha-race.com\/de\/#organization","name":"Iha Race","url":"https:\/\/iha-race.com\/de\/","logo":{"@type":"ImageObject","inLanguage":"de","@id":"https:\/\/iha-race.com\/de\/#\/schema\/logo\/image\/","url":"https:\/\/iha-race.com\/wp-content\/uploads\/2018\/07\/iha-race-drones-de-carreras-tienda-comprar-drones.png","contentUrl":"https:\/\/iha-race.com\/wp-content\/uploads\/2018\/07\/iha-race-drones-de-carreras-tienda-comprar-drones.png","width":300,"height":100,"caption":"Iha Race"},"image":{"@id":"https:\/\/iha-race.com\/de\/#\/schema\/logo\/image\/"}}]}},"jetpack_sharing_enabled":true,"brands":[],"_links":{"self":[{"href":"https:\/\/iha-race.com\/de\/wp-json\/wp\/v2\/product\/209447","targetHints":{"allow":["GET"]}}],"collection":[{"href":"https:\/\/iha-race.com\/de\/wp-json\/wp\/v2\/product"}],"about":[{"href":"https:\/\/iha-race.com\/de\/wp-json\/wp\/v2\/types\/product"}],"replies":[{"embeddable":true,"href":"https:\/\/iha-race.com\/de\/wp-json\/wp\/v2\/comments?post=209447"}],"version-history":[{"count":2,"href":"https:\/\/iha-race.com\/de\/wp-json\/wp\/v2\/product\/209447\/revisions"}],"predecessor-version":[{"id":249016,"href":"https:\/\/iha-race.com\/de\/wp-json\/wp\/v2\/product\/209447\/revisions\/249016"}],"wp:featuredmedia":[{"embeddable":true,"href":"https:\/\/iha-race.com\/de\/wp-json\/wp\/v2\/media\/206831"}],"wp:attachment":[{"href":"https:\/\/iha-race.com\/de\/wp-json\/wp\/v2\/media?parent=209447"}],"wp:term":[{"taxonomy":"pwb-brand","embeddable":true,"href":"https:\/\/iha-race.com\/de\/wp-json\/wp\/v2\/pwb-brand?post=209447"},{"taxonomy":"product_cat","embeddable":true,"href":"https:\/\/iha-race.com\/de\/wp-json\/wp\/v2\/product_cat?post=209447"},{"taxonomy":"product_tag","embeddable":true,"href":"https:\/\/iha-race.com\/de\/wp-json\/wp\/v2\/product_tag?post=209447"}],"curies":[{"name":"wp","href":"https:\/\/api.w.org\/{rel}","templated":true}]}}