{"id":209429,"date":"2022-05-26T12:11:14","date_gmt":"2022-05-26T10:11:14","guid":{"rendered":"https:\/\/iha-race.com\/producto\/spandex-xhelix-fpv-spandex-handschuhe\/"},"modified":"2024-08-29T12:04:57","modified_gmt":"2024-08-29T10:04:57","slug":"handschuhe-spandex-xhelix-fpv","status":"publish","type":"product","link":"https:\/\/iha-race.com\/de\/producto\/handschuhe-spandex-xhelix-fpv\/","title":{"rendered":"Spandex Xhelix Fpv Spandex Handschuhe"},"content":{"rendered":"<h2><span data-sheets-value=\"{\"1\":2,\"2\":\"Guantes Spandex Xhelix Fpv\"}\" data-sheets-userformat=\"{\"2\":14913,\"3\":{\"1\":0},\"9\":0,\"12\":0,\"14\":{\"1\":2,\"2\":0},\"15\":\"\\\"open sans condensed\\\", sans-serif\",\"16\":12}\">Spandex Xhelix Fpv Spandex Handschuhe<\/span><\/h2>\n<div class=\"H1AvN fggS- cell\">\n<section class=\"_2RbVQ\" data-hook=\"description-wrapper\">\n<div class=\"_3nbVj\">\n<div class=\"_3cRjW\" data-hook=\"content-wrapper\">  Die oberste Priorit\u00e4t unserer Handschuhe ist Komfort, gefolgt von Schutz. Die meisten Handschuhe auf dem Markt sind dick und es ist unm\u00f6glich, mit ihnen zu fliegen, da sie die Bewegungsfreiheit einschr\u00e4nken. Die Xhelix-Handschuhe haben einen mittleren K\u00e4lteschutz, denn wenn sie noch dicker w\u00e4ren, w\u00e4ren sie beim Fliegen sehr unangenehm, aber ausreichend, um Ihre Haut vor den Elementen zu sch\u00fctzen. Sie bestehen aus Nylon und Spandex, so dass sie sich Ihren H\u00e4nden perfekt anpassen und Sie andere Handschuhe dar\u00fcber tragen k\u00f6nnen, wenn Sie nicht fliegen. Sie k\u00f6nnen sogar in Innenr\u00e4umen verwendet werden, zum Beispiel bei der Arbeit am Computer oder bei der Reparatur von Drohnen. Man kann sie fast das ganze Jahr \u00fcber verwenden und nicht nur zum Fliegen. Es verf\u00fcgt \u00fcber rutschfeste Silikonb\u00e4nder, die den Halt Ihres Senders perfekt und vor allem sicher machen. Das Gleiche gilt f\u00fcr andere Gegenst\u00e4nde wie Handys, Werkzeuge, Drohnen&#8230; Und nicht zuletzt <strong>helfen<\/strong> diese Handschuhe dank der leichten Kompression an Ihren H\u00e4nden <strong>, Arthritis zu lindern<\/strong>.  <\/p>\n<ul>\n<li>Gewicht: 24-35g<\/li>\n<li>Gr\u00f6\u00dfen: M, L, XL<\/li>\n<\/ul>\n<p><em><b>**Um die richtige Gr\u00f6\u00dfe auszuw\u00e4hlen, siehe Bild Nummer 3 und folgen Sie den Angaben in der Gr\u00f6\u00dfentabelle.<\/b><\/em><\/p>\n<h3>Das Paket enth\u00e4lt:<\/h3>\n<ul>\n<li>2 x Xhelix Fpv Spandex Handschuhe (schwarz) Gr\u00f6\u00dfe nach Wahl<\/li>\n<\/ul>\n<\/div>\n<\/div>\n<\/section>\n<\/div>\n<div class=\"_2-GPA fggS- cell\">\n<div dir=\"ltr\">\n<div class=\"_6s2bg fggS- cell\">\n<div class=\"WncCi\" data-hook=\"info-section-description\">\n<p>&nbsp;<\/p>\n<\/div>\n<\/div>\n<\/div>\n<\/div>\n","protected":false},"excerpt":{"rendered":"<p>Spandex Xhelix Fpv Spandex Handschuhe Die oberste Priorit\u00e4t unserer Handschuhe ist Komfort, gefolgt von Schutz. Die meisten Handschuhe auf dem Markt sind dick und es ist unm\u00f6glich, mit ihnen zu<\/p>\n","protected":false},"featured_media":128298,"comment_status":"open","ping_status":"closed","template":"","meta":{"_joinchat":[]},"pwb-brand":[],"product_cat":[2933],"product_tag":[],"class_list":{"0":"post-209429","1":"product","2":"type-product","3":"status-publish","4":"has-post-thumbnail","6":"product_cat-style-fpv-de","8":"first","9":"instock","10":"taxable","11":"shipping-taxable","12":"purchasable","13":"product-type-variable"},"barcode":null,"atum_controlled":true,"out_stock_date":null,"out_stock_threshold":null,"inheritable":true,"stock_on_hold":0,"sold_today":0,"sales_last_days":2,"out_stock_days":0,"lost_sales":0,"update_date":"2026-04-16T08:17:46","atum_locations":[],"atum_stock_status":"instock","restock_status":false,"low_stock_amount":"","sales_update_date":"2026-04-16T08:17:46","calc_backorders":null,"yoast_head":"<!-- This site is optimized with the Yoast SEO plugin v27.3 - https:\/\/yoast.com\/product\/yoast-seo-wordpress\/ -->\n<title>Spandex Xhelix Fpv Spandex Handschuhe - Iha Race<\/title>\n<meta name=\"robots\" content=\"index, follow, max-snippet:-1, max-image-preview:large, max-video-preview:-1\" \/>\n<link rel=\"canonical\" href=\"https:\/\/iha-race.com\/de\/producto\/handschuhe-spandex-xhelix-fpv\/\" \/>\n<meta property=\"og:locale\" content=\"de_DE\" \/>\n<meta property=\"og:type\" content=\"article\" \/>\n<meta property=\"og:title\" content=\"Spandex Xhelix Fpv Spandex Handschuhe - Iha Race\" \/>\n<meta property=\"og:description\" content=\"Spandex Xhelix Fpv Spandex Handschuhe Die oberste Priorit\u00e4t unserer Handschuhe ist Komfort, gefolgt von Schutz. Die meisten Handschuhe auf dem Markt sind dick und es ist unm\u00f6glich, mit ihnen zu\" \/>\n<meta property=\"og:url\" content=\"https:\/\/iha-race.com\/de\/producto\/handschuhe-spandex-xhelix-fpv\/\" \/>\n<meta property=\"og:site_name\" content=\"Iha Race\" \/>\n<meta property=\"article:modified_time\" content=\"2024-08-29T10:04:57+00:00\" \/>\n<meta property=\"og:image\" content=\"https:\/\/iha-race.com\/wp-content\/uploads\/2022\/05\/f25137_a8296fa41d834920aca3bc9fd432a118_mv2.webp\" \/>\n\t<meta property=\"og:image:width\" content=\"551\" \/>\n\t<meta property=\"og:image:height\" content=\"551\" \/>\n\t<meta property=\"og:image:type\" content=\"image\/webp\" \/>\n<meta name=\"twitter:card\" content=\"summary_large_image\" \/>\n<meta name=\"twitter:label1\" content=\"Gesch\u00e4tzte Lesezeit\" \/>\n\t<meta name=\"twitter:data1\" content=\"1\u00a0Minute\" \/>\n<script type=\"application\/ld+json\" class=\"yoast-schema-graph\">{\"@context\":\"https:\\\/\\\/schema.org\",\"@graph\":[{\"@type\":\"WebPage\",\"@id\":\"https:\\\/\\\/iha-race.com\\\/de\\\/producto\\\/handschuhe-spandex-xhelix-fpv\\\/\",\"url\":\"https:\\\/\\\/iha-race.com\\\/de\\\/producto\\\/handschuhe-spandex-xhelix-fpv\\\/\",\"name\":\"Spandex Xhelix Fpv Spandex Handschuhe - Iha Race\",\"isPartOf\":{\"@id\":\"https:\\\/\\\/iha-race.com\\\/de\\\/#website\"},\"primaryImageOfPage\":{\"@id\":\"https:\\\/\\\/iha-race.com\\\/de\\\/producto\\\/handschuhe-spandex-xhelix-fpv\\\/#primaryimage\"},\"image\":{\"@id\":\"https:\\\/\\\/iha-race.com\\\/de\\\/producto\\\/handschuhe-spandex-xhelix-fpv\\\/#primaryimage\"},\"thumbnailUrl\":\"https:\\\/\\\/iha-race.com\\\/wp-content\\\/uploads\\\/2022\\\/05\\\/f25137_a8296fa41d834920aca3bc9fd432a118_mv2.webp\",\"datePublished\":\"2022-05-26T10:11:14+00:00\",\"dateModified\":\"2024-08-29T10:04:57+00:00\",\"breadcrumb\":{\"@id\":\"https:\\\/\\\/iha-race.com\\\/de\\\/producto\\\/handschuhe-spandex-xhelix-fpv\\\/#breadcrumb\"},\"inLanguage\":\"de\",\"potentialAction\":[{\"@type\":\"ReadAction\",\"target\":[\"https:\\\/\\\/iha-race.com\\\/de\\\/producto\\\/handschuhe-spandex-xhelix-fpv\\\/\"]}]},{\"@type\":\"ImageObject\",\"inLanguage\":\"de\",\"@id\":\"https:\\\/\\\/iha-race.com\\\/de\\\/producto\\\/handschuhe-spandex-xhelix-fpv\\\/#primaryimage\",\"url\":\"https:\\\/\\\/iha-race.com\\\/wp-content\\\/uploads\\\/2022\\\/05\\\/f25137_a8296fa41d834920aca3bc9fd432a118_mv2.webp\",\"contentUrl\":\"https:\\\/\\\/iha-race.com\\\/wp-content\\\/uploads\\\/2022\\\/05\\\/f25137_a8296fa41d834920aca3bc9fd432a118_mv2.webp\",\"width\":551,\"height\":551},{\"@type\":\"BreadcrumbList\",\"@id\":\"https:\\\/\\\/iha-race.com\\\/de\\\/producto\\\/handschuhe-spandex-xhelix-fpv\\\/#breadcrumb\",\"itemListElement\":[{\"@type\":\"ListItem\",\"position\":1,\"name\":\"Portada\",\"item\":\"https:\\\/\\\/iha-race.com\\\/de\\\/elementor-499\\\/\"},{\"@type\":\"ListItem\",\"position\":2,\"name\":\"Shop\",\"item\":\"https:\\\/\\\/iha-race.com\\\/de\\\/shop\\\/\"},{\"@type\":\"ListItem\",\"position\":3,\"name\":\"Spandex Xhelix Fpv Spandex Handschuhe\"}]},{\"@type\":\"WebSite\",\"@id\":\"https:\\\/\\\/iha-race.com\\\/de\\\/#website\",\"url\":\"https:\\\/\\\/iha-race.com\\\/de\\\/\",\"name\":\"Iha Race\",\"description\":\"Comprar drones de carreras FPV env\u00edos en un d\u00eda desde Espa\u00f1a\",\"publisher\":{\"@id\":\"https:\\\/\\\/iha-race.com\\\/de\\\/#organization\"},\"potentialAction\":[{\"@type\":\"SearchAction\",\"target\":{\"@type\":\"EntryPoint\",\"urlTemplate\":\"https:\\\/\\\/iha-race.com\\\/de\\\/?s={search_term_string}\"},\"query-input\":{\"@type\":\"PropertyValueSpecification\",\"valueRequired\":true,\"valueName\":\"search_term_string\"}}],\"inLanguage\":\"de\"},{\"@type\":\"Organization\",\"@id\":\"https:\\\/\\\/iha-race.com\\\/de\\\/#organization\",\"name\":\"Iha Race\",\"url\":\"https:\\\/\\\/iha-race.com\\\/de\\\/\",\"logo\":{\"@type\":\"ImageObject\",\"inLanguage\":\"de\",\"@id\":\"https:\\\/\\\/iha-race.com\\\/de\\\/#\\\/schema\\\/logo\\\/image\\\/\",\"url\":\"https:\\\/\\\/iha-race.com\\\/wp-content\\\/uploads\\\/2018\\\/07\\\/iha-race-drones-de-carreras-tienda-comprar-drones.png\",\"contentUrl\":\"https:\\\/\\\/iha-race.com\\\/wp-content\\\/uploads\\\/2018\\\/07\\\/iha-race-drones-de-carreras-tienda-comprar-drones.png\",\"width\":300,\"height\":100,\"caption\":\"Iha Race\"},\"image\":{\"@id\":\"https:\\\/\\\/iha-race.com\\\/de\\\/#\\\/schema\\\/logo\\\/image\\\/\"}}]}<\/script>\n<!-- \/ Yoast SEO plugin. -->","yoast_head_json":{"title":"Spandex Xhelix Fpv Spandex Handschuhe - Iha Race","robots":{"index":"index","follow":"follow","max-snippet":"max-snippet:-1","max-image-preview":"max-image-preview:large","max-video-preview":"max-video-preview:-1"},"canonical":"https:\/\/iha-race.com\/de\/producto\/handschuhe-spandex-xhelix-fpv\/","og_locale":"de_DE","og_type":"article","og_title":"Spandex Xhelix Fpv Spandex Handschuhe - Iha Race","og_description":"Spandex Xhelix Fpv Spandex Handschuhe Die oberste Priorit\u00e4t unserer Handschuhe ist Komfort, gefolgt von Schutz. Die meisten Handschuhe auf dem Markt sind dick und es ist unm\u00f6glich, mit ihnen zu","og_url":"https:\/\/iha-race.com\/de\/producto\/handschuhe-spandex-xhelix-fpv\/","og_site_name":"Iha Race","article_modified_time":"2024-08-29T10:04:57+00:00","og_image":[{"width":551,"height":551,"url":"https:\/\/iha-race.com\/wp-content\/uploads\/2022\/05\/f25137_a8296fa41d834920aca3bc9fd432a118_mv2.webp","type":"image\/webp"}],"twitter_card":"summary_large_image","twitter_misc":{"Gesch\u00e4tzte Lesezeit":"1\u00a0Minute"},"schema":{"@context":"https:\/\/schema.org","@graph":[{"@type":"WebPage","@id":"https:\/\/iha-race.com\/de\/producto\/handschuhe-spandex-xhelix-fpv\/","url":"https:\/\/iha-race.com\/de\/producto\/handschuhe-spandex-xhelix-fpv\/","name":"Spandex Xhelix Fpv Spandex Handschuhe - Iha Race","isPartOf":{"@id":"https:\/\/iha-race.com\/de\/#website"},"primaryImageOfPage":{"@id":"https:\/\/iha-race.com\/de\/producto\/handschuhe-spandex-xhelix-fpv\/#primaryimage"},"image":{"@id":"https:\/\/iha-race.com\/de\/producto\/handschuhe-spandex-xhelix-fpv\/#primaryimage"},"thumbnailUrl":"https:\/\/iha-race.com\/wp-content\/uploads\/2022\/05\/f25137_a8296fa41d834920aca3bc9fd432a118_mv2.webp","datePublished":"2022-05-26T10:11:14+00:00","dateModified":"2024-08-29T10:04:57+00:00","breadcrumb":{"@id":"https:\/\/iha-race.com\/de\/producto\/handschuhe-spandex-xhelix-fpv\/#breadcrumb"},"inLanguage":"de","potentialAction":[{"@type":"ReadAction","target":["https:\/\/iha-race.com\/de\/producto\/handschuhe-spandex-xhelix-fpv\/"]}]},{"@type":"ImageObject","inLanguage":"de","@id":"https:\/\/iha-race.com\/de\/producto\/handschuhe-spandex-xhelix-fpv\/#primaryimage","url":"https:\/\/iha-race.com\/wp-content\/uploads\/2022\/05\/f25137_a8296fa41d834920aca3bc9fd432a118_mv2.webp","contentUrl":"https:\/\/iha-race.com\/wp-content\/uploads\/2022\/05\/f25137_a8296fa41d834920aca3bc9fd432a118_mv2.webp","width":551,"height":551},{"@type":"BreadcrumbList","@id":"https:\/\/iha-race.com\/de\/producto\/handschuhe-spandex-xhelix-fpv\/#breadcrumb","itemListElement":[{"@type":"ListItem","position":1,"name":"Portada","item":"https:\/\/iha-race.com\/de\/elementor-499\/"},{"@type":"ListItem","position":2,"name":"Shop","item":"https:\/\/iha-race.com\/de\/shop\/"},{"@type":"ListItem","position":3,"name":"Spandex Xhelix Fpv Spandex Handschuhe"}]},{"@type":"WebSite","@id":"https:\/\/iha-race.com\/de\/#website","url":"https:\/\/iha-race.com\/de\/","name":"Iha Race","description":"Comprar drones de carreras FPV env\u00edos en un d\u00eda desde Espa\u00f1a","publisher":{"@id":"https:\/\/iha-race.com\/de\/#organization"},"potentialAction":[{"@type":"SearchAction","target":{"@type":"EntryPoint","urlTemplate":"https:\/\/iha-race.com\/de\/?s={search_term_string}"},"query-input":{"@type":"PropertyValueSpecification","valueRequired":true,"valueName":"search_term_string"}}],"inLanguage":"de"},{"@type":"Organization","@id":"https:\/\/iha-race.com\/de\/#organization","name":"Iha Race","url":"https:\/\/iha-race.com\/de\/","logo":{"@type":"ImageObject","inLanguage":"de","@id":"https:\/\/iha-race.com\/de\/#\/schema\/logo\/image\/","url":"https:\/\/iha-race.com\/wp-content\/uploads\/2018\/07\/iha-race-drones-de-carreras-tienda-comprar-drones.png","contentUrl":"https:\/\/iha-race.com\/wp-content\/uploads\/2018\/07\/iha-race-drones-de-carreras-tienda-comprar-drones.png","width":300,"height":100,"caption":"Iha Race"},"image":{"@id":"https:\/\/iha-race.com\/de\/#\/schema\/logo\/image\/"}}]}},"jetpack_sharing_enabled":true,"brands":[],"_links":{"self":[{"href":"https:\/\/iha-race.com\/de\/wp-json\/wp\/v2\/product\/209429","targetHints":{"allow":["GET"]}}],"collection":[{"href":"https:\/\/iha-race.com\/de\/wp-json\/wp\/v2\/product"}],"about":[{"href":"https:\/\/iha-race.com\/de\/wp-json\/wp\/v2\/types\/product"}],"replies":[{"embeddable":true,"href":"https:\/\/iha-race.com\/de\/wp-json\/wp\/v2\/comments?post=209429"}],"version-history":[{"count":2,"href":"https:\/\/iha-race.com\/de\/wp-json\/wp\/v2\/product\/209429\/revisions"}],"predecessor-version":[{"id":249130,"href":"https:\/\/iha-race.com\/de\/wp-json\/wp\/v2\/product\/209429\/revisions\/249130"}],"wp:featuredmedia":[{"embeddable":true,"href":"https:\/\/iha-race.com\/de\/wp-json\/wp\/v2\/media\/128298"}],"wp:attachment":[{"href":"https:\/\/iha-race.com\/de\/wp-json\/wp\/v2\/media?parent=209429"}],"wp:term":[{"taxonomy":"pwb-brand","embeddable":true,"href":"https:\/\/iha-race.com\/de\/wp-json\/wp\/v2\/pwb-brand?post=209429"},{"taxonomy":"product_cat","embeddable":true,"href":"https:\/\/iha-race.com\/de\/wp-json\/wp\/v2\/product_cat?post=209429"},{"taxonomy":"product_tag","embeddable":true,"href":"https:\/\/iha-race.com\/de\/wp-json\/wp\/v2\/product_tag?post=209429"}],"curies":[{"name":"wp","href":"https:\/\/api.w.org\/{rel}","templated":true}]}}