{"id":209397,"date":"2022-03-25T17:13:47","date_gmt":"2022-03-25T16:13:47","guid":{"rendered":"https:\/\/iha-race.com\/producto\/tattu-r-line-22-2v-4500mah-6s-95c-fpv-lipo-akku-mit-as150-xt90-fassung\/"},"modified":"2024-07-10T10:58:11","modified_gmt":"2024-07-10T08:58:11","slug":"tattu-r-line-22-2v-4500mah-6s-95c-fpv-lipo-bateria-con-enchufe-as150-xt90","status":"publish","type":"product","link":"https:\/\/iha-race.com\/de\/producto\/tattu-r-line-22-2v-4500mah-6s-95c-fpv-lipo-bateria-con-enchufe-as150-xt90\/","title":{"rendered":"Tattu R-Line 22.2V 4500mah 6S 95C FPV Lipo Akku mit AS150\/XT90 Fassung"},"content":{"rendered":"<h2>Tattu R-Line 22.2V 4500 mAh 6S 95C FPV Lipo Akku mit AS150\/XT90 Fassung<\/h2>\n<p><em>*Die<strong>Batterie wird ab Werk mit einem AS150-Stecker geliefert, aber wir k\u00f6nnen ihn gegen einen XT90-Stecker austauschen, bitte teilen Sie uns dies in den Bestellungsbemerkungen<\/strong> mit.<\/em><\/p>\n<p>Der Tattu R-Line 4500mAh 95C 6S1P Lipo Akkupack ist der beste FPV Lipo Akku mit hoher Qualit\u00e4t und zuverl\u00e4ssiger Leistung. Die <strong>hohe C-Rate<\/strong> unterst\u00fctzt den schnellen Flug, die exzellente Akkutechnologie macht den Akku sehr langlebig und verl\u00e4ngert die Akku-Reichweite, eignet sich f\u00fcr FPV mit einer Last von 1,5-5 kg und ist eine ausgezeichnete Wahl f\u00fcr das <strong>Kino<\/strong>.<\/p>\n<p>Speziell entwickelt f\u00fcr Ihren X8 FPV Cinelifter, z.B. Siccario X8\/Turtle X8\/Taurus X8\/Crocodile 7 PRO und Chimera7 6S long range, CMW Moneyshot und Moneyshot Mini.<\/p>\n<h3><strong>Was ist R-Line?  <\/strong><\/h3>\n<p>R-Line ist eine neue Produktlinie, die speziell f\u00fcr professionelle FPV-Rennwettbewerbe entwickelt wurde. Dies ist die kommerzielle Version der Toppilot-Batterien. Sie ist auch eine Tochtergesellschaft der Marke Tattu. Sie hat eine h\u00f6here Kapazit\u00e4t, einen geringeren Innenwiderstand und niedrigere Landetemperaturen. Sie sind leistungsst\u00e4rker als jede Graphen-Batterie. Im Allgemeinen haben R-Line-Batterien die gleichen Spezifikationen wie unsere beliebten Toppilot-Batterien. Es gibt verschiedene Versionen der R-Line f\u00fcr die Bed\u00fcrfnisse der verschiedenen FPV-Rennwettbewerbe.<\/p>\n<h3><strong>Eigenschaften<\/strong><\/h3>\n<ul>\n<li>  Zuverl\u00e4ssiger, hochwertiger Strom.<\/li>\n<li>Stabile Auto-Stacking-Technologie erm\u00f6glicht Einzelzellenkapazit\u00e4ten von 4500 mAh.<\/li>\n<li>Gr\u00f6\u00dferes Fassungsverm\u00f6gen als vergleichbar gro\u00dfe Pakete.<\/li>\n<li>H\u00f6here C-Rate.<\/li>\n<li>Kein Memory-Effekt.<\/li>\n<li>Kundendienst vor Ort.<\/li>\n<\/ul>\n<h3><strong>Spezifikationen<\/strong><\/h3>\n<ul>\n<li>Mindestkapazit\u00e4t: 4500mAh<\/li>\n<li>Konfiguration: 6S1P \/ 22.2V \/ 6 Zellen<\/li>\n<li>Entladungsrate: 95C<\/li>\n<li>Nettogewicht (\u00b110g): 685g<\/li>\n<li>Abmessungen: 150*49*44mm<\/li>\n<li>Ladebuchse: JST-XHR<\/li>\n<li>Entladungsbuchse: AS150\/XT90<\/li>\n<\/ul>\n","protected":false},"excerpt":{"rendered":"<p>Tattu R-Line 22.2V 4500 mAh 6S 95C FPV Lipo Akku mit AS150\/XT90 Fassung *DieBatterie wird ab Werk mit einem AS150-Stecker geliefert, aber wir k\u00f6nnen ihn gegen einen XT90-Stecker austauschen, bitte<\/p>\n","protected":false},"featured_media":128154,"comment_status":"open","ping_status":"closed","template":"","meta":{"_joinchat":[]},"pwb-brand":[],"product_cat":[17,23],"product_tag":[],"class_list":{"0":"post-209397","1":"product","2":"type-product","3":"status-publish","4":"has-post-thumbnail","6":"product_cat-baterias-para-drones","7":"product_cat-s6","9":"first","10":"outofstock","11":"taxable","12":"shipping-taxable","13":"purchasable","14":"product-type-simple"},"barcode":null,"atum_controlled":true,"out_stock_date":"2026-03-12 15:01:15","out_stock_threshold":null,"inheritable":false,"stock_on_hold":0,"sold_today":0,"sales_last_days":0,"out_stock_days":34,"lost_sales":1258,"update_date":"2026-04-16T07:36:40","atum_locations":[],"atum_stock_status":"outofstock","restock_status":false,"low_stock_amount":"","sales_update_date":"2026-04-16T07:36:40","calc_backorders":null,"yoast_head":"<!-- This site is optimized with the Yoast SEO plugin v27.3 - https:\/\/yoast.com\/product\/yoast-seo-wordpress\/ -->\n<title>Tattu R-Line 22.2V 4500mah 6S 95C FPV Lipo Akku mit AS150\/XT90 Fassung - Iha Race<\/title>\n<meta name=\"robots\" content=\"index, follow, max-snippet:-1, max-image-preview:large, max-video-preview:-1\" \/>\n<link rel=\"canonical\" href=\"https:\/\/iha-race.com\/de\/producto\/tattu-r-line-22-2v-4500mah-6s-95c-fpv-lipo-bateria-con-enchufe-as150-xt90\/\" \/>\n<meta property=\"og:locale\" content=\"de_DE\" \/>\n<meta property=\"og:type\" content=\"article\" \/>\n<meta property=\"og:title\" content=\"Tattu R-Line 22.2V 4500mah 6S 95C FPV Lipo Akku mit AS150\/XT90 Fassung - Iha Race\" \/>\n<meta property=\"og:description\" content=\"Tattu R-Line 22.2V 4500 mAh 6S 95C FPV Lipo Akku mit AS150\/XT90 Fassung *DieBatterie wird ab Werk mit einem AS150-Stecker geliefert, aber wir k\u00f6nnen ihn gegen einen XT90-Stecker austauschen, bitte\" \/>\n<meta property=\"og:url\" content=\"https:\/\/iha-race.com\/de\/producto\/tattu-r-line-22-2v-4500mah-6s-95c-fpv-lipo-bateria-con-enchufe-as150-xt90\/\" \/>\n<meta property=\"og:site_name\" content=\"Iha Race\" \/>\n<meta property=\"article:modified_time\" content=\"2024-07-10T08:58:11+00:00\" \/>\n<meta property=\"og:image\" content=\"https:\/\/iha-race.com\/wp-content\/uploads\/2022\/03\/600x601.png\" \/>\n\t<meta property=\"og:image:width\" content=\"500\" \/>\n\t<meta property=\"og:image:height\" content=\"500\" \/>\n\t<meta property=\"og:image:type\" content=\"image\/png\" \/>\n<meta name=\"twitter:card\" content=\"summary_large_image\" \/>\n<meta name=\"twitter:label1\" content=\"Gesch\u00e4tzte Lesezeit\" \/>\n\t<meta name=\"twitter:data1\" content=\"1\u00a0Minute\" \/>\n<script type=\"application\/ld+json\" class=\"yoast-schema-graph\">{\"@context\":\"https:\\\/\\\/schema.org\",\"@graph\":[{\"@type\":\"WebPage\",\"@id\":\"https:\\\/\\\/iha-race.com\\\/de\\\/producto\\\/tattu-r-line-22-2v-4500mah-6s-95c-fpv-lipo-bateria-con-enchufe-as150-xt90\\\/\",\"url\":\"https:\\\/\\\/iha-race.com\\\/de\\\/producto\\\/tattu-r-line-22-2v-4500mah-6s-95c-fpv-lipo-bateria-con-enchufe-as150-xt90\\\/\",\"name\":\"Tattu R-Line 22.2V 4500mah 6S 95C FPV Lipo Akku mit AS150\\\/XT90 Fassung - Iha Race\",\"isPartOf\":{\"@id\":\"https:\\\/\\\/iha-race.com\\\/de\\\/#website\"},\"primaryImageOfPage\":{\"@id\":\"https:\\\/\\\/iha-race.com\\\/de\\\/producto\\\/tattu-r-line-22-2v-4500mah-6s-95c-fpv-lipo-bateria-con-enchufe-as150-xt90\\\/#primaryimage\"},\"image\":{\"@id\":\"https:\\\/\\\/iha-race.com\\\/de\\\/producto\\\/tattu-r-line-22-2v-4500mah-6s-95c-fpv-lipo-bateria-con-enchufe-as150-xt90\\\/#primaryimage\"},\"thumbnailUrl\":\"https:\\\/\\\/iha-race.com\\\/wp-content\\\/uploads\\\/2022\\\/03\\\/600x601.png\",\"datePublished\":\"2022-03-25T16:13:47+00:00\",\"dateModified\":\"2024-07-10T08:58:11+00:00\",\"breadcrumb\":{\"@id\":\"https:\\\/\\\/iha-race.com\\\/de\\\/producto\\\/tattu-r-line-22-2v-4500mah-6s-95c-fpv-lipo-bateria-con-enchufe-as150-xt90\\\/#breadcrumb\"},\"inLanguage\":\"de\",\"potentialAction\":[{\"@type\":\"ReadAction\",\"target\":[\"https:\\\/\\\/iha-race.com\\\/de\\\/producto\\\/tattu-r-line-22-2v-4500mah-6s-95c-fpv-lipo-bateria-con-enchufe-as150-xt90\\\/\"]}]},{\"@type\":\"ImageObject\",\"inLanguage\":\"de\",\"@id\":\"https:\\\/\\\/iha-race.com\\\/de\\\/producto\\\/tattu-r-line-22-2v-4500mah-6s-95c-fpv-lipo-bateria-con-enchufe-as150-xt90\\\/#primaryimage\",\"url\":\"https:\\\/\\\/iha-race.com\\\/wp-content\\\/uploads\\\/2022\\\/03\\\/600x601.png\",\"contentUrl\":\"https:\\\/\\\/iha-race.com\\\/wp-content\\\/uploads\\\/2022\\\/03\\\/600x601.png\",\"width\":500,\"height\":500},{\"@type\":\"BreadcrumbList\",\"@id\":\"https:\\\/\\\/iha-race.com\\\/de\\\/producto\\\/tattu-r-line-22-2v-4500mah-6s-95c-fpv-lipo-bateria-con-enchufe-as150-xt90\\\/#breadcrumb\",\"itemListElement\":[{\"@type\":\"ListItem\",\"position\":1,\"name\":\"Portada\",\"item\":\"https:\\\/\\\/iha-race.com\\\/de\\\/elementor-499\\\/\"},{\"@type\":\"ListItem\",\"position\":2,\"name\":\"Shop\",\"item\":\"https:\\\/\\\/iha-race.com\\\/de\\\/shop\\\/\"},{\"@type\":\"ListItem\",\"position\":3,\"name\":\"Tattu R-Line 22.2V 4500mah 6S 95C FPV Lipo Akku mit AS150\\\/XT90 Fassung\"}]},{\"@type\":\"WebSite\",\"@id\":\"https:\\\/\\\/iha-race.com\\\/de\\\/#website\",\"url\":\"https:\\\/\\\/iha-race.com\\\/de\\\/\",\"name\":\"Iha Race\",\"description\":\"Comprar drones de carreras FPV env\u00edos en un d\u00eda desde Espa\u00f1a\",\"publisher\":{\"@id\":\"https:\\\/\\\/iha-race.com\\\/de\\\/#organization\"},\"potentialAction\":[{\"@type\":\"SearchAction\",\"target\":{\"@type\":\"EntryPoint\",\"urlTemplate\":\"https:\\\/\\\/iha-race.com\\\/de\\\/?s={search_term_string}\"},\"query-input\":{\"@type\":\"PropertyValueSpecification\",\"valueRequired\":true,\"valueName\":\"search_term_string\"}}],\"inLanguage\":\"de\"},{\"@type\":\"Organization\",\"@id\":\"https:\\\/\\\/iha-race.com\\\/de\\\/#organization\",\"name\":\"Iha Race\",\"url\":\"https:\\\/\\\/iha-race.com\\\/de\\\/\",\"logo\":{\"@type\":\"ImageObject\",\"inLanguage\":\"de\",\"@id\":\"https:\\\/\\\/iha-race.com\\\/de\\\/#\\\/schema\\\/logo\\\/image\\\/\",\"url\":\"https:\\\/\\\/iha-race.com\\\/wp-content\\\/uploads\\\/2018\\\/07\\\/iha-race-drones-de-carreras-tienda-comprar-drones.png\",\"contentUrl\":\"https:\\\/\\\/iha-race.com\\\/wp-content\\\/uploads\\\/2018\\\/07\\\/iha-race-drones-de-carreras-tienda-comprar-drones.png\",\"width\":300,\"height\":100,\"caption\":\"Iha Race\"},\"image\":{\"@id\":\"https:\\\/\\\/iha-race.com\\\/de\\\/#\\\/schema\\\/logo\\\/image\\\/\"}}]}<\/script>\n<!-- \/ Yoast SEO plugin. -->","yoast_head_json":{"title":"Tattu R-Line 22.2V 4500mah 6S 95C FPV Lipo Akku mit AS150\/XT90 Fassung - Iha Race","robots":{"index":"index","follow":"follow","max-snippet":"max-snippet:-1","max-image-preview":"max-image-preview:large","max-video-preview":"max-video-preview:-1"},"canonical":"https:\/\/iha-race.com\/de\/producto\/tattu-r-line-22-2v-4500mah-6s-95c-fpv-lipo-bateria-con-enchufe-as150-xt90\/","og_locale":"de_DE","og_type":"article","og_title":"Tattu R-Line 22.2V 4500mah 6S 95C FPV Lipo Akku mit AS150\/XT90 Fassung - Iha Race","og_description":"Tattu R-Line 22.2V 4500 mAh 6S 95C FPV Lipo Akku mit AS150\/XT90 Fassung *DieBatterie wird ab Werk mit einem AS150-Stecker geliefert, aber wir k\u00f6nnen ihn gegen einen XT90-Stecker austauschen, bitte","og_url":"https:\/\/iha-race.com\/de\/producto\/tattu-r-line-22-2v-4500mah-6s-95c-fpv-lipo-bateria-con-enchufe-as150-xt90\/","og_site_name":"Iha Race","article_modified_time":"2024-07-10T08:58:11+00:00","og_image":[{"width":500,"height":500,"url":"https:\/\/iha-race.com\/wp-content\/uploads\/2022\/03\/600x601.png","type":"image\/png"}],"twitter_card":"summary_large_image","twitter_misc":{"Gesch\u00e4tzte Lesezeit":"1\u00a0Minute"},"schema":{"@context":"https:\/\/schema.org","@graph":[{"@type":"WebPage","@id":"https:\/\/iha-race.com\/de\/producto\/tattu-r-line-22-2v-4500mah-6s-95c-fpv-lipo-bateria-con-enchufe-as150-xt90\/","url":"https:\/\/iha-race.com\/de\/producto\/tattu-r-line-22-2v-4500mah-6s-95c-fpv-lipo-bateria-con-enchufe-as150-xt90\/","name":"Tattu R-Line 22.2V 4500mah 6S 95C FPV Lipo Akku mit AS150\/XT90 Fassung - Iha Race","isPartOf":{"@id":"https:\/\/iha-race.com\/de\/#website"},"primaryImageOfPage":{"@id":"https:\/\/iha-race.com\/de\/producto\/tattu-r-line-22-2v-4500mah-6s-95c-fpv-lipo-bateria-con-enchufe-as150-xt90\/#primaryimage"},"image":{"@id":"https:\/\/iha-race.com\/de\/producto\/tattu-r-line-22-2v-4500mah-6s-95c-fpv-lipo-bateria-con-enchufe-as150-xt90\/#primaryimage"},"thumbnailUrl":"https:\/\/iha-race.com\/wp-content\/uploads\/2022\/03\/600x601.png","datePublished":"2022-03-25T16:13:47+00:00","dateModified":"2024-07-10T08:58:11+00:00","breadcrumb":{"@id":"https:\/\/iha-race.com\/de\/producto\/tattu-r-line-22-2v-4500mah-6s-95c-fpv-lipo-bateria-con-enchufe-as150-xt90\/#breadcrumb"},"inLanguage":"de","potentialAction":[{"@type":"ReadAction","target":["https:\/\/iha-race.com\/de\/producto\/tattu-r-line-22-2v-4500mah-6s-95c-fpv-lipo-bateria-con-enchufe-as150-xt90\/"]}]},{"@type":"ImageObject","inLanguage":"de","@id":"https:\/\/iha-race.com\/de\/producto\/tattu-r-line-22-2v-4500mah-6s-95c-fpv-lipo-bateria-con-enchufe-as150-xt90\/#primaryimage","url":"https:\/\/iha-race.com\/wp-content\/uploads\/2022\/03\/600x601.png","contentUrl":"https:\/\/iha-race.com\/wp-content\/uploads\/2022\/03\/600x601.png","width":500,"height":500},{"@type":"BreadcrumbList","@id":"https:\/\/iha-race.com\/de\/producto\/tattu-r-line-22-2v-4500mah-6s-95c-fpv-lipo-bateria-con-enchufe-as150-xt90\/#breadcrumb","itemListElement":[{"@type":"ListItem","position":1,"name":"Portada","item":"https:\/\/iha-race.com\/de\/elementor-499\/"},{"@type":"ListItem","position":2,"name":"Shop","item":"https:\/\/iha-race.com\/de\/shop\/"},{"@type":"ListItem","position":3,"name":"Tattu R-Line 22.2V 4500mah 6S 95C FPV Lipo Akku mit AS150\/XT90 Fassung"}]},{"@type":"WebSite","@id":"https:\/\/iha-race.com\/de\/#website","url":"https:\/\/iha-race.com\/de\/","name":"Iha Race","description":"Comprar drones de carreras FPV env\u00edos en un d\u00eda desde Espa\u00f1a","publisher":{"@id":"https:\/\/iha-race.com\/de\/#organization"},"potentialAction":[{"@type":"SearchAction","target":{"@type":"EntryPoint","urlTemplate":"https:\/\/iha-race.com\/de\/?s={search_term_string}"},"query-input":{"@type":"PropertyValueSpecification","valueRequired":true,"valueName":"search_term_string"}}],"inLanguage":"de"},{"@type":"Organization","@id":"https:\/\/iha-race.com\/de\/#organization","name":"Iha Race","url":"https:\/\/iha-race.com\/de\/","logo":{"@type":"ImageObject","inLanguage":"de","@id":"https:\/\/iha-race.com\/de\/#\/schema\/logo\/image\/","url":"https:\/\/iha-race.com\/wp-content\/uploads\/2018\/07\/iha-race-drones-de-carreras-tienda-comprar-drones.png","contentUrl":"https:\/\/iha-race.com\/wp-content\/uploads\/2018\/07\/iha-race-drones-de-carreras-tienda-comprar-drones.png","width":300,"height":100,"caption":"Iha Race"},"image":{"@id":"https:\/\/iha-race.com\/de\/#\/schema\/logo\/image\/"}}]}},"brands":[],"_links":{"self":[{"href":"https:\/\/iha-race.com\/de\/wp-json\/wp\/v2\/product\/209397","targetHints":{"allow":["GET"]}}],"collection":[{"href":"https:\/\/iha-race.com\/de\/wp-json\/wp\/v2\/product"}],"about":[{"href":"https:\/\/iha-race.com\/de\/wp-json\/wp\/v2\/types\/product"}],"replies":[{"embeddable":true,"href":"https:\/\/iha-race.com\/de\/wp-json\/wp\/v2\/comments?post=209397"}],"version-history":[{"count":1,"href":"https:\/\/iha-race.com\/de\/wp-json\/wp\/v2\/product\/209397\/revisions"}],"predecessor-version":[{"id":214870,"href":"https:\/\/iha-race.com\/de\/wp-json\/wp\/v2\/product\/209397\/revisions\/214870"}],"wp:featuredmedia":[{"embeddable":true,"href":"https:\/\/iha-race.com\/de\/wp-json\/wp\/v2\/media\/128154"}],"wp:attachment":[{"href":"https:\/\/iha-race.com\/de\/wp-json\/wp\/v2\/media?parent=209397"}],"wp:term":[{"taxonomy":"pwb-brand","embeddable":true,"href":"https:\/\/iha-race.com\/de\/wp-json\/wp\/v2\/pwb-brand?post=209397"},{"taxonomy":"product_cat","embeddable":true,"href":"https:\/\/iha-race.com\/de\/wp-json\/wp\/v2\/product_cat?post=209397"},{"taxonomy":"product_tag","embeddable":true,"href":"https:\/\/iha-race.com\/de\/wp-json\/wp\/v2\/product_tag?post=209397"}],"curies":[{"name":"wp","href":"https:\/\/api.w.org\/{rel}","templated":true}]}}