{"id":209384,"date":"2022-05-23T16:06:53","date_gmt":"2022-05-23T14:06:53","guid":{"rendered":"https:\/\/iha-race.com\/producto\/betafpv-0802se-19500kv-betafpv-motoren\/"},"modified":"2024-08-29T17:43:22","modified_gmt":"2024-08-29T15:43:22","slug":"motores-betafpv-0802se-19500kv","status":"publish","type":"product","link":"https:\/\/iha-race.com\/de\/producto\/motores-betafpv-0802se-19500kv\/","title":{"rendered":"BetaFPV 0802SE 19500\/23000Kv BetaFPV-Motoren"},"content":{"rendered":"<h2>BetaFPV 0802SE 19500\/23000Kv BetaFPV-Motoren<\/h2>\n<p>  Die 0802SE b\u00fcrstenlosen Motoren sind mit nur 1,8 g\/St\u00fcck f\u00fcr 1S-Whoop-Drohnen sehr leicht. Es sorgt f\u00fcr eine hervorragende Leistung und Schubkraft und schafft ein perfektes dynamisches Gleichgewicht, das Flexibilit\u00e4t und eine l\u00e4ngere Flugzeit f\u00fcr Drohnen bietet.  <img decoding=\"async\" src=\"https:\/\/cdn.shopifycdn.net\/s\/files\/1\/1778\/6615\/files\/1_09ec9aa6-8dcd-4ef2-913b-d7e02ce30740_1024x1024.jpg?v=1672904527\" alt=\"\"><\/p>\n<h2 class=\"p1\">Karikatur<\/h2>\n<ul>\n<li>Die b\u00fcrstenlosen Motoren 0802SE 19500KV\/23000KV (Version 2022) pr\u00e4sentieren sich in einem v\u00f6llig neuen Look. Alle Motoren sind silbern in der Luft und sehen sehr gl\u00e4nzend aus.<\/li>\n<li>Der 0802SE-Motor sorgt f\u00fcr ein perfektes dynamisches Gleichgewicht und verleiht der Drohne mehr Flexibilit\u00e4t und eine l\u00e4ngere Flugzeit. Mit seinem geringen Gewicht von 1,8 g\/St\u00fcck ist er ideal f\u00fcr die gewichtsempfindliche 65 mm Brushless-Drohne.<\/li>\n<li>Die Optionen 19500KV und 23000KV entsprechen weitgehend den Bed\u00fcrfnissen der Piloten f\u00fcr unterschiedliche Flugzwecke. Die 23000KV-Motoren, die mehr Leistung am Gashebel mit einem h\u00f6heren KV-Wert liefern, eignen sich f\u00fcr FPV-Rennen in Innenr\u00e4umen und machen aggressives Fliegen m\u00f6glich.<\/li>\n<li>Der Zuleitungsdraht ist mit der Platine verl\u00f6tet, so dass Sie ihn nach dem Trennen der Verbindung leichter reparieren k\u00f6nnen.<\/li>\n<\/ul>\n<div style=\"text-align: start;\"><img decoding=\"async\" style=\"float: none;\" src=\"https:\/\/cdn.shopify.com\/s\/files\/1\/1778\/6615\/files\/0802_wire_600x600.jpg?v=1572257258\" alt=\"\"><\/div>\n<h2><\/h2>\n<h2 class=\"p1\">Spezifikation<\/h2>\n<ul>\n<li>Artikel: B\u00fcrstenloser Motor 0802SE 19500KV<\/li>\n<li>Gewicht: 1,83 g\/Einheit (19500 KV) \/ 1,80 g\/Einheit (23000 KV)<\/li>\n<li>KV: 19500KV\/23000KV<\/li>\n<li>Farbe: Schwarz\/Eisblau<\/li>\n<li>L\u00e4nge des Schafts: 5 mm<\/li>\n<li>Durchmesser der Welle: 1 mm<\/li>\n<li>Abstand der L\u00f6cher: 6,6 mm<\/li>\n<li>Motorbefestigungsl\u00f6cher: M1.4<\/li>\n<li>Eingangsspannung: 1S<\/li>\n<li>Kabel: 35 mm lang, Dr\u00e4hte 30AWG<\/li>\n<li>Abmessungen: 10,5*10,5*10,5*13,6mm, 10,5*10,5*10,5*13,8mm (Version 2022)<\/li>\n<li>Lager: Messingbuchsen<\/li>\n<\/ul>\n<p><img decoding=\"async\" src=\"https:\/\/cdn.shopifycdn.net\/s\/files\/1\/1778\/6615\/files\/f7d7c897f798fc44c391847188c3ac79_99d7623a-7cea-46cf-a565-473a28ca6af5_600x600.jpg?v=1666257868\" alt=\"\"><\/p>\n<h2 class=\"p1\">19500KV oder 23000KV Motoren<\/h2>\n<p>  W\u00e4hlen Sie aus 0802SE 19500KV oder 23000KV Motoren. Die 0802SE 19500KV Motoren haben eine bessere Leistung in Bezug auf Effizienz und Flugausdauer. Durch die h\u00f6here Drehzahl ben\u00f6tigt der 0802SE 23000KV weniger Gas f\u00fcr einen st\u00e4rkeren Schub und eine schnellere Reaktionszeit, was die Geschwindigkeit der schreienden Drohne verbessert und f\u00fcr aggressive FPV-Rennen in Innenr\u00e4umen geeignet ist. F\u00fcr Piloten, die 65\/75 mm schreiende Drohnen mit 19 500 KV Motoren fliegen, ist es eine gute Option, die Motoren auf 23 000 KV aufzur\u00fcsten.  <\/p>\n<div class=\"table-wrapper\">\n<table width=\"100%\">\n<tbody>\n<tr>\n<td style=\"width: 20%;\">Motor 0802SE<\/td>\n<td style=\"width: 40%;\">B\u00fcrstenlose Motoren 19500KV<\/td>\n<td style=\"width: 40%;\">B\u00fcrstenlose Motoren 23000KV<\/td>\n<\/tr>\n<tr>\n<td style=\"width: 20%;\">Gewicht<\/td>\n<td style=\"width: 40%;\">1,83 g\/St\u00fcck<\/td>\n<td style=\"width: 40%;\">1,80 g\/St\u00fcck<\/td>\n<\/tr>\n<tr>\n<td style=\"width: 20%;\">Ausdauer<\/td>\n<td style=\"width: 40%;\">4,5 Minuten (Meteor65 Pro)<\/td>\n<td style=\"width: 40%;\">4 Minuten (Meteor65 Pro)<\/td>\n<\/tr>\n<tr>\n<td style=\"width: 20%;\">Anfrage<\/td>\n<td style=\"width: 40%;\">Kreuzfahrt, Rennen<\/td>\n<td style=\"width: 40%;\">Mehr Leistung f\u00fcr Rennen.<\/td>\n<\/tr>\n<tr>\n<td style=\"width: 20%;\">FC<\/td>\n<td style=\"width: 40%;\">BETAFPV F4 1S 5A FC B\u00fcrstenloser FC<\/td>\n<td style=\"width: 40%;\">BETAFPV F4 1S 5A FC B\u00fcrstenloser FC<\/td>\n<\/tr>\n<\/tbody>\n<\/table>\n<\/div>\n<p><img decoding=\"async\" src=\"https:\/\/cdn.shopifycdn.net\/s\/files\/1\/1778\/6615\/files\/2_4fac35fd-664d-4027-a576-8852d545245f_1024x1024.jpg?v=1672904551\" alt=\"\"><\/p>\n<h2 class=\"p1\">Empfohlene Teile<\/h2>\n<ul>\n<li>Propeller: 3 Bl\u00e4tter 31 mm, 31 mm 4 Bl\u00e4tter, 35 mm 3 Bl\u00e4tter, 40 mm 2 Bl\u00e4tter<\/li>\n<li>Rahmen:Marco Meteor65, Marco Meteor65 Pro, Marco Meteor75<\/li>\n<li>FC: BETAFPV F4 1S 5A FC Brushless FC<\/li>\n<li>Schrauben: Meteor Serie Motorbefestigungsschrauben (40PCS)<\/li>\n<li>Akku: 1S-Akku<\/li>\n<\/ul>\n<p><img decoding=\"async\" src=\"https:\/\/cdn.shopifycdn.net\/s\/files\/1\/1778\/6615\/files\/e49fc046e9f2147a82b805f55dbfe02b_18b9e8b2-c209-49e7-b909-497e9e58733e_1200x1200.jpg?v=1672988455\" alt=\"\"><\/p>\n<h2 class=\"p1\">Paket<\/h2>\n<ul>\n<li>4 b\u00fcrstenlose Motoren BETAFPV 0802SE (19500KV oder 23000KV)<\/li>\n<li>1 * Paket Schrauben M1.4 * 3<\/li>\n<\/ul>\n<p><img decoding=\"async\" src=\"https:\/\/cdn.shopifycdn.net\/s\/files\/1\/1778\/6615\/files\/3f89305fb1dabad87b9b93324e3c25cd_2938114c-53db-469a-920b-6556e06e5cae_600x600.jpg?v=1666257951\" alt=\"\"><\/p>\n","protected":false},"excerpt":{"rendered":"<p>BetaFPV 0802SE 19500\/23000Kv BetaFPV-Motoren Die 0802SE b\u00fcrstenlosen Motoren sind mit nur 1,8 g\/St\u00fcck f\u00fcr 1S-Whoop-Drohnen sehr leicht. Es sorgt f\u00fcr eine hervorragende Leistung und Schubkraft und schafft ein perfektes dynamisches<\/p>\n","protected":false},"featured_media":231042,"comment_status":"open","ping_status":"closed","template":"","meta":{"_joinchat":[]},"pwb-brand":[],"product_cat":[2787,2617],"product_tag":[],"class_list":{"0":"post-209384","1":"product","2":"type-product","3":"status-publish","4":"has-post-thumbnail","6":"product_cat-burstenlos-wellenlos","7":"product_cat-fpv-motoren","9":"first","10":"instock","11":"taxable","12":"shipping-taxable","13":"purchasable","14":"product-type-variable"},"barcode":null,"atum_controlled":true,"out_stock_date":"2023-05-11 21:14:09","out_stock_threshold":null,"inheritable":true,"stock_on_hold":0,"sold_today":1,"sales_last_days":1,"out_stock_days":669,"lost_sales":0,"update_date":"2026-04-18T23:34:58","atum_locations":[],"atum_stock_status":"instock","restock_status":false,"low_stock_amount":"","sales_update_date":"2026-04-18T23:34:58","calc_backorders":null,"yoast_head":"<!-- This site is optimized with the Yoast SEO plugin v27.3 - https:\/\/yoast.com\/product\/yoast-seo-wordpress\/ -->\n<title>BetaFPV 0802SE 19500\/23000Kv BetaFPV-Motoren - Iha Race<\/title>\n<meta name=\"robots\" content=\"index, follow, max-snippet:-1, max-image-preview:large, max-video-preview:-1\" \/>\n<link rel=\"canonical\" href=\"https:\/\/iha-race.com\/de\/producto\/motores-betafpv-0802se-19500kv\/\" \/>\n<meta property=\"og:locale\" content=\"de_DE\" \/>\n<meta property=\"og:type\" content=\"article\" \/>\n<meta property=\"og:title\" content=\"BetaFPV 0802SE 19500\/23000Kv BetaFPV-Motoren - Iha Race\" \/>\n<meta property=\"og:description\" content=\"BetaFPV 0802SE 19500\/23000Kv BetaFPV-Motoren Die 0802SE b\u00fcrstenlosen Motoren sind mit nur 1,8 g\/St\u00fcck f\u00fcr 1S-Whoop-Drohnen sehr leicht. Es sorgt f\u00fcr eine hervorragende Leistung und Schubkraft und schafft ein perfektes dynamisches\" \/>\n<meta property=\"og:url\" content=\"https:\/\/iha-race.com\/de\/producto\/motores-betafpv-0802se-19500kv\/\" \/>\n<meta property=\"og:site_name\" content=\"Iha Race\" \/>\n<meta property=\"article:modified_time\" content=\"2024-08-29T15:43:22+00:00\" \/>\n<meta property=\"og:image\" content=\"https:\/\/iha-race.com\/wp-content\/uploads\/2022\/05\/Motores-BetaFPV-0802SE-19500723000Kv.jpeg\" \/>\n\t<meta property=\"og:image:width\" content=\"1600\" \/>\n\t<meta property=\"og:image:height\" content=\"1600\" \/>\n\t<meta property=\"og:image:type\" content=\"image\/jpeg\" \/>\n<meta name=\"twitter:card\" content=\"summary_large_image\" \/>\n<meta name=\"twitter:label1\" content=\"Gesch\u00e4tzte Lesezeit\" \/>\n\t<meta name=\"twitter:data1\" content=\"2\u00a0Minuten\" \/>\n<script type=\"application\/ld+json\" class=\"yoast-schema-graph\">{\"@context\":\"https:\\\/\\\/schema.org\",\"@graph\":[{\"@type\":\"WebPage\",\"@id\":\"https:\\\/\\\/iha-race.com\\\/de\\\/producto\\\/motores-betafpv-0802se-19500kv\\\/\",\"url\":\"https:\\\/\\\/iha-race.com\\\/de\\\/producto\\\/motores-betafpv-0802se-19500kv\\\/\",\"name\":\"BetaFPV 0802SE 19500\\\/23000Kv BetaFPV-Motoren - Iha Race\",\"isPartOf\":{\"@id\":\"https:\\\/\\\/iha-race.com\\\/de\\\/#website\"},\"primaryImageOfPage\":{\"@id\":\"https:\\\/\\\/iha-race.com\\\/de\\\/producto\\\/motores-betafpv-0802se-19500kv\\\/#primaryimage\"},\"image\":{\"@id\":\"https:\\\/\\\/iha-race.com\\\/de\\\/producto\\\/motores-betafpv-0802se-19500kv\\\/#primaryimage\"},\"thumbnailUrl\":\"https:\\\/\\\/iha-race.com\\\/wp-content\\\/uploads\\\/2022\\\/05\\\/Motores-BetaFPV-0802SE-19500723000Kv.jpeg\",\"datePublished\":\"2022-05-23T14:06:53+00:00\",\"dateModified\":\"2024-08-29T15:43:22+00:00\",\"breadcrumb\":{\"@id\":\"https:\\\/\\\/iha-race.com\\\/de\\\/producto\\\/motores-betafpv-0802se-19500kv\\\/#breadcrumb\"},\"inLanguage\":\"de\",\"potentialAction\":[{\"@type\":\"ReadAction\",\"target\":[\"https:\\\/\\\/iha-race.com\\\/de\\\/producto\\\/motores-betafpv-0802se-19500kv\\\/\"]}]},{\"@type\":\"ImageObject\",\"inLanguage\":\"de\",\"@id\":\"https:\\\/\\\/iha-race.com\\\/de\\\/producto\\\/motores-betafpv-0802se-19500kv\\\/#primaryimage\",\"url\":\"https:\\\/\\\/iha-race.com\\\/wp-content\\\/uploads\\\/2022\\\/05\\\/Motores-BetaFPV-0802SE-19500723000Kv.jpeg\",\"contentUrl\":\"https:\\\/\\\/iha-race.com\\\/wp-content\\\/uploads\\\/2022\\\/05\\\/Motores-BetaFPV-0802SE-19500723000Kv.jpeg\",\"width\":1600,\"height\":1600,\"caption\":\"\"},{\"@type\":\"BreadcrumbList\",\"@id\":\"https:\\\/\\\/iha-race.com\\\/de\\\/producto\\\/motores-betafpv-0802se-19500kv\\\/#breadcrumb\",\"itemListElement\":[{\"@type\":\"ListItem\",\"position\":1,\"name\":\"Portada\",\"item\":\"https:\\\/\\\/iha-race.com\\\/de\\\/elementor-499\\\/\"},{\"@type\":\"ListItem\",\"position\":2,\"name\":\"Shop\",\"item\":\"https:\\\/\\\/iha-race.com\\\/de\\\/shop\\\/\"},{\"@type\":\"ListItem\",\"position\":3,\"name\":\"BetaFPV 0802SE 19500\\\/23000Kv BetaFPV-Motoren\"}]},{\"@type\":\"WebSite\",\"@id\":\"https:\\\/\\\/iha-race.com\\\/de\\\/#website\",\"url\":\"https:\\\/\\\/iha-race.com\\\/de\\\/\",\"name\":\"Iha Race\",\"description\":\"Comprar drones de carreras FPV env\u00edos en un d\u00eda desde Espa\u00f1a\",\"publisher\":{\"@id\":\"https:\\\/\\\/iha-race.com\\\/de\\\/#organization\"},\"potentialAction\":[{\"@type\":\"SearchAction\",\"target\":{\"@type\":\"EntryPoint\",\"urlTemplate\":\"https:\\\/\\\/iha-race.com\\\/de\\\/?s={search_term_string}\"},\"query-input\":{\"@type\":\"PropertyValueSpecification\",\"valueRequired\":true,\"valueName\":\"search_term_string\"}}],\"inLanguage\":\"de\"},{\"@type\":\"Organization\",\"@id\":\"https:\\\/\\\/iha-race.com\\\/de\\\/#organization\",\"name\":\"Iha Race\",\"url\":\"https:\\\/\\\/iha-race.com\\\/de\\\/\",\"logo\":{\"@type\":\"ImageObject\",\"inLanguage\":\"de\",\"@id\":\"https:\\\/\\\/iha-race.com\\\/de\\\/#\\\/schema\\\/logo\\\/image\\\/\",\"url\":\"https:\\\/\\\/iha-race.com\\\/wp-content\\\/uploads\\\/2018\\\/07\\\/iha-race-drones-de-carreras-tienda-comprar-drones.png\",\"contentUrl\":\"https:\\\/\\\/iha-race.com\\\/wp-content\\\/uploads\\\/2018\\\/07\\\/iha-race-drones-de-carreras-tienda-comprar-drones.png\",\"width\":300,\"height\":100,\"caption\":\"Iha Race\"},\"image\":{\"@id\":\"https:\\\/\\\/iha-race.com\\\/de\\\/#\\\/schema\\\/logo\\\/image\\\/\"}}]}<\/script>\n<!-- \/ Yoast SEO plugin. -->","yoast_head_json":{"title":"BetaFPV 0802SE 19500\/23000Kv BetaFPV-Motoren - Iha Race","robots":{"index":"index","follow":"follow","max-snippet":"max-snippet:-1","max-image-preview":"max-image-preview:large","max-video-preview":"max-video-preview:-1"},"canonical":"https:\/\/iha-race.com\/de\/producto\/motores-betafpv-0802se-19500kv\/","og_locale":"de_DE","og_type":"article","og_title":"BetaFPV 0802SE 19500\/23000Kv BetaFPV-Motoren - Iha Race","og_description":"BetaFPV 0802SE 19500\/23000Kv BetaFPV-Motoren Die 0802SE b\u00fcrstenlosen Motoren sind mit nur 1,8 g\/St\u00fcck f\u00fcr 1S-Whoop-Drohnen sehr leicht. Es sorgt f\u00fcr eine hervorragende Leistung und Schubkraft und schafft ein perfektes dynamisches","og_url":"https:\/\/iha-race.com\/de\/producto\/motores-betafpv-0802se-19500kv\/","og_site_name":"Iha Race","article_modified_time":"2024-08-29T15:43:22+00:00","og_image":[{"width":1600,"height":1600,"url":"https:\/\/iha-race.com\/wp-content\/uploads\/2022\/05\/Motores-BetaFPV-0802SE-19500723000Kv.jpeg","type":"image\/jpeg"}],"twitter_card":"summary_large_image","twitter_misc":{"Gesch\u00e4tzte Lesezeit":"2\u00a0Minuten"},"schema":{"@context":"https:\/\/schema.org","@graph":[{"@type":"WebPage","@id":"https:\/\/iha-race.com\/de\/producto\/motores-betafpv-0802se-19500kv\/","url":"https:\/\/iha-race.com\/de\/producto\/motores-betafpv-0802se-19500kv\/","name":"BetaFPV 0802SE 19500\/23000Kv BetaFPV-Motoren - Iha Race","isPartOf":{"@id":"https:\/\/iha-race.com\/de\/#website"},"primaryImageOfPage":{"@id":"https:\/\/iha-race.com\/de\/producto\/motores-betafpv-0802se-19500kv\/#primaryimage"},"image":{"@id":"https:\/\/iha-race.com\/de\/producto\/motores-betafpv-0802se-19500kv\/#primaryimage"},"thumbnailUrl":"https:\/\/iha-race.com\/wp-content\/uploads\/2022\/05\/Motores-BetaFPV-0802SE-19500723000Kv.jpeg","datePublished":"2022-05-23T14:06:53+00:00","dateModified":"2024-08-29T15:43:22+00:00","breadcrumb":{"@id":"https:\/\/iha-race.com\/de\/producto\/motores-betafpv-0802se-19500kv\/#breadcrumb"},"inLanguage":"de","potentialAction":[{"@type":"ReadAction","target":["https:\/\/iha-race.com\/de\/producto\/motores-betafpv-0802se-19500kv\/"]}]},{"@type":"ImageObject","inLanguage":"de","@id":"https:\/\/iha-race.com\/de\/producto\/motores-betafpv-0802se-19500kv\/#primaryimage","url":"https:\/\/iha-race.com\/wp-content\/uploads\/2022\/05\/Motores-BetaFPV-0802SE-19500723000Kv.jpeg","contentUrl":"https:\/\/iha-race.com\/wp-content\/uploads\/2022\/05\/Motores-BetaFPV-0802SE-19500723000Kv.jpeg","width":1600,"height":1600,"caption":""},{"@type":"BreadcrumbList","@id":"https:\/\/iha-race.com\/de\/producto\/motores-betafpv-0802se-19500kv\/#breadcrumb","itemListElement":[{"@type":"ListItem","position":1,"name":"Portada","item":"https:\/\/iha-race.com\/de\/elementor-499\/"},{"@type":"ListItem","position":2,"name":"Shop","item":"https:\/\/iha-race.com\/de\/shop\/"},{"@type":"ListItem","position":3,"name":"BetaFPV 0802SE 19500\/23000Kv BetaFPV-Motoren"}]},{"@type":"WebSite","@id":"https:\/\/iha-race.com\/de\/#website","url":"https:\/\/iha-race.com\/de\/","name":"Iha Race","description":"Comprar drones de carreras FPV env\u00edos en un d\u00eda desde Espa\u00f1a","publisher":{"@id":"https:\/\/iha-race.com\/de\/#organization"},"potentialAction":[{"@type":"SearchAction","target":{"@type":"EntryPoint","urlTemplate":"https:\/\/iha-race.com\/de\/?s={search_term_string}"},"query-input":{"@type":"PropertyValueSpecification","valueRequired":true,"valueName":"search_term_string"}}],"inLanguage":"de"},{"@type":"Organization","@id":"https:\/\/iha-race.com\/de\/#organization","name":"Iha Race","url":"https:\/\/iha-race.com\/de\/","logo":{"@type":"ImageObject","inLanguage":"de","@id":"https:\/\/iha-race.com\/de\/#\/schema\/logo\/image\/","url":"https:\/\/iha-race.com\/wp-content\/uploads\/2018\/07\/iha-race-drones-de-carreras-tienda-comprar-drones.png","contentUrl":"https:\/\/iha-race.com\/wp-content\/uploads\/2018\/07\/iha-race-drones-de-carreras-tienda-comprar-drones.png","width":300,"height":100,"caption":"Iha Race"},"image":{"@id":"https:\/\/iha-race.com\/de\/#\/schema\/logo\/image\/"}}]}},"jetpack_sharing_enabled":true,"brands":[],"_links":{"self":[{"href":"https:\/\/iha-race.com\/de\/wp-json\/wp\/v2\/product\/209384","targetHints":{"allow":["GET"]}}],"collection":[{"href":"https:\/\/iha-race.com\/de\/wp-json\/wp\/v2\/product"}],"about":[{"href":"https:\/\/iha-race.com\/de\/wp-json\/wp\/v2\/types\/product"}],"replies":[{"embeddable":true,"href":"https:\/\/iha-race.com\/de\/wp-json\/wp\/v2\/comments?post=209384"}],"version-history":[{"count":3,"href":"https:\/\/iha-race.com\/de\/wp-json\/wp\/v2\/product\/209384\/revisions"}],"predecessor-version":[{"id":249157,"href":"https:\/\/iha-race.com\/de\/wp-json\/wp\/v2\/product\/209384\/revisions\/249157"}],"wp:featuredmedia":[{"embeddable":true,"href":"https:\/\/iha-race.com\/de\/wp-json\/wp\/v2\/media\/231042"}],"wp:attachment":[{"href":"https:\/\/iha-race.com\/de\/wp-json\/wp\/v2\/media?parent=209384"}],"wp:term":[{"taxonomy":"pwb-brand","embeddable":true,"href":"https:\/\/iha-race.com\/de\/wp-json\/wp\/v2\/pwb-brand?post=209384"},{"taxonomy":"product_cat","embeddable":true,"href":"https:\/\/iha-race.com\/de\/wp-json\/wp\/v2\/product_cat?post=209384"},{"taxonomy":"product_tag","embeddable":true,"href":"https:\/\/iha-race.com\/de\/wp-json\/wp\/v2\/product_tag?post=209384"}],"curies":[{"name":"wp","href":"https:\/\/api.w.org\/{rel}","templated":true}]}}