{"id":209383,"date":"2022-04-27T12:47:45","date_gmt":"2022-04-27T10:47:45","guid":{"rendered":"https:\/\/iha-race.com\/producto\/kamera-butter-glas-nd-filter-fuer-gopro-session-4-5\/"},"modified":"2025-04-15T10:54:54","modified_gmt":"2025-04-15T08:54:54","slug":"kamera-butter-filter-und-glas-filter-fur-gopro-session-4-5","status":"publish","type":"product","link":"https:\/\/iha-race.com\/de\/producto\/kamera-butter-filter-und-glas-filter-fur-gopro-session-4-5\/","title":{"rendered":"Kamera Butter Glas ND Filter f\u00fcr GoPro Session 4\/5"},"content":{"rendered":"<h2>Kamera Butter Glas ND Filter f\u00fcr GoPro Session 4\/5<\/h2>\n<p>  Premium ND-Filter f\u00fcr GoPro Session 4 und 5. Erh\u00e4ltlich in ND 8 und 16. Sehr hochwertiger Neutraldichte-Klebefilter f\u00fcr GoPro Session 4\/5 aus hochwertigem optischen Glas. Es verwendet eine einzigartige Abzieh- und Klebeunterlage, die Sie abziehen und immer wieder neu anbringen k\u00f6nnen. Wenn der Aufkleber schmutzig wird, k\u00f6nnen Sie ihn einfach mit Wasser abwaschen, um ihn zu regenerieren! Der Kleber deckt nur die R\u00e4nder des Filters ab und verhindert daher kein klares Bild. Hochwertiges 1 mm dickes geh\u00e4rtetes Glas mit Nanobeschichtung f\u00fcr  <\/p>\n<ul>\n<li>Anti-Kratzer<\/li>\n<li>st\u00f6\u00dft Wasser ab<\/li>\n<li>weist Fingerabdr\u00fccke ab<\/li>\n<li>Antireflexion<\/li>\n<\/ul>\n<p>  Ganz gleich, ob Sie den ND-Filter f\u00fcr FPV-Drohnen, Mountainbike-Aufnahmen oder andere Action-Videos verwenden, er sorgt f\u00fcr seidenweiche, filmische Bewegungen und reduziert oder eliminiert das Ruckeln.  <\/p>\n<h3>\u00dcbertragung ND:<\/h3>\n<ul>\n<li>ND8 (ND 0,9) 12,5% Transmission (etwas Sonnenlicht)<\/li>\n<li>ND16 (ND 1,2) 6,25% Transmission (helles Sonnenlicht)<\/li>\n<\/ul>\n","protected":false},"excerpt":{"rendered":"<p>Kamera Butter Glas ND Filter f\u00fcr GoPro Session 4\/5 Premium ND-Filter f\u00fcr GoPro Session 4 und 5. Erh\u00e4ltlich in ND 8 und 16. Sehr hochwertiger Neutraldichte-Klebefilter f\u00fcr GoPro Session 4\/5<\/p>\n","protected":false},"featured_media":128231,"comment_status":"open","ping_status":"closed","template":"","meta":{"_joinchat":[]},"pwb-brand":[],"product_cat":[2801,2554],"product_tag":[],"class_list":{"0":"post-209383","1":"product","2":"type-product","3":"status-publish","4":"has-post-thumbnail","6":"product_cat-filter","7":"product_cat-fpv-kameras-de","9":"first","10":"instock","11":"taxable","12":"shipping-taxable","13":"purchasable","14":"product-type-variable"},"barcode":null,"atum_controlled":true,"out_stock_date":null,"out_stock_threshold":null,"inheritable":true,"stock_on_hold":0,"sold_today":0,"sales_last_days":2,"out_stock_days":0,"lost_sales":0,"update_date":"2026-04-25T20:28:31","atum_locations":[],"atum_stock_status":"instock","restock_status":false,"low_stock_amount":"","sales_update_date":"2026-04-25T20:28:31","calc_backorders":null,"yoast_head":"<!-- This site is optimized with the Yoast SEO plugin v27.3 - https:\/\/yoast.com\/product\/yoast-seo-wordpress\/ -->\n<title>Kamera Butter Glas ND Filter f\u00fcr GoPro Session 4\/5 - Iha Race<\/title>\n<meta name=\"robots\" content=\"index, follow, max-snippet:-1, max-image-preview:large, max-video-preview:-1\" \/>\n<link rel=\"canonical\" href=\"https:\/\/iha-race.com\/de\/producto\/kamera-butter-filter-und-glas-filter-fur-gopro-session-4-5\/\" \/>\n<meta property=\"og:locale\" content=\"de_DE\" \/>\n<meta property=\"og:type\" content=\"article\" \/>\n<meta property=\"og:title\" content=\"Kamera Butter Glas ND Filter f\u00fcr GoPro Session 4\/5 - Iha Race\" \/>\n<meta property=\"og:description\" content=\"Kamera Butter Glas ND Filter f\u00fcr GoPro Session 4\/5 Premium ND-Filter f\u00fcr GoPro Session 4 und 5. Erh\u00e4ltlich in ND 8 und 16. Sehr hochwertiger Neutraldichte-Klebefilter f\u00fcr GoPro Session 4\/5\" \/>\n<meta property=\"og:url\" content=\"https:\/\/iha-race.com\/de\/producto\/kamera-butter-filter-und-glas-filter-fur-gopro-session-4-5\/\" \/>\n<meta property=\"og:site_name\" content=\"Iha Race\" \/>\n<meta property=\"article:modified_time\" content=\"2025-04-15T08:54:54+00:00\" \/>\n<meta property=\"og:image\" content=\"https:\/\/iha-race.com\/wp-content\/uploads\/2022\/04\/S3_530x@2x.webp\" \/>\n\t<meta property=\"og:image:width\" content=\"1060\" \/>\n\t<meta property=\"og:image:height\" content=\"1060\" \/>\n\t<meta property=\"og:image:type\" content=\"image\/webp\" \/>\n<meta name=\"twitter:card\" content=\"summary_large_image\" \/>\n<meta name=\"twitter:label1\" content=\"Gesch\u00e4tzte Lesezeit\" \/>\n\t<meta name=\"twitter:data1\" content=\"1\u00a0Minute\" \/>\n<script type=\"application\/ld+json\" class=\"yoast-schema-graph\">{\"@context\":\"https:\\\/\\\/schema.org\",\"@graph\":[{\"@type\":\"WebPage\",\"@id\":\"https:\\\/\\\/iha-race.com\\\/de\\\/producto\\\/kamera-butter-filter-und-glas-filter-fur-gopro-session-4-5\\\/\",\"url\":\"https:\\\/\\\/iha-race.com\\\/de\\\/producto\\\/kamera-butter-filter-und-glas-filter-fur-gopro-session-4-5\\\/\",\"name\":\"Kamera Butter Glas ND Filter f\u00fcr GoPro Session 4\\\/5 - Iha Race\",\"isPartOf\":{\"@id\":\"https:\\\/\\\/iha-race.com\\\/de\\\/#website\"},\"primaryImageOfPage\":{\"@id\":\"https:\\\/\\\/iha-race.com\\\/de\\\/producto\\\/kamera-butter-filter-und-glas-filter-fur-gopro-session-4-5\\\/#primaryimage\"},\"image\":{\"@id\":\"https:\\\/\\\/iha-race.com\\\/de\\\/producto\\\/kamera-butter-filter-und-glas-filter-fur-gopro-session-4-5\\\/#primaryimage\"},\"thumbnailUrl\":\"https:\\\/\\\/iha-race.com\\\/wp-content\\\/uploads\\\/2022\\\/04\\\/S3_530x@2x.webp\",\"datePublished\":\"2022-04-27T10:47:45+00:00\",\"dateModified\":\"2025-04-15T08:54:54+00:00\",\"breadcrumb\":{\"@id\":\"https:\\\/\\\/iha-race.com\\\/de\\\/producto\\\/kamera-butter-filter-und-glas-filter-fur-gopro-session-4-5\\\/#breadcrumb\"},\"inLanguage\":\"de\",\"potentialAction\":[{\"@type\":\"ReadAction\",\"target\":[\"https:\\\/\\\/iha-race.com\\\/de\\\/producto\\\/kamera-butter-filter-und-glas-filter-fur-gopro-session-4-5\\\/\"]}]},{\"@type\":\"ImageObject\",\"inLanguage\":\"de\",\"@id\":\"https:\\\/\\\/iha-race.com\\\/de\\\/producto\\\/kamera-butter-filter-und-glas-filter-fur-gopro-session-4-5\\\/#primaryimage\",\"url\":\"https:\\\/\\\/iha-race.com\\\/wp-content\\\/uploads\\\/2022\\\/04\\\/S3_530x@2x.webp\",\"contentUrl\":\"https:\\\/\\\/iha-race.com\\\/wp-content\\\/uploads\\\/2022\\\/04\\\/S3_530x@2x.webp\",\"width\":1060,\"height\":1060},{\"@type\":\"BreadcrumbList\",\"@id\":\"https:\\\/\\\/iha-race.com\\\/de\\\/producto\\\/kamera-butter-filter-und-glas-filter-fur-gopro-session-4-5\\\/#breadcrumb\",\"itemListElement\":[{\"@type\":\"ListItem\",\"position\":1,\"name\":\"Portada\",\"item\":\"https:\\\/\\\/iha-race.com\\\/de\\\/elementor-499\\\/\"},{\"@type\":\"ListItem\",\"position\":2,\"name\":\"Shop\",\"item\":\"https:\\\/\\\/iha-race.com\\\/de\\\/shop\\\/\"},{\"@type\":\"ListItem\",\"position\":3,\"name\":\"Kamera Butter Glas ND Filter f\u00fcr GoPro Session 4\\\/5\"}]},{\"@type\":\"WebSite\",\"@id\":\"https:\\\/\\\/iha-race.com\\\/de\\\/#website\",\"url\":\"https:\\\/\\\/iha-race.com\\\/de\\\/\",\"name\":\"Iha Race\",\"description\":\"Comprar drones de carreras FPV env\u00edos en un d\u00eda desde Espa\u00f1a\",\"publisher\":{\"@id\":\"https:\\\/\\\/iha-race.com\\\/de\\\/#organization\"},\"potentialAction\":[{\"@type\":\"SearchAction\",\"target\":{\"@type\":\"EntryPoint\",\"urlTemplate\":\"https:\\\/\\\/iha-race.com\\\/de\\\/?s={search_term_string}\"},\"query-input\":{\"@type\":\"PropertyValueSpecification\",\"valueRequired\":true,\"valueName\":\"search_term_string\"}}],\"inLanguage\":\"de\"},{\"@type\":\"Organization\",\"@id\":\"https:\\\/\\\/iha-race.com\\\/de\\\/#organization\",\"name\":\"Iha Race\",\"url\":\"https:\\\/\\\/iha-race.com\\\/de\\\/\",\"logo\":{\"@type\":\"ImageObject\",\"inLanguage\":\"de\",\"@id\":\"https:\\\/\\\/iha-race.com\\\/de\\\/#\\\/schema\\\/logo\\\/image\\\/\",\"url\":\"https:\\\/\\\/iha-race.com\\\/wp-content\\\/uploads\\\/2018\\\/07\\\/iha-race-drones-de-carreras-tienda-comprar-drones.png\",\"contentUrl\":\"https:\\\/\\\/iha-race.com\\\/wp-content\\\/uploads\\\/2018\\\/07\\\/iha-race-drones-de-carreras-tienda-comprar-drones.png\",\"width\":300,\"height\":100,\"caption\":\"Iha Race\"},\"image\":{\"@id\":\"https:\\\/\\\/iha-race.com\\\/de\\\/#\\\/schema\\\/logo\\\/image\\\/\"}}]}<\/script>\n<!-- \/ Yoast SEO plugin. -->","yoast_head_json":{"title":"Kamera Butter Glas ND Filter f\u00fcr GoPro Session 4\/5 - Iha Race","robots":{"index":"index","follow":"follow","max-snippet":"max-snippet:-1","max-image-preview":"max-image-preview:large","max-video-preview":"max-video-preview:-1"},"canonical":"https:\/\/iha-race.com\/de\/producto\/kamera-butter-filter-und-glas-filter-fur-gopro-session-4-5\/","og_locale":"de_DE","og_type":"article","og_title":"Kamera Butter Glas ND Filter f\u00fcr GoPro Session 4\/5 - Iha Race","og_description":"Kamera Butter Glas ND Filter f\u00fcr GoPro Session 4\/5 Premium ND-Filter f\u00fcr GoPro Session 4 und 5. Erh\u00e4ltlich in ND 8 und 16. Sehr hochwertiger Neutraldichte-Klebefilter f\u00fcr GoPro Session 4\/5","og_url":"https:\/\/iha-race.com\/de\/producto\/kamera-butter-filter-und-glas-filter-fur-gopro-session-4-5\/","og_site_name":"Iha Race","article_modified_time":"2025-04-15T08:54:54+00:00","og_image":[{"width":1060,"height":1060,"url":"https:\/\/iha-race.com\/wp-content\/uploads\/2022\/04\/S3_530x@2x.webp","type":"image\/webp"}],"twitter_card":"summary_large_image","twitter_misc":{"Gesch\u00e4tzte Lesezeit":"1\u00a0Minute"},"schema":{"@context":"https:\/\/schema.org","@graph":[{"@type":"WebPage","@id":"https:\/\/iha-race.com\/de\/producto\/kamera-butter-filter-und-glas-filter-fur-gopro-session-4-5\/","url":"https:\/\/iha-race.com\/de\/producto\/kamera-butter-filter-und-glas-filter-fur-gopro-session-4-5\/","name":"Kamera Butter Glas ND Filter f\u00fcr GoPro Session 4\/5 - Iha Race","isPartOf":{"@id":"https:\/\/iha-race.com\/de\/#website"},"primaryImageOfPage":{"@id":"https:\/\/iha-race.com\/de\/producto\/kamera-butter-filter-und-glas-filter-fur-gopro-session-4-5\/#primaryimage"},"image":{"@id":"https:\/\/iha-race.com\/de\/producto\/kamera-butter-filter-und-glas-filter-fur-gopro-session-4-5\/#primaryimage"},"thumbnailUrl":"https:\/\/iha-race.com\/wp-content\/uploads\/2022\/04\/S3_530x@2x.webp","datePublished":"2022-04-27T10:47:45+00:00","dateModified":"2025-04-15T08:54:54+00:00","breadcrumb":{"@id":"https:\/\/iha-race.com\/de\/producto\/kamera-butter-filter-und-glas-filter-fur-gopro-session-4-5\/#breadcrumb"},"inLanguage":"de","potentialAction":[{"@type":"ReadAction","target":["https:\/\/iha-race.com\/de\/producto\/kamera-butter-filter-und-glas-filter-fur-gopro-session-4-5\/"]}]},{"@type":"ImageObject","inLanguage":"de","@id":"https:\/\/iha-race.com\/de\/producto\/kamera-butter-filter-und-glas-filter-fur-gopro-session-4-5\/#primaryimage","url":"https:\/\/iha-race.com\/wp-content\/uploads\/2022\/04\/S3_530x@2x.webp","contentUrl":"https:\/\/iha-race.com\/wp-content\/uploads\/2022\/04\/S3_530x@2x.webp","width":1060,"height":1060},{"@type":"BreadcrumbList","@id":"https:\/\/iha-race.com\/de\/producto\/kamera-butter-filter-und-glas-filter-fur-gopro-session-4-5\/#breadcrumb","itemListElement":[{"@type":"ListItem","position":1,"name":"Portada","item":"https:\/\/iha-race.com\/de\/elementor-499\/"},{"@type":"ListItem","position":2,"name":"Shop","item":"https:\/\/iha-race.com\/de\/shop\/"},{"@type":"ListItem","position":3,"name":"Kamera Butter Glas ND Filter f\u00fcr GoPro Session 4\/5"}]},{"@type":"WebSite","@id":"https:\/\/iha-race.com\/de\/#website","url":"https:\/\/iha-race.com\/de\/","name":"Iha Race","description":"Comprar drones de carreras FPV env\u00edos en un d\u00eda desde Espa\u00f1a","publisher":{"@id":"https:\/\/iha-race.com\/de\/#organization"},"potentialAction":[{"@type":"SearchAction","target":{"@type":"EntryPoint","urlTemplate":"https:\/\/iha-race.com\/de\/?s={search_term_string}"},"query-input":{"@type":"PropertyValueSpecification","valueRequired":true,"valueName":"search_term_string"}}],"inLanguage":"de"},{"@type":"Organization","@id":"https:\/\/iha-race.com\/de\/#organization","name":"Iha Race","url":"https:\/\/iha-race.com\/de\/","logo":{"@type":"ImageObject","inLanguage":"de","@id":"https:\/\/iha-race.com\/de\/#\/schema\/logo\/image\/","url":"https:\/\/iha-race.com\/wp-content\/uploads\/2018\/07\/iha-race-drones-de-carreras-tienda-comprar-drones.png","contentUrl":"https:\/\/iha-race.com\/wp-content\/uploads\/2018\/07\/iha-race-drones-de-carreras-tienda-comprar-drones.png","width":300,"height":100,"caption":"Iha Race"},"image":{"@id":"https:\/\/iha-race.com\/de\/#\/schema\/logo\/image\/"}}]}},"jetpack_sharing_enabled":true,"brands":[],"_links":{"self":[{"href":"https:\/\/iha-race.com\/de\/wp-json\/wp\/v2\/product\/209383","targetHints":{"allow":["GET"]}}],"collection":[{"href":"https:\/\/iha-race.com\/de\/wp-json\/wp\/v2\/product"}],"about":[{"href":"https:\/\/iha-race.com\/de\/wp-json\/wp\/v2\/types\/product"}],"replies":[{"embeddable":true,"href":"https:\/\/iha-race.com\/de\/wp-json\/wp\/v2\/comments?post=209383"}],"version-history":[{"count":1,"href":"https:\/\/iha-race.com\/de\/wp-json\/wp\/v2\/product\/209383\/revisions"}],"predecessor-version":[{"id":249153,"href":"https:\/\/iha-race.com\/de\/wp-json\/wp\/v2\/product\/209383\/revisions\/249153"}],"wp:featuredmedia":[{"embeddable":true,"href":"https:\/\/iha-race.com\/de\/wp-json\/wp\/v2\/media\/128231"}],"wp:attachment":[{"href":"https:\/\/iha-race.com\/de\/wp-json\/wp\/v2\/media?parent=209383"}],"wp:term":[{"taxonomy":"pwb-brand","embeddable":true,"href":"https:\/\/iha-race.com\/de\/wp-json\/wp\/v2\/pwb-brand?post=209383"},{"taxonomy":"product_cat","embeddable":true,"href":"https:\/\/iha-race.com\/de\/wp-json\/wp\/v2\/product_cat?post=209383"},{"taxonomy":"product_tag","embeddable":true,"href":"https:\/\/iha-race.com\/de\/wp-json\/wp\/v2\/product_tag?post=209383"}],"curies":[{"name":"wp","href":"https:\/\/api.w.org\/{rel}","templated":true}]}}