{"id":209374,"date":"2022-05-23T15:55:21","date_gmt":"2022-05-23T13:55:21","guid":{"rendered":"https:\/\/iha-race.com\/producto\/cetus-pro-buerstenloser-whoop-rahmen\/"},"modified":"2025-03-08T14:04:09","modified_gmt":"2025-03-08T13:04:09","slug":"rahmen-whoop-ohne-bursten-cetus-pro","status":"publish","type":"product","link":"https:\/\/iha-race.com\/de\/producto\/rahmen-whoop-ohne-bursten-cetus-pro\/","title":{"rendered":"Cetus Pro b\u00fcrstenloser Whoop-Rahmen"},"content":{"rendered":"<h2><span data-sheets-value=\"{\"1\":2,\"2\":\"Cuadro Whoop sin escobillas Cetus Pro\"}\" data-sheets-userformat=\"{\"2\":7107,\"3\":{\"1\":0},\"4\":{\"1\":2,\"2\":16777215},\"9\":1,\"10\":2,\"11\":4,\"12\":0,\"14\":{\"1\":3,\"3\":1},\"15\":\"\\\"Work Sans\\\", sans-serif\"}\">Cetus Pro b\u00fcrstenloser Whoop-Rahmen<\/span><\/h2>\n<p>Dieser gro\u00dfartige Cetus Pro Rahmen ist jetzt zum Kauf erh\u00e4ltlich! Es ist der Original-Ersatzrahmen f\u00fcr den <a href=\"https:\/\/iha-race.com\/producto\/dron-cetus-pro-betafpv\/\">Cetus Pro<\/a> und das <a href=\"https:\/\/iha-race.com\/producto\/kit-betafpv-cetus-pro\/\">Cetus Pro FPV Kit<\/a>. Sie zusammen mit der Drohne als Backup zu kaufen, ist eine gute Option.<\/p>\n<p><img decoding=\"async\" src=\"https:\/\/cdn.shopifycdn.net\/s\/files\/1\/1778\/6615\/files\/FB_26d2c7c7-023a-4547-97eb-206cb513c7a6_1024x1024.jpg?v=1650770964\" alt=\"\"><\/p>\n<h2><a href=\"https:\/\/betafpv.com\/collections\/all-drone\/products\/cetus-pro-fpv-kit\" target=\"_blank\" rel=\"noopener\">Cetus Pro FPV Bausatz<\/a><\/h2>\n<p>Es ist die ideale Wahl f\u00fcr Anf\u00e4nger, um heute Fortschritte zu machen. Mit dem b\u00fcrstenlosen Quadcopter Cetus Pro, dem Sender LiteRadio2 SE und der FPV-Brille VR02 ist er sowohl f\u00fcr Einsteiger als auch f\u00fcr FPV-Profis zum \u00dcben im Innen- und Au\u00dfenbereich leistungsstark und wendig.<\/p>\n<p><img decoding=\"async\" src=\"https:\/\/cdn.shopifycdn.net\/s\/files\/1\/1778\/6615\/files\/web_theme_1024x1024.jpg?v=1629890911\"><\/p>\n<h2>Eigenschaften<\/h2>\n<ul>\n<li>Der Original-Ersatzrahmen f\u00fcr den Cetus Pro Quadcopter und das Cetus Pro FPV Kit.<\/li>\n<li>Der aus PA12 gefertigte Rahmen ist sehr sto\u00dffest und h\u00e4lt St\u00fcrzen und St\u00f6\u00dfen stand. Der 360\u00b0-Schutz des Whop-Rahmens sorgt f\u00fcr einen sicheren Flug sowohl im Innen- als auch im Au\u00dfenbereich.<\/li>\n<li>Die Rahmenkonstruktion ist mit dem Vordach angemessen. Die Kamera ist einfach zu montieren.<\/li>\n<li>Ultraleichter und robuster Rahmen. Es ist eine gute Option, sie zusammen mit der Drohne als Backup zu kaufen.<\/li>\n<li>Die Verwendung von 40-mm-St\u00fctzen und 1102-Motoren wird empfohlen. Zum Beispiel BETAFPV Brushless Motor 1102-18000KV und 1,5mm Wellenbohrung von 3 x 40mm Bl\u00e4ttern.<\/li>\n<\/ul>\n<h2><img decoding=\"async\" src=\"https:\/\/cdn.shopifycdn.net\/s\/files\/1\/1778\/6615\/files\/FB1_bad576fd-4fb5-477e-b87b-f854556cc8e7_1024x1024.jpg?v=1650786986\" alt=\"\"><\/h2>\n<h2>Spezifikationen<\/h2>\n<ul>\n<li>Artikel: Cetus Pro Brushless Whoop Frame<\/li>\n<li>Werkstoffe: PA12<\/li>\n<li>Gr\u00f6\u00dfe: 76,75 mm<\/li>\n<li>Gewicht: 9,39 g\/St\u00fcck<\/li>\n<li>Farbe wei\u00df<\/li>\n<li>Motoreinbau\u00f6ffnung: \u03c61,4 mm<\/li>\n<\/ul>\n<p><img decoding=\"async\" src=\"https:\/\/cdn.shopifycdn.net\/s\/files\/1\/1778\/6615\/files\/f7d7c897f798fc44c391847188c3ac79_5e51b384-df07-4a58-85d9-5946b6948f5e_600x600.jpg?v=1650787023\" alt=\"\"><\/p>\n<h2>Empfohlene Teile (NICHT INBEGRIFFEN)<\/h2>\n<ul>\n<li>Flugregler: Lite 1-2S Pro Brushless FC<\/li>\n<li>VTX: 25mW<\/li>\n<li>Kamera: C02 FPV Mikro-Kamera<\/li>\n<li>Motor: B\u00fcrstenloser Motor 1102-18000KV<\/li>\n<li>Propeller: 1,5 mm Wellenbohrung mit 3 x 40 mm Bl\u00e4ttern<\/li>\n<li>Akku: BT2.0 450mah 1S Akku<\/li>\n<\/ul>\n<div style=\"text-align: start;\"><img decoding=\"async\" src=\"https:\/\/cdn.shopifycdn.net\/s\/files\/1\/1778\/6615\/files\/f1d3f2e934a7f7df4970562b60a46e3c_8193c434-c36f-494d-a349-d64c921bf816_480x480.jpg?v=1650787127\" alt=\"\"><\/div>\n<h2 class=\"p1\">Paket<\/h2>\n<ul>\n<li>1 x Cetus Pro b\u00fcrstenloser Rahmen<\/li>\n<\/ul>\n","protected":false},"excerpt":{"rendered":"<p>Cetus Pro b\u00fcrstenloser Whoop-Rahmen Dieser gro\u00dfartige Cetus Pro Rahmen ist jetzt zum Kauf erh\u00e4ltlich! Es ist der Original-Ersatzrahmen f\u00fcr den Cetus Pro und das Cetus Pro FPV Kit. Sie zusammen<\/p>\n","protected":false},"featured_media":128274,"comment_status":"open","ping_status":"closed","template":"","meta":{"_joinchat":[]},"pwb-brand":[],"product_cat":[951,27,3667,4114],"product_tag":[],"class_list":{"0":"post-209374","1":"product","2":"type-product","3":"status-publish","4":"has-post-thumbnail","6":"product_cat-drones-de-iniciacion-e-interior","7":"product_cat-drones-fpv","8":"product_cat-cuadros-frame","9":"product_cat-black-friday-2024","11":"first","12":"instock","13":"taxable","14":"shipping-taxable","15":"purchasable","16":"product-type-simple"},"barcode":null,"atum_controlled":true,"out_stock_date":null,"out_stock_threshold":null,"inheritable":false,"stock_on_hold":0,"sold_today":0,"sales_last_days":0,"out_stock_days":0,"lost_sales":0,"update_date":"2026-04-18T20:30:54","atum_locations":[],"atum_stock_status":"instock","restock_status":false,"low_stock_amount":"","sales_update_date":"2026-04-18T20:30:54","calc_backorders":null,"yoast_head":"<!-- This site is optimized with the Yoast SEO plugin v27.3 - https:\/\/yoast.com\/product\/yoast-seo-wordpress\/ -->\n<title>Cetus Pro b\u00fcrstenloser Whoop-Rahmen - Iha Race<\/title>\n<meta name=\"robots\" content=\"index, follow, max-snippet:-1, max-image-preview:large, max-video-preview:-1\" \/>\n<link rel=\"canonical\" href=\"https:\/\/iha-race.com\/de\/producto\/rahmen-whoop-ohne-bursten-cetus-pro\/\" \/>\n<meta property=\"og:locale\" content=\"de_DE\" \/>\n<meta property=\"og:type\" content=\"article\" \/>\n<meta property=\"og:title\" content=\"Cetus Pro b\u00fcrstenloser Whoop-Rahmen - Iha Race\" \/>\n<meta property=\"og:description\" content=\"Cetus Pro b\u00fcrstenloser Whoop-Rahmen Dieser gro\u00dfartige Cetus Pro Rahmen ist jetzt zum Kauf erh\u00e4ltlich! Es ist der Original-Ersatzrahmen f\u00fcr den Cetus Pro und das Cetus Pro FPV Kit. Sie zusammen\" \/>\n<meta property=\"og:url\" content=\"https:\/\/iha-race.com\/de\/producto\/rahmen-whoop-ohne-bursten-cetus-pro\/\" \/>\n<meta property=\"og:site_name\" content=\"Iha Race\" \/>\n<meta property=\"article:modified_time\" content=\"2025-03-08T13:04:09+00:00\" \/>\n<meta property=\"og:image\" content=\"https:\/\/iha-race.com\/wp-content\/uploads\/2022\/05\/74b96dbb2d19db9758ba306fc55ad040_cbab1e83-e234-4130-a896-9120ae6f138d_720x.webp\" \/>\n\t<meta property=\"og:image:width\" content=\"720\" \/>\n\t<meta property=\"og:image:height\" content=\"720\" \/>\n\t<meta property=\"og:image:type\" content=\"image\/webp\" \/>\n<meta name=\"twitter:card\" content=\"summary_large_image\" \/>\n<meta name=\"twitter:label1\" content=\"Gesch\u00e4tzte Lesezeit\" \/>\n\t<meta name=\"twitter:data1\" content=\"1\u00a0Minute\" \/>\n<script type=\"application\/ld+json\" class=\"yoast-schema-graph\">{\"@context\":\"https:\\\/\\\/schema.org\",\"@graph\":[{\"@type\":\"WebPage\",\"@id\":\"https:\\\/\\\/iha-race.com\\\/de\\\/producto\\\/rahmen-whoop-ohne-bursten-cetus-pro\\\/\",\"url\":\"https:\\\/\\\/iha-race.com\\\/de\\\/producto\\\/rahmen-whoop-ohne-bursten-cetus-pro\\\/\",\"name\":\"Cetus Pro b\u00fcrstenloser Whoop-Rahmen - Iha Race\",\"isPartOf\":{\"@id\":\"https:\\\/\\\/iha-race.com\\\/de\\\/#website\"},\"primaryImageOfPage\":{\"@id\":\"https:\\\/\\\/iha-race.com\\\/de\\\/producto\\\/rahmen-whoop-ohne-bursten-cetus-pro\\\/#primaryimage\"},\"image\":{\"@id\":\"https:\\\/\\\/iha-race.com\\\/de\\\/producto\\\/rahmen-whoop-ohne-bursten-cetus-pro\\\/#primaryimage\"},\"thumbnailUrl\":\"https:\\\/\\\/iha-race.com\\\/wp-content\\\/uploads\\\/2022\\\/05\\\/74b96dbb2d19db9758ba306fc55ad040_cbab1e83-e234-4130-a896-9120ae6f138d_720x.webp\",\"datePublished\":\"2022-05-23T13:55:21+00:00\",\"dateModified\":\"2025-03-08T13:04:09+00:00\",\"breadcrumb\":{\"@id\":\"https:\\\/\\\/iha-race.com\\\/de\\\/producto\\\/rahmen-whoop-ohne-bursten-cetus-pro\\\/#breadcrumb\"},\"inLanguage\":\"de\",\"potentialAction\":[{\"@type\":\"ReadAction\",\"target\":[\"https:\\\/\\\/iha-race.com\\\/de\\\/producto\\\/rahmen-whoop-ohne-bursten-cetus-pro\\\/\"]}]},{\"@type\":\"ImageObject\",\"inLanguage\":\"de\",\"@id\":\"https:\\\/\\\/iha-race.com\\\/de\\\/producto\\\/rahmen-whoop-ohne-bursten-cetus-pro\\\/#primaryimage\",\"url\":\"https:\\\/\\\/iha-race.com\\\/wp-content\\\/uploads\\\/2022\\\/05\\\/74b96dbb2d19db9758ba306fc55ad040_cbab1e83-e234-4130-a896-9120ae6f138d_720x.webp\",\"contentUrl\":\"https:\\\/\\\/iha-race.com\\\/wp-content\\\/uploads\\\/2022\\\/05\\\/74b96dbb2d19db9758ba306fc55ad040_cbab1e83-e234-4130-a896-9120ae6f138d_720x.webp\",\"width\":720,\"height\":720},{\"@type\":\"BreadcrumbList\",\"@id\":\"https:\\\/\\\/iha-race.com\\\/de\\\/producto\\\/rahmen-whoop-ohne-bursten-cetus-pro\\\/#breadcrumb\",\"itemListElement\":[{\"@type\":\"ListItem\",\"position\":1,\"name\":\"Portada\",\"item\":\"https:\\\/\\\/iha-race.com\\\/de\\\/elementor-499\\\/\"},{\"@type\":\"ListItem\",\"position\":2,\"name\":\"Shop\",\"item\":\"https:\\\/\\\/iha-race.com\\\/de\\\/shop\\\/\"},{\"@type\":\"ListItem\",\"position\":3,\"name\":\"Cetus Pro b\u00fcrstenloser Whoop-Rahmen\"}]},{\"@type\":\"WebSite\",\"@id\":\"https:\\\/\\\/iha-race.com\\\/de\\\/#website\",\"url\":\"https:\\\/\\\/iha-race.com\\\/de\\\/\",\"name\":\"Iha Race\",\"description\":\"Comprar drones de carreras FPV env\u00edos en un d\u00eda desde Espa\u00f1a\",\"publisher\":{\"@id\":\"https:\\\/\\\/iha-race.com\\\/de\\\/#organization\"},\"potentialAction\":[{\"@type\":\"SearchAction\",\"target\":{\"@type\":\"EntryPoint\",\"urlTemplate\":\"https:\\\/\\\/iha-race.com\\\/de\\\/?s={search_term_string}\"},\"query-input\":{\"@type\":\"PropertyValueSpecification\",\"valueRequired\":true,\"valueName\":\"search_term_string\"}}],\"inLanguage\":\"de\"},{\"@type\":\"Organization\",\"@id\":\"https:\\\/\\\/iha-race.com\\\/de\\\/#organization\",\"name\":\"Iha Race\",\"url\":\"https:\\\/\\\/iha-race.com\\\/de\\\/\",\"logo\":{\"@type\":\"ImageObject\",\"inLanguage\":\"de\",\"@id\":\"https:\\\/\\\/iha-race.com\\\/de\\\/#\\\/schema\\\/logo\\\/image\\\/\",\"url\":\"https:\\\/\\\/iha-race.com\\\/wp-content\\\/uploads\\\/2018\\\/07\\\/iha-race-drones-de-carreras-tienda-comprar-drones.png\",\"contentUrl\":\"https:\\\/\\\/iha-race.com\\\/wp-content\\\/uploads\\\/2018\\\/07\\\/iha-race-drones-de-carreras-tienda-comprar-drones.png\",\"width\":300,\"height\":100,\"caption\":\"Iha Race\"},\"image\":{\"@id\":\"https:\\\/\\\/iha-race.com\\\/de\\\/#\\\/schema\\\/logo\\\/image\\\/\"}}]}<\/script>\n<!-- \/ Yoast SEO plugin. -->","yoast_head_json":{"title":"Cetus Pro b\u00fcrstenloser Whoop-Rahmen - Iha Race","robots":{"index":"index","follow":"follow","max-snippet":"max-snippet:-1","max-image-preview":"max-image-preview:large","max-video-preview":"max-video-preview:-1"},"canonical":"https:\/\/iha-race.com\/de\/producto\/rahmen-whoop-ohne-bursten-cetus-pro\/","og_locale":"de_DE","og_type":"article","og_title":"Cetus Pro b\u00fcrstenloser Whoop-Rahmen - Iha Race","og_description":"Cetus Pro b\u00fcrstenloser Whoop-Rahmen Dieser gro\u00dfartige Cetus Pro Rahmen ist jetzt zum Kauf erh\u00e4ltlich! Es ist der Original-Ersatzrahmen f\u00fcr den Cetus Pro und das Cetus Pro FPV Kit. Sie zusammen","og_url":"https:\/\/iha-race.com\/de\/producto\/rahmen-whoop-ohne-bursten-cetus-pro\/","og_site_name":"Iha Race","article_modified_time":"2025-03-08T13:04:09+00:00","og_image":[{"width":720,"height":720,"url":"https:\/\/iha-race.com\/wp-content\/uploads\/2022\/05\/74b96dbb2d19db9758ba306fc55ad040_cbab1e83-e234-4130-a896-9120ae6f138d_720x.webp","type":"image\/webp"}],"twitter_card":"summary_large_image","twitter_misc":{"Gesch\u00e4tzte Lesezeit":"1\u00a0Minute"},"schema":{"@context":"https:\/\/schema.org","@graph":[{"@type":"WebPage","@id":"https:\/\/iha-race.com\/de\/producto\/rahmen-whoop-ohne-bursten-cetus-pro\/","url":"https:\/\/iha-race.com\/de\/producto\/rahmen-whoop-ohne-bursten-cetus-pro\/","name":"Cetus Pro b\u00fcrstenloser Whoop-Rahmen - Iha Race","isPartOf":{"@id":"https:\/\/iha-race.com\/de\/#website"},"primaryImageOfPage":{"@id":"https:\/\/iha-race.com\/de\/producto\/rahmen-whoop-ohne-bursten-cetus-pro\/#primaryimage"},"image":{"@id":"https:\/\/iha-race.com\/de\/producto\/rahmen-whoop-ohne-bursten-cetus-pro\/#primaryimage"},"thumbnailUrl":"https:\/\/iha-race.com\/wp-content\/uploads\/2022\/05\/74b96dbb2d19db9758ba306fc55ad040_cbab1e83-e234-4130-a896-9120ae6f138d_720x.webp","datePublished":"2022-05-23T13:55:21+00:00","dateModified":"2025-03-08T13:04:09+00:00","breadcrumb":{"@id":"https:\/\/iha-race.com\/de\/producto\/rahmen-whoop-ohne-bursten-cetus-pro\/#breadcrumb"},"inLanguage":"de","potentialAction":[{"@type":"ReadAction","target":["https:\/\/iha-race.com\/de\/producto\/rahmen-whoop-ohne-bursten-cetus-pro\/"]}]},{"@type":"ImageObject","inLanguage":"de","@id":"https:\/\/iha-race.com\/de\/producto\/rahmen-whoop-ohne-bursten-cetus-pro\/#primaryimage","url":"https:\/\/iha-race.com\/wp-content\/uploads\/2022\/05\/74b96dbb2d19db9758ba306fc55ad040_cbab1e83-e234-4130-a896-9120ae6f138d_720x.webp","contentUrl":"https:\/\/iha-race.com\/wp-content\/uploads\/2022\/05\/74b96dbb2d19db9758ba306fc55ad040_cbab1e83-e234-4130-a896-9120ae6f138d_720x.webp","width":720,"height":720},{"@type":"BreadcrumbList","@id":"https:\/\/iha-race.com\/de\/producto\/rahmen-whoop-ohne-bursten-cetus-pro\/#breadcrumb","itemListElement":[{"@type":"ListItem","position":1,"name":"Portada","item":"https:\/\/iha-race.com\/de\/elementor-499\/"},{"@type":"ListItem","position":2,"name":"Shop","item":"https:\/\/iha-race.com\/de\/shop\/"},{"@type":"ListItem","position":3,"name":"Cetus Pro b\u00fcrstenloser Whoop-Rahmen"}]},{"@type":"WebSite","@id":"https:\/\/iha-race.com\/de\/#website","url":"https:\/\/iha-race.com\/de\/","name":"Iha Race","description":"Comprar drones de carreras FPV env\u00edos en un d\u00eda desde Espa\u00f1a","publisher":{"@id":"https:\/\/iha-race.com\/de\/#organization"},"potentialAction":[{"@type":"SearchAction","target":{"@type":"EntryPoint","urlTemplate":"https:\/\/iha-race.com\/de\/?s={search_term_string}"},"query-input":{"@type":"PropertyValueSpecification","valueRequired":true,"valueName":"search_term_string"}}],"inLanguage":"de"},{"@type":"Organization","@id":"https:\/\/iha-race.com\/de\/#organization","name":"Iha Race","url":"https:\/\/iha-race.com\/de\/","logo":{"@type":"ImageObject","inLanguage":"de","@id":"https:\/\/iha-race.com\/de\/#\/schema\/logo\/image\/","url":"https:\/\/iha-race.com\/wp-content\/uploads\/2018\/07\/iha-race-drones-de-carreras-tienda-comprar-drones.png","contentUrl":"https:\/\/iha-race.com\/wp-content\/uploads\/2018\/07\/iha-race-drones-de-carreras-tienda-comprar-drones.png","width":300,"height":100,"caption":"Iha Race"},"image":{"@id":"https:\/\/iha-race.com\/de\/#\/schema\/logo\/image\/"}}]}},"jetpack_sharing_enabled":true,"brands":[],"_links":{"self":[{"href":"https:\/\/iha-race.com\/de\/wp-json\/wp\/v2\/product\/209374","targetHints":{"allow":["GET"]}}],"collection":[{"href":"https:\/\/iha-race.com\/de\/wp-json\/wp\/v2\/product"}],"about":[{"href":"https:\/\/iha-race.com\/de\/wp-json\/wp\/v2\/types\/product"}],"replies":[{"embeddable":true,"href":"https:\/\/iha-race.com\/de\/wp-json\/wp\/v2\/comments?post=209374"}],"version-history":[{"count":3,"href":"https:\/\/iha-race.com\/de\/wp-json\/wp\/v2\/product\/209374\/revisions"}],"predecessor-version":[{"id":252581,"href":"https:\/\/iha-race.com\/de\/wp-json\/wp\/v2\/product\/209374\/revisions\/252581"}],"wp:featuredmedia":[{"embeddable":true,"href":"https:\/\/iha-race.com\/de\/wp-json\/wp\/v2\/media\/128274"}],"wp:attachment":[{"href":"https:\/\/iha-race.com\/de\/wp-json\/wp\/v2\/media?parent=209374"}],"wp:term":[{"taxonomy":"pwb-brand","embeddable":true,"href":"https:\/\/iha-race.com\/de\/wp-json\/wp\/v2\/pwb-brand?post=209374"},{"taxonomy":"product_cat","embeddable":true,"href":"https:\/\/iha-race.com\/de\/wp-json\/wp\/v2\/product_cat?post=209374"},{"taxonomy":"product_tag","embeddable":true,"href":"https:\/\/iha-race.com\/de\/wp-json\/wp\/v2\/product_tag?post=209374"}],"curies":[{"name":"wp","href":"https:\/\/api.w.org\/{rel}","templated":true}]}}