{"id":209369,"date":"2022-05-26T18:15:21","date_gmt":"2022-05-26T16:15:21","guid":{"rendered":"https:\/\/iha-race.com\/producto\/xhelix-urban-style-flachmuetze\/"},"modified":"2024-08-29T12:04:08","modified_gmt":"2024-08-29T10:04:08","slug":"kappe-xhelix-urban-style-flache-kappe","status":"publish","type":"product","link":"https:\/\/iha-race.com\/de\/producto\/kappe-xhelix-urban-style-flache-kappe\/","title":{"rendered":"Xhelix Urban Style Flachm\u00fctze"},"content":{"rendered":"<h2><span data-sheets-value=\"{\"1\":2,\"2\":\"Gorra Xhelix Urban Style Plana\"}\" data-sheets-userformat=\"{\"2\":11073,\"3\":{\"1\":0},\"9\":0,\"11\":4,\"12\":0,\"14\":{\"1\":2,\"2\":0},\"16\":14}\">Xhelix Urban Style Flachm\u00fctze<\/span><\/h2>\n<h3>Eigenschaften<\/h3>\n<ul>\n<li>Flaches Visier<\/li>\n<li>Unter Visier schwarz oder rot, Sie w\u00e4hlen!<\/li>\n<li>Hochwertiges gesticktes 3D-Logo.<\/li>\n<li>Xhelix-Logos auf der R\u00fcckseite und X-Etikett.<\/li>\n<li>Platin-Aufkleber auf der Vorderseite + 1 zus\u00e4tzlicher kostenloser Aufkleber.<\/li>\n<li>Gr\u00f6\u00dfe f\u00fcr Erwachsene ca. 58cm, verstellbar durch Klettverschluss.<\/li>\n<li>Die Kappe hat eine hochwertige Qualit\u00e4t, sowohl in der Textur, der Stickerei und den Materialien.<\/li>\n<\/ul>\n<h3>Das Paket umfasst<\/h3>\n<ul>\n<li>1 x Xhelix Urban Style Flachm\u00fctze<\/li>\n<\/ul>\n","protected":false},"excerpt":{"rendered":"<p>Xhelix Urban Style Flachm\u00fctze Eigenschaften Flaches Visier Unter Visier schwarz oder rot, Sie w\u00e4hlen! Hochwertiges gesticktes 3D-Logo. Xhelix-Logos auf der R\u00fcckseite und X-Etikett. Platin-Aufkleber auf der Vorderseite + 1 zus\u00e4tzlicher<\/p>\n","protected":false},"featured_media":128375,"comment_status":"open","ping_status":"closed","template":"","meta":{"_joinchat":[]},"pwb-brand":[],"product_cat":[2933],"product_tag":[],"class_list":{"0":"post-209369","1":"product","2":"type-product","3":"status-publish","4":"has-post-thumbnail","6":"product_cat-style-fpv-de","8":"first","9":"instock","10":"taxable","11":"shipping-taxable","12":"purchasable","13":"product-type-simple"},"barcode":null,"atum_controlled":true,"out_stock_date":null,"out_stock_threshold":null,"inheritable":false,"stock_on_hold":0,"sold_today":0,"sales_last_days":0,"out_stock_days":0,"lost_sales":0,"update_date":"2026-04-16T08:17:46","atum_locations":[],"atum_stock_status":"instock","restock_status":false,"low_stock_amount":"","sales_update_date":"2026-04-16T08:17:46","calc_backorders":null,"yoast_head":"<!-- This site is optimized with the Yoast SEO plugin v27.3 - https:\/\/yoast.com\/product\/yoast-seo-wordpress\/ -->\n<title>Xhelix Urban Style Flachm\u00fctze - Iha Race<\/title>\n<meta name=\"robots\" content=\"index, follow, max-snippet:-1, max-image-preview:large, max-video-preview:-1\" \/>\n<link rel=\"canonical\" href=\"https:\/\/iha-race.com\/de\/producto\/kappe-xhelix-urban-style-flache-kappe\/\" \/>\n<meta property=\"og:locale\" content=\"de_DE\" \/>\n<meta property=\"og:type\" content=\"article\" \/>\n<meta property=\"og:title\" content=\"Xhelix Urban Style Flachm\u00fctze - Iha Race\" \/>\n<meta property=\"og:description\" content=\"Xhelix Urban Style Flachm\u00fctze Eigenschaften Flaches Visier Unter Visier schwarz oder rot, Sie w\u00e4hlen! Hochwertiges gesticktes 3D-Logo. Xhelix-Logos auf der R\u00fcckseite und X-Etikett. Platin-Aufkleber auf der Vorderseite + 1 zus\u00e4tzlicher\" \/>\n<meta property=\"og:url\" content=\"https:\/\/iha-race.com\/de\/producto\/kappe-xhelix-urban-style-flache-kappe\/\" \/>\n<meta property=\"og:site_name\" content=\"Iha Race\" \/>\n<meta property=\"article:modified_time\" content=\"2024-08-29T10:04:08+00:00\" \/>\n<meta property=\"og:image\" content=\"https:\/\/iha-race.com\/wp-content\/uploads\/2022\/05\/f25137_0d7041e654b4426ba16516f20b603f1c_mv2.webp\" \/>\n\t<meta property=\"og:image:width\" content=\"735\" \/>\n\t<meta property=\"og:image:height\" content=\"551\" \/>\n\t<meta property=\"og:image:type\" content=\"image\/webp\" \/>\n<meta name=\"twitter:card\" content=\"summary_large_image\" \/>\n<script type=\"application\/ld+json\" class=\"yoast-schema-graph\">{\"@context\":\"https:\\\/\\\/schema.org\",\"@graph\":[{\"@type\":\"WebPage\",\"@id\":\"https:\\\/\\\/iha-race.com\\\/de\\\/producto\\\/kappe-xhelix-urban-style-flache-kappe\\\/\",\"url\":\"https:\\\/\\\/iha-race.com\\\/de\\\/producto\\\/kappe-xhelix-urban-style-flache-kappe\\\/\",\"name\":\"Xhelix Urban Style Flachm\u00fctze - Iha Race\",\"isPartOf\":{\"@id\":\"https:\\\/\\\/iha-race.com\\\/de\\\/#website\"},\"primaryImageOfPage\":{\"@id\":\"https:\\\/\\\/iha-race.com\\\/de\\\/producto\\\/kappe-xhelix-urban-style-flache-kappe\\\/#primaryimage\"},\"image\":{\"@id\":\"https:\\\/\\\/iha-race.com\\\/de\\\/producto\\\/kappe-xhelix-urban-style-flache-kappe\\\/#primaryimage\"},\"thumbnailUrl\":\"https:\\\/\\\/iha-race.com\\\/wp-content\\\/uploads\\\/2022\\\/05\\\/f25137_0d7041e654b4426ba16516f20b603f1c_mv2.webp\",\"datePublished\":\"2022-05-26T16:15:21+00:00\",\"dateModified\":\"2024-08-29T10:04:08+00:00\",\"breadcrumb\":{\"@id\":\"https:\\\/\\\/iha-race.com\\\/de\\\/producto\\\/kappe-xhelix-urban-style-flache-kappe\\\/#breadcrumb\"},\"inLanguage\":\"de\",\"potentialAction\":[{\"@type\":\"ReadAction\",\"target\":[\"https:\\\/\\\/iha-race.com\\\/de\\\/producto\\\/kappe-xhelix-urban-style-flache-kappe\\\/\"]}]},{\"@type\":\"ImageObject\",\"inLanguage\":\"de\",\"@id\":\"https:\\\/\\\/iha-race.com\\\/de\\\/producto\\\/kappe-xhelix-urban-style-flache-kappe\\\/#primaryimage\",\"url\":\"https:\\\/\\\/iha-race.com\\\/wp-content\\\/uploads\\\/2022\\\/05\\\/f25137_0d7041e654b4426ba16516f20b603f1c_mv2.webp\",\"contentUrl\":\"https:\\\/\\\/iha-race.com\\\/wp-content\\\/uploads\\\/2022\\\/05\\\/f25137_0d7041e654b4426ba16516f20b603f1c_mv2.webp\",\"width\":735,\"height\":551},{\"@type\":\"BreadcrumbList\",\"@id\":\"https:\\\/\\\/iha-race.com\\\/de\\\/producto\\\/kappe-xhelix-urban-style-flache-kappe\\\/#breadcrumb\",\"itemListElement\":[{\"@type\":\"ListItem\",\"position\":1,\"name\":\"Portada\",\"item\":\"https:\\\/\\\/iha-race.com\\\/de\\\/elementor-499\\\/\"},{\"@type\":\"ListItem\",\"position\":2,\"name\":\"Shop\",\"item\":\"https:\\\/\\\/iha-race.com\\\/de\\\/shop\\\/\"},{\"@type\":\"ListItem\",\"position\":3,\"name\":\"Xhelix Urban Style Flachm\u00fctze\"}]},{\"@type\":\"WebSite\",\"@id\":\"https:\\\/\\\/iha-race.com\\\/de\\\/#website\",\"url\":\"https:\\\/\\\/iha-race.com\\\/de\\\/\",\"name\":\"Iha Race\",\"description\":\"Comprar drones de carreras FPV env\u00edos en un d\u00eda desde Espa\u00f1a\",\"publisher\":{\"@id\":\"https:\\\/\\\/iha-race.com\\\/de\\\/#organization\"},\"potentialAction\":[{\"@type\":\"SearchAction\",\"target\":{\"@type\":\"EntryPoint\",\"urlTemplate\":\"https:\\\/\\\/iha-race.com\\\/de\\\/?s={search_term_string}\"},\"query-input\":{\"@type\":\"PropertyValueSpecification\",\"valueRequired\":true,\"valueName\":\"search_term_string\"}}],\"inLanguage\":\"de\"},{\"@type\":\"Organization\",\"@id\":\"https:\\\/\\\/iha-race.com\\\/de\\\/#organization\",\"name\":\"Iha Race\",\"url\":\"https:\\\/\\\/iha-race.com\\\/de\\\/\",\"logo\":{\"@type\":\"ImageObject\",\"inLanguage\":\"de\",\"@id\":\"https:\\\/\\\/iha-race.com\\\/de\\\/#\\\/schema\\\/logo\\\/image\\\/\",\"url\":\"https:\\\/\\\/iha-race.com\\\/wp-content\\\/uploads\\\/2018\\\/07\\\/iha-race-drones-de-carreras-tienda-comprar-drones.png\",\"contentUrl\":\"https:\\\/\\\/iha-race.com\\\/wp-content\\\/uploads\\\/2018\\\/07\\\/iha-race-drones-de-carreras-tienda-comprar-drones.png\",\"width\":300,\"height\":100,\"caption\":\"Iha Race\"},\"image\":{\"@id\":\"https:\\\/\\\/iha-race.com\\\/de\\\/#\\\/schema\\\/logo\\\/image\\\/\"}}]}<\/script>\n<!-- \/ Yoast SEO plugin. -->","yoast_head_json":{"title":"Xhelix Urban Style Flachm\u00fctze - Iha Race","robots":{"index":"index","follow":"follow","max-snippet":"max-snippet:-1","max-image-preview":"max-image-preview:large","max-video-preview":"max-video-preview:-1"},"canonical":"https:\/\/iha-race.com\/de\/producto\/kappe-xhelix-urban-style-flache-kappe\/","og_locale":"de_DE","og_type":"article","og_title":"Xhelix Urban Style Flachm\u00fctze - Iha Race","og_description":"Xhelix Urban Style Flachm\u00fctze Eigenschaften Flaches Visier Unter Visier schwarz oder rot, Sie w\u00e4hlen! Hochwertiges gesticktes 3D-Logo. Xhelix-Logos auf der R\u00fcckseite und X-Etikett. Platin-Aufkleber auf der Vorderseite + 1 zus\u00e4tzlicher","og_url":"https:\/\/iha-race.com\/de\/producto\/kappe-xhelix-urban-style-flache-kappe\/","og_site_name":"Iha Race","article_modified_time":"2024-08-29T10:04:08+00:00","og_image":[{"width":735,"height":551,"url":"https:\/\/iha-race.com\/wp-content\/uploads\/2022\/05\/f25137_0d7041e654b4426ba16516f20b603f1c_mv2.webp","type":"image\/webp"}],"twitter_card":"summary_large_image","schema":{"@context":"https:\/\/schema.org","@graph":[{"@type":"WebPage","@id":"https:\/\/iha-race.com\/de\/producto\/kappe-xhelix-urban-style-flache-kappe\/","url":"https:\/\/iha-race.com\/de\/producto\/kappe-xhelix-urban-style-flache-kappe\/","name":"Xhelix Urban Style Flachm\u00fctze - Iha Race","isPartOf":{"@id":"https:\/\/iha-race.com\/de\/#website"},"primaryImageOfPage":{"@id":"https:\/\/iha-race.com\/de\/producto\/kappe-xhelix-urban-style-flache-kappe\/#primaryimage"},"image":{"@id":"https:\/\/iha-race.com\/de\/producto\/kappe-xhelix-urban-style-flache-kappe\/#primaryimage"},"thumbnailUrl":"https:\/\/iha-race.com\/wp-content\/uploads\/2022\/05\/f25137_0d7041e654b4426ba16516f20b603f1c_mv2.webp","datePublished":"2022-05-26T16:15:21+00:00","dateModified":"2024-08-29T10:04:08+00:00","breadcrumb":{"@id":"https:\/\/iha-race.com\/de\/producto\/kappe-xhelix-urban-style-flache-kappe\/#breadcrumb"},"inLanguage":"de","potentialAction":[{"@type":"ReadAction","target":["https:\/\/iha-race.com\/de\/producto\/kappe-xhelix-urban-style-flache-kappe\/"]}]},{"@type":"ImageObject","inLanguage":"de","@id":"https:\/\/iha-race.com\/de\/producto\/kappe-xhelix-urban-style-flache-kappe\/#primaryimage","url":"https:\/\/iha-race.com\/wp-content\/uploads\/2022\/05\/f25137_0d7041e654b4426ba16516f20b603f1c_mv2.webp","contentUrl":"https:\/\/iha-race.com\/wp-content\/uploads\/2022\/05\/f25137_0d7041e654b4426ba16516f20b603f1c_mv2.webp","width":735,"height":551},{"@type":"BreadcrumbList","@id":"https:\/\/iha-race.com\/de\/producto\/kappe-xhelix-urban-style-flache-kappe\/#breadcrumb","itemListElement":[{"@type":"ListItem","position":1,"name":"Portada","item":"https:\/\/iha-race.com\/de\/elementor-499\/"},{"@type":"ListItem","position":2,"name":"Shop","item":"https:\/\/iha-race.com\/de\/shop\/"},{"@type":"ListItem","position":3,"name":"Xhelix Urban Style Flachm\u00fctze"}]},{"@type":"WebSite","@id":"https:\/\/iha-race.com\/de\/#website","url":"https:\/\/iha-race.com\/de\/","name":"Iha Race","description":"Comprar drones de carreras FPV env\u00edos en un d\u00eda desde Espa\u00f1a","publisher":{"@id":"https:\/\/iha-race.com\/de\/#organization"},"potentialAction":[{"@type":"SearchAction","target":{"@type":"EntryPoint","urlTemplate":"https:\/\/iha-race.com\/de\/?s={search_term_string}"},"query-input":{"@type":"PropertyValueSpecification","valueRequired":true,"valueName":"search_term_string"}}],"inLanguage":"de"},{"@type":"Organization","@id":"https:\/\/iha-race.com\/de\/#organization","name":"Iha Race","url":"https:\/\/iha-race.com\/de\/","logo":{"@type":"ImageObject","inLanguage":"de","@id":"https:\/\/iha-race.com\/de\/#\/schema\/logo\/image\/","url":"https:\/\/iha-race.com\/wp-content\/uploads\/2018\/07\/iha-race-drones-de-carreras-tienda-comprar-drones.png","contentUrl":"https:\/\/iha-race.com\/wp-content\/uploads\/2018\/07\/iha-race-drones-de-carreras-tienda-comprar-drones.png","width":300,"height":100,"caption":"Iha Race"},"image":{"@id":"https:\/\/iha-race.com\/de\/#\/schema\/logo\/image\/"}}]}},"brands":[],"_links":{"self":[{"href":"https:\/\/iha-race.com\/de\/wp-json\/wp\/v2\/product\/209369","targetHints":{"allow":["GET"]}}],"collection":[{"href":"https:\/\/iha-race.com\/de\/wp-json\/wp\/v2\/product"}],"about":[{"href":"https:\/\/iha-race.com\/de\/wp-json\/wp\/v2\/types\/product"}],"replies":[{"embeddable":true,"href":"https:\/\/iha-race.com\/de\/wp-json\/wp\/v2\/comments?post=209369"}],"version-history":[{"count":1,"href":"https:\/\/iha-race.com\/de\/wp-json\/wp\/v2\/product\/209369\/revisions"}],"predecessor-version":[{"id":211752,"href":"https:\/\/iha-race.com\/de\/wp-json\/wp\/v2\/product\/209369\/revisions\/211752"}],"wp:featuredmedia":[{"embeddable":true,"href":"https:\/\/iha-race.com\/de\/wp-json\/wp\/v2\/media\/128375"}],"wp:attachment":[{"href":"https:\/\/iha-race.com\/de\/wp-json\/wp\/v2\/media?parent=209369"}],"wp:term":[{"taxonomy":"pwb-brand","embeddable":true,"href":"https:\/\/iha-race.com\/de\/wp-json\/wp\/v2\/pwb-brand?post=209369"},{"taxonomy":"product_cat","embeddable":true,"href":"https:\/\/iha-race.com\/de\/wp-json\/wp\/v2\/product_cat?post=209369"},{"taxonomy":"product_tag","embeddable":true,"href":"https:\/\/iha-race.com\/de\/wp-json\/wp\/v2\/product_tag?post=209369"}],"curies":[{"name":"wp","href":"https:\/\/api.w.org\/{rel}","templated":true}]}}