{"id":209366,"date":"2022-03-24T15:33:07","date_gmt":"2022-03-24T14:33:07","guid":{"rendered":"https:\/\/iha-race.com\/producto\/adapterstecker-xt30-buchse-auf-xt60-stecker\/"},"modified":"2026-01-16T07:46:18","modified_gmt":"2026-01-16T06:46:18","slug":"stecker-adapter-xt30-buchse-auf-stecker-xt60-stecker","status":"publish","type":"product","link":"https:\/\/iha-race.com\/de\/producto\/stecker-adapter-xt30-buchse-auf-stecker-xt60-stecker\/","title":{"rendered":"Adapterstecker XT30 Buchse auf XT60 Stecker"},"content":{"rendered":"<h2>Adapterstecker XT30 Buchse auf XT60 Stecker<\/h2>\n<p>Der XT30-Anschluss kann an den Akku und der XT60-Ausgang an Ihre Drohne angeschlossen werden.<\/p>\n<h3>Das Paket enth\u00e4lt:<\/h3>\n<ul>\n<li>1 x Stecker-Adapter XT30 auf XT60<\/li>\n<\/ul>\n<p>&nbsp;<\/p>\n<p>&nbsp;<\/p>\n","protected":false},"excerpt":{"rendered":"<p>Adapterstecker XT30 Buchse auf XT60 Stecker Der XT30-Anschluss kann an den Akku und der XT60-Ausgang an Ihre Drohne angeschlossen werden. Das Paket enth\u00e4lt: 1 x Stecker-Adapter XT30 auf XT60 &nbsp;<\/p>\n","protected":false},"featured_media":128148,"comment_status":"open","ping_status":"closed","template":"","meta":{"_joinchat":[]},"pwb-brand":[],"product_cat":[25,142,139],"product_tag":[],"class_list":{"0":"post-209366","1":"product","2":"type-product","3":"status-publish","4":"has-post-thumbnail","6":"product_cat-balanceadores","7":"product_cat-conectores","8":"product_cat-accesorios-de-drones","10":"first","11":"instock","12":"taxable","13":"shipping-taxable","14":"purchasable","15":"product-type-simple"},"barcode":null,"atum_controlled":true,"out_stock_date":null,"out_stock_threshold":null,"inheritable":false,"stock_on_hold":0,"sold_today":0,"sales_last_days":0,"out_stock_days":0,"lost_sales":0,"update_date":"2026-04-16T08:17:37","atum_locations":[],"atum_stock_status":"instock","restock_status":false,"low_stock_amount":"","sales_update_date":"2026-04-16T08:17:37","calc_backorders":null,"yoast_head":"<!-- This site is optimized with the Yoast SEO plugin v27.3 - https:\/\/yoast.com\/product\/yoast-seo-wordpress\/ -->\n<title>Adapterstecker XT30 Buchse auf XT60 Stecker - Iha Race<\/title>\n<meta name=\"robots\" content=\"index, follow, max-snippet:-1, max-image-preview:large, max-video-preview:-1\" \/>\n<link rel=\"canonical\" href=\"https:\/\/iha-race.com\/de\/producto\/stecker-adapter-xt30-buchse-auf-stecker-xt60-stecker\/\" \/>\n<meta property=\"og:locale\" content=\"de_DE\" \/>\n<meta property=\"og:type\" content=\"article\" \/>\n<meta property=\"og:title\" content=\"Adapterstecker XT30 Buchse auf XT60 Stecker - Iha Race\" \/>\n<meta property=\"og:description\" content=\"Adapterstecker XT30 Buchse auf XT60 Stecker Der XT30-Anschluss kann an den Akku und der XT60-Ausgang an Ihre Drohne angeschlossen werden. Das Paket enth\u00e4lt: 1 x Stecker-Adapter XT30 auf XT60 &nbsp;\" \/>\n<meta property=\"og:url\" content=\"https:\/\/iha-race.com\/de\/producto\/stecker-adapter-xt30-buchse-auf-stecker-xt60-stecker\/\" \/>\n<meta property=\"og:site_name\" content=\"Iha Race\" \/>\n<meta property=\"article:modified_time\" content=\"2026-01-16T06:46:18+00:00\" \/>\n<meta property=\"og:image\" content=\"https:\/\/iha-race.com\/wp-content\/uploads\/2022\/03\/H7b22d805c5cf42168b1161e38426f97a0-1.jpg\" \/>\n\t<meta property=\"og:image:width\" content=\"778\" \/>\n\t<meta property=\"og:image:height\" content=\"721\" \/>\n\t<meta property=\"og:image:type\" content=\"image\/jpeg\" \/>\n<meta name=\"twitter:card\" content=\"summary_large_image\" \/>\n<script type=\"application\/ld+json\" class=\"yoast-schema-graph\">{\"@context\":\"https:\\\/\\\/schema.org\",\"@graph\":[{\"@type\":\"WebPage\",\"@id\":\"https:\\\/\\\/iha-race.com\\\/de\\\/producto\\\/stecker-adapter-xt30-buchse-auf-stecker-xt60-stecker\\\/\",\"url\":\"https:\\\/\\\/iha-race.com\\\/de\\\/producto\\\/stecker-adapter-xt30-buchse-auf-stecker-xt60-stecker\\\/\",\"name\":\"Adapterstecker XT30 Buchse auf XT60 Stecker - Iha Race\",\"isPartOf\":{\"@id\":\"https:\\\/\\\/iha-race.com\\\/de\\\/#website\"},\"primaryImageOfPage\":{\"@id\":\"https:\\\/\\\/iha-race.com\\\/de\\\/producto\\\/stecker-adapter-xt30-buchse-auf-stecker-xt60-stecker\\\/#primaryimage\"},\"image\":{\"@id\":\"https:\\\/\\\/iha-race.com\\\/de\\\/producto\\\/stecker-adapter-xt30-buchse-auf-stecker-xt60-stecker\\\/#primaryimage\"},\"thumbnailUrl\":\"https:\\\/\\\/iha-race.com\\\/wp-content\\\/uploads\\\/2022\\\/03\\\/H7b22d805c5cf42168b1161e38426f97a0-1.jpg\",\"datePublished\":\"2022-03-24T14:33:07+00:00\",\"dateModified\":\"2026-01-16T06:46:18+00:00\",\"breadcrumb\":{\"@id\":\"https:\\\/\\\/iha-race.com\\\/de\\\/producto\\\/stecker-adapter-xt30-buchse-auf-stecker-xt60-stecker\\\/#breadcrumb\"},\"inLanguage\":\"de\",\"potentialAction\":[{\"@type\":\"ReadAction\",\"target\":[\"https:\\\/\\\/iha-race.com\\\/de\\\/producto\\\/stecker-adapter-xt30-buchse-auf-stecker-xt60-stecker\\\/\"]}]},{\"@type\":\"ImageObject\",\"inLanguage\":\"de\",\"@id\":\"https:\\\/\\\/iha-race.com\\\/de\\\/producto\\\/stecker-adapter-xt30-buchse-auf-stecker-xt60-stecker\\\/#primaryimage\",\"url\":\"https:\\\/\\\/iha-race.com\\\/wp-content\\\/uploads\\\/2022\\\/03\\\/H7b22d805c5cf42168b1161e38426f97a0-1.jpg\",\"contentUrl\":\"https:\\\/\\\/iha-race.com\\\/wp-content\\\/uploads\\\/2022\\\/03\\\/H7b22d805c5cf42168b1161e38426f97a0-1.jpg\",\"width\":778,\"height\":721},{\"@type\":\"BreadcrumbList\",\"@id\":\"https:\\\/\\\/iha-race.com\\\/de\\\/producto\\\/stecker-adapter-xt30-buchse-auf-stecker-xt60-stecker\\\/#breadcrumb\",\"itemListElement\":[{\"@type\":\"ListItem\",\"position\":1,\"name\":\"Portada\",\"item\":\"https:\\\/\\\/iha-race.com\\\/de\\\/elementor-499\\\/\"},{\"@type\":\"ListItem\",\"position\":2,\"name\":\"Shop\",\"item\":\"https:\\\/\\\/iha-race.com\\\/de\\\/shop\\\/\"},{\"@type\":\"ListItem\",\"position\":3,\"name\":\"Adapterstecker XT30 Buchse auf XT60 Stecker\"}]},{\"@type\":\"WebSite\",\"@id\":\"https:\\\/\\\/iha-race.com\\\/de\\\/#website\",\"url\":\"https:\\\/\\\/iha-race.com\\\/de\\\/\",\"name\":\"Iha Race\",\"description\":\"Comprar drones de carreras FPV env\u00edos en un d\u00eda desde Espa\u00f1a\",\"publisher\":{\"@id\":\"https:\\\/\\\/iha-race.com\\\/de\\\/#organization\"},\"potentialAction\":[{\"@type\":\"SearchAction\",\"target\":{\"@type\":\"EntryPoint\",\"urlTemplate\":\"https:\\\/\\\/iha-race.com\\\/de\\\/?s={search_term_string}\"},\"query-input\":{\"@type\":\"PropertyValueSpecification\",\"valueRequired\":true,\"valueName\":\"search_term_string\"}}],\"inLanguage\":\"de\"},{\"@type\":\"Organization\",\"@id\":\"https:\\\/\\\/iha-race.com\\\/de\\\/#organization\",\"name\":\"Iha Race\",\"url\":\"https:\\\/\\\/iha-race.com\\\/de\\\/\",\"logo\":{\"@type\":\"ImageObject\",\"inLanguage\":\"de\",\"@id\":\"https:\\\/\\\/iha-race.com\\\/de\\\/#\\\/schema\\\/logo\\\/image\\\/\",\"url\":\"https:\\\/\\\/iha-race.com\\\/wp-content\\\/uploads\\\/2018\\\/07\\\/iha-race-drones-de-carreras-tienda-comprar-drones.png\",\"contentUrl\":\"https:\\\/\\\/iha-race.com\\\/wp-content\\\/uploads\\\/2018\\\/07\\\/iha-race-drones-de-carreras-tienda-comprar-drones.png\",\"width\":300,\"height\":100,\"caption\":\"Iha Race\"},\"image\":{\"@id\":\"https:\\\/\\\/iha-race.com\\\/de\\\/#\\\/schema\\\/logo\\\/image\\\/\"}}]}<\/script>\n<!-- \/ Yoast SEO plugin. -->","yoast_head_json":{"title":"Adapterstecker XT30 Buchse auf XT60 Stecker - Iha Race","robots":{"index":"index","follow":"follow","max-snippet":"max-snippet:-1","max-image-preview":"max-image-preview:large","max-video-preview":"max-video-preview:-1"},"canonical":"https:\/\/iha-race.com\/de\/producto\/stecker-adapter-xt30-buchse-auf-stecker-xt60-stecker\/","og_locale":"de_DE","og_type":"article","og_title":"Adapterstecker XT30 Buchse auf XT60 Stecker - Iha Race","og_description":"Adapterstecker XT30 Buchse auf XT60 Stecker Der XT30-Anschluss kann an den Akku und der XT60-Ausgang an Ihre Drohne angeschlossen werden. Das Paket enth\u00e4lt: 1 x Stecker-Adapter XT30 auf XT60 &nbsp;","og_url":"https:\/\/iha-race.com\/de\/producto\/stecker-adapter-xt30-buchse-auf-stecker-xt60-stecker\/","og_site_name":"Iha Race","article_modified_time":"2026-01-16T06:46:18+00:00","og_image":[{"width":778,"height":721,"url":"https:\/\/iha-race.com\/wp-content\/uploads\/2022\/03\/H7b22d805c5cf42168b1161e38426f97a0-1.jpg","type":"image\/jpeg"}],"twitter_card":"summary_large_image","schema":{"@context":"https:\/\/schema.org","@graph":[{"@type":"WebPage","@id":"https:\/\/iha-race.com\/de\/producto\/stecker-adapter-xt30-buchse-auf-stecker-xt60-stecker\/","url":"https:\/\/iha-race.com\/de\/producto\/stecker-adapter-xt30-buchse-auf-stecker-xt60-stecker\/","name":"Adapterstecker XT30 Buchse auf XT60 Stecker - Iha Race","isPartOf":{"@id":"https:\/\/iha-race.com\/de\/#website"},"primaryImageOfPage":{"@id":"https:\/\/iha-race.com\/de\/producto\/stecker-adapter-xt30-buchse-auf-stecker-xt60-stecker\/#primaryimage"},"image":{"@id":"https:\/\/iha-race.com\/de\/producto\/stecker-adapter-xt30-buchse-auf-stecker-xt60-stecker\/#primaryimage"},"thumbnailUrl":"https:\/\/iha-race.com\/wp-content\/uploads\/2022\/03\/H7b22d805c5cf42168b1161e38426f97a0-1.jpg","datePublished":"2022-03-24T14:33:07+00:00","dateModified":"2026-01-16T06:46:18+00:00","breadcrumb":{"@id":"https:\/\/iha-race.com\/de\/producto\/stecker-adapter-xt30-buchse-auf-stecker-xt60-stecker\/#breadcrumb"},"inLanguage":"de","potentialAction":[{"@type":"ReadAction","target":["https:\/\/iha-race.com\/de\/producto\/stecker-adapter-xt30-buchse-auf-stecker-xt60-stecker\/"]}]},{"@type":"ImageObject","inLanguage":"de","@id":"https:\/\/iha-race.com\/de\/producto\/stecker-adapter-xt30-buchse-auf-stecker-xt60-stecker\/#primaryimage","url":"https:\/\/iha-race.com\/wp-content\/uploads\/2022\/03\/H7b22d805c5cf42168b1161e38426f97a0-1.jpg","contentUrl":"https:\/\/iha-race.com\/wp-content\/uploads\/2022\/03\/H7b22d805c5cf42168b1161e38426f97a0-1.jpg","width":778,"height":721},{"@type":"BreadcrumbList","@id":"https:\/\/iha-race.com\/de\/producto\/stecker-adapter-xt30-buchse-auf-stecker-xt60-stecker\/#breadcrumb","itemListElement":[{"@type":"ListItem","position":1,"name":"Portada","item":"https:\/\/iha-race.com\/de\/elementor-499\/"},{"@type":"ListItem","position":2,"name":"Shop","item":"https:\/\/iha-race.com\/de\/shop\/"},{"@type":"ListItem","position":3,"name":"Adapterstecker XT30 Buchse auf XT60 Stecker"}]},{"@type":"WebSite","@id":"https:\/\/iha-race.com\/de\/#website","url":"https:\/\/iha-race.com\/de\/","name":"Iha Race","description":"Comprar drones de carreras FPV env\u00edos en un d\u00eda desde Espa\u00f1a","publisher":{"@id":"https:\/\/iha-race.com\/de\/#organization"},"potentialAction":[{"@type":"SearchAction","target":{"@type":"EntryPoint","urlTemplate":"https:\/\/iha-race.com\/de\/?s={search_term_string}"},"query-input":{"@type":"PropertyValueSpecification","valueRequired":true,"valueName":"search_term_string"}}],"inLanguage":"de"},{"@type":"Organization","@id":"https:\/\/iha-race.com\/de\/#organization","name":"Iha Race","url":"https:\/\/iha-race.com\/de\/","logo":{"@type":"ImageObject","inLanguage":"de","@id":"https:\/\/iha-race.com\/de\/#\/schema\/logo\/image\/","url":"https:\/\/iha-race.com\/wp-content\/uploads\/2018\/07\/iha-race-drones-de-carreras-tienda-comprar-drones.png","contentUrl":"https:\/\/iha-race.com\/wp-content\/uploads\/2018\/07\/iha-race-drones-de-carreras-tienda-comprar-drones.png","width":300,"height":100,"caption":"Iha Race"},"image":{"@id":"https:\/\/iha-race.com\/de\/#\/schema\/logo\/image\/"}}]}},"brands":[],"_links":{"self":[{"href":"https:\/\/iha-race.com\/de\/wp-json\/wp\/v2\/product\/209366","targetHints":{"allow":["GET"]}}],"collection":[{"href":"https:\/\/iha-race.com\/de\/wp-json\/wp\/v2\/product"}],"about":[{"href":"https:\/\/iha-race.com\/de\/wp-json\/wp\/v2\/types\/product"}],"replies":[{"embeddable":true,"href":"https:\/\/iha-race.com\/de\/wp-json\/wp\/v2\/comments?post=209366"}],"version-history":[{"count":1,"href":"https:\/\/iha-race.com\/de\/wp-json\/wp\/v2\/product\/209366\/revisions"}],"predecessor-version":[{"id":211981,"href":"https:\/\/iha-race.com\/de\/wp-json\/wp\/v2\/product\/209366\/revisions\/211981"}],"wp:featuredmedia":[{"embeddable":true,"href":"https:\/\/iha-race.com\/de\/wp-json\/wp\/v2\/media\/128148"}],"wp:attachment":[{"href":"https:\/\/iha-race.com\/de\/wp-json\/wp\/v2\/media?parent=209366"}],"wp:term":[{"taxonomy":"pwb-brand","embeddable":true,"href":"https:\/\/iha-race.com\/de\/wp-json\/wp\/v2\/pwb-brand?post=209366"},{"taxonomy":"product_cat","embeddable":true,"href":"https:\/\/iha-race.com\/de\/wp-json\/wp\/v2\/product_cat?post=209366"},{"taxonomy":"product_tag","embeddable":true,"href":"https:\/\/iha-race.com\/de\/wp-json\/wp\/v2\/product_tag?post=209366"}],"curies":[{"name":"wp","href":"https:\/\/api.w.org\/{rel}","templated":true}]}}