{"id":209323,"date":"2021-10-08T13:18:40","date_gmt":"2021-10-08T11:18:40","guid":{"rendered":"https:\/\/iha-race.com\/producto\/dji-fpv-antenne-fuer-antenneneinheit-2-stueck\/"},"modified":"2026-03-21T12:49:54","modified_gmt":"2026-03-21T11:49:54","slug":"antennen-einheit-antenne-einheit-dji-fpv-2-einheiten","status":"publish","type":"product","link":"https:\/\/iha-race.com\/de\/producto\/antennen-einheit-antenne-einheit-dji-fpv-2-einheiten\/","title":{"rendered":"DJI FPV Antenne f\u00fcr Antenneneinheit (2 St\u00fcck)"},"content":{"rendered":"<h2>DJI FPV Antenne f\u00fcr Antenneneinheit (2 St\u00fcck)<\/h2>\n<p>  Die DJI FPV Air Unit LHCP-Antenne ist klein und leicht (nur 6 g), ohne dass sie an Leistung einb\u00fc\u00dft. Er hat eine hohe maximale Verst\u00e4rkung von 2 dB und ein Achsenverh\u00e4ltnis von 3dB bei 5,8GHz, was eine bessere Reichweite und Durchdringung erm\u00f6glicht. Es verf\u00fcgt \u00fcber eine gro\u00dfe Bandbreite, die das beliebte 5GHz FPV-Band von 5,4GHz-6GHz abdeckt, so dass Sie ein klares und starkes Signal haben, egal auf welcher Frequenz Sie sich befinden.  <\/p>\n<h3>Ratschl\u00e4ge:<\/h3>\n<ul>\n<li>Halten Sie zwischen den Antennen der Antenneneinheit einen Abstand von mindestens 40 mm ein.<\/li>\n<li>Halten Sie das L\u00fcftungsger\u00e4t von Metallgegenst\u00e4nden oder Kohlefaserrahmen fern. Achten Sie darauf, eine Position zu w\u00e4hlen, in der das Getriebe w\u00e4hrend des Fluges nicht blockiert.<\/li>\n<\/ul>\n<p>&nbsp;<\/p>\n<h3>Spezifikationen:<\/h3>\n<ul>\n<li><strong>VSWR:<\/strong> &lt;2 Frequenzbereich: 5,4GHz-6GHz, 2 dB Gewinn und 3dB Achsabstand bei 5,8GHz<\/li>\n<li><strong>Gr\u00f6\u00dfe:<\/strong> 12,7 \u00d7 12,7 \u00d7 55 mm<\/li>\n<li><strong>Gewicht:<\/strong> 6g<\/li>\n<li><strong>Kompatibel<\/strong> mit DJI FPV Air Einheit<\/li>\n<\/ul>\n<h3><\/h3>\n<h3>Das Paket enth\u00e4lt:<\/h3>\n<ul>\n<li>2 x DJI FPV Antenne f\u00fcr die Antenneneinheit (RP-SMA)<\/li>\n<\/ul>\n","protected":false},"excerpt":{"rendered":"<p>DJI FPV Antenne f\u00fcr Antenneneinheit (2 St\u00fcck) Die DJI FPV Air Unit LHCP-Antenne ist klein und leicht (nur 6 g), ohne dass sie an Leistung einb\u00fc\u00dft. Er hat eine hohe<\/p>\n","protected":false},"featured_media":127685,"comment_status":"open","ping_status":"closed","template":"","meta":{"_joinchat":[]},"pwb-brand":[3571],"product_cat":[1180],"product_tag":[],"class_list":{"0":"post-209323","1":"product","2":"type-product","3":"status-publish","4":"has-post-thumbnail","6":"pwb-brand-iflight","7":"product_cat-antenne-fpv","9":"first","10":"instock","11":"taxable","12":"shipping-taxable","13":"purchasable","14":"product-type-simple"},"barcode":null,"atum_controlled":true,"out_stock_date":null,"out_stock_threshold":null,"inheritable":false,"stock_on_hold":0,"sold_today":0,"sales_last_days":0,"out_stock_days":0,"lost_sales":0,"update_date":"2026-04-22T09:53:10","atum_locations":[],"atum_stock_status":"instock","restock_status":false,"low_stock_amount":"","sales_update_date":"2026-04-22T09:53:10","calc_backorders":null,"yoast_head":"<!-- This site is optimized with the Yoast SEO plugin v27.3 - https:\/\/yoast.com\/product\/yoast-seo-wordpress\/ -->\n<title>DJI FPV Antenne f\u00fcr Antenneneinheit (2 St\u00fcck) - Iha Race<\/title>\n<meta name=\"robots\" content=\"index, follow, max-snippet:-1, max-image-preview:large, max-video-preview:-1\" \/>\n<link rel=\"canonical\" href=\"https:\/\/iha-race.com\/de\/producto\/antennen-einheit-antenne-einheit-dji-fpv-2-einheiten\/\" \/>\n<meta property=\"og:locale\" content=\"de_DE\" \/>\n<meta property=\"og:type\" content=\"article\" \/>\n<meta property=\"og:title\" content=\"DJI FPV Antenne f\u00fcr Antenneneinheit (2 St\u00fcck) - Iha Race\" \/>\n<meta property=\"og:description\" content=\"DJI FPV Antenne f\u00fcr Antenneneinheit (2 St\u00fcck) Die DJI FPV Air Unit LHCP-Antenne ist klein und leicht (nur 6 g), ohne dass sie an Leistung einb\u00fc\u00dft. Er hat eine hohe\" \/>\n<meta property=\"og:url\" content=\"https:\/\/iha-race.com\/de\/producto\/antennen-einheit-antenne-einheit-dji-fpv-2-einheiten\/\" \/>\n<meta property=\"og:site_name\" content=\"Iha Race\" \/>\n<meta property=\"article:modified_time\" content=\"2026-03-21T11:49:54+00:00\" \/>\n<meta property=\"og:image\" content=\"https:\/\/iha-race.com\/wp-content\/uploads\/2021\/10\/Antena-de-unidad-aerea-DJI-FPV-2-Unidades.jpg\" \/>\n\t<meta property=\"og:image:width\" content=\"1000\" \/>\n\t<meta property=\"og:image:height\" content=\"1000\" \/>\n\t<meta property=\"og:image:type\" content=\"image\/jpeg\" \/>\n<meta name=\"twitter:card\" content=\"summary_large_image\" \/>\n<meta name=\"twitter:label1\" content=\"Gesch\u00e4tzte Lesezeit\" \/>\n\t<meta name=\"twitter:data1\" content=\"1\u00a0Minute\" \/>\n<script type=\"application\/ld+json\" class=\"yoast-schema-graph\">{\"@context\":\"https:\\\/\\\/schema.org\",\"@graph\":[{\"@type\":\"WebPage\",\"@id\":\"https:\\\/\\\/iha-race.com\\\/de\\\/producto\\\/antennen-einheit-antenne-einheit-dji-fpv-2-einheiten\\\/\",\"url\":\"https:\\\/\\\/iha-race.com\\\/de\\\/producto\\\/antennen-einheit-antenne-einheit-dji-fpv-2-einheiten\\\/\",\"name\":\"DJI FPV Antenne f\u00fcr Antenneneinheit (2 St\u00fcck) - Iha Race\",\"isPartOf\":{\"@id\":\"https:\\\/\\\/iha-race.com\\\/de\\\/#website\"},\"primaryImageOfPage\":{\"@id\":\"https:\\\/\\\/iha-race.com\\\/de\\\/producto\\\/antennen-einheit-antenne-einheit-dji-fpv-2-einheiten\\\/#primaryimage\"},\"image\":{\"@id\":\"https:\\\/\\\/iha-race.com\\\/de\\\/producto\\\/antennen-einheit-antenne-einheit-dji-fpv-2-einheiten\\\/#primaryimage\"},\"thumbnailUrl\":\"https:\\\/\\\/iha-race.com\\\/wp-content\\\/uploads\\\/2021\\\/10\\\/Antena-de-unidad-aerea-DJI-FPV-2-Unidades.jpg\",\"datePublished\":\"2021-10-08T11:18:40+00:00\",\"dateModified\":\"2026-03-21T11:49:54+00:00\",\"breadcrumb\":{\"@id\":\"https:\\\/\\\/iha-race.com\\\/de\\\/producto\\\/antennen-einheit-antenne-einheit-dji-fpv-2-einheiten\\\/#breadcrumb\"},\"inLanguage\":\"de\",\"potentialAction\":[{\"@type\":\"ReadAction\",\"target\":[\"https:\\\/\\\/iha-race.com\\\/de\\\/producto\\\/antennen-einheit-antenne-einheit-dji-fpv-2-einheiten\\\/\"]}]},{\"@type\":\"ImageObject\",\"inLanguage\":\"de\",\"@id\":\"https:\\\/\\\/iha-race.com\\\/de\\\/producto\\\/antennen-einheit-antenne-einheit-dji-fpv-2-einheiten\\\/#primaryimage\",\"url\":\"https:\\\/\\\/iha-race.com\\\/wp-content\\\/uploads\\\/2021\\\/10\\\/Antena-de-unidad-aerea-DJI-FPV-2-Unidades.jpg\",\"contentUrl\":\"https:\\\/\\\/iha-race.com\\\/wp-content\\\/uploads\\\/2021\\\/10\\\/Antena-de-unidad-aerea-DJI-FPV-2-Unidades.jpg\",\"width\":1000,\"height\":1000},{\"@type\":\"BreadcrumbList\",\"@id\":\"https:\\\/\\\/iha-race.com\\\/de\\\/producto\\\/antennen-einheit-antenne-einheit-dji-fpv-2-einheiten\\\/#breadcrumb\",\"itemListElement\":[{\"@type\":\"ListItem\",\"position\":1,\"name\":\"Portada\",\"item\":\"https:\\\/\\\/iha-race.com\\\/de\\\/elementor-499\\\/\"},{\"@type\":\"ListItem\",\"position\":2,\"name\":\"Shop\",\"item\":\"https:\\\/\\\/iha-race.com\\\/de\\\/shop\\\/\"},{\"@type\":\"ListItem\",\"position\":3,\"name\":\"DJI FPV Antenne f\u00fcr Antenneneinheit (2 St\u00fcck)\"}]},{\"@type\":\"WebSite\",\"@id\":\"https:\\\/\\\/iha-race.com\\\/de\\\/#website\",\"url\":\"https:\\\/\\\/iha-race.com\\\/de\\\/\",\"name\":\"Iha Race\",\"description\":\"Comprar drones de carreras FPV env\u00edos en un d\u00eda desde Espa\u00f1a\",\"publisher\":{\"@id\":\"https:\\\/\\\/iha-race.com\\\/de\\\/#organization\"},\"potentialAction\":[{\"@type\":\"SearchAction\",\"target\":{\"@type\":\"EntryPoint\",\"urlTemplate\":\"https:\\\/\\\/iha-race.com\\\/de\\\/?s={search_term_string}\"},\"query-input\":{\"@type\":\"PropertyValueSpecification\",\"valueRequired\":true,\"valueName\":\"search_term_string\"}}],\"inLanguage\":\"de\"},{\"@type\":\"Organization\",\"@id\":\"https:\\\/\\\/iha-race.com\\\/de\\\/#organization\",\"name\":\"Iha Race\",\"url\":\"https:\\\/\\\/iha-race.com\\\/de\\\/\",\"logo\":{\"@type\":\"ImageObject\",\"inLanguage\":\"de\",\"@id\":\"https:\\\/\\\/iha-race.com\\\/de\\\/#\\\/schema\\\/logo\\\/image\\\/\",\"url\":\"https:\\\/\\\/iha-race.com\\\/wp-content\\\/uploads\\\/2018\\\/07\\\/iha-race-drones-de-carreras-tienda-comprar-drones.png\",\"contentUrl\":\"https:\\\/\\\/iha-race.com\\\/wp-content\\\/uploads\\\/2018\\\/07\\\/iha-race-drones-de-carreras-tienda-comprar-drones.png\",\"width\":300,\"height\":100,\"caption\":\"Iha Race\"},\"image\":{\"@id\":\"https:\\\/\\\/iha-race.com\\\/de\\\/#\\\/schema\\\/logo\\\/image\\\/\"}}]}<\/script>\n<!-- \/ Yoast SEO plugin. -->","yoast_head_json":{"title":"DJI FPV Antenne f\u00fcr Antenneneinheit (2 St\u00fcck) - Iha Race","robots":{"index":"index","follow":"follow","max-snippet":"max-snippet:-1","max-image-preview":"max-image-preview:large","max-video-preview":"max-video-preview:-1"},"canonical":"https:\/\/iha-race.com\/de\/producto\/antennen-einheit-antenne-einheit-dji-fpv-2-einheiten\/","og_locale":"de_DE","og_type":"article","og_title":"DJI FPV Antenne f\u00fcr Antenneneinheit (2 St\u00fcck) - Iha Race","og_description":"DJI FPV Antenne f\u00fcr Antenneneinheit (2 St\u00fcck) Die DJI FPV Air Unit LHCP-Antenne ist klein und leicht (nur 6 g), ohne dass sie an Leistung einb\u00fc\u00dft. Er hat eine hohe","og_url":"https:\/\/iha-race.com\/de\/producto\/antennen-einheit-antenne-einheit-dji-fpv-2-einheiten\/","og_site_name":"Iha Race","article_modified_time":"2026-03-21T11:49:54+00:00","og_image":[{"width":1000,"height":1000,"url":"https:\/\/iha-race.com\/wp-content\/uploads\/2021\/10\/Antena-de-unidad-aerea-DJI-FPV-2-Unidades.jpg","type":"image\/jpeg"}],"twitter_card":"summary_large_image","twitter_misc":{"Gesch\u00e4tzte Lesezeit":"1\u00a0Minute"},"schema":{"@context":"https:\/\/schema.org","@graph":[{"@type":"WebPage","@id":"https:\/\/iha-race.com\/de\/producto\/antennen-einheit-antenne-einheit-dji-fpv-2-einheiten\/","url":"https:\/\/iha-race.com\/de\/producto\/antennen-einheit-antenne-einheit-dji-fpv-2-einheiten\/","name":"DJI FPV Antenne f\u00fcr Antenneneinheit (2 St\u00fcck) - Iha Race","isPartOf":{"@id":"https:\/\/iha-race.com\/de\/#website"},"primaryImageOfPage":{"@id":"https:\/\/iha-race.com\/de\/producto\/antennen-einheit-antenne-einheit-dji-fpv-2-einheiten\/#primaryimage"},"image":{"@id":"https:\/\/iha-race.com\/de\/producto\/antennen-einheit-antenne-einheit-dji-fpv-2-einheiten\/#primaryimage"},"thumbnailUrl":"https:\/\/iha-race.com\/wp-content\/uploads\/2021\/10\/Antena-de-unidad-aerea-DJI-FPV-2-Unidades.jpg","datePublished":"2021-10-08T11:18:40+00:00","dateModified":"2026-03-21T11:49:54+00:00","breadcrumb":{"@id":"https:\/\/iha-race.com\/de\/producto\/antennen-einheit-antenne-einheit-dji-fpv-2-einheiten\/#breadcrumb"},"inLanguage":"de","potentialAction":[{"@type":"ReadAction","target":["https:\/\/iha-race.com\/de\/producto\/antennen-einheit-antenne-einheit-dji-fpv-2-einheiten\/"]}]},{"@type":"ImageObject","inLanguage":"de","@id":"https:\/\/iha-race.com\/de\/producto\/antennen-einheit-antenne-einheit-dji-fpv-2-einheiten\/#primaryimage","url":"https:\/\/iha-race.com\/wp-content\/uploads\/2021\/10\/Antena-de-unidad-aerea-DJI-FPV-2-Unidades.jpg","contentUrl":"https:\/\/iha-race.com\/wp-content\/uploads\/2021\/10\/Antena-de-unidad-aerea-DJI-FPV-2-Unidades.jpg","width":1000,"height":1000},{"@type":"BreadcrumbList","@id":"https:\/\/iha-race.com\/de\/producto\/antennen-einheit-antenne-einheit-dji-fpv-2-einheiten\/#breadcrumb","itemListElement":[{"@type":"ListItem","position":1,"name":"Portada","item":"https:\/\/iha-race.com\/de\/elementor-499\/"},{"@type":"ListItem","position":2,"name":"Shop","item":"https:\/\/iha-race.com\/de\/shop\/"},{"@type":"ListItem","position":3,"name":"DJI FPV Antenne f\u00fcr Antenneneinheit (2 St\u00fcck)"}]},{"@type":"WebSite","@id":"https:\/\/iha-race.com\/de\/#website","url":"https:\/\/iha-race.com\/de\/","name":"Iha Race","description":"Comprar drones de carreras FPV env\u00edos en un d\u00eda desde Espa\u00f1a","publisher":{"@id":"https:\/\/iha-race.com\/de\/#organization"},"potentialAction":[{"@type":"SearchAction","target":{"@type":"EntryPoint","urlTemplate":"https:\/\/iha-race.com\/de\/?s={search_term_string}"},"query-input":{"@type":"PropertyValueSpecification","valueRequired":true,"valueName":"search_term_string"}}],"inLanguage":"de"},{"@type":"Organization","@id":"https:\/\/iha-race.com\/de\/#organization","name":"Iha Race","url":"https:\/\/iha-race.com\/de\/","logo":{"@type":"ImageObject","inLanguage":"de","@id":"https:\/\/iha-race.com\/de\/#\/schema\/logo\/image\/","url":"https:\/\/iha-race.com\/wp-content\/uploads\/2018\/07\/iha-race-drones-de-carreras-tienda-comprar-drones.png","contentUrl":"https:\/\/iha-race.com\/wp-content\/uploads\/2018\/07\/iha-race-drones-de-carreras-tienda-comprar-drones.png","width":300,"height":100,"caption":"Iha Race"},"image":{"@id":"https:\/\/iha-race.com\/de\/#\/schema\/logo\/image\/"}}]}},"jetpack_sharing_enabled":true,"brands":[{"id":3571,"name":"iFlight","slug":"iflight"}],"_links":{"self":[{"href":"https:\/\/iha-race.com\/de\/wp-json\/wp\/v2\/product\/209323","targetHints":{"allow":["GET"]}}],"collection":[{"href":"https:\/\/iha-race.com\/de\/wp-json\/wp\/v2\/product"}],"about":[{"href":"https:\/\/iha-race.com\/de\/wp-json\/wp\/v2\/types\/product"}],"replies":[{"embeddable":true,"href":"https:\/\/iha-race.com\/de\/wp-json\/wp\/v2\/comments?post=209323"}],"version-history":[{"count":2,"href":"https:\/\/iha-race.com\/de\/wp-json\/wp\/v2\/product\/209323\/revisions"}],"predecessor-version":[{"id":249298,"href":"https:\/\/iha-race.com\/de\/wp-json\/wp\/v2\/product\/209323\/revisions\/249298"}],"wp:featuredmedia":[{"embeddable":true,"href":"https:\/\/iha-race.com\/de\/wp-json\/wp\/v2\/media\/127685"}],"wp:attachment":[{"href":"https:\/\/iha-race.com\/de\/wp-json\/wp\/v2\/media?parent=209323"}],"wp:term":[{"taxonomy":"pwb-brand","embeddable":true,"href":"https:\/\/iha-race.com\/de\/wp-json\/wp\/v2\/pwb-brand?post=209323"},{"taxonomy":"product_cat","embeddable":true,"href":"https:\/\/iha-race.com\/de\/wp-json\/wp\/v2\/product_cat?post=209323"},{"taxonomy":"product_tag","embeddable":true,"href":"https:\/\/iha-race.com\/de\/wp-json\/wp\/v2\/product_tag?post=209323"}],"curies":[{"name":"wp","href":"https:\/\/api.w.org\/{rel}","templated":true}]}}