{"id":209308,"date":"2021-10-19T13:21:08","date_gmt":"2021-10-19T11:21:08","guid":{"rendered":"https:\/\/iha-race.com\/producto\/motor-t-motor-f1404-3800kv-4600kv\/"},"modified":"2024-12-20T11:37:46","modified_gmt":"2024-12-20T10:37:46","slug":"motor-t-motor-f1404-3800kv-4600kv","status":"publish","type":"product","link":"https:\/\/iha-race.com\/de\/producto\/motor-t-motor-f1404-3800kv-4600kv\/","title":{"rendered":"Motor T-Motor F1404 (3800KV\/4600\/2900KV)"},"content":{"rendered":"<h2>Motor T-Motor F1404 (3800KV\/4600\/2900KV)<\/h2>\n<div class=\"goods_desc_txt\">\n<h2><span>\u00dcber den Mikro-Langstreckenmotor T-MOTOR F1404  <\/span><\/h2>\n<p>&nbsp;<\/p>\n<p class=\"p2\">\n<p class=\"p2\"><span>Holen Sie sich einen Mikro-Motor mit gro\u00dfer Reichweite mit dem T-Motor F1404 Motor <\/span><span>2900KV\/<\/span><span> 3800KV\/4600KV! <\/span> <\/p>\n<p class=\"p2\"><span>Die F1404-Motoren haben ein schlankes neues Design und sind mit erstklassigen Komponenten gebaut, um Ihrem Multirotor Sichtbarkeit und Geschwindigkeit im Spiel zu verleihen &#8211; ideal f\u00fcr 2,5 bis 4 Zoll FPV-Konfigurationen! <\/span><\/p>\n<h2><span>F1404 H\u00f6hepunkte:<\/span><\/h2>\n<p class=\"p2\"><span>Der F1404 ist ein Langstrecken-Mikromotor mit zwei KV-Optionen von 3800 KV\/4600 KV. Der 4600 KV wurde speziell f\u00fcr das Renntraining entwickelt und verf\u00fcgt \u00fcber eine stabile Leistungsabgabe.   <\/span><\/p>\n<p class=\"p2\"><span>Mit seinem ultraleichten Design ist der 3800KV f\u00fcr 3-Zoll-Langstrecken-Freestyle geeignet und hat einen h\u00f6heren Wirkungsgrad.  <\/span><\/p>\n<p class=\"p2\"><span>Der Motor verf\u00fcgt \u00fcber ein schlankes, neues Design und ist aus hochwertigen Komponenten gefertigt. Er ist ideal f\u00fcr 2,5 bis 4 Zoll gro\u00dfe Rahmen.<\/span><\/p>\n<p class=\"p2\">\n<p class=\"p1\">\n<p class=\"p1\">\n<h2><span>Die Packliste enth\u00e4lt:<\/span><\/h2>\n<p class=\"p1\">\n<p class=\"p1\">\n<p class=\"p1\">\n<p class=\"p1\">\n<p class=\"p1\"><span>1 x 2900 kV\/3800 kV\/4600 kV F1404 T-Motor<\/span><\/p>\n<p class=\"p1\"><span>1 x Teiletasche<\/span><\/p>\n<h2><span>Passender Rahmen:<\/span><\/h2>\n<p class=\"p1\"><span>2,5-4 Zoll<\/span><\/p>\n<h2><span>Anleitung zur Paarung:<\/span><\/h2>\n<p class=\"p2\"><span>Aktualisierung von<\/span><\/p>\n<\/div>\n<p><img decoding=\"async\" src=\"https:\/\/store.tmotor.com\/images\/20210105\/1609828916645951.jpg\"><\/p>\n<p><img decoding=\"async\" src=\"https:\/\/store.tmotor.com\/images\/20210105\/1609828916962663.jpg\"><\/p>\n<p><img decoding=\"async\" src=\"https:\/\/store.tmotor.com\/images\/20210105\/1609828916698678.jpg\"><\/p>\n<p><img decoding=\"async\" src=\"https:\/\/store.tmotor.com\/images\/20210105\/1609828916343046.jpg\"><\/p>\n","protected":false},"excerpt":{"rendered":"<p>Erzielen Sie eine gro\u00dfe Reichweite mit dem T-Motor F1404 3800KV \/ 4600KV! Die F1404-Motoren kommen in einem eleganten neuen Design und bestehen aus hochwertigen Komponenten, die Ihrem Multirotor Sichtbarkeit und Geschwindigkeit im Spiel verleihen. Hervorragend geeignet f\u00fcr 2,5-4&#8243; fpv-Kompilationen!<\/p>\n","protected":false},"featured_media":127745,"comment_status":"open","ping_status":"closed","template":"","meta":{"_joinchat":[]},"pwb-brand":[],"product_cat":[2476,46],"product_tag":[],"class_list":{"0":"post-209308","1":"product","2":"type-product","3":"status-publish","4":"has-post-thumbnail","6":"product_cat-sin-escobillas-sin-eje","7":"product_cat-motores","9":"first","10":"instock","11":"taxable","12":"shipping-taxable","13":"purchasable","14":"product-type-variable"},"barcode":null,"atum_controlled":true,"out_stock_date":null,"out_stock_threshold":null,"inheritable":true,"stock_on_hold":0,"sold_today":0,"sales_last_days":0,"out_stock_days":0,"lost_sales":0,"update_date":"2026-04-18T23:34:59","atum_locations":[],"atum_stock_status":"instock","restock_status":false,"low_stock_amount":"","sales_update_date":"2026-04-18T23:34:59","calc_backorders":null,"yoast_head":"<!-- This site is optimized with the Yoast SEO plugin v27.3 - https:\/\/yoast.com\/product\/yoast-seo-wordpress\/ -->\n<title>Motor T-Motor F1404 (3800KV\/4600\/2900KV) - Iha Race<\/title>\n<meta name=\"robots\" content=\"index, follow, max-snippet:-1, max-image-preview:large, max-video-preview:-1\" \/>\n<link rel=\"canonical\" href=\"https:\/\/iha-race.com\/de\/producto\/motor-t-motor-f1404-3800kv-4600kv\/\" \/>\n<meta property=\"og:locale\" content=\"de_DE\" \/>\n<meta property=\"og:type\" content=\"article\" \/>\n<meta property=\"og:title\" content=\"Motor T-Motor F1404 (3800KV\/4600\/2900KV) - Iha Race\" \/>\n<meta property=\"og:description\" content=\"Erzielen Sie eine gro\u00dfe Reichweite mit dem T-Motor F1404 3800KV \/ 4600KV! Die F1404-Motoren kommen in einem eleganten neuen Design und bestehen aus hochwertigen Komponenten, die Ihrem Multirotor Sichtbarkeit und Geschwindigkeit im Spiel verleihen. Hervorragend geeignet f\u00fcr 2,5-4&quot; fpv-Kompilationen!\" \/>\n<meta property=\"og:url\" content=\"https:\/\/iha-race.com\/de\/producto\/motor-t-motor-f1404-3800kv-4600kv\/\" \/>\n<meta property=\"og:site_name\" content=\"Iha Race\" \/>\n<meta property=\"article:modified_time\" content=\"2024-12-20T10:37:46+00:00\" \/>\n<meta property=\"og:image\" content=\"https:\/\/iha-race.com\/wp-content\/uploads\/2021\/10\/Motor-T-Motor-F1404-3800KV4600KV.jpg\" \/>\n\t<meta property=\"og:image:width\" content=\"1000\" \/>\n\t<meta property=\"og:image:height\" content=\"1000\" \/>\n\t<meta property=\"og:image:type\" content=\"image\/jpeg\" \/>\n<meta name=\"twitter:card\" content=\"summary_large_image\" \/>\n<meta name=\"twitter:label1\" content=\"Gesch\u00e4tzte Lesezeit\" \/>\n\t<meta name=\"twitter:data1\" content=\"1\u00a0Minute\" \/>\n<script type=\"application\/ld+json\" class=\"yoast-schema-graph\">{\"@context\":\"https:\\\/\\\/schema.org\",\"@graph\":[{\"@type\":\"WebPage\",\"@id\":\"https:\\\/\\\/iha-race.com\\\/de\\\/producto\\\/motor-t-motor-f1404-3800kv-4600kv\\\/\",\"url\":\"https:\\\/\\\/iha-race.com\\\/de\\\/producto\\\/motor-t-motor-f1404-3800kv-4600kv\\\/\",\"name\":\"Motor T-Motor F1404 (3800KV\\\/4600\\\/2900KV) - Iha Race\",\"isPartOf\":{\"@id\":\"https:\\\/\\\/iha-race.com\\\/de\\\/#website\"},\"primaryImageOfPage\":{\"@id\":\"https:\\\/\\\/iha-race.com\\\/de\\\/producto\\\/motor-t-motor-f1404-3800kv-4600kv\\\/#primaryimage\"},\"image\":{\"@id\":\"https:\\\/\\\/iha-race.com\\\/de\\\/producto\\\/motor-t-motor-f1404-3800kv-4600kv\\\/#primaryimage\"},\"thumbnailUrl\":\"https:\\\/\\\/iha-race.com\\\/wp-content\\\/uploads\\\/2021\\\/10\\\/Motor-T-Motor-F1404-3800KV4600KV.jpg\",\"datePublished\":\"2021-10-19T11:21:08+00:00\",\"dateModified\":\"2024-12-20T10:37:46+00:00\",\"breadcrumb\":{\"@id\":\"https:\\\/\\\/iha-race.com\\\/de\\\/producto\\\/motor-t-motor-f1404-3800kv-4600kv\\\/#breadcrumb\"},\"inLanguage\":\"de\",\"potentialAction\":[{\"@type\":\"ReadAction\",\"target\":[\"https:\\\/\\\/iha-race.com\\\/de\\\/producto\\\/motor-t-motor-f1404-3800kv-4600kv\\\/\"]}]},{\"@type\":\"ImageObject\",\"inLanguage\":\"de\",\"@id\":\"https:\\\/\\\/iha-race.com\\\/de\\\/producto\\\/motor-t-motor-f1404-3800kv-4600kv\\\/#primaryimage\",\"url\":\"https:\\\/\\\/iha-race.com\\\/wp-content\\\/uploads\\\/2021\\\/10\\\/Motor-T-Motor-F1404-3800KV4600KV.jpg\",\"contentUrl\":\"https:\\\/\\\/iha-race.com\\\/wp-content\\\/uploads\\\/2021\\\/10\\\/Motor-T-Motor-F1404-3800KV4600KV.jpg\",\"width\":1000,\"height\":1000},{\"@type\":\"BreadcrumbList\",\"@id\":\"https:\\\/\\\/iha-race.com\\\/de\\\/producto\\\/motor-t-motor-f1404-3800kv-4600kv\\\/#breadcrumb\",\"itemListElement\":[{\"@type\":\"ListItem\",\"position\":1,\"name\":\"Portada\",\"item\":\"https:\\\/\\\/iha-race.com\\\/de\\\/elementor-499\\\/\"},{\"@type\":\"ListItem\",\"position\":2,\"name\":\"Shop\",\"item\":\"https:\\\/\\\/iha-race.com\\\/de\\\/shop\\\/\"},{\"@type\":\"ListItem\",\"position\":3,\"name\":\"Motor T-Motor F1404 (3800KV\\\/4600\\\/2900KV)\"}]},{\"@type\":\"WebSite\",\"@id\":\"https:\\\/\\\/iha-race.com\\\/de\\\/#website\",\"url\":\"https:\\\/\\\/iha-race.com\\\/de\\\/\",\"name\":\"Iha Race\",\"description\":\"Comprar drones de carreras FPV env\u00edos en un d\u00eda desde Espa\u00f1a\",\"publisher\":{\"@id\":\"https:\\\/\\\/iha-race.com\\\/de\\\/#organization\"},\"potentialAction\":[{\"@type\":\"SearchAction\",\"target\":{\"@type\":\"EntryPoint\",\"urlTemplate\":\"https:\\\/\\\/iha-race.com\\\/de\\\/?s={search_term_string}\"},\"query-input\":{\"@type\":\"PropertyValueSpecification\",\"valueRequired\":true,\"valueName\":\"search_term_string\"}}],\"inLanguage\":\"de\"},{\"@type\":\"Organization\",\"@id\":\"https:\\\/\\\/iha-race.com\\\/de\\\/#organization\",\"name\":\"Iha Race\",\"url\":\"https:\\\/\\\/iha-race.com\\\/de\\\/\",\"logo\":{\"@type\":\"ImageObject\",\"inLanguage\":\"de\",\"@id\":\"https:\\\/\\\/iha-race.com\\\/de\\\/#\\\/schema\\\/logo\\\/image\\\/\",\"url\":\"https:\\\/\\\/iha-race.com\\\/wp-content\\\/uploads\\\/2018\\\/07\\\/iha-race-drones-de-carreras-tienda-comprar-drones.png\",\"contentUrl\":\"https:\\\/\\\/iha-race.com\\\/wp-content\\\/uploads\\\/2018\\\/07\\\/iha-race-drones-de-carreras-tienda-comprar-drones.png\",\"width\":300,\"height\":100,\"caption\":\"Iha Race\"},\"image\":{\"@id\":\"https:\\\/\\\/iha-race.com\\\/de\\\/#\\\/schema\\\/logo\\\/image\\\/\"}}]}<\/script>\n<!-- \/ Yoast SEO plugin. -->","yoast_head_json":{"title":"Motor T-Motor F1404 (3800KV\/4600\/2900KV) - Iha Race","robots":{"index":"index","follow":"follow","max-snippet":"max-snippet:-1","max-image-preview":"max-image-preview:large","max-video-preview":"max-video-preview:-1"},"canonical":"https:\/\/iha-race.com\/de\/producto\/motor-t-motor-f1404-3800kv-4600kv\/","og_locale":"de_DE","og_type":"article","og_title":"Motor T-Motor F1404 (3800KV\/4600\/2900KV) - Iha Race","og_description":"Erzielen Sie eine gro\u00dfe Reichweite mit dem T-Motor F1404 3800KV \/ 4600KV! Die F1404-Motoren kommen in einem eleganten neuen Design und bestehen aus hochwertigen Komponenten, die Ihrem Multirotor Sichtbarkeit und Geschwindigkeit im Spiel verleihen. Hervorragend geeignet f\u00fcr 2,5-4\" fpv-Kompilationen!","og_url":"https:\/\/iha-race.com\/de\/producto\/motor-t-motor-f1404-3800kv-4600kv\/","og_site_name":"Iha Race","article_modified_time":"2024-12-20T10:37:46+00:00","og_image":[{"width":1000,"height":1000,"url":"https:\/\/iha-race.com\/wp-content\/uploads\/2021\/10\/Motor-T-Motor-F1404-3800KV4600KV.jpg","type":"image\/jpeg"}],"twitter_card":"summary_large_image","twitter_misc":{"Gesch\u00e4tzte Lesezeit":"1\u00a0Minute"},"schema":{"@context":"https:\/\/schema.org","@graph":[{"@type":"WebPage","@id":"https:\/\/iha-race.com\/de\/producto\/motor-t-motor-f1404-3800kv-4600kv\/","url":"https:\/\/iha-race.com\/de\/producto\/motor-t-motor-f1404-3800kv-4600kv\/","name":"Motor T-Motor F1404 (3800KV\/4600\/2900KV) - Iha Race","isPartOf":{"@id":"https:\/\/iha-race.com\/de\/#website"},"primaryImageOfPage":{"@id":"https:\/\/iha-race.com\/de\/producto\/motor-t-motor-f1404-3800kv-4600kv\/#primaryimage"},"image":{"@id":"https:\/\/iha-race.com\/de\/producto\/motor-t-motor-f1404-3800kv-4600kv\/#primaryimage"},"thumbnailUrl":"https:\/\/iha-race.com\/wp-content\/uploads\/2021\/10\/Motor-T-Motor-F1404-3800KV4600KV.jpg","datePublished":"2021-10-19T11:21:08+00:00","dateModified":"2024-12-20T10:37:46+00:00","breadcrumb":{"@id":"https:\/\/iha-race.com\/de\/producto\/motor-t-motor-f1404-3800kv-4600kv\/#breadcrumb"},"inLanguage":"de","potentialAction":[{"@type":"ReadAction","target":["https:\/\/iha-race.com\/de\/producto\/motor-t-motor-f1404-3800kv-4600kv\/"]}]},{"@type":"ImageObject","inLanguage":"de","@id":"https:\/\/iha-race.com\/de\/producto\/motor-t-motor-f1404-3800kv-4600kv\/#primaryimage","url":"https:\/\/iha-race.com\/wp-content\/uploads\/2021\/10\/Motor-T-Motor-F1404-3800KV4600KV.jpg","contentUrl":"https:\/\/iha-race.com\/wp-content\/uploads\/2021\/10\/Motor-T-Motor-F1404-3800KV4600KV.jpg","width":1000,"height":1000},{"@type":"BreadcrumbList","@id":"https:\/\/iha-race.com\/de\/producto\/motor-t-motor-f1404-3800kv-4600kv\/#breadcrumb","itemListElement":[{"@type":"ListItem","position":1,"name":"Portada","item":"https:\/\/iha-race.com\/de\/elementor-499\/"},{"@type":"ListItem","position":2,"name":"Shop","item":"https:\/\/iha-race.com\/de\/shop\/"},{"@type":"ListItem","position":3,"name":"Motor T-Motor F1404 (3800KV\/4600\/2900KV)"}]},{"@type":"WebSite","@id":"https:\/\/iha-race.com\/de\/#website","url":"https:\/\/iha-race.com\/de\/","name":"Iha Race","description":"Comprar drones de carreras FPV env\u00edos en un d\u00eda desde Espa\u00f1a","publisher":{"@id":"https:\/\/iha-race.com\/de\/#organization"},"potentialAction":[{"@type":"SearchAction","target":{"@type":"EntryPoint","urlTemplate":"https:\/\/iha-race.com\/de\/?s={search_term_string}"},"query-input":{"@type":"PropertyValueSpecification","valueRequired":true,"valueName":"search_term_string"}}],"inLanguage":"de"},{"@type":"Organization","@id":"https:\/\/iha-race.com\/de\/#organization","name":"Iha Race","url":"https:\/\/iha-race.com\/de\/","logo":{"@type":"ImageObject","inLanguage":"de","@id":"https:\/\/iha-race.com\/de\/#\/schema\/logo\/image\/","url":"https:\/\/iha-race.com\/wp-content\/uploads\/2018\/07\/iha-race-drones-de-carreras-tienda-comprar-drones.png","contentUrl":"https:\/\/iha-race.com\/wp-content\/uploads\/2018\/07\/iha-race-drones-de-carreras-tienda-comprar-drones.png","width":300,"height":100,"caption":"Iha Race"},"image":{"@id":"https:\/\/iha-race.com\/de\/#\/schema\/logo\/image\/"}}]}},"jetpack_sharing_enabled":true,"brands":[],"_links":{"self":[{"href":"https:\/\/iha-race.com\/de\/wp-json\/wp\/v2\/product\/209308","targetHints":{"allow":["GET"]}}],"collection":[{"href":"https:\/\/iha-race.com\/de\/wp-json\/wp\/v2\/product"}],"about":[{"href":"https:\/\/iha-race.com\/de\/wp-json\/wp\/v2\/types\/product"}],"replies":[{"embeddable":true,"href":"https:\/\/iha-race.com\/de\/wp-json\/wp\/v2\/comments?post=209308"}],"version-history":[{"count":4,"href":"https:\/\/iha-race.com\/de\/wp-json\/wp\/v2\/product\/209308\/revisions"}],"predecessor-version":[{"id":252678,"href":"https:\/\/iha-race.com\/de\/wp-json\/wp\/v2\/product\/209308\/revisions\/252678"}],"wp:featuredmedia":[{"embeddable":true,"href":"https:\/\/iha-race.com\/de\/wp-json\/wp\/v2\/media\/127745"}],"wp:attachment":[{"href":"https:\/\/iha-race.com\/de\/wp-json\/wp\/v2\/media?parent=209308"}],"wp:term":[{"taxonomy":"pwb-brand","embeddable":true,"href":"https:\/\/iha-race.com\/de\/wp-json\/wp\/v2\/pwb-brand?post=209308"},{"taxonomy":"product_cat","embeddable":true,"href":"https:\/\/iha-race.com\/de\/wp-json\/wp\/v2\/product_cat?post=209308"},{"taxonomy":"product_tag","embeddable":true,"href":"https:\/\/iha-race.com\/de\/wp-json\/wp\/v2\/product_tag?post=209308"}],"curies":[{"name":"wp","href":"https:\/\/api.w.org\/{rel}","templated":true}]}}