{"id":209307,"date":"2021-09-07T18:54:50","date_gmt":"2021-09-07T16:54:50","guid":{"rendered":"https:\/\/iha-race.com\/producto\/frsky-24ghz-empfaenger-access-archer-m-mini-empfaenger\/"},"modified":"2024-08-29T12:19:07","modified_gmt":"2024-08-29T10:19:07","slug":"empfanger-frsky-2-4ghz-zugang-archer-m-mini-empfanger","status":"publish","type":"product","link":"https:\/\/iha-race.com\/de\/producto\/empfanger-frsky-2-4ghz-zugang-archer-m-mini-empfanger\/","title":{"rendered":"FrSky 2,4GHz-Empf\u00e4nger ACCESS Archer M+ Mini-Empf\u00e4nger"},"content":{"rendered":"<h2>FrSky 2,4GHz-Empf\u00e4nger ACCESS Archer M+ Mini-Empf\u00e4nger<\/h2>\n<p>  Der ARCHER M+ Empf\u00e4nger zeichnet sich durch seinen winzigen Formfaktor und das neue ACCESS-Protokoll aus. ACCESS bietet die geringste Latenzzeit und den h\u00f6chsten Durchsatz unserer bisherigen XM+-Empf\u00e4nger. Mit der OTA-Funktion (Over-The-Air) werden Firmware-Updates ganz einfach und ohne Kabel m\u00f6glich sein. Der ARCHER M+ verf\u00fcgt \u00fcber einen S.Port \/ F.Port, wodurch dieser kleine Empf\u00e4nger auch die Telemetriefunktion mit einer Telemetrie-Reichweite von etwa 500 bis 600 Metern unterst\u00fctzt. Jetzt k\u00f6nnen Sie mit ihm Audio-Feedback von Ihrem FrSky ACCESS-f\u00e4higen Sender genie\u00dfen.  <\/p>\n<h3>Spezifikationen:<\/h3>\n<ul>\n<li>Abmessungen: 17 x 11,7 x 4 mm (L x B x H)<\/li>\n<li>Gewicht: 1 g<\/li>\n<li>Anzahl der Kan\u00e4le: 16\/24 SBUS-Kan\u00e4le &#8211; 16 SBUS-Kan\u00e4le &#8211; 24 SBUS-Kan\u00e4le (Stay tuned)<\/li>\n<li>Betriebsspannungsbereich: 3,5 -10 V<\/li>\n<li>Betriebsstrom: 16 mA bei 5 V typ.<\/li>\n<li>Reichweite: \uff1e 1,2 km (volle Reichweite) (* Reichweite kann je nach \u00f6rtlichen Gegebenheiten variieren).<\/li>\n<li>Kompatibilit\u00e4t: alle FrSky ACCESS-Sender<\/li>\n<\/ul>\n<h2>Merkmale:<\/h2>\n<ul>\n<li>ACCESS-Protokoll mit Over The Air (OTA)<\/li>\n<li>Winzig und superleicht<\/li>\n<li>Volle Kontroll- und Telemetrie-Reichweite von 500 bis 600 Metern<\/li>\n<li>SBUS OUT<\/li>\n<li>Hafen S. \/ Hafen F.<\/li>\n<li>Hafen S. invertiert<\/li>\n<\/ul>\n<h2>Das Paket enth\u00e4lt:<\/h2>\n<ul>\n<li>1 x FrSky ARCHER M Empf\u00e4nger + 2,4GHz Mini-Empf\u00e4nger<\/li>\n<\/ul>\n","protected":false},"excerpt":{"rendered":"<p>Der ARCHER M+ Empf\u00e4nger zeichnet sich durch seine kleine Bauform und das neue ACCESS-Protokoll aus. ACCESS bietet die geringste Latenzzeit und den h\u00f6chsten Durchsatz unserer bisherigen XM+-Empf\u00e4nger. Mit der OTA-Funktion (Over-The-Air) werden Firmware-Updates ganz einfach und ohne Kabel m\u00f6glich sein.<\/p>\n","protected":false},"featured_media":127398,"comment_status":"open","ping_status":"closed","template":"","meta":{"_joinchat":[]},"pwb-brand":[3895],"product_cat":[2665,2672],"product_tag":[],"class_list":{"0":"post-209307","1":"product","2":"type-product","3":"status-publish","4":"has-post-thumbnail","6":"pwb-brand-frysky","7":"product_cat-rundfunkveranstalter","8":"product_cat-rx-empfanger","10":"first","11":"instock","12":"sale","13":"taxable","14":"shipping-taxable","15":"purchasable","16":"product-type-simple"},"barcode":null,"atum_controlled":true,"out_stock_date":null,"out_stock_threshold":null,"inheritable":false,"stock_on_hold":0,"sold_today":0,"sales_last_days":0,"out_stock_days":0,"lost_sales":0,"update_date":"2025-09-09T07:24:28","atum_locations":[],"atum_stock_status":"instock","restock_status":false,"low_stock_amount":"","sales_update_date":"2025-09-09T07:24:28","calc_backorders":null,"yoast_head":"<!-- This site is optimized with the Yoast SEO plugin v27.3 - https:\/\/yoast.com\/product\/yoast-seo-wordpress\/ -->\n<title>FrSky 2,4GHz-Empf\u00e4nger ACCESS Archer M+ Mini-Empf\u00e4nger - Iha Race<\/title>\n<meta name=\"robots\" content=\"index, follow, max-snippet:-1, max-image-preview:large, max-video-preview:-1\" \/>\n<link rel=\"canonical\" href=\"https:\/\/iha-race.com\/de\/producto\/empfanger-frsky-2-4ghz-zugang-archer-m-mini-empfanger\/\" \/>\n<meta property=\"og:locale\" content=\"de_DE\" \/>\n<meta property=\"og:type\" content=\"article\" \/>\n<meta property=\"og:title\" content=\"FrSky 2,4GHz-Empf\u00e4nger ACCESS Archer M+ Mini-Empf\u00e4nger - Iha Race\" \/>\n<meta property=\"og:description\" content=\"Der ARCHER M+ Empf\u00e4nger zeichnet sich durch seine kleine Bauform und das neue ACCESS-Protokoll aus. ACCESS bietet die geringste Latenzzeit und den h\u00f6chsten Durchsatz unserer bisherigen XM+-Empf\u00e4nger. Mit der OTA-Funktion (Over-The-Air) werden Firmware-Updates ganz einfach und ohne Kabel m\u00f6glich sein.\" \/>\n<meta property=\"og:url\" content=\"https:\/\/iha-race.com\/de\/producto\/empfanger-frsky-2-4ghz-zugang-archer-m-mini-empfanger\/\" \/>\n<meta property=\"og:site_name\" content=\"Iha Race\" \/>\n<meta property=\"article:modified_time\" content=\"2024-08-29T10:19:07+00:00\" \/>\n<meta property=\"og:image\" content=\"https:\/\/iha-race.com\/wp-content\/uploads\/2021\/09\/Receptor-FrSky-2.4GHz-ACCESS-Archer-M-Mini-Receptor.jpg\" \/>\n\t<meta property=\"og:image:width\" content=\"1000\" \/>\n\t<meta property=\"og:image:height\" content=\"1000\" \/>\n\t<meta property=\"og:image:type\" content=\"image\/jpeg\" \/>\n<meta name=\"twitter:card\" content=\"summary_large_image\" \/>\n<meta name=\"twitter:label1\" content=\"Gesch\u00e4tzte Lesezeit\" \/>\n\t<meta name=\"twitter:data1\" content=\"1\u00a0Minute\" \/>\n<script type=\"application\/ld+json\" class=\"yoast-schema-graph\">{\"@context\":\"https:\\\/\\\/schema.org\",\"@graph\":[{\"@type\":\"WebPage\",\"@id\":\"https:\\\/\\\/iha-race.com\\\/de\\\/producto\\\/empfanger-frsky-2-4ghz-zugang-archer-m-mini-empfanger\\\/\",\"url\":\"https:\\\/\\\/iha-race.com\\\/de\\\/producto\\\/empfanger-frsky-2-4ghz-zugang-archer-m-mini-empfanger\\\/\",\"name\":\"FrSky 2,4GHz-Empf\u00e4nger ACCESS Archer M+ Mini-Empf\u00e4nger - Iha Race\",\"isPartOf\":{\"@id\":\"https:\\\/\\\/iha-race.com\\\/de\\\/#website\"},\"primaryImageOfPage\":{\"@id\":\"https:\\\/\\\/iha-race.com\\\/de\\\/producto\\\/empfanger-frsky-2-4ghz-zugang-archer-m-mini-empfanger\\\/#primaryimage\"},\"image\":{\"@id\":\"https:\\\/\\\/iha-race.com\\\/de\\\/producto\\\/empfanger-frsky-2-4ghz-zugang-archer-m-mini-empfanger\\\/#primaryimage\"},\"thumbnailUrl\":\"https:\\\/\\\/iha-race.com\\\/wp-content\\\/uploads\\\/2021\\\/09\\\/Receptor-FrSky-2.4GHz-ACCESS-Archer-M-Mini-Receptor.jpg\",\"datePublished\":\"2021-09-07T16:54:50+00:00\",\"dateModified\":\"2024-08-29T10:19:07+00:00\",\"breadcrumb\":{\"@id\":\"https:\\\/\\\/iha-race.com\\\/de\\\/producto\\\/empfanger-frsky-2-4ghz-zugang-archer-m-mini-empfanger\\\/#breadcrumb\"},\"inLanguage\":\"de\",\"potentialAction\":[{\"@type\":\"ReadAction\",\"target\":[\"https:\\\/\\\/iha-race.com\\\/de\\\/producto\\\/empfanger-frsky-2-4ghz-zugang-archer-m-mini-empfanger\\\/\"]}]},{\"@type\":\"ImageObject\",\"inLanguage\":\"de\",\"@id\":\"https:\\\/\\\/iha-race.com\\\/de\\\/producto\\\/empfanger-frsky-2-4ghz-zugang-archer-m-mini-empfanger\\\/#primaryimage\",\"url\":\"https:\\\/\\\/iha-race.com\\\/wp-content\\\/uploads\\\/2021\\\/09\\\/Receptor-FrSky-2.4GHz-ACCESS-Archer-M-Mini-Receptor.jpg\",\"contentUrl\":\"https:\\\/\\\/iha-race.com\\\/wp-content\\\/uploads\\\/2021\\\/09\\\/Receptor-FrSky-2.4GHz-ACCESS-Archer-M-Mini-Receptor.jpg\",\"width\":1000,\"height\":1000},{\"@type\":\"BreadcrumbList\",\"@id\":\"https:\\\/\\\/iha-race.com\\\/de\\\/producto\\\/empfanger-frsky-2-4ghz-zugang-archer-m-mini-empfanger\\\/#breadcrumb\",\"itemListElement\":[{\"@type\":\"ListItem\",\"position\":1,\"name\":\"Portada\",\"item\":\"https:\\\/\\\/iha-race.com\\\/de\\\/elementor-499\\\/\"},{\"@type\":\"ListItem\",\"position\":2,\"name\":\"Shop\",\"item\":\"https:\\\/\\\/iha-race.com\\\/de\\\/shop\\\/\"},{\"@type\":\"ListItem\",\"position\":3,\"name\":\"FrSky 2,4GHz-Empf\u00e4nger ACCESS Archer M+ Mini-Empf\u00e4nger\"}]},{\"@type\":\"WebSite\",\"@id\":\"https:\\\/\\\/iha-race.com\\\/de\\\/#website\",\"url\":\"https:\\\/\\\/iha-race.com\\\/de\\\/\",\"name\":\"Iha Race\",\"description\":\"Comprar drones de carreras FPV env\u00edos en un d\u00eda desde Espa\u00f1a\",\"publisher\":{\"@id\":\"https:\\\/\\\/iha-race.com\\\/de\\\/#organization\"},\"potentialAction\":[{\"@type\":\"SearchAction\",\"target\":{\"@type\":\"EntryPoint\",\"urlTemplate\":\"https:\\\/\\\/iha-race.com\\\/de\\\/?s={search_term_string}\"},\"query-input\":{\"@type\":\"PropertyValueSpecification\",\"valueRequired\":true,\"valueName\":\"search_term_string\"}}],\"inLanguage\":\"de\"},{\"@type\":\"Organization\",\"@id\":\"https:\\\/\\\/iha-race.com\\\/de\\\/#organization\",\"name\":\"Iha Race\",\"url\":\"https:\\\/\\\/iha-race.com\\\/de\\\/\",\"logo\":{\"@type\":\"ImageObject\",\"inLanguage\":\"de\",\"@id\":\"https:\\\/\\\/iha-race.com\\\/de\\\/#\\\/schema\\\/logo\\\/image\\\/\",\"url\":\"https:\\\/\\\/iha-race.com\\\/wp-content\\\/uploads\\\/2018\\\/07\\\/iha-race-drones-de-carreras-tienda-comprar-drones.png\",\"contentUrl\":\"https:\\\/\\\/iha-race.com\\\/wp-content\\\/uploads\\\/2018\\\/07\\\/iha-race-drones-de-carreras-tienda-comprar-drones.png\",\"width\":300,\"height\":100,\"caption\":\"Iha Race\"},\"image\":{\"@id\":\"https:\\\/\\\/iha-race.com\\\/de\\\/#\\\/schema\\\/logo\\\/image\\\/\"}}]}<\/script>\n<!-- \/ Yoast SEO plugin. -->","yoast_head_json":{"title":"FrSky 2,4GHz-Empf\u00e4nger ACCESS Archer M+ Mini-Empf\u00e4nger - Iha Race","robots":{"index":"index","follow":"follow","max-snippet":"max-snippet:-1","max-image-preview":"max-image-preview:large","max-video-preview":"max-video-preview:-1"},"canonical":"https:\/\/iha-race.com\/de\/producto\/empfanger-frsky-2-4ghz-zugang-archer-m-mini-empfanger\/","og_locale":"de_DE","og_type":"article","og_title":"FrSky 2,4GHz-Empf\u00e4nger ACCESS Archer M+ Mini-Empf\u00e4nger - Iha Race","og_description":"Der ARCHER M+ Empf\u00e4nger zeichnet sich durch seine kleine Bauform und das neue ACCESS-Protokoll aus. ACCESS bietet die geringste Latenzzeit und den h\u00f6chsten Durchsatz unserer bisherigen XM+-Empf\u00e4nger. Mit der OTA-Funktion (Over-The-Air) werden Firmware-Updates ganz einfach und ohne Kabel m\u00f6glich sein.","og_url":"https:\/\/iha-race.com\/de\/producto\/empfanger-frsky-2-4ghz-zugang-archer-m-mini-empfanger\/","og_site_name":"Iha Race","article_modified_time":"2024-08-29T10:19:07+00:00","og_image":[{"width":1000,"height":1000,"url":"https:\/\/iha-race.com\/wp-content\/uploads\/2021\/09\/Receptor-FrSky-2.4GHz-ACCESS-Archer-M-Mini-Receptor.jpg","type":"image\/jpeg"}],"twitter_card":"summary_large_image","twitter_misc":{"Gesch\u00e4tzte Lesezeit":"1\u00a0Minute"},"schema":{"@context":"https:\/\/schema.org","@graph":[{"@type":"WebPage","@id":"https:\/\/iha-race.com\/de\/producto\/empfanger-frsky-2-4ghz-zugang-archer-m-mini-empfanger\/","url":"https:\/\/iha-race.com\/de\/producto\/empfanger-frsky-2-4ghz-zugang-archer-m-mini-empfanger\/","name":"FrSky 2,4GHz-Empf\u00e4nger ACCESS Archer M+ Mini-Empf\u00e4nger - Iha Race","isPartOf":{"@id":"https:\/\/iha-race.com\/de\/#website"},"primaryImageOfPage":{"@id":"https:\/\/iha-race.com\/de\/producto\/empfanger-frsky-2-4ghz-zugang-archer-m-mini-empfanger\/#primaryimage"},"image":{"@id":"https:\/\/iha-race.com\/de\/producto\/empfanger-frsky-2-4ghz-zugang-archer-m-mini-empfanger\/#primaryimage"},"thumbnailUrl":"https:\/\/iha-race.com\/wp-content\/uploads\/2021\/09\/Receptor-FrSky-2.4GHz-ACCESS-Archer-M-Mini-Receptor.jpg","datePublished":"2021-09-07T16:54:50+00:00","dateModified":"2024-08-29T10:19:07+00:00","breadcrumb":{"@id":"https:\/\/iha-race.com\/de\/producto\/empfanger-frsky-2-4ghz-zugang-archer-m-mini-empfanger\/#breadcrumb"},"inLanguage":"de","potentialAction":[{"@type":"ReadAction","target":["https:\/\/iha-race.com\/de\/producto\/empfanger-frsky-2-4ghz-zugang-archer-m-mini-empfanger\/"]}]},{"@type":"ImageObject","inLanguage":"de","@id":"https:\/\/iha-race.com\/de\/producto\/empfanger-frsky-2-4ghz-zugang-archer-m-mini-empfanger\/#primaryimage","url":"https:\/\/iha-race.com\/wp-content\/uploads\/2021\/09\/Receptor-FrSky-2.4GHz-ACCESS-Archer-M-Mini-Receptor.jpg","contentUrl":"https:\/\/iha-race.com\/wp-content\/uploads\/2021\/09\/Receptor-FrSky-2.4GHz-ACCESS-Archer-M-Mini-Receptor.jpg","width":1000,"height":1000},{"@type":"BreadcrumbList","@id":"https:\/\/iha-race.com\/de\/producto\/empfanger-frsky-2-4ghz-zugang-archer-m-mini-empfanger\/#breadcrumb","itemListElement":[{"@type":"ListItem","position":1,"name":"Portada","item":"https:\/\/iha-race.com\/de\/elementor-499\/"},{"@type":"ListItem","position":2,"name":"Shop","item":"https:\/\/iha-race.com\/de\/shop\/"},{"@type":"ListItem","position":3,"name":"FrSky 2,4GHz-Empf\u00e4nger ACCESS Archer M+ Mini-Empf\u00e4nger"}]},{"@type":"WebSite","@id":"https:\/\/iha-race.com\/de\/#website","url":"https:\/\/iha-race.com\/de\/","name":"Iha Race","description":"Comprar drones de carreras FPV env\u00edos en un d\u00eda desde Espa\u00f1a","publisher":{"@id":"https:\/\/iha-race.com\/de\/#organization"},"potentialAction":[{"@type":"SearchAction","target":{"@type":"EntryPoint","urlTemplate":"https:\/\/iha-race.com\/de\/?s={search_term_string}"},"query-input":{"@type":"PropertyValueSpecification","valueRequired":true,"valueName":"search_term_string"}}],"inLanguage":"de"},{"@type":"Organization","@id":"https:\/\/iha-race.com\/de\/#organization","name":"Iha Race","url":"https:\/\/iha-race.com\/de\/","logo":{"@type":"ImageObject","inLanguage":"de","@id":"https:\/\/iha-race.com\/de\/#\/schema\/logo\/image\/","url":"https:\/\/iha-race.com\/wp-content\/uploads\/2018\/07\/iha-race-drones-de-carreras-tienda-comprar-drones.png","contentUrl":"https:\/\/iha-race.com\/wp-content\/uploads\/2018\/07\/iha-race-drones-de-carreras-tienda-comprar-drones.png","width":300,"height":100,"caption":"Iha Race"},"image":{"@id":"https:\/\/iha-race.com\/de\/#\/schema\/logo\/image\/"}}]}},"brands":[{"id":3895,"name":"Frysky","slug":"frysky"}],"_links":{"self":[{"href":"https:\/\/iha-race.com\/de\/wp-json\/wp\/v2\/product\/209307","targetHints":{"allow":["GET"]}}],"collection":[{"href":"https:\/\/iha-race.com\/de\/wp-json\/wp\/v2\/product"}],"about":[{"href":"https:\/\/iha-race.com\/de\/wp-json\/wp\/v2\/types\/product"}],"replies":[{"embeddable":true,"href":"https:\/\/iha-race.com\/de\/wp-json\/wp\/v2\/comments?post=209307"}],"version-history":[{"count":1,"href":"https:\/\/iha-race.com\/de\/wp-json\/wp\/v2\/product\/209307\/revisions"}],"predecessor-version":[{"id":249380,"href":"https:\/\/iha-race.com\/de\/wp-json\/wp\/v2\/product\/209307\/revisions\/249380"}],"wp:featuredmedia":[{"embeddable":true,"href":"https:\/\/iha-race.com\/de\/wp-json\/wp\/v2\/media\/127398"}],"wp:attachment":[{"href":"https:\/\/iha-race.com\/de\/wp-json\/wp\/v2\/media?parent=209307"}],"wp:term":[{"taxonomy":"pwb-brand","embeddable":true,"href":"https:\/\/iha-race.com\/de\/wp-json\/wp\/v2\/pwb-brand?post=209307"},{"taxonomy":"product_cat","embeddable":true,"href":"https:\/\/iha-race.com\/de\/wp-json\/wp\/v2\/product_cat?post=209307"},{"taxonomy":"product_tag","embeddable":true,"href":"https:\/\/iha-race.com\/de\/wp-json\/wp\/v2\/product_tag?post=209307"}],"curies":[{"name":"wp","href":"https:\/\/api.w.org\/{rel}","templated":true}]}}