{"id":209303,"date":"2021-11-03T18:52:50","date_gmt":"2021-11-03T17:52:50","guid":{"rendered":"https:\/\/iha-race.com\/producto\/betafpv-2204-2400kv-motoren-4-stueck\/"},"modified":"2025-09-10T11:48:24","modified_gmt":"2025-09-10T09:48:24","slug":"motores-betafpv-2204-2400kv","status":"publish","type":"product","link":"https:\/\/iha-race.com\/de\/producto\/motores-betafpv-2204-2400kv\/","title":{"rendered":"BetaFPV 2204 2400kv Motoren (4 St\u00fcck)"},"content":{"rendered":"<h3>BetaFPV 2204 2400kv Motoren<\/h3>\n<p>  Der BETAFPV 2204 b\u00fcrstenlose Motor ist eine verbesserte Basisversion des beliebten <a href=\"https:\/\/iha-race.com\/producto\/motores-betafpv-2004-3000kv-1700kv-brushless-4-piezas\/\">2004er Motors.<\/a> Er ist leichtg\u00e4ngig, leistungsstark und besser kontrollierbar und wurde speziell f\u00fcr den 3&#8243;-Rohrquietscher, die 4&#8243;-Drohne und das 5&#8243;-Leichtgewicht sowie das 5&#8243;-Gesamtau\u00dfenma\u00df entwickelt.  <span class=\"Apple-converted-space\">Wir<\/span> empfehlen die Verwendung von 2204-Piloten mit Motoren <a href=\"https:\/\/iha-race.com\/producto\/placa-aio-betafpv-f722-2-6s-aio-blheli_s-brushless-35a\/\"><span class=\"s1\">35A AIO FC b\u00fcrstenlose Motoren.<\/span><\/a> Damit erhalten Sie viel Leistung f\u00fcr flexibles und langlebiges Fliegen.  <img fetchpriority=\"high\" decoding=\"async\" class=\"alignnone wp-image-71544 size-full\" src=\"https:\/\/iha-race.com\/wp-content\/uploads\/2021\/11\/1-1.jpg\" alt=\"\" width=\"1600\" height=\"626\" srcset=\"https:\/\/iha-race.com\/wp-content\/uploads\/2021\/11\/1-1.jpg 1600w, https:\/\/iha-race.com\/wp-content\/uploads\/2021\/11\/1-1-300x117.jpg 300w, https:\/\/iha-race.com\/wp-content\/uploads\/2021\/11\/1-1-1024x401.jpg 1024w, https:\/\/iha-race.com\/wp-content\/uploads\/2021\/11\/1-1-767x300.jpg 767w, https:\/\/iha-race.com\/wp-content\/uploads\/2021\/11\/1-1-1536x601.jpg 1536w, https:\/\/iha-race.com\/wp-content\/uploads\/2021\/11\/1-1-2048x801.jpg 2048w, https:\/\/iha-race.com\/wp-content\/uploads\/2021\/11\/1-1-383x150.jpg 383w, https:\/\/iha-race.com\/wp-content\/uploads\/2021\/11\/1-1-100x39.jpg 100w, https:\/\/iha-race.com\/wp-content\/uploads\/2021\/11\/1-1-895x350.jpg 895w, https:\/\/iha-race.com\/wp-content\/uploads\/2021\/11\/1-1-788x308.jpg 788w, https:\/\/iha-race.com\/wp-content\/uploads\/2021\/11\/1-1-598x234.jpg 598w\" sizes=\"(max-width: 1600px) 100vw, 1600px\" \/><\/p>\n<h3 class=\"p1\">Merkmale:<\/h3>\n<ul>\n<li>Der b\u00fcrstenlose Motor BETAFPV 2204 ist ein v\u00f6llig neues, innovatives und einzigartiges Design, das eine wirklich bessere Leistung als die derzeit verf\u00fcgbaren bietet. Der Motor liefert Leistung auf eine ganz neue Art und Weise und wird Ihnen einige der SCH\u00d6NSTEN FL\u00dcGE und SPUREN bescheren, die Sie je erlebt haben!<\/li>\n<li>2400KV ist ein ultraleichter 4S-Motor, der speziell f\u00fcr das Zirpen mit 3&#8243;-Leitungen, 4&#8243;- und 5&#8243;-Leichtdrohnen konzipiert ist.<\/li>\n<li>Dieser neu konzipierte Motor bietet mehr Drehmoment und gibt es viel gleichm\u00e4\u00dfiger ab! Das spezielle Design l\u00e4sst die Motoren nicht nur wie &#8220;DUBS&#8221; in einem Auto aussehen, sondern verleiht der Drohne auch unglaubliche Leistung und Fluggef\u00fchl.<\/li>\n<\/ul>\n<h3 class=\"p1\">Spezifikationen:<\/h3>\n<ul>\n<li><strong>Artikel:<\/strong> 2204 b\u00fcrstenloser Motor<\/li>\n<li><strong>Motor KV (U\/min \/ V):<\/strong> 2400KV<\/li>\n<li><strong>Gewicht:<\/strong> 21g<\/li>\n<li><strong>Farbe:<\/strong> schwarz-rot<\/li>\n<li><strong>Welle:<\/strong> \u03c61.5mm<\/li>\n<li><strong>L\u00e4nge des Schafts:<\/strong> 3,8 mm<\/li>\n<li><strong>Durchmesser des Schafts:<\/strong> 1,5 mm<\/li>\n<li><strong>Lochabstand:<\/strong> 12 mm<\/li>\n<li><strong>Motorbefestigungsl\u00f6cher:<\/strong> M2<\/li>\n<li><strong>Eingangsspannung:<\/strong> 4-6 S<\/li>\n<li><strong>Kabel:<\/strong> 105 mm lang, 22AWG-Dr\u00e4hte<\/li>\n<li><strong>Abmessungen:<\/strong> 24,6 x 24,6 x 24,6 x 17,2 mm<\/li>\n<\/ul>\n<p>&nbsp;<\/p>\n<p><img decoding=\"async\" class=\"alignnone wp-image-71545 size-full\" src=\"https:\/\/iha-race.com\/wp-content\/uploads\/2021\/11\/2-1.jpg\" alt=\"\" width=\"1600\" height=\"488\" srcset=\"https:\/\/iha-race.com\/wp-content\/uploads\/2021\/11\/2-1.jpg 1600w, https:\/\/iha-race.com\/wp-content\/uploads\/2021\/11\/2-1-300x92.jpg 300w, https:\/\/iha-race.com\/wp-content\/uploads\/2021\/11\/2-1-1024x312.jpg 1024w, https:\/\/iha-race.com\/wp-content\/uploads\/2021\/11\/2-1-767x234.jpg 767w, https:\/\/iha-race.com\/wp-content\/uploads\/2021\/11\/2-1-1536x468.jpg 1536w, https:\/\/iha-race.com\/wp-content\/uploads\/2021\/11\/2-1-2048x625.jpg 2048w, https:\/\/iha-race.com\/wp-content\/uploads\/2021\/11\/2-1-492x150.jpg 492w, https:\/\/iha-race.com\/wp-content\/uploads\/2021\/11\/2-1-100x31.jpg 100w, https:\/\/iha-race.com\/wp-content\/uploads\/2021\/11\/2-1-1148x350.jpg 1148w, https:\/\/iha-race.com\/wp-content\/uploads\/2021\/11\/2-1-788x240.jpg 788w, https:\/\/iha-race.com\/wp-content\/uploads\/2021\/11\/2-1-600x183.jpg 600w\" sizes=\"(max-width: 1600px) 100vw, 1600px\" \/><\/p>\n<p>&nbsp;<\/p>\n<h2>Empfohlene Teile (NICHT INBEGRIFFEN)<\/h2>\n<p><span class=\"s1\">Der Motor 2204 &#8211; 2400KV ist speziell f\u00fcr die folgenden Drohnen konzipiert.<\/span><\/p>\n<ul>\n<li><span class=\"s1\">3&#8243; kanalisiertes Quietschen<\/span><\/li>\n<li><span class=\"s1\">4 &#8221; Alle<\/span><\/li>\n<li><span class=\"s1\">Leichter 5&#8243;-Zahnstocher<\/span><\/li>\n<\/ul>\n<p><span class=\"s1\">Wir empfehlen ihn f\u00fcr die BetaFPV Modelle: X-Knight 4&#8221; FPV und <\/span>TWIG Mutant 4&#8221;.<\/p>\n<ul>\n<li>Flugregler: <a href=\"https:\/\/iha-race.com\/producto\/placa-aio-betafpv-f722-2-6s-aio-blheli_s-brushless-35a\/\"><span class=\"s1\">35A AIO FC b\u00fcrstenlos<\/span><\/a><\/li>\n<li>Kompatible Propeller: HQ 5025<span class=\"s1\">3-Blatt-Propeller\/Gemfan 5125 3-Blatt-Propeller<\/span> und Gemfan 5020 Zubeh\u00f6r<\/li>\n<li><span class=\"s2\">Akku: 450mAh 4S Akku und <a href=\"https:\/\/iha-race.com\/producto\/bateria-lipo-betafpv-850mah-4s-75c-2-unidades\/\">850mAh 4S Akku<\/a><\/span><\/li>\n<li>Rahmen: 4-5 Zoll Rahmen, sehr empfehlenswert ist der <span class=\"s1\">5&#8221; TWIG ET5 Rahmen<\/span>.<\/li>\n<\/ul>\n<h2 class=\"p1\">Das Paket enth\u00e4lt:<\/h2>\n<ul>\n<li>4 x B\u00fcrstenlose Motoren 2204 &#8211; 2400KV<\/li>\n<li>1 x Packung M2-Schrauben<\/li>\n<\/ul>\n","protected":false},"excerpt":{"rendered":"<p>BetaFPV 2204 2400kv Motoren Der BETAFPV 2204 b\u00fcrstenlose Motor ist eine verbesserte Basisversion des beliebten 2004er Motors. Er ist leichtg\u00e4ngig, leistungsstark und besser kontrollierbar und wurde speziell f\u00fcr den 3&#8243;-Rohrquietscher,<\/p>\n","protected":false},"featured_media":127775,"comment_status":"open","ping_status":"closed","template":"","meta":{"_joinchat":[]},"pwb-brand":[],"product_cat":[2476,46],"product_tag":[],"class_list":{"0":"post-209303","1":"product","2":"type-product","3":"status-publish","4":"has-post-thumbnail","6":"product_cat-sin-escobillas-sin-eje","7":"product_cat-motores","9":"first","10":"instock","11":"taxable","12":"shipping-taxable","13":"purchasable","14":"product-type-simple"},"barcode":null,"atum_controlled":true,"out_stock_date":null,"out_stock_threshold":null,"inheritable":false,"stock_on_hold":0,"sold_today":0,"sales_last_days":0,"out_stock_days":0,"lost_sales":0,"update_date":"2026-04-18T22:21:41","atum_locations":[],"atum_stock_status":"instock","restock_status":false,"low_stock_amount":"","sales_update_date":"2026-04-18T22:21:41","calc_backorders":null,"yoast_head":"<!-- This site is optimized with the Yoast SEO plugin v27.3 - https:\/\/yoast.com\/product\/yoast-seo-wordpress\/ -->\n<title>BetaFPV 2204 2400kv Motoren (4 St\u00fcck) - Iha Race<\/title>\n<meta name=\"robots\" content=\"index, follow, max-snippet:-1, max-image-preview:large, max-video-preview:-1\" \/>\n<link rel=\"canonical\" href=\"https:\/\/iha-race.com\/de\/producto\/motores-betafpv-2204-2400kv\/\" \/>\n<meta property=\"og:locale\" content=\"de_DE\" \/>\n<meta property=\"og:type\" content=\"article\" \/>\n<meta property=\"og:title\" content=\"BetaFPV 2204 2400kv Motoren (4 St\u00fcck) - Iha Race\" \/>\n<meta property=\"og:description\" content=\"BetaFPV 2204 2400kv Motoren Der BETAFPV 2204 b\u00fcrstenlose Motor ist eine verbesserte Basisversion des beliebten 2004er Motors. Er ist leichtg\u00e4ngig, leistungsstark und besser kontrollierbar und wurde speziell f\u00fcr den 3&#8243;-Rohrquietscher,\" \/>\n<meta property=\"og:url\" content=\"https:\/\/iha-race.com\/de\/producto\/motores-betafpv-2204-2400kv\/\" \/>\n<meta property=\"og:site_name\" content=\"Iha Race\" \/>\n<meta property=\"article:modified_time\" content=\"2025-09-10T09:48:24+00:00\" \/>\n<meta property=\"og:image\" content=\"https:\/\/iha-race.com\/wp-content\/uploads\/2021\/11\/Motores-BetaFPV-2204-2400kv.jpg\" \/>\n\t<meta property=\"og:image:width\" content=\"720\" \/>\n\t<meta property=\"og:image:height\" content=\"720\" \/>\n\t<meta property=\"og:image:type\" content=\"image\/jpeg\" \/>\n<meta name=\"twitter:card\" content=\"summary_large_image\" \/>\n<meta name=\"twitter:label1\" content=\"Gesch\u00e4tzte Lesezeit\" \/>\n\t<meta name=\"twitter:data1\" content=\"2\u00a0Minuten\" \/>\n<script type=\"application\/ld+json\" class=\"yoast-schema-graph\">{\"@context\":\"https:\\\/\\\/schema.org\",\"@graph\":[{\"@type\":\"WebPage\",\"@id\":\"https:\\\/\\\/iha-race.com\\\/de\\\/producto\\\/motores-betafpv-2204-2400kv\\\/\",\"url\":\"https:\\\/\\\/iha-race.com\\\/de\\\/producto\\\/motores-betafpv-2204-2400kv\\\/\",\"name\":\"BetaFPV 2204 2400kv Motoren (4 St\u00fcck) - Iha Race\",\"isPartOf\":{\"@id\":\"https:\\\/\\\/iha-race.com\\\/de\\\/#website\"},\"primaryImageOfPage\":{\"@id\":\"https:\\\/\\\/iha-race.com\\\/de\\\/producto\\\/motores-betafpv-2204-2400kv\\\/#primaryimage\"},\"image\":{\"@id\":\"https:\\\/\\\/iha-race.com\\\/de\\\/producto\\\/motores-betafpv-2204-2400kv\\\/#primaryimage\"},\"thumbnailUrl\":\"https:\\\/\\\/iha-race.com\\\/wp-content\\\/uploads\\\/2021\\\/11\\\/Motores-BetaFPV-2204-2400kv.jpg\",\"datePublished\":\"2021-11-03T17:52:50+00:00\",\"dateModified\":\"2025-09-10T09:48:24+00:00\",\"breadcrumb\":{\"@id\":\"https:\\\/\\\/iha-race.com\\\/de\\\/producto\\\/motores-betafpv-2204-2400kv\\\/#breadcrumb\"},\"inLanguage\":\"de\",\"potentialAction\":[{\"@type\":\"ReadAction\",\"target\":[\"https:\\\/\\\/iha-race.com\\\/de\\\/producto\\\/motores-betafpv-2204-2400kv\\\/\"]}]},{\"@type\":\"ImageObject\",\"inLanguage\":\"de\",\"@id\":\"https:\\\/\\\/iha-race.com\\\/de\\\/producto\\\/motores-betafpv-2204-2400kv\\\/#primaryimage\",\"url\":\"https:\\\/\\\/iha-race.com\\\/wp-content\\\/uploads\\\/2021\\\/11\\\/Motores-BetaFPV-2204-2400kv.jpg\",\"contentUrl\":\"https:\\\/\\\/iha-race.com\\\/wp-content\\\/uploads\\\/2021\\\/11\\\/Motores-BetaFPV-2204-2400kv.jpg\",\"width\":720,\"height\":720},{\"@type\":\"BreadcrumbList\",\"@id\":\"https:\\\/\\\/iha-race.com\\\/de\\\/producto\\\/motores-betafpv-2204-2400kv\\\/#breadcrumb\",\"itemListElement\":[{\"@type\":\"ListItem\",\"position\":1,\"name\":\"Portada\",\"item\":\"https:\\\/\\\/iha-race.com\\\/de\\\/elementor-499\\\/\"},{\"@type\":\"ListItem\",\"position\":2,\"name\":\"Shop\",\"item\":\"https:\\\/\\\/iha-race.com\\\/de\\\/shop\\\/\"},{\"@type\":\"ListItem\",\"position\":3,\"name\":\"BetaFPV 2204 2400kv Motoren (4 St\u00fcck)\"}]},{\"@type\":\"WebSite\",\"@id\":\"https:\\\/\\\/iha-race.com\\\/de\\\/#website\",\"url\":\"https:\\\/\\\/iha-race.com\\\/de\\\/\",\"name\":\"Iha Race\",\"description\":\"Comprar drones de carreras FPV env\u00edos en un d\u00eda desde Espa\u00f1a\",\"publisher\":{\"@id\":\"https:\\\/\\\/iha-race.com\\\/de\\\/#organization\"},\"potentialAction\":[{\"@type\":\"SearchAction\",\"target\":{\"@type\":\"EntryPoint\",\"urlTemplate\":\"https:\\\/\\\/iha-race.com\\\/de\\\/?s={search_term_string}\"},\"query-input\":{\"@type\":\"PropertyValueSpecification\",\"valueRequired\":true,\"valueName\":\"search_term_string\"}}],\"inLanguage\":\"de\"},{\"@type\":\"Organization\",\"@id\":\"https:\\\/\\\/iha-race.com\\\/de\\\/#organization\",\"name\":\"Iha Race\",\"url\":\"https:\\\/\\\/iha-race.com\\\/de\\\/\",\"logo\":{\"@type\":\"ImageObject\",\"inLanguage\":\"de\",\"@id\":\"https:\\\/\\\/iha-race.com\\\/de\\\/#\\\/schema\\\/logo\\\/image\\\/\",\"url\":\"https:\\\/\\\/iha-race.com\\\/wp-content\\\/uploads\\\/2018\\\/07\\\/iha-race-drones-de-carreras-tienda-comprar-drones.png\",\"contentUrl\":\"https:\\\/\\\/iha-race.com\\\/wp-content\\\/uploads\\\/2018\\\/07\\\/iha-race-drones-de-carreras-tienda-comprar-drones.png\",\"width\":300,\"height\":100,\"caption\":\"Iha Race\"},\"image\":{\"@id\":\"https:\\\/\\\/iha-race.com\\\/de\\\/#\\\/schema\\\/logo\\\/image\\\/\"}}]}<\/script>\n<!-- \/ Yoast SEO plugin. -->","yoast_head_json":{"title":"BetaFPV 2204 2400kv Motoren (4 St\u00fcck) - Iha Race","robots":{"index":"index","follow":"follow","max-snippet":"max-snippet:-1","max-image-preview":"max-image-preview:large","max-video-preview":"max-video-preview:-1"},"canonical":"https:\/\/iha-race.com\/de\/producto\/motores-betafpv-2204-2400kv\/","og_locale":"de_DE","og_type":"article","og_title":"BetaFPV 2204 2400kv Motoren (4 St\u00fcck) - Iha Race","og_description":"BetaFPV 2204 2400kv Motoren Der BETAFPV 2204 b\u00fcrstenlose Motor ist eine verbesserte Basisversion des beliebten 2004er Motors. Er ist leichtg\u00e4ngig, leistungsstark und besser kontrollierbar und wurde speziell f\u00fcr den 3&#8243;-Rohrquietscher,","og_url":"https:\/\/iha-race.com\/de\/producto\/motores-betafpv-2204-2400kv\/","og_site_name":"Iha Race","article_modified_time":"2025-09-10T09:48:24+00:00","og_image":[{"width":720,"height":720,"url":"https:\/\/iha-race.com\/wp-content\/uploads\/2021\/11\/Motores-BetaFPV-2204-2400kv.jpg","type":"image\/jpeg"}],"twitter_card":"summary_large_image","twitter_misc":{"Gesch\u00e4tzte Lesezeit":"2\u00a0Minuten"},"schema":{"@context":"https:\/\/schema.org","@graph":[{"@type":"WebPage","@id":"https:\/\/iha-race.com\/de\/producto\/motores-betafpv-2204-2400kv\/","url":"https:\/\/iha-race.com\/de\/producto\/motores-betafpv-2204-2400kv\/","name":"BetaFPV 2204 2400kv Motoren (4 St\u00fcck) - Iha Race","isPartOf":{"@id":"https:\/\/iha-race.com\/de\/#website"},"primaryImageOfPage":{"@id":"https:\/\/iha-race.com\/de\/producto\/motores-betafpv-2204-2400kv\/#primaryimage"},"image":{"@id":"https:\/\/iha-race.com\/de\/producto\/motores-betafpv-2204-2400kv\/#primaryimage"},"thumbnailUrl":"https:\/\/iha-race.com\/wp-content\/uploads\/2021\/11\/Motores-BetaFPV-2204-2400kv.jpg","datePublished":"2021-11-03T17:52:50+00:00","dateModified":"2025-09-10T09:48:24+00:00","breadcrumb":{"@id":"https:\/\/iha-race.com\/de\/producto\/motores-betafpv-2204-2400kv\/#breadcrumb"},"inLanguage":"de","potentialAction":[{"@type":"ReadAction","target":["https:\/\/iha-race.com\/de\/producto\/motores-betafpv-2204-2400kv\/"]}]},{"@type":"ImageObject","inLanguage":"de","@id":"https:\/\/iha-race.com\/de\/producto\/motores-betafpv-2204-2400kv\/#primaryimage","url":"https:\/\/iha-race.com\/wp-content\/uploads\/2021\/11\/Motores-BetaFPV-2204-2400kv.jpg","contentUrl":"https:\/\/iha-race.com\/wp-content\/uploads\/2021\/11\/Motores-BetaFPV-2204-2400kv.jpg","width":720,"height":720},{"@type":"BreadcrumbList","@id":"https:\/\/iha-race.com\/de\/producto\/motores-betafpv-2204-2400kv\/#breadcrumb","itemListElement":[{"@type":"ListItem","position":1,"name":"Portada","item":"https:\/\/iha-race.com\/de\/elementor-499\/"},{"@type":"ListItem","position":2,"name":"Shop","item":"https:\/\/iha-race.com\/de\/shop\/"},{"@type":"ListItem","position":3,"name":"BetaFPV 2204 2400kv Motoren (4 St\u00fcck)"}]},{"@type":"WebSite","@id":"https:\/\/iha-race.com\/de\/#website","url":"https:\/\/iha-race.com\/de\/","name":"Iha Race","description":"Comprar drones de carreras FPV env\u00edos en un d\u00eda desde Espa\u00f1a","publisher":{"@id":"https:\/\/iha-race.com\/de\/#organization"},"potentialAction":[{"@type":"SearchAction","target":{"@type":"EntryPoint","urlTemplate":"https:\/\/iha-race.com\/de\/?s={search_term_string}"},"query-input":{"@type":"PropertyValueSpecification","valueRequired":true,"valueName":"search_term_string"}}],"inLanguage":"de"},{"@type":"Organization","@id":"https:\/\/iha-race.com\/de\/#organization","name":"Iha Race","url":"https:\/\/iha-race.com\/de\/","logo":{"@type":"ImageObject","inLanguage":"de","@id":"https:\/\/iha-race.com\/de\/#\/schema\/logo\/image\/","url":"https:\/\/iha-race.com\/wp-content\/uploads\/2018\/07\/iha-race-drones-de-carreras-tienda-comprar-drones.png","contentUrl":"https:\/\/iha-race.com\/wp-content\/uploads\/2018\/07\/iha-race-drones-de-carreras-tienda-comprar-drones.png","width":300,"height":100,"caption":"Iha Race"},"image":{"@id":"https:\/\/iha-race.com\/de\/#\/schema\/logo\/image\/"}}]}},"jetpack_sharing_enabled":true,"brands":[],"_links":{"self":[{"href":"https:\/\/iha-race.com\/de\/wp-json\/wp\/v2\/product\/209303","targetHints":{"allow":["GET"]}}],"collection":[{"href":"https:\/\/iha-race.com\/de\/wp-json\/wp\/v2\/product"}],"about":[{"href":"https:\/\/iha-race.com\/de\/wp-json\/wp\/v2\/types\/product"}],"replies":[{"embeddable":true,"href":"https:\/\/iha-race.com\/de\/wp-json\/wp\/v2\/comments?post=209303"}],"version-history":[{"count":2,"href":"https:\/\/iha-race.com\/de\/wp-json\/wp\/v2\/product\/209303\/revisions"}],"predecessor-version":[{"id":249275,"href":"https:\/\/iha-race.com\/de\/wp-json\/wp\/v2\/product\/209303\/revisions\/249275"}],"wp:featuredmedia":[{"embeddable":true,"href":"https:\/\/iha-race.com\/de\/wp-json\/wp\/v2\/media\/127775"}],"wp:attachment":[{"href":"https:\/\/iha-race.com\/de\/wp-json\/wp\/v2\/media?parent=209303"}],"wp:term":[{"taxonomy":"pwb-brand","embeddable":true,"href":"https:\/\/iha-race.com\/de\/wp-json\/wp\/v2\/pwb-brand?post=209303"},{"taxonomy":"product_cat","embeddable":true,"href":"https:\/\/iha-race.com\/de\/wp-json\/wp\/v2\/product_cat?post=209303"},{"taxonomy":"product_tag","embeddable":true,"href":"https:\/\/iha-race.com\/de\/wp-json\/wp\/v2\/product_tag?post=209303"}],"curies":[{"name":"wp","href":"https:\/\/api.w.org\/{rel}","templated":true}]}}