{"id":209279,"date":"2021-08-03T16:07:50","date_gmt":"2021-08-03T14:07:50","guid":{"rendered":"https:\/\/iha-race.com\/producto\/xiaomi-mijia-elektrischer-schraubenzieher\/"},"modified":"2024-08-29T12:24:48","modified_gmt":"2024-08-29T10:24:48","slug":"schraubendreher-elektrisch-xiaomi-mijia","status":"publish","type":"product","link":"https:\/\/iha-race.com\/de\/producto\/schraubendreher-elektrisch-xiaomi-mijia\/","title":{"rendered":"Xiaomi Mijia Elektrischer Schraubenzieher"},"content":{"rendered":"<h2><span data-sheets-value=\"{\"1\":2,\"2\":\"Destornillador el\u00e9ctrico Xiaomi Mijia\"}\" data-sheets-userformat=\"{\"2\":15105,\"3\":{\"1\":0},\"11\":4,\"12\":0,\"14\":[null,2,2434341],\"15\":\"Calibri\",\"16\":12}\">Xiaomi Mijia Elektrischer Schraubenzieher<\/span><\/h2>\n<p><span class=\"15\">XIAOMI&#8217;s Mijia Akkuschrauber<\/span> mit neuem Design, ausgestattet mit <span class=\"15\">12 S2-Stahl-Schraubenbits<\/span> und einem <span class=\"15\">Power-Schraubendreher. <\/span> Ausgezeichnet mit dem <span class=\"15\">iF DESIGN AWARD 2019<\/span><b><span class=\"15\">,<\/span><\/b> iF Industrial German Design Award. Einfach zu bedienen, langlebig und tragbar. <span class=\"15\"> 5N.m<\/span> MAX-Drehmoment, <span class=\"15\">2000mAh<\/span> Lithium-Ionen-Akku mit gro\u00dfer Kapazit\u00e4t. Es kann in den meisten Haushaltsger\u00e4ten verwendet werden.  <\/p>\n<h2>Merkmale:<\/h2>\n<ul>\n<li>Leistungsstarker Magnetmotor.<\/li>\n<li><span class=\"15\">Ganzmetallgetriebe &#8211;<\/span> 5 N.m <span class=\"15\">Drehmomentbox<\/span>, Ihr bester Helfer bei der t\u00e4glichen Haushaltspflege.<\/li>\n<li>  Kabellos und tragbar.<\/li>\n<li><span class=\"15\">2000 mAh<\/span> Akku mit hoher Kapazit\u00e4t.<\/li>\n<li><span class=\"15\">Der<\/span><span class=\"15\">voll aufgeladene<\/span> elektrische Schraubendreher kann <span class=\"15\">180 St\u00fcck Schrauben<\/span> bearbeiten <span class=\"15\">.<\/span><\/li>\n<li> <span class=\"15\">Typ-C-Lademodus<\/span>.<\/li>\n<li><span class=\"15\">Geteilter Batteriekasten<\/span> aus flammhemmendem, sicherem und w\u00e4rmeisolierendem Material.<\/li>\n<li>Schraubenloses, integrales Karosseriedesign, Koexistenz von <span class=\"15\">Wissenschaft und \u00c4sthetik<\/span>, technisches Kunststoffmaterial, mit innovativem Design.<\/li>\n<li><span class=\"15\">UV-Doppelschicht<\/span>.<\/li>\n<li>Einbrennlackiertechnik, schmutzabweisend und korrosionsbest\u00e4ndig.<\/li>\n<li>3-teiliges LED-Licht, um Ihre Arbeit zu beleuchten, bequemer zu tun, Reparaturarbeiten.<\/li>\n<li>Kreatives Drehknopfdesign: 3 G\u00e4nge zum Schrauben, Sperren und Verschrauben.<\/li>\n<\/ul>\n<h2>Spezifikationen:<\/h2>\n<ul>\n<li style=\"font-weight: 400;\">Maximale Torsionsspannung: 5N.m<\/li>\n<li style=\"font-weight: 400;\">Nennleistung: 3,6 V<\/li>\n<li style=\"font-weight: 400;\">Leerlaufdrehzahl: 200r \/ min<\/li>\n<li style=\"font-weight: 400;\">Aufladezeit: 120-180 Min.<\/li>\n<li style=\"font-weight: 400;\">Schraubenbit-Modus: C6.3X25mm<\/li>\n<li style=\"font-weight: 400;\">Schraubendreher Gr\u00f6\u00dfe: 124X130.5X42mm<\/li>\n<li style=\"font-weight: 400;\">Gewicht: 350 (ca.)<\/li>\n<li style=\"font-weight: 400;\">Verl\u00e4ngerungsstange: 60 mm<\/li>\n<li>Schraubbits: TORX T15\/ TORX T20 \/ TORX T25 \/ PH1 \/ PH2 \/ PH3 \/ H3 \/ H4 \/ H5 \/ SL4 \/ SL6 \/PZ2<\/li>\n<\/ul>\n<p><img fetchpriority=\"high\" decoding=\"async\" class=\"alignnone wp-image-67909 size-large\" src=\"https:\/\/iha-race.com\/wp-content\/uploads\/2021\/08\/diseno-969x1024.jpg\" alt=\"\" width=\"840\" height=\"888\" srcset=\"https:\/\/iha-race.com\/wp-content\/uploads\/2021\/08\/diseno-969x1024.jpg 969w, https:\/\/iha-race.com\/wp-content\/uploads\/2021\/08\/diseno-284x300.jpg 284w, https:\/\/iha-race.com\/wp-content\/uploads\/2021\/08\/diseno-767x811.jpg 767w, https:\/\/iha-race.com\/wp-content\/uploads\/2021\/08\/diseno-1453x1536.jpg 1453w, https:\/\/iha-race.com\/wp-content\/uploads\/2021\/08\/diseno-1938x2048.jpg 1938w, https:\/\/iha-race.com\/wp-content\/uploads\/2021\/08\/diseno-142x150.jpg 142w, https:\/\/iha-race.com\/wp-content\/uploads\/2021\/08\/diseno-100x106.jpg 100w, https:\/\/iha-race.com\/wp-content\/uploads\/2021\/08\/diseno-331x350.jpg 331w, https:\/\/iha-race.com\/wp-content\/uploads\/2021\/08\/diseno-788x832.jpg 788w, https:\/\/iha-race.com\/wp-content\/uploads\/2021\/08\/diseno-600x634.jpg 600w, https:\/\/iha-race.com\/wp-content\/uploads\/2021\/08\/diseno.jpg 809w\" sizes=\"(max-width: 840px) 100vw, 840px\" \/> <img decoding=\"async\" class=\"alignnone wp-image-67910 \" src=\"https:\/\/iha-race.com\/wp-content\/uploads\/2021\/08\/premio-al-diseno-798x1024.jpg\" alt=\"\" width=\"722\" height=\"927\" srcset=\"https:\/\/iha-race.com\/wp-content\/uploads\/2021\/08\/premio-al-diseno-798x1024.jpg 798w, https:\/\/iha-race.com\/wp-content\/uploads\/2021\/08\/premio-al-diseno-234x300.jpg 234w, https:\/\/iha-race.com\/wp-content\/uploads\/2021\/08\/premio-al-diseno-768x985.jpg 768w, https:\/\/iha-race.com\/wp-content\/uploads\/2021\/08\/premio-al-diseno-1197x1536.jpg 1197w, https:\/\/iha-race.com\/wp-content\/uploads\/2021\/08\/premio-al-diseno-1596x2048.jpg 1596w, https:\/\/iha-race.com\/wp-content\/uploads\/2021\/08\/premio-al-diseno-117x150.jpg 117w, https:\/\/iha-race.com\/wp-content\/uploads\/2021\/08\/premio-al-diseno-100x128.jpg 100w, https:\/\/iha-race.com\/wp-content\/uploads\/2021\/08\/premio-al-diseno-273x350.jpg 273w, https:\/\/iha-race.com\/wp-content\/uploads\/2021\/08\/premio-al-diseno-599x769.jpg 599w, https:\/\/iha-race.com\/wp-content\/uploads\/2021\/08\/premio-al-diseno.jpg 693w\" sizes=\"(max-width: 722px) 100vw, 722px\" \/> <img decoding=\"async\" class=\"alignnone wp-image-67911 size-large\" src=\"https:\/\/iha-race.com\/wp-content\/uploads\/2021\/08\/rotor-magnetico-1000x1024.jpg\" alt=\"\" width=\"840\" height=\"860\" srcset=\"https:\/\/iha-race.com\/wp-content\/uploads\/2021\/08\/rotor-magnetico-1000x1024.jpg 1000w, https:\/\/iha-race.com\/wp-content\/uploads\/2021\/08\/rotor-magnetico-293x300.jpg 293w, https:\/\/iha-race.com\/wp-content\/uploads\/2021\/08\/rotor-magnetico-768x786.jpg 768w, https:\/\/iha-race.com\/wp-content\/uploads\/2021\/08\/rotor-magnetico-1501x1536.jpg 1501w, https:\/\/iha-race.com\/wp-content\/uploads\/2021\/08\/rotor-magnetico-2001x2048.jpg 2001w, https:\/\/iha-race.com\/wp-content\/uploads\/2021\/08\/rotor-magnetico-147x150.jpg 147w, https:\/\/iha-race.com\/wp-content\/uploads\/2021\/08\/rotor-magnetico-100x102.jpg 100w, https:\/\/iha-race.com\/wp-content\/uploads\/2021\/08\/rotor-magnetico-342x350.jpg 342w, https:\/\/iha-race.com\/wp-content\/uploads\/2021\/08\/rotor-magnetico-788x806.jpg 788w, https:\/\/iha-race.com\/wp-content\/uploads\/2021\/08\/rotor-magnetico-600x614.jpg 600w, https:\/\/iha-race.com\/wp-content\/uploads\/2021\/08\/rotor-magnetico.jpg 805w\" sizes=\"(max-width: 840px) 100vw, 840px\" \/> <img loading=\"lazy\" decoding=\"async\" class=\"alignnone wp-image-67912 size-large\" src=\"https:\/\/iha-race.com\/wp-content\/uploads\/2021\/08\/bateria-de-2000mah-962x1024.jpg\" alt=\"\" width=\"840\" height=\"894\" srcset=\"https:\/\/iha-race.com\/wp-content\/uploads\/2021\/08\/bateria-de-2000mah-962x1024.jpg 962w, https:\/\/iha-race.com\/wp-content\/uploads\/2021\/08\/bateria-de-2000mah-282x300.jpg 282w, https:\/\/iha-race.com\/wp-content\/uploads\/2021\/08\/bateria-de-2000mah-768x817.jpg 768w, https:\/\/iha-race.com\/wp-content\/uploads\/2021\/08\/bateria-de-2000mah-1443x1536.jpg 1443w, https:\/\/iha-race.com\/wp-content\/uploads\/2021\/08\/bateria-de-2000mah-1924x2048.jpg 1924w, https:\/\/iha-race.com\/wp-content\/uploads\/2021\/08\/bateria-de-2000mah-141x150.jpg 141w, https:\/\/iha-race.com\/wp-content\/uploads\/2021\/08\/bateria-de-2000mah-100x106.jpg 100w, https:\/\/iha-race.com\/wp-content\/uploads\/2021\/08\/bateria-de-2000mah-329x350.jpg 329w, https:\/\/iha-race.com\/wp-content\/uploads\/2021\/08\/bateria-de-2000mah-788x838.jpg 788w, https:\/\/iha-race.com\/wp-content\/uploads\/2021\/08\/bateria-de-2000mah-599x638.jpg 599w, https:\/\/iha-race.com\/wp-content\/uploads\/2021\/08\/bateria-de-2000mah.jpg 808w\" sizes=\"(max-width: 840px) 100vw, 840px\" \/> <img loading=\"lazy\" decoding=\"async\" class=\"alignnone wp-image-67913 size-large\" src=\"https:\/\/iha-race.com\/wp-content\/uploads\/2021\/08\/diseno-integrado-931x1024.jpg\" alt=\"\" width=\"840\" height=\"924\" srcset=\"https:\/\/iha-race.com\/wp-content\/uploads\/2021\/08\/diseno-integrado-931x1024.jpg 931w, https:\/\/iha-race.com\/wp-content\/uploads\/2021\/08\/diseno-integrado-273x300.jpg 273w, https:\/\/iha-race.com\/wp-content\/uploads\/2021\/08\/diseno-integrado-768x844.jpg 768w, https:\/\/iha-race.com\/wp-content\/uploads\/2021\/08\/diseno-integrado-1397x1536.jpg 1397w, https:\/\/iha-race.com\/wp-content\/uploads\/2021\/08\/diseno-integrado-1863x2048.jpg 1863w, https:\/\/iha-race.com\/wp-content\/uploads\/2021\/08\/diseno-integrado-136x150.jpg 136w, https:\/\/iha-race.com\/wp-content\/uploads\/2021\/08\/diseno-integrado-100x110.jpg 100w, https:\/\/iha-race.com\/wp-content\/uploads\/2021\/08\/diseno-integrado-318x350.jpg 318w, https:\/\/iha-race.com\/wp-content\/uploads\/2021\/08\/diseno-integrado-788x866.jpg 788w, https:\/\/iha-race.com\/wp-content\/uploads\/2021\/08\/diseno-integrado-599x659.jpg 599w, https:\/\/iha-race.com\/wp-content\/uploads\/2021\/08\/diseno-integrado.jpg 805w\" sizes=\"(max-width: 840px) 100vw, 840px\" \/> <img loading=\"lazy\" decoding=\"async\" class=\"alignnone wp-image-67914 size-large\" src=\"https:\/\/iha-race.com\/wp-content\/uploads\/2021\/08\/boton-de-diseno-947x1024.jpg\" alt=\"\" width=\"840\" height=\"908\" srcset=\"https:\/\/iha-race.com\/wp-content\/uploads\/2021\/08\/boton-de-diseno-947x1024.jpg 947w, https:\/\/iha-race.com\/wp-content\/uploads\/2021\/08\/boton-de-diseno-277x300.jpg 277w, https:\/\/iha-race.com\/wp-content\/uploads\/2021\/08\/boton-de-diseno-767x830.jpg 767w, https:\/\/iha-race.com\/wp-content\/uploads\/2021\/08\/boton-de-diseno-1420x1536.jpg 1420w, https:\/\/iha-race.com\/wp-content\/uploads\/2021\/08\/boton-de-diseno-1894x2048.jpg 1894w, https:\/\/iha-race.com\/wp-content\/uploads\/2021\/08\/boton-de-diseno-139x150.jpg 139w, https:\/\/iha-race.com\/wp-content\/uploads\/2021\/08\/boton-de-diseno-100x108.jpg 100w, https:\/\/iha-race.com\/wp-content\/uploads\/2021\/08\/boton-de-diseno-324x350.jpg 324w, https:\/\/iha-race.com\/wp-content\/uploads\/2021\/08\/boton-de-diseno-788x852.jpg 788w, https:\/\/iha-race.com\/wp-content\/uploads\/2021\/08\/boton-de-diseno-599x648.jpg 599w, https:\/\/iha-race.com\/wp-content\/uploads\/2021\/08\/boton-de-diseno.jpg 810w\" sizes=\"(max-width: 840px) 100vw, 840px\" \/> <img loading=\"lazy\" decoding=\"async\" class=\"alignnone wp-image-67915 size-large\" src=\"https:\/\/iha-race.com\/wp-content\/uploads\/2021\/08\/12-piezas-de-acero-923x1024.jpg\" alt=\"\" width=\"840\" height=\"932\" srcset=\"https:\/\/iha-race.com\/wp-content\/uploads\/2021\/08\/12-piezas-de-acero-923x1024.jpg 923w, https:\/\/iha-race.com\/wp-content\/uploads\/2021\/08\/12-piezas-de-acero-270x300.jpg 270w, https:\/\/iha-race.com\/wp-content\/uploads\/2021\/08\/12-piezas-de-acero-768x852.jpg 768w, https:\/\/iha-race.com\/wp-content\/uploads\/2021\/08\/12-piezas-de-acero-1384x1536.jpg 1384w, https:\/\/iha-race.com\/wp-content\/uploads\/2021\/08\/12-piezas-de-acero-1845x2048.jpg 1845w, https:\/\/iha-race.com\/wp-content\/uploads\/2021\/08\/12-piezas-de-acero-135x150.jpg 135w, https:\/\/iha-race.com\/wp-content\/uploads\/2021\/08\/12-piezas-de-acero-100x111.jpg 100w, https:\/\/iha-race.com\/wp-content\/uploads\/2021\/08\/12-piezas-de-acero-315x350.jpg 315w, https:\/\/iha-race.com\/wp-content\/uploads\/2021\/08\/12-piezas-de-acero-788x874.jpg 788w, https:\/\/iha-race.com\/wp-content\/uploads\/2021\/08\/12-piezas-de-acero-600x666.jpg 600w, https:\/\/iha-race.com\/wp-content\/uploads\/2021\/08\/12-piezas-de-acero.jpg 809w\" sizes=\"(max-width: 840px) 100vw, 840px\" \/> <img loading=\"lazy\" decoding=\"async\" class=\"alignnone wp-image-67916 \" src=\"https:\/\/iha-race.com\/wp-content\/uploads\/2021\/08\/multiples-usos.jpg\" alt=\"\" width=\"842\" height=\"739\" srcset=\"https:\/\/iha-race.com\/wp-content\/uploads\/2021\/08\/multiples-usos.jpg 808w, https:\/\/iha-race.com\/wp-content\/uploads\/2021\/08\/multiples-usos-300x263.jpg 300w, https:\/\/iha-race.com\/wp-content\/uploads\/2021\/08\/multiples-usos-1024x899.jpg 1024w, https:\/\/iha-race.com\/wp-content\/uploads\/2021\/08\/multiples-usos-767x673.jpg 767w, https:\/\/iha-race.com\/wp-content\/uploads\/2021\/08\/multiples-usos-1536x1348.jpg 1536w, https:\/\/iha-race.com\/wp-content\/uploads\/2021\/08\/multiples-usos-2048x1797.jpg 2048w, https:\/\/iha-race.com\/wp-content\/uploads\/2021\/08\/multiples-usos-171x150.jpg 171w, https:\/\/iha-race.com\/wp-content\/uploads\/2021\/08\/multiples-usos-100x88.jpg 100w, https:\/\/iha-race.com\/wp-content\/uploads\/2021\/08\/multiples-usos-399x350.jpg 399w, https:\/\/iha-race.com\/wp-content\/uploads\/2021\/08\/multiples-usos-788x691.jpg 788w, https:\/\/iha-race.com\/wp-content\/uploads\/2021\/08\/multiples-usos-599x526.jpg 599w\" sizes=\"(max-width: 842px) 100vw, 842px\" \/> <img loading=\"lazy\" decoding=\"async\" class=\"alignnone wp-image-67917 \" src=\"https:\/\/iha-race.com\/wp-content\/uploads\/2021\/08\/luz-led-1024x330.jpg\" alt=\"\" width=\"843\" height=\"272\" srcset=\"https:\/\/iha-race.com\/wp-content\/uploads\/2021\/08\/luz-led-1024x330.jpg 1024w, https:\/\/iha-race.com\/wp-content\/uploads\/2021\/08\/luz-led-300x97.jpg 300w, https:\/\/iha-race.com\/wp-content\/uploads\/2021\/08\/luz-led-767x247.jpg 767w, https:\/\/iha-race.com\/wp-content\/uploads\/2021\/08\/luz-led-1536x495.jpg 1536w, https:\/\/iha-race.com\/wp-content\/uploads\/2021\/08\/luz-led-2048x660.jpg 2048w, https:\/\/iha-race.com\/wp-content\/uploads\/2021\/08\/luz-led-466x150.jpg 466w, https:\/\/iha-race.com\/wp-content\/uploads\/2021\/08\/luz-led-100x32.jpg 100w, https:\/\/iha-race.com\/wp-content\/uploads\/2021\/08\/luz-led-1086x350.jpg 1086w, https:\/\/iha-race.com\/wp-content\/uploads\/2021\/08\/luz-led-788x253.jpg 788w, https:\/\/iha-race.com\/wp-content\/uploads\/2021\/08\/luz-led-599x193.jpg 599w, https:\/\/iha-race.com\/wp-content\/uploads\/2021\/08\/luz-led.jpg 807w\" sizes=\"(max-width: 843px) 100vw, 843px\" \/><\/p>\n<h2>Das Paket enth\u00e4lt:<\/h2>\n<ul>\n<li>1 x Schraubendreher<\/li>\n<li>12 x Schraubbits (TORX T15\/ TORX T20 \/ TORX T25 \/ PH1 \/ PH2 \/ PH3 \/ H3 \/ H4 \/ H5 \/ SL4 \/ SL6 \/PZ2)<\/li>\n<li>1 x 60mm Verl\u00e4ngerungsstange<\/li>\n<li>1 x Ladekabel<\/li>\n<li>1 x Aufbewahrungstasche<\/li>\n<li>1 x Bohrerbox<\/li>\n<li>1 x Handbuch<\/li>\n<\/ul>\n","protected":false},"excerpt":{"rendered":"<p>Xiaomi Mijia Elektrischer Schraubenzieher XIAOMI&#8217;s Mijia Akkuschrauber mit neuem Design, ausgestattet mit 12 S2-Stahl-Schraubenbits und einem Power-Schraubendreher. Ausgezeichnet mit dem iF DESIGN AWARD 2019, iF Industrial German Design Award. Einfach<\/p>\n","protected":false},"featured_media":126882,"comment_status":"open","ping_status":"closed","template":"","meta":{"_joinchat":[]},"pwb-brand":[],"product_cat":[2513,2549],"product_tag":[],"class_list":{"0":"post-209279","1":"product","2":"type-product","3":"status-publish","4":"has-post-thumbnail","6":"product_cat-zubehor","7":"product_cat--werkzeuge-und-loten","9":"first","10":"instock","11":"taxable","12":"shipping-taxable","13":"purchasable","14":"product-type-simple"},"barcode":null,"atum_controlled":true,"out_stock_date":null,"out_stock_threshold":null,"inheritable":false,"stock_on_hold":0,"sold_today":0,"sales_last_days":0,"out_stock_days":0,"lost_sales":0,"update_date":"2026-04-25T20:28:29","atum_locations":[],"atum_stock_status":"instock","restock_status":false,"low_stock_amount":"","sales_update_date":"2026-04-25T20:28:29","calc_backorders":null,"yoast_head":"<!-- This site is optimized with the Yoast SEO plugin v27.3 - https:\/\/yoast.com\/product\/yoast-seo-wordpress\/ -->\n<title>Xiaomi Mijia Elektrischer Schraubenzieher - Iha Race<\/title>\n<meta name=\"robots\" content=\"index, follow, max-snippet:-1, max-image-preview:large, max-video-preview:-1\" \/>\n<link rel=\"canonical\" href=\"https:\/\/iha-race.com\/de\/producto\/schraubendreher-elektrisch-xiaomi-mijia\/\" \/>\n<meta property=\"og:locale\" content=\"de_DE\" \/>\n<meta property=\"og:type\" content=\"article\" \/>\n<meta property=\"og:title\" content=\"Xiaomi Mijia Elektrischer Schraubenzieher - Iha Race\" \/>\n<meta property=\"og:description\" content=\"Xiaomi Mijia Elektrischer Schraubenzieher XIAOMI&#8217;s Mijia Akkuschrauber mit neuem Design, ausgestattet mit 12 S2-Stahl-Schraubenbits und einem Power-Schraubendreher. Ausgezeichnet mit dem iF DESIGN AWARD 2019, iF Industrial German Design Award. Einfach\" \/>\n<meta property=\"og:url\" content=\"https:\/\/iha-race.com\/de\/producto\/schraubendreher-elektrisch-xiaomi-mijia\/\" \/>\n<meta property=\"og:site_name\" content=\"Iha Race\" \/>\n<meta property=\"article:modified_time\" content=\"2024-08-29T10:24:48+00:00\" \/>\n<meta property=\"og:image\" content=\"https:\/\/iha-race.com\/wp-content\/uploads\/2021\/08\/Destornillador-Electrico-Xiaomi-Mijia.jpg\" \/>\n\t<meta property=\"og:image:width\" content=\"800\" \/>\n\t<meta property=\"og:image:height\" content=\"800\" \/>\n\t<meta property=\"og:image:type\" content=\"image\/jpeg\" \/>\n<meta name=\"twitter:card\" content=\"summary_large_image\" \/>\n<meta name=\"twitter:label1\" content=\"Gesch\u00e4tzte Lesezeit\" \/>\n\t<meta name=\"twitter:data1\" content=\"1\u00a0Minute\" \/>\n<script type=\"application\/ld+json\" class=\"yoast-schema-graph\">{\"@context\":\"https:\\\/\\\/schema.org\",\"@graph\":[{\"@type\":\"WebPage\",\"@id\":\"https:\\\/\\\/iha-race.com\\\/de\\\/producto\\\/schraubendreher-elektrisch-xiaomi-mijia\\\/\",\"url\":\"https:\\\/\\\/iha-race.com\\\/de\\\/producto\\\/schraubendreher-elektrisch-xiaomi-mijia\\\/\",\"name\":\"Xiaomi Mijia Elektrischer Schraubenzieher - Iha Race\",\"isPartOf\":{\"@id\":\"https:\\\/\\\/iha-race.com\\\/de\\\/#website\"},\"primaryImageOfPage\":{\"@id\":\"https:\\\/\\\/iha-race.com\\\/de\\\/producto\\\/schraubendreher-elektrisch-xiaomi-mijia\\\/#primaryimage\"},\"image\":{\"@id\":\"https:\\\/\\\/iha-race.com\\\/de\\\/producto\\\/schraubendreher-elektrisch-xiaomi-mijia\\\/#primaryimage\"},\"thumbnailUrl\":\"https:\\\/\\\/iha-race.com\\\/wp-content\\\/uploads\\\/2021\\\/08\\\/Destornillador-Electrico-Xiaomi-Mijia.jpg\",\"datePublished\":\"2021-08-03T14:07:50+00:00\",\"dateModified\":\"2024-08-29T10:24:48+00:00\",\"breadcrumb\":{\"@id\":\"https:\\\/\\\/iha-race.com\\\/de\\\/producto\\\/schraubendreher-elektrisch-xiaomi-mijia\\\/#breadcrumb\"},\"inLanguage\":\"de\",\"potentialAction\":[{\"@type\":\"ReadAction\",\"target\":[\"https:\\\/\\\/iha-race.com\\\/de\\\/producto\\\/schraubendreher-elektrisch-xiaomi-mijia\\\/\"]}]},{\"@type\":\"ImageObject\",\"inLanguage\":\"de\",\"@id\":\"https:\\\/\\\/iha-race.com\\\/de\\\/producto\\\/schraubendreher-elektrisch-xiaomi-mijia\\\/#primaryimage\",\"url\":\"https:\\\/\\\/iha-race.com\\\/wp-content\\\/uploads\\\/2021\\\/08\\\/Destornillador-Electrico-Xiaomi-Mijia.jpg\",\"contentUrl\":\"https:\\\/\\\/iha-race.com\\\/wp-content\\\/uploads\\\/2021\\\/08\\\/Destornillador-Electrico-Xiaomi-Mijia.jpg\",\"width\":800,\"height\":800},{\"@type\":\"BreadcrumbList\",\"@id\":\"https:\\\/\\\/iha-race.com\\\/de\\\/producto\\\/schraubendreher-elektrisch-xiaomi-mijia\\\/#breadcrumb\",\"itemListElement\":[{\"@type\":\"ListItem\",\"position\":1,\"name\":\"Portada\",\"item\":\"https:\\\/\\\/iha-race.com\\\/de\\\/elementor-499\\\/\"},{\"@type\":\"ListItem\",\"position\":2,\"name\":\"Shop\",\"item\":\"https:\\\/\\\/iha-race.com\\\/de\\\/shop\\\/\"},{\"@type\":\"ListItem\",\"position\":3,\"name\":\"Xiaomi Mijia Elektrischer Schraubenzieher\"}]},{\"@type\":\"WebSite\",\"@id\":\"https:\\\/\\\/iha-race.com\\\/de\\\/#website\",\"url\":\"https:\\\/\\\/iha-race.com\\\/de\\\/\",\"name\":\"Iha Race\",\"description\":\"Comprar drones de carreras FPV env\u00edos en un d\u00eda desde Espa\u00f1a\",\"publisher\":{\"@id\":\"https:\\\/\\\/iha-race.com\\\/de\\\/#organization\"},\"potentialAction\":[{\"@type\":\"SearchAction\",\"target\":{\"@type\":\"EntryPoint\",\"urlTemplate\":\"https:\\\/\\\/iha-race.com\\\/de\\\/?s={search_term_string}\"},\"query-input\":{\"@type\":\"PropertyValueSpecification\",\"valueRequired\":true,\"valueName\":\"search_term_string\"}}],\"inLanguage\":\"de\"},{\"@type\":\"Organization\",\"@id\":\"https:\\\/\\\/iha-race.com\\\/de\\\/#organization\",\"name\":\"Iha Race\",\"url\":\"https:\\\/\\\/iha-race.com\\\/de\\\/\",\"logo\":{\"@type\":\"ImageObject\",\"inLanguage\":\"de\",\"@id\":\"https:\\\/\\\/iha-race.com\\\/de\\\/#\\\/schema\\\/logo\\\/image\\\/\",\"url\":\"https:\\\/\\\/iha-race.com\\\/wp-content\\\/uploads\\\/2018\\\/07\\\/iha-race-drones-de-carreras-tienda-comprar-drones.png\",\"contentUrl\":\"https:\\\/\\\/iha-race.com\\\/wp-content\\\/uploads\\\/2018\\\/07\\\/iha-race-drones-de-carreras-tienda-comprar-drones.png\",\"width\":300,\"height\":100,\"caption\":\"Iha Race\"},\"image\":{\"@id\":\"https:\\\/\\\/iha-race.com\\\/de\\\/#\\\/schema\\\/logo\\\/image\\\/\"}}]}<\/script>\n<!-- \/ Yoast SEO plugin. -->","yoast_head_json":{"title":"Xiaomi Mijia Elektrischer Schraubenzieher - Iha Race","robots":{"index":"index","follow":"follow","max-snippet":"max-snippet:-1","max-image-preview":"max-image-preview:large","max-video-preview":"max-video-preview:-1"},"canonical":"https:\/\/iha-race.com\/de\/producto\/schraubendreher-elektrisch-xiaomi-mijia\/","og_locale":"de_DE","og_type":"article","og_title":"Xiaomi Mijia Elektrischer Schraubenzieher - Iha Race","og_description":"Xiaomi Mijia Elektrischer Schraubenzieher XIAOMI&#8217;s Mijia Akkuschrauber mit neuem Design, ausgestattet mit 12 S2-Stahl-Schraubenbits und einem Power-Schraubendreher. Ausgezeichnet mit dem iF DESIGN AWARD 2019, iF Industrial German Design Award. Einfach","og_url":"https:\/\/iha-race.com\/de\/producto\/schraubendreher-elektrisch-xiaomi-mijia\/","og_site_name":"Iha Race","article_modified_time":"2024-08-29T10:24:48+00:00","og_image":[{"width":800,"height":800,"url":"https:\/\/iha-race.com\/wp-content\/uploads\/2021\/08\/Destornillador-Electrico-Xiaomi-Mijia.jpg","type":"image\/jpeg"}],"twitter_card":"summary_large_image","twitter_misc":{"Gesch\u00e4tzte Lesezeit":"1\u00a0Minute"},"schema":{"@context":"https:\/\/schema.org","@graph":[{"@type":"WebPage","@id":"https:\/\/iha-race.com\/de\/producto\/schraubendreher-elektrisch-xiaomi-mijia\/","url":"https:\/\/iha-race.com\/de\/producto\/schraubendreher-elektrisch-xiaomi-mijia\/","name":"Xiaomi Mijia Elektrischer Schraubenzieher - Iha Race","isPartOf":{"@id":"https:\/\/iha-race.com\/de\/#website"},"primaryImageOfPage":{"@id":"https:\/\/iha-race.com\/de\/producto\/schraubendreher-elektrisch-xiaomi-mijia\/#primaryimage"},"image":{"@id":"https:\/\/iha-race.com\/de\/producto\/schraubendreher-elektrisch-xiaomi-mijia\/#primaryimage"},"thumbnailUrl":"https:\/\/iha-race.com\/wp-content\/uploads\/2021\/08\/Destornillador-Electrico-Xiaomi-Mijia.jpg","datePublished":"2021-08-03T14:07:50+00:00","dateModified":"2024-08-29T10:24:48+00:00","breadcrumb":{"@id":"https:\/\/iha-race.com\/de\/producto\/schraubendreher-elektrisch-xiaomi-mijia\/#breadcrumb"},"inLanguage":"de","potentialAction":[{"@type":"ReadAction","target":["https:\/\/iha-race.com\/de\/producto\/schraubendreher-elektrisch-xiaomi-mijia\/"]}]},{"@type":"ImageObject","inLanguage":"de","@id":"https:\/\/iha-race.com\/de\/producto\/schraubendreher-elektrisch-xiaomi-mijia\/#primaryimage","url":"https:\/\/iha-race.com\/wp-content\/uploads\/2021\/08\/Destornillador-Electrico-Xiaomi-Mijia.jpg","contentUrl":"https:\/\/iha-race.com\/wp-content\/uploads\/2021\/08\/Destornillador-Electrico-Xiaomi-Mijia.jpg","width":800,"height":800},{"@type":"BreadcrumbList","@id":"https:\/\/iha-race.com\/de\/producto\/schraubendreher-elektrisch-xiaomi-mijia\/#breadcrumb","itemListElement":[{"@type":"ListItem","position":1,"name":"Portada","item":"https:\/\/iha-race.com\/de\/elementor-499\/"},{"@type":"ListItem","position":2,"name":"Shop","item":"https:\/\/iha-race.com\/de\/shop\/"},{"@type":"ListItem","position":3,"name":"Xiaomi Mijia Elektrischer Schraubenzieher"}]},{"@type":"WebSite","@id":"https:\/\/iha-race.com\/de\/#website","url":"https:\/\/iha-race.com\/de\/","name":"Iha Race","description":"Comprar drones de carreras FPV env\u00edos en un d\u00eda desde Espa\u00f1a","publisher":{"@id":"https:\/\/iha-race.com\/de\/#organization"},"potentialAction":[{"@type":"SearchAction","target":{"@type":"EntryPoint","urlTemplate":"https:\/\/iha-race.com\/de\/?s={search_term_string}"},"query-input":{"@type":"PropertyValueSpecification","valueRequired":true,"valueName":"search_term_string"}}],"inLanguage":"de"},{"@type":"Organization","@id":"https:\/\/iha-race.com\/de\/#organization","name":"Iha Race","url":"https:\/\/iha-race.com\/de\/","logo":{"@type":"ImageObject","inLanguage":"de","@id":"https:\/\/iha-race.com\/de\/#\/schema\/logo\/image\/","url":"https:\/\/iha-race.com\/wp-content\/uploads\/2018\/07\/iha-race-drones-de-carreras-tienda-comprar-drones.png","contentUrl":"https:\/\/iha-race.com\/wp-content\/uploads\/2018\/07\/iha-race-drones-de-carreras-tienda-comprar-drones.png","width":300,"height":100,"caption":"Iha Race"},"image":{"@id":"https:\/\/iha-race.com\/de\/#\/schema\/logo\/image\/"}}]}},"jetpack_sharing_enabled":true,"brands":[],"_links":{"self":[{"href":"https:\/\/iha-race.com\/de\/wp-json\/wp\/v2\/product\/209279","targetHints":{"allow":["GET"]}}],"collection":[{"href":"https:\/\/iha-race.com\/de\/wp-json\/wp\/v2\/product"}],"about":[{"href":"https:\/\/iha-race.com\/de\/wp-json\/wp\/v2\/types\/product"}],"replies":[{"embeddable":true,"href":"https:\/\/iha-race.com\/de\/wp-json\/wp\/v2\/comments?post=209279"}],"version-history":[{"count":1,"href":"https:\/\/iha-race.com\/de\/wp-json\/wp\/v2\/product\/209279\/revisions"}],"predecessor-version":[{"id":249477,"href":"https:\/\/iha-race.com\/de\/wp-json\/wp\/v2\/product\/209279\/revisions\/249477"}],"wp:featuredmedia":[{"embeddable":true,"href":"https:\/\/iha-race.com\/de\/wp-json\/wp\/v2\/media\/126882"}],"wp:attachment":[{"href":"https:\/\/iha-race.com\/de\/wp-json\/wp\/v2\/media?parent=209279"}],"wp:term":[{"taxonomy":"pwb-brand","embeddable":true,"href":"https:\/\/iha-race.com\/de\/wp-json\/wp\/v2\/pwb-brand?post=209279"},{"taxonomy":"product_cat","embeddable":true,"href":"https:\/\/iha-race.com\/de\/wp-json\/wp\/v2\/product_cat?post=209279"},{"taxonomy":"product_tag","embeddable":true,"href":"https:\/\/iha-race.com\/de\/wp-json\/wp\/v2\/product_tag?post=209279"}],"curies":[{"name":"wp","href":"https:\/\/api.w.org\/{rel}","templated":true}]}}