{"id":209256,"date":"2021-08-30T12:12:09","date_gmt":"2021-08-30T10:12:09","guid":{"rendered":"https:\/\/iha-race.com\/producto\/rahmen-sniperx-leichte-armstuetzen\/"},"modified":"2026-03-21T11:52:00","modified_gmt":"2026-03-21T10:52:00","slug":"waffenverstarkung-rahmen-sniperx-light","status":"publish","type":"product","link":"https:\/\/iha-race.com\/de\/producto\/waffenverstarkung-rahmen-sniperx-light\/","title":{"rendered":"Rahmen SniperX Leichte Armst\u00fctzen"},"content":{"rendered":"<h2>Rahmen SniperX Leichte Armst\u00fctzen<\/h2>\n<p>  Die Klemme ist f\u00fcr die vordere oder rechte Seite des 5 Zoll SniperX Light. Um den Rahmen noch steifer zu machen. Das Fluggef\u00fchl wird ebenfalls verbessert, da die Filter besser abgestimmt werden k\u00f6nnen. Wenn Sie die Streben hinzuf\u00fcgen, ben\u00f6tigen Sie 4x m3x12mm pro Strebe.<\/p>\n","protected":false},"excerpt":{"rendered":"<p>Die Klemme ist f\u00fcr die vordere oder rechte Seite des 5 Zoll SniperX Light. Um den Rahmen noch steifer zu machen<\/p>\n","protected":false},"featured_media":127269,"comment_status":"open","ping_status":"closed","template":"","meta":{"_joinchat":[]},"pwb-brand":[3916],"product_cat":[2579,3669],"product_tag":[],"class_list":{"0":"post-209256","1":"product","2":"type-product","3":"status-publish","4":"has-post-thumbnail","6":"pwb-brand-sniperx","7":"product_cat-fpv-drohnen","8":"product_cat-rahmen","10":"first","11":"instock","12":"taxable","13":"shipping-taxable","14":"purchasable","15":"product-type-simple"},"barcode":null,"atum_controlled":true,"out_stock_date":null,"out_stock_threshold":null,"inheritable":false,"stock_on_hold":0,"sold_today":0,"sales_last_days":0,"out_stock_days":0,"lost_sales":0,"update_date":"2026-04-16T08:17:51","atum_locations":[],"atum_stock_status":"instock","restock_status":false,"low_stock_amount":"","sales_update_date":"2026-04-16T08:17:51","calc_backorders":null,"yoast_head":"<!-- This site is optimized with the Yoast SEO plugin v27.3 - https:\/\/yoast.com\/product\/yoast-seo-wordpress\/ -->\n<title>Rahmen SniperX Leichte Armst\u00fctzen - Iha Race<\/title>\n<meta name=\"robots\" content=\"index, follow, max-snippet:-1, max-image-preview:large, max-video-preview:-1\" \/>\n<link rel=\"canonical\" href=\"https:\/\/iha-race.com\/de\/producto\/waffenverstarkung-rahmen-sniperx-light\/\" \/>\n<meta property=\"og:locale\" content=\"de_DE\" \/>\n<meta property=\"og:type\" content=\"article\" \/>\n<meta property=\"og:title\" content=\"Rahmen SniperX Leichte Armst\u00fctzen - Iha Race\" \/>\n<meta property=\"og:description\" content=\"Die Klemme ist f\u00fcr die vordere oder rechte Seite des 5 Zoll SniperX Light. Um den Rahmen noch steifer zu machen\" \/>\n<meta property=\"og:url\" content=\"https:\/\/iha-race.com\/de\/producto\/waffenverstarkung-rahmen-sniperx-light\/\" \/>\n<meta property=\"og:site_name\" content=\"Iha Race\" \/>\n<meta property=\"article:modified_time\" content=\"2026-03-21T10:52:00+00:00\" \/>\n<meta property=\"og:image\" content=\"https:\/\/iha-race.com\/wp-content\/uploads\/2021\/08\/Refuerzo-de-brazos-Frame-SniperX-Light.jpg\" \/>\n\t<meta property=\"og:image:width\" content=\"800\" \/>\n\t<meta property=\"og:image:height\" content=\"800\" \/>\n\t<meta property=\"og:image:type\" content=\"image\/jpeg\" \/>\n<meta name=\"twitter:card\" content=\"summary_large_image\" \/>\n<script type=\"application\/ld+json\" class=\"yoast-schema-graph\">{\"@context\":\"https:\\\/\\\/schema.org\",\"@graph\":[{\"@type\":\"WebPage\",\"@id\":\"https:\\\/\\\/iha-race.com\\\/de\\\/producto\\\/waffenverstarkung-rahmen-sniperx-light\\\/\",\"url\":\"https:\\\/\\\/iha-race.com\\\/de\\\/producto\\\/waffenverstarkung-rahmen-sniperx-light\\\/\",\"name\":\"Rahmen SniperX Leichte Armst\u00fctzen - Iha Race\",\"isPartOf\":{\"@id\":\"https:\\\/\\\/iha-race.com\\\/de\\\/#website\"},\"primaryImageOfPage\":{\"@id\":\"https:\\\/\\\/iha-race.com\\\/de\\\/producto\\\/waffenverstarkung-rahmen-sniperx-light\\\/#primaryimage\"},\"image\":{\"@id\":\"https:\\\/\\\/iha-race.com\\\/de\\\/producto\\\/waffenverstarkung-rahmen-sniperx-light\\\/#primaryimage\"},\"thumbnailUrl\":\"https:\\\/\\\/iha-race.com\\\/wp-content\\\/uploads\\\/2021\\\/08\\\/Refuerzo-de-brazos-Frame-SniperX-Light.jpg\",\"datePublished\":\"2021-08-30T10:12:09+00:00\",\"dateModified\":\"2026-03-21T10:52:00+00:00\",\"breadcrumb\":{\"@id\":\"https:\\\/\\\/iha-race.com\\\/de\\\/producto\\\/waffenverstarkung-rahmen-sniperx-light\\\/#breadcrumb\"},\"inLanguage\":\"de\",\"potentialAction\":[{\"@type\":\"ReadAction\",\"target\":[\"https:\\\/\\\/iha-race.com\\\/de\\\/producto\\\/waffenverstarkung-rahmen-sniperx-light\\\/\"]}]},{\"@type\":\"ImageObject\",\"inLanguage\":\"de\",\"@id\":\"https:\\\/\\\/iha-race.com\\\/de\\\/producto\\\/waffenverstarkung-rahmen-sniperx-light\\\/#primaryimage\",\"url\":\"https:\\\/\\\/iha-race.com\\\/wp-content\\\/uploads\\\/2021\\\/08\\\/Refuerzo-de-brazos-Frame-SniperX-Light.jpg\",\"contentUrl\":\"https:\\\/\\\/iha-race.com\\\/wp-content\\\/uploads\\\/2021\\\/08\\\/Refuerzo-de-brazos-Frame-SniperX-Light.jpg\",\"width\":800,\"height\":800},{\"@type\":\"BreadcrumbList\",\"@id\":\"https:\\\/\\\/iha-race.com\\\/de\\\/producto\\\/waffenverstarkung-rahmen-sniperx-light\\\/#breadcrumb\",\"itemListElement\":[{\"@type\":\"ListItem\",\"position\":1,\"name\":\"Portada\",\"item\":\"https:\\\/\\\/iha-race.com\\\/de\\\/elementor-499\\\/\"},{\"@type\":\"ListItem\",\"position\":2,\"name\":\"Shop\",\"item\":\"https:\\\/\\\/iha-race.com\\\/de\\\/shop\\\/\"},{\"@type\":\"ListItem\",\"position\":3,\"name\":\"Rahmen SniperX Leichte Armst\u00fctzen\"}]},{\"@type\":\"WebSite\",\"@id\":\"https:\\\/\\\/iha-race.com\\\/de\\\/#website\",\"url\":\"https:\\\/\\\/iha-race.com\\\/de\\\/\",\"name\":\"Iha Race\",\"description\":\"Comprar drones de carreras FPV env\u00edos en un d\u00eda desde Espa\u00f1a\",\"publisher\":{\"@id\":\"https:\\\/\\\/iha-race.com\\\/de\\\/#organization\"},\"potentialAction\":[{\"@type\":\"SearchAction\",\"target\":{\"@type\":\"EntryPoint\",\"urlTemplate\":\"https:\\\/\\\/iha-race.com\\\/de\\\/?s={search_term_string}\"},\"query-input\":{\"@type\":\"PropertyValueSpecification\",\"valueRequired\":true,\"valueName\":\"search_term_string\"}}],\"inLanguage\":\"de\"},{\"@type\":\"Organization\",\"@id\":\"https:\\\/\\\/iha-race.com\\\/de\\\/#organization\",\"name\":\"Iha Race\",\"url\":\"https:\\\/\\\/iha-race.com\\\/de\\\/\",\"logo\":{\"@type\":\"ImageObject\",\"inLanguage\":\"de\",\"@id\":\"https:\\\/\\\/iha-race.com\\\/de\\\/#\\\/schema\\\/logo\\\/image\\\/\",\"url\":\"https:\\\/\\\/iha-race.com\\\/wp-content\\\/uploads\\\/2018\\\/07\\\/iha-race-drones-de-carreras-tienda-comprar-drones.png\",\"contentUrl\":\"https:\\\/\\\/iha-race.com\\\/wp-content\\\/uploads\\\/2018\\\/07\\\/iha-race-drones-de-carreras-tienda-comprar-drones.png\",\"width\":300,\"height\":100,\"caption\":\"Iha Race\"},\"image\":{\"@id\":\"https:\\\/\\\/iha-race.com\\\/de\\\/#\\\/schema\\\/logo\\\/image\\\/\"}}]}<\/script>\n<!-- \/ Yoast SEO plugin. -->","yoast_head_json":{"title":"Rahmen SniperX Leichte Armst\u00fctzen - Iha Race","robots":{"index":"index","follow":"follow","max-snippet":"max-snippet:-1","max-image-preview":"max-image-preview:large","max-video-preview":"max-video-preview:-1"},"canonical":"https:\/\/iha-race.com\/de\/producto\/waffenverstarkung-rahmen-sniperx-light\/","og_locale":"de_DE","og_type":"article","og_title":"Rahmen SniperX Leichte Armst\u00fctzen - Iha Race","og_description":"Die Klemme ist f\u00fcr die vordere oder rechte Seite des 5 Zoll SniperX Light. Um den Rahmen noch steifer zu machen","og_url":"https:\/\/iha-race.com\/de\/producto\/waffenverstarkung-rahmen-sniperx-light\/","og_site_name":"Iha Race","article_modified_time":"2026-03-21T10:52:00+00:00","og_image":[{"width":800,"height":800,"url":"https:\/\/iha-race.com\/wp-content\/uploads\/2021\/08\/Refuerzo-de-brazos-Frame-SniperX-Light.jpg","type":"image\/jpeg"}],"twitter_card":"summary_large_image","schema":{"@context":"https:\/\/schema.org","@graph":[{"@type":"WebPage","@id":"https:\/\/iha-race.com\/de\/producto\/waffenverstarkung-rahmen-sniperx-light\/","url":"https:\/\/iha-race.com\/de\/producto\/waffenverstarkung-rahmen-sniperx-light\/","name":"Rahmen SniperX Leichte Armst\u00fctzen - Iha Race","isPartOf":{"@id":"https:\/\/iha-race.com\/de\/#website"},"primaryImageOfPage":{"@id":"https:\/\/iha-race.com\/de\/producto\/waffenverstarkung-rahmen-sniperx-light\/#primaryimage"},"image":{"@id":"https:\/\/iha-race.com\/de\/producto\/waffenverstarkung-rahmen-sniperx-light\/#primaryimage"},"thumbnailUrl":"https:\/\/iha-race.com\/wp-content\/uploads\/2021\/08\/Refuerzo-de-brazos-Frame-SniperX-Light.jpg","datePublished":"2021-08-30T10:12:09+00:00","dateModified":"2026-03-21T10:52:00+00:00","breadcrumb":{"@id":"https:\/\/iha-race.com\/de\/producto\/waffenverstarkung-rahmen-sniperx-light\/#breadcrumb"},"inLanguage":"de","potentialAction":[{"@type":"ReadAction","target":["https:\/\/iha-race.com\/de\/producto\/waffenverstarkung-rahmen-sniperx-light\/"]}]},{"@type":"ImageObject","inLanguage":"de","@id":"https:\/\/iha-race.com\/de\/producto\/waffenverstarkung-rahmen-sniperx-light\/#primaryimage","url":"https:\/\/iha-race.com\/wp-content\/uploads\/2021\/08\/Refuerzo-de-brazos-Frame-SniperX-Light.jpg","contentUrl":"https:\/\/iha-race.com\/wp-content\/uploads\/2021\/08\/Refuerzo-de-brazos-Frame-SniperX-Light.jpg","width":800,"height":800},{"@type":"BreadcrumbList","@id":"https:\/\/iha-race.com\/de\/producto\/waffenverstarkung-rahmen-sniperx-light\/#breadcrumb","itemListElement":[{"@type":"ListItem","position":1,"name":"Portada","item":"https:\/\/iha-race.com\/de\/elementor-499\/"},{"@type":"ListItem","position":2,"name":"Shop","item":"https:\/\/iha-race.com\/de\/shop\/"},{"@type":"ListItem","position":3,"name":"Rahmen SniperX Leichte Armst\u00fctzen"}]},{"@type":"WebSite","@id":"https:\/\/iha-race.com\/de\/#website","url":"https:\/\/iha-race.com\/de\/","name":"Iha Race","description":"Comprar drones de carreras FPV env\u00edos en un d\u00eda desde Espa\u00f1a","publisher":{"@id":"https:\/\/iha-race.com\/de\/#organization"},"potentialAction":[{"@type":"SearchAction","target":{"@type":"EntryPoint","urlTemplate":"https:\/\/iha-race.com\/de\/?s={search_term_string}"},"query-input":{"@type":"PropertyValueSpecification","valueRequired":true,"valueName":"search_term_string"}}],"inLanguage":"de"},{"@type":"Organization","@id":"https:\/\/iha-race.com\/de\/#organization","name":"Iha Race","url":"https:\/\/iha-race.com\/de\/","logo":{"@type":"ImageObject","inLanguage":"de","@id":"https:\/\/iha-race.com\/de\/#\/schema\/logo\/image\/","url":"https:\/\/iha-race.com\/wp-content\/uploads\/2018\/07\/iha-race-drones-de-carreras-tienda-comprar-drones.png","contentUrl":"https:\/\/iha-race.com\/wp-content\/uploads\/2018\/07\/iha-race-drones-de-carreras-tienda-comprar-drones.png","width":300,"height":100,"caption":"Iha Race"},"image":{"@id":"https:\/\/iha-race.com\/de\/#\/schema\/logo\/image\/"}}]}},"brands":[{"id":3916,"name":"Sniperx","slug":"sniperx"}],"_links":{"self":[{"href":"https:\/\/iha-race.com\/de\/wp-json\/wp\/v2\/product\/209256","targetHints":{"allow":["GET"]}}],"collection":[{"href":"https:\/\/iha-race.com\/de\/wp-json\/wp\/v2\/product"}],"about":[{"href":"https:\/\/iha-race.com\/de\/wp-json\/wp\/v2\/types\/product"}],"replies":[{"embeddable":true,"href":"https:\/\/iha-race.com\/de\/wp-json\/wp\/v2\/comments?post=209256"}],"version-history":[{"count":2,"href":"https:\/\/iha-race.com\/de\/wp-json\/wp\/v2\/product\/209256\/revisions"}],"predecessor-version":[{"id":249388,"href":"https:\/\/iha-race.com\/de\/wp-json\/wp\/v2\/product\/209256\/revisions\/249388"}],"wp:featuredmedia":[{"embeddable":true,"href":"https:\/\/iha-race.com\/de\/wp-json\/wp\/v2\/media\/127269"}],"wp:attachment":[{"href":"https:\/\/iha-race.com\/de\/wp-json\/wp\/v2\/media?parent=209256"}],"wp:term":[{"taxonomy":"pwb-brand","embeddable":true,"href":"https:\/\/iha-race.com\/de\/wp-json\/wp\/v2\/pwb-brand?post=209256"},{"taxonomy":"product_cat","embeddable":true,"href":"https:\/\/iha-race.com\/de\/wp-json\/wp\/v2\/product_cat?post=209256"},{"taxonomy":"product_tag","embeddable":true,"href":"https:\/\/iha-race.com\/de\/wp-json\/wp\/v2\/product_tag?post=209256"}],"curies":[{"name":"wp","href":"https:\/\/api.w.org\/{rel}","templated":true}]}}