{"id":209241,"date":"2021-07-27T13:03:34","date_gmt":"2021-07-27T11:03:34","guid":{"rendered":"https:\/\/iha-race.com\/producto\/caddx-fpv-antenne-fuer-polar-vista-kit-105-cm\/"},"modified":"2024-08-29T12:22:23","modified_gmt":"2024-08-29T10:22:23","slug":"antenne-caddx-fpv-fpv-antenne-fur-polar-kit-vista-105-cm","status":"publish","type":"product","link":"https:\/\/iha-race.com\/de\/producto\/antenne-caddx-fpv-fpv-antenne-fur-polar-kit-vista-105-cm\/","title":{"rendered":"Caddx FPV Antenne f\u00fcr Polar Vista Kit (10,5 cm)"},"content":{"rendered":"<h2>Caddx FPV Antenne f\u00fcr Polar Vista Kit (10,5 cm)<\/h2>\n<p>  Diese <strong>Ersatzantenne von Caddx Polar FPV 5.8gHz<\/strong> ist kompatibel mit dem Caddx Polar Vista Air Ger\u00e4t. Dies sind neu entwickelte Antennen, die mit den Caddx Polar Vista Kits geliefert werden. Diese Antenne ist 1,5 cm lang und damit etwas l\u00e4nger als die standardm\u00e4\u00dfige 9 cm-Antenne, die dem Bausatz beiliegt. Sie verf\u00fcgt \u00fcber einen U.FL-Anschluss und einen Kunststoffschutz, der ein Verbiegen verhindert und f\u00fcr Stabilit\u00e4t sorgt.  <strong><img decoding=\"async\" src=\"https:\/\/cdn.getfpv.com\/media\/wysiwyg\/Antennas\/Caddx-Polar-5.8Ghz-Replacement-Antenna-_10.5cm_-Infographic.jpg\"><\/strong><\/p>\n<h2>Spezifikationen<\/h2>\n<ul>\n<li>Marke: CaddxFPV &#8211; WalksNail<\/li>\n<li>L\u00e4nge: 105 mm (10,5 cm)<\/li>\n<li>Durchschnittliche Verst\u00e4rkung: 2dbi<\/li>\n<li>Frequenz: 5,8 GHz<\/li>\n<li>Polarisierung: LHCP<\/li>\n<li>Anschluss: U.Fl<\/li>\n<li>Gewicht: 1,6 g<\/li>\n<li>VSWR: &lt;1.4<\/li>\n<\/ul>\n<h3>Das Paket enth\u00e4lt:<\/h3>\n<ul>\n<li>1 x Caddx FPV Antenne f\u00fcr Vista Polar Kit (10,5 cm)<\/li>\n<\/ul>\n","protected":false},"excerpt":{"rendered":"<p>Diese Ersatzantenne f\u00fcr Caddx Polar 5,8gHz ist kompatibel mit dem Caddx Polar Vista Air Ger\u00e4t.<\/p>\n","protected":false},"featured_media":126759,"comment_status":"open","ping_status":"closed","template":"","meta":{"_joinchat":[]},"pwb-brand":[],"product_cat":[2589],"product_tag":[],"class_list":{"0":"post-209241","1":"product","2":"type-product","3":"status-publish","4":"has-post-thumbnail","6":"product_cat-fpv-antennen","8":"first","9":"outofstock","10":"taxable","11":"shipping-taxable","12":"purchasable","13":"product-type-simple"},"barcode":null,"atum_controlled":true,"out_stock_date":"2023-01-06 17:43:24","out_stock_threshold":null,"inheritable":false,"stock_on_hold":0,"sold_today":0,"sales_last_days":0,"out_stock_days":1195,"lost_sales":4558,"update_date":"2026-04-16T08:17:20","atum_locations":[],"atum_stock_status":"outofstock","restock_status":false,"low_stock_amount":"","sales_update_date":"2026-04-16T08:17:20","calc_backorders":null,"yoast_head":"<!-- This site is optimized with the Yoast SEO plugin v27.3 - https:\/\/yoast.com\/product\/yoast-seo-wordpress\/ -->\n<title>Caddx FPV Antenne f\u00fcr Polar Vista Kit (10,5 cm) - Iha Race<\/title>\n<meta name=\"robots\" content=\"index, follow, max-snippet:-1, max-image-preview:large, max-video-preview:-1\" \/>\n<link rel=\"canonical\" href=\"https:\/\/iha-race.com\/de\/producto\/antenne-caddx-fpv-fpv-antenne-fur-polar-kit-vista-105-cm\/\" \/>\n<meta property=\"og:locale\" content=\"de_DE\" \/>\n<meta property=\"og:type\" content=\"article\" \/>\n<meta property=\"og:title\" content=\"Caddx FPV Antenne f\u00fcr Polar Vista Kit (10,5 cm) - Iha Race\" \/>\n<meta property=\"og:description\" content=\"Diese Ersatzantenne f\u00fcr Caddx Polar 5,8gHz ist kompatibel mit dem Caddx Polar Vista Air Ger\u00e4t.\" \/>\n<meta property=\"og:url\" content=\"https:\/\/iha-race.com\/de\/producto\/antenne-caddx-fpv-fpv-antenne-fur-polar-kit-vista-105-cm\/\" \/>\n<meta property=\"og:site_name\" content=\"Iha Race\" \/>\n<meta property=\"article:modified_time\" content=\"2024-08-29T10:22:23+00:00\" \/>\n<meta property=\"og:image\" content=\"https:\/\/iha-race.com\/wp-content\/uploads\/2021\/07\/Antena-Caddx-FPV-para-Kit-Polar-Vista-9-cm.jpg\" \/>\n\t<meta property=\"og:image:width\" content=\"1500\" \/>\n\t<meta property=\"og:image:height\" content=\"1501\" \/>\n\t<meta property=\"og:image:type\" content=\"image\/jpeg\" \/>\n<meta name=\"twitter:card\" content=\"summary_large_image\" \/>\n<meta name=\"twitter:label1\" content=\"Gesch\u00e4tzte Lesezeit\" \/>\n\t<meta name=\"twitter:data1\" content=\"1\u00a0Minute\" \/>\n<script type=\"application\/ld+json\" class=\"yoast-schema-graph\">{\"@context\":\"https:\\\/\\\/schema.org\",\"@graph\":[{\"@type\":\"WebPage\",\"@id\":\"https:\\\/\\\/iha-race.com\\\/de\\\/producto\\\/antenne-caddx-fpv-fpv-antenne-fur-polar-kit-vista-105-cm\\\/\",\"url\":\"https:\\\/\\\/iha-race.com\\\/de\\\/producto\\\/antenne-caddx-fpv-fpv-antenne-fur-polar-kit-vista-105-cm\\\/\",\"name\":\"Caddx FPV Antenne f\u00fcr Polar Vista Kit (10,5 cm) - Iha Race\",\"isPartOf\":{\"@id\":\"https:\\\/\\\/iha-race.com\\\/de\\\/#website\"},\"primaryImageOfPage\":{\"@id\":\"https:\\\/\\\/iha-race.com\\\/de\\\/producto\\\/antenne-caddx-fpv-fpv-antenne-fur-polar-kit-vista-105-cm\\\/#primaryimage\"},\"image\":{\"@id\":\"https:\\\/\\\/iha-race.com\\\/de\\\/producto\\\/antenne-caddx-fpv-fpv-antenne-fur-polar-kit-vista-105-cm\\\/#primaryimage\"},\"thumbnailUrl\":\"https:\\\/\\\/iha-race.com\\\/wp-content\\\/uploads\\\/2021\\\/07\\\/Antena-Caddx-FPV-para-Kit-Polar-Vista-9-cm.jpg\",\"datePublished\":\"2021-07-27T11:03:34+00:00\",\"dateModified\":\"2024-08-29T10:22:23+00:00\",\"breadcrumb\":{\"@id\":\"https:\\\/\\\/iha-race.com\\\/de\\\/producto\\\/antenne-caddx-fpv-fpv-antenne-fur-polar-kit-vista-105-cm\\\/#breadcrumb\"},\"inLanguage\":\"de\",\"potentialAction\":[{\"@type\":\"ReadAction\",\"target\":[\"https:\\\/\\\/iha-race.com\\\/de\\\/producto\\\/antenne-caddx-fpv-fpv-antenne-fur-polar-kit-vista-105-cm\\\/\"]}]},{\"@type\":\"ImageObject\",\"inLanguage\":\"de\",\"@id\":\"https:\\\/\\\/iha-race.com\\\/de\\\/producto\\\/antenne-caddx-fpv-fpv-antenne-fur-polar-kit-vista-105-cm\\\/#primaryimage\",\"url\":\"https:\\\/\\\/iha-race.com\\\/wp-content\\\/uploads\\\/2021\\\/07\\\/Antena-Caddx-FPV-para-Kit-Polar-Vista-9-cm.jpg\",\"contentUrl\":\"https:\\\/\\\/iha-race.com\\\/wp-content\\\/uploads\\\/2021\\\/07\\\/Antena-Caddx-FPV-para-Kit-Polar-Vista-9-cm.jpg\",\"width\":1500,\"height\":1501},{\"@type\":\"BreadcrumbList\",\"@id\":\"https:\\\/\\\/iha-race.com\\\/de\\\/producto\\\/antenne-caddx-fpv-fpv-antenne-fur-polar-kit-vista-105-cm\\\/#breadcrumb\",\"itemListElement\":[{\"@type\":\"ListItem\",\"position\":1,\"name\":\"Portada\",\"item\":\"https:\\\/\\\/iha-race.com\\\/de\\\/elementor-499\\\/\"},{\"@type\":\"ListItem\",\"position\":2,\"name\":\"Shop\",\"item\":\"https:\\\/\\\/iha-race.com\\\/de\\\/shop\\\/\"},{\"@type\":\"ListItem\",\"position\":3,\"name\":\"Caddx FPV Antenne f\u00fcr Polar Vista Kit (10,5 cm)\"}]},{\"@type\":\"WebSite\",\"@id\":\"https:\\\/\\\/iha-race.com\\\/de\\\/#website\",\"url\":\"https:\\\/\\\/iha-race.com\\\/de\\\/\",\"name\":\"Iha Race\",\"description\":\"Comprar drones de carreras FPV env\u00edos en un d\u00eda desde Espa\u00f1a\",\"publisher\":{\"@id\":\"https:\\\/\\\/iha-race.com\\\/de\\\/#organization\"},\"potentialAction\":[{\"@type\":\"SearchAction\",\"target\":{\"@type\":\"EntryPoint\",\"urlTemplate\":\"https:\\\/\\\/iha-race.com\\\/de\\\/?s={search_term_string}\"},\"query-input\":{\"@type\":\"PropertyValueSpecification\",\"valueRequired\":true,\"valueName\":\"search_term_string\"}}],\"inLanguage\":\"de\"},{\"@type\":\"Organization\",\"@id\":\"https:\\\/\\\/iha-race.com\\\/de\\\/#organization\",\"name\":\"Iha Race\",\"url\":\"https:\\\/\\\/iha-race.com\\\/de\\\/\",\"logo\":{\"@type\":\"ImageObject\",\"inLanguage\":\"de\",\"@id\":\"https:\\\/\\\/iha-race.com\\\/de\\\/#\\\/schema\\\/logo\\\/image\\\/\",\"url\":\"https:\\\/\\\/iha-race.com\\\/wp-content\\\/uploads\\\/2018\\\/07\\\/iha-race-drones-de-carreras-tienda-comprar-drones.png\",\"contentUrl\":\"https:\\\/\\\/iha-race.com\\\/wp-content\\\/uploads\\\/2018\\\/07\\\/iha-race-drones-de-carreras-tienda-comprar-drones.png\",\"width\":300,\"height\":100,\"caption\":\"Iha Race\"},\"image\":{\"@id\":\"https:\\\/\\\/iha-race.com\\\/de\\\/#\\\/schema\\\/logo\\\/image\\\/\"}}]}<\/script>\n<!-- \/ Yoast SEO plugin. -->","yoast_head_json":{"title":"Caddx FPV Antenne f\u00fcr Polar Vista Kit (10,5 cm) - Iha Race","robots":{"index":"index","follow":"follow","max-snippet":"max-snippet:-1","max-image-preview":"max-image-preview:large","max-video-preview":"max-video-preview:-1"},"canonical":"https:\/\/iha-race.com\/de\/producto\/antenne-caddx-fpv-fpv-antenne-fur-polar-kit-vista-105-cm\/","og_locale":"de_DE","og_type":"article","og_title":"Caddx FPV Antenne f\u00fcr Polar Vista Kit (10,5 cm) - Iha Race","og_description":"Diese Ersatzantenne f\u00fcr Caddx Polar 5,8gHz ist kompatibel mit dem Caddx Polar Vista Air Ger\u00e4t.","og_url":"https:\/\/iha-race.com\/de\/producto\/antenne-caddx-fpv-fpv-antenne-fur-polar-kit-vista-105-cm\/","og_site_name":"Iha Race","article_modified_time":"2024-08-29T10:22:23+00:00","og_image":[{"width":1500,"height":1501,"url":"https:\/\/iha-race.com\/wp-content\/uploads\/2021\/07\/Antena-Caddx-FPV-para-Kit-Polar-Vista-9-cm.jpg","type":"image\/jpeg"}],"twitter_card":"summary_large_image","twitter_misc":{"Gesch\u00e4tzte Lesezeit":"1\u00a0Minute"},"schema":{"@context":"https:\/\/schema.org","@graph":[{"@type":"WebPage","@id":"https:\/\/iha-race.com\/de\/producto\/antenne-caddx-fpv-fpv-antenne-fur-polar-kit-vista-105-cm\/","url":"https:\/\/iha-race.com\/de\/producto\/antenne-caddx-fpv-fpv-antenne-fur-polar-kit-vista-105-cm\/","name":"Caddx FPV Antenne f\u00fcr Polar Vista Kit (10,5 cm) - Iha Race","isPartOf":{"@id":"https:\/\/iha-race.com\/de\/#website"},"primaryImageOfPage":{"@id":"https:\/\/iha-race.com\/de\/producto\/antenne-caddx-fpv-fpv-antenne-fur-polar-kit-vista-105-cm\/#primaryimage"},"image":{"@id":"https:\/\/iha-race.com\/de\/producto\/antenne-caddx-fpv-fpv-antenne-fur-polar-kit-vista-105-cm\/#primaryimage"},"thumbnailUrl":"https:\/\/iha-race.com\/wp-content\/uploads\/2021\/07\/Antena-Caddx-FPV-para-Kit-Polar-Vista-9-cm.jpg","datePublished":"2021-07-27T11:03:34+00:00","dateModified":"2024-08-29T10:22:23+00:00","breadcrumb":{"@id":"https:\/\/iha-race.com\/de\/producto\/antenne-caddx-fpv-fpv-antenne-fur-polar-kit-vista-105-cm\/#breadcrumb"},"inLanguage":"de","potentialAction":[{"@type":"ReadAction","target":["https:\/\/iha-race.com\/de\/producto\/antenne-caddx-fpv-fpv-antenne-fur-polar-kit-vista-105-cm\/"]}]},{"@type":"ImageObject","inLanguage":"de","@id":"https:\/\/iha-race.com\/de\/producto\/antenne-caddx-fpv-fpv-antenne-fur-polar-kit-vista-105-cm\/#primaryimage","url":"https:\/\/iha-race.com\/wp-content\/uploads\/2021\/07\/Antena-Caddx-FPV-para-Kit-Polar-Vista-9-cm.jpg","contentUrl":"https:\/\/iha-race.com\/wp-content\/uploads\/2021\/07\/Antena-Caddx-FPV-para-Kit-Polar-Vista-9-cm.jpg","width":1500,"height":1501},{"@type":"BreadcrumbList","@id":"https:\/\/iha-race.com\/de\/producto\/antenne-caddx-fpv-fpv-antenne-fur-polar-kit-vista-105-cm\/#breadcrumb","itemListElement":[{"@type":"ListItem","position":1,"name":"Portada","item":"https:\/\/iha-race.com\/de\/elementor-499\/"},{"@type":"ListItem","position":2,"name":"Shop","item":"https:\/\/iha-race.com\/de\/shop\/"},{"@type":"ListItem","position":3,"name":"Caddx FPV Antenne f\u00fcr Polar Vista Kit (10,5 cm)"}]},{"@type":"WebSite","@id":"https:\/\/iha-race.com\/de\/#website","url":"https:\/\/iha-race.com\/de\/","name":"Iha Race","description":"Comprar drones de carreras FPV env\u00edos en un d\u00eda desde Espa\u00f1a","publisher":{"@id":"https:\/\/iha-race.com\/de\/#organization"},"potentialAction":[{"@type":"SearchAction","target":{"@type":"EntryPoint","urlTemplate":"https:\/\/iha-race.com\/de\/?s={search_term_string}"},"query-input":{"@type":"PropertyValueSpecification","valueRequired":true,"valueName":"search_term_string"}}],"inLanguage":"de"},{"@type":"Organization","@id":"https:\/\/iha-race.com\/de\/#organization","name":"Iha Race","url":"https:\/\/iha-race.com\/de\/","logo":{"@type":"ImageObject","inLanguage":"de","@id":"https:\/\/iha-race.com\/de\/#\/schema\/logo\/image\/","url":"https:\/\/iha-race.com\/wp-content\/uploads\/2018\/07\/iha-race-drones-de-carreras-tienda-comprar-drones.png","contentUrl":"https:\/\/iha-race.com\/wp-content\/uploads\/2018\/07\/iha-race-drones-de-carreras-tienda-comprar-drones.png","width":300,"height":100,"caption":"Iha Race"},"image":{"@id":"https:\/\/iha-race.com\/de\/#\/schema\/logo\/image\/"}}]}},"jetpack_sharing_enabled":true,"brands":[],"_links":{"self":[{"href":"https:\/\/iha-race.com\/de\/wp-json\/wp\/v2\/product\/209241","targetHints":{"allow":["GET"]}}],"collection":[{"href":"https:\/\/iha-race.com\/de\/wp-json\/wp\/v2\/product"}],"about":[{"href":"https:\/\/iha-race.com\/de\/wp-json\/wp\/v2\/types\/product"}],"replies":[{"embeddable":true,"href":"https:\/\/iha-race.com\/de\/wp-json\/wp\/v2\/comments?post=209241"}],"version-history":[{"count":1,"href":"https:\/\/iha-race.com\/de\/wp-json\/wp\/v2\/product\/209241\/revisions"}],"predecessor-version":[{"id":249445,"href":"https:\/\/iha-race.com\/de\/wp-json\/wp\/v2\/product\/209241\/revisions\/249445"}],"wp:featuredmedia":[{"embeddable":true,"href":"https:\/\/iha-race.com\/de\/wp-json\/wp\/v2\/media\/126759"}],"wp:attachment":[{"href":"https:\/\/iha-race.com\/de\/wp-json\/wp\/v2\/media?parent=209241"}],"wp:term":[{"taxonomy":"pwb-brand","embeddable":true,"href":"https:\/\/iha-race.com\/de\/wp-json\/wp\/v2\/pwb-brand?post=209241"},{"taxonomy":"product_cat","embeddable":true,"href":"https:\/\/iha-race.com\/de\/wp-json\/wp\/v2\/product_cat?post=209241"},{"taxonomy":"product_tag","embeddable":true,"href":"https:\/\/iha-race.com\/de\/wp-json\/wp\/v2\/product_tag?post=209241"}],"curies":[{"name":"wp","href":"https:\/\/api.w.org\/{rel}","templated":true}]}}