{"id":209196,"date":"2021-07-07T18:00:40","date_gmt":"2021-07-07T16:00:40","guid":{"rendered":"https:\/\/iha-race.com\/producto\/kit-riemen-betafpv-fuer-lipos-2s-4s-2-stueck\/"},"modified":"2025-12-23T22:51:57","modified_gmt":"2025-12-23T21:51:57","slug":"kit-riemen-betafpv-riemen-fur-lipos-2s-4s-2-einheiten-oder-6-einheiten","status":"publish","type":"product","link":"https:\/\/iha-race.com\/de\/producto\/kit-riemen-betafpv-riemen-fur-lipos-2s-4s-2-einheiten-oder-6-einheiten\/","title":{"rendered":"Kit Riemen BetaFPV f\u00fcr Lipos 2S-4S (2 Einheiten oder 6 Einheiten)"},"content":{"rendered":"<h2>Kit Riemen BetaFPV f\u00fcr Lipos 2S-4S (2 Einheiten oder 6 Einheiten)<\/h2>\n<p>  Jeder Gurt ist leicht, strapazierf\u00e4hig und hat eine Nylonunterlage f\u00fcr eine rutschfeste Oberfl\u00e4che auf dem Akku. Dadurch wird verhindert, dass der Akku bei aggressiven Fl\u00fcgen herausgeschleudert wird oder gar abst\u00fcrzt. Das 2-4S Gurt-Set enth\u00e4lt 2 S\u00e4tze rutschfester Gummipads, geeignet f\u00fcr  <a href=\"https:\/\/iha-race.com\/producto\/marco-betafpv-85x-4k\/\"><a href=\"https:\/\/iha-race.com\/producto\/marco-betafpv-85x-4k\/\">Beta85X Box.<\/a><\/a><\/p>\n<p><img fetchpriority=\"high\" decoding=\"async\" class=\"alignnone wp-image-66885 size-large\" src=\"https:\/\/iha-race.com\/wp-content\/uploads\/2021\/07\/cuadro-85X-1024x574.jpg\" alt=\"\" width=\"840\" height=\"471\" srcset=\"https:\/\/iha-race.com\/wp-content\/uploads\/2021\/07\/cuadro-85X-1024x574.jpg 1024w, https:\/\/iha-race.com\/wp-content\/uploads\/2021\/07\/cuadro-85X-300x168.jpg 300w, https:\/\/iha-race.com\/wp-content\/uploads\/2021\/07\/cuadro-85X-767x430.jpg 767w, https:\/\/iha-race.com\/wp-content\/uploads\/2021\/07\/cuadro-85X-1536x862.jpg 1536w, https:\/\/iha-race.com\/wp-content\/uploads\/2021\/07\/cuadro-85X-2048x1149.jpg 2048w, https:\/\/iha-race.com\/wp-content\/uploads\/2021\/07\/cuadro-85X-267x150.jpg 267w, https:\/\/iha-race.com\/wp-content\/uploads\/2021\/07\/cuadro-85X-100x56.jpg 100w, https:\/\/iha-race.com\/wp-content\/uploads\/2021\/07\/cuadro-85X-624x350.jpg 624w, https:\/\/iha-race.com\/wp-content\/uploads\/2021\/07\/cuadro-85X-788x442.jpg 788w, https:\/\/iha-race.com\/wp-content\/uploads\/2021\/07\/cuadro-85X.jpg 599w\" sizes=\"(max-width: 840px) 100vw, 840px\" \/><\/p>\n<h2>Spezifikationen:<\/h2>\n<ul>\n<li>Batterieband 10*115 mm geeignet f\u00fcr 2-3S Batterien<\/li>\n<li>Akkugurt 10 * 150 mm geeignet f\u00fcr 3-4S Akkus<\/li>\n<\/ul>\n<p><img decoding=\"async\" class=\"alignnone wp-image-66886 size-large\" src=\"https:\/\/iha-race.com\/wp-content\/uploads\/2021\/07\/Kit-Straps-BetaFPV-para-baterias-Lipos-2S-4S-2-Unidades-medidas-1024x572.jpg\" alt=\"\" width=\"840\" height=\"469\" srcset=\"https:\/\/iha-race.com\/wp-content\/uploads\/2021\/07\/Kit-Straps-BetaFPV-para-baterias-Lipos-2S-4S-2-Unidades-medidas-1024x572.jpg 1024w, https:\/\/iha-race.com\/wp-content\/uploads\/2021\/07\/Kit-Straps-BetaFPV-para-baterias-Lipos-2S-4S-2-Unidades-medidas-300x168.jpg 300w, https:\/\/iha-race.com\/wp-content\/uploads\/2021\/07\/Kit-Straps-BetaFPV-para-baterias-Lipos-2S-4S-2-Unidades-medidas-767x428.jpg 767w, https:\/\/iha-race.com\/wp-content\/uploads\/2021\/07\/Kit-Straps-BetaFPV-para-baterias-Lipos-2S-4S-2-Unidades-medidas-1536x858.jpg 1536w, https:\/\/iha-race.com\/wp-content\/uploads\/2021\/07\/Kit-Straps-BetaFPV-para-baterias-Lipos-2S-4S-2-Unidades-medidas-2048x1143.jpg 2048w, https:\/\/iha-race.com\/wp-content\/uploads\/2021\/07\/Kit-Straps-BetaFPV-para-baterias-Lipos-2S-4S-2-Unidades-medidas-269x150.jpg 269w, https:\/\/iha-race.com\/wp-content\/uploads\/2021\/07\/Kit-Straps-BetaFPV-para-baterias-Lipos-2S-4S-2-Unidades-medidas-100x56.jpg 100w, https:\/\/iha-race.com\/wp-content\/uploads\/2021\/07\/Kit-Straps-BetaFPV-para-baterias-Lipos-2S-4S-2-Unidades-medidas-627x350.jpg 627w, https:\/\/iha-race.com\/wp-content\/uploads\/2021\/07\/Kit-Straps-BetaFPV-para-baterias-Lipos-2S-4S-2-Unidades-medidas-788x439.jpg 788w, https:\/\/iha-race.com\/wp-content\/uploads\/2021\/07\/Kit-Straps-BetaFPV-para-baterias-Lipos-2S-4S-2-Unidades-medidas.jpg 600w\" sizes=\"(max-width: 840px) 100vw, 840px\" \/><\/p>\n<h2>Das Paket enth\u00e4lt:<\/h2>\n<p><strong>Packung mit 2 Einheiten<\/strong><\/p>\n<ul>\n<li>1 x 10 x 115 mm 2-3S Akkutr\u00e4ger<\/li>\n<li>1 x 10 x 150mm 3-4S Akkutr\u00e4ger<\/li>\n<li>2 x Satz rutschfeste Gummipads<\/li>\n<\/ul>\n<p><strong>Packung mit 6 Einheiten<\/strong><\/p>\n<ul>\n<li>2 x 10 x 115 mm 2-3S Akkutr\u00e4ger<\/li>\n<li>2 x 10 x 150mm 3-4S Batteriehalterung 10 x 150mm<\/li>\n<li>4 x Satz rutschfeste Gummipads<\/li>\n<\/ul>\n","protected":false},"excerpt":{"rendered":"<p>Kit Riemen BetaFPV f\u00fcr Lipos 2S-4S (2 Einheiten oder 6 Einheiten) Jeder Gurt ist leicht, strapazierf\u00e4hig und hat eine Nylonunterlage f\u00fcr eine rutschfeste Oberfl\u00e4che auf dem Akku. Dadurch wird verhindert,<\/p>\n","protected":false},"featured_media":126503,"comment_status":"open","ping_status":"closed","template":"","meta":{"_joinchat":[]},"pwb-brand":[],"product_cat":[2511,2501],"product_tag":[],"class_list":{"0":"post-209196","1":"product","2":"type-product","3":"status-publish","4":"has-post-thumbnail","6":"product_cat-batterie-zubehor","7":"product_cat-fpv-akkus","9":"first","10":"instock","11":"taxable","12":"shipping-taxable","13":"purchasable","14":"product-type-variable"},"barcode":null,"atum_controlled":true,"out_stock_date":null,"out_stock_threshold":null,"inheritable":true,"stock_on_hold":0,"sold_today":0,"sales_last_days":1,"out_stock_days":0,"lost_sales":0,"update_date":"2026-04-27T19:56:06","atum_locations":[],"atum_stock_status":"instock","restock_status":false,"low_stock_amount":"","sales_update_date":"2026-04-27T19:56:06","calc_backorders":null,"yoast_head":"<!-- This site is optimized with the Yoast SEO plugin v27.3 - https:\/\/yoast.com\/product\/yoast-seo-wordpress\/ -->\n<title>Kit Riemen BetaFPV f\u00fcr Lipos 2S-4S (2 Einheiten oder 6 Einheiten) - Iha Race<\/title>\n<meta name=\"robots\" content=\"index, follow, max-snippet:-1, max-image-preview:large, max-video-preview:-1\" \/>\n<link rel=\"canonical\" href=\"https:\/\/iha-race.com\/de\/producto\/kit-riemen-betafpv-riemen-fur-lipos-2s-4s-2-einheiten-oder-6-einheiten\/\" \/>\n<meta property=\"og:locale\" content=\"de_DE\" \/>\n<meta property=\"og:type\" content=\"article\" \/>\n<meta property=\"og:title\" content=\"Kit Riemen BetaFPV f\u00fcr Lipos 2S-4S (2 Einheiten oder 6 Einheiten) - Iha Race\" \/>\n<meta property=\"og:description\" content=\"Kit Riemen BetaFPV f\u00fcr Lipos 2S-4S (2 Einheiten oder 6 Einheiten) Jeder Gurt ist leicht, strapazierf\u00e4hig und hat eine Nylonunterlage f\u00fcr eine rutschfeste Oberfl\u00e4che auf dem Akku. Dadurch wird verhindert,\" \/>\n<meta property=\"og:url\" content=\"https:\/\/iha-race.com\/de\/producto\/kit-riemen-betafpv-riemen-fur-lipos-2s-4s-2-einheiten-oder-6-einheiten\/\" \/>\n<meta property=\"og:site_name\" content=\"Iha Race\" \/>\n<meta property=\"article:modified_time\" content=\"2025-12-23T21:51:57+00:00\" \/>\n<meta property=\"og:image\" content=\"https:\/\/iha-race.com\/wp-content\/uploads\/2021\/07\/Kit-Straps-BetaFPV-para-Lipos-2S-4S-2-Unidades.jpg\" \/>\n\t<meta property=\"og:image:width\" content=\"800\" \/>\n\t<meta property=\"og:image:height\" content=\"800\" \/>\n\t<meta property=\"og:image:type\" content=\"image\/jpeg\" \/>\n<meta name=\"twitter:card\" content=\"summary_large_image\" \/>\n<meta name=\"twitter:label1\" content=\"Gesch\u00e4tzte Lesezeit\" \/>\n\t<meta name=\"twitter:data1\" content=\"1\u00a0Minute\" \/>\n<script type=\"application\/ld+json\" class=\"yoast-schema-graph\">{\"@context\":\"https:\\\/\\\/schema.org\",\"@graph\":[{\"@type\":\"WebPage\",\"@id\":\"https:\\\/\\\/iha-race.com\\\/de\\\/producto\\\/kit-riemen-betafpv-riemen-fur-lipos-2s-4s-2-einheiten-oder-6-einheiten\\\/\",\"url\":\"https:\\\/\\\/iha-race.com\\\/de\\\/producto\\\/kit-riemen-betafpv-riemen-fur-lipos-2s-4s-2-einheiten-oder-6-einheiten\\\/\",\"name\":\"Kit Riemen BetaFPV f\u00fcr Lipos 2S-4S (2 Einheiten oder 6 Einheiten) - Iha Race\",\"isPartOf\":{\"@id\":\"https:\\\/\\\/iha-race.com\\\/de\\\/#website\"},\"primaryImageOfPage\":{\"@id\":\"https:\\\/\\\/iha-race.com\\\/de\\\/producto\\\/kit-riemen-betafpv-riemen-fur-lipos-2s-4s-2-einheiten-oder-6-einheiten\\\/#primaryimage\"},\"image\":{\"@id\":\"https:\\\/\\\/iha-race.com\\\/de\\\/producto\\\/kit-riemen-betafpv-riemen-fur-lipos-2s-4s-2-einheiten-oder-6-einheiten\\\/#primaryimage\"},\"thumbnailUrl\":\"https:\\\/\\\/iha-race.com\\\/wp-content\\\/uploads\\\/2021\\\/07\\\/Kit-Straps-BetaFPV-para-Lipos-2S-4S-2-Unidades.jpg\",\"datePublished\":\"2021-07-07T16:00:40+00:00\",\"dateModified\":\"2025-12-23T21:51:57+00:00\",\"breadcrumb\":{\"@id\":\"https:\\\/\\\/iha-race.com\\\/de\\\/producto\\\/kit-riemen-betafpv-riemen-fur-lipos-2s-4s-2-einheiten-oder-6-einheiten\\\/#breadcrumb\"},\"inLanguage\":\"de\",\"potentialAction\":[{\"@type\":\"ReadAction\",\"target\":[\"https:\\\/\\\/iha-race.com\\\/de\\\/producto\\\/kit-riemen-betafpv-riemen-fur-lipos-2s-4s-2-einheiten-oder-6-einheiten\\\/\"]}]},{\"@type\":\"ImageObject\",\"inLanguage\":\"de\",\"@id\":\"https:\\\/\\\/iha-race.com\\\/de\\\/producto\\\/kit-riemen-betafpv-riemen-fur-lipos-2s-4s-2-einheiten-oder-6-einheiten\\\/#primaryimage\",\"url\":\"https:\\\/\\\/iha-race.com\\\/wp-content\\\/uploads\\\/2021\\\/07\\\/Kit-Straps-BetaFPV-para-Lipos-2S-4S-2-Unidades.jpg\",\"contentUrl\":\"https:\\\/\\\/iha-race.com\\\/wp-content\\\/uploads\\\/2021\\\/07\\\/Kit-Straps-BetaFPV-para-Lipos-2S-4S-2-Unidades.jpg\",\"width\":800,\"height\":800},{\"@type\":\"BreadcrumbList\",\"@id\":\"https:\\\/\\\/iha-race.com\\\/de\\\/producto\\\/kit-riemen-betafpv-riemen-fur-lipos-2s-4s-2-einheiten-oder-6-einheiten\\\/#breadcrumb\",\"itemListElement\":[{\"@type\":\"ListItem\",\"position\":1,\"name\":\"Portada\",\"item\":\"https:\\\/\\\/iha-race.com\\\/de\\\/elementor-499\\\/\"},{\"@type\":\"ListItem\",\"position\":2,\"name\":\"Shop\",\"item\":\"https:\\\/\\\/iha-race.com\\\/de\\\/shop\\\/\"},{\"@type\":\"ListItem\",\"position\":3,\"name\":\"Kit Riemen BetaFPV f\u00fcr Lipos 2S-4S (2 Einheiten oder 6 Einheiten)\"}]},{\"@type\":\"WebSite\",\"@id\":\"https:\\\/\\\/iha-race.com\\\/de\\\/#website\",\"url\":\"https:\\\/\\\/iha-race.com\\\/de\\\/\",\"name\":\"Iha Race\",\"description\":\"Comprar drones de carreras FPV env\u00edos en un d\u00eda desde Espa\u00f1a\",\"publisher\":{\"@id\":\"https:\\\/\\\/iha-race.com\\\/de\\\/#organization\"},\"potentialAction\":[{\"@type\":\"SearchAction\",\"target\":{\"@type\":\"EntryPoint\",\"urlTemplate\":\"https:\\\/\\\/iha-race.com\\\/de\\\/?s={search_term_string}\"},\"query-input\":{\"@type\":\"PropertyValueSpecification\",\"valueRequired\":true,\"valueName\":\"search_term_string\"}}],\"inLanguage\":\"de\"},{\"@type\":\"Organization\",\"@id\":\"https:\\\/\\\/iha-race.com\\\/de\\\/#organization\",\"name\":\"Iha Race\",\"url\":\"https:\\\/\\\/iha-race.com\\\/de\\\/\",\"logo\":{\"@type\":\"ImageObject\",\"inLanguage\":\"de\",\"@id\":\"https:\\\/\\\/iha-race.com\\\/de\\\/#\\\/schema\\\/logo\\\/image\\\/\",\"url\":\"https:\\\/\\\/iha-race.com\\\/wp-content\\\/uploads\\\/2018\\\/07\\\/iha-race-drones-de-carreras-tienda-comprar-drones.png\",\"contentUrl\":\"https:\\\/\\\/iha-race.com\\\/wp-content\\\/uploads\\\/2018\\\/07\\\/iha-race-drones-de-carreras-tienda-comprar-drones.png\",\"width\":300,\"height\":100,\"caption\":\"Iha Race\"},\"image\":{\"@id\":\"https:\\\/\\\/iha-race.com\\\/de\\\/#\\\/schema\\\/logo\\\/image\\\/\"}}]}<\/script>\n<!-- \/ Yoast SEO plugin. -->","yoast_head_json":{"title":"Kit Riemen BetaFPV f\u00fcr Lipos 2S-4S (2 Einheiten oder 6 Einheiten) - Iha Race","robots":{"index":"index","follow":"follow","max-snippet":"max-snippet:-1","max-image-preview":"max-image-preview:large","max-video-preview":"max-video-preview:-1"},"canonical":"https:\/\/iha-race.com\/de\/producto\/kit-riemen-betafpv-riemen-fur-lipos-2s-4s-2-einheiten-oder-6-einheiten\/","og_locale":"de_DE","og_type":"article","og_title":"Kit Riemen BetaFPV f\u00fcr Lipos 2S-4S (2 Einheiten oder 6 Einheiten) - Iha Race","og_description":"Kit Riemen BetaFPV f\u00fcr Lipos 2S-4S (2 Einheiten oder 6 Einheiten) Jeder Gurt ist leicht, strapazierf\u00e4hig und hat eine Nylonunterlage f\u00fcr eine rutschfeste Oberfl\u00e4che auf dem Akku. Dadurch wird verhindert,","og_url":"https:\/\/iha-race.com\/de\/producto\/kit-riemen-betafpv-riemen-fur-lipos-2s-4s-2-einheiten-oder-6-einheiten\/","og_site_name":"Iha Race","article_modified_time":"2025-12-23T21:51:57+00:00","og_image":[{"width":800,"height":800,"url":"https:\/\/iha-race.com\/wp-content\/uploads\/2021\/07\/Kit-Straps-BetaFPV-para-Lipos-2S-4S-2-Unidades.jpg","type":"image\/jpeg"}],"twitter_card":"summary_large_image","twitter_misc":{"Gesch\u00e4tzte Lesezeit":"1\u00a0Minute"},"schema":{"@context":"https:\/\/schema.org","@graph":[{"@type":"WebPage","@id":"https:\/\/iha-race.com\/de\/producto\/kit-riemen-betafpv-riemen-fur-lipos-2s-4s-2-einheiten-oder-6-einheiten\/","url":"https:\/\/iha-race.com\/de\/producto\/kit-riemen-betafpv-riemen-fur-lipos-2s-4s-2-einheiten-oder-6-einheiten\/","name":"Kit Riemen BetaFPV f\u00fcr Lipos 2S-4S (2 Einheiten oder 6 Einheiten) - Iha Race","isPartOf":{"@id":"https:\/\/iha-race.com\/de\/#website"},"primaryImageOfPage":{"@id":"https:\/\/iha-race.com\/de\/producto\/kit-riemen-betafpv-riemen-fur-lipos-2s-4s-2-einheiten-oder-6-einheiten\/#primaryimage"},"image":{"@id":"https:\/\/iha-race.com\/de\/producto\/kit-riemen-betafpv-riemen-fur-lipos-2s-4s-2-einheiten-oder-6-einheiten\/#primaryimage"},"thumbnailUrl":"https:\/\/iha-race.com\/wp-content\/uploads\/2021\/07\/Kit-Straps-BetaFPV-para-Lipos-2S-4S-2-Unidades.jpg","datePublished":"2021-07-07T16:00:40+00:00","dateModified":"2025-12-23T21:51:57+00:00","breadcrumb":{"@id":"https:\/\/iha-race.com\/de\/producto\/kit-riemen-betafpv-riemen-fur-lipos-2s-4s-2-einheiten-oder-6-einheiten\/#breadcrumb"},"inLanguage":"de","potentialAction":[{"@type":"ReadAction","target":["https:\/\/iha-race.com\/de\/producto\/kit-riemen-betafpv-riemen-fur-lipos-2s-4s-2-einheiten-oder-6-einheiten\/"]}]},{"@type":"ImageObject","inLanguage":"de","@id":"https:\/\/iha-race.com\/de\/producto\/kit-riemen-betafpv-riemen-fur-lipos-2s-4s-2-einheiten-oder-6-einheiten\/#primaryimage","url":"https:\/\/iha-race.com\/wp-content\/uploads\/2021\/07\/Kit-Straps-BetaFPV-para-Lipos-2S-4S-2-Unidades.jpg","contentUrl":"https:\/\/iha-race.com\/wp-content\/uploads\/2021\/07\/Kit-Straps-BetaFPV-para-Lipos-2S-4S-2-Unidades.jpg","width":800,"height":800},{"@type":"BreadcrumbList","@id":"https:\/\/iha-race.com\/de\/producto\/kit-riemen-betafpv-riemen-fur-lipos-2s-4s-2-einheiten-oder-6-einheiten\/#breadcrumb","itemListElement":[{"@type":"ListItem","position":1,"name":"Portada","item":"https:\/\/iha-race.com\/de\/elementor-499\/"},{"@type":"ListItem","position":2,"name":"Shop","item":"https:\/\/iha-race.com\/de\/shop\/"},{"@type":"ListItem","position":3,"name":"Kit Riemen BetaFPV f\u00fcr Lipos 2S-4S (2 Einheiten oder 6 Einheiten)"}]},{"@type":"WebSite","@id":"https:\/\/iha-race.com\/de\/#website","url":"https:\/\/iha-race.com\/de\/","name":"Iha Race","description":"Comprar drones de carreras FPV env\u00edos en un d\u00eda desde Espa\u00f1a","publisher":{"@id":"https:\/\/iha-race.com\/de\/#organization"},"potentialAction":[{"@type":"SearchAction","target":{"@type":"EntryPoint","urlTemplate":"https:\/\/iha-race.com\/de\/?s={search_term_string}"},"query-input":{"@type":"PropertyValueSpecification","valueRequired":true,"valueName":"search_term_string"}}],"inLanguage":"de"},{"@type":"Organization","@id":"https:\/\/iha-race.com\/de\/#organization","name":"Iha Race","url":"https:\/\/iha-race.com\/de\/","logo":{"@type":"ImageObject","inLanguage":"de","@id":"https:\/\/iha-race.com\/de\/#\/schema\/logo\/image\/","url":"https:\/\/iha-race.com\/wp-content\/uploads\/2018\/07\/iha-race-drones-de-carreras-tienda-comprar-drones.png","contentUrl":"https:\/\/iha-race.com\/wp-content\/uploads\/2018\/07\/iha-race-drones-de-carreras-tienda-comprar-drones.png","width":300,"height":100,"caption":"Iha Race"},"image":{"@id":"https:\/\/iha-race.com\/de\/#\/schema\/logo\/image\/"}}]}},"jetpack_sharing_enabled":true,"brands":[],"_links":{"self":[{"href":"https:\/\/iha-race.com\/de\/wp-json\/wp\/v2\/product\/209196","targetHints":{"allow":["GET"]}}],"collection":[{"href":"https:\/\/iha-race.com\/de\/wp-json\/wp\/v2\/product"}],"about":[{"href":"https:\/\/iha-race.com\/de\/wp-json\/wp\/v2\/types\/product"}],"replies":[{"embeddable":true,"href":"https:\/\/iha-race.com\/de\/wp-json\/wp\/v2\/comments?post=209196"}],"version-history":[{"count":3,"href":"https:\/\/iha-race.com\/de\/wp-json\/wp\/v2\/product\/209196\/revisions"}],"predecessor-version":[{"id":249459,"href":"https:\/\/iha-race.com\/de\/wp-json\/wp\/v2\/product\/209196\/revisions\/249459"}],"wp:featuredmedia":[{"embeddable":true,"href":"https:\/\/iha-race.com\/de\/wp-json\/wp\/v2\/media\/126503"}],"wp:attachment":[{"href":"https:\/\/iha-race.com\/de\/wp-json\/wp\/v2\/media?parent=209196"}],"wp:term":[{"taxonomy":"pwb-brand","embeddable":true,"href":"https:\/\/iha-race.com\/de\/wp-json\/wp\/v2\/pwb-brand?post=209196"},{"taxonomy":"product_cat","embeddable":true,"href":"https:\/\/iha-race.com\/de\/wp-json\/wp\/v2\/product_cat?post=209196"},{"taxonomy":"product_tag","embeddable":true,"href":"https:\/\/iha-race.com\/de\/wp-json\/wp\/v2\/product_tag?post=209196"}],"curies":[{"name":"wp","href":"https:\/\/api.w.org\/{rel}","templated":true}]}}