{"id":209190,"date":"2021-06-16T14:27:39","date_gmt":"2021-06-16T12:27:39","guid":{"rendered":"https:\/\/iha-race.com\/producto\/hobby-arthur-2306-5-buerstenloser-blitzmotor-1400-kv-1900-kv-2550-kv\/"},"modified":"2024-08-29T12:24:00","modified_gmt":"2024-08-29T10:24:00","slug":"motor-flash-hobby-arthur-2306-5-brushless-1400-kv-1900-kv-2550-kv-2","status":"publish","type":"product","link":"https:\/\/iha-race.com\/de\/producto\/motor-flash-hobby-arthur-2306-5-brushless-1400-kv-1900-kv-2550-kv-2\/","title":{"rendered":"Hobby Arthur 2306.5 B\u00fcrstenloser Blitzmotor (1400 Kv\/ 1900 Kv\/ 2550 Kv)"},"content":{"rendered":"<h2><span data-sheets-value=\"{\"1\":2,\"2\":\"Motor Flash Hobby Arthur 2306.5 (1400 Kv\/ 1900 Kv\/ 2550 Kv)\"}\" data-sheets-userformat=\"{\"2\":769,\"3\":{\"1\":0},\"11\":4,\"12\":0}\">Hobby Arthur 2306.5 Blitzmotor (1400 Kv\/ 1900 Kv\/ 2550 Kv)<\/span><\/h2>\n<p>  Schauen Sie sich diese neue Reihe leistungsstarker und eleganter Flash-Hobby-Engines an!  <\/p>\n<h2>Merkmale:<\/h2>\n<ul>\n<li>Gewicht: 36,5 g (einschlie\u00dflich Kabel)<\/li>\n<li>Motorgr\u00f6\u00dfe: 28,8 x 17,5 mm<\/li>\n<li>Stator-Durchmesser: 23 mm<\/li>\n<li>Statorh\u00f6he: 6,5 mm<\/li>\n<li>Durchmesser des Schafts: 4 mm<\/li>\n<li>Gr\u00f6\u00dfe der Propellerwelle: M5<\/li>\n<li>Befestigungsschrauben: 16 x 16 mm (4 * M3)<\/li>\n<li>Konfiguration: 12N14P<\/li>\n<li>Motorkabel: 20 AWG 145 mm<\/li>\n<li>KV: 1400 K, 1900 Kv, 2300 Kv, 2550 Kv<\/li>\n<li>Empfohlen: 5 &#8211; 7 Zoll Tr\u00e4geranwendung<\/li>\n<li>Lager: 684 NSK<\/li>\n<li>Aluminium-Glocke 7075-T6<\/li>\n<li>Mehrfarbiges Farbdesign<\/li>\n<li>0,15 mm dickes Siliziumstahlblech aus Kawasaki, Japan<\/li>\n<\/ul>\n<p>&nbsp;<\/p>\n<p><img fetchpriority=\"high\" decoding=\"async\" class=\"alignnone wp-image-66144 size-large\" src=\"https:\/\/iha-race.com\/wp-content\/uploads\/2021\/06\/Screenshot_7-1024x671.jpg\" alt=\"\" width=\"840\" height=\"550\" srcset=\"https:\/\/iha-race.com\/wp-content\/uploads\/2021\/06\/Screenshot_7-1024x671.jpg 1024w, https:\/\/iha-race.com\/wp-content\/uploads\/2021\/06\/Screenshot_7-300x197.jpg 300w, https:\/\/iha-race.com\/wp-content\/uploads\/2021\/06\/Screenshot_7-768x503.jpg 768w, https:\/\/iha-race.com\/wp-content\/uploads\/2021\/06\/Screenshot_7-1536x1006.jpg 1536w, https:\/\/iha-race.com\/wp-content\/uploads\/2021\/06\/Screenshot_7-2048x1342.jpg 2048w, https:\/\/iha-race.com\/wp-content\/uploads\/2021\/06\/Screenshot_7-229x150.jpg 229w, https:\/\/iha-race.com\/wp-content\/uploads\/2021\/06\/Screenshot_7-100x66.jpg 100w, https:\/\/iha-race.com\/wp-content\/uploads\/2021\/06\/Screenshot_7-336x220.jpg 336w, https:\/\/iha-race.com\/wp-content\/uploads\/2021\/06\/Screenshot_7-534x350.jpg 534w, https:\/\/iha-race.com\/wp-content\/uploads\/2021\/06\/Screenshot_7-788x516.jpg 788w, https:\/\/iha-race.com\/wp-content\/uploads\/2021\/06\/Screenshot_7-600x393.jpg 600w, https:\/\/iha-race.com\/wp-content\/uploads\/2021\/06\/Screenshot_7.jpg 864w\" sizes=\"(max-width: 840px) 100vw, 840px\" \/> <img decoding=\"async\" class=\"alignnone wp-image-66145 size-large\" src=\"https:\/\/iha-race.com\/wp-content\/uploads\/2021\/06\/Screenshot_6-1024x479.jpg\" alt=\"\" width=\"840\" height=\"393\" srcset=\"https:\/\/iha-race.com\/wp-content\/uploads\/2021\/06\/Screenshot_6-1024x479.jpg 1024w, https:\/\/iha-race.com\/wp-content\/uploads\/2021\/06\/Screenshot_6-300x140.jpg 300w, https:\/\/iha-race.com\/wp-content\/uploads\/2021\/06\/Screenshot_6-768x359.jpg 768w, https:\/\/iha-race.com\/wp-content\/uploads\/2021\/06\/Screenshot_6-1536x718.jpg 1536w, https:\/\/iha-race.com\/wp-content\/uploads\/2021\/06\/Screenshot_6-2048x957.jpg 2048w, https:\/\/iha-race.com\/wp-content\/uploads\/2021\/06\/Screenshot_6-321x150.jpg 321w, https:\/\/iha-race.com\/wp-content\/uploads\/2021\/06\/Screenshot_6-100x47.jpg 100w, https:\/\/iha-race.com\/wp-content\/uploads\/2021\/06\/Screenshot_6-749x350.jpg 749w, https:\/\/iha-race.com\/wp-content\/uploads\/2021\/06\/Screenshot_6-788x368.jpg 788w, https:\/\/iha-race.com\/wp-content\/uploads\/2021\/06\/Screenshot_6-599x280.jpg 599w, https:\/\/iha-race.com\/wp-content\/uploads\/2021\/06\/Screenshot_6.jpg 969w\" sizes=\"(max-width: 840px) 100vw, 840px\" \/><\/p>\n<h2>Spezifikationen:<\/h2>\n<p><strong>1400 Kv<\/strong><\/p>\n<ul>\n<li>Maximaler Verbrauch: 1741 g (6S \/ GF7056 3R)<\/li>\n<li>Eingangsspannung: DC 7.4-2.4V (2-6S)<\/li>\n<li>Stromst\u00e4rke 35,16A<\/li>\n<li>Empfohlener ESC: 30A &#8211; 50A<\/li>\n<li>Maximale Leistung: 843 W<\/li>\n<li>Vorgeschlagenes Objekt: 6 &#8211; 7 Zoll Unterst\u00fctzung<\/li>\n<\/ul>\n<p>&nbsp;<\/p>\n<p><strong>1900 Kv<\/strong><\/p>\n<ul>\n<li>Maximaler Verbrauch: 1961 g (6S \/ GF6042 2R)<\/li>\n<li>Eingangsspannung: DC 7,4-24V<\/li>\n<li>Stromst\u00e4rke: 51,32 A<\/li>\n<li>Empfohlener ESC: 30A &#8211; 60A<\/li>\n<li>Maximale Leistung: 1231W<\/li>\n<li>Vorgeschlagenes Objekt: 5 &#8211; 6 Zoll Unterst\u00fctzung<\/li>\n<\/ul>\n<p><strong>2550 Kv<\/strong><\/p>\n<ul>\n<li>Maximale Zugkraft: 1718 g S \/ HQ6045)<\/li>\n<li>Eingangsspannung: DC 7.4V -16V (2-4S)<\/li>\n<li>Stromst\u00e4rke: 47,34 A<\/li>\n<li>Empfohlener ESC: 30A &#8211; 60A<\/li>\n<li>Maximale Leistung: 757W<\/li>\n<li>Vorgeschlagenes Objekt: 5 &#8211; 6 Zoll St\u00fctze<\/li>\n<\/ul>\n<p>&nbsp;<\/p>\n<h2>Abmessungen:<\/h2>\n<p><img decoding=\"async\" class=\"alignnone wp-image-66149 size-large\" src=\"https:\/\/iha-race.com\/wp-content\/uploads\/2021\/06\/Screenshot_5-1024x450.jpg\" alt=\"\" width=\"840\" height=\"369\" srcset=\"https:\/\/iha-race.com\/wp-content\/uploads\/2021\/06\/Screenshot_5-1024x450.jpg 1024w, https:\/\/iha-race.com\/wp-content\/uploads\/2021\/06\/Screenshot_5-300x132.jpg 300w, https:\/\/iha-race.com\/wp-content\/uploads\/2021\/06\/Screenshot_5-767x337.jpg 767w, https:\/\/iha-race.com\/wp-content\/uploads\/2021\/06\/Screenshot_5-1536x675.jpg 1536w, https:\/\/iha-race.com\/wp-content\/uploads\/2021\/06\/Screenshot_5-2048x900.jpg 2048w, https:\/\/iha-race.com\/wp-content\/uploads\/2021\/06\/Screenshot_5-341x150.jpg 341w, https:\/\/iha-race.com\/wp-content\/uploads\/2021\/06\/Screenshot_5-100x44.jpg 100w, https:\/\/iha-race.com\/wp-content\/uploads\/2021\/06\/Screenshot_5-796x350.jpg 796w, https:\/\/iha-race.com\/wp-content\/uploads\/2021\/06\/Screenshot_5-788x346.jpg 788w, https:\/\/iha-race.com\/wp-content\/uploads\/2021\/06\/Screenshot_5-598x263.jpg 598w, https:\/\/iha-race.com\/wp-content\/uploads\/2021\/06\/Screenshot_5.jpg 958w\" sizes=\"(max-width: 840px) 100vw, 840px\" \/><\/p>\n<h2>Schaltplan:<\/h2>\n<p><img loading=\"lazy\" decoding=\"async\" class=\"alignnone wp-image-66150 size-large\" src=\"https:\/\/iha-race.com\/wp-content\/uploads\/2021\/06\/Screenshot_8-1024x420.jpg\" alt=\"\" width=\"840\" height=\"345\" srcset=\"https:\/\/iha-race.com\/wp-content\/uploads\/2021\/06\/Screenshot_8-1024x420.jpg 1024w, https:\/\/iha-race.com\/wp-content\/uploads\/2021\/06\/Screenshot_8-300x123.jpg 300w, https:\/\/iha-race.com\/wp-content\/uploads\/2021\/06\/Screenshot_8-766x314.jpg 766w, https:\/\/iha-race.com\/wp-content\/uploads\/2021\/06\/Screenshot_8-1536x630.jpg 1536w, https:\/\/iha-race.com\/wp-content\/uploads\/2021\/06\/Screenshot_8-2048x840.jpg 2048w, https:\/\/iha-race.com\/wp-content\/uploads\/2021\/06\/Screenshot_8-366x150.jpg 366w, https:\/\/iha-race.com\/wp-content\/uploads\/2021\/06\/Screenshot_8-100x41.jpg 100w, https:\/\/iha-race.com\/wp-content\/uploads\/2021\/06\/Screenshot_8-854x350.jpg 854w, https:\/\/iha-race.com\/wp-content\/uploads\/2021\/06\/Screenshot_8-788x323.jpg 788w, https:\/\/iha-race.com\/wp-content\/uploads\/2021\/06\/Screenshot_8-598x245.jpg 598w, https:\/\/iha-race.com\/wp-content\/uploads\/2021\/06\/Screenshot_8.jpg 861w\" sizes=\"(max-width: 840px) 100vw, 840px\" \/><\/p>\n<h2>Das Paket enth\u00e4lt:<\/h2>\n<ul>\n<li>1 x Hobby Arthur 2306.5 Blitzmotor (1400 Kv, 1900 Kv oder 2550 Kv)<\/li>\n<li>4 x M2 x 5 mm Schrauben<\/li>\n<li>4 x M2 x 7 mm Schrauben<\/li>\n<li>1 x M5 Mutter<\/li>\n<\/ul>\n<p>&nbsp;<\/p>\n<p>&nbsp;<\/p>\n<p>&nbsp;<\/p>\n","protected":false},"excerpt":{"rendered":"<p>Hobby Arthur 2306.5 Blitzmotor (1400 Kv\/ 1900 Kv\/ 2550 Kv) Schauen Sie sich diese neue Reihe leistungsstarker und eleganter Flash-Hobby-Engines an! Merkmale: Gewicht: 36,5 g (einschlie\u00dflich Kabel) Motorgr\u00f6\u00dfe: 28,8 x<\/p>\n","protected":false},"featured_media":126405,"comment_status":"open","ping_status":"closed","template":"","meta":{"_joinchat":[]},"pwb-brand":[],"product_cat":[2817,2617],"product_tag":[],"class_list":{"0":"post-209190","1":"product","2":"type-product","3":"status-publish","4":"has-post-thumbnail","6":"product_cat-burstenlos-mit-welle","7":"product_cat-fpv-motoren","9":"first","10":"instock","11":"taxable","12":"shipping-taxable","13":"purchasable","14":"product-type-variable"},"barcode":null,"atum_controlled":true,"out_stock_date":null,"out_stock_threshold":null,"inheritable":true,"stock_on_hold":0,"sold_today":4,"sales_last_days":4,"out_stock_days":0,"lost_sales":0,"update_date":"2026-04-18T23:34:59","atum_locations":[],"atum_stock_status":"instock","restock_status":false,"low_stock_amount":"","sales_update_date":"2026-04-18T23:34:59","calc_backorders":null,"yoast_head":"<!-- This site is optimized with the Yoast SEO plugin v27.3 - https:\/\/yoast.com\/product\/yoast-seo-wordpress\/ -->\n<title>Hobby Arthur 2306.5 B\u00fcrstenloser Blitzmotor (1400 Kv\/ 1900 Kv\/ 2550 Kv) - Iha Race<\/title>\n<meta name=\"robots\" content=\"index, follow, max-snippet:-1, max-image-preview:large, max-video-preview:-1\" \/>\n<link rel=\"canonical\" href=\"https:\/\/iha-race.com\/de\/producto\/motor-flash-hobby-arthur-2306-5-brushless-1400-kv-1900-kv-2550-kv-2\/\" \/>\n<meta property=\"og:locale\" content=\"de_DE\" \/>\n<meta property=\"og:type\" content=\"article\" \/>\n<meta property=\"og:title\" content=\"Hobby Arthur 2306.5 B\u00fcrstenloser Blitzmotor (1400 Kv\/ 1900 Kv\/ 2550 Kv) - Iha Race\" \/>\n<meta property=\"og:description\" content=\"Hobby Arthur 2306.5 Blitzmotor (1400 Kv\/ 1900 Kv\/ 2550 Kv) Schauen Sie sich diese neue Reihe leistungsstarker und eleganter Flash-Hobby-Engines an! Merkmale: Gewicht: 36,5 g (einschlie\u00dflich Kabel) Motorgr\u00f6\u00dfe: 28,8 x\" \/>\n<meta property=\"og:url\" content=\"https:\/\/iha-race.com\/de\/producto\/motor-flash-hobby-arthur-2306-5-brushless-1400-kv-1900-kv-2550-kv-2\/\" \/>\n<meta property=\"og:site_name\" content=\"Iha Race\" \/>\n<meta property=\"article:modified_time\" content=\"2024-08-29T10:24:00+00:00\" \/>\n<meta property=\"og:image\" content=\"https:\/\/iha-race.com\/wp-content\/uploads\/2021\/06\/Motor-Flash-Hobby-Arthur-2306.5-1400-Kv-1900-Kv-2550-Kv.jpg\" \/>\n\t<meta property=\"og:image:width\" content=\"1000\" \/>\n\t<meta property=\"og:image:height\" content=\"1000\" \/>\n\t<meta property=\"og:image:type\" content=\"image\/jpeg\" \/>\n<meta name=\"twitter:card\" content=\"summary_large_image\" \/>\n<meta name=\"twitter:label1\" content=\"Gesch\u00e4tzte Lesezeit\" \/>\n\t<meta name=\"twitter:data1\" content=\"1\u00a0Minute\" \/>\n<script type=\"application\/ld+json\" class=\"yoast-schema-graph\">{\"@context\":\"https:\\\/\\\/schema.org\",\"@graph\":[{\"@type\":\"WebPage\",\"@id\":\"https:\\\/\\\/iha-race.com\\\/de\\\/producto\\\/motor-flash-hobby-arthur-2306-5-brushless-1400-kv-1900-kv-2550-kv-2\\\/\",\"url\":\"https:\\\/\\\/iha-race.com\\\/de\\\/producto\\\/motor-flash-hobby-arthur-2306-5-brushless-1400-kv-1900-kv-2550-kv-2\\\/\",\"name\":\"Hobby Arthur 2306.5 B\u00fcrstenloser Blitzmotor (1400 Kv\\\/ 1900 Kv\\\/ 2550 Kv) - Iha Race\",\"isPartOf\":{\"@id\":\"https:\\\/\\\/iha-race.com\\\/de\\\/#website\"},\"primaryImageOfPage\":{\"@id\":\"https:\\\/\\\/iha-race.com\\\/de\\\/producto\\\/motor-flash-hobby-arthur-2306-5-brushless-1400-kv-1900-kv-2550-kv-2\\\/#primaryimage\"},\"image\":{\"@id\":\"https:\\\/\\\/iha-race.com\\\/de\\\/producto\\\/motor-flash-hobby-arthur-2306-5-brushless-1400-kv-1900-kv-2550-kv-2\\\/#primaryimage\"},\"thumbnailUrl\":\"https:\\\/\\\/iha-race.com\\\/wp-content\\\/uploads\\\/2021\\\/06\\\/Motor-Flash-Hobby-Arthur-2306.5-1400-Kv-1900-Kv-2550-Kv.jpg\",\"datePublished\":\"2021-06-16T12:27:39+00:00\",\"dateModified\":\"2024-08-29T10:24:00+00:00\",\"breadcrumb\":{\"@id\":\"https:\\\/\\\/iha-race.com\\\/de\\\/producto\\\/motor-flash-hobby-arthur-2306-5-brushless-1400-kv-1900-kv-2550-kv-2\\\/#breadcrumb\"},\"inLanguage\":\"de\",\"potentialAction\":[{\"@type\":\"ReadAction\",\"target\":[\"https:\\\/\\\/iha-race.com\\\/de\\\/producto\\\/motor-flash-hobby-arthur-2306-5-brushless-1400-kv-1900-kv-2550-kv-2\\\/\"]}]},{\"@type\":\"ImageObject\",\"inLanguage\":\"de\",\"@id\":\"https:\\\/\\\/iha-race.com\\\/de\\\/producto\\\/motor-flash-hobby-arthur-2306-5-brushless-1400-kv-1900-kv-2550-kv-2\\\/#primaryimage\",\"url\":\"https:\\\/\\\/iha-race.com\\\/wp-content\\\/uploads\\\/2021\\\/06\\\/Motor-Flash-Hobby-Arthur-2306.5-1400-Kv-1900-Kv-2550-Kv.jpg\",\"contentUrl\":\"https:\\\/\\\/iha-race.com\\\/wp-content\\\/uploads\\\/2021\\\/06\\\/Motor-Flash-Hobby-Arthur-2306.5-1400-Kv-1900-Kv-2550-Kv.jpg\",\"width\":1000,\"height\":1000},{\"@type\":\"BreadcrumbList\",\"@id\":\"https:\\\/\\\/iha-race.com\\\/de\\\/producto\\\/motor-flash-hobby-arthur-2306-5-brushless-1400-kv-1900-kv-2550-kv-2\\\/#breadcrumb\",\"itemListElement\":[{\"@type\":\"ListItem\",\"position\":1,\"name\":\"Portada\",\"item\":\"https:\\\/\\\/iha-race.com\\\/de\\\/elementor-499\\\/\"},{\"@type\":\"ListItem\",\"position\":2,\"name\":\"Shop\",\"item\":\"https:\\\/\\\/iha-race.com\\\/de\\\/shop\\\/\"},{\"@type\":\"ListItem\",\"position\":3,\"name\":\"Hobby Arthur 2306.5 B\u00fcrstenloser Blitzmotor (1400 Kv\\\/ 1900 Kv\\\/ 2550 Kv)\"}]},{\"@type\":\"WebSite\",\"@id\":\"https:\\\/\\\/iha-race.com\\\/de\\\/#website\",\"url\":\"https:\\\/\\\/iha-race.com\\\/de\\\/\",\"name\":\"Iha Race\",\"description\":\"Comprar drones de carreras FPV env\u00edos en un d\u00eda desde Espa\u00f1a\",\"publisher\":{\"@id\":\"https:\\\/\\\/iha-race.com\\\/de\\\/#organization\"},\"potentialAction\":[{\"@type\":\"SearchAction\",\"target\":{\"@type\":\"EntryPoint\",\"urlTemplate\":\"https:\\\/\\\/iha-race.com\\\/de\\\/?s={search_term_string}\"},\"query-input\":{\"@type\":\"PropertyValueSpecification\",\"valueRequired\":true,\"valueName\":\"search_term_string\"}}],\"inLanguage\":\"de\"},{\"@type\":\"Organization\",\"@id\":\"https:\\\/\\\/iha-race.com\\\/de\\\/#organization\",\"name\":\"Iha Race\",\"url\":\"https:\\\/\\\/iha-race.com\\\/de\\\/\",\"logo\":{\"@type\":\"ImageObject\",\"inLanguage\":\"de\",\"@id\":\"https:\\\/\\\/iha-race.com\\\/de\\\/#\\\/schema\\\/logo\\\/image\\\/\",\"url\":\"https:\\\/\\\/iha-race.com\\\/wp-content\\\/uploads\\\/2018\\\/07\\\/iha-race-drones-de-carreras-tienda-comprar-drones.png\",\"contentUrl\":\"https:\\\/\\\/iha-race.com\\\/wp-content\\\/uploads\\\/2018\\\/07\\\/iha-race-drones-de-carreras-tienda-comprar-drones.png\",\"width\":300,\"height\":100,\"caption\":\"Iha Race\"},\"image\":{\"@id\":\"https:\\\/\\\/iha-race.com\\\/de\\\/#\\\/schema\\\/logo\\\/image\\\/\"}}]}<\/script>\n<!-- \/ Yoast SEO plugin. -->","yoast_head_json":{"title":"Hobby Arthur 2306.5 B\u00fcrstenloser Blitzmotor (1400 Kv\/ 1900 Kv\/ 2550 Kv) - Iha Race","robots":{"index":"index","follow":"follow","max-snippet":"max-snippet:-1","max-image-preview":"max-image-preview:large","max-video-preview":"max-video-preview:-1"},"canonical":"https:\/\/iha-race.com\/de\/producto\/motor-flash-hobby-arthur-2306-5-brushless-1400-kv-1900-kv-2550-kv-2\/","og_locale":"de_DE","og_type":"article","og_title":"Hobby Arthur 2306.5 B\u00fcrstenloser Blitzmotor (1400 Kv\/ 1900 Kv\/ 2550 Kv) - Iha Race","og_description":"Hobby Arthur 2306.5 Blitzmotor (1400 Kv\/ 1900 Kv\/ 2550 Kv) Schauen Sie sich diese neue Reihe leistungsstarker und eleganter Flash-Hobby-Engines an! Merkmale: Gewicht: 36,5 g (einschlie\u00dflich Kabel) Motorgr\u00f6\u00dfe: 28,8 x","og_url":"https:\/\/iha-race.com\/de\/producto\/motor-flash-hobby-arthur-2306-5-brushless-1400-kv-1900-kv-2550-kv-2\/","og_site_name":"Iha Race","article_modified_time":"2024-08-29T10:24:00+00:00","og_image":[{"width":1000,"height":1000,"url":"https:\/\/iha-race.com\/wp-content\/uploads\/2021\/06\/Motor-Flash-Hobby-Arthur-2306.5-1400-Kv-1900-Kv-2550-Kv.jpg","type":"image\/jpeg"}],"twitter_card":"summary_large_image","twitter_misc":{"Gesch\u00e4tzte Lesezeit":"1\u00a0Minute"},"schema":{"@context":"https:\/\/schema.org","@graph":[{"@type":"WebPage","@id":"https:\/\/iha-race.com\/de\/producto\/motor-flash-hobby-arthur-2306-5-brushless-1400-kv-1900-kv-2550-kv-2\/","url":"https:\/\/iha-race.com\/de\/producto\/motor-flash-hobby-arthur-2306-5-brushless-1400-kv-1900-kv-2550-kv-2\/","name":"Hobby Arthur 2306.5 B\u00fcrstenloser Blitzmotor (1400 Kv\/ 1900 Kv\/ 2550 Kv) - Iha Race","isPartOf":{"@id":"https:\/\/iha-race.com\/de\/#website"},"primaryImageOfPage":{"@id":"https:\/\/iha-race.com\/de\/producto\/motor-flash-hobby-arthur-2306-5-brushless-1400-kv-1900-kv-2550-kv-2\/#primaryimage"},"image":{"@id":"https:\/\/iha-race.com\/de\/producto\/motor-flash-hobby-arthur-2306-5-brushless-1400-kv-1900-kv-2550-kv-2\/#primaryimage"},"thumbnailUrl":"https:\/\/iha-race.com\/wp-content\/uploads\/2021\/06\/Motor-Flash-Hobby-Arthur-2306.5-1400-Kv-1900-Kv-2550-Kv.jpg","datePublished":"2021-06-16T12:27:39+00:00","dateModified":"2024-08-29T10:24:00+00:00","breadcrumb":{"@id":"https:\/\/iha-race.com\/de\/producto\/motor-flash-hobby-arthur-2306-5-brushless-1400-kv-1900-kv-2550-kv-2\/#breadcrumb"},"inLanguage":"de","potentialAction":[{"@type":"ReadAction","target":["https:\/\/iha-race.com\/de\/producto\/motor-flash-hobby-arthur-2306-5-brushless-1400-kv-1900-kv-2550-kv-2\/"]}]},{"@type":"ImageObject","inLanguage":"de","@id":"https:\/\/iha-race.com\/de\/producto\/motor-flash-hobby-arthur-2306-5-brushless-1400-kv-1900-kv-2550-kv-2\/#primaryimage","url":"https:\/\/iha-race.com\/wp-content\/uploads\/2021\/06\/Motor-Flash-Hobby-Arthur-2306.5-1400-Kv-1900-Kv-2550-Kv.jpg","contentUrl":"https:\/\/iha-race.com\/wp-content\/uploads\/2021\/06\/Motor-Flash-Hobby-Arthur-2306.5-1400-Kv-1900-Kv-2550-Kv.jpg","width":1000,"height":1000},{"@type":"BreadcrumbList","@id":"https:\/\/iha-race.com\/de\/producto\/motor-flash-hobby-arthur-2306-5-brushless-1400-kv-1900-kv-2550-kv-2\/#breadcrumb","itemListElement":[{"@type":"ListItem","position":1,"name":"Portada","item":"https:\/\/iha-race.com\/de\/elementor-499\/"},{"@type":"ListItem","position":2,"name":"Shop","item":"https:\/\/iha-race.com\/de\/shop\/"},{"@type":"ListItem","position":3,"name":"Hobby Arthur 2306.5 B\u00fcrstenloser Blitzmotor (1400 Kv\/ 1900 Kv\/ 2550 Kv)"}]},{"@type":"WebSite","@id":"https:\/\/iha-race.com\/de\/#website","url":"https:\/\/iha-race.com\/de\/","name":"Iha Race","description":"Comprar drones de carreras FPV env\u00edos en un d\u00eda desde Espa\u00f1a","publisher":{"@id":"https:\/\/iha-race.com\/de\/#organization"},"potentialAction":[{"@type":"SearchAction","target":{"@type":"EntryPoint","urlTemplate":"https:\/\/iha-race.com\/de\/?s={search_term_string}"},"query-input":{"@type":"PropertyValueSpecification","valueRequired":true,"valueName":"search_term_string"}}],"inLanguage":"de"},{"@type":"Organization","@id":"https:\/\/iha-race.com\/de\/#organization","name":"Iha Race","url":"https:\/\/iha-race.com\/de\/","logo":{"@type":"ImageObject","inLanguage":"de","@id":"https:\/\/iha-race.com\/de\/#\/schema\/logo\/image\/","url":"https:\/\/iha-race.com\/wp-content\/uploads\/2018\/07\/iha-race-drones-de-carreras-tienda-comprar-drones.png","contentUrl":"https:\/\/iha-race.com\/wp-content\/uploads\/2018\/07\/iha-race-drones-de-carreras-tienda-comprar-drones.png","width":300,"height":100,"caption":"Iha Race"},"image":{"@id":"https:\/\/iha-race.com\/de\/#\/schema\/logo\/image\/"}}]}},"jetpack_sharing_enabled":true,"brands":[],"_links":{"self":[{"href":"https:\/\/iha-race.com\/de\/wp-json\/wp\/v2\/product\/209190","targetHints":{"allow":["GET"]}}],"collection":[{"href":"https:\/\/iha-race.com\/de\/wp-json\/wp\/v2\/product"}],"about":[{"href":"https:\/\/iha-race.com\/de\/wp-json\/wp\/v2\/types\/product"}],"replies":[{"embeddable":true,"href":"https:\/\/iha-race.com\/de\/wp-json\/wp\/v2\/comments?post=209190"}],"version-history":[{"count":1,"href":"https:\/\/iha-race.com\/de\/wp-json\/wp\/v2\/product\/209190\/revisions"}],"predecessor-version":[{"id":249453,"href":"https:\/\/iha-race.com\/de\/wp-json\/wp\/v2\/product\/209190\/revisions\/249453"}],"wp:featuredmedia":[{"embeddable":true,"href":"https:\/\/iha-race.com\/de\/wp-json\/wp\/v2\/media\/126405"}],"wp:attachment":[{"href":"https:\/\/iha-race.com\/de\/wp-json\/wp\/v2\/media?parent=209190"}],"wp:term":[{"taxonomy":"pwb-brand","embeddable":true,"href":"https:\/\/iha-race.com\/de\/wp-json\/wp\/v2\/pwb-brand?post=209190"},{"taxonomy":"product_cat","embeddable":true,"href":"https:\/\/iha-race.com\/de\/wp-json\/wp\/v2\/product_cat?post=209190"},{"taxonomy":"product_tag","embeddable":true,"href":"https:\/\/iha-race.com\/de\/wp-json\/wp\/v2\/product_tag?post=209190"}],"curies":[{"name":"wp","href":"https:\/\/api.w.org\/{rel}","templated":true}]}}