{"id":209177,"date":"2021-04-28T16:31:40","date_gmt":"2021-04-28T14:31:40","guid":{"rendered":"https:\/\/iha-race.com\/producto\/esc-velox-t-motor-v50a-32bit-6s\/"},"modified":"2024-08-29T12:26:49","modified_gmt":"2024-08-29T10:26:49","slug":"esc-velox-t-motor-v50a-32bit-6s","status":"publish","type":"product","link":"https:\/\/iha-race.com\/de\/producto\/esc-velox-t-motor-v50a-32bit-6s\/","title":{"rendered":"ESC Velox T-Motor V50A 32BIT 6S"},"content":{"rendered":"<h2>ESC Velox T-Motor V50A 32BIT 6S<\/h2>\n<div id=\"contents\">\n<div id=\"news11\" class=\"tabblock\">\n<div id=\"a_news11\" class=\"tabcon\">  Der <strong>Velox V50A 4-in-1 ESC von T-Motor<\/strong> ist der ultimative ESC f\u00fcr Ihren Bau. Durch den Einsatz des QN3109 1.5 MOS wurde die Leistung des V50A um 18% gesteigert, so dass er auch bei hohen Stromspitzen sicher fliegen kann. Das neue K\u00fchlrippendesign sorgt f\u00fcr eine effizientere W\u00e4rmeableitung und gew\u00e4hrleistet eine stabile Leistungsabgabe. Die W\u00e4rmeableitung hat sich um 10% erh\u00f6ht.  <\/p>\n<h2>Eigenschaften<\/h2>\n<ul>\n<li>Verbesserte W\u00e4rmeableitung<\/li>\n<li>MOS aktualisiert<\/li>\n<li>ESC 50A 4 in 1<\/li>\n<\/ul>\n<p>&nbsp;<\/p>\n<p><img decoding=\"async\" src=\"https:\/\/cdn.getfpv.com\/media\/wysiwyg\/ESCs\/T-Motor-VELOX-V50A-3-6S-BLHeli_32-4-in-1-ESC-Infographic.jpg\"><\/p>\n<p>&nbsp;<\/p>\n<h2>Spezifikationen<\/h2>\n<ul>\n<li>Befestigungsloch: 30,5&#215;30,5 mm, M3<\/li>\n<li>ESC Firmware: TMOTOR T4 02<\/li>\n<li>Gewicht: 18,45 g (mit Kabel)<\/li>\n<li>Eingangsspannung: DC10V~27V<\/li>\n<li>Parameter: BLHeliSuite32<\/li>\n<li>Gr\u00f6\u00dfe 45.4&#215;43.8x8mm<\/li>\n<li>Modell: Velox V50A<\/li>\n<li>Maximaler Strom: 55A<\/li>\n<li>Stromst\u00e4rke: 50A<\/li>\n<li>Lipo: 3-6S<\/li>\n<\/ul>\n<h2>Enth\u00e4lt<\/h2>\n<ul>\n<li>1 T-Motor Velox V50A 32 bit 4 in 1 ESC<\/li>\n<li>1 austauschbarer Kabelbaum 8P\/10P<\/li>\n<li>1 Silikonkabelbaum 8P\/8P.<\/li>\n<li>1 XT60-Kabel 14 AWG 145 mm.<\/li>\n<li>4 sto\u00dfd\u00e4mpfende Unterlegscheiben.<\/li>\n<li>1x Kondensator<\/li>\n<\/ul>\n<\/div>\n<\/div>\n<\/div>\n<div class=\"wrap-hot\">\n<div class=\"navbar-hot\">\n<div class=\"navbar-hot-tc\"><\/div>\n<\/div>\n<\/div>\n<div id=\"news11\" class=\"tabblock\">\n<div id=\"a_news11\" class=\"tabcon\">\n<p>&nbsp;<\/p>\n<\/div>\n<\/div>\n","protected":false},"excerpt":{"rendered":"<p>Der V45A 4-in-1 ESC V2 von T-Motor ist inspiriert von den <a href=\"https:\/\/iha-race.com\/producto\/motor-t-motor-velox-v2207-v2-0-1750-kv-2550-kv\/\">VELOX V2207<\/a> und <a href=\"https:\/\/iha-race.com\/producto\/motor-t-motor-velox-v2306-v2-0-1950kv-2400kv\/\">V2306<\/a> Motoren! Der V45A V2 MOS wurde mit einer 15%igen Leistungssteigerung aufger\u00fcstet, um auch bei hohen Stromspitzen sicher zu fliegen.<\/p>\n","protected":false},"featured_media":128155,"comment_status":"open","ping_status":"closed","template":"","meta":{"_joinchat":[]},"pwb-brand":[],"product_cat":[2700],"product_tag":[],"class_list":{"0":"post-209177","1":"product","2":"type-product","3":"status-publish","4":"has-post-thumbnail","6":"product_cat-esc-wechselrichter","8":"first","9":"instock","10":"taxable","11":"shipping-taxable","12":"purchasable","13":"product-type-simple"},"barcode":null,"atum_controlled":true,"out_stock_date":null,"out_stock_threshold":null,"inheritable":false,"stock_on_hold":0,"sold_today":0,"sales_last_days":0,"out_stock_days":0,"lost_sales":0,"update_date":"2026-04-08T16:39:39","atum_locations":[],"atum_stock_status":"instock","restock_status":false,"low_stock_amount":3,"sales_update_date":"2026-04-08T10:17:18","calc_backorders":null,"yoast_head":"<!-- This site is optimized with the Yoast SEO plugin v27.3 - https:\/\/yoast.com\/product\/yoast-seo-wordpress\/ -->\n<title>ESC Velox T-Motor V50A 32BIT 6S - Iha Race<\/title>\n<meta name=\"robots\" content=\"index, follow, max-snippet:-1, max-image-preview:large, max-video-preview:-1\" \/>\n<link rel=\"canonical\" href=\"https:\/\/iha-race.com\/de\/producto\/esc-velox-t-motor-v50a-32bit-6s\/\" \/>\n<meta property=\"og:locale\" content=\"de_DE\" \/>\n<meta property=\"og:type\" content=\"article\" \/>\n<meta property=\"og:title\" content=\"ESC Velox T-Motor V50A 32BIT 6S - Iha Race\" \/>\n<meta property=\"og:description\" content=\"Der V45A 4-in-1 ESC V2 von T-Motor ist inspiriert von den VELOX V2207 und V2306 Motoren! Der V45A V2 MOS wurde mit einer 15%igen Leistungssteigerung aufger\u00fcstet, um auch bei hohen Stromspitzen sicher zu fliegen.\" \/>\n<meta property=\"og:url\" content=\"https:\/\/iha-race.com\/de\/producto\/esc-velox-t-motor-v50a-32bit-6s\/\" \/>\n<meta property=\"og:site_name\" content=\"Iha Race\" \/>\n<meta property=\"article:modified_time\" content=\"2024-08-29T10:26:49+00:00\" \/>\n<meta property=\"og:image\" content=\"https:\/\/iha-race.com\/wp-content\/uploads\/2021\/04\/t-motor-velox-v50a-3-6s-blheli_32-4-in-1-esc-main-2.jpeg\" \/>\n\t<meta property=\"og:image:width\" content=\"1000\" \/>\n\t<meta property=\"og:image:height\" content=\"1000\" \/>\n\t<meta property=\"og:image:type\" content=\"image\/jpeg\" \/>\n<meta name=\"twitter:card\" content=\"summary_large_image\" \/>\n<meta name=\"twitter:label1\" content=\"Gesch\u00e4tzte Lesezeit\" \/>\n\t<meta name=\"twitter:data1\" content=\"1\u00a0Minute\" \/>\n<script type=\"application\/ld+json\" class=\"yoast-schema-graph\">{\"@context\":\"https:\\\/\\\/schema.org\",\"@graph\":[{\"@type\":\"WebPage\",\"@id\":\"https:\\\/\\\/iha-race.com\\\/de\\\/producto\\\/esc-velox-t-motor-v50a-32bit-6s\\\/\",\"url\":\"https:\\\/\\\/iha-race.com\\\/de\\\/producto\\\/esc-velox-t-motor-v50a-32bit-6s\\\/\",\"name\":\"ESC Velox T-Motor V50A 32BIT 6S - Iha Race\",\"isPartOf\":{\"@id\":\"https:\\\/\\\/iha-race.com\\\/de\\\/#website\"},\"primaryImageOfPage\":{\"@id\":\"https:\\\/\\\/iha-race.com\\\/de\\\/producto\\\/esc-velox-t-motor-v50a-32bit-6s\\\/#primaryimage\"},\"image\":{\"@id\":\"https:\\\/\\\/iha-race.com\\\/de\\\/producto\\\/esc-velox-t-motor-v50a-32bit-6s\\\/#primaryimage\"},\"thumbnailUrl\":\"https:\\\/\\\/iha-race.com\\\/wp-content\\\/uploads\\\/2021\\\/04\\\/t-motor-velox-v50a-3-6s-blheli_32-4-in-1-esc-main-2.jpeg\",\"datePublished\":\"2021-04-28T14:31:40+00:00\",\"dateModified\":\"2024-08-29T10:26:49+00:00\",\"breadcrumb\":{\"@id\":\"https:\\\/\\\/iha-race.com\\\/de\\\/producto\\\/esc-velox-t-motor-v50a-32bit-6s\\\/#breadcrumb\"},\"inLanguage\":\"de\",\"potentialAction\":[{\"@type\":\"ReadAction\",\"target\":[\"https:\\\/\\\/iha-race.com\\\/de\\\/producto\\\/esc-velox-t-motor-v50a-32bit-6s\\\/\"]}]},{\"@type\":\"ImageObject\",\"inLanguage\":\"de\",\"@id\":\"https:\\\/\\\/iha-race.com\\\/de\\\/producto\\\/esc-velox-t-motor-v50a-32bit-6s\\\/#primaryimage\",\"url\":\"https:\\\/\\\/iha-race.com\\\/wp-content\\\/uploads\\\/2021\\\/04\\\/t-motor-velox-v50a-3-6s-blheli_32-4-in-1-esc-main-2.jpeg\",\"contentUrl\":\"https:\\\/\\\/iha-race.com\\\/wp-content\\\/uploads\\\/2021\\\/04\\\/t-motor-velox-v50a-3-6s-blheli_32-4-in-1-esc-main-2.jpeg\",\"width\":1000,\"height\":1000},{\"@type\":\"BreadcrumbList\",\"@id\":\"https:\\\/\\\/iha-race.com\\\/de\\\/producto\\\/esc-velox-t-motor-v50a-32bit-6s\\\/#breadcrumb\",\"itemListElement\":[{\"@type\":\"ListItem\",\"position\":1,\"name\":\"Portada\",\"item\":\"https:\\\/\\\/iha-race.com\\\/de\\\/elementor-499\\\/\"},{\"@type\":\"ListItem\",\"position\":2,\"name\":\"Shop\",\"item\":\"https:\\\/\\\/iha-race.com\\\/de\\\/shop\\\/\"},{\"@type\":\"ListItem\",\"position\":3,\"name\":\"ESC Velox T-Motor V50A 32BIT 6S\"}]},{\"@type\":\"WebSite\",\"@id\":\"https:\\\/\\\/iha-race.com\\\/de\\\/#website\",\"url\":\"https:\\\/\\\/iha-race.com\\\/de\\\/\",\"name\":\"Iha Race\",\"description\":\"Comprar drones de carreras FPV env\u00edos en un d\u00eda desde Espa\u00f1a\",\"publisher\":{\"@id\":\"https:\\\/\\\/iha-race.com\\\/de\\\/#organization\"},\"potentialAction\":[{\"@type\":\"SearchAction\",\"target\":{\"@type\":\"EntryPoint\",\"urlTemplate\":\"https:\\\/\\\/iha-race.com\\\/de\\\/?s={search_term_string}\"},\"query-input\":{\"@type\":\"PropertyValueSpecification\",\"valueRequired\":true,\"valueName\":\"search_term_string\"}}],\"inLanguage\":\"de\"},{\"@type\":\"Organization\",\"@id\":\"https:\\\/\\\/iha-race.com\\\/de\\\/#organization\",\"name\":\"Iha Race\",\"url\":\"https:\\\/\\\/iha-race.com\\\/de\\\/\",\"logo\":{\"@type\":\"ImageObject\",\"inLanguage\":\"de\",\"@id\":\"https:\\\/\\\/iha-race.com\\\/de\\\/#\\\/schema\\\/logo\\\/image\\\/\",\"url\":\"https:\\\/\\\/iha-race.com\\\/wp-content\\\/uploads\\\/2018\\\/07\\\/iha-race-drones-de-carreras-tienda-comprar-drones.png\",\"contentUrl\":\"https:\\\/\\\/iha-race.com\\\/wp-content\\\/uploads\\\/2018\\\/07\\\/iha-race-drones-de-carreras-tienda-comprar-drones.png\",\"width\":300,\"height\":100,\"caption\":\"Iha Race\"},\"image\":{\"@id\":\"https:\\\/\\\/iha-race.com\\\/de\\\/#\\\/schema\\\/logo\\\/image\\\/\"}}]}<\/script>\n<!-- \/ Yoast SEO plugin. -->","yoast_head_json":{"title":"ESC Velox T-Motor V50A 32BIT 6S - Iha Race","robots":{"index":"index","follow":"follow","max-snippet":"max-snippet:-1","max-image-preview":"max-image-preview:large","max-video-preview":"max-video-preview:-1"},"canonical":"https:\/\/iha-race.com\/de\/producto\/esc-velox-t-motor-v50a-32bit-6s\/","og_locale":"de_DE","og_type":"article","og_title":"ESC Velox T-Motor V50A 32BIT 6S - Iha Race","og_description":"Der V45A 4-in-1 ESC V2 von T-Motor ist inspiriert von den VELOX V2207 und V2306 Motoren! Der V45A V2 MOS wurde mit einer 15%igen Leistungssteigerung aufger\u00fcstet, um auch bei hohen Stromspitzen sicher zu fliegen.","og_url":"https:\/\/iha-race.com\/de\/producto\/esc-velox-t-motor-v50a-32bit-6s\/","og_site_name":"Iha Race","article_modified_time":"2024-08-29T10:26:49+00:00","og_image":[{"width":1000,"height":1000,"url":"https:\/\/iha-race.com\/wp-content\/uploads\/2021\/04\/t-motor-velox-v50a-3-6s-blheli_32-4-in-1-esc-main-2.jpeg","type":"image\/jpeg"}],"twitter_card":"summary_large_image","twitter_misc":{"Gesch\u00e4tzte Lesezeit":"1\u00a0Minute"},"schema":{"@context":"https:\/\/schema.org","@graph":[{"@type":"WebPage","@id":"https:\/\/iha-race.com\/de\/producto\/esc-velox-t-motor-v50a-32bit-6s\/","url":"https:\/\/iha-race.com\/de\/producto\/esc-velox-t-motor-v50a-32bit-6s\/","name":"ESC Velox T-Motor V50A 32BIT 6S - Iha Race","isPartOf":{"@id":"https:\/\/iha-race.com\/de\/#website"},"primaryImageOfPage":{"@id":"https:\/\/iha-race.com\/de\/producto\/esc-velox-t-motor-v50a-32bit-6s\/#primaryimage"},"image":{"@id":"https:\/\/iha-race.com\/de\/producto\/esc-velox-t-motor-v50a-32bit-6s\/#primaryimage"},"thumbnailUrl":"https:\/\/iha-race.com\/wp-content\/uploads\/2021\/04\/t-motor-velox-v50a-3-6s-blheli_32-4-in-1-esc-main-2.jpeg","datePublished":"2021-04-28T14:31:40+00:00","dateModified":"2024-08-29T10:26:49+00:00","breadcrumb":{"@id":"https:\/\/iha-race.com\/de\/producto\/esc-velox-t-motor-v50a-32bit-6s\/#breadcrumb"},"inLanguage":"de","potentialAction":[{"@type":"ReadAction","target":["https:\/\/iha-race.com\/de\/producto\/esc-velox-t-motor-v50a-32bit-6s\/"]}]},{"@type":"ImageObject","inLanguage":"de","@id":"https:\/\/iha-race.com\/de\/producto\/esc-velox-t-motor-v50a-32bit-6s\/#primaryimage","url":"https:\/\/iha-race.com\/wp-content\/uploads\/2021\/04\/t-motor-velox-v50a-3-6s-blheli_32-4-in-1-esc-main-2.jpeg","contentUrl":"https:\/\/iha-race.com\/wp-content\/uploads\/2021\/04\/t-motor-velox-v50a-3-6s-blheli_32-4-in-1-esc-main-2.jpeg","width":1000,"height":1000},{"@type":"BreadcrumbList","@id":"https:\/\/iha-race.com\/de\/producto\/esc-velox-t-motor-v50a-32bit-6s\/#breadcrumb","itemListElement":[{"@type":"ListItem","position":1,"name":"Portada","item":"https:\/\/iha-race.com\/de\/elementor-499\/"},{"@type":"ListItem","position":2,"name":"Shop","item":"https:\/\/iha-race.com\/de\/shop\/"},{"@type":"ListItem","position":3,"name":"ESC Velox T-Motor V50A 32BIT 6S"}]},{"@type":"WebSite","@id":"https:\/\/iha-race.com\/de\/#website","url":"https:\/\/iha-race.com\/de\/","name":"Iha Race","description":"Comprar drones de carreras FPV env\u00edos en un d\u00eda desde Espa\u00f1a","publisher":{"@id":"https:\/\/iha-race.com\/de\/#organization"},"potentialAction":[{"@type":"SearchAction","target":{"@type":"EntryPoint","urlTemplate":"https:\/\/iha-race.com\/de\/?s={search_term_string}"},"query-input":{"@type":"PropertyValueSpecification","valueRequired":true,"valueName":"search_term_string"}}],"inLanguage":"de"},{"@type":"Organization","@id":"https:\/\/iha-race.com\/de\/#organization","name":"Iha Race","url":"https:\/\/iha-race.com\/de\/","logo":{"@type":"ImageObject","inLanguage":"de","@id":"https:\/\/iha-race.com\/de\/#\/schema\/logo\/image\/","url":"https:\/\/iha-race.com\/wp-content\/uploads\/2018\/07\/iha-race-drones-de-carreras-tienda-comprar-drones.png","contentUrl":"https:\/\/iha-race.com\/wp-content\/uploads\/2018\/07\/iha-race-drones-de-carreras-tienda-comprar-drones.png","width":300,"height":100,"caption":"Iha Race"},"image":{"@id":"https:\/\/iha-race.com\/de\/#\/schema\/logo\/image\/"}}]}},"brands":[],"_links":{"self":[{"href":"https:\/\/iha-race.com\/de\/wp-json\/wp\/v2\/product\/209177","targetHints":{"allow":["GET"]}}],"collection":[{"href":"https:\/\/iha-race.com\/de\/wp-json\/wp\/v2\/product"}],"about":[{"href":"https:\/\/iha-race.com\/de\/wp-json\/wp\/v2\/types\/product"}],"replies":[{"embeddable":true,"href":"https:\/\/iha-race.com\/de\/wp-json\/wp\/v2\/comments?post=209177"}],"version-history":[{"count":2,"href":"https:\/\/iha-race.com\/de\/wp-json\/wp\/v2\/product\/209177\/revisions"}],"predecessor-version":[{"id":249522,"href":"https:\/\/iha-race.com\/de\/wp-json\/wp\/v2\/product\/209177\/revisions\/249522"}],"wp:featuredmedia":[{"embeddable":true,"href":"https:\/\/iha-race.com\/de\/wp-json\/wp\/v2\/media\/128155"}],"wp:attachment":[{"href":"https:\/\/iha-race.com\/de\/wp-json\/wp\/v2\/media?parent=209177"}],"wp:term":[{"taxonomy":"pwb-brand","embeddable":true,"href":"https:\/\/iha-race.com\/de\/wp-json\/wp\/v2\/pwb-brand?post=209177"},{"taxonomy":"product_cat","embeddable":true,"href":"https:\/\/iha-race.com\/de\/wp-json\/wp\/v2\/product_cat?post=209177"},{"taxonomy":"product_tag","embeddable":true,"href":"https:\/\/iha-race.com\/de\/wp-json\/wp\/v2\/product_tag?post=209177"}],"curies":[{"name":"wp","href":"https:\/\/api.w.org\/{rel}","templated":true}]}}