{"id":209176,"date":"2021-05-13T14:08:34","date_gmt":"2021-05-13T12:08:34","guid":{"rendered":"https:\/\/iha-race.com\/producto\/rahmenkit-hglrc-wind-5-lite-predator-kohlefaser-version\/"},"modified":"2024-08-29T12:26:07","modified_gmt":"2024-08-29T10:26:07","slug":"rahmen-kit-hglrc-wind-5-lite-true-x-faser-kohlefaser","status":"publish","type":"product","link":"https:\/\/iha-race.com\/de\/producto\/rahmen-kit-hglrc-wind-5-lite-true-x-faser-kohlefaser\/","title":{"rendered":"HGLRC Wind5 Lite True X FRAME 5 Zoll Kit f\u00fcr FPV Racing Drohne"},"content":{"rendered":"<h2>  HGLRC Wind5 Lite True X FRAME 5 Zoll Kit f\u00fcr FPV Racing Drohne<\/h2>\n<p><img fetchpriority=\"high\" decoding=\"async\" class=\"alignnone wp-image-64636 size-full\" src=\"https:\/\/iha-race.com\/wp-content\/uploads\/2021\/05\/wind5_litejpg.jpg\" alt=\"\" width=\"798\" height=\"751\" srcset=\"https:\/\/iha-race.com\/wp-content\/uploads\/2021\/05\/wind5_litejpg.jpg 798w, https:\/\/iha-race.com\/wp-content\/uploads\/2021\/05\/wind5_litejpg-300x282.jpg 300w, https:\/\/iha-race.com\/wp-content\/uploads\/2021\/05\/wind5_litejpg-1024x964.jpg 1024w, https:\/\/iha-race.com\/wp-content\/uploads\/2021\/05\/wind5_litejpg-767x722.jpg 767w, https:\/\/iha-race.com\/wp-content\/uploads\/2021\/05\/wind5_litejpg-1536x1446.jpg 1536w, https:\/\/iha-race.com\/wp-content\/uploads\/2021\/05\/wind5_litejpg-2048x1927.jpg 2048w, https:\/\/iha-race.com\/wp-content\/uploads\/2021\/05\/wind5_litejpg-159x150.jpg 159w, https:\/\/iha-race.com\/wp-content\/uploads\/2021\/05\/wind5_litejpg-100x94.jpg 100w, https:\/\/iha-race.com\/wp-content\/uploads\/2021\/05\/wind5_litejpg-372x350.jpg 372w, https:\/\/iha-race.com\/wp-content\/uploads\/2021\/05\/wind5_litejpg-788x741.jpg 788w, https:\/\/iha-race.com\/wp-content\/uploads\/2021\/05\/wind5_litejpg-599x564.jpg 599w\" sizes=\"(max-width: 798px) 100vw, 798px\" \/><\/p>\n<h2>Merkmale:<\/h2>\n<ul>\n<li>D\u00e4mpfungssystem f\u00fcr Flugsteuerungsanlagen<\/li>\n<li>4 mm Schutzleiste<\/li>\n<li>SMA-Antennenmontage<\/li>\n<li>Befestigung der Kamera<\/li>\n<\/ul>\n<h2>Spezifikationen:<\/h2>\n<ul>\n<li>Material: 3K-Kohlefaser<\/li>\n<li>Typ: 5&#8243; Rahmen<\/li>\n<li>Radstand: 208 mm<\/li>\n<li>Gr\u00f6\u00dfe: 148 * 148 mm<\/li>\n<li>Dicke der Deckplatte: 2 mm<\/li>\n<li>Dicke der Bodenplatte: 2 mm<\/li>\n<li>Durchschnittliche Plattendicke2,5 mm<\/li>\n<li>Armdicke: 5 mm<\/li>\n<li>Abstand der oberen und mittleren Platte: 25 mm<\/li>\n<li>Befestigungsl\u00f6cher: 20&#215;20 \/ 30,5&#215;30,5 mm<\/li>\n<li>St\u00fctzkammer: 14 mm<\/li>\n<li>Gewicht: 80 g<\/li>\n<\/ul>\n<p><img decoding=\"async\" class=\"alignnone wp-image-64637 size-full\" src=\"https:\/\/iha-race.com\/wp-content\/uploads\/2021\/05\/wind5_lite_soporte-de-brazos.jpg\" alt=\"\" width=\"797\" height=\"534\" srcset=\"https:\/\/iha-race.com\/wp-content\/uploads\/2021\/05\/wind5_lite_soporte-de-brazos.jpg 797w, https:\/\/iha-race.com\/wp-content\/uploads\/2021\/05\/wind5_lite_soporte-de-brazos-300x201.jpg 300w, https:\/\/iha-race.com\/wp-content\/uploads\/2021\/05\/wind5_lite_soporte-de-brazos-1024x686.jpg 1024w, https:\/\/iha-race.com\/wp-content\/uploads\/2021\/05\/wind5_lite_soporte-de-brazos-767x514.jpg 767w, https:\/\/iha-race.com\/wp-content\/uploads\/2021\/05\/wind5_lite_soporte-de-brazos-1536x1029.jpg 1536w, https:\/\/iha-race.com\/wp-content\/uploads\/2021\/05\/wind5_lite_soporte-de-brazos-2048x1372.jpg 2048w, https:\/\/iha-race.com\/wp-content\/uploads\/2021\/05\/wind5_lite_soporte-de-brazos-224x150.jpg 224w, https:\/\/iha-race.com\/wp-content\/uploads\/2021\/05\/wind5_lite_soporte-de-brazos-100x67.jpg 100w, https:\/\/iha-race.com\/wp-content\/uploads\/2021\/05\/wind5_lite_soporte-de-brazos-522x350.jpg 522w, https:\/\/iha-race.com\/wp-content\/uploads\/2021\/05\/wind5_lite_soporte-de-brazos-788x527.jpg 788w, https:\/\/iha-race.com\/wp-content\/uploads\/2021\/05\/wind5_lite_soporte-de-brazos-600x402.jpg 600w\" sizes=\"(max-width: 797px) 100vw, 797px\" \/> <img decoding=\"async\" class=\"alignnone wp-image-64638 size-full\" src=\"https:\/\/iha-race.com\/wp-content\/uploads\/2021\/05\/tornillos-y-columnas-antivibracion.jpg\" alt=\"\" width=\"801\" height=\"711\" srcset=\"https:\/\/iha-race.com\/wp-content\/uploads\/2021\/05\/tornillos-y-columnas-antivibracion.jpg 801w, https:\/\/iha-race.com\/wp-content\/uploads\/2021\/05\/tornillos-y-columnas-antivibracion-300x266.jpg 300w, https:\/\/iha-race.com\/wp-content\/uploads\/2021\/05\/tornillos-y-columnas-antivibracion-1024x909.jpg 1024w, https:\/\/iha-race.com\/wp-content\/uploads\/2021\/05\/tornillos-y-columnas-antivibracion-767x681.jpg 767w, https:\/\/iha-race.com\/wp-content\/uploads\/2021\/05\/tornillos-y-columnas-antivibracion-1536x1363.jpg 1536w, https:\/\/iha-race.com\/wp-content\/uploads\/2021\/05\/tornillos-y-columnas-antivibracion-2048x1818.jpg 2048w, https:\/\/iha-race.com\/wp-content\/uploads\/2021\/05\/tornillos-y-columnas-antivibracion-169x150.jpg 169w, https:\/\/iha-race.com\/wp-content\/uploads\/2021\/05\/tornillos-y-columnas-antivibracion-100x89.jpg 100w, https:\/\/iha-race.com\/wp-content\/uploads\/2021\/05\/tornillos-y-columnas-antivibracion-394x350.jpg 394w, https:\/\/iha-race.com\/wp-content\/uploads\/2021\/05\/tornillos-y-columnas-antivibracion-788x699.jpg 788w, https:\/\/iha-race.com\/wp-content\/uploads\/2021\/05\/tornillos-y-columnas-antivibracion-599x532.jpg 599w\" sizes=\"(max-width: 801px) 100vw, 801px\" \/> <img loading=\"lazy\" decoding=\"async\" class=\"alignnone wp-image-64639 size-full\" src=\"https:\/\/iha-race.com\/wp-content\/uploads\/2021\/05\/amortiguacion-para-el-stack.jpg\" alt=\"\" width=\"801\" height=\"672\" srcset=\"https:\/\/iha-race.com\/wp-content\/uploads\/2021\/05\/amortiguacion-para-el-stack.jpg 801w, https:\/\/iha-race.com\/wp-content\/uploads\/2021\/05\/amortiguacion-para-el-stack-300x252.jpg 300w, https:\/\/iha-race.com\/wp-content\/uploads\/2021\/05\/amortiguacion-para-el-stack-1024x859.jpg 1024w, https:\/\/iha-race.com\/wp-content\/uploads\/2021\/05\/amortiguacion-para-el-stack-768x644.jpg 768w, https:\/\/iha-race.com\/wp-content\/uploads\/2021\/05\/amortiguacion-para-el-stack-1536x1289.jpg 1536w, https:\/\/iha-race.com\/wp-content\/uploads\/2021\/05\/amortiguacion-para-el-stack-2048x1718.jpg 2048w, https:\/\/iha-race.com\/wp-content\/uploads\/2021\/05\/amortiguacion-para-el-stack-179x150.jpg 179w, https:\/\/iha-race.com\/wp-content\/uploads\/2021\/05\/amortiguacion-para-el-stack-100x84.jpg 100w, https:\/\/iha-race.com\/wp-content\/uploads\/2021\/05\/amortiguacion-para-el-stack-417x350.jpg 417w, https:\/\/iha-race.com\/wp-content\/uploads\/2021\/05\/amortiguacion-para-el-stack-788x661.jpg 788w, https:\/\/iha-race.com\/wp-content\/uploads\/2021\/05\/amortiguacion-para-el-stack-600x503.jpg 600w\" sizes=\"(max-width: 801px) 100vw, 801px\" \/><\/p>\n<h2>Das Paket enth\u00e4lt:<\/h2>\n<ul>\n<li>1 x 2 mm Deckplatte<\/li>\n<li>1 x 2 mm Bodenplatte<\/li>\n<li>1 x 2,5 mm Zwischenplatte<\/li>\n<li>4 x 5 mm Arme<\/li>\n<li>2 x 4 mm Schutzleisten<\/li>\n<li>4 x S\u00e4ulen M3 * 25 mm Aluminium schwarz<\/li>\n<li>2 x S\u00e4ulen M3 * 23 mm Aluminium schwarz<\/li>\n<li>4 x Rundkopfschrauben M3 * 25 mm<\/li>\n<li>4 x Rundkopfschrauben M3 * 16 mm<\/li>\n<li>12 x Rundkopfschrauben M3 * 12 mm<\/li>\n<li>1 x Flachkopfschraube M3 * 10 mm<\/li>\n<li>2 x Rundkopfschrauben M3 * 10 mm<\/li>\n<li>8 x Rundkopfschrauben M3 * 8 mm<\/li>\n<li>2 x M2 * 4 mm Rundkopfschrauben<\/li>\n<li>4 x M3 selbstsichernde Muttern<\/li>\n<li>4 x Pufferkugeln M3 * 6,6<\/li>\n<li>1 x Batterie Kabelbinder 15x250mm<\/li>\n<li>1 x Batterie Kabelbinder 20x250mm<\/li>\n<li>1 x Anti-Rutsch-Band f\u00fcr Batterien<\/li>\n<li>2 x Riemen<\/li>\n<li>1 x Anti-Schildkr\u00f6te Haifischflosse<\/li>\n<li>1 x SMA-Antennenhalterung<\/li>\n<li>1 x Kameraunterst\u00fctzung<\/li>\n<\/ul>\n<p><img loading=\"lazy\" decoding=\"async\" class=\"alignnone wp-image-64640 size-full\" src=\"https:\/\/iha-race.com\/wp-content\/uploads\/2021\/05\/contenido.jpg\" alt=\"\" width=\"798\" height=\"717\" srcset=\"https:\/\/iha-race.com\/wp-content\/uploads\/2021\/05\/contenido.jpg 798w, https:\/\/iha-race.com\/wp-content\/uploads\/2021\/05\/contenido-300x270.jpg 300w, https:\/\/iha-race.com\/wp-content\/uploads\/2021\/05\/contenido-1024x920.jpg 1024w, https:\/\/iha-race.com\/wp-content\/uploads\/2021\/05\/contenido-768x690.jpg 768w, https:\/\/iha-race.com\/wp-content\/uploads\/2021\/05\/contenido-1536x1380.jpg 1536w, https:\/\/iha-race.com\/wp-content\/uploads\/2021\/05\/contenido-2048x1840.jpg 2048w, https:\/\/iha-race.com\/wp-content\/uploads\/2021\/05\/contenido-167x150.jpg 167w, https:\/\/iha-race.com\/wp-content\/uploads\/2021\/05\/contenido-100x90.jpg 100w, https:\/\/iha-race.com\/wp-content\/uploads\/2021\/05\/contenido-390x350.jpg 390w, https:\/\/iha-race.com\/wp-content\/uploads\/2021\/05\/contenido-788x708.jpg 788w, https:\/\/iha-race.com\/wp-content\/uploads\/2021\/05\/contenido-600x539.jpg 600w\" sizes=\"(max-width: 798px) 100vw, 798px\" \/><\/p>\n<p>&nbsp;<\/p>\n","protected":false},"excerpt":{"rendered":"<p>HGLRC Wind5 Lite True X FRAME 5 Zoll Kit f\u00fcr FPV Racing Drohne Merkmale: D\u00e4mpfungssystem f\u00fcr Flugsteuerungsanlagen 4 mm Schutzleiste SMA-Antennenmontage Befestigung der Kamera Spezifikationen: Material: 3K-Kohlefaser Typ: 5&#8243; Rahmen<\/p>\n","protected":false},"featured_media":126223,"comment_status":"open","ping_status":"closed","template":"","meta":{"_joinchat":[]},"pwb-brand":[],"product_cat":[27,3667],"product_tag":[],"class_list":{"0":"post-209176","1":"product","2":"type-product","3":"status-publish","4":"has-post-thumbnail","6":"product_cat-drones-fpv","7":"product_cat-cuadros-frame","9":"first","10":"outofstock","11":"taxable","12":"shipping-taxable","13":"purchasable","14":"product-type-simple"},"barcode":null,"atum_controlled":true,"out_stock_date":"2026-03-26 08:57:05","out_stock_threshold":null,"inheritable":false,"stock_on_hold":0,"sold_today":0,"sales_last_days":2,"out_stock_days":12,"lost_sales":219,"update_date":"2026-04-08T16:39:39","atum_locations":[],"atum_stock_status":"outofstock","restock_status":false,"low_stock_amount":"","sales_update_date":"2026-04-07T10:33:31","calc_backorders":null,"yoast_head":"<!-- This site is optimized with the Yoast SEO plugin v27.3 - https:\/\/yoast.com\/product\/yoast-seo-wordpress\/ -->\n<title>HGLRC Wind5 Lite True X FRAME 5 Zoll Kit f\u00fcr FPV Racing Drohne - Iha Race<\/title>\n<meta name=\"robots\" content=\"index, follow, max-snippet:-1, max-image-preview:large, max-video-preview:-1\" \/>\n<link rel=\"canonical\" href=\"https:\/\/iha-race.com\/de\/producto\/rahmen-kit-hglrc-wind-5-lite-true-x-faser-kohlefaser\/\" \/>\n<meta property=\"og:locale\" content=\"de_DE\" \/>\n<meta property=\"og:type\" content=\"article\" \/>\n<meta property=\"og:title\" content=\"HGLRC Wind5 Lite True X FRAME 5 Zoll Kit f\u00fcr FPV Racing Drohne - Iha Race\" \/>\n<meta property=\"og:description\" content=\"HGLRC Wind5 Lite True X FRAME 5 Zoll Kit f\u00fcr FPV Racing Drohne Merkmale: D\u00e4mpfungssystem f\u00fcr Flugsteuerungsanlagen 4 mm Schutzleiste SMA-Antennenmontage Befestigung der Kamera Spezifikationen: Material: 3K-Kohlefaser Typ: 5&#8243; Rahmen\" \/>\n<meta property=\"og:url\" content=\"https:\/\/iha-race.com\/de\/producto\/rahmen-kit-hglrc-wind-5-lite-true-x-faser-kohlefaser\/\" \/>\n<meta property=\"og:site_name\" content=\"Iha Race\" \/>\n<meta property=\"article:modified_time\" content=\"2024-08-29T10:26:07+00:00\" \/>\n<meta property=\"og:image\" content=\"https:\/\/iha-race.com\/wp-content\/uploads\/2021\/05\/Frame-Kit-HGLRC-Wind-5-Lite-True-X-de-Fibra-de-Carbono.jpg\" \/>\n\t<meta property=\"og:image:width\" content=\"1000\" \/>\n\t<meta property=\"og:image:height\" content=\"1000\" \/>\n\t<meta property=\"og:image:type\" content=\"image\/jpeg\" \/>\n<meta name=\"twitter:card\" content=\"summary_large_image\" \/>\n<meta name=\"twitter:label1\" content=\"Gesch\u00e4tzte Lesezeit\" \/>\n\t<meta name=\"twitter:data1\" content=\"1\u00a0Minute\" \/>\n<script type=\"application\/ld+json\" class=\"yoast-schema-graph\">{\"@context\":\"https:\\\/\\\/schema.org\",\"@graph\":[{\"@type\":\"WebPage\",\"@id\":\"https:\\\/\\\/iha-race.com\\\/de\\\/producto\\\/rahmen-kit-hglrc-wind-5-lite-true-x-faser-kohlefaser\\\/\",\"url\":\"https:\\\/\\\/iha-race.com\\\/de\\\/producto\\\/rahmen-kit-hglrc-wind-5-lite-true-x-faser-kohlefaser\\\/\",\"name\":\"HGLRC Wind5 Lite True X FRAME 5 Zoll Kit f\u00fcr FPV Racing Drohne - Iha Race\",\"isPartOf\":{\"@id\":\"https:\\\/\\\/iha-race.com\\\/de\\\/#website\"},\"primaryImageOfPage\":{\"@id\":\"https:\\\/\\\/iha-race.com\\\/de\\\/producto\\\/rahmen-kit-hglrc-wind-5-lite-true-x-faser-kohlefaser\\\/#primaryimage\"},\"image\":{\"@id\":\"https:\\\/\\\/iha-race.com\\\/de\\\/producto\\\/rahmen-kit-hglrc-wind-5-lite-true-x-faser-kohlefaser\\\/#primaryimage\"},\"thumbnailUrl\":\"https:\\\/\\\/iha-race.com\\\/wp-content\\\/uploads\\\/2021\\\/05\\\/Frame-Kit-HGLRC-Wind-5-Lite-True-X-de-Fibra-de-Carbono.jpg\",\"datePublished\":\"2021-05-13T12:08:34+00:00\",\"dateModified\":\"2024-08-29T10:26:07+00:00\",\"breadcrumb\":{\"@id\":\"https:\\\/\\\/iha-race.com\\\/de\\\/producto\\\/rahmen-kit-hglrc-wind-5-lite-true-x-faser-kohlefaser\\\/#breadcrumb\"},\"inLanguage\":\"de\",\"potentialAction\":[{\"@type\":\"ReadAction\",\"target\":[\"https:\\\/\\\/iha-race.com\\\/de\\\/producto\\\/rahmen-kit-hglrc-wind-5-lite-true-x-faser-kohlefaser\\\/\"]}]},{\"@type\":\"ImageObject\",\"inLanguage\":\"de\",\"@id\":\"https:\\\/\\\/iha-race.com\\\/de\\\/producto\\\/rahmen-kit-hglrc-wind-5-lite-true-x-faser-kohlefaser\\\/#primaryimage\",\"url\":\"https:\\\/\\\/iha-race.com\\\/wp-content\\\/uploads\\\/2021\\\/05\\\/Frame-Kit-HGLRC-Wind-5-Lite-True-X-de-Fibra-de-Carbono.jpg\",\"contentUrl\":\"https:\\\/\\\/iha-race.com\\\/wp-content\\\/uploads\\\/2021\\\/05\\\/Frame-Kit-HGLRC-Wind-5-Lite-True-X-de-Fibra-de-Carbono.jpg\",\"width\":1000,\"height\":1000},{\"@type\":\"BreadcrumbList\",\"@id\":\"https:\\\/\\\/iha-race.com\\\/de\\\/producto\\\/rahmen-kit-hglrc-wind-5-lite-true-x-faser-kohlefaser\\\/#breadcrumb\",\"itemListElement\":[{\"@type\":\"ListItem\",\"position\":1,\"name\":\"Portada\",\"item\":\"https:\\\/\\\/iha-race.com\\\/de\\\/elementor-499\\\/\"},{\"@type\":\"ListItem\",\"position\":2,\"name\":\"Shop\",\"item\":\"https:\\\/\\\/iha-race.com\\\/de\\\/shop\\\/\"},{\"@type\":\"ListItem\",\"position\":3,\"name\":\"HGLRC Wind5 Lite True X FRAME 5 Zoll Kit f\u00fcr FPV Racing Drohne\"}]},{\"@type\":\"WebSite\",\"@id\":\"https:\\\/\\\/iha-race.com\\\/de\\\/#website\",\"url\":\"https:\\\/\\\/iha-race.com\\\/de\\\/\",\"name\":\"Iha Race\",\"description\":\"Comprar drones de carreras FPV env\u00edos en un d\u00eda desde Espa\u00f1a\",\"publisher\":{\"@id\":\"https:\\\/\\\/iha-race.com\\\/de\\\/#organization\"},\"potentialAction\":[{\"@type\":\"SearchAction\",\"target\":{\"@type\":\"EntryPoint\",\"urlTemplate\":\"https:\\\/\\\/iha-race.com\\\/de\\\/?s={search_term_string}\"},\"query-input\":{\"@type\":\"PropertyValueSpecification\",\"valueRequired\":true,\"valueName\":\"search_term_string\"}}],\"inLanguage\":\"de\"},{\"@type\":\"Organization\",\"@id\":\"https:\\\/\\\/iha-race.com\\\/de\\\/#organization\",\"name\":\"Iha Race\",\"url\":\"https:\\\/\\\/iha-race.com\\\/de\\\/\",\"logo\":{\"@type\":\"ImageObject\",\"inLanguage\":\"de\",\"@id\":\"https:\\\/\\\/iha-race.com\\\/de\\\/#\\\/schema\\\/logo\\\/image\\\/\",\"url\":\"https:\\\/\\\/iha-race.com\\\/wp-content\\\/uploads\\\/2018\\\/07\\\/iha-race-drones-de-carreras-tienda-comprar-drones.png\",\"contentUrl\":\"https:\\\/\\\/iha-race.com\\\/wp-content\\\/uploads\\\/2018\\\/07\\\/iha-race-drones-de-carreras-tienda-comprar-drones.png\",\"width\":300,\"height\":100,\"caption\":\"Iha Race\"},\"image\":{\"@id\":\"https:\\\/\\\/iha-race.com\\\/de\\\/#\\\/schema\\\/logo\\\/image\\\/\"}}]}<\/script>\n<!-- \/ Yoast SEO plugin. -->","yoast_head_json":{"title":"HGLRC Wind5 Lite True X FRAME 5 Zoll Kit f\u00fcr FPV Racing Drohne - Iha Race","robots":{"index":"index","follow":"follow","max-snippet":"max-snippet:-1","max-image-preview":"max-image-preview:large","max-video-preview":"max-video-preview:-1"},"canonical":"https:\/\/iha-race.com\/de\/producto\/rahmen-kit-hglrc-wind-5-lite-true-x-faser-kohlefaser\/","og_locale":"de_DE","og_type":"article","og_title":"HGLRC Wind5 Lite True X FRAME 5 Zoll Kit f\u00fcr FPV Racing Drohne - Iha Race","og_description":"HGLRC Wind5 Lite True X FRAME 5 Zoll Kit f\u00fcr FPV Racing Drohne Merkmale: D\u00e4mpfungssystem f\u00fcr Flugsteuerungsanlagen 4 mm Schutzleiste SMA-Antennenmontage Befestigung der Kamera Spezifikationen: Material: 3K-Kohlefaser Typ: 5&#8243; Rahmen","og_url":"https:\/\/iha-race.com\/de\/producto\/rahmen-kit-hglrc-wind-5-lite-true-x-faser-kohlefaser\/","og_site_name":"Iha Race","article_modified_time":"2024-08-29T10:26:07+00:00","og_image":[{"width":1000,"height":1000,"url":"https:\/\/iha-race.com\/wp-content\/uploads\/2021\/05\/Frame-Kit-HGLRC-Wind-5-Lite-True-X-de-Fibra-de-Carbono.jpg","type":"image\/jpeg"}],"twitter_card":"summary_large_image","twitter_misc":{"Gesch\u00e4tzte Lesezeit":"1\u00a0Minute"},"schema":{"@context":"https:\/\/schema.org","@graph":[{"@type":"WebPage","@id":"https:\/\/iha-race.com\/de\/producto\/rahmen-kit-hglrc-wind-5-lite-true-x-faser-kohlefaser\/","url":"https:\/\/iha-race.com\/de\/producto\/rahmen-kit-hglrc-wind-5-lite-true-x-faser-kohlefaser\/","name":"HGLRC Wind5 Lite True X FRAME 5 Zoll Kit f\u00fcr FPV Racing Drohne - Iha Race","isPartOf":{"@id":"https:\/\/iha-race.com\/de\/#website"},"primaryImageOfPage":{"@id":"https:\/\/iha-race.com\/de\/producto\/rahmen-kit-hglrc-wind-5-lite-true-x-faser-kohlefaser\/#primaryimage"},"image":{"@id":"https:\/\/iha-race.com\/de\/producto\/rahmen-kit-hglrc-wind-5-lite-true-x-faser-kohlefaser\/#primaryimage"},"thumbnailUrl":"https:\/\/iha-race.com\/wp-content\/uploads\/2021\/05\/Frame-Kit-HGLRC-Wind-5-Lite-True-X-de-Fibra-de-Carbono.jpg","datePublished":"2021-05-13T12:08:34+00:00","dateModified":"2024-08-29T10:26:07+00:00","breadcrumb":{"@id":"https:\/\/iha-race.com\/de\/producto\/rahmen-kit-hglrc-wind-5-lite-true-x-faser-kohlefaser\/#breadcrumb"},"inLanguage":"de","potentialAction":[{"@type":"ReadAction","target":["https:\/\/iha-race.com\/de\/producto\/rahmen-kit-hglrc-wind-5-lite-true-x-faser-kohlefaser\/"]}]},{"@type":"ImageObject","inLanguage":"de","@id":"https:\/\/iha-race.com\/de\/producto\/rahmen-kit-hglrc-wind-5-lite-true-x-faser-kohlefaser\/#primaryimage","url":"https:\/\/iha-race.com\/wp-content\/uploads\/2021\/05\/Frame-Kit-HGLRC-Wind-5-Lite-True-X-de-Fibra-de-Carbono.jpg","contentUrl":"https:\/\/iha-race.com\/wp-content\/uploads\/2021\/05\/Frame-Kit-HGLRC-Wind-5-Lite-True-X-de-Fibra-de-Carbono.jpg","width":1000,"height":1000},{"@type":"BreadcrumbList","@id":"https:\/\/iha-race.com\/de\/producto\/rahmen-kit-hglrc-wind-5-lite-true-x-faser-kohlefaser\/#breadcrumb","itemListElement":[{"@type":"ListItem","position":1,"name":"Portada","item":"https:\/\/iha-race.com\/de\/elementor-499\/"},{"@type":"ListItem","position":2,"name":"Shop","item":"https:\/\/iha-race.com\/de\/shop\/"},{"@type":"ListItem","position":3,"name":"HGLRC Wind5 Lite True X FRAME 5 Zoll Kit f\u00fcr FPV Racing Drohne"}]},{"@type":"WebSite","@id":"https:\/\/iha-race.com\/de\/#website","url":"https:\/\/iha-race.com\/de\/","name":"Iha Race","description":"Comprar drones de carreras FPV env\u00edos en un d\u00eda desde Espa\u00f1a","publisher":{"@id":"https:\/\/iha-race.com\/de\/#organization"},"potentialAction":[{"@type":"SearchAction","target":{"@type":"EntryPoint","urlTemplate":"https:\/\/iha-race.com\/de\/?s={search_term_string}"},"query-input":{"@type":"PropertyValueSpecification","valueRequired":true,"valueName":"search_term_string"}}],"inLanguage":"de"},{"@type":"Organization","@id":"https:\/\/iha-race.com\/de\/#organization","name":"Iha Race","url":"https:\/\/iha-race.com\/de\/","logo":{"@type":"ImageObject","inLanguage":"de","@id":"https:\/\/iha-race.com\/de\/#\/schema\/logo\/image\/","url":"https:\/\/iha-race.com\/wp-content\/uploads\/2018\/07\/iha-race-drones-de-carreras-tienda-comprar-drones.png","contentUrl":"https:\/\/iha-race.com\/wp-content\/uploads\/2018\/07\/iha-race-drones-de-carreras-tienda-comprar-drones.png","width":300,"height":100,"caption":"Iha Race"},"image":{"@id":"https:\/\/iha-race.com\/de\/#\/schema\/logo\/image\/"}}]}},"brands":[],"_links":{"self":[{"href":"https:\/\/iha-race.com\/de\/wp-json\/wp\/v2\/product\/209176","targetHints":{"allow":["GET"]}}],"collection":[{"href":"https:\/\/iha-race.com\/de\/wp-json\/wp\/v2\/product"}],"about":[{"href":"https:\/\/iha-race.com\/de\/wp-json\/wp\/v2\/types\/product"}],"replies":[{"embeddable":true,"href":"https:\/\/iha-race.com\/de\/wp-json\/wp\/v2\/comments?post=209176"}],"version-history":[{"count":2,"href":"https:\/\/iha-race.com\/de\/wp-json\/wp\/v2\/product\/209176\/revisions"}],"predecessor-version":[{"id":239165,"href":"https:\/\/iha-race.com\/de\/wp-json\/wp\/v2\/product\/209176\/revisions\/239165"}],"wp:featuredmedia":[{"embeddable":true,"href":"https:\/\/iha-race.com\/de\/wp-json\/wp\/v2\/media\/126223"}],"wp:attachment":[{"href":"https:\/\/iha-race.com\/de\/wp-json\/wp\/v2\/media?parent=209176"}],"wp:term":[{"taxonomy":"pwb-brand","embeddable":true,"href":"https:\/\/iha-race.com\/de\/wp-json\/wp\/v2\/pwb-brand?post=209176"},{"taxonomy":"product_cat","embeddable":true,"href":"https:\/\/iha-race.com\/de\/wp-json\/wp\/v2\/product_cat?post=209176"},{"taxonomy":"product_tag","embeddable":true,"href":"https:\/\/iha-race.com\/de\/wp-json\/wp\/v2\/product_tag?post=209176"}],"curies":[{"name":"wp","href":"https:\/\/api.w.org\/{rel}","templated":true}]}}