{"id":209171,"date":"2021-08-03T08:24:48","date_gmt":"2021-08-03T06:24:48","guid":{"rendered":"https:\/\/iha-race.com\/producto\/tbs-mambo\/"},"modified":"2024-08-29T12:22:21","modified_gmt":"2024-08-29T10:22:21","slug":"tbs-mambo","status":"publish","type":"product","link":"https:\/\/iha-race.com\/de\/producto\/tbs-mambo\/","title":{"rendered":"TBS Mambo"},"content":{"rendered":"<h1 class=\"category-header text-left\">TBS Mambo &#8211; FPV RC Funkgesteuerte Drohne<\/h1>\n<p>  Der TBS Mambo tritt in die Fu\u00dfstapfen des Tango 2, setzt aber einen neuen Ansatz: gr\u00f6\u00dferes Display, traditioneller Formfaktor mit Schaltern und Potentiometern, JR-Modul, austauschbare Batterien und Einstelltasten. https:\/\/youtu.be\/zUnwEPL_D2Q<\/p>\n<h3 class=\"h1\">EINE KLASSE F\u00dcR SICH<\/h3>\n<p>  Mit der TBS Tango 2 hat das BlackSheep-Team die Handfernbedienung neu definiert. Jetzt sind wir mit einem der beliebtesten W\u00fcnsche zur\u00fcck: eine kompakte Fernbedienung in Originalgr\u00f6\u00dfe! Das TBS Mambo tritt in die Fu\u00dfstapfen des Tango 2, konzentriert sich aber auf all die Dinge, die der Tango 2 nicht haben will: einen gr\u00f6\u00dferen Bildschirm, einen traditionellen Formfaktor mit Schaltern und Potentiometern, ein JR-Modul, austauschbare Batterien und Einstellkn\u00f6pfe. Aber keine Angst: Wir haben keine Standard-Fernbedienung produziert! Mit der eingebauten Antenne (eine externe Antenne ist als optionales Zubeh\u00f6r erh\u00e4ltlich), den 2-Positions- und Momentan-Tasten des Gamepads und dem eingebauten TBS Tracer haben wir einige &#8222;Premieren&#8220; erreicht, die dieses Funkger\u00e4t zu einer Klasse f\u00fcr sich machen!  <\/p>\n<h3 class=\"h1\">PLOTTER INNEN<\/h3>\n<p>  Das erste Radio mit integriertem TBS Tracer. Und es passt in Ihr vorhandenes TBS Crossfire-Modul \u00fcber den JR-Schacht! TBS Tracer ist die weltweit latenz\u00e4rmste Funkverbindung und baut auf der soliden Reputation der TBS Crossfire Codebasis auf. Mit der fortlaufenden Entwicklung und Erweiterung des TBS-\u00d6kosystems werden Piloten auch weiterhin an der Spitze der M\u00f6glichkeiten stehen, zusammen mit der Benutzerfreundlichkeit und allgemeinen Robustheit, f\u00fcr die TBS-Produkte bekannt sind.  <\/p>\n<ul>\n<li>1,6 ms End-to-End-Latenzzeit<\/li>\n<li>250 Hz Bildwiederholfrequenz<\/li>\n<li>Mit gro\u00dfer Reichweite<\/li>\n<li>Hohe Telemetrieleistung f\u00fcr Mavlink und Langstreckenmissionen<\/li>\n<li>TBS Cloud-Konnektivit\u00e4t<\/li>\n<\/ul>\n<h2 class=\"h1\">Merkmale:<\/h2>\n<ul>\n<li>Integrierter TBS Tracer\n<ul>\n<li>Unterst\u00fctzung des CRSF V3-Protokolls f\u00fcr die geringste Latenzzeit und die direkteste Reaktion aller verf\u00fcgbaren Fernbedienungen.<\/li>\n<li>Reichweite bis zu 25 km \/ 15 mi<\/li>\n<li>Eingebaute Antenne f\u00fcr maximale Robustheit<\/li>\n<li>Externe Antenne als Zusatzmodul erh\u00e4ltlich<\/li>\n<\/ul>\n<\/li>\n<li>Kugelgelagerte Gangsensor-Kardanringe in voller Gr\u00f6\u00dfe\n<ul>\n<li>Konfigurierbarer Widerstand und Spannung<\/li>\n<li>Einstellbarer Gashebel und Pitch (+\/- 10 Grad)<\/li>\n<li>Inklusive Ersatzfedersatz zur Reduzierung der Spannung<\/li>\n<\/ul>\n<\/li>\n<li>Ergonomisches Geh\u00e4usedesign mit griffigen Gummikanten\n<ul>\n<li>4 3-Positionen-Schalter<\/li>\n<li>2x Potentiometer mit zentraler Kerbe<\/li>\n<li>1x 2-Positionsschalter<\/li>\n<li>1x Druckknopf<\/li>\n<li>4 digitale Einstelltasten<\/li>\n<\/ul>\n<\/li>\n<li>Perfekt ausbalancierte Seilunterst\u00fctzung<\/li>\n<li>Unterst\u00fctzt bis zu 12 Kan\u00e4le<\/li>\n<li>Parallel 18650 x 2 (nicht im Lieferumfang enthalten!) Mit USB-C 2A Ladung (2,5 Stunden f\u00fcr eine volle Ladung)<\/li>\n<li>Sprachausgabe mit Audioklinke und haptischem Vibrationsalarm<\/li>\n<li>Open-Source-Fernsteuerungsbetriebssystem (FreedomTX, tempor\u00e4re Abspaltung von OpenTX)<\/li>\n<li>Neigbares Drehrad und 3-Tasten-Men\u00fc f\u00fcr eine supereinfache Navigation<\/li>\n<li>Hochaufl\u00f6sende (128 * 64) schwarz-wei\u00dfe LCD-Anzeige mit Hintergrundbeleuchtung<\/li>\n<li>Mehr als 100 Speichermodelle mit integrierter SD-Karte<\/li>\n<li>Kompatibel mit TBS Cloud<\/li>\n<\/ul>\n<h2 class=\"h1\">Spezifikationen:<\/h2>\n<ul>\n<li>Gewicht: 565g<\/li>\n<li>Akku: 2 x 18650<\/li>\n<li>Audio: 1-W-Lautsprecher und 3,5-mm-Kopfh\u00f6reranschluss<\/li>\n<li>Anzeige: 3,5-Zoll-LCD-Bildschirm (128 x 64)<\/li>\n<li>Antenne: integrierte Antenne<\/li>\n<li>Schalter: 4 x 3-polig | 1 x 2-polig | 1 x Taster<\/li>\n<li>USB-C-Anschluss: Akkuladung (5 V, 1 A), Firmware-Updates und Simulator \/ HID<\/li>\n<\/ul>\n<h3 class=\"h1\">Wenn Sie das TBS Mambo kaufen, ist es im Lieferumfang enthalten:<\/h3>\n<ul>\n<li>1 x TBS MAMBO-Fernbedienung<\/li>\n<li>1 x Federsatz (untere Spannung)<\/li>\n<li>2 x Drosselklappenbegrenzerschrauben (mit Inbusschl\u00fcssel)<\/li>\n<\/ul>\n<p class=\"h1\"><strong>Weitere Informationen:<\/strong><\/p>\n<ul>\n<li><a href=\"https:\/\/www.team-blacksheep.com\/tbs-mambo-manual.pdf\" target=\"_blank\" rel=\"noopener\">TBS Mambo Handbuch<\/a><\/li>\n<li><a href=\"https:\/\/github.com\/tbs-fpv\/freedomtx\" target=\"_blank\" rel=\"noopener\">FreedomTX-Quellcode<\/a><\/li>\n<li><a href=\"https:\/\/www.team-blacksheep.com\/mambo_sd_files_2021_06_09_0026.zip\" target=\"_blank\" rel=\"noopener\">Herunterladen des Inhalts der Mambo SD-Karte (f\u00fcr Freedom TX 1.2x)<\/a><\/li>\n<li><a href=\"https:\/\/www.team-blacksheep.com\/tbs-cloud-activation.zip\" target=\"_blank\" rel=\"noopener\">TBS Cloud &#8211; Wifi Firmware<\/a><\/li>\n<li><a href=\"https:\/\/www.team-blacksheep.com\/tbs-agent-lite.zip\" target=\"_blank\" rel=\"noopener\">TBS Agent Lite<\/a><\/li>\n<\/ul>\n<p><strong>Videos:<\/strong> https:\/\/youtu.be\/vRpu3HSXU4g https:\/\/youtu.be\/YgySA5xcmWA https:\/\/youtu.be\/L26UER10kfE<\/p>\n","protected":false},"excerpt":{"rendered":"<p>Das TBS Mambo tritt in die Fu\u00dfstapfen des Tango 2, setzt aber neue Akzente: gr\u00f6\u00dferes Display, traditioneller Formfaktor mit Schaltern und Potentiometern, JR-Modul, austauschbare Batterien und Einstellkn\u00f6pfe.<\/p>\n","protected":false},"featured_media":126479,"comment_status":"open","ping_status":"closed","template":"","meta":{"_joinchat":[]},"pwb-brand":[],"product_cat":[2665,2671],"product_tag":[],"class_list":{"0":"post-209171","1":"product","2":"type-product","3":"status-publish","4":"has-post-thumbnail","6":"product_cat-rundfunkveranstalter","7":"product_cat-tx-funkgerate","9":"first","10":"instock","11":"sale","12":"taxable","13":"shipping-taxable","14":"purchasable","15":"product-type-simple"},"barcode":null,"atum_controlled":true,"out_stock_date":null,"out_stock_threshold":null,"inheritable":false,"stock_on_hold":0,"sold_today":0,"sales_last_days":0,"out_stock_days":0,"lost_sales":0,"update_date":"2026-04-27T22:52:41","atum_locations":[],"atum_stock_status":"instock","restock_status":false,"low_stock_amount":3,"sales_update_date":"2026-04-27T22:52:41","calc_backorders":null,"yoast_head":"<!-- This site is optimized with the Yoast SEO plugin v27.3 - https:\/\/yoast.com\/product\/yoast-seo-wordpress\/ -->\n<title>TBS Mambo - Iha Race<\/title>\n<meta name=\"robots\" content=\"index, follow, max-snippet:-1, max-image-preview:large, max-video-preview:-1\" \/>\n<link rel=\"canonical\" href=\"https:\/\/iha-race.com\/de\/producto\/tbs-mambo\/\" \/>\n<meta property=\"og:locale\" content=\"de_DE\" \/>\n<meta property=\"og:type\" content=\"article\" \/>\n<meta property=\"og:title\" content=\"TBS Mambo - Iha Race\" \/>\n<meta property=\"og:description\" content=\"Das TBS Mambo tritt in die Fu\u00dfstapfen des Tango 2, setzt aber neue Akzente: gr\u00f6\u00dferes Display, traditioneller Formfaktor mit Schaltern und Potentiometern, JR-Modul, austauschbare Batterien und Einstellkn\u00f6pfe.\" \/>\n<meta property=\"og:url\" content=\"https:\/\/iha-race.com\/de\/producto\/tbs-mambo\/\" \/>\n<meta property=\"og:site_name\" content=\"Iha Race\" \/>\n<meta property=\"article:modified_time\" content=\"2024-08-29T10:22:21+00:00\" \/>\n<meta property=\"og:image\" content=\"https:\/\/iha-race.com\/wp-content\/uploads\/2021\/06\/TBS-Mambo-FPV-RC-Dron-Radio-Control.jpg\" \/>\n\t<meta property=\"og:image:width\" content=\"800\" \/>\n\t<meta property=\"og:image:height\" content=\"800\" \/>\n\t<meta property=\"og:image:type\" content=\"image\/jpeg\" \/>\n<meta name=\"twitter:card\" content=\"summary_large_image\" \/>\n<meta name=\"twitter:label1\" content=\"Gesch\u00e4tzte Lesezeit\" \/>\n\t<meta name=\"twitter:data1\" content=\"2\u00a0Minuten\" \/>\n<script type=\"application\/ld+json\" class=\"yoast-schema-graph\">{\"@context\":\"https:\\\/\\\/schema.org\",\"@graph\":[{\"@type\":\"WebPage\",\"@id\":\"https:\\\/\\\/iha-race.com\\\/de\\\/producto\\\/tbs-mambo\\\/\",\"url\":\"https:\\\/\\\/iha-race.com\\\/de\\\/producto\\\/tbs-mambo\\\/\",\"name\":\"TBS Mambo - Iha Race\",\"isPartOf\":{\"@id\":\"https:\\\/\\\/iha-race.com\\\/de\\\/#website\"},\"primaryImageOfPage\":{\"@id\":\"https:\\\/\\\/iha-race.com\\\/de\\\/producto\\\/tbs-mambo\\\/#primaryimage\"},\"image\":{\"@id\":\"https:\\\/\\\/iha-race.com\\\/de\\\/producto\\\/tbs-mambo\\\/#primaryimage\"},\"thumbnailUrl\":\"https:\\\/\\\/iha-race.com\\\/wp-content\\\/uploads\\\/2021\\\/06\\\/TBS-Mambo-FPV-RC-Dron-Radio-Control.jpg\",\"datePublished\":\"2021-08-03T06:24:48+00:00\",\"dateModified\":\"2024-08-29T10:22:21+00:00\",\"breadcrumb\":{\"@id\":\"https:\\\/\\\/iha-race.com\\\/de\\\/producto\\\/tbs-mambo\\\/#breadcrumb\"},\"inLanguage\":\"de\",\"potentialAction\":[{\"@type\":\"ReadAction\",\"target\":[\"https:\\\/\\\/iha-race.com\\\/de\\\/producto\\\/tbs-mambo\\\/\"]}]},{\"@type\":\"ImageObject\",\"inLanguage\":\"de\",\"@id\":\"https:\\\/\\\/iha-race.com\\\/de\\\/producto\\\/tbs-mambo\\\/#primaryimage\",\"url\":\"https:\\\/\\\/iha-race.com\\\/wp-content\\\/uploads\\\/2021\\\/06\\\/TBS-Mambo-FPV-RC-Dron-Radio-Control.jpg\",\"contentUrl\":\"https:\\\/\\\/iha-race.com\\\/wp-content\\\/uploads\\\/2021\\\/06\\\/TBS-Mambo-FPV-RC-Dron-Radio-Control.jpg\",\"width\":800,\"height\":800},{\"@type\":\"BreadcrumbList\",\"@id\":\"https:\\\/\\\/iha-race.com\\\/de\\\/producto\\\/tbs-mambo\\\/#breadcrumb\",\"itemListElement\":[{\"@type\":\"ListItem\",\"position\":1,\"name\":\"Portada\",\"item\":\"https:\\\/\\\/iha-race.com\\\/de\\\/elementor-499\\\/\"},{\"@type\":\"ListItem\",\"position\":2,\"name\":\"Shop\",\"item\":\"https:\\\/\\\/iha-race.com\\\/de\\\/shop\\\/\"},{\"@type\":\"ListItem\",\"position\":3,\"name\":\"TBS Mambo\"}]},{\"@type\":\"WebSite\",\"@id\":\"https:\\\/\\\/iha-race.com\\\/de\\\/#website\",\"url\":\"https:\\\/\\\/iha-race.com\\\/de\\\/\",\"name\":\"Iha Race\",\"description\":\"Comprar drones de carreras FPV env\u00edos en un d\u00eda desde Espa\u00f1a\",\"publisher\":{\"@id\":\"https:\\\/\\\/iha-race.com\\\/de\\\/#organization\"},\"potentialAction\":[{\"@type\":\"SearchAction\",\"target\":{\"@type\":\"EntryPoint\",\"urlTemplate\":\"https:\\\/\\\/iha-race.com\\\/de\\\/?s={search_term_string}\"},\"query-input\":{\"@type\":\"PropertyValueSpecification\",\"valueRequired\":true,\"valueName\":\"search_term_string\"}}],\"inLanguage\":\"de\"},{\"@type\":\"Organization\",\"@id\":\"https:\\\/\\\/iha-race.com\\\/de\\\/#organization\",\"name\":\"Iha Race\",\"url\":\"https:\\\/\\\/iha-race.com\\\/de\\\/\",\"logo\":{\"@type\":\"ImageObject\",\"inLanguage\":\"de\",\"@id\":\"https:\\\/\\\/iha-race.com\\\/de\\\/#\\\/schema\\\/logo\\\/image\\\/\",\"url\":\"https:\\\/\\\/iha-race.com\\\/wp-content\\\/uploads\\\/2018\\\/07\\\/iha-race-drones-de-carreras-tienda-comprar-drones.png\",\"contentUrl\":\"https:\\\/\\\/iha-race.com\\\/wp-content\\\/uploads\\\/2018\\\/07\\\/iha-race-drones-de-carreras-tienda-comprar-drones.png\",\"width\":300,\"height\":100,\"caption\":\"Iha Race\"},\"image\":{\"@id\":\"https:\\\/\\\/iha-race.com\\\/de\\\/#\\\/schema\\\/logo\\\/image\\\/\"}}]}<\/script>\n<!-- \/ Yoast SEO plugin. -->","yoast_head_json":{"title":"TBS Mambo - Iha Race","robots":{"index":"index","follow":"follow","max-snippet":"max-snippet:-1","max-image-preview":"max-image-preview:large","max-video-preview":"max-video-preview:-1"},"canonical":"https:\/\/iha-race.com\/de\/producto\/tbs-mambo\/","og_locale":"de_DE","og_type":"article","og_title":"TBS Mambo - Iha Race","og_description":"Das TBS Mambo tritt in die Fu\u00dfstapfen des Tango 2, setzt aber neue Akzente: gr\u00f6\u00dferes Display, traditioneller Formfaktor mit Schaltern und Potentiometern, JR-Modul, austauschbare Batterien und Einstellkn\u00f6pfe.","og_url":"https:\/\/iha-race.com\/de\/producto\/tbs-mambo\/","og_site_name":"Iha Race","article_modified_time":"2024-08-29T10:22:21+00:00","og_image":[{"width":800,"height":800,"url":"https:\/\/iha-race.com\/wp-content\/uploads\/2021\/06\/TBS-Mambo-FPV-RC-Dron-Radio-Control.jpg","type":"image\/jpeg"}],"twitter_card":"summary_large_image","twitter_misc":{"Gesch\u00e4tzte Lesezeit":"2\u00a0Minuten"},"schema":{"@context":"https:\/\/schema.org","@graph":[{"@type":"WebPage","@id":"https:\/\/iha-race.com\/de\/producto\/tbs-mambo\/","url":"https:\/\/iha-race.com\/de\/producto\/tbs-mambo\/","name":"TBS Mambo - Iha Race","isPartOf":{"@id":"https:\/\/iha-race.com\/de\/#website"},"primaryImageOfPage":{"@id":"https:\/\/iha-race.com\/de\/producto\/tbs-mambo\/#primaryimage"},"image":{"@id":"https:\/\/iha-race.com\/de\/producto\/tbs-mambo\/#primaryimage"},"thumbnailUrl":"https:\/\/iha-race.com\/wp-content\/uploads\/2021\/06\/TBS-Mambo-FPV-RC-Dron-Radio-Control.jpg","datePublished":"2021-08-03T06:24:48+00:00","dateModified":"2024-08-29T10:22:21+00:00","breadcrumb":{"@id":"https:\/\/iha-race.com\/de\/producto\/tbs-mambo\/#breadcrumb"},"inLanguage":"de","potentialAction":[{"@type":"ReadAction","target":["https:\/\/iha-race.com\/de\/producto\/tbs-mambo\/"]}]},{"@type":"ImageObject","inLanguage":"de","@id":"https:\/\/iha-race.com\/de\/producto\/tbs-mambo\/#primaryimage","url":"https:\/\/iha-race.com\/wp-content\/uploads\/2021\/06\/TBS-Mambo-FPV-RC-Dron-Radio-Control.jpg","contentUrl":"https:\/\/iha-race.com\/wp-content\/uploads\/2021\/06\/TBS-Mambo-FPV-RC-Dron-Radio-Control.jpg","width":800,"height":800},{"@type":"BreadcrumbList","@id":"https:\/\/iha-race.com\/de\/producto\/tbs-mambo\/#breadcrumb","itemListElement":[{"@type":"ListItem","position":1,"name":"Portada","item":"https:\/\/iha-race.com\/de\/elementor-499\/"},{"@type":"ListItem","position":2,"name":"Shop","item":"https:\/\/iha-race.com\/de\/shop\/"},{"@type":"ListItem","position":3,"name":"TBS Mambo"}]},{"@type":"WebSite","@id":"https:\/\/iha-race.com\/de\/#website","url":"https:\/\/iha-race.com\/de\/","name":"Iha Race","description":"Comprar drones de carreras FPV env\u00edos en un d\u00eda desde Espa\u00f1a","publisher":{"@id":"https:\/\/iha-race.com\/de\/#organization"},"potentialAction":[{"@type":"SearchAction","target":{"@type":"EntryPoint","urlTemplate":"https:\/\/iha-race.com\/de\/?s={search_term_string}"},"query-input":{"@type":"PropertyValueSpecification","valueRequired":true,"valueName":"search_term_string"}}],"inLanguage":"de"},{"@type":"Organization","@id":"https:\/\/iha-race.com\/de\/#organization","name":"Iha Race","url":"https:\/\/iha-race.com\/de\/","logo":{"@type":"ImageObject","inLanguage":"de","@id":"https:\/\/iha-race.com\/de\/#\/schema\/logo\/image\/","url":"https:\/\/iha-race.com\/wp-content\/uploads\/2018\/07\/iha-race-drones-de-carreras-tienda-comprar-drones.png","contentUrl":"https:\/\/iha-race.com\/wp-content\/uploads\/2018\/07\/iha-race-drones-de-carreras-tienda-comprar-drones.png","width":300,"height":100,"caption":"Iha Race"},"image":{"@id":"https:\/\/iha-race.com\/de\/#\/schema\/logo\/image\/"}}]}},"jetpack_sharing_enabled":true,"brands":[],"_links":{"self":[{"href":"https:\/\/iha-race.com\/de\/wp-json\/wp\/v2\/product\/209171","targetHints":{"allow":["GET"]}}],"collection":[{"href":"https:\/\/iha-race.com\/de\/wp-json\/wp\/v2\/product"}],"about":[{"href":"https:\/\/iha-race.com\/de\/wp-json\/wp\/v2\/types\/product"}],"replies":[{"embeddable":true,"href":"https:\/\/iha-race.com\/de\/wp-json\/wp\/v2\/comments?post=209171"}],"version-history":[{"count":2,"href":"https:\/\/iha-race.com\/de\/wp-json\/wp\/v2\/product\/209171\/revisions"}],"predecessor-version":[{"id":249441,"href":"https:\/\/iha-race.com\/de\/wp-json\/wp\/v2\/product\/209171\/revisions\/249441"}],"wp:featuredmedia":[{"embeddable":true,"href":"https:\/\/iha-race.com\/de\/wp-json\/wp\/v2\/media\/126479"}],"wp:attachment":[{"href":"https:\/\/iha-race.com\/de\/wp-json\/wp\/v2\/media?parent=209171"}],"wp:term":[{"taxonomy":"pwb-brand","embeddable":true,"href":"https:\/\/iha-race.com\/de\/wp-json\/wp\/v2\/pwb-brand?post=209171"},{"taxonomy":"product_cat","embeddable":true,"href":"https:\/\/iha-race.com\/de\/wp-json\/wp\/v2\/product_cat?post=209171"},{"taxonomy":"product_tag","embeddable":true,"href":"https:\/\/iha-race.com\/de\/wp-json\/wp\/v2\/product_tag?post=209171"}],"curies":[{"name":"wp","href":"https:\/\/api.w.org\/{rel}","templated":true}]}}