{"id":209145,"date":"2021-07-09T17:29:20","date_gmt":"2021-07-09T15:29:20","guid":{"rendered":"https:\/\/iha-race.com\/producto\/aio-betafpv-f722-2-6s-aio-blheli_s-brushless-35a-aio-board\/"},"modified":"2026-02-03T10:50:12","modified_gmt":"2026-02-03T09:50:12","slug":"placa-aio-betafpv-f722-2-6s-aio-blheli_s-brushless-35a","status":"publish","type":"product","link":"https:\/\/iha-race.com\/de\/producto\/placa-aio-betafpv-f722-2-6s-aio-blheli_s-brushless-35a\/","title":{"rendered":"AIO BETAFPV F722 2-6S AIO BLHeli_S Brushless 35A AIO Board"},"content":{"rendered":"<h2>AIO BETAFPV F722 2-6S AIO BLHeli_S Brushless 35A AIO Board<\/h2>\n<p>  Der F722 35A AIO Brushless-Flugregler ist sehr zuverl\u00e4ssig und erf\u00fcllt Ihre fortgeschrittenen FPV-Anforderungen. Mit einem F722-Chip ausgestattet, bietet dieses Board eine hohe Leistungsf\u00e4higkeit und eine hohe Verarbeitungsgeschwindigkeit, die dem Piloten einen stabilen und reibungslosen Flug erm\u00f6glicht. Mit einem 6-poligen Plug&amp;Play-Anschluss k\u00f6nnen Sie HD Digital VTX direkt und ohne L\u00f6tarbeiten anschlie\u00dfen. Mit einer Eingangsspannung von bis zu 6S unterst\u00fctzt dieser FC den FPV-Racer bis zum Maximum.  <img decoding=\"async\" src=\"https:\/\/cdn.shopifycdn.net\/s\/files\/1\/1778\/6615\/files\/FB2_36a22de1-495a-4b85-9ac9-15f6300de188_1024x1024.jpg?v=1673575916\" alt=\"\"><\/p>\n<h2>Karikatur<\/h2>\n<ul>\n<li>Mit der eingebauten STM32F722RET6 CPU ist der F722 FC leistungsf\u00e4higer als der F4. Er zeichnet sich durch eine hohe Verarbeitungsgeschwindigkeit und stabile Leistung aus und erm\u00f6glicht einen zuverl\u00e4ssigen und reibungslosen Flug f\u00fcr 4&#8243;-5&#8243; Drohnen.<\/li>\n<li>Die F722 AIO 35A FC wurde speziell mit einem 6-poligen Anschluss f\u00fcr HD Digital VTX ausgestattet. Einfach einstecken und loslegen, weniger L\u00f6tarbeiten erforderlich, perfekt f\u00fcr Piloten, die das HD Digital VTX System genie\u00dfen.<\/li>\n<li>Auf diesem Board sind 6 komplette UARTs vorhanden. Bei vielen UARTS k\u00f6nnten die Piloten mehr Optionen f\u00fcr externe Teile wie VTX, GPS, Empf\u00e4nger und andere Komponenten haben.<\/li>\n<li>Er kann 35A Dauerstrom (40A Burst) verarbeiten, unterst\u00fctzt 2-6S Lipo-Akkus und verleiht der Drohne eine robustere Flugleistung.<\/li>\n<li>Mit dem 6S-Akku und diesem F722 35A AIO FC wird die Drohne die Leistungsgrenze der Stockdrohne \u00fcberschreiten und mehr M\u00f6glichkeiten in 4-5&#8220;-Drohnen erkunden.<\/li>\n<li>Die neue BLHeli_32 ESC-Version verf\u00fcgt \u00fcber einen eingebauten 16 MB Flash-Speicherchip, der f\u00fcr die Blackbox-Protokollierung bestimmt ist, ein extrem leistungsf\u00e4higes Werkzeug f\u00fcr die Abstimmung und Fehlersuche einer FPV-Drohne. Er hat eine h\u00f6here Verarbeitungsgeschwindigkeit und eine PWM-Frequenz von bis zu 128k, was den Piloten einen stabileren und ruhigeren Flug erm\u00f6glicht.<\/li>\n<\/ul>\n<div class=\"table-wrapper\">\n<table width=\"100%\">\n<tbody>\n<tr>\n<td style=\"width: 30%;\"><\/td>\n<td style=\"width: 35%;\">V2 mit BLHeli_32 ESC<\/td>\n<td style=\"width: 35%;\">V1 mit BLHeli_S ESC<\/td>\n<\/tr>\n<tr>\n<td style=\"width: 30%;\">PWM-Frequenz<\/td>\n<td style=\"width: 35%;\">24k-128k<\/td>\n<td style=\"width: 35%;\">24k-96k<\/td>\n<\/tr>\n<tr>\n<td style=\"width: 30%;\">ESC-Firmware<\/td>\n<td style=\"width: 35%;\">BLHeli_32.9, 32 Bit<\/td>\n<td style=\"width: 35%;\">BLUEJAY V0.16, 8 bit<\/td>\n<\/tr>\n<tr>\n<td style=\"width: 30%;\">Schwarze Box<\/td>\n<td style=\"width: 35%;\">16MB<\/td>\n<td style=\"width: 35%;\">Nicht enthalten<\/td>\n<\/tr>\n<tr>\n<td style=\"width: 30%;\">Gewicht<\/td>\n<td style=\"width: 35%;\">9,00g<\/td>\n<td style=\"width: 35%;\">7,06g<\/td>\n<\/tr>\n<tr>\n<td style=\"width: 30%;\">Dicke der Platte<\/td>\n<td style=\"width: 35%;\">1,6 mm<\/td>\n<td style=\"width: 35%;\">1,4 mm<\/td>\n<\/tr>\n<\/tbody>\n<\/table>\n<\/div>\n<h2>FC-Spezifikation<\/h2>\n<ul>\n<li>Artikel: B\u00fcrstenloser Flugregler F722 35A AIO<\/li>\n<li>Gewicht: 7,06 g ( BLHeli_S) \/ 9,00 g (BLHeli_32)<\/li>\n<li>CPU: STM32F722RET6<\/li>\n<li>Sechs-Achse: ICM42688<\/li>\n<li>Gr\u00f6\u00dfe der Montage\u00f6ffnung: 26 mm * 26 mm<\/li>\n<li>Firmware-Version: betaflight_4.3.0_STM32F7X2<\/li>\n<li>OSD: Integriertes BetaFlight OSD (OSD-Chip: AT7456E )<\/li>\n<li>Unterst\u00fctzt programmierbare LEDs wie WS2812, usw.<\/li>\n<li>Eingebauter Stromsensor<\/li>\n<li>Blackbox: 16MB (V2 mit BLHeli_32 ESC enthalten)<\/li>\n<\/ul>\n<h2>ESC-Spezifikation<\/h2>\n<ul>\n<li>Signalunterst\u00fctzung: PWM, Oneshot125, Oneshot42, Multishot, Dshot150, Dshot300, Dshot600<\/li>\n<li>Empf\u00e4nger: kompatibel mit Frsky XM\/XM+-Empf\u00e4nger\/Futaba-Empf\u00e4nger\/Flysky-Empf\u00e4nger\/DSMX-Empf\u00e4nger\/TBS Crossfire-Empf\u00e4nger (externer Anschluss erforderlich)<\/li>\n<li>Eingangsspannung: Lipo 2S-6S<\/li>\n<li>Kontinuierlicher Strom: 35A<\/li>\n<li>Maximaler Strom: 40A<\/li>\n<li>ESC Firmware: BLUEJAY G_H_30_48_v0.16 (BLHeli_S) \/ BETAFPV_35A_V2_BLHeli_32_Multi_32_9 (BLHeli_32)<\/li>\n<li>Anzeigen: Betriebsanzeige (rot) \/ FC-Anzeige (blau)<\/li>\n<li>Capacitancia: CS|5*10*13mm|470\u03bcF|35V<\/li>\n<li>Anschluss: 80 mm 14 AWG Silikonkabel mit XT60<\/li>\n<li>Empfohlene Motoren: Serie 14XX, Serie 15XX, Serie 16XX, Serie 18XX, Serie 2 0XX<\/li>\n<\/ul>\n<div style=\"text-align: start;\"><img decoding=\"async\" style=\"float: none;\" src=\"https:\/\/cdn.shopifycdn.net\/s\/files\/1\/1778\/6615\/files\/1_81608652-b3e1-49e2-b3fe-e98daad36b34_480x480.jpg?v=1614762690\" alt=\"\"><\/div>\n<h2>BLHeli_32 ESC Firmware<\/h2>\n<p>  Der F722 35A AIO FC hat zwei Boards mit verschiedenen ESC-Versionen zur Auswahl. Das V2-Board verwendet die MCU AT32F421G8U7, einen 32-Bit-ESC-Chip, mit der ESC-Firmware BLHeli_32. Diese Firmware unterst\u00fctzt eine PWM-Frequenz von bis zu 128k, was eine h\u00f6here Verarbeitungsgeschwindigkeit erm\u00f6glicht und mehr Funktionen f\u00fcr den Flug freischaltet.  <\/p>\n<div class=\"table-wrapper\">\n<table width=\"100%\">\n<tbody>\n<tr>\n<td style=\"width: 30%;\"><\/td>\n<td style=\"width: 35%;\">BLHeli_32 ESC<\/td>\n<td style=\"width: 35%;\">BLHeli_S ESC<\/td>\n<\/tr>\n<tr>\n<td style=\"width: 30%;\">MCU<\/td>\n<td style=\"width: 35%;\">AT32F421G8U7<\/td>\n<td style=\"width: 35%;\">EFM8BB21F16G-C<\/td>\n<\/tr>\n<tr>\n<td style=\"width: 30%;\">Firmware-Version<\/td>\n<td style=\"width: 35%;\">BLHeli_32.9, 32 bit<\/td>\n<td style=\"width: 35%;\">BLUEJAY V0.16, 8 bit<\/td>\n<\/tr>\n<tr>\n<td style=\"width: 30%;\">PWM-Frequenz<\/td>\n<td style=\"width: 35%;\">24k-128k<\/td>\n<td style=\"width: 35%;\">24k-96k<\/td>\n<\/tr>\n<tr>\n<td style=\"width: 30%;\">DSHOT in zwei Richtungen<\/td>\n<td style=\"width: 35%;\">Unterst\u00fctzung<\/td>\n<td style=\"width: 35%;\">Unterst\u00fctzung<\/td>\n<\/tr>\n<tr>\n<td style=\"width: 30%;\">Signal-Unterst\u00fctzung<\/td>\n<td style=\"width: 70%;\" colspan=\"2\">PWM, Oneshot125, Oneshot42, Multishot, Dshot150, Dshot300, Dshot600<\/td>\n<\/tr>\n<\/tbody>\n<\/table>\n<\/div>\n<div><\/div>\n<h2>Erfahren Sie mehr \u00fcber das ICM42688-Gyroskop<\/h2>\n<p>  Die F722 FC ICM42688 Version hat das gleiche L\u00f6tpad und Design wie BMI270, mit Ausnahme des Gyro-Chips. Au\u00dferdem finden Sie den Unterschied auch in der Betaflight-Konfiguration.  <img decoding=\"async\" src=\"https:\/\/cdn.shopifycdn.net\/s\/files\/1\/1778\/6615\/files\/829229129ae5d90f597f2b94bc9b2d83_1c10f31b-2acf-43fe-96c8-741390b87423_600x600.jpg?v=1683339722\" alt=\"\">  Der ICM42688 Gyro unterst\u00fctzt eine Gyro-Aktualisierungsrate von 8,00 kHz im Vergleich zum BMI270 Gyro, der 3,20 kHz unterst\u00fctzt. Bei Verwendung eines 6S-Akkus erbringt der ICM42688-Gyro eine gute Leistung.  <img decoding=\"async\" src=\"https:\/\/cdn.shopifycdn.net\/s\/files\/1\/1778\/6615\/files\/8ba7bd3d-2aef-4f8c-aa2e-5a86f1c35b9a_600x600.png?v=1666073850\" alt=\"\">  Der Grad zwischen dem ICM42688 und dem BMI270 Gyroskop ist unterschiedlich. Wenn Sie die F722 FC Version ICM42688 konfigurieren, muss der Kreiselgrad auf CW270\u00b0 eingestellt werden.  <img decoding=\"async\" src=\"https:\/\/cdn.shopifycdn.net\/s\/files\/1\/1778\/6615\/files\/0f5f8fef-37d2-4bb0-8c6c-760efeb0700b_600x600.png?v=1666074444\" alt=\"\"><\/p>\n<h2>Diagramm f\u00fcr F722 35A AIO FC<\/h2>\n<p>  Das folgende Bild zeigt die obere Front des F722 35A AIO Brushless FC. (Die V1- und V2-Platinen haben die gleichen Anschl\u00fcsse und L\u00f6tpunkte).  <img decoding=\"async\" src=\"https:\/\/cdn.shopify.com\/s\/files\/1\/1778\/6615\/files\/873209b4315a474d5f0cd872c40e16ba_8b864364-de01-4ad2-9e68-6129977d3909_480x480.jpg?v=1687851396\" alt=\"\">  Das folgende Bild zeigt die untere Front des F722 35A AIO Brushless FC. (Die V1- und V2-Platinen haben die gleichen Anschl\u00fcsse und L\u00f6tpunkte).  <img decoding=\"async\" src=\"https:\/\/cdn.shopifycdn.net\/s\/files\/1\/1778\/6615\/files\/9c194e3c986b0c5b8388668b5ab6bfc5_c73616fa-3e39-4c0b-8117-4613fae0e076_480x480.jpg?v=1673263305\" alt=\"\">  Auf der Unterseite der Karte befinden sich 2 LEDs, die den Status anzeigen, darunter die FC-LED (blau) und die FC-Power-LED (rot). Der LED-Status f\u00fcr die V1- und V2-Platinen ist derselbe.  <\/p>\n<div class=\"table-wrapper\">\n<table>\n<tbody>\n<tr>\n<td><strong>I ANTRIEB<\/strong><\/td>\n<td><strong> Status<\/strong><\/td>\n<td><strong> Beschreibung<\/strong><\/td>\n<\/tr>\n<tr>\n<td>FC-LED (blau)<\/td>\n<td> Leuchtet<\/td>\n<td>Eingeschaltet<\/td>\n<\/tr>\n<tr>\n<td>FC-LED (blau)<\/td>\n<td> Gel\u00f6scht<\/td>\n<td>Entsch\u00e4rft<\/td>\n<\/tr>\n<tr>\n<td>Netz-LED (rot)<\/td>\n<td> Leuchtet<\/td>\n<td>An<\/td>\n<\/tr>\n<\/tbody>\n<\/table>\n<\/div>\n<h2>So schlie\u00dfen Sie den externen RX und VTX an<\/h2>\n<p>  Um den externen RX und VTX anzuschlie\u00dfen, beachten Sie das folgende Diagramm. Die F722 35A AIO V1- und V2-Platinen haben die gleiche L\u00f6tplattform und die gleichen Anschlussports.  <\/p>\n<div><img fetchpriority=\"high\" decoding=\"async\" src=\"https:\/\/cdn.shopify.com\/s\/files\/1\/1778\/6615\/files\/F722_05442e0b-8fae-426f-9997-7dfc9c403e2f.jpg?v=1687851746\" width=\"509\" height=\"1247\"><\/div>\n<h2>H\u00e4ufig gestellte Fragen<\/h2>\n<ul>\n<li><a href=\"https:\/\/support.betafpv.com\/hc\/en-us\/articles\/14499219109273-CLI-for-Toothpick-F722-AIO-35A-Brushless-Flight-Controller-32-V2-\">Laden Sie die FC-Firmware und die CLI-Dump-Datei f\u00fcr den F722 ICM42688 Gyro (V2 BLHeli_32) herunter.<\/a><\/li>\n<li><a href=\"https:\/\/support.betafpv.com\/hc\/en-us\/articles\/11709633442329-CLI-for-Toothpick-F722-2-6S-AIO-Brushless-Flight-Controller-35A-ICM42688-\">Laden Sie die FC-Firmware und die CLI-Dump-Datei f\u00fcr den F722 ICM42688 Gyro (V1 BLHeli_S) herunter<\/a>.<\/li>\n<li><a href=\"https:\/\/support.betafpv.com\/hc\/en-us\/articles\/6673278865561-CLI-for-Toothpick-F722-2-6S-AIO-Brushless-Flight-Controller-35A-BMI270-\">Laden Sie die FC-Firmware und die CLI-Dump-Datei f\u00fcr F722 BMI270 Gyro (V1 BLHeli_S) herunter.<\/a><\/li>\n<\/ul>\n<h2>Paket<\/h2>\n<ul>\n<li>1 * b\u00fcrstenloser Flugregler F722 35A AIO (V1 oder V2)<\/li>\n<li>1 * Flexibles Kabel (XT60)<\/li>\n<li>1 * Kapazit\u00e4t<\/li>\n<li>1 * 6-poliger Anschluss f\u00fcr HD Digital VTX<\/li>\n<li>4 Schrauben M2 x 10 mm.<\/li>\n<li>8 * M2-Muttern<\/li>\n<\/ul>\n<p><img decoding=\"async\" src=\"https:\/\/cdn.shopifycdn.net\/s\/files\/1\/1778\/6615\/files\/1_32466ccb-54db-429c-9f02-93fd83a7df66_600x600.jpg?v=1614762842\" alt=\"\"><\/p>\n","protected":false},"excerpt":{"rendered":"<p>Dieser FC ist mit einem F722-Chip, einer BLHELI_S ESC-Firmware und einer Platine ausgestattet, die eine bessere Leistungsf\u00e4higkeit und eine h\u00f6here Rechengeschwindigkeit bietet, was dem Piloten einen stabileren und reibungsloseren Flug erm\u00f6glicht.<\/p>\n","protected":false},"featured_media":126557,"comment_status":"open","ping_status":"closed","template":"","meta":{"_joinchat":[]},"pwb-brand":[],"product_cat":[3017],"product_tag":[],"class_list":{"0":"post-209145","1":"product","2":"type-product","3":"status-publish","4":"has-post-thumbnail","6":"product_cat-aio-karten","8":"first","9":"instock","10":"taxable","11":"shipping-taxable","12":"purchasable","13":"product-type-simple"},"barcode":null,"atum_controlled":true,"out_stock_date":null,"out_stock_threshold":null,"inheritable":false,"stock_on_hold":0,"sold_today":0,"sales_last_days":0,"out_stock_days":0,"lost_sales":0,"update_date":"2026-04-27T19:56:07","atum_locations":[],"atum_stock_status":"instock","restock_status":false,"low_stock_amount":"","sales_update_date":"2026-04-27T19:56:07","calc_backorders":null,"yoast_head":"<!-- This site is optimized with the Yoast SEO plugin v27.3 - https:\/\/yoast.com\/product\/yoast-seo-wordpress\/ -->\n<title>AIO BETAFPV F722 2-6S AIO BLHeli_S Brushless 35A AIO Board - Iha Race<\/title>\n<meta name=\"robots\" content=\"index, follow, max-snippet:-1, max-image-preview:large, max-video-preview:-1\" \/>\n<link rel=\"canonical\" href=\"https:\/\/iha-race.com\/de\/producto\/placa-aio-betafpv-f722-2-6s-aio-blheli_s-brushless-35a\/\" \/>\n<meta property=\"og:locale\" content=\"de_DE\" \/>\n<meta property=\"og:type\" content=\"article\" \/>\n<meta property=\"og:title\" content=\"AIO BETAFPV F722 2-6S AIO BLHeli_S Brushless 35A AIO Board - Iha Race\" \/>\n<meta property=\"og:description\" content=\"Dieser FC ist mit einem F722-Chip, einer BLHELI_S ESC-Firmware und einer Platine ausgestattet, die eine bessere Leistungsf\u00e4higkeit und eine h\u00f6here Rechengeschwindigkeit bietet, was dem Piloten einen stabileren und reibungsloseren Flug erm\u00f6glicht.\" \/>\n<meta property=\"og:url\" content=\"https:\/\/iha-race.com\/de\/producto\/placa-aio-betafpv-f722-2-6s-aio-blheli_s-brushless-35a\/\" \/>\n<meta property=\"og:site_name\" content=\"Iha Race\" \/>\n<meta property=\"article:modified_time\" content=\"2026-02-03T09:50:12+00:00\" \/>\n<meta property=\"og:image\" content=\"https:\/\/iha-race.com\/wp-content\/uploads\/2021\/07\/Controlador-de-vuelo-BETAFPV-F722-2-6S-AIO-BLHeli_S-Brushless-35A.jpg\" \/>\n\t<meta property=\"og:image:width\" content=\"800\" \/>\n\t<meta property=\"og:image:height\" content=\"800\" \/>\n\t<meta property=\"og:image:type\" content=\"image\/jpeg\" \/>\n<meta name=\"twitter:card\" content=\"summary_large_image\" \/>\n<meta name=\"twitter:label1\" content=\"Gesch\u00e4tzte Lesezeit\" \/>\n\t<meta name=\"twitter:data1\" content=\"4\u00a0Minuten\" \/>\n<script type=\"application\/ld+json\" class=\"yoast-schema-graph\">{\"@context\":\"https:\\\/\\\/schema.org\",\"@graph\":[{\"@type\":\"WebPage\",\"@id\":\"https:\\\/\\\/iha-race.com\\\/de\\\/producto\\\/placa-aio-betafpv-f722-2-6s-aio-blheli_s-brushless-35a\\\/\",\"url\":\"https:\\\/\\\/iha-race.com\\\/de\\\/producto\\\/placa-aio-betafpv-f722-2-6s-aio-blheli_s-brushless-35a\\\/\",\"name\":\"AIO BETAFPV F722 2-6S AIO BLHeli_S Brushless 35A AIO Board - Iha Race\",\"isPartOf\":{\"@id\":\"https:\\\/\\\/iha-race.com\\\/de\\\/#website\"},\"primaryImageOfPage\":{\"@id\":\"https:\\\/\\\/iha-race.com\\\/de\\\/producto\\\/placa-aio-betafpv-f722-2-6s-aio-blheli_s-brushless-35a\\\/#primaryimage\"},\"image\":{\"@id\":\"https:\\\/\\\/iha-race.com\\\/de\\\/producto\\\/placa-aio-betafpv-f722-2-6s-aio-blheli_s-brushless-35a\\\/#primaryimage\"},\"thumbnailUrl\":\"https:\\\/\\\/iha-race.com\\\/wp-content\\\/uploads\\\/2021\\\/07\\\/Controlador-de-vuelo-BETAFPV-F722-2-6S-AIO-BLHeli_S-Brushless-35A.jpg\",\"datePublished\":\"2021-07-09T15:29:20+00:00\",\"dateModified\":\"2026-02-03T09:50:12+00:00\",\"breadcrumb\":{\"@id\":\"https:\\\/\\\/iha-race.com\\\/de\\\/producto\\\/placa-aio-betafpv-f722-2-6s-aio-blheli_s-brushless-35a\\\/#breadcrumb\"},\"inLanguage\":\"de\",\"potentialAction\":[{\"@type\":\"ReadAction\",\"target\":[\"https:\\\/\\\/iha-race.com\\\/de\\\/producto\\\/placa-aio-betafpv-f722-2-6s-aio-blheli_s-brushless-35a\\\/\"]}]},{\"@type\":\"ImageObject\",\"inLanguage\":\"de\",\"@id\":\"https:\\\/\\\/iha-race.com\\\/de\\\/producto\\\/placa-aio-betafpv-f722-2-6s-aio-blheli_s-brushless-35a\\\/#primaryimage\",\"url\":\"https:\\\/\\\/iha-race.com\\\/wp-content\\\/uploads\\\/2021\\\/07\\\/Controlador-de-vuelo-BETAFPV-F722-2-6S-AIO-BLHeli_S-Brushless-35A.jpg\",\"contentUrl\":\"https:\\\/\\\/iha-race.com\\\/wp-content\\\/uploads\\\/2021\\\/07\\\/Controlador-de-vuelo-BETAFPV-F722-2-6S-AIO-BLHeli_S-Brushless-35A.jpg\",\"width\":800,\"height\":800},{\"@type\":\"BreadcrumbList\",\"@id\":\"https:\\\/\\\/iha-race.com\\\/de\\\/producto\\\/placa-aio-betafpv-f722-2-6s-aio-blheli_s-brushless-35a\\\/#breadcrumb\",\"itemListElement\":[{\"@type\":\"ListItem\",\"position\":1,\"name\":\"Portada\",\"item\":\"https:\\\/\\\/iha-race.com\\\/de\\\/elementor-499\\\/\"},{\"@type\":\"ListItem\",\"position\":2,\"name\":\"Shop\",\"item\":\"https:\\\/\\\/iha-race.com\\\/de\\\/shop\\\/\"},{\"@type\":\"ListItem\",\"position\":3,\"name\":\"AIO BETAFPV F722 2-6S AIO BLHeli_S Brushless 35A AIO Board\"}]},{\"@type\":\"WebSite\",\"@id\":\"https:\\\/\\\/iha-race.com\\\/de\\\/#website\",\"url\":\"https:\\\/\\\/iha-race.com\\\/de\\\/\",\"name\":\"Iha Race\",\"description\":\"Comprar drones de carreras FPV env\u00edos en un d\u00eda desde Espa\u00f1a\",\"publisher\":{\"@id\":\"https:\\\/\\\/iha-race.com\\\/de\\\/#organization\"},\"potentialAction\":[{\"@type\":\"SearchAction\",\"target\":{\"@type\":\"EntryPoint\",\"urlTemplate\":\"https:\\\/\\\/iha-race.com\\\/de\\\/?s={search_term_string}\"},\"query-input\":{\"@type\":\"PropertyValueSpecification\",\"valueRequired\":true,\"valueName\":\"search_term_string\"}}],\"inLanguage\":\"de\"},{\"@type\":\"Organization\",\"@id\":\"https:\\\/\\\/iha-race.com\\\/de\\\/#organization\",\"name\":\"Iha Race\",\"url\":\"https:\\\/\\\/iha-race.com\\\/de\\\/\",\"logo\":{\"@type\":\"ImageObject\",\"inLanguage\":\"de\",\"@id\":\"https:\\\/\\\/iha-race.com\\\/de\\\/#\\\/schema\\\/logo\\\/image\\\/\",\"url\":\"https:\\\/\\\/iha-race.com\\\/wp-content\\\/uploads\\\/2018\\\/07\\\/iha-race-drones-de-carreras-tienda-comprar-drones.png\",\"contentUrl\":\"https:\\\/\\\/iha-race.com\\\/wp-content\\\/uploads\\\/2018\\\/07\\\/iha-race-drones-de-carreras-tienda-comprar-drones.png\",\"width\":300,\"height\":100,\"caption\":\"Iha Race\"},\"image\":{\"@id\":\"https:\\\/\\\/iha-race.com\\\/de\\\/#\\\/schema\\\/logo\\\/image\\\/\"}}]}<\/script>\n<!-- \/ Yoast SEO plugin. -->","yoast_head_json":{"title":"AIO BETAFPV F722 2-6S AIO BLHeli_S Brushless 35A AIO Board - Iha Race","robots":{"index":"index","follow":"follow","max-snippet":"max-snippet:-1","max-image-preview":"max-image-preview:large","max-video-preview":"max-video-preview:-1"},"canonical":"https:\/\/iha-race.com\/de\/producto\/placa-aio-betafpv-f722-2-6s-aio-blheli_s-brushless-35a\/","og_locale":"de_DE","og_type":"article","og_title":"AIO BETAFPV F722 2-6S AIO BLHeli_S Brushless 35A AIO Board - Iha Race","og_description":"Dieser FC ist mit einem F722-Chip, einer BLHELI_S ESC-Firmware und einer Platine ausgestattet, die eine bessere Leistungsf\u00e4higkeit und eine h\u00f6here Rechengeschwindigkeit bietet, was dem Piloten einen stabileren und reibungsloseren Flug erm\u00f6glicht.","og_url":"https:\/\/iha-race.com\/de\/producto\/placa-aio-betafpv-f722-2-6s-aio-blheli_s-brushless-35a\/","og_site_name":"Iha Race","article_modified_time":"2026-02-03T09:50:12+00:00","og_image":[{"width":800,"height":800,"url":"https:\/\/iha-race.com\/wp-content\/uploads\/2021\/07\/Controlador-de-vuelo-BETAFPV-F722-2-6S-AIO-BLHeli_S-Brushless-35A.jpg","type":"image\/jpeg"}],"twitter_card":"summary_large_image","twitter_misc":{"Gesch\u00e4tzte Lesezeit":"4\u00a0Minuten"},"schema":{"@context":"https:\/\/schema.org","@graph":[{"@type":"WebPage","@id":"https:\/\/iha-race.com\/de\/producto\/placa-aio-betafpv-f722-2-6s-aio-blheli_s-brushless-35a\/","url":"https:\/\/iha-race.com\/de\/producto\/placa-aio-betafpv-f722-2-6s-aio-blheli_s-brushless-35a\/","name":"AIO BETAFPV F722 2-6S AIO BLHeli_S Brushless 35A AIO Board - Iha Race","isPartOf":{"@id":"https:\/\/iha-race.com\/de\/#website"},"primaryImageOfPage":{"@id":"https:\/\/iha-race.com\/de\/producto\/placa-aio-betafpv-f722-2-6s-aio-blheli_s-brushless-35a\/#primaryimage"},"image":{"@id":"https:\/\/iha-race.com\/de\/producto\/placa-aio-betafpv-f722-2-6s-aio-blheli_s-brushless-35a\/#primaryimage"},"thumbnailUrl":"https:\/\/iha-race.com\/wp-content\/uploads\/2021\/07\/Controlador-de-vuelo-BETAFPV-F722-2-6S-AIO-BLHeli_S-Brushless-35A.jpg","datePublished":"2021-07-09T15:29:20+00:00","dateModified":"2026-02-03T09:50:12+00:00","breadcrumb":{"@id":"https:\/\/iha-race.com\/de\/producto\/placa-aio-betafpv-f722-2-6s-aio-blheli_s-brushless-35a\/#breadcrumb"},"inLanguage":"de","potentialAction":[{"@type":"ReadAction","target":["https:\/\/iha-race.com\/de\/producto\/placa-aio-betafpv-f722-2-6s-aio-blheli_s-brushless-35a\/"]}]},{"@type":"ImageObject","inLanguage":"de","@id":"https:\/\/iha-race.com\/de\/producto\/placa-aio-betafpv-f722-2-6s-aio-blheli_s-brushless-35a\/#primaryimage","url":"https:\/\/iha-race.com\/wp-content\/uploads\/2021\/07\/Controlador-de-vuelo-BETAFPV-F722-2-6S-AIO-BLHeli_S-Brushless-35A.jpg","contentUrl":"https:\/\/iha-race.com\/wp-content\/uploads\/2021\/07\/Controlador-de-vuelo-BETAFPV-F722-2-6S-AIO-BLHeli_S-Brushless-35A.jpg","width":800,"height":800},{"@type":"BreadcrumbList","@id":"https:\/\/iha-race.com\/de\/producto\/placa-aio-betafpv-f722-2-6s-aio-blheli_s-brushless-35a\/#breadcrumb","itemListElement":[{"@type":"ListItem","position":1,"name":"Portada","item":"https:\/\/iha-race.com\/de\/elementor-499\/"},{"@type":"ListItem","position":2,"name":"Shop","item":"https:\/\/iha-race.com\/de\/shop\/"},{"@type":"ListItem","position":3,"name":"AIO BETAFPV F722 2-6S AIO BLHeli_S Brushless 35A AIO Board"}]},{"@type":"WebSite","@id":"https:\/\/iha-race.com\/de\/#website","url":"https:\/\/iha-race.com\/de\/","name":"Iha Race","description":"Comprar drones de carreras FPV env\u00edos en un d\u00eda desde Espa\u00f1a","publisher":{"@id":"https:\/\/iha-race.com\/de\/#organization"},"potentialAction":[{"@type":"SearchAction","target":{"@type":"EntryPoint","urlTemplate":"https:\/\/iha-race.com\/de\/?s={search_term_string}"},"query-input":{"@type":"PropertyValueSpecification","valueRequired":true,"valueName":"search_term_string"}}],"inLanguage":"de"},{"@type":"Organization","@id":"https:\/\/iha-race.com\/de\/#organization","name":"Iha Race","url":"https:\/\/iha-race.com\/de\/","logo":{"@type":"ImageObject","inLanguage":"de","@id":"https:\/\/iha-race.com\/de\/#\/schema\/logo\/image\/","url":"https:\/\/iha-race.com\/wp-content\/uploads\/2018\/07\/iha-race-drones-de-carreras-tienda-comprar-drones.png","contentUrl":"https:\/\/iha-race.com\/wp-content\/uploads\/2018\/07\/iha-race-drones-de-carreras-tienda-comprar-drones.png","width":300,"height":100,"caption":"Iha Race"},"image":{"@id":"https:\/\/iha-race.com\/de\/#\/schema\/logo\/image\/"}}]}},"jetpack_sharing_enabled":true,"brands":[],"_links":{"self":[{"href":"https:\/\/iha-race.com\/de\/wp-json\/wp\/v2\/product\/209145","targetHints":{"allow":["GET"]}}],"collection":[{"href":"https:\/\/iha-race.com\/de\/wp-json\/wp\/v2\/product"}],"about":[{"href":"https:\/\/iha-race.com\/de\/wp-json\/wp\/v2\/types\/product"}],"replies":[{"embeddable":true,"href":"https:\/\/iha-race.com\/de\/wp-json\/wp\/v2\/comments?post=209145"}],"version-history":[{"count":3,"href":"https:\/\/iha-race.com\/de\/wp-json\/wp\/v2\/product\/209145\/revisions"}],"predecessor-version":[{"id":249464,"href":"https:\/\/iha-race.com\/de\/wp-json\/wp\/v2\/product\/209145\/revisions\/249464"}],"wp:featuredmedia":[{"embeddable":true,"href":"https:\/\/iha-race.com\/de\/wp-json\/wp\/v2\/media\/126557"}],"wp:attachment":[{"href":"https:\/\/iha-race.com\/de\/wp-json\/wp\/v2\/media?parent=209145"}],"wp:term":[{"taxonomy":"pwb-brand","embeddable":true,"href":"https:\/\/iha-race.com\/de\/wp-json\/wp\/v2\/pwb-brand?post=209145"},{"taxonomy":"product_cat","embeddable":true,"href":"https:\/\/iha-race.com\/de\/wp-json\/wp\/v2\/product_cat?post=209145"},{"taxonomy":"product_tag","embeddable":true,"href":"https:\/\/iha-race.com\/de\/wp-json\/wp\/v2\/product_tag?post=209145"}],"curies":[{"name":"wp","href":"https:\/\/api.w.org\/{rel}","templated":true}]}}