{"id":208983,"date":"2021-05-19T13:39:35","date_gmt":"2021-05-19T11:39:35","guid":{"rendered":"https:\/\/iha-race.com\/producto\/tbs-tracer-micro-tx-modul\/"},"modified":"2024-08-29T12:26:21","modified_gmt":"2024-08-29T10:26:21","slug":"modulo-tbs-tracer-micro-tx","status":"publish","type":"product","link":"https:\/\/iha-race.com\/de\/producto\/modulo-tbs-tracer-micro-tx\/","title":{"rendered":"TBS Tracer Micro TX-Modul"},"content":{"rendered":"<h2>TBS Tracer Micro TX-Modul<\/h2>\n<p>  Bei einem Rennen z\u00e4hlen die Mikrosekunden. Brille runter, Daumen hoch: Sind Sie bereit f\u00fcr eine echte 250Hz-Funkverbindung? End-to-End-Latenz: kaum sp\u00fcrbar. Es kommt nichts anderes! Dank der 2,4-GHz-Technologie k\u00f6nnen wir das Beste aus Crossfire herausholen, es verkleinern und beschleunigen. Das Endergebnis: kleinere Antennen, mehr Geschwindigkeit, tagelange Reichweite. https:\/\/youtu.be\/nrN3qISfwME<\/p>\n<h3 class=\"h1\">Eigenschaften des TBS Tracer Micro TX:<\/h3>\n<ul>\n<li>250 Hz: die schnellste verf\u00fcgbare Funkverbindung und Telemetrie.<\/li>\n<li>2,4-GHz-Technologie der n\u00e4chsten Generation trifft auf robustes Crossfire-Funkmodul<\/li>\n<li>3 ms End-to-End-Latenzzeit<\/li>\n<li>JR&#8220;- und &#8222;LITE&#8220;-Sender mit Formfaktor<\/li>\n<li>Nano-Empf\u00e4nger mit Antennendiversit\u00e4t<\/li>\n<li>15mi + \/ 25km + Reichweite<\/li>\n<li>F\u00fcr Drohnen, Flugzeuge, Hubschrauber, Autos und Boote.<\/li>\n<\/ul>\n<p><iframe title=\"New TBS Tracer: a 2.4Ghz Crossfire system? I chat with Trappy to find out..\" width=\"1200\" height=\"675\" src=\"https:\/\/www.youtube.com\/embed\/Ho_vuEFT3Yw?list=PLcmQn6jXklOCTMlITZzNhO-zM3D1PXG2o\" frameborder=\"0\" allow=\"accelerometer; autoplay; clipboard-write; encrypted-media; gyroscope; picture-in-picture; web-share\" referrerpolicy=\"strict-origin-when-cross-origin\" allowfullscreen><\/iframe><\/p>\n<h2>Produktspezifikationen:<\/h2>\n<ul>\n<li><strong>Latenzzeit und Aktualisierungsrate: 3<\/strong> ms, 250 Hz<\/li>\n<li><b>Ausgangsleistung:<\/b> 25 mW \/ 100 mW<\/li>\n<li><strong>Frequenzb\u00e4nder:<\/strong> 2,4 GHz ISM<\/li>\n<li><strong>Eingangsspannung:<\/strong> 5 &#8211; 13 V<\/li>\n<li><strong>Anschluss:<\/strong> USB-C<\/li>\n<li><strong>Leistungsaufnahme:<\/strong> 1,1W (@ 10mW) &#8211; 2W (@ 100mW)<\/li>\n<li><strong>Abmessungen: <\/strong> 65 x 48 x 22 mm (JR-Modulgr\u00f6\u00dfe)<\/li>\n<li><strong>Funkger\u00e4tekompatibilit\u00e4t:<\/strong> JR-Modulschacht (z.B. TBS Tango 1, RadioMaster TX16S, Taranis X9D). OpenTX V2.1 +<\/li>\n<\/ul>\n<p>  * Die Modi f\u00fcr die Ausgangsleistung sind aufgrund lokaler gesetzlicher Beschr\u00e4nkungen m\u00f6glicherweise nicht verf\u00fcgbar.  <\/p>\n<h2>Das Paket enth\u00e4lt:<\/h2>\n<ul>\n<li>1 x TBS Tracer Micro TX<\/li>\n<\/ul>\n","protected":false},"excerpt":{"rendered":"<p>Die Tracer-Technologie verwendet eine 250Hz-Funkverbindung, die \u00fcber die 2,4GHz-Technologie gesendet wird und eine End-to-End-Latenzzeit von 3 ms bietet, was die schnellste verf\u00fcgbare Funkverbindung darstellt. Mit dem TBS Tracer haben Sie eine tagelange Reichweite, eine schnellere Verbindung und bessere Ergebnisse.<\/p>\n","protected":false},"featured_media":126241,"comment_status":"open","ping_status":"closed","template":"","meta":{"_joinchat":[]},"pwb-brand":[],"product_cat":[2670,2665,2681],"product_tag":[],"class_list":{"0":"post-208983","1":"product","2":"type-product","3":"status-publish","4":"has-post-thumbnail","6":"product_cat-grose-reichweite","7":"product_cat-rundfunkveranstalter","8":"product_cat-tx-module","10":"first","11":"instock","12":"taxable","13":"shipping-taxable","14":"purchasable","15":"product-type-simple"},"barcode":null,"atum_controlled":true,"out_stock_date":null,"out_stock_threshold":null,"inheritable":false,"stock_on_hold":0,"sold_today":0,"sales_last_days":0,"out_stock_days":0,"lost_sales":0,"update_date":"2026-04-25T20:29:12","atum_locations":[],"atum_stock_status":"instock","restock_status":false,"low_stock_amount":0,"sales_update_date":"2026-04-25T20:29:12","calc_backorders":null,"yoast_head":"<!-- This site is optimized with the Yoast SEO plugin v27.3 - https:\/\/yoast.com\/product\/yoast-seo-wordpress\/ -->\n<title>TBS Tracer Micro TX-Modul - Iha Race<\/title>\n<meta name=\"robots\" content=\"index, follow, max-snippet:-1, max-image-preview:large, max-video-preview:-1\" \/>\n<link rel=\"canonical\" href=\"https:\/\/iha-race.com\/de\/producto\/modulo-tbs-tracer-micro-tx\/\" \/>\n<meta property=\"og:locale\" content=\"de_DE\" \/>\n<meta property=\"og:type\" content=\"article\" \/>\n<meta property=\"og:title\" content=\"TBS Tracer Micro TX-Modul - Iha Race\" \/>\n<meta property=\"og:description\" content=\"Die Tracer-Technologie verwendet eine 250Hz-Funkverbindung, die \u00fcber die 2,4GHz-Technologie gesendet wird und eine End-to-End-Latenzzeit von 3 ms bietet, was die schnellste verf\u00fcgbare Funkverbindung darstellt. Mit dem TBS Tracer haben Sie eine tagelange Reichweite, eine schnellere Verbindung und bessere Ergebnisse.\" \/>\n<meta property=\"og:url\" content=\"https:\/\/iha-race.com\/de\/producto\/modulo-tbs-tracer-micro-tx\/\" \/>\n<meta property=\"og:site_name\" content=\"Iha Race\" \/>\n<meta property=\"article:modified_time\" content=\"2024-08-29T10:26:21+00:00\" \/>\n<meta property=\"og:image\" content=\"https:\/\/iha-race.com\/wp-content\/uploads\/2021\/05\/Modulo-TBS-Tracer-Micro-TX.jpg\" \/>\n\t<meta property=\"og:image:width\" content=\"800\" \/>\n\t<meta property=\"og:image:height\" content=\"799\" \/>\n\t<meta property=\"og:image:type\" content=\"image\/jpeg\" \/>\n<meta name=\"twitter:card\" content=\"summary_large_image\" \/>\n<meta name=\"twitter:label1\" content=\"Gesch\u00e4tzte Lesezeit\" \/>\n\t<meta name=\"twitter:data1\" content=\"1\u00a0Minute\" \/>\n<script type=\"application\/ld+json\" class=\"yoast-schema-graph\">{\"@context\":\"https:\\\/\\\/schema.org\",\"@graph\":[{\"@type\":\"WebPage\",\"@id\":\"https:\\\/\\\/iha-race.com\\\/de\\\/producto\\\/modulo-tbs-tracer-micro-tx\\\/\",\"url\":\"https:\\\/\\\/iha-race.com\\\/de\\\/producto\\\/modulo-tbs-tracer-micro-tx\\\/\",\"name\":\"TBS Tracer Micro TX-Modul - Iha Race\",\"isPartOf\":{\"@id\":\"https:\\\/\\\/iha-race.com\\\/de\\\/#website\"},\"primaryImageOfPage\":{\"@id\":\"https:\\\/\\\/iha-race.com\\\/de\\\/producto\\\/modulo-tbs-tracer-micro-tx\\\/#primaryimage\"},\"image\":{\"@id\":\"https:\\\/\\\/iha-race.com\\\/de\\\/producto\\\/modulo-tbs-tracer-micro-tx\\\/#primaryimage\"},\"thumbnailUrl\":\"https:\\\/\\\/iha-race.com\\\/wp-content\\\/uploads\\\/2021\\\/05\\\/Modulo-TBS-Tracer-Micro-TX.jpg\",\"datePublished\":\"2021-05-19T11:39:35+00:00\",\"dateModified\":\"2024-08-29T10:26:21+00:00\",\"breadcrumb\":{\"@id\":\"https:\\\/\\\/iha-race.com\\\/de\\\/producto\\\/modulo-tbs-tracer-micro-tx\\\/#breadcrumb\"},\"inLanguage\":\"de\",\"potentialAction\":[{\"@type\":\"ReadAction\",\"target\":[\"https:\\\/\\\/iha-race.com\\\/de\\\/producto\\\/modulo-tbs-tracer-micro-tx\\\/\"]}]},{\"@type\":\"ImageObject\",\"inLanguage\":\"de\",\"@id\":\"https:\\\/\\\/iha-race.com\\\/de\\\/producto\\\/modulo-tbs-tracer-micro-tx\\\/#primaryimage\",\"url\":\"https:\\\/\\\/iha-race.com\\\/wp-content\\\/uploads\\\/2021\\\/05\\\/Modulo-TBS-Tracer-Micro-TX.jpg\",\"contentUrl\":\"https:\\\/\\\/iha-race.com\\\/wp-content\\\/uploads\\\/2021\\\/05\\\/Modulo-TBS-Tracer-Micro-TX.jpg\",\"width\":800,\"height\":799},{\"@type\":\"BreadcrumbList\",\"@id\":\"https:\\\/\\\/iha-race.com\\\/de\\\/producto\\\/modulo-tbs-tracer-micro-tx\\\/#breadcrumb\",\"itemListElement\":[{\"@type\":\"ListItem\",\"position\":1,\"name\":\"Portada\",\"item\":\"https:\\\/\\\/iha-race.com\\\/de\\\/elementor-499\\\/\"},{\"@type\":\"ListItem\",\"position\":2,\"name\":\"Shop\",\"item\":\"https:\\\/\\\/iha-race.com\\\/de\\\/shop\\\/\"},{\"@type\":\"ListItem\",\"position\":3,\"name\":\"TBS Tracer Micro TX-Modul\"}]},{\"@type\":\"WebSite\",\"@id\":\"https:\\\/\\\/iha-race.com\\\/de\\\/#website\",\"url\":\"https:\\\/\\\/iha-race.com\\\/de\\\/\",\"name\":\"Iha Race\",\"description\":\"Comprar drones de carreras FPV env\u00edos en un d\u00eda desde Espa\u00f1a\",\"publisher\":{\"@id\":\"https:\\\/\\\/iha-race.com\\\/de\\\/#organization\"},\"potentialAction\":[{\"@type\":\"SearchAction\",\"target\":{\"@type\":\"EntryPoint\",\"urlTemplate\":\"https:\\\/\\\/iha-race.com\\\/de\\\/?s={search_term_string}\"},\"query-input\":{\"@type\":\"PropertyValueSpecification\",\"valueRequired\":true,\"valueName\":\"search_term_string\"}}],\"inLanguage\":\"de\"},{\"@type\":\"Organization\",\"@id\":\"https:\\\/\\\/iha-race.com\\\/de\\\/#organization\",\"name\":\"Iha Race\",\"url\":\"https:\\\/\\\/iha-race.com\\\/de\\\/\",\"logo\":{\"@type\":\"ImageObject\",\"inLanguage\":\"de\",\"@id\":\"https:\\\/\\\/iha-race.com\\\/de\\\/#\\\/schema\\\/logo\\\/image\\\/\",\"url\":\"https:\\\/\\\/iha-race.com\\\/wp-content\\\/uploads\\\/2018\\\/07\\\/iha-race-drones-de-carreras-tienda-comprar-drones.png\",\"contentUrl\":\"https:\\\/\\\/iha-race.com\\\/wp-content\\\/uploads\\\/2018\\\/07\\\/iha-race-drones-de-carreras-tienda-comprar-drones.png\",\"width\":300,\"height\":100,\"caption\":\"Iha Race\"},\"image\":{\"@id\":\"https:\\\/\\\/iha-race.com\\\/de\\\/#\\\/schema\\\/logo\\\/image\\\/\"}}]}<\/script>\n<!-- \/ Yoast SEO plugin. -->","yoast_head_json":{"title":"TBS Tracer Micro TX-Modul - Iha Race","robots":{"index":"index","follow":"follow","max-snippet":"max-snippet:-1","max-image-preview":"max-image-preview:large","max-video-preview":"max-video-preview:-1"},"canonical":"https:\/\/iha-race.com\/de\/producto\/modulo-tbs-tracer-micro-tx\/","og_locale":"de_DE","og_type":"article","og_title":"TBS Tracer Micro TX-Modul - Iha Race","og_description":"Die Tracer-Technologie verwendet eine 250Hz-Funkverbindung, die \u00fcber die 2,4GHz-Technologie gesendet wird und eine End-to-End-Latenzzeit von 3 ms bietet, was die schnellste verf\u00fcgbare Funkverbindung darstellt. Mit dem TBS Tracer haben Sie eine tagelange Reichweite, eine schnellere Verbindung und bessere Ergebnisse.","og_url":"https:\/\/iha-race.com\/de\/producto\/modulo-tbs-tracer-micro-tx\/","og_site_name":"Iha Race","article_modified_time":"2024-08-29T10:26:21+00:00","og_image":[{"width":800,"height":799,"url":"https:\/\/iha-race.com\/wp-content\/uploads\/2021\/05\/Modulo-TBS-Tracer-Micro-TX.jpg","type":"image\/jpeg"}],"twitter_card":"summary_large_image","twitter_misc":{"Gesch\u00e4tzte Lesezeit":"1\u00a0Minute"},"schema":{"@context":"https:\/\/schema.org","@graph":[{"@type":"WebPage","@id":"https:\/\/iha-race.com\/de\/producto\/modulo-tbs-tracer-micro-tx\/","url":"https:\/\/iha-race.com\/de\/producto\/modulo-tbs-tracer-micro-tx\/","name":"TBS Tracer Micro TX-Modul - Iha Race","isPartOf":{"@id":"https:\/\/iha-race.com\/de\/#website"},"primaryImageOfPage":{"@id":"https:\/\/iha-race.com\/de\/producto\/modulo-tbs-tracer-micro-tx\/#primaryimage"},"image":{"@id":"https:\/\/iha-race.com\/de\/producto\/modulo-tbs-tracer-micro-tx\/#primaryimage"},"thumbnailUrl":"https:\/\/iha-race.com\/wp-content\/uploads\/2021\/05\/Modulo-TBS-Tracer-Micro-TX.jpg","datePublished":"2021-05-19T11:39:35+00:00","dateModified":"2024-08-29T10:26:21+00:00","breadcrumb":{"@id":"https:\/\/iha-race.com\/de\/producto\/modulo-tbs-tracer-micro-tx\/#breadcrumb"},"inLanguage":"de","potentialAction":[{"@type":"ReadAction","target":["https:\/\/iha-race.com\/de\/producto\/modulo-tbs-tracer-micro-tx\/"]}]},{"@type":"ImageObject","inLanguage":"de","@id":"https:\/\/iha-race.com\/de\/producto\/modulo-tbs-tracer-micro-tx\/#primaryimage","url":"https:\/\/iha-race.com\/wp-content\/uploads\/2021\/05\/Modulo-TBS-Tracer-Micro-TX.jpg","contentUrl":"https:\/\/iha-race.com\/wp-content\/uploads\/2021\/05\/Modulo-TBS-Tracer-Micro-TX.jpg","width":800,"height":799},{"@type":"BreadcrumbList","@id":"https:\/\/iha-race.com\/de\/producto\/modulo-tbs-tracer-micro-tx\/#breadcrumb","itemListElement":[{"@type":"ListItem","position":1,"name":"Portada","item":"https:\/\/iha-race.com\/de\/elementor-499\/"},{"@type":"ListItem","position":2,"name":"Shop","item":"https:\/\/iha-race.com\/de\/shop\/"},{"@type":"ListItem","position":3,"name":"TBS Tracer Micro TX-Modul"}]},{"@type":"WebSite","@id":"https:\/\/iha-race.com\/de\/#website","url":"https:\/\/iha-race.com\/de\/","name":"Iha Race","description":"Comprar drones de carreras FPV env\u00edos en un d\u00eda desde Espa\u00f1a","publisher":{"@id":"https:\/\/iha-race.com\/de\/#organization"},"potentialAction":[{"@type":"SearchAction","target":{"@type":"EntryPoint","urlTemplate":"https:\/\/iha-race.com\/de\/?s={search_term_string}"},"query-input":{"@type":"PropertyValueSpecification","valueRequired":true,"valueName":"search_term_string"}}],"inLanguage":"de"},{"@type":"Organization","@id":"https:\/\/iha-race.com\/de\/#organization","name":"Iha Race","url":"https:\/\/iha-race.com\/de\/","logo":{"@type":"ImageObject","inLanguage":"de","@id":"https:\/\/iha-race.com\/de\/#\/schema\/logo\/image\/","url":"https:\/\/iha-race.com\/wp-content\/uploads\/2018\/07\/iha-race-drones-de-carreras-tienda-comprar-drones.png","contentUrl":"https:\/\/iha-race.com\/wp-content\/uploads\/2018\/07\/iha-race-drones-de-carreras-tienda-comprar-drones.png","width":300,"height":100,"caption":"Iha Race"},"image":{"@id":"https:\/\/iha-race.com\/de\/#\/schema\/logo\/image\/"}}]}},"jetpack_sharing_enabled":true,"brands":[],"_links":{"self":[{"href":"https:\/\/iha-race.com\/de\/wp-json\/wp\/v2\/product\/208983","targetHints":{"allow":["GET"]}}],"collection":[{"href":"https:\/\/iha-race.com\/de\/wp-json\/wp\/v2\/product"}],"about":[{"href":"https:\/\/iha-race.com\/de\/wp-json\/wp\/v2\/types\/product"}],"replies":[{"embeddable":true,"href":"https:\/\/iha-race.com\/de\/wp-json\/wp\/v2\/comments?post=208983"}],"version-history":[{"count":2,"href":"https:\/\/iha-race.com\/de\/wp-json\/wp\/v2\/product\/208983\/revisions"}],"predecessor-version":[{"id":249513,"href":"https:\/\/iha-race.com\/de\/wp-json\/wp\/v2\/product\/208983\/revisions\/249513"}],"wp:featuredmedia":[{"embeddable":true,"href":"https:\/\/iha-race.com\/de\/wp-json\/wp\/v2\/media\/126241"}],"wp:attachment":[{"href":"https:\/\/iha-race.com\/de\/wp-json\/wp\/v2\/media?parent=208983"}],"wp:term":[{"taxonomy":"pwb-brand","embeddable":true,"href":"https:\/\/iha-race.com\/de\/wp-json\/wp\/v2\/pwb-brand?post=208983"},{"taxonomy":"product_cat","embeddable":true,"href":"https:\/\/iha-race.com\/de\/wp-json\/wp\/v2\/product_cat?post=208983"},{"taxonomy":"product_tag","embeddable":true,"href":"https:\/\/iha-race.com\/de\/wp-json\/wp\/v2\/product_tag?post=208983"}],"curies":[{"name":"wp","href":"https:\/\/api.w.org\/{rel}","templated":true}]}}