{"id":208930,"date":"2021-04-15T16:34:16","date_gmt":"2021-04-15T14:34:16","guid":{"rendered":"https:\/\/iha-race.com\/producto\/motor-t-motor-f1204-5000kv-6500kv\/"},"modified":"2024-10-08T01:54:03","modified_gmt":"2024-10-07T23:54:03","slug":"motor-t-motor-f1204-5000kv-6500kv","status":"publish","type":"product","link":"https:\/\/iha-race.com\/de\/producto\/motor-t-motor-f1204-5000kv-6500kv\/","title":{"rendered":"Motor T-Motor F1204 (5000Kv\/6500Kv)"},"content":{"rendered":"<h2>Motor T-Motor F1204 (5000Kv\/6500Kv)<\/h2>\n<p>  Die F1204 Motoren von T-Motor sind ultraleichte Motoren, die speziell f\u00fcr Zahnstocher und Schreie entwickelt wurden! Der F1204-Motor ist mit einem 1,5-mm-Schaft ausgestattet, um mehr Zubeh\u00f6r zu montieren, und zeichnet sich durch hohe Effizienz, bessere K\u00fchlung und schnelles Ansprechverhalten aus. Geeignet f\u00fcr 2,5-3&#8243; Konstruktionen!  <\/p>\n<h2>Spezifikationen:<\/h2>\n<ul>\n<li><strong>KV: <\/strong> 5000Kv oder 6500Kv<\/li>\n<li><strong>Abmessungen des Motors:<\/strong> \u03a615.5 x 15.6mm<\/li>\n<li><strong>Leitung: <\/strong> 24 # AWG 100 mm<\/li>\n<li><strong>Durchmesser des Schafts:<\/strong> 1,5 mm<\/li>\n<li><strong>Leerlaufstrom:<\/strong> 0,7A<\/li>\n<li><strong>Max. Leistung (60&#8217;s):<\/strong> 72W<\/li>\n<li><strong>Gewicht (ohne Kabel):<\/strong> 6,1 g<\/li>\n<li><strong>Innenwiderstand<\/strong>: 240 m\u03a9<\/li>\n<li><strong>Konfiguration: 9<\/strong> N12P<\/li>\n<li><strong>Nennspannung (Lipo):<\/strong> 2-3S<\/li>\n<li><strong>Maximaler Strom (60 s):<\/strong> 6A<\/li>\n<\/ul>\n<p><img fetchpriority=\"high\" decoding=\"async\" class=\"alignnone wp-image-62980 size-full\" src=\"https:\/\/iha-race.com\/wp-content\/uploads\/2021\/04\/f1204-ultralight.jpg\" alt=\"\" width=\"940\" height=\"694\" srcset=\"https:\/\/iha-race.com\/wp-content\/uploads\/2021\/04\/f1204-ultralight.jpg 940w, https:\/\/iha-race.com\/wp-content\/uploads\/2021\/04\/f1204-ultralight-599x442.jpg 599w, https:\/\/iha-race.com\/wp-content\/uploads\/2021\/04\/f1204-ultralight-300x221.jpg 300w, https:\/\/iha-race.com\/wp-content\/uploads\/2021\/04\/f1204-ultralight-1024x756.jpg 1024w, https:\/\/iha-race.com\/wp-content\/uploads\/2021\/04\/f1204-ultralight-768x567.jpg 768w, https:\/\/iha-race.com\/wp-content\/uploads\/2021\/04\/f1204-ultralight-1536x1134.jpg 1536w, https:\/\/iha-race.com\/wp-content\/uploads\/2021\/04\/f1204-ultralight-2048x1512.jpg 2048w, https:\/\/iha-race.com\/wp-content\/uploads\/2021\/04\/f1204-ultralight-788x581.jpg 788w\" sizes=\"(max-width: 940px) 100vw, 940px\" \/> <img decoding=\"async\" class=\"alignnone wp-image-62981 size-full\" src=\"https:\/\/iha-race.com\/wp-content\/uploads\/2021\/04\/f1204-ultralight-15-mm.jpg\" alt=\"\" width=\"940\" height=\"653\" srcset=\"https:\/\/iha-race.com\/wp-content\/uploads\/2021\/04\/f1204-ultralight-15-mm.jpg 940w, https:\/\/iha-race.com\/wp-content\/uploads\/2021\/04\/f1204-ultralight-15-mm-599x416.jpg 599w, https:\/\/iha-race.com\/wp-content\/uploads\/2021\/04\/f1204-ultralight-15-mm-300x208.jpg 300w, https:\/\/iha-race.com\/wp-content\/uploads\/2021\/04\/f1204-ultralight-15-mm-1024x711.jpg 1024w, https:\/\/iha-race.com\/wp-content\/uploads\/2021\/04\/f1204-ultralight-15-mm-767x533.jpg 767w, https:\/\/iha-race.com\/wp-content\/uploads\/2021\/04\/f1204-ultralight-15-mm-1536x1067.jpg 1536w, https:\/\/iha-race.com\/wp-content\/uploads\/2021\/04\/f1204-ultralight-15-mm-2048x1423.jpg 2048w, https:\/\/iha-race.com\/wp-content\/uploads\/2021\/04\/f1204-ultralight-15-mm-788x547.jpg 788w\" sizes=\"(max-width: 940px) 100vw, 940px\" \/> <img decoding=\"async\" class=\"alignnone wp-image-62982 size-full\" src=\"https:\/\/iha-race.com\/wp-content\/uploads\/2021\/04\/f1204-ultralight-para-construcciones-de-25-3-pulgadas.jpg\" alt=\"\" width=\"940\" height=\"698\" srcset=\"https:\/\/iha-race.com\/wp-content\/uploads\/2021\/04\/f1204-ultralight-para-construcciones-de-25-3-pulgadas.jpg 940w, https:\/\/iha-race.com\/wp-content\/uploads\/2021\/04\/f1204-ultralight-para-construcciones-de-25-3-pulgadas-599x445.jpg 599w, https:\/\/iha-race.com\/wp-content\/uploads\/2021\/04\/f1204-ultralight-para-construcciones-de-25-3-pulgadas-300x223.jpg 300w, https:\/\/iha-race.com\/wp-content\/uploads\/2021\/04\/f1204-ultralight-para-construcciones-de-25-3-pulgadas-1024x760.jpg 1024w, https:\/\/iha-race.com\/wp-content\/uploads\/2021\/04\/f1204-ultralight-para-construcciones-de-25-3-pulgadas-768x570.jpg 768w, https:\/\/iha-race.com\/wp-content\/uploads\/2021\/04\/f1204-ultralight-para-construcciones-de-25-3-pulgadas-1536x1141.jpg 1536w, https:\/\/iha-race.com\/wp-content\/uploads\/2021\/04\/f1204-ultralight-para-construcciones-de-25-3-pulgadas-2048x1521.jpg 2048w, https:\/\/iha-race.com\/wp-content\/uploads\/2021\/04\/f1204-ultralight-para-construcciones-de-25-3-pulgadas-788x585.jpg 788w\" sizes=\"(max-width: 940px) 100vw, 940px\" \/> <img loading=\"lazy\" decoding=\"async\" class=\"alignnone wp-image-62983 size-full\" src=\"https:\/\/iha-race.com\/wp-content\/uploads\/2021\/04\/f1204-500kv-alta-eficiencia.jpg\" alt=\"\" width=\"940\" height=\"779\" srcset=\"https:\/\/iha-race.com\/wp-content\/uploads\/2021\/04\/f1204-500kv-alta-eficiencia.jpg 940w, https:\/\/iha-race.com\/wp-content\/uploads\/2021\/04\/f1204-500kv-alta-eficiencia-600x497.jpg 600w, https:\/\/iha-race.com\/wp-content\/uploads\/2021\/04\/f1204-500kv-alta-eficiencia-300x249.jpg 300w, https:\/\/iha-race.com\/wp-content\/uploads\/2021\/04\/f1204-500kv-alta-eficiencia-1024x849.jpg 1024w, https:\/\/iha-race.com\/wp-content\/uploads\/2021\/04\/f1204-500kv-alta-eficiencia-767x636.jpg 767w, https:\/\/iha-race.com\/wp-content\/uploads\/2021\/04\/f1204-500kv-alta-eficiencia-1536x1273.jpg 1536w, https:\/\/iha-race.com\/wp-content\/uploads\/2021\/04\/f1204-500kv-alta-eficiencia-2048x1697.jpg 2048w, https:\/\/iha-race.com\/wp-content\/uploads\/2021\/04\/f1204-500kv-alta-eficiencia-788x653.jpg 788w\" sizes=\"(max-width: 940px) 100vw, 940px\" \/><\/p>\n<h2>Abmessungen:<\/h2>\n<p><img loading=\"lazy\" decoding=\"async\" class=\"alignnone wp-image-62984 size-full\" src=\"https:\/\/iha-race.com\/wp-content\/uploads\/2021\/04\/esquema.jpg\" alt=\"\" width=\"940\" height=\"450\" srcset=\"https:\/\/iha-race.com\/wp-content\/uploads\/2021\/04\/esquema.jpg 940w, https:\/\/iha-race.com\/wp-content\/uploads\/2021\/04\/esquema-600x287.jpg 600w, https:\/\/iha-race.com\/wp-content\/uploads\/2021\/04\/esquema-300x144.jpg 300w, https:\/\/iha-race.com\/wp-content\/uploads\/2021\/04\/esquema-1024x490.jpg 1024w, https:\/\/iha-race.com\/wp-content\/uploads\/2021\/04\/esquema-767x367.jpg 767w, https:\/\/iha-race.com\/wp-content\/uploads\/2021\/04\/esquema-1536x735.jpg 1536w, https:\/\/iha-race.com\/wp-content\/uploads\/2021\/04\/esquema-2048x980.jpg 2048w, https:\/\/iha-race.com\/wp-content\/uploads\/2021\/04\/esquema-788x377.jpg 788w\" sizes=\"(max-width: 940px) 100vw, 940px\" \/><\/p>\n<h2>Das Paket enth\u00e4lt:<\/h2>\n<ul>\n<li>1 x Motor T-Motor F1204 5000KV oder 6500Kv (nach Wahl)<\/li>\n<li>1 x Schraubensatz<\/li>\n<\/ul>\n","protected":false},"excerpt":{"rendered":"<p>Der F1204-Motor ist mit einem 1,5-mm-Schaft ausgestattet, um mehr Zubeh\u00f6r zu montieren, und zeichnet sich durch hohe Effizienz, bessere K\u00fchlung und schnelles Ansprechverhalten aus. Geeignet f\u00fcr 2,5-3&#8243; Konstruktionen!<\/p>\n","protected":false},"featured_media":125932,"comment_status":"open","ping_status":"closed","template":"","meta":{"_joinchat":[]},"pwb-brand":[],"product_cat":[2787,2617],"product_tag":[],"class_list":{"0":"post-208930","1":"product","2":"type-product","3":"status-publish","4":"has-post-thumbnail","6":"product_cat-burstenlos-wellenlos","7":"product_cat-fpv-motoren","9":"first","10":"instock","11":"taxable","12":"shipping-taxable","13":"purchasable","14":"product-type-variable"},"barcode":null,"atum_controlled":true,"out_stock_date":null,"out_stock_threshold":null,"inheritable":true,"stock_on_hold":0,"sold_today":4,"sales_last_days":8,"out_stock_days":0,"lost_sales":0,"update_date":"2026-02-18T15:11:02","atum_locations":[],"atum_stock_status":"instock","restock_status":false,"low_stock_amount":"","sales_update_date":"2025-05-22T08:43:52","calc_backorders":null,"yoast_head":"<!-- This site is optimized with the Yoast SEO plugin v27.3 - https:\/\/yoast.com\/product\/yoast-seo-wordpress\/ -->\n<title>Motor T-Motor F1204 (5000Kv\/6500Kv) - Iha Race<\/title>\n<meta name=\"robots\" content=\"index, follow, max-snippet:-1, max-image-preview:large, max-video-preview:-1\" \/>\n<link rel=\"canonical\" href=\"https:\/\/iha-race.com\/de\/producto\/motor-t-motor-f1204-5000kv-6500kv\/\" \/>\n<meta property=\"og:locale\" content=\"de_DE\" \/>\n<meta property=\"og:type\" content=\"article\" \/>\n<meta property=\"og:title\" content=\"Motor T-Motor F1204 (5000Kv\/6500Kv) - Iha Race\" \/>\n<meta property=\"og:description\" content=\"Der F1204-Motor ist mit einem 1,5-mm-Schaft ausgestattet, um mehr Zubeh\u00f6r zu montieren, und zeichnet sich durch hohe Effizienz, bessere K\u00fchlung und schnelles Ansprechverhalten aus. Geeignet f\u00fcr 2,5-3&quot; Konstruktionen!\" \/>\n<meta property=\"og:url\" content=\"https:\/\/iha-race.com\/de\/producto\/motor-t-motor-f1204-5000kv-6500kv\/\" \/>\n<meta property=\"og:site_name\" content=\"Iha Race\" \/>\n<meta property=\"article:modified_time\" content=\"2024-10-07T23:54:03+00:00\" \/>\n<meta property=\"og:image\" content=\"https:\/\/iha-race.com\/wp-content\/uploads\/2021\/04\/Motor-T-Motor-F1204-5000Kv.jpg\" \/>\n\t<meta property=\"og:image:width\" content=\"1000\" \/>\n\t<meta property=\"og:image:height\" content=\"780\" \/>\n\t<meta property=\"og:image:type\" content=\"image\/jpeg\" \/>\n<meta name=\"twitter:card\" content=\"summary_large_image\" \/>\n<meta name=\"twitter:label1\" content=\"Gesch\u00e4tzte Lesezeit\" \/>\n\t<meta name=\"twitter:data1\" content=\"1\u00a0Minute\" \/>\n<script type=\"application\/ld+json\" class=\"yoast-schema-graph\">{\"@context\":\"https:\\\/\\\/schema.org\",\"@graph\":[{\"@type\":\"WebPage\",\"@id\":\"https:\\\/\\\/iha-race.com\\\/de\\\/producto\\\/motor-t-motor-f1204-5000kv-6500kv\\\/\",\"url\":\"https:\\\/\\\/iha-race.com\\\/de\\\/producto\\\/motor-t-motor-f1204-5000kv-6500kv\\\/\",\"name\":\"Motor T-Motor F1204 (5000Kv\\\/6500Kv) - Iha Race\",\"isPartOf\":{\"@id\":\"https:\\\/\\\/iha-race.com\\\/de\\\/#website\"},\"primaryImageOfPage\":{\"@id\":\"https:\\\/\\\/iha-race.com\\\/de\\\/producto\\\/motor-t-motor-f1204-5000kv-6500kv\\\/#primaryimage\"},\"image\":{\"@id\":\"https:\\\/\\\/iha-race.com\\\/de\\\/producto\\\/motor-t-motor-f1204-5000kv-6500kv\\\/#primaryimage\"},\"thumbnailUrl\":\"https:\\\/\\\/iha-race.com\\\/wp-content\\\/uploads\\\/2021\\\/04\\\/Motor-T-Motor-F1204-5000Kv.jpg\",\"datePublished\":\"2021-04-15T14:34:16+00:00\",\"dateModified\":\"2024-10-07T23:54:03+00:00\",\"breadcrumb\":{\"@id\":\"https:\\\/\\\/iha-race.com\\\/de\\\/producto\\\/motor-t-motor-f1204-5000kv-6500kv\\\/#breadcrumb\"},\"inLanguage\":\"de\",\"potentialAction\":[{\"@type\":\"ReadAction\",\"target\":[\"https:\\\/\\\/iha-race.com\\\/de\\\/producto\\\/motor-t-motor-f1204-5000kv-6500kv\\\/\"]}]},{\"@type\":\"ImageObject\",\"inLanguage\":\"de\",\"@id\":\"https:\\\/\\\/iha-race.com\\\/de\\\/producto\\\/motor-t-motor-f1204-5000kv-6500kv\\\/#primaryimage\",\"url\":\"https:\\\/\\\/iha-race.com\\\/wp-content\\\/uploads\\\/2021\\\/04\\\/Motor-T-Motor-F1204-5000Kv.jpg\",\"contentUrl\":\"https:\\\/\\\/iha-race.com\\\/wp-content\\\/uploads\\\/2021\\\/04\\\/Motor-T-Motor-F1204-5000Kv.jpg\",\"width\":1000,\"height\":780},{\"@type\":\"BreadcrumbList\",\"@id\":\"https:\\\/\\\/iha-race.com\\\/de\\\/producto\\\/motor-t-motor-f1204-5000kv-6500kv\\\/#breadcrumb\",\"itemListElement\":[{\"@type\":\"ListItem\",\"position\":1,\"name\":\"Portada\",\"item\":\"https:\\\/\\\/iha-race.com\\\/de\\\/elementor-499\\\/\"},{\"@type\":\"ListItem\",\"position\":2,\"name\":\"Shop\",\"item\":\"https:\\\/\\\/iha-race.com\\\/de\\\/shop\\\/\"},{\"@type\":\"ListItem\",\"position\":3,\"name\":\"Motor T-Motor F1204 (5000Kv\\\/6500Kv)\"}]},{\"@type\":\"WebSite\",\"@id\":\"https:\\\/\\\/iha-race.com\\\/de\\\/#website\",\"url\":\"https:\\\/\\\/iha-race.com\\\/de\\\/\",\"name\":\"Iha Race\",\"description\":\"Comprar drones de carreras FPV env\u00edos en un d\u00eda desde Espa\u00f1a\",\"publisher\":{\"@id\":\"https:\\\/\\\/iha-race.com\\\/de\\\/#organization\"},\"potentialAction\":[{\"@type\":\"SearchAction\",\"target\":{\"@type\":\"EntryPoint\",\"urlTemplate\":\"https:\\\/\\\/iha-race.com\\\/de\\\/?s={search_term_string}\"},\"query-input\":{\"@type\":\"PropertyValueSpecification\",\"valueRequired\":true,\"valueName\":\"search_term_string\"}}],\"inLanguage\":\"de\"},{\"@type\":\"Organization\",\"@id\":\"https:\\\/\\\/iha-race.com\\\/de\\\/#organization\",\"name\":\"Iha Race\",\"url\":\"https:\\\/\\\/iha-race.com\\\/de\\\/\",\"logo\":{\"@type\":\"ImageObject\",\"inLanguage\":\"de\",\"@id\":\"https:\\\/\\\/iha-race.com\\\/de\\\/#\\\/schema\\\/logo\\\/image\\\/\",\"url\":\"https:\\\/\\\/iha-race.com\\\/wp-content\\\/uploads\\\/2018\\\/07\\\/iha-race-drones-de-carreras-tienda-comprar-drones.png\",\"contentUrl\":\"https:\\\/\\\/iha-race.com\\\/wp-content\\\/uploads\\\/2018\\\/07\\\/iha-race-drones-de-carreras-tienda-comprar-drones.png\",\"width\":300,\"height\":100,\"caption\":\"Iha Race\"},\"image\":{\"@id\":\"https:\\\/\\\/iha-race.com\\\/de\\\/#\\\/schema\\\/logo\\\/image\\\/\"}}]}<\/script>\n<!-- \/ Yoast SEO plugin. -->","yoast_head_json":{"title":"Motor T-Motor F1204 (5000Kv\/6500Kv) - Iha Race","robots":{"index":"index","follow":"follow","max-snippet":"max-snippet:-1","max-image-preview":"max-image-preview:large","max-video-preview":"max-video-preview:-1"},"canonical":"https:\/\/iha-race.com\/de\/producto\/motor-t-motor-f1204-5000kv-6500kv\/","og_locale":"de_DE","og_type":"article","og_title":"Motor T-Motor F1204 (5000Kv\/6500Kv) - Iha Race","og_description":"Der F1204-Motor ist mit einem 1,5-mm-Schaft ausgestattet, um mehr Zubeh\u00f6r zu montieren, und zeichnet sich durch hohe Effizienz, bessere K\u00fchlung und schnelles Ansprechverhalten aus. Geeignet f\u00fcr 2,5-3\" Konstruktionen!","og_url":"https:\/\/iha-race.com\/de\/producto\/motor-t-motor-f1204-5000kv-6500kv\/","og_site_name":"Iha Race","article_modified_time":"2024-10-07T23:54:03+00:00","og_image":[{"width":1000,"height":780,"url":"https:\/\/iha-race.com\/wp-content\/uploads\/2021\/04\/Motor-T-Motor-F1204-5000Kv.jpg","type":"image\/jpeg"}],"twitter_card":"summary_large_image","twitter_misc":{"Gesch\u00e4tzte Lesezeit":"1\u00a0Minute"},"schema":{"@context":"https:\/\/schema.org","@graph":[{"@type":"WebPage","@id":"https:\/\/iha-race.com\/de\/producto\/motor-t-motor-f1204-5000kv-6500kv\/","url":"https:\/\/iha-race.com\/de\/producto\/motor-t-motor-f1204-5000kv-6500kv\/","name":"Motor T-Motor F1204 (5000Kv\/6500Kv) - Iha Race","isPartOf":{"@id":"https:\/\/iha-race.com\/de\/#website"},"primaryImageOfPage":{"@id":"https:\/\/iha-race.com\/de\/producto\/motor-t-motor-f1204-5000kv-6500kv\/#primaryimage"},"image":{"@id":"https:\/\/iha-race.com\/de\/producto\/motor-t-motor-f1204-5000kv-6500kv\/#primaryimage"},"thumbnailUrl":"https:\/\/iha-race.com\/wp-content\/uploads\/2021\/04\/Motor-T-Motor-F1204-5000Kv.jpg","datePublished":"2021-04-15T14:34:16+00:00","dateModified":"2024-10-07T23:54:03+00:00","breadcrumb":{"@id":"https:\/\/iha-race.com\/de\/producto\/motor-t-motor-f1204-5000kv-6500kv\/#breadcrumb"},"inLanguage":"de","potentialAction":[{"@type":"ReadAction","target":["https:\/\/iha-race.com\/de\/producto\/motor-t-motor-f1204-5000kv-6500kv\/"]}]},{"@type":"ImageObject","inLanguage":"de","@id":"https:\/\/iha-race.com\/de\/producto\/motor-t-motor-f1204-5000kv-6500kv\/#primaryimage","url":"https:\/\/iha-race.com\/wp-content\/uploads\/2021\/04\/Motor-T-Motor-F1204-5000Kv.jpg","contentUrl":"https:\/\/iha-race.com\/wp-content\/uploads\/2021\/04\/Motor-T-Motor-F1204-5000Kv.jpg","width":1000,"height":780},{"@type":"BreadcrumbList","@id":"https:\/\/iha-race.com\/de\/producto\/motor-t-motor-f1204-5000kv-6500kv\/#breadcrumb","itemListElement":[{"@type":"ListItem","position":1,"name":"Portada","item":"https:\/\/iha-race.com\/de\/elementor-499\/"},{"@type":"ListItem","position":2,"name":"Shop","item":"https:\/\/iha-race.com\/de\/shop\/"},{"@type":"ListItem","position":3,"name":"Motor T-Motor F1204 (5000Kv\/6500Kv)"}]},{"@type":"WebSite","@id":"https:\/\/iha-race.com\/de\/#website","url":"https:\/\/iha-race.com\/de\/","name":"Iha Race","description":"Comprar drones de carreras FPV env\u00edos en un d\u00eda desde Espa\u00f1a","publisher":{"@id":"https:\/\/iha-race.com\/de\/#organization"},"potentialAction":[{"@type":"SearchAction","target":{"@type":"EntryPoint","urlTemplate":"https:\/\/iha-race.com\/de\/?s={search_term_string}"},"query-input":{"@type":"PropertyValueSpecification","valueRequired":true,"valueName":"search_term_string"}}],"inLanguage":"de"},{"@type":"Organization","@id":"https:\/\/iha-race.com\/de\/#organization","name":"Iha Race","url":"https:\/\/iha-race.com\/de\/","logo":{"@type":"ImageObject","inLanguage":"de","@id":"https:\/\/iha-race.com\/de\/#\/schema\/logo\/image\/","url":"https:\/\/iha-race.com\/wp-content\/uploads\/2018\/07\/iha-race-drones-de-carreras-tienda-comprar-drones.png","contentUrl":"https:\/\/iha-race.com\/wp-content\/uploads\/2018\/07\/iha-race-drones-de-carreras-tienda-comprar-drones.png","width":300,"height":100,"caption":"Iha Race"},"image":{"@id":"https:\/\/iha-race.com\/de\/#\/schema\/logo\/image\/"}}]}},"brands":[],"_links":{"self":[{"href":"https:\/\/iha-race.com\/de\/wp-json\/wp\/v2\/product\/208930","targetHints":{"allow":["GET"]}}],"collection":[{"href":"https:\/\/iha-race.com\/de\/wp-json\/wp\/v2\/product"}],"about":[{"href":"https:\/\/iha-race.com\/de\/wp-json\/wp\/v2\/types\/product"}],"replies":[{"embeddable":true,"href":"https:\/\/iha-race.com\/de\/wp-json\/wp\/v2\/comments?post=208930"}],"version-history":[{"count":2,"href":"https:\/\/iha-race.com\/de\/wp-json\/wp\/v2\/product\/208930\/revisions"}],"predecessor-version":[{"id":249573,"href":"https:\/\/iha-race.com\/de\/wp-json\/wp\/v2\/product\/208930\/revisions\/249573"}],"wp:featuredmedia":[{"embeddable":true,"href":"https:\/\/iha-race.com\/de\/wp-json\/wp\/v2\/media\/125932"}],"wp:attachment":[{"href":"https:\/\/iha-race.com\/de\/wp-json\/wp\/v2\/media?parent=208930"}],"wp:term":[{"taxonomy":"pwb-brand","embeddable":true,"href":"https:\/\/iha-race.com\/de\/wp-json\/wp\/v2\/pwb-brand?post=208930"},{"taxonomy":"product_cat","embeddable":true,"href":"https:\/\/iha-race.com\/de\/wp-json\/wp\/v2\/product_cat?post=208930"},{"taxonomy":"product_tag","embeddable":true,"href":"https:\/\/iha-race.com\/de\/wp-json\/wp\/v2\/product_tag?post=208930"}],"curies":[{"name":"wp","href":"https:\/\/api.w.org\/{rel}","templated":true}]}}