{"id":208902,"date":"2021-01-26T16:38:54","date_gmt":"2021-01-26T15:38:54","guid":{"rendered":"https:\/\/iha-race.com\/producto\/smo-4k-kamera-betafpv-adapterkabel\/"},"modified":"2024-08-29T12:35:42","modified_gmt":"2024-08-29T10:35:42","slug":"kabel-adapter-betafpv-kamera-adapter-betafpv-kabel-smo-4k","status":"publish","type":"product","link":"https:\/\/iha-race.com\/de\/producto\/kabel-adapter-betafpv-kamera-adapter-betafpv-kabel-smo-4k\/","title":{"rendered":"SMO 4K Kamera BetaFPV Adapterkabel"},"content":{"rendered":"<h2>SMO 4K Kamera BetaFPV Adapterkabel<\/h2>\n<div>\n<div id=\"product-tabs\">  Das SMO 4K Kameraadapterkabel ist f\u00fcr Piloten gedacht, die bereits Beta85X V2, Beta95X V2 und Beta95X V2 HD Digital VTX besitzen. Mit diesem Adapterkabel m\u00fcssen Sie die Drohne nicht mehr zerlegen und das Kabel austauschen. Stecken Sie einfach den Stecker ein, um die <a href=\"https:\/\/iha-race.com\/producto\/betafpv-camara-smo-4k\/\">SMO 4K Kamera<\/a> mit dem <a href=\"https:\/\/iha-race.com\/producto\/beta95x-v3-whoop-quadcopter-frsky-fcc\/\">Beta95X V3 Whoop<\/a> und dem <a href=\"https:\/\/iha-race.com\/producto\/beta95x-v3-whoop-quadcopter-hd-digital-vtx-frsky-fcc\/\">Beta95X V3 HD Digital VTX<\/a> <a href=\"https:\/\/iha-race.com\/producto\/beta95x-v3-whoop-quadcopter-frsky-fcc\/\">Quadcopter<\/a> zu betreiben.  <img decoding=\"async\" src=\"https:\/\/cdn.shopifycdn.net\/s\/files\/1\/1778\/6615\/files\/95X_V2_1024x1024.jpg?v=1608254781\" alt=\"\"><\/p>\n<\/div>\n<\/div>\n<h2>Spezifikationen:<\/h2>\n<ul>\n<li>Artikel: SMO 4K Kamera-Adapterkabel<\/li>\n<li>Eingangsanschluss: 3-polig GH1.25<\/li>\n<li>Ausgangsstecker: 4-polig SH1.0<\/li>\n<li>Gewicht: 0,7 g \/ St\u00fcck<\/li>\n<li>Entwickelt f\u00fcr Beta95X V2 und Beta85X V2 zur Installation der 4K SMO Kamera<\/li>\n<\/ul>\n<p><img decoding=\"async\" src=\"https:\/\/cdn.shopifycdn.net\/s\/files\/1\/1778\/6615\/files\/WPS_1_ad73012e-c33e-493e-b406-57b1522e5035_600x600.jpg?v=1608174746\" alt=\"\"><\/p>\n<h2 class=\"p1\">Das Paket enth\u00e4lt:<\/h2>\n<ul>\n<li>2 * SMO 4K Kamera-Adapterkabel<\/li>\n<\/ul>\n","protected":false},"excerpt":{"rendered":"<p>SMO 4K Kamera BetaFPV Adapterkabel Das SMO 4K Kameraadapterkabel ist f\u00fcr Piloten gedacht, die bereits Beta85X V2, Beta95X V2 und Beta95X V2 HD Digital VTX besitzen. Mit diesem Adapterkabel m\u00fcssen<\/p>\n","protected":false},"featured_media":125408,"comment_status":"open","ping_status":"closed","template":"","meta":{"_joinchat":[]},"pwb-brand":[],"product_cat":[2554,2605,2578],"product_tag":[],"class_list":{"0":"post-208902","1":"product","2":"type-product","3":"status-publish","4":"has-post-thumbnail","6":"product_cat-fpv-kameras-de","7":"product_cat-fpv-mikrodrohnen","8":"product_cat-kamera-ersatzteile","10":"first","11":"instock","12":"taxable","13":"shipping-taxable","14":"purchasable","15":"product-type-simple"},"barcode":null,"atum_controlled":true,"out_stock_date":null,"out_stock_threshold":null,"inheritable":false,"stock_on_hold":0,"sold_today":0,"sales_last_days":0,"out_stock_days":0,"lost_sales":0,"update_date":"2026-04-08T16:38:35","atum_locations":[],"atum_stock_status":"instock","restock_status":false,"low_stock_amount":"","sales_update_date":"2026-03-21T11:17:11","calc_backorders":null,"yoast_head":"<!-- This site is optimized with the Yoast SEO plugin v27.3 - https:\/\/yoast.com\/product\/yoast-seo-wordpress\/ -->\n<title>SMO 4K Kamera BetaFPV Adapterkabel - Iha Race<\/title>\n<meta name=\"robots\" content=\"index, follow, max-snippet:-1, max-image-preview:large, max-video-preview:-1\" \/>\n<link rel=\"canonical\" href=\"https:\/\/iha-race.com\/de\/producto\/kabel-adapter-betafpv-kamera-adapter-betafpv-kabel-smo-4k\/\" \/>\n<meta property=\"og:locale\" content=\"de_DE\" \/>\n<meta property=\"og:type\" content=\"article\" \/>\n<meta property=\"og:title\" content=\"SMO 4K Kamera BetaFPV Adapterkabel - Iha Race\" \/>\n<meta property=\"og:description\" content=\"SMO 4K Kamera BetaFPV Adapterkabel Das SMO 4K Kameraadapterkabel ist f\u00fcr Piloten gedacht, die bereits Beta85X V2, Beta95X V2 und Beta95X V2 HD Digital VTX besitzen. Mit diesem Adapterkabel m\u00fcssen\" \/>\n<meta property=\"og:url\" content=\"https:\/\/iha-race.com\/de\/producto\/kabel-adapter-betafpv-kamera-adapter-betafpv-kabel-smo-4k\/\" \/>\n<meta property=\"og:site_name\" content=\"Iha Race\" \/>\n<meta property=\"article:modified_time\" content=\"2024-08-29T10:35:42+00:00\" \/>\n<meta property=\"og:image\" content=\"https:\/\/iha-race.com\/wp-content\/uploads\/2021\/01\/Cable-adaptador-BetaFPV-de-la-Camara-SMO-4K.jpg\" \/>\n\t<meta property=\"og:image:width\" content=\"800\" \/>\n\t<meta property=\"og:image:height\" content=\"800\" \/>\n\t<meta property=\"og:image:type\" content=\"image\/jpeg\" \/>\n<meta name=\"twitter:card\" content=\"summary_large_image\" \/>\n<meta name=\"twitter:label1\" content=\"Gesch\u00e4tzte Lesezeit\" \/>\n\t<meta name=\"twitter:data1\" content=\"1\u00a0Minute\" \/>\n<script type=\"application\/ld+json\" class=\"yoast-schema-graph\">{\"@context\":\"https:\\\/\\\/schema.org\",\"@graph\":[{\"@type\":\"WebPage\",\"@id\":\"https:\\\/\\\/iha-race.com\\\/de\\\/producto\\\/kabel-adapter-betafpv-kamera-adapter-betafpv-kabel-smo-4k\\\/\",\"url\":\"https:\\\/\\\/iha-race.com\\\/de\\\/producto\\\/kabel-adapter-betafpv-kamera-adapter-betafpv-kabel-smo-4k\\\/\",\"name\":\"SMO 4K Kamera BetaFPV Adapterkabel - Iha Race\",\"isPartOf\":{\"@id\":\"https:\\\/\\\/iha-race.com\\\/de\\\/#website\"},\"primaryImageOfPage\":{\"@id\":\"https:\\\/\\\/iha-race.com\\\/de\\\/producto\\\/kabel-adapter-betafpv-kamera-adapter-betafpv-kabel-smo-4k\\\/#primaryimage\"},\"image\":{\"@id\":\"https:\\\/\\\/iha-race.com\\\/de\\\/producto\\\/kabel-adapter-betafpv-kamera-adapter-betafpv-kabel-smo-4k\\\/#primaryimage\"},\"thumbnailUrl\":\"https:\\\/\\\/iha-race.com\\\/wp-content\\\/uploads\\\/2021\\\/01\\\/Cable-adaptador-BetaFPV-de-la-Camara-SMO-4K.jpg\",\"datePublished\":\"2021-01-26T15:38:54+00:00\",\"dateModified\":\"2024-08-29T10:35:42+00:00\",\"breadcrumb\":{\"@id\":\"https:\\\/\\\/iha-race.com\\\/de\\\/producto\\\/kabel-adapter-betafpv-kamera-adapter-betafpv-kabel-smo-4k\\\/#breadcrumb\"},\"inLanguage\":\"de\",\"potentialAction\":[{\"@type\":\"ReadAction\",\"target\":[\"https:\\\/\\\/iha-race.com\\\/de\\\/producto\\\/kabel-adapter-betafpv-kamera-adapter-betafpv-kabel-smo-4k\\\/\"]}]},{\"@type\":\"ImageObject\",\"inLanguage\":\"de\",\"@id\":\"https:\\\/\\\/iha-race.com\\\/de\\\/producto\\\/kabel-adapter-betafpv-kamera-adapter-betafpv-kabel-smo-4k\\\/#primaryimage\",\"url\":\"https:\\\/\\\/iha-race.com\\\/wp-content\\\/uploads\\\/2021\\\/01\\\/Cable-adaptador-BetaFPV-de-la-Camara-SMO-4K.jpg\",\"contentUrl\":\"https:\\\/\\\/iha-race.com\\\/wp-content\\\/uploads\\\/2021\\\/01\\\/Cable-adaptador-BetaFPV-de-la-Camara-SMO-4K.jpg\",\"width\":800,\"height\":800},{\"@type\":\"BreadcrumbList\",\"@id\":\"https:\\\/\\\/iha-race.com\\\/de\\\/producto\\\/kabel-adapter-betafpv-kamera-adapter-betafpv-kabel-smo-4k\\\/#breadcrumb\",\"itemListElement\":[{\"@type\":\"ListItem\",\"position\":1,\"name\":\"Portada\",\"item\":\"https:\\\/\\\/iha-race.com\\\/de\\\/elementor-499\\\/\"},{\"@type\":\"ListItem\",\"position\":2,\"name\":\"Shop\",\"item\":\"https:\\\/\\\/iha-race.com\\\/de\\\/shop\\\/\"},{\"@type\":\"ListItem\",\"position\":3,\"name\":\"SMO 4K Kamera BetaFPV Adapterkabel\"}]},{\"@type\":\"WebSite\",\"@id\":\"https:\\\/\\\/iha-race.com\\\/de\\\/#website\",\"url\":\"https:\\\/\\\/iha-race.com\\\/de\\\/\",\"name\":\"Iha Race\",\"description\":\"Comprar drones de carreras FPV env\u00edos en un d\u00eda desde Espa\u00f1a\",\"publisher\":{\"@id\":\"https:\\\/\\\/iha-race.com\\\/de\\\/#organization\"},\"potentialAction\":[{\"@type\":\"SearchAction\",\"target\":{\"@type\":\"EntryPoint\",\"urlTemplate\":\"https:\\\/\\\/iha-race.com\\\/de\\\/?s={search_term_string}\"},\"query-input\":{\"@type\":\"PropertyValueSpecification\",\"valueRequired\":true,\"valueName\":\"search_term_string\"}}],\"inLanguage\":\"de\"},{\"@type\":\"Organization\",\"@id\":\"https:\\\/\\\/iha-race.com\\\/de\\\/#organization\",\"name\":\"Iha Race\",\"url\":\"https:\\\/\\\/iha-race.com\\\/de\\\/\",\"logo\":{\"@type\":\"ImageObject\",\"inLanguage\":\"de\",\"@id\":\"https:\\\/\\\/iha-race.com\\\/de\\\/#\\\/schema\\\/logo\\\/image\\\/\",\"url\":\"https:\\\/\\\/iha-race.com\\\/wp-content\\\/uploads\\\/2018\\\/07\\\/iha-race-drones-de-carreras-tienda-comprar-drones.png\",\"contentUrl\":\"https:\\\/\\\/iha-race.com\\\/wp-content\\\/uploads\\\/2018\\\/07\\\/iha-race-drones-de-carreras-tienda-comprar-drones.png\",\"width\":300,\"height\":100,\"caption\":\"Iha Race\"},\"image\":{\"@id\":\"https:\\\/\\\/iha-race.com\\\/de\\\/#\\\/schema\\\/logo\\\/image\\\/\"}}]}<\/script>\n<!-- \/ Yoast SEO plugin. -->","yoast_head_json":{"title":"SMO 4K Kamera BetaFPV Adapterkabel - Iha Race","robots":{"index":"index","follow":"follow","max-snippet":"max-snippet:-1","max-image-preview":"max-image-preview:large","max-video-preview":"max-video-preview:-1"},"canonical":"https:\/\/iha-race.com\/de\/producto\/kabel-adapter-betafpv-kamera-adapter-betafpv-kabel-smo-4k\/","og_locale":"de_DE","og_type":"article","og_title":"SMO 4K Kamera BetaFPV Adapterkabel - Iha Race","og_description":"SMO 4K Kamera BetaFPV Adapterkabel Das SMO 4K Kameraadapterkabel ist f\u00fcr Piloten gedacht, die bereits Beta85X V2, Beta95X V2 und Beta95X V2 HD Digital VTX besitzen. Mit diesem Adapterkabel m\u00fcssen","og_url":"https:\/\/iha-race.com\/de\/producto\/kabel-adapter-betafpv-kamera-adapter-betafpv-kabel-smo-4k\/","og_site_name":"Iha Race","article_modified_time":"2024-08-29T10:35:42+00:00","og_image":[{"width":800,"height":800,"url":"https:\/\/iha-race.com\/wp-content\/uploads\/2021\/01\/Cable-adaptador-BetaFPV-de-la-Camara-SMO-4K.jpg","type":"image\/jpeg"}],"twitter_card":"summary_large_image","twitter_misc":{"Gesch\u00e4tzte Lesezeit":"1\u00a0Minute"},"schema":{"@context":"https:\/\/schema.org","@graph":[{"@type":"WebPage","@id":"https:\/\/iha-race.com\/de\/producto\/kabel-adapter-betafpv-kamera-adapter-betafpv-kabel-smo-4k\/","url":"https:\/\/iha-race.com\/de\/producto\/kabel-adapter-betafpv-kamera-adapter-betafpv-kabel-smo-4k\/","name":"SMO 4K Kamera BetaFPV Adapterkabel - Iha Race","isPartOf":{"@id":"https:\/\/iha-race.com\/de\/#website"},"primaryImageOfPage":{"@id":"https:\/\/iha-race.com\/de\/producto\/kabel-adapter-betafpv-kamera-adapter-betafpv-kabel-smo-4k\/#primaryimage"},"image":{"@id":"https:\/\/iha-race.com\/de\/producto\/kabel-adapter-betafpv-kamera-adapter-betafpv-kabel-smo-4k\/#primaryimage"},"thumbnailUrl":"https:\/\/iha-race.com\/wp-content\/uploads\/2021\/01\/Cable-adaptador-BetaFPV-de-la-Camara-SMO-4K.jpg","datePublished":"2021-01-26T15:38:54+00:00","dateModified":"2024-08-29T10:35:42+00:00","breadcrumb":{"@id":"https:\/\/iha-race.com\/de\/producto\/kabel-adapter-betafpv-kamera-adapter-betafpv-kabel-smo-4k\/#breadcrumb"},"inLanguage":"de","potentialAction":[{"@type":"ReadAction","target":["https:\/\/iha-race.com\/de\/producto\/kabel-adapter-betafpv-kamera-adapter-betafpv-kabel-smo-4k\/"]}]},{"@type":"ImageObject","inLanguage":"de","@id":"https:\/\/iha-race.com\/de\/producto\/kabel-adapter-betafpv-kamera-adapter-betafpv-kabel-smo-4k\/#primaryimage","url":"https:\/\/iha-race.com\/wp-content\/uploads\/2021\/01\/Cable-adaptador-BetaFPV-de-la-Camara-SMO-4K.jpg","contentUrl":"https:\/\/iha-race.com\/wp-content\/uploads\/2021\/01\/Cable-adaptador-BetaFPV-de-la-Camara-SMO-4K.jpg","width":800,"height":800},{"@type":"BreadcrumbList","@id":"https:\/\/iha-race.com\/de\/producto\/kabel-adapter-betafpv-kamera-adapter-betafpv-kabel-smo-4k\/#breadcrumb","itemListElement":[{"@type":"ListItem","position":1,"name":"Portada","item":"https:\/\/iha-race.com\/de\/elementor-499\/"},{"@type":"ListItem","position":2,"name":"Shop","item":"https:\/\/iha-race.com\/de\/shop\/"},{"@type":"ListItem","position":3,"name":"SMO 4K Kamera BetaFPV Adapterkabel"}]},{"@type":"WebSite","@id":"https:\/\/iha-race.com\/de\/#website","url":"https:\/\/iha-race.com\/de\/","name":"Iha Race","description":"Comprar drones de carreras FPV env\u00edos en un d\u00eda desde Espa\u00f1a","publisher":{"@id":"https:\/\/iha-race.com\/de\/#organization"},"potentialAction":[{"@type":"SearchAction","target":{"@type":"EntryPoint","urlTemplate":"https:\/\/iha-race.com\/de\/?s={search_term_string}"},"query-input":{"@type":"PropertyValueSpecification","valueRequired":true,"valueName":"search_term_string"}}],"inLanguage":"de"},{"@type":"Organization","@id":"https:\/\/iha-race.com\/de\/#organization","name":"Iha Race","url":"https:\/\/iha-race.com\/de\/","logo":{"@type":"ImageObject","inLanguage":"de","@id":"https:\/\/iha-race.com\/de\/#\/schema\/logo\/image\/","url":"https:\/\/iha-race.com\/wp-content\/uploads\/2018\/07\/iha-race-drones-de-carreras-tienda-comprar-drones.png","contentUrl":"https:\/\/iha-race.com\/wp-content\/uploads\/2018\/07\/iha-race-drones-de-carreras-tienda-comprar-drones.png","width":300,"height":100,"caption":"Iha Race"},"image":{"@id":"https:\/\/iha-race.com\/de\/#\/schema\/logo\/image\/"}}]}},"brands":[],"_links":{"self":[{"href":"https:\/\/iha-race.com\/de\/wp-json\/wp\/v2\/product\/208902","targetHints":{"allow":["GET"]}}],"collection":[{"href":"https:\/\/iha-race.com\/de\/wp-json\/wp\/v2\/product"}],"about":[{"href":"https:\/\/iha-race.com\/de\/wp-json\/wp\/v2\/types\/product"}],"replies":[{"embeddable":true,"href":"https:\/\/iha-race.com\/de\/wp-json\/wp\/v2\/comments?post=208902"}],"version-history":[{"count":2,"href":"https:\/\/iha-race.com\/de\/wp-json\/wp\/v2\/product\/208902\/revisions"}],"predecessor-version":[{"id":249668,"href":"https:\/\/iha-race.com\/de\/wp-json\/wp\/v2\/product\/208902\/revisions\/249668"}],"wp:featuredmedia":[{"embeddable":true,"href":"https:\/\/iha-race.com\/de\/wp-json\/wp\/v2\/media\/125408"}],"wp:attachment":[{"href":"https:\/\/iha-race.com\/de\/wp-json\/wp\/v2\/media?parent=208902"}],"wp:term":[{"taxonomy":"pwb-brand","embeddable":true,"href":"https:\/\/iha-race.com\/de\/wp-json\/wp\/v2\/pwb-brand?post=208902"},{"taxonomy":"product_cat","embeddable":true,"href":"https:\/\/iha-race.com\/de\/wp-json\/wp\/v2\/product_cat?post=208902"},{"taxonomy":"product_tag","embeddable":true,"href":"https:\/\/iha-race.com\/de\/wp-json\/wp\/v2\/product_tag?post=208902"}],"curies":[{"name":"wp","href":"https:\/\/api.w.org\/{rel}","templated":true}]}}