{"id":208883,"date":"2021-01-25T16:07:46","date_gmt":"2021-01-25T15:07:46","guid":{"rendered":"https:\/\/iha-race.com\/producto\/lumenier-axii-duo-patch-5-8ghz-sma-antenne-lhcp\/"},"modified":"2024-08-29T12:35:45","modified_gmt":"2024-08-29T10:35:45","slug":"antenne-lumenier-axii-duo-patch-5-8ghz-sma-lhcp-rhcp","status":"publish","type":"product","link":"https:\/\/iha-race.com\/de\/producto\/antenne-lumenier-axii-duo-patch-5-8ghz-sma-lhcp-rhcp\/","title":{"rendered":"Lumenier AXII DUO Patch 5.8GHz SMA Antenne (LHCP\/RHCP)"},"content":{"rendered":"<h2>Lumenier AXII DUO Patch 5.8GHz SMA Antenne (LHCP\/RHCP)<\/h2>\n<p>  Die Lumenier AXII DUO 5.8GHz Patch-Antenne bietet Ihnen die h\u00f6chste Leistung, die Sie von einer f\u00fcr FPV entwickelten Mini-Patch-Antenne mit hohem Gewinn erhalten k\u00f6nnen. Das Lumenier AXII DUO Patch hat einen branchenf\u00fchrenden Gewinn von 12,2 dBiC f\u00fcr Langstreckenfl\u00fcge und eine exzellente Durchdringung von Objekten im Vergleich zu herk\u00f6mmlichen omnidirektionalen FPV-Antennen. Au\u00dferdem bietet sie einen klassenbesten Wirkungsgrad von 95 % (die meisten Mini-Patch-Antennen liegen unter 75 %), was bedeutet, dass Sie eine unglaubliche Leistung und das beste Bild auf Ihrer Videobrille erhalten. Lumenier bietet in Zusammenarbeit mit dem renommierten FPV-Antennendesigner Hugo de TrueRC die Lumenier AXII DUO 5.8GHz Patch Antenne an. Die AXII DUO basiert auf denselben Prinzipien wie die Hochleistungs-Patch-Antenne AXII, aber die DUO verdoppelt die Empf\u00e4ngerelemente, was die Verst\u00e4rkung und die Leistung erh\u00f6ht. Jedes DUO enth\u00e4lt 2 aktive Elemente, die mit \u00e4u\u00dferster Pr\u00e4zision installiert wurden, um eine optimale Leistung \u00fcber das gesamte 5,8-GHz-Band zu gew\u00e4hrleisten. Mit einer unglaublichen Bandbreite von 280 MHz erhalten Sie eine hervorragende Leistung, egal auf welchem Kanal Sie sich befinden. <strong>Hoher Gewinn und gro\u00dfe Bandbreite<\/strong> Normalerweise m\u00fcssen Sie bei einer Antenne mit so hohem Gewinn Abstriche beim effektiven Sichtfeld (FOV) oder der Bandbreite machen, aber mit der AXII DUO erhalten Sie das Beste aus beiden Welten: hohen Gewinn und gro\u00dfe Bandbreite! Im Vergleich zu einer \u00e4hnlich bewerteten Helix-Antenne mit 12,5 dBiC erhalten Sie nur 30 Grad Sichtfeld, doch die AXII duo bietet Ihnen einen unglaublichen Gewinn von 12,2 dBiC und deckt dabei \u00fcber 80 Grad des Strahls horizontal und 40 Grad vertikal ab. Das bedeutet, dass die Antenne mehr verzeiht und Ihnen auch dann noch ein klares Bild liefert, wenn sie nicht genau auf Ihr Flugzeug oder Ihren Sender ausgerichtet ist. <strong>Kompakte Gr\u00f6\u00dfe mit sch\u00fctzendem Spritzgussgeh\u00e4use<\/strong> Die AXII DUO ist nicht nur unglaublich leistungsf\u00e4hig, sondern hat auch einen ultrakompakten Formfaktor (73x35x9 mm) und wiegt nur 18 g. Dies macht die Antenne zu einer idealen Wahl als Empfangsantenne f\u00fcr Fernbrillen. Da die Antenne so klein und kompakt ist, m\u00fcssen Sie sich keine Sorgen machen, dass Sie bei der Verwendung dieser Antenne an Dinge sto\u00dfen, wie bei anderen gr\u00f6\u00dferen und schwereren Antennen mit hohem Gewinn. Das spritzgegossene Polycarbonat-Geh\u00e4use sch\u00fctzt die Antennenelemente im Inneren vollst\u00e4ndig und erm\u00f6glicht eine einfache und problemlose Lagerung. Das Geh\u00e4use ist mit einer Ultraschallschwei\u00dfung versiegelt und sto\u00dffest, um es vor versehentlichen St\u00fcrzen zu sch\u00fctzen. <strong>Pr\u00e4zisionsarbeit mit hochwertigen Materialien<\/strong> Die Lumenier AXII DUO Patch-Antenne verf\u00fcgt \u00fcber 2 S\u00e4tze ultrad\u00fcnner aktiver Elemente, die \u00fcber dem Reflektor aufgeh\u00e4ngt sind und einen h\u00f6heren Geschwindigkeitsfaktor und geringere Verluste erm\u00f6glichen. Diese Technologie, gepaart mit pr\u00e4ziser Fertigung, f\u00fchrt zu einer Empfangsantenne von Weltklasse. Es funktioniert sowohl mit Videobrillen als auch mit Bodenstationen f\u00fcr 5,8 GHz sehr gut und ist in der Lage, Signale in einer Entfernung von bis zu mehreren Kilometern zu empfangen.  <img decoding=\"async\" src=\"https:\/\/cdn.getfpv.com\/media\/wysiwyg\/lumenier\/lumenier-axii-duo-cover-shot-call-outs.jpg\" alt=\"  Lumenier AXII DUO Patch-Antenne 5.8GHz  \"><\/p>\n<h2>Merkmale:<\/h2>\n<ul>\n<li>Zirkular polarisiert<\/li>\n<li>Ultra hohe 12,2 dBiC f\u00fcr extrem hohe Reichweite und Signalpenetration<\/li>\n<li>Unglaubliche 95% Effizienz<\/li>\n<li>Gro\u00dfe Abstrahlbreite von 68 Grad<\/li>\n<li>Kompaktes, unauff\u00e4lliges Design f\u00fcr Ihre Brille<\/li>\n<li>Konzipiert f\u00fcr Brillen oder Basisstationen<\/li>\n<\/ul>\n<h2>Spezifikationen:<\/h2>\n<ul>\n<li><strong>Frequenz<\/strong>: 5,8 GHz<\/li>\n<li><strong>Bandbreite<\/strong>: 280 Mhz<\/li>\n<li><strong>Verst\u00e4rkung<\/strong>: 12.2 dBiC<\/li>\n<li><strong>VSWR:<\/strong> 1: 1.1 &#8211; 1: 1.3<\/li>\n<li><strong>Strahlbreite<\/strong>: 80 \u00b0 H. 40 \u00b0 V.<\/li>\n<li>Zirkular polarisierte rechte Hand<\/li>\n<li>SMA-Anschluss (f\u00fcr Fat Shark Goggles und andere SMA-Brillen)<\/li>\n<li><strong>Abmessungen<\/strong>: 73 mm x 35 mm x 9 mm (21 mm mit SMA)<\/li>\n<li><strong>Gewicht<\/strong>: 18 Gramm<\/li>\n<\/ul>\n<h2>Das Paket enth\u00e4lt:<\/h2>\n<ul>\n<li>1 x Lumenier AXII DUO Patch 5.8GHz Antenne (LHCP oder RCHP)<\/li>\n<li>1 x 45-Grad-SMA-Adapter (vergoldet)<\/li>\n<\/ul>\n<p><iframe title=\"FPV Meditation &amp; Smoke Signals...\" width=\"1200\" height=\"675\" src=\"https:\/\/www.youtube.com\/embed\/v5Y5nod8FeU?feature=oembed\" frameborder=\"0\" allow=\"accelerometer; autoplay; clipboard-write; encrypted-media; gyroscope; picture-in-picture; web-share\" referrerpolicy=\"strict-origin-when-cross-origin\" allowfullscreen><\/iframe><\/p>\n","protected":false},"excerpt":{"rendered":"<p>Die Lumenier AXII DUO Patch-Antenne (LHCP). Zirkular polarisierte Empfangsantenne mit sehr hohem Gewinn und gro\u00dfer Reichweite. Entwickelt f\u00fcr den 5,8-GHz-Videoempfang mit gro\u00dfer Reichweite in einem kompakten Formfaktor.<\/p>\n","protected":false},"featured_media":125389,"comment_status":"open","ping_status":"closed","template":"","meta":{"_joinchat":[]},"pwb-brand":[],"product_cat":[2589],"product_tag":[],"class_list":{"0":"post-208883","1":"product","2":"type-product","3":"status-publish","4":"has-post-thumbnail","6":"product_cat-fpv-antennen","8":"first","9":"instock","10":"taxable","11":"shipping-taxable","12":"purchasable","13":"product-type-variable"},"barcode":null,"atum_controlled":true,"out_stock_date":"2022-08-04 15:30:43","out_stock_threshold":null,"inheritable":true,"stock_on_hold":0,"sold_today":1,"sales_last_days":1,"out_stock_days":545,"lost_sales":0,"update_date":"2026-02-28T07:13:13","atum_locations":[],"atum_stock_status":"instock","restock_status":false,"low_stock_amount":"","sales_update_date":"2026-02-28T07:13:13","calc_backorders":null,"yoast_head":"<!-- This site is optimized with the Yoast SEO plugin v27.3 - https:\/\/yoast.com\/product\/yoast-seo-wordpress\/ -->\n<title>Lumenier AXII DUO Patch 5.8GHz SMA Antenne (LHCP\/RHCP) - Iha Race<\/title>\n<meta name=\"robots\" content=\"index, follow, max-snippet:-1, max-image-preview:large, max-video-preview:-1\" \/>\n<link rel=\"canonical\" href=\"https:\/\/iha-race.com\/de\/producto\/antenne-lumenier-axii-duo-patch-5-8ghz-sma-lhcp-rhcp\/\" \/>\n<meta property=\"og:locale\" content=\"de_DE\" \/>\n<meta property=\"og:type\" content=\"article\" \/>\n<meta property=\"og:title\" content=\"Lumenier AXII DUO Patch 5.8GHz SMA Antenne (LHCP\/RHCP) - Iha Race\" \/>\n<meta property=\"og:description\" content=\"Die Lumenier AXII DUO Patch-Antenne (LHCP). Zirkular polarisierte Empfangsantenne mit sehr hohem Gewinn und gro\u00dfer Reichweite. Entwickelt f\u00fcr den 5,8-GHz-Videoempfang mit gro\u00dfer Reichweite in einem kompakten Formfaktor.\" \/>\n<meta property=\"og:url\" content=\"https:\/\/iha-race.com\/de\/producto\/antenne-lumenier-axii-duo-patch-5-8ghz-sma-lhcp-rhcp\/\" \/>\n<meta property=\"og:site_name\" content=\"Iha Race\" \/>\n<meta property=\"article:modified_time\" content=\"2024-08-29T10:35:45+00:00\" \/>\n<meta property=\"og:image\" content=\"https:\/\/iha-race.com\/wp-content\/uploads\/2021\/01\/Antena-Lumenier-AXII-DUO-Patch-5.8GHz-SMA-LHCP.jpg\" \/>\n\t<meta property=\"og:image:width\" content=\"1000\" \/>\n\t<meta property=\"og:image:height\" content=\"1000\" \/>\n\t<meta property=\"og:image:type\" content=\"image\/jpeg\" \/>\n<meta name=\"twitter:card\" content=\"summary_large_image\" \/>\n<meta name=\"twitter:label1\" content=\"Gesch\u00e4tzte Lesezeit\" \/>\n\t<meta name=\"twitter:data1\" content=\"3\u00a0Minuten\" \/>\n<script type=\"application\/ld+json\" class=\"yoast-schema-graph\">{\"@context\":\"https:\\\/\\\/schema.org\",\"@graph\":[{\"@type\":\"WebPage\",\"@id\":\"https:\\\/\\\/iha-race.com\\\/de\\\/producto\\\/antenne-lumenier-axii-duo-patch-5-8ghz-sma-lhcp-rhcp\\\/\",\"url\":\"https:\\\/\\\/iha-race.com\\\/de\\\/producto\\\/antenne-lumenier-axii-duo-patch-5-8ghz-sma-lhcp-rhcp\\\/\",\"name\":\"Lumenier AXII DUO Patch 5.8GHz SMA Antenne (LHCP\\\/RHCP) - Iha Race\",\"isPartOf\":{\"@id\":\"https:\\\/\\\/iha-race.com\\\/de\\\/#website\"},\"primaryImageOfPage\":{\"@id\":\"https:\\\/\\\/iha-race.com\\\/de\\\/producto\\\/antenne-lumenier-axii-duo-patch-5-8ghz-sma-lhcp-rhcp\\\/#primaryimage\"},\"image\":{\"@id\":\"https:\\\/\\\/iha-race.com\\\/de\\\/producto\\\/antenne-lumenier-axii-duo-patch-5-8ghz-sma-lhcp-rhcp\\\/#primaryimage\"},\"thumbnailUrl\":\"https:\\\/\\\/iha-race.com\\\/wp-content\\\/uploads\\\/2021\\\/01\\\/Antena-Lumenier-AXII-DUO-Patch-5.8GHz-SMA-LHCP.jpg\",\"datePublished\":\"2021-01-25T15:07:46+00:00\",\"dateModified\":\"2024-08-29T10:35:45+00:00\",\"breadcrumb\":{\"@id\":\"https:\\\/\\\/iha-race.com\\\/de\\\/producto\\\/antenne-lumenier-axii-duo-patch-5-8ghz-sma-lhcp-rhcp\\\/#breadcrumb\"},\"inLanguage\":\"de\",\"potentialAction\":[{\"@type\":\"ReadAction\",\"target\":[\"https:\\\/\\\/iha-race.com\\\/de\\\/producto\\\/antenne-lumenier-axii-duo-patch-5-8ghz-sma-lhcp-rhcp\\\/\"]}]},{\"@type\":\"ImageObject\",\"inLanguage\":\"de\",\"@id\":\"https:\\\/\\\/iha-race.com\\\/de\\\/producto\\\/antenne-lumenier-axii-duo-patch-5-8ghz-sma-lhcp-rhcp\\\/#primaryimage\",\"url\":\"https:\\\/\\\/iha-race.com\\\/wp-content\\\/uploads\\\/2021\\\/01\\\/Antena-Lumenier-AXII-DUO-Patch-5.8GHz-SMA-LHCP.jpg\",\"contentUrl\":\"https:\\\/\\\/iha-race.com\\\/wp-content\\\/uploads\\\/2021\\\/01\\\/Antena-Lumenier-AXII-DUO-Patch-5.8GHz-SMA-LHCP.jpg\",\"width\":1000,\"height\":1000},{\"@type\":\"BreadcrumbList\",\"@id\":\"https:\\\/\\\/iha-race.com\\\/de\\\/producto\\\/antenne-lumenier-axii-duo-patch-5-8ghz-sma-lhcp-rhcp\\\/#breadcrumb\",\"itemListElement\":[{\"@type\":\"ListItem\",\"position\":1,\"name\":\"Portada\",\"item\":\"https:\\\/\\\/iha-race.com\\\/de\\\/elementor-499\\\/\"},{\"@type\":\"ListItem\",\"position\":2,\"name\":\"Shop\",\"item\":\"https:\\\/\\\/iha-race.com\\\/de\\\/shop\\\/\"},{\"@type\":\"ListItem\",\"position\":3,\"name\":\"Lumenier AXII DUO Patch 5.8GHz SMA Antenne (LHCP\\\/RHCP)\"}]},{\"@type\":\"WebSite\",\"@id\":\"https:\\\/\\\/iha-race.com\\\/de\\\/#website\",\"url\":\"https:\\\/\\\/iha-race.com\\\/de\\\/\",\"name\":\"Iha Race\",\"description\":\"Comprar drones de carreras FPV env\u00edos en un d\u00eda desde Espa\u00f1a\",\"publisher\":{\"@id\":\"https:\\\/\\\/iha-race.com\\\/de\\\/#organization\"},\"potentialAction\":[{\"@type\":\"SearchAction\",\"target\":{\"@type\":\"EntryPoint\",\"urlTemplate\":\"https:\\\/\\\/iha-race.com\\\/de\\\/?s={search_term_string}\"},\"query-input\":{\"@type\":\"PropertyValueSpecification\",\"valueRequired\":true,\"valueName\":\"search_term_string\"}}],\"inLanguage\":\"de\"},{\"@type\":\"Organization\",\"@id\":\"https:\\\/\\\/iha-race.com\\\/de\\\/#organization\",\"name\":\"Iha Race\",\"url\":\"https:\\\/\\\/iha-race.com\\\/de\\\/\",\"logo\":{\"@type\":\"ImageObject\",\"inLanguage\":\"de\",\"@id\":\"https:\\\/\\\/iha-race.com\\\/de\\\/#\\\/schema\\\/logo\\\/image\\\/\",\"url\":\"https:\\\/\\\/iha-race.com\\\/wp-content\\\/uploads\\\/2018\\\/07\\\/iha-race-drones-de-carreras-tienda-comprar-drones.png\",\"contentUrl\":\"https:\\\/\\\/iha-race.com\\\/wp-content\\\/uploads\\\/2018\\\/07\\\/iha-race-drones-de-carreras-tienda-comprar-drones.png\",\"width\":300,\"height\":100,\"caption\":\"Iha Race\"},\"image\":{\"@id\":\"https:\\\/\\\/iha-race.com\\\/de\\\/#\\\/schema\\\/logo\\\/image\\\/\"}}]}<\/script>\n<!-- \/ Yoast SEO plugin. -->","yoast_head_json":{"title":"Lumenier AXII DUO Patch 5.8GHz SMA Antenne (LHCP\/RHCP) - Iha Race","robots":{"index":"index","follow":"follow","max-snippet":"max-snippet:-1","max-image-preview":"max-image-preview:large","max-video-preview":"max-video-preview:-1"},"canonical":"https:\/\/iha-race.com\/de\/producto\/antenne-lumenier-axii-duo-patch-5-8ghz-sma-lhcp-rhcp\/","og_locale":"de_DE","og_type":"article","og_title":"Lumenier AXII DUO Patch 5.8GHz SMA Antenne (LHCP\/RHCP) - Iha Race","og_description":"Die Lumenier AXII DUO Patch-Antenne (LHCP). Zirkular polarisierte Empfangsantenne mit sehr hohem Gewinn und gro\u00dfer Reichweite. Entwickelt f\u00fcr den 5,8-GHz-Videoempfang mit gro\u00dfer Reichweite in einem kompakten Formfaktor.","og_url":"https:\/\/iha-race.com\/de\/producto\/antenne-lumenier-axii-duo-patch-5-8ghz-sma-lhcp-rhcp\/","og_site_name":"Iha Race","article_modified_time":"2024-08-29T10:35:45+00:00","og_image":[{"width":1000,"height":1000,"url":"https:\/\/iha-race.com\/wp-content\/uploads\/2021\/01\/Antena-Lumenier-AXII-DUO-Patch-5.8GHz-SMA-LHCP.jpg","type":"image\/jpeg"}],"twitter_card":"summary_large_image","twitter_misc":{"Gesch\u00e4tzte Lesezeit":"3\u00a0Minuten"},"schema":{"@context":"https:\/\/schema.org","@graph":[{"@type":"WebPage","@id":"https:\/\/iha-race.com\/de\/producto\/antenne-lumenier-axii-duo-patch-5-8ghz-sma-lhcp-rhcp\/","url":"https:\/\/iha-race.com\/de\/producto\/antenne-lumenier-axii-duo-patch-5-8ghz-sma-lhcp-rhcp\/","name":"Lumenier AXII DUO Patch 5.8GHz SMA Antenne (LHCP\/RHCP) - Iha Race","isPartOf":{"@id":"https:\/\/iha-race.com\/de\/#website"},"primaryImageOfPage":{"@id":"https:\/\/iha-race.com\/de\/producto\/antenne-lumenier-axii-duo-patch-5-8ghz-sma-lhcp-rhcp\/#primaryimage"},"image":{"@id":"https:\/\/iha-race.com\/de\/producto\/antenne-lumenier-axii-duo-patch-5-8ghz-sma-lhcp-rhcp\/#primaryimage"},"thumbnailUrl":"https:\/\/iha-race.com\/wp-content\/uploads\/2021\/01\/Antena-Lumenier-AXII-DUO-Patch-5.8GHz-SMA-LHCP.jpg","datePublished":"2021-01-25T15:07:46+00:00","dateModified":"2024-08-29T10:35:45+00:00","breadcrumb":{"@id":"https:\/\/iha-race.com\/de\/producto\/antenne-lumenier-axii-duo-patch-5-8ghz-sma-lhcp-rhcp\/#breadcrumb"},"inLanguage":"de","potentialAction":[{"@type":"ReadAction","target":["https:\/\/iha-race.com\/de\/producto\/antenne-lumenier-axii-duo-patch-5-8ghz-sma-lhcp-rhcp\/"]}]},{"@type":"ImageObject","inLanguage":"de","@id":"https:\/\/iha-race.com\/de\/producto\/antenne-lumenier-axii-duo-patch-5-8ghz-sma-lhcp-rhcp\/#primaryimage","url":"https:\/\/iha-race.com\/wp-content\/uploads\/2021\/01\/Antena-Lumenier-AXII-DUO-Patch-5.8GHz-SMA-LHCP.jpg","contentUrl":"https:\/\/iha-race.com\/wp-content\/uploads\/2021\/01\/Antena-Lumenier-AXII-DUO-Patch-5.8GHz-SMA-LHCP.jpg","width":1000,"height":1000},{"@type":"BreadcrumbList","@id":"https:\/\/iha-race.com\/de\/producto\/antenne-lumenier-axii-duo-patch-5-8ghz-sma-lhcp-rhcp\/#breadcrumb","itemListElement":[{"@type":"ListItem","position":1,"name":"Portada","item":"https:\/\/iha-race.com\/de\/elementor-499\/"},{"@type":"ListItem","position":2,"name":"Shop","item":"https:\/\/iha-race.com\/de\/shop\/"},{"@type":"ListItem","position":3,"name":"Lumenier AXII DUO Patch 5.8GHz SMA Antenne (LHCP\/RHCP)"}]},{"@type":"WebSite","@id":"https:\/\/iha-race.com\/de\/#website","url":"https:\/\/iha-race.com\/de\/","name":"Iha Race","description":"Comprar drones de carreras FPV env\u00edos en un d\u00eda desde Espa\u00f1a","publisher":{"@id":"https:\/\/iha-race.com\/de\/#organization"},"potentialAction":[{"@type":"SearchAction","target":{"@type":"EntryPoint","urlTemplate":"https:\/\/iha-race.com\/de\/?s={search_term_string}"},"query-input":{"@type":"PropertyValueSpecification","valueRequired":true,"valueName":"search_term_string"}}],"inLanguage":"de"},{"@type":"Organization","@id":"https:\/\/iha-race.com\/de\/#organization","name":"Iha Race","url":"https:\/\/iha-race.com\/de\/","logo":{"@type":"ImageObject","inLanguage":"de","@id":"https:\/\/iha-race.com\/de\/#\/schema\/logo\/image\/","url":"https:\/\/iha-race.com\/wp-content\/uploads\/2018\/07\/iha-race-drones-de-carreras-tienda-comprar-drones.png","contentUrl":"https:\/\/iha-race.com\/wp-content\/uploads\/2018\/07\/iha-race-drones-de-carreras-tienda-comprar-drones.png","width":300,"height":100,"caption":"Iha Race"},"image":{"@id":"https:\/\/iha-race.com\/de\/#\/schema\/logo\/image\/"}}]}},"brands":[],"_links":{"self":[{"href":"https:\/\/iha-race.com\/de\/wp-json\/wp\/v2\/product\/208883","targetHints":{"allow":["GET"]}}],"collection":[{"href":"https:\/\/iha-race.com\/de\/wp-json\/wp\/v2\/product"}],"about":[{"href":"https:\/\/iha-race.com\/de\/wp-json\/wp\/v2\/types\/product"}],"replies":[{"embeddable":true,"href":"https:\/\/iha-race.com\/de\/wp-json\/wp\/v2\/comments?post=208883"}],"version-history":[{"count":2,"href":"https:\/\/iha-race.com\/de\/wp-json\/wp\/v2\/product\/208883\/revisions"}],"predecessor-version":[{"id":249671,"href":"https:\/\/iha-race.com\/de\/wp-json\/wp\/v2\/product\/208883\/revisions\/249671"}],"wp:featuredmedia":[{"embeddable":true,"href":"https:\/\/iha-race.com\/de\/wp-json\/wp\/v2\/media\/125389"}],"wp:attachment":[{"href":"https:\/\/iha-race.com\/de\/wp-json\/wp\/v2\/media?parent=208883"}],"wp:term":[{"taxonomy":"pwb-brand","embeddable":true,"href":"https:\/\/iha-race.com\/de\/wp-json\/wp\/v2\/pwb-brand?post=208883"},{"taxonomy":"product_cat","embeddable":true,"href":"https:\/\/iha-race.com\/de\/wp-json\/wp\/v2\/product_cat?post=208883"},{"taxonomy":"product_tag","embeddable":true,"href":"https:\/\/iha-race.com\/de\/wp-json\/wp\/v2\/product_tag?post=208883"}],"curies":[{"name":"wp","href":"https:\/\/api.w.org\/{rel}","templated":true}]}}