{"id":208880,"date":"2021-04-09T16:23:13","date_gmt":"2021-04-09T14:23:13","guid":{"rendered":"https:\/\/iha-race.com\/producto\/truerc-duality-2-4-5-8-stubby-antenne-fuer-dji-lhcp-rp-sma\/"},"modified":"2024-08-29T12:29:30","modified_gmt":"2024-08-29T10:29:30","slug":"antenne-truerc-dualitat-2-4-5-8-stubby-para-dji-lhcp-rp-sma","status":"publish","type":"product","link":"https:\/\/iha-race.com\/de\/producto\/antenne-truerc-dualitat-2-4-5-8-stubby-para-dji-lhcp-rp-sma\/","title":{"rendered":"TrueRC Duality 2.4\/5.8 Stubby Antenne f\u00fcr DJI LHCP (RP-SMA)"},"content":{"rendered":"<h2>TrueRC DUALITY 2.4\/5.8 STUBBY Antenne f\u00fcr DJI LHCP (RP-SMA)<\/h2>\n<p>  TrueRC h\u00f6rt nie auf! Der Duality ist ein omnidirektionaler Dualband-CP, der das 2,4- und das 5,8-GHz-Band in einem einzigen kompakten und schlanken Geh\u00e4use abdeckt. Passt direkt auf die DJI FPV V2 Goggles* und erm\u00f6glicht es Ihnen, diese dank eines viel niedrigeren Profils als die standardm\u00e4\u00dfigen linearen Antennen immer auf dem Ger\u00e4t zu lassen. Jedes Ger\u00e4t wird von Hand auf einem professionellen Analysator abgestimmt, um das Beste aus Ihrem digitalen HD-System herauszuholen.  <\/p>\n<h2>Spezifikationen:<\/h2>\n<ul>\n<li><strong>Verst\u00e4rkung: 1 <\/strong>,7dBic @ 2,4GHz, 2,8dBic @ 5,8GHz<\/li>\n<li><strong>Polarisierung:<\/strong> LHCP<\/li>\n<li><strong>Kreuzpolarisationsunterdr\u00fcckung<\/strong>: -15 bis -30dB, (2,2%)<\/li>\n<li><strong>Bandbreite:<\/strong> 2.39 GHz-2.52 GHz und 5.6 GHz-6.1 GHz<\/li>\n<li><strong>Strahlungseffizienz:<\/strong> 99%.<\/li>\n<li><strong>EIGENKAPITALRENDITE:<\/strong> &lt;= 1,5: 1<\/li>\n<li><strong>Gewicht:<\/strong> 5,25 g<\/li>\n<li><strong>Abmessungen:<\/strong> 23,3 mm im Durchmesser. X 22,0 mm hoch<\/li>\n<li><strong>Anschluss:<\/strong> RP-SMA<\/li>\n<\/ul>\n<h2>Das Paket enth\u00e4lt:<\/h2>\n<ul>\n<li>1 x TrueRC DUALITY 2.4\/5.8 STUBBY Antennenpaket f\u00fcr DJI LHCP (RP-SMA) (1 St\u00fcck oder 4 St\u00fcck)<\/li>\n<\/ul>\n<p>  ** Die Duality kann mit DJI FPV V1 Brillen verwendet werden. Da diese jedoch das 2,4Ghz-Band nicht nutzen, empfehlen wir stattdessen unsere <a href=\"https:\/\/iha-race.com\/producto\/antena-truerc-singularity-5-8-stubby-para-dji-pack-de-4-unidades\/\">TrueRC Singularity 5.8 Stubby Antenne f\u00fcr DJI.<\/a> <\/p>\n","protected":false},"excerpt":{"rendered":"<p>TrueRC h\u00f6rt nie auf! Der Duality ist ein omnidirektionaler Dualband-CP, der das 2,4- und das 5,8-GHz-Band in einem einzigen kompakten und schlanken Geh\u00e4use abdeckt. Passt direkt auf die DJI FPV V2 Goggles* und erm\u00f6glicht es Ihnen, diese dank eines viel niedrigeren Profils als die standardm\u00e4\u00dfigen linearen Antennen immer auf dem Ger\u00e4t zu lassen.<\/p>\n","protected":false},"featured_media":125861,"comment_status":"open","ping_status":"closed","template":"","meta":{"_joinchat":[]},"pwb-brand":[],"product_cat":[2536,2589],"product_tag":[],"class_list":{"0":"post-208880","1":"product","2":"type-product","3":"status-publish","4":"has-post-thumbnail","6":"product_cat-fpv-schutzbrille","7":"product_cat-fpv-antennen","9":"first","10":"instock","11":"taxable","12":"shipping-taxable","13":"purchasable","14":"product-type-variable"},"barcode":null,"atum_controlled":true,"out_stock_date":null,"out_stock_threshold":null,"inheritable":true,"stock_on_hold":0,"sold_today":0,"sales_last_days":1,"out_stock_days":0,"lost_sales":0,"update_date":"2026-04-16T08:17:06","atum_locations":[],"atum_stock_status":"instock","restock_status":false,"low_stock_amount":"","sales_update_date":"2026-04-16T08:17:06","calc_backorders":null,"yoast_head":"<!-- This site is optimized with the Yoast SEO plugin v27.3 - https:\/\/yoast.com\/product\/yoast-seo-wordpress\/ -->\n<title>TrueRC Duality 2.4\/5.8 Stubby Antenne f\u00fcr DJI LHCP (RP-SMA) - Iha Race<\/title>\n<meta name=\"robots\" content=\"index, follow, max-snippet:-1, max-image-preview:large, max-video-preview:-1\" \/>\n<link rel=\"canonical\" href=\"https:\/\/iha-race.com\/de\/producto\/antenne-truerc-dualitat-2-4-5-8-stubby-para-dji-lhcp-rp-sma\/\" \/>\n<meta property=\"og:locale\" content=\"de_DE\" \/>\n<meta property=\"og:type\" content=\"article\" \/>\n<meta property=\"og:title\" content=\"TrueRC Duality 2.4\/5.8 Stubby Antenne f\u00fcr DJI LHCP (RP-SMA) - Iha Race\" \/>\n<meta property=\"og:description\" content=\"TrueRC h\u00f6rt nie auf! Der Duality ist ein omnidirektionaler Dualband-CP, der das 2,4- und das 5,8-GHz-Band in einem einzigen kompakten und schlanken Geh\u00e4use abdeckt. Passt direkt auf die DJI FPV V2 Goggles* und erm\u00f6glicht es Ihnen, diese dank eines viel niedrigeren Profils als die standardm\u00e4\u00dfigen linearen Antennen immer auf dem Ger\u00e4t zu lassen.\" \/>\n<meta property=\"og:url\" content=\"https:\/\/iha-race.com\/de\/producto\/antenne-truerc-dualitat-2-4-5-8-stubby-para-dji-lhcp-rp-sma\/\" \/>\n<meta property=\"og:site_name\" content=\"Iha Race\" \/>\n<meta property=\"article:modified_time\" content=\"2024-08-29T10:29:30+00:00\" \/>\n<meta property=\"og:image\" content=\"https:\/\/iha-race.com\/wp-content\/uploads\/2021\/04\/Antena-TrueRC-DUALITY-2.4-5.8-STUBBY-para-DJI.jpeg\" \/>\n\t<meta property=\"og:image:width\" content=\"1197\" \/>\n\t<meta property=\"og:image:height\" content=\"1197\" \/>\n\t<meta property=\"og:image:type\" content=\"image\/jpeg\" \/>\n<meta name=\"twitter:card\" content=\"summary_large_image\" \/>\n<meta name=\"twitter:label1\" content=\"Gesch\u00e4tzte Lesezeit\" \/>\n\t<meta name=\"twitter:data1\" content=\"1\u00a0Minute\" \/>\n<script type=\"application\/ld+json\" class=\"yoast-schema-graph\">{\"@context\":\"https:\\\/\\\/schema.org\",\"@graph\":[{\"@type\":\"WebPage\",\"@id\":\"https:\\\/\\\/iha-race.com\\\/de\\\/producto\\\/antenne-truerc-dualitat-2-4-5-8-stubby-para-dji-lhcp-rp-sma\\\/\",\"url\":\"https:\\\/\\\/iha-race.com\\\/de\\\/producto\\\/antenne-truerc-dualitat-2-4-5-8-stubby-para-dji-lhcp-rp-sma\\\/\",\"name\":\"TrueRC Duality 2.4\\\/5.8 Stubby Antenne f\u00fcr DJI LHCP (RP-SMA) - Iha Race\",\"isPartOf\":{\"@id\":\"https:\\\/\\\/iha-race.com\\\/de\\\/#website\"},\"primaryImageOfPage\":{\"@id\":\"https:\\\/\\\/iha-race.com\\\/de\\\/producto\\\/antenne-truerc-dualitat-2-4-5-8-stubby-para-dji-lhcp-rp-sma\\\/#primaryimage\"},\"image\":{\"@id\":\"https:\\\/\\\/iha-race.com\\\/de\\\/producto\\\/antenne-truerc-dualitat-2-4-5-8-stubby-para-dji-lhcp-rp-sma\\\/#primaryimage\"},\"thumbnailUrl\":\"https:\\\/\\\/iha-race.com\\\/wp-content\\\/uploads\\\/2021\\\/04\\\/Antena-TrueRC-DUALITY-2.4-5.8-STUBBY-para-DJI.jpeg\",\"datePublished\":\"2021-04-09T14:23:13+00:00\",\"dateModified\":\"2024-08-29T10:29:30+00:00\",\"breadcrumb\":{\"@id\":\"https:\\\/\\\/iha-race.com\\\/de\\\/producto\\\/antenne-truerc-dualitat-2-4-5-8-stubby-para-dji-lhcp-rp-sma\\\/#breadcrumb\"},\"inLanguage\":\"de\",\"potentialAction\":[{\"@type\":\"ReadAction\",\"target\":[\"https:\\\/\\\/iha-race.com\\\/de\\\/producto\\\/antenne-truerc-dualitat-2-4-5-8-stubby-para-dji-lhcp-rp-sma\\\/\"]}]},{\"@type\":\"ImageObject\",\"inLanguage\":\"de\",\"@id\":\"https:\\\/\\\/iha-race.com\\\/de\\\/producto\\\/antenne-truerc-dualitat-2-4-5-8-stubby-para-dji-lhcp-rp-sma\\\/#primaryimage\",\"url\":\"https:\\\/\\\/iha-race.com\\\/wp-content\\\/uploads\\\/2021\\\/04\\\/Antena-TrueRC-DUALITY-2.4-5.8-STUBBY-para-DJI.jpeg\",\"contentUrl\":\"https:\\\/\\\/iha-race.com\\\/wp-content\\\/uploads\\\/2021\\\/04\\\/Antena-TrueRC-DUALITY-2.4-5.8-STUBBY-para-DJI.jpeg\",\"width\":1197,\"height\":1197},{\"@type\":\"BreadcrumbList\",\"@id\":\"https:\\\/\\\/iha-race.com\\\/de\\\/producto\\\/antenne-truerc-dualitat-2-4-5-8-stubby-para-dji-lhcp-rp-sma\\\/#breadcrumb\",\"itemListElement\":[{\"@type\":\"ListItem\",\"position\":1,\"name\":\"Portada\",\"item\":\"https:\\\/\\\/iha-race.com\\\/de\\\/elementor-499\\\/\"},{\"@type\":\"ListItem\",\"position\":2,\"name\":\"Shop\",\"item\":\"https:\\\/\\\/iha-race.com\\\/de\\\/shop\\\/\"},{\"@type\":\"ListItem\",\"position\":3,\"name\":\"TrueRC Duality 2.4\\\/5.8 Stubby Antenne f\u00fcr DJI LHCP (RP-SMA)\"}]},{\"@type\":\"WebSite\",\"@id\":\"https:\\\/\\\/iha-race.com\\\/de\\\/#website\",\"url\":\"https:\\\/\\\/iha-race.com\\\/de\\\/\",\"name\":\"Iha Race\",\"description\":\"Comprar drones de carreras FPV env\u00edos en un d\u00eda desde Espa\u00f1a\",\"publisher\":{\"@id\":\"https:\\\/\\\/iha-race.com\\\/de\\\/#organization\"},\"potentialAction\":[{\"@type\":\"SearchAction\",\"target\":{\"@type\":\"EntryPoint\",\"urlTemplate\":\"https:\\\/\\\/iha-race.com\\\/de\\\/?s={search_term_string}\"},\"query-input\":{\"@type\":\"PropertyValueSpecification\",\"valueRequired\":true,\"valueName\":\"search_term_string\"}}],\"inLanguage\":\"de\"},{\"@type\":\"Organization\",\"@id\":\"https:\\\/\\\/iha-race.com\\\/de\\\/#organization\",\"name\":\"Iha Race\",\"url\":\"https:\\\/\\\/iha-race.com\\\/de\\\/\",\"logo\":{\"@type\":\"ImageObject\",\"inLanguage\":\"de\",\"@id\":\"https:\\\/\\\/iha-race.com\\\/de\\\/#\\\/schema\\\/logo\\\/image\\\/\",\"url\":\"https:\\\/\\\/iha-race.com\\\/wp-content\\\/uploads\\\/2018\\\/07\\\/iha-race-drones-de-carreras-tienda-comprar-drones.png\",\"contentUrl\":\"https:\\\/\\\/iha-race.com\\\/wp-content\\\/uploads\\\/2018\\\/07\\\/iha-race-drones-de-carreras-tienda-comprar-drones.png\",\"width\":300,\"height\":100,\"caption\":\"Iha Race\"},\"image\":{\"@id\":\"https:\\\/\\\/iha-race.com\\\/de\\\/#\\\/schema\\\/logo\\\/image\\\/\"}}]}<\/script>\n<!-- \/ Yoast SEO plugin. -->","yoast_head_json":{"title":"TrueRC Duality 2.4\/5.8 Stubby Antenne f\u00fcr DJI LHCP (RP-SMA) - Iha Race","robots":{"index":"index","follow":"follow","max-snippet":"max-snippet:-1","max-image-preview":"max-image-preview:large","max-video-preview":"max-video-preview:-1"},"canonical":"https:\/\/iha-race.com\/de\/producto\/antenne-truerc-dualitat-2-4-5-8-stubby-para-dji-lhcp-rp-sma\/","og_locale":"de_DE","og_type":"article","og_title":"TrueRC Duality 2.4\/5.8 Stubby Antenne f\u00fcr DJI LHCP (RP-SMA) - Iha Race","og_description":"TrueRC h\u00f6rt nie auf! Der Duality ist ein omnidirektionaler Dualband-CP, der das 2,4- und das 5,8-GHz-Band in einem einzigen kompakten und schlanken Geh\u00e4use abdeckt. Passt direkt auf die DJI FPV V2 Goggles* und erm\u00f6glicht es Ihnen, diese dank eines viel niedrigeren Profils als die standardm\u00e4\u00dfigen linearen Antennen immer auf dem Ger\u00e4t zu lassen.","og_url":"https:\/\/iha-race.com\/de\/producto\/antenne-truerc-dualitat-2-4-5-8-stubby-para-dji-lhcp-rp-sma\/","og_site_name":"Iha Race","article_modified_time":"2024-08-29T10:29:30+00:00","og_image":[{"width":1197,"height":1197,"url":"https:\/\/iha-race.com\/wp-content\/uploads\/2021\/04\/Antena-TrueRC-DUALITY-2.4-5.8-STUBBY-para-DJI.jpeg","type":"image\/jpeg"}],"twitter_card":"summary_large_image","twitter_misc":{"Gesch\u00e4tzte Lesezeit":"1\u00a0Minute"},"schema":{"@context":"https:\/\/schema.org","@graph":[{"@type":"WebPage","@id":"https:\/\/iha-race.com\/de\/producto\/antenne-truerc-dualitat-2-4-5-8-stubby-para-dji-lhcp-rp-sma\/","url":"https:\/\/iha-race.com\/de\/producto\/antenne-truerc-dualitat-2-4-5-8-stubby-para-dji-lhcp-rp-sma\/","name":"TrueRC Duality 2.4\/5.8 Stubby Antenne f\u00fcr DJI LHCP (RP-SMA) - Iha Race","isPartOf":{"@id":"https:\/\/iha-race.com\/de\/#website"},"primaryImageOfPage":{"@id":"https:\/\/iha-race.com\/de\/producto\/antenne-truerc-dualitat-2-4-5-8-stubby-para-dji-lhcp-rp-sma\/#primaryimage"},"image":{"@id":"https:\/\/iha-race.com\/de\/producto\/antenne-truerc-dualitat-2-4-5-8-stubby-para-dji-lhcp-rp-sma\/#primaryimage"},"thumbnailUrl":"https:\/\/iha-race.com\/wp-content\/uploads\/2021\/04\/Antena-TrueRC-DUALITY-2.4-5.8-STUBBY-para-DJI.jpeg","datePublished":"2021-04-09T14:23:13+00:00","dateModified":"2024-08-29T10:29:30+00:00","breadcrumb":{"@id":"https:\/\/iha-race.com\/de\/producto\/antenne-truerc-dualitat-2-4-5-8-stubby-para-dji-lhcp-rp-sma\/#breadcrumb"},"inLanguage":"de","potentialAction":[{"@type":"ReadAction","target":["https:\/\/iha-race.com\/de\/producto\/antenne-truerc-dualitat-2-4-5-8-stubby-para-dji-lhcp-rp-sma\/"]}]},{"@type":"ImageObject","inLanguage":"de","@id":"https:\/\/iha-race.com\/de\/producto\/antenne-truerc-dualitat-2-4-5-8-stubby-para-dji-lhcp-rp-sma\/#primaryimage","url":"https:\/\/iha-race.com\/wp-content\/uploads\/2021\/04\/Antena-TrueRC-DUALITY-2.4-5.8-STUBBY-para-DJI.jpeg","contentUrl":"https:\/\/iha-race.com\/wp-content\/uploads\/2021\/04\/Antena-TrueRC-DUALITY-2.4-5.8-STUBBY-para-DJI.jpeg","width":1197,"height":1197},{"@type":"BreadcrumbList","@id":"https:\/\/iha-race.com\/de\/producto\/antenne-truerc-dualitat-2-4-5-8-stubby-para-dji-lhcp-rp-sma\/#breadcrumb","itemListElement":[{"@type":"ListItem","position":1,"name":"Portada","item":"https:\/\/iha-race.com\/de\/elementor-499\/"},{"@type":"ListItem","position":2,"name":"Shop","item":"https:\/\/iha-race.com\/de\/shop\/"},{"@type":"ListItem","position":3,"name":"TrueRC Duality 2.4\/5.8 Stubby Antenne f\u00fcr DJI LHCP (RP-SMA)"}]},{"@type":"WebSite","@id":"https:\/\/iha-race.com\/de\/#website","url":"https:\/\/iha-race.com\/de\/","name":"Iha Race","description":"Comprar drones de carreras FPV env\u00edos en un d\u00eda desde Espa\u00f1a","publisher":{"@id":"https:\/\/iha-race.com\/de\/#organization"},"potentialAction":[{"@type":"SearchAction","target":{"@type":"EntryPoint","urlTemplate":"https:\/\/iha-race.com\/de\/?s={search_term_string}"},"query-input":{"@type":"PropertyValueSpecification","valueRequired":true,"valueName":"search_term_string"}}],"inLanguage":"de"},{"@type":"Organization","@id":"https:\/\/iha-race.com\/de\/#organization","name":"Iha Race","url":"https:\/\/iha-race.com\/de\/","logo":{"@type":"ImageObject","inLanguage":"de","@id":"https:\/\/iha-race.com\/de\/#\/schema\/logo\/image\/","url":"https:\/\/iha-race.com\/wp-content\/uploads\/2018\/07\/iha-race-drones-de-carreras-tienda-comprar-drones.png","contentUrl":"https:\/\/iha-race.com\/wp-content\/uploads\/2018\/07\/iha-race-drones-de-carreras-tienda-comprar-drones.png","width":300,"height":100,"caption":"Iha Race"},"image":{"@id":"https:\/\/iha-race.com\/de\/#\/schema\/logo\/image\/"}}]}},"brands":[],"_links":{"self":[{"href":"https:\/\/iha-race.com\/de\/wp-json\/wp\/v2\/product\/208880","targetHints":{"allow":["GET"]}}],"collection":[{"href":"https:\/\/iha-race.com\/de\/wp-json\/wp\/v2\/product"}],"about":[{"href":"https:\/\/iha-race.com\/de\/wp-json\/wp\/v2\/types\/product"}],"replies":[{"embeddable":true,"href":"https:\/\/iha-race.com\/de\/wp-json\/wp\/v2\/comments?post=208880"}],"version-history":[{"count":2,"href":"https:\/\/iha-race.com\/de\/wp-json\/wp\/v2\/product\/208880\/revisions"}],"predecessor-version":[{"id":249567,"href":"https:\/\/iha-race.com\/de\/wp-json\/wp\/v2\/product\/208880\/revisions\/249567"}],"wp:featuredmedia":[{"embeddable":true,"href":"https:\/\/iha-race.com\/de\/wp-json\/wp\/v2\/media\/125861"}],"wp:attachment":[{"href":"https:\/\/iha-race.com\/de\/wp-json\/wp\/v2\/media?parent=208880"}],"wp:term":[{"taxonomy":"pwb-brand","embeddable":true,"href":"https:\/\/iha-race.com\/de\/wp-json\/wp\/v2\/pwb-brand?post=208880"},{"taxonomy":"product_cat","embeddable":true,"href":"https:\/\/iha-race.com\/de\/wp-json\/wp\/v2\/product_cat?post=208880"},{"taxonomy":"product_tag","embeddable":true,"href":"https:\/\/iha-race.com\/de\/wp-json\/wp\/v2\/product_tag?post=208880"}],"curies":[{"name":"wp","href":"https:\/\/api.w.org\/{rel}","templated":true}]}}