{"id":208877,"date":"2021-01-27T11:47:42","date_gmt":"2021-01-27T10:47:42","guid":{"rendered":"https:\/\/iha-race.com\/producto\/pigtail-kabel-betafpv-adapter-fuer-smo-4k-kamera\/"},"modified":"2024-08-29T12:35:46","modified_gmt":"2024-08-29T10:35:46","slug":"kabel-zopf-betafpv-betafpv-kamera-adapter-kabel-smo-4k","status":"publish","type":"product","link":"https:\/\/iha-race.com\/de\/producto\/kabel-zopf-betafpv-betafpv-kamera-adapter-kabel-smo-4k\/","title":{"rendered":"Pigtail Kabel BetaFPV Adapter f\u00fcr SMO 4K Kamera"},"content":{"rendered":"<h2>Pigtail Kabel BetaFPV Adapter f\u00fcr SMO 4K Kamera<\/h2>\n<p>  Um den gr\u00f6\u00dftm\u00f6glichen Komfort zu bieten, bieten wir dieses flexible SMO 4K-Kamerakabel speziell f\u00fcr Piloten an, die mehr Drohnen f\u00fcr die Aufnahme einer <a href=\"https:\/\/iha-race.com\/producto\/betafpv-camara-smo-4k\/\">SMO 4K-Kamera<\/a> modifizieren m\u00f6chten <a href=\"https:\/\/iha-race.com\/producto\/betafpv-camara-smo-4k\/\">.<\/a> Das flexible Kabel sorgt f\u00fcr eine nahtlose SMO 4K Stromzufuhr, ohne dass weitere Modifikationen erforderlich sind.  <\/p>\n<div>\n<div id=\"product-tabs\">\n<p><img decoding=\"async\" src=\"https:\/\/cdn.shopifycdn.net\/s\/files\/1\/1778\/6615\/files\/FB_03_87148cbc-e182-426f-ae8c-bd11d3447d45_1024x1024.jpg?v=1608177328\" alt=\"\"><\/p>\n<\/div>\n<\/div>\n<h2>Spezifikationen:<\/h2>\n<ul>\n<li>Artikel: SMO 4K Kamerakabel Pigtail<\/li>\n<li>Stromunterst\u00fctzung: 2-6S<\/li>\n<li>Schwarz<\/li>\n<li>L\u00e4nge: 140 mm (ohne Stift)<\/li>\n<li>Gewicht: 1,5 g<\/li>\n<li>Kameraadapter: SMO 4K-Kamera<\/li>\n<\/ul>\n<p><img decoding=\"async\" src=\"https:\/\/cdn.shopifycdn.net\/s\/files\/1\/1778\/6615\/files\/WPS_1_f9146bf7-5d9c-46cd-96cb-08777ef8b2f9_600x600.jpg?v=1608174583\" alt=\"\"><\/p>\n<h2>Anschluss an F4 20A Toothpick FC V4:<\/h2>\n<div><img decoding=\"async\" src=\"https:\/\/cdn.shopifycdn.net\/s\/files\/1\/1778\/6615\/files\/WPS_ef533be1-c782-4758-8564-6ac59e7a6646_1024x1024.jpg?v=1608367866\" alt=\"\"><\/div>\n<h2 class=\"p1\">Das Paket enth\u00e4lt:<\/h2>\n<ul>\n<li>6 x SMO 4K Kamera Pigtail-Adapterkabel<\/li>\n<\/ul>\n","protected":false},"excerpt":{"rendered":"<p>Pigtail Kabel BetaFPV Adapter f\u00fcr SMO 4K Kamera Um den gr\u00f6\u00dftm\u00f6glichen Komfort zu bieten, bieten wir dieses flexible SMO 4K-Kamerakabel speziell f\u00fcr Piloten an, die mehr Drohnen f\u00fcr die Aufnahme<\/p>\n","protected":false},"featured_media":125411,"comment_status":"open","ping_status":"closed","template":"","meta":{"_joinchat":[]},"pwb-brand":[],"product_cat":[2554,2578],"product_tag":[],"class_list":{"0":"post-208877","1":"product","2":"type-product","3":"status-publish","4":"has-post-thumbnail","6":"product_cat-fpv-kameras-de","7":"product_cat-kamera-ersatzteile","9":"first","10":"instock","11":"taxable","12":"shipping-taxable","13":"purchasable","14":"product-type-simple"},"barcode":null,"atum_controlled":true,"out_stock_date":null,"out_stock_threshold":null,"inheritable":false,"stock_on_hold":0,"sold_today":0,"sales_last_days":0,"out_stock_days":0,"lost_sales":0,"update_date":"2026-04-16T08:17:07","atum_locations":[],"atum_stock_status":"instock","restock_status":false,"low_stock_amount":"","sales_update_date":"2026-04-16T08:17:07","calc_backorders":null,"yoast_head":"<!-- This site is optimized with the Yoast SEO plugin v27.3 - https:\/\/yoast.com\/product\/yoast-seo-wordpress\/ -->\n<title>Pigtail Kabel BetaFPV Adapter f\u00fcr SMO 4K Kamera - Iha Race<\/title>\n<meta name=\"robots\" content=\"index, follow, max-snippet:-1, max-image-preview:large, max-video-preview:-1\" \/>\n<link rel=\"canonical\" href=\"https:\/\/iha-race.com\/de\/producto\/kabel-zopf-betafpv-betafpv-kamera-adapter-kabel-smo-4k\/\" \/>\n<meta property=\"og:locale\" content=\"de_DE\" \/>\n<meta property=\"og:type\" content=\"article\" \/>\n<meta property=\"og:title\" content=\"Pigtail Kabel BetaFPV Adapter f\u00fcr SMO 4K Kamera - Iha Race\" \/>\n<meta property=\"og:description\" content=\"Pigtail Kabel BetaFPV Adapter f\u00fcr SMO 4K Kamera Um den gr\u00f6\u00dftm\u00f6glichen Komfort zu bieten, bieten wir dieses flexible SMO 4K-Kamerakabel speziell f\u00fcr Piloten an, die mehr Drohnen f\u00fcr die Aufnahme\" \/>\n<meta property=\"og:url\" content=\"https:\/\/iha-race.com\/de\/producto\/kabel-zopf-betafpv-betafpv-kamera-adapter-kabel-smo-4k\/\" \/>\n<meta property=\"og:site_name\" content=\"Iha Race\" \/>\n<meta property=\"article:modified_time\" content=\"2024-08-29T10:35:46+00:00\" \/>\n<meta property=\"og:image\" content=\"https:\/\/iha-race.com\/wp-content\/uploads\/2021\/01\/Cable-Pigtail-BetaFPV-para-la-Camara-SMO-4K.jpg\" \/>\n\t<meta property=\"og:image:width\" content=\"800\" \/>\n\t<meta property=\"og:image:height\" content=\"800\" \/>\n\t<meta property=\"og:image:type\" content=\"image\/jpeg\" \/>\n<meta name=\"twitter:card\" content=\"summary_large_image\" \/>\n<script type=\"application\/ld+json\" class=\"yoast-schema-graph\">{\"@context\":\"https:\\\/\\\/schema.org\",\"@graph\":[{\"@type\":\"WebPage\",\"@id\":\"https:\\\/\\\/iha-race.com\\\/de\\\/producto\\\/kabel-zopf-betafpv-betafpv-kamera-adapter-kabel-smo-4k\\\/\",\"url\":\"https:\\\/\\\/iha-race.com\\\/de\\\/producto\\\/kabel-zopf-betafpv-betafpv-kamera-adapter-kabel-smo-4k\\\/\",\"name\":\"Pigtail Kabel BetaFPV Adapter f\u00fcr SMO 4K Kamera - Iha Race\",\"isPartOf\":{\"@id\":\"https:\\\/\\\/iha-race.com\\\/de\\\/#website\"},\"primaryImageOfPage\":{\"@id\":\"https:\\\/\\\/iha-race.com\\\/de\\\/producto\\\/kabel-zopf-betafpv-betafpv-kamera-adapter-kabel-smo-4k\\\/#primaryimage\"},\"image\":{\"@id\":\"https:\\\/\\\/iha-race.com\\\/de\\\/producto\\\/kabel-zopf-betafpv-betafpv-kamera-adapter-kabel-smo-4k\\\/#primaryimage\"},\"thumbnailUrl\":\"https:\\\/\\\/iha-race.com\\\/wp-content\\\/uploads\\\/2021\\\/01\\\/Cable-Pigtail-BetaFPV-para-la-Camara-SMO-4K.jpg\",\"datePublished\":\"2021-01-27T10:47:42+00:00\",\"dateModified\":\"2024-08-29T10:35:46+00:00\",\"breadcrumb\":{\"@id\":\"https:\\\/\\\/iha-race.com\\\/de\\\/producto\\\/kabel-zopf-betafpv-betafpv-kamera-adapter-kabel-smo-4k\\\/#breadcrumb\"},\"inLanguage\":\"de\",\"potentialAction\":[{\"@type\":\"ReadAction\",\"target\":[\"https:\\\/\\\/iha-race.com\\\/de\\\/producto\\\/kabel-zopf-betafpv-betafpv-kamera-adapter-kabel-smo-4k\\\/\"]}]},{\"@type\":\"ImageObject\",\"inLanguage\":\"de\",\"@id\":\"https:\\\/\\\/iha-race.com\\\/de\\\/producto\\\/kabel-zopf-betafpv-betafpv-kamera-adapter-kabel-smo-4k\\\/#primaryimage\",\"url\":\"https:\\\/\\\/iha-race.com\\\/wp-content\\\/uploads\\\/2021\\\/01\\\/Cable-Pigtail-BetaFPV-para-la-Camara-SMO-4K.jpg\",\"contentUrl\":\"https:\\\/\\\/iha-race.com\\\/wp-content\\\/uploads\\\/2021\\\/01\\\/Cable-Pigtail-BetaFPV-para-la-Camara-SMO-4K.jpg\",\"width\":800,\"height\":800},{\"@type\":\"BreadcrumbList\",\"@id\":\"https:\\\/\\\/iha-race.com\\\/de\\\/producto\\\/kabel-zopf-betafpv-betafpv-kamera-adapter-kabel-smo-4k\\\/#breadcrumb\",\"itemListElement\":[{\"@type\":\"ListItem\",\"position\":1,\"name\":\"Portada\",\"item\":\"https:\\\/\\\/iha-race.com\\\/de\\\/elementor-499\\\/\"},{\"@type\":\"ListItem\",\"position\":2,\"name\":\"Shop\",\"item\":\"https:\\\/\\\/iha-race.com\\\/de\\\/shop\\\/\"},{\"@type\":\"ListItem\",\"position\":3,\"name\":\"Pigtail Kabel BetaFPV Adapter f\u00fcr SMO 4K Kamera\"}]},{\"@type\":\"WebSite\",\"@id\":\"https:\\\/\\\/iha-race.com\\\/de\\\/#website\",\"url\":\"https:\\\/\\\/iha-race.com\\\/de\\\/\",\"name\":\"Iha Race\",\"description\":\"Comprar drones de carreras FPV env\u00edos en un d\u00eda desde Espa\u00f1a\",\"publisher\":{\"@id\":\"https:\\\/\\\/iha-race.com\\\/de\\\/#organization\"},\"potentialAction\":[{\"@type\":\"SearchAction\",\"target\":{\"@type\":\"EntryPoint\",\"urlTemplate\":\"https:\\\/\\\/iha-race.com\\\/de\\\/?s={search_term_string}\"},\"query-input\":{\"@type\":\"PropertyValueSpecification\",\"valueRequired\":true,\"valueName\":\"search_term_string\"}}],\"inLanguage\":\"de\"},{\"@type\":\"Organization\",\"@id\":\"https:\\\/\\\/iha-race.com\\\/de\\\/#organization\",\"name\":\"Iha Race\",\"url\":\"https:\\\/\\\/iha-race.com\\\/de\\\/\",\"logo\":{\"@type\":\"ImageObject\",\"inLanguage\":\"de\",\"@id\":\"https:\\\/\\\/iha-race.com\\\/de\\\/#\\\/schema\\\/logo\\\/image\\\/\",\"url\":\"https:\\\/\\\/iha-race.com\\\/wp-content\\\/uploads\\\/2018\\\/07\\\/iha-race-drones-de-carreras-tienda-comprar-drones.png\",\"contentUrl\":\"https:\\\/\\\/iha-race.com\\\/wp-content\\\/uploads\\\/2018\\\/07\\\/iha-race-drones-de-carreras-tienda-comprar-drones.png\",\"width\":300,\"height\":100,\"caption\":\"Iha Race\"},\"image\":{\"@id\":\"https:\\\/\\\/iha-race.com\\\/de\\\/#\\\/schema\\\/logo\\\/image\\\/\"}}]}<\/script>\n<!-- \/ Yoast SEO plugin. -->","yoast_head_json":{"title":"Pigtail Kabel BetaFPV Adapter f\u00fcr SMO 4K Kamera - Iha Race","robots":{"index":"index","follow":"follow","max-snippet":"max-snippet:-1","max-image-preview":"max-image-preview:large","max-video-preview":"max-video-preview:-1"},"canonical":"https:\/\/iha-race.com\/de\/producto\/kabel-zopf-betafpv-betafpv-kamera-adapter-kabel-smo-4k\/","og_locale":"de_DE","og_type":"article","og_title":"Pigtail Kabel BetaFPV Adapter f\u00fcr SMO 4K Kamera - Iha Race","og_description":"Pigtail Kabel BetaFPV Adapter f\u00fcr SMO 4K Kamera Um den gr\u00f6\u00dftm\u00f6glichen Komfort zu bieten, bieten wir dieses flexible SMO 4K-Kamerakabel speziell f\u00fcr Piloten an, die mehr Drohnen f\u00fcr die Aufnahme","og_url":"https:\/\/iha-race.com\/de\/producto\/kabel-zopf-betafpv-betafpv-kamera-adapter-kabel-smo-4k\/","og_site_name":"Iha Race","article_modified_time":"2024-08-29T10:35:46+00:00","og_image":[{"width":800,"height":800,"url":"https:\/\/iha-race.com\/wp-content\/uploads\/2021\/01\/Cable-Pigtail-BetaFPV-para-la-Camara-SMO-4K.jpg","type":"image\/jpeg"}],"twitter_card":"summary_large_image","schema":{"@context":"https:\/\/schema.org","@graph":[{"@type":"WebPage","@id":"https:\/\/iha-race.com\/de\/producto\/kabel-zopf-betafpv-betafpv-kamera-adapter-kabel-smo-4k\/","url":"https:\/\/iha-race.com\/de\/producto\/kabel-zopf-betafpv-betafpv-kamera-adapter-kabel-smo-4k\/","name":"Pigtail Kabel BetaFPV Adapter f\u00fcr SMO 4K Kamera - Iha Race","isPartOf":{"@id":"https:\/\/iha-race.com\/de\/#website"},"primaryImageOfPage":{"@id":"https:\/\/iha-race.com\/de\/producto\/kabel-zopf-betafpv-betafpv-kamera-adapter-kabel-smo-4k\/#primaryimage"},"image":{"@id":"https:\/\/iha-race.com\/de\/producto\/kabel-zopf-betafpv-betafpv-kamera-adapter-kabel-smo-4k\/#primaryimage"},"thumbnailUrl":"https:\/\/iha-race.com\/wp-content\/uploads\/2021\/01\/Cable-Pigtail-BetaFPV-para-la-Camara-SMO-4K.jpg","datePublished":"2021-01-27T10:47:42+00:00","dateModified":"2024-08-29T10:35:46+00:00","breadcrumb":{"@id":"https:\/\/iha-race.com\/de\/producto\/kabel-zopf-betafpv-betafpv-kamera-adapter-kabel-smo-4k\/#breadcrumb"},"inLanguage":"de","potentialAction":[{"@type":"ReadAction","target":["https:\/\/iha-race.com\/de\/producto\/kabel-zopf-betafpv-betafpv-kamera-adapter-kabel-smo-4k\/"]}]},{"@type":"ImageObject","inLanguage":"de","@id":"https:\/\/iha-race.com\/de\/producto\/kabel-zopf-betafpv-betafpv-kamera-adapter-kabel-smo-4k\/#primaryimage","url":"https:\/\/iha-race.com\/wp-content\/uploads\/2021\/01\/Cable-Pigtail-BetaFPV-para-la-Camara-SMO-4K.jpg","contentUrl":"https:\/\/iha-race.com\/wp-content\/uploads\/2021\/01\/Cable-Pigtail-BetaFPV-para-la-Camara-SMO-4K.jpg","width":800,"height":800},{"@type":"BreadcrumbList","@id":"https:\/\/iha-race.com\/de\/producto\/kabel-zopf-betafpv-betafpv-kamera-adapter-kabel-smo-4k\/#breadcrumb","itemListElement":[{"@type":"ListItem","position":1,"name":"Portada","item":"https:\/\/iha-race.com\/de\/elementor-499\/"},{"@type":"ListItem","position":2,"name":"Shop","item":"https:\/\/iha-race.com\/de\/shop\/"},{"@type":"ListItem","position":3,"name":"Pigtail Kabel BetaFPV Adapter f\u00fcr SMO 4K Kamera"}]},{"@type":"WebSite","@id":"https:\/\/iha-race.com\/de\/#website","url":"https:\/\/iha-race.com\/de\/","name":"Iha Race","description":"Comprar drones de carreras FPV env\u00edos en un d\u00eda desde Espa\u00f1a","publisher":{"@id":"https:\/\/iha-race.com\/de\/#organization"},"potentialAction":[{"@type":"SearchAction","target":{"@type":"EntryPoint","urlTemplate":"https:\/\/iha-race.com\/de\/?s={search_term_string}"},"query-input":{"@type":"PropertyValueSpecification","valueRequired":true,"valueName":"search_term_string"}}],"inLanguage":"de"},{"@type":"Organization","@id":"https:\/\/iha-race.com\/de\/#organization","name":"Iha Race","url":"https:\/\/iha-race.com\/de\/","logo":{"@type":"ImageObject","inLanguage":"de","@id":"https:\/\/iha-race.com\/de\/#\/schema\/logo\/image\/","url":"https:\/\/iha-race.com\/wp-content\/uploads\/2018\/07\/iha-race-drones-de-carreras-tienda-comprar-drones.png","contentUrl":"https:\/\/iha-race.com\/wp-content\/uploads\/2018\/07\/iha-race-drones-de-carreras-tienda-comprar-drones.png","width":300,"height":100,"caption":"Iha Race"},"image":{"@id":"https:\/\/iha-race.com\/de\/#\/schema\/logo\/image\/"}}]}},"brands":[],"_links":{"self":[{"href":"https:\/\/iha-race.com\/de\/wp-json\/wp\/v2\/product\/208877","targetHints":{"allow":["GET"]}}],"collection":[{"href":"https:\/\/iha-race.com\/de\/wp-json\/wp\/v2\/product"}],"about":[{"href":"https:\/\/iha-race.com\/de\/wp-json\/wp\/v2\/types\/product"}],"replies":[{"embeddable":true,"href":"https:\/\/iha-race.com\/de\/wp-json\/wp\/v2\/comments?post=208877"}],"version-history":[{"count":2,"href":"https:\/\/iha-race.com\/de\/wp-json\/wp\/v2\/product\/208877\/revisions"}],"predecessor-version":[{"id":249673,"href":"https:\/\/iha-race.com\/de\/wp-json\/wp\/v2\/product\/208877\/revisions\/249673"}],"wp:featuredmedia":[{"embeddable":true,"href":"https:\/\/iha-race.com\/de\/wp-json\/wp\/v2\/media\/125411"}],"wp:attachment":[{"href":"https:\/\/iha-race.com\/de\/wp-json\/wp\/v2\/media?parent=208877"}],"wp:term":[{"taxonomy":"pwb-brand","embeddable":true,"href":"https:\/\/iha-race.com\/de\/wp-json\/wp\/v2\/pwb-brand?post=208877"},{"taxonomy":"product_cat","embeddable":true,"href":"https:\/\/iha-race.com\/de\/wp-json\/wp\/v2\/product_cat?post=208877"},{"taxonomy":"product_tag","embeddable":true,"href":"https:\/\/iha-race.com\/de\/wp-json\/wp\/v2\/product_tag?post=208877"}],"curies":[{"name":"wp","href":"https:\/\/api.w.org\/{rel}","templated":true}]}}