{"id":208866,"date":"2020-12-03T11:42:14","date_gmt":"2020-12-03T10:42:14","guid":{"rendered":"https:\/\/iha-race.com\/producto\/torvol-feldtasche-mit-tragegurt\/"},"modified":"2024-08-29T15:46:44","modified_gmt":"2024-08-29T13:46:44","slug":"feldtasche-torvol-mit-schlinge","status":"publish","type":"product","link":"https:\/\/iha-race.com\/de\/producto\/feldtasche-torvol-mit-schlinge\/","title":{"rendered":"Torvol Feldtasche mit Tragegurt"},"content":{"rendered":"<h2>Torvol Feldtasche mit Tragegurt<\/h2>\n<p>&nbsp;<\/p>\n<h2 class=\"punchline\">Der beste Ort, um Ihr wichtigstes Zubeh\u00f6r aufzubewahren<\/h2>\n<ul class=\"productpagefeatures\">\n<li>Falten Sie diese Tasche auf, um sie als Werkzeugg\u00fcrtel zu verwenden.<\/li>\n<li>5 elastische Netztaschen f\u00fcr Kabel, Schl\u00fcssel und mehr<\/li>\n<li>2 Kreuzgurte f\u00fcr zus\u00e4tzliche Werkzeuge<\/li>\n<li>Kabelloch f\u00fcr die Aufbewahrung des FPV-Brillenakkus in der Tasche<\/li>\n<li>Drehbare Schnalle zum Tragen \u00fcber der Schulter oder als G\u00fcrteltasche<\/li>\n<\/ul>\n<p>  Die Torvol Field Umh\u00e4ngetasche ist mit Organizerf\u00e4chern und Riemen ausgestattet, damit Sie alle h\u00e4ufig verwendeten Accessoires in Reichweite haben. Egal, ob Sie sie als G\u00fcrteltasche oder \u00fcber der Schulter tragen, mit der Drehschnalle l\u00e4sst sie sich an Ihren Stil anpassen. Falten Sie sie vollst\u00e4ndig auf und verwenden Sie die Tasche als Werkzeugg\u00fcrtel. Verwenden Sie die Tasche, um Ihren Fatshark-Akku w\u00e4hrend des Fluges aufzubewahren oder Ihre Objektive mit dem Objektivtuch zu reinigen. Diese Tasche hat alles, was Sie brauchen.  &nbsp;<\/p>\n<p><strong>Zus\u00e4tzliche Informationen<\/strong><\/p>\n<ul>\n<li>Gewicht &#8211; 250 g<\/li>\n<li>Abmessungen &#8211; 20 \u00d7 6 \u00d7 12 cm<\/li>\n<li>Farbe &#8211; Schwarz \/ Grau<\/li>\n<li>EAN-Code &#8211; 3700693502313<\/li>\n<\/ul>\n","protected":false},"excerpt":{"rendered":"<p>Torvol Feldtasche mit Tragegurt &nbsp; Der beste Ort, um Ihr wichtigstes Zubeh\u00f6r aufzubewahren Falten Sie diese Tasche auf, um sie als Werkzeugg\u00fcrtel zu verwenden. 5 elastische Netztaschen f\u00fcr Kabel, Schl\u00fcssel<\/p>\n","protected":false},"featured_media":124732,"comment_status":"open","ping_status":"closed","template":"","meta":{"_joinchat":[]},"pwb-brand":[],"product_cat":[2588],"product_tag":[],"class_list":{"0":"post-208866","1":"product","2":"type-product","3":"status-publish","4":"has-post-thumbnail","6":"product_cat-fpv-rucksacke","8":"first","9":"instock","10":"taxable","11":"shipping-taxable","12":"purchasable","13":"product-type-simple"},"barcode":null,"atum_controlled":true,"out_stock_date":null,"out_stock_threshold":null,"inheritable":false,"stock_on_hold":0,"sold_today":0,"sales_last_days":0,"out_stock_days":0,"lost_sales":0,"update_date":"2026-04-08T16:38:35","atum_locations":[],"atum_stock_status":"instock","restock_status":false,"low_stock_amount":"","sales_update_date":"2026-03-04T15:34:09","calc_backorders":null,"yoast_head":"<!-- This site is optimized with the Yoast SEO plugin v27.3 - https:\/\/yoast.com\/product\/yoast-seo-wordpress\/ -->\n<title>Torvol Feldtasche mit Tragegurt - Iha Race<\/title>\n<meta name=\"robots\" content=\"index, follow, max-snippet:-1, max-image-preview:large, max-video-preview:-1\" \/>\n<link rel=\"canonical\" href=\"https:\/\/iha-race.com\/de\/producto\/feldtasche-torvol-mit-schlinge\/\" \/>\n<meta property=\"og:locale\" content=\"de_DE\" \/>\n<meta property=\"og:type\" content=\"article\" \/>\n<meta property=\"og:title\" content=\"Torvol Feldtasche mit Tragegurt - Iha Race\" \/>\n<meta property=\"og:description\" content=\"Torvol Feldtasche mit Tragegurt &nbsp; Der beste Ort, um Ihr wichtigstes Zubeh\u00f6r aufzubewahren Falten Sie diese Tasche auf, um sie als Werkzeugg\u00fcrtel zu verwenden. 5 elastische Netztaschen f\u00fcr Kabel, Schl\u00fcssel\" \/>\n<meta property=\"og:url\" content=\"https:\/\/iha-race.com\/de\/producto\/feldtasche-torvol-mit-schlinge\/\" \/>\n<meta property=\"og:site_name\" content=\"Iha Race\" \/>\n<meta property=\"article:modified_time\" content=\"2024-08-29T13:46:44+00:00\" \/>\n<meta property=\"og:image\" content=\"https:\/\/iha-race.com\/wp-content\/uploads\/2020\/12\/Torvol-Sling-Bag-front.jpg\" \/>\n\t<meta property=\"og:image:width\" content=\"2160\" \/>\n\t<meta property=\"og:image:height\" content=\"2160\" \/>\n\t<meta property=\"og:image:type\" content=\"image\/jpeg\" \/>\n<meta name=\"twitter:card\" content=\"summary_large_image\" \/>\n<meta name=\"twitter:label1\" content=\"Gesch\u00e4tzte Lesezeit\" \/>\n\t<meta name=\"twitter:data1\" content=\"1\u00a0Minute\" \/>\n<script type=\"application\/ld+json\" class=\"yoast-schema-graph\">{\"@context\":\"https:\\\/\\\/schema.org\",\"@graph\":[{\"@type\":\"WebPage\",\"@id\":\"https:\\\/\\\/iha-race.com\\\/de\\\/producto\\\/feldtasche-torvol-mit-schlinge\\\/\",\"url\":\"https:\\\/\\\/iha-race.com\\\/de\\\/producto\\\/feldtasche-torvol-mit-schlinge\\\/\",\"name\":\"Torvol Feldtasche mit Tragegurt - Iha Race\",\"isPartOf\":{\"@id\":\"https:\\\/\\\/iha-race.com\\\/de\\\/#website\"},\"primaryImageOfPage\":{\"@id\":\"https:\\\/\\\/iha-race.com\\\/de\\\/producto\\\/feldtasche-torvol-mit-schlinge\\\/#primaryimage\"},\"image\":{\"@id\":\"https:\\\/\\\/iha-race.com\\\/de\\\/producto\\\/feldtasche-torvol-mit-schlinge\\\/#primaryimage\"},\"thumbnailUrl\":\"https:\\\/\\\/iha-race.com\\\/wp-content\\\/uploads\\\/2020\\\/12\\\/Torvol-Sling-Bag-front.jpg\",\"datePublished\":\"2020-12-03T10:42:14+00:00\",\"dateModified\":\"2024-08-29T13:46:44+00:00\",\"breadcrumb\":{\"@id\":\"https:\\\/\\\/iha-race.com\\\/de\\\/producto\\\/feldtasche-torvol-mit-schlinge\\\/#breadcrumb\"},\"inLanguage\":\"de\",\"potentialAction\":[{\"@type\":\"ReadAction\",\"target\":[\"https:\\\/\\\/iha-race.com\\\/de\\\/producto\\\/feldtasche-torvol-mit-schlinge\\\/\"]}]},{\"@type\":\"ImageObject\",\"inLanguage\":\"de\",\"@id\":\"https:\\\/\\\/iha-race.com\\\/de\\\/producto\\\/feldtasche-torvol-mit-schlinge\\\/#primaryimage\",\"url\":\"https:\\\/\\\/iha-race.com\\\/wp-content\\\/uploads\\\/2020\\\/12\\\/Torvol-Sling-Bag-front.jpg\",\"contentUrl\":\"https:\\\/\\\/iha-race.com\\\/wp-content\\\/uploads\\\/2020\\\/12\\\/Torvol-Sling-Bag-front.jpg\",\"width\":2160,\"height\":2160,\"caption\":\"Bolsa de Campo Torvol con Sling\"},{\"@type\":\"BreadcrumbList\",\"@id\":\"https:\\\/\\\/iha-race.com\\\/de\\\/producto\\\/feldtasche-torvol-mit-schlinge\\\/#breadcrumb\",\"itemListElement\":[{\"@type\":\"ListItem\",\"position\":1,\"name\":\"Portada\",\"item\":\"https:\\\/\\\/iha-race.com\\\/de\\\/elementor-499\\\/\"},{\"@type\":\"ListItem\",\"position\":2,\"name\":\"Shop\",\"item\":\"https:\\\/\\\/iha-race.com\\\/de\\\/shop\\\/\"},{\"@type\":\"ListItem\",\"position\":3,\"name\":\"Torvol Feldtasche mit Tragegurt\"}]},{\"@type\":\"WebSite\",\"@id\":\"https:\\\/\\\/iha-race.com\\\/de\\\/#website\",\"url\":\"https:\\\/\\\/iha-race.com\\\/de\\\/\",\"name\":\"Iha Race\",\"description\":\"Comprar drones de carreras FPV env\u00edos en un d\u00eda desde Espa\u00f1a\",\"publisher\":{\"@id\":\"https:\\\/\\\/iha-race.com\\\/de\\\/#organization\"},\"potentialAction\":[{\"@type\":\"SearchAction\",\"target\":{\"@type\":\"EntryPoint\",\"urlTemplate\":\"https:\\\/\\\/iha-race.com\\\/de\\\/?s={search_term_string}\"},\"query-input\":{\"@type\":\"PropertyValueSpecification\",\"valueRequired\":true,\"valueName\":\"search_term_string\"}}],\"inLanguage\":\"de\"},{\"@type\":\"Organization\",\"@id\":\"https:\\\/\\\/iha-race.com\\\/de\\\/#organization\",\"name\":\"Iha Race\",\"url\":\"https:\\\/\\\/iha-race.com\\\/de\\\/\",\"logo\":{\"@type\":\"ImageObject\",\"inLanguage\":\"de\",\"@id\":\"https:\\\/\\\/iha-race.com\\\/de\\\/#\\\/schema\\\/logo\\\/image\\\/\",\"url\":\"https:\\\/\\\/iha-race.com\\\/wp-content\\\/uploads\\\/2018\\\/07\\\/iha-race-drones-de-carreras-tienda-comprar-drones.png\",\"contentUrl\":\"https:\\\/\\\/iha-race.com\\\/wp-content\\\/uploads\\\/2018\\\/07\\\/iha-race-drones-de-carreras-tienda-comprar-drones.png\",\"width\":300,\"height\":100,\"caption\":\"Iha Race\"},\"image\":{\"@id\":\"https:\\\/\\\/iha-race.com\\\/de\\\/#\\\/schema\\\/logo\\\/image\\\/\"}}]}<\/script>\n<!-- \/ Yoast SEO plugin. -->","yoast_head_json":{"title":"Torvol Feldtasche mit Tragegurt - Iha Race","robots":{"index":"index","follow":"follow","max-snippet":"max-snippet:-1","max-image-preview":"max-image-preview:large","max-video-preview":"max-video-preview:-1"},"canonical":"https:\/\/iha-race.com\/de\/producto\/feldtasche-torvol-mit-schlinge\/","og_locale":"de_DE","og_type":"article","og_title":"Torvol Feldtasche mit Tragegurt - Iha Race","og_description":"Torvol Feldtasche mit Tragegurt &nbsp; Der beste Ort, um Ihr wichtigstes Zubeh\u00f6r aufzubewahren Falten Sie diese Tasche auf, um sie als Werkzeugg\u00fcrtel zu verwenden. 5 elastische Netztaschen f\u00fcr Kabel, Schl\u00fcssel","og_url":"https:\/\/iha-race.com\/de\/producto\/feldtasche-torvol-mit-schlinge\/","og_site_name":"Iha Race","article_modified_time":"2024-08-29T13:46:44+00:00","og_image":[{"width":2160,"height":2160,"url":"https:\/\/iha-race.com\/wp-content\/uploads\/2020\/12\/Torvol-Sling-Bag-front.jpg","type":"image\/jpeg"}],"twitter_card":"summary_large_image","twitter_misc":{"Gesch\u00e4tzte Lesezeit":"1\u00a0Minute"},"schema":{"@context":"https:\/\/schema.org","@graph":[{"@type":"WebPage","@id":"https:\/\/iha-race.com\/de\/producto\/feldtasche-torvol-mit-schlinge\/","url":"https:\/\/iha-race.com\/de\/producto\/feldtasche-torvol-mit-schlinge\/","name":"Torvol Feldtasche mit Tragegurt - Iha Race","isPartOf":{"@id":"https:\/\/iha-race.com\/de\/#website"},"primaryImageOfPage":{"@id":"https:\/\/iha-race.com\/de\/producto\/feldtasche-torvol-mit-schlinge\/#primaryimage"},"image":{"@id":"https:\/\/iha-race.com\/de\/producto\/feldtasche-torvol-mit-schlinge\/#primaryimage"},"thumbnailUrl":"https:\/\/iha-race.com\/wp-content\/uploads\/2020\/12\/Torvol-Sling-Bag-front.jpg","datePublished":"2020-12-03T10:42:14+00:00","dateModified":"2024-08-29T13:46:44+00:00","breadcrumb":{"@id":"https:\/\/iha-race.com\/de\/producto\/feldtasche-torvol-mit-schlinge\/#breadcrumb"},"inLanguage":"de","potentialAction":[{"@type":"ReadAction","target":["https:\/\/iha-race.com\/de\/producto\/feldtasche-torvol-mit-schlinge\/"]}]},{"@type":"ImageObject","inLanguage":"de","@id":"https:\/\/iha-race.com\/de\/producto\/feldtasche-torvol-mit-schlinge\/#primaryimage","url":"https:\/\/iha-race.com\/wp-content\/uploads\/2020\/12\/Torvol-Sling-Bag-front.jpg","contentUrl":"https:\/\/iha-race.com\/wp-content\/uploads\/2020\/12\/Torvol-Sling-Bag-front.jpg","width":2160,"height":2160,"caption":"Bolsa de Campo Torvol con Sling"},{"@type":"BreadcrumbList","@id":"https:\/\/iha-race.com\/de\/producto\/feldtasche-torvol-mit-schlinge\/#breadcrumb","itemListElement":[{"@type":"ListItem","position":1,"name":"Portada","item":"https:\/\/iha-race.com\/de\/elementor-499\/"},{"@type":"ListItem","position":2,"name":"Shop","item":"https:\/\/iha-race.com\/de\/shop\/"},{"@type":"ListItem","position":3,"name":"Torvol Feldtasche mit Tragegurt"}]},{"@type":"WebSite","@id":"https:\/\/iha-race.com\/de\/#website","url":"https:\/\/iha-race.com\/de\/","name":"Iha Race","description":"Comprar drones de carreras FPV env\u00edos en un d\u00eda desde Espa\u00f1a","publisher":{"@id":"https:\/\/iha-race.com\/de\/#organization"},"potentialAction":[{"@type":"SearchAction","target":{"@type":"EntryPoint","urlTemplate":"https:\/\/iha-race.com\/de\/?s={search_term_string}"},"query-input":{"@type":"PropertyValueSpecification","valueRequired":true,"valueName":"search_term_string"}}],"inLanguage":"de"},{"@type":"Organization","@id":"https:\/\/iha-race.com\/de\/#organization","name":"Iha Race","url":"https:\/\/iha-race.com\/de\/","logo":{"@type":"ImageObject","inLanguage":"de","@id":"https:\/\/iha-race.com\/de\/#\/schema\/logo\/image\/","url":"https:\/\/iha-race.com\/wp-content\/uploads\/2018\/07\/iha-race-drones-de-carreras-tienda-comprar-drones.png","contentUrl":"https:\/\/iha-race.com\/wp-content\/uploads\/2018\/07\/iha-race-drones-de-carreras-tienda-comprar-drones.png","width":300,"height":100,"caption":"Iha Race"},"image":{"@id":"https:\/\/iha-race.com\/de\/#\/schema\/logo\/image\/"}}]}},"brands":[],"_links":{"self":[{"href":"https:\/\/iha-race.com\/de\/wp-json\/wp\/v2\/product\/208866","targetHints":{"allow":["GET"]}}],"collection":[{"href":"https:\/\/iha-race.com\/de\/wp-json\/wp\/v2\/product"}],"about":[{"href":"https:\/\/iha-race.com\/de\/wp-json\/wp\/v2\/types\/product"}],"replies":[{"embeddable":true,"href":"https:\/\/iha-race.com\/de\/wp-json\/wp\/v2\/comments?post=208866"}],"version-history":[{"count":2,"href":"https:\/\/iha-race.com\/de\/wp-json\/wp\/v2\/product\/208866\/revisions"}],"predecessor-version":[{"id":249738,"href":"https:\/\/iha-race.com\/de\/wp-json\/wp\/v2\/product\/208866\/revisions\/249738"}],"wp:featuredmedia":[{"embeddable":true,"href":"https:\/\/iha-race.com\/de\/wp-json\/wp\/v2\/media\/124732"}],"wp:attachment":[{"href":"https:\/\/iha-race.com\/de\/wp-json\/wp\/v2\/media?parent=208866"}],"wp:term":[{"taxonomy":"pwb-brand","embeddable":true,"href":"https:\/\/iha-race.com\/de\/wp-json\/wp\/v2\/pwb-brand?post=208866"},{"taxonomy":"product_cat","embeddable":true,"href":"https:\/\/iha-race.com\/de\/wp-json\/wp\/v2\/product_cat?post=208866"},{"taxonomy":"product_tag","embeddable":true,"href":"https:\/\/iha-race.com\/de\/wp-json\/wp\/v2\/product_tag?post=208866"}],"curies":[{"name":"wp","href":"https:\/\/api.w.org\/{rel}","templated":true}]}}