{"id":208847,"date":"2020-12-29T12:05:15","date_gmt":"2020-12-29T11:05:15","guid":{"rendered":"https:\/\/iha-race.com\/producto\/rahmen-sniperx-licht\/"},"modified":"2024-08-29T12:37:57","modified_gmt":"2024-08-29T10:37:57","slug":"frame-sniperx-light","status":"publish","type":"product","link":"https:\/\/iha-race.com\/de\/producto\/frame-sniperx-light\/","title":{"rendered":"Rahmen SniperX Licht"},"content":{"rendered":"<h2>Rahmen SniperX Licht<\/h2>\n<p>  Leichter FPV-Rennrahmen, entwickelt von SniperX.  <\/p>\n<h2>Merkmale:<\/h2>\n<p>  Mit dem revolution\u00e4ren SniperX Light Drohnen-Renngestell schlagen Sie die Konkurrenz sowohl bei Indoor- als auch bei Outdoor-Rennen.  <img decoding=\"async\" class=\"initial loaded\" src=\"https:\/\/droneshop.nl\/pub\/media\/wysiwyg\/drones\/brands\/sniperframe\/sniperframe-1700-6.jpg\" alt=\"\" data-original=\"https:\/\/droneshop.nl\/pub\/media\/wysiwyg\/drones\/brands\/sniperframe\/sniperframe-1700-6.jpg\" data-was-processed=\"true\"><\/p>\n<p>Leichter <strong>TrueX-Rahmen<\/strong>. Der SniperX Light ist ein Rahmen im TrueX-Design. Das macht die Drohne extrem wendig und schnell in Kurven. Au\u00dferdem ist er unglaublich robust und dank der Wackelplatte gibt es kein Spiel in den Armen. Es ist ein einfacher Rahmen, der leicht zu bauen ist. <img decoding=\"async\" class=\"initial loaded\" src=\"https:\/\/droneshop.nl\/pub\/media\/wysiwyg\/drones\/brands\/sniperframe\/sniperx-frame-1700-2.jpg\" alt=\"\" data-original=\"https:\/\/droneshop.nl\/pub\/media\/wysiwyg\/drones\/brands\/sniperframe\/sniperx-frame-1700-2.jpg\" data-was-processed=\"true\"><strong>20&#215;20 Stack<\/strong> Der SniperX Light hat 20&#215;20 Befestigungsl\u00f6cher f\u00fcr die Anbringung von ESC und Flugregler.<br \/>\nUm zus\u00e4tzliches Gewicht und Gr\u00f6\u00dfe zu sparen, ist es nicht m\u00f6glich, einen 30&#215;30 Stack zu montieren. <strong>Material<\/strong> Der Rahmen ist aus hochwertiger Kohlefaser gefertigt.<br \/>\nDie 5 mm dicken Arme sind separat angebracht, so dass sie nach einem fatalen Absturz leicht ausgetauscht werden k\u00f6nnen. <strong>5-Zoll-Propeller<\/strong> Der SniperX Light Rennrahmen ist f\u00fcr die Verwendung von 5-Zoll- und 5,1-Zoll-Propellern ausgelegt. <img decoding=\"async\" class=\"loaded\" src=\"https:\/\/droneshop.nl\/pub\/media\/wysiwyg\/drones\/brands\/sniperframe\/sniperx-frame-1700.jpg\" alt=\"\" data-original=\"https:\/\/droneshop.nl\/pub\/media\/wysiwyg\/drones\/brands\/sniperframe\/sniperx-frame-1700.jpg\" data-was-processed=\"true\"><strong>3D-Druck<\/strong> Es sind viele 3D-Dateien f\u00fcr den 3D-Druck verf\u00fcgbar.   Von variablen FPV-Kamera- und Antennenhalterungen bis hin zu TBS Nano RX und Unify Pro Halterungen. SniperX hat sich gro\u00dfartig entwickelt. STL-Dateien k\u00f6nnen von <a href=\"https:\/\/sniperframes.com\/3d-print-parts\/\">sniperframes.com<\/a> heruntergeladen werden <a href=\"https:\/\/sniperframes.com\/3d-print-parts\/\">.<\/a><\/p>\n<p><img decoding=\"async\" class=\"loaded\" src=\"https:\/\/droneshop.nl\/pub\/media\/wysiwyg\/drones\/brands\/sniperframe\/sniper-frames-bas.jpg\" alt=\"\" data-original=\"https:\/\/droneshop.nl\/pub\/media\/wysiwyg\/drones\/brands\/sniperframe\/sniper-frames-bas.jpg\" data-was-processed=\"true\"><\/p>\n<p><strong>SniperX<\/strong> Bas van &#8216;t Hul, ein regelm\u00e4\u00dfiges PRO-Team von Droneshop.nl, der unter dem Namen SniperX ein bekanntes Gesicht bei nationalen und internationalen Drohnenrennen ist, hat diesen Rennrahmen aufgrund seiner eigenen Bed\u00fcrfnisse und Interessen entwickelt.  <\/p>\n<h2>Spezifikationen:<\/h2>\n<ul>\n<li>TrueX-Rahmenwerk<\/li>\n<li>135 mm von Motor zu Motor<\/li>\n<li>5 mm dicke und 8,5 mm breite Arme<\/li>\n<li>Untere, mittlere und obere Platte 2 mm dick<\/li>\n<li>2 mm dicke Wackelplatte<\/li>\n<li>25MM Abstandshalter<\/li>\n<li>Die obere Platte hat L\u00f6cher f\u00fcr M2 20&#215;20 Schrauben f\u00fcr Caddx Vista<\/li>\n<li>61 Gramm Gesamtgewicht<\/li>\n<\/ul>\n<h2>Wenn Sie diesen Rahmen kaufen, ist er im Lieferumfang enthalten:<\/h2>\n<ul>\n<li>4 x 5 mm Arme<\/li>\n<li>1 x 2 mm dicke Deckplatte<\/li>\n<li>1 x 2 mm dick Medium Dish<\/li>\n<li>1 x 2 mm dicke Bodenplatte<\/li>\n<li>1 x 2 mm dicke Wackelplatte<\/li>\n<li>1 x Schraubensatz<\/li>\n<li>1 x 40-60 Grad TPU nano FPV Kamerahalterung (Schwarz oder Fluoreszierend Gelb Ihrer Wahl)<\/li>\n<\/ul>\n<p><img fetchpriority=\"high\" decoding=\"async\" class=\"alignnone wp-image-58954 size-large\" src=\"https:\/\/iha-race.com\/wp-content\/uploads\/2020\/12\/Incluido-en-el-paquete-1024x1024.jpg\" alt=\"\" width=\"840\" height=\"840\" srcset=\"https:\/\/iha-race.com\/wp-content\/uploads\/2020\/12\/Incluido-en-el-paquete-1024x1024.jpg 1024w, https:\/\/iha-race.com\/wp-content\/uploads\/2020\/12\/Incluido-en-el-paquete-300x300.jpg 300w, https:\/\/iha-race.com\/wp-content\/uploads\/2020\/12\/Incluido-en-el-paquete-100x100.jpg 100w, https:\/\/iha-race.com\/wp-content\/uploads\/2020\/12\/Incluido-en-el-paquete-600x600.jpg 600w, https:\/\/iha-race.com\/wp-content\/uploads\/2020\/12\/Incluido-en-el-paquete-150x150.jpg 150w, https:\/\/iha-race.com\/wp-content\/uploads\/2020\/12\/Incluido-en-el-paquete-768x768.jpg 768w, https:\/\/iha-race.com\/wp-content\/uploads\/2020\/12\/Incluido-en-el-paquete-1536x1536.jpg 1536w, https:\/\/iha-race.com\/wp-content\/uploads\/2020\/12\/Incluido-en-el-paquete-2048x2048.jpg 2048w, https:\/\/iha-race.com\/wp-content\/uploads\/2020\/12\/Incluido-en-el-paquete-788x788.jpg 788w, https:\/\/iha-race.com\/wp-content\/uploads\/2020\/12\/Incluido-en-el-paquete-135x135.jpg 135w, https:\/\/iha-race.com\/wp-content\/uploads\/2020\/12\/Incluido-en-el-paquete.jpg 960w\" sizes=\"(max-width: 840px) 100vw, 840px\" \/><\/p>\n<p>&nbsp;<\/p>\n","protected":false},"excerpt":{"rendered":"<p><strong>Gestalten Sie es mit diesen <a href=\"https:\/\/iha-race.com\/producto\/set-6-piezas-3d-para-frame-sniperx-light-amarillo-fluor\/\">vollfarbigen 3D-Teilen<\/a><\/strong> individuell!<\/p>\n","protected":false},"featured_media":125108,"comment_status":"open","ping_status":"closed","template":"","meta":{"_joinchat":[]},"pwb-brand":[],"product_cat":[2579,3669],"product_tag":[],"class_list":{"0":"post-208847","1":"product","2":"type-product","3":"status-publish","4":"has-post-thumbnail","6":"product_cat-fpv-drohnen","7":"product_cat-rahmen","9":"first","10":"instock","11":"taxable","12":"shipping-taxable","13":"purchasable","14":"product-type-variable"},"barcode":null,"atum_controlled":true,"out_stock_date":null,"out_stock_threshold":null,"inheritable":true,"stock_on_hold":0,"sold_today":0,"sales_last_days":2,"out_stock_days":0,"lost_sales":0,"update_date":"2026-03-30T08:20:46","atum_locations":[],"atum_stock_status":"instock","restock_status":false,"low_stock_amount":"","sales_update_date":"2026-03-21T10:48:29","calc_backorders":null,"yoast_head":"<!-- This site is optimized with the Yoast SEO plugin v27.3 - https:\/\/yoast.com\/product\/yoast-seo-wordpress\/ -->\n<title>Rahmen SniperX Licht - Iha Race<\/title>\n<meta name=\"robots\" content=\"index, follow, max-snippet:-1, max-image-preview:large, max-video-preview:-1\" \/>\n<link rel=\"canonical\" href=\"https:\/\/iha-race.com\/de\/producto\/frame-sniperx-light\/\" \/>\n<meta property=\"og:locale\" content=\"de_DE\" \/>\n<meta property=\"og:type\" content=\"article\" \/>\n<meta property=\"og:title\" content=\"Rahmen SniperX Licht - Iha Race\" \/>\n<meta property=\"og:description\" content=\"Gestalten Sie es mit diesen vollfarbigen 3D-Teilen individuell!\" \/>\n<meta property=\"og:url\" content=\"https:\/\/iha-race.com\/de\/producto\/frame-sniperx-light\/\" \/>\n<meta property=\"og:site_name\" content=\"Iha Race\" \/>\n<meta property=\"article:modified_time\" content=\"2024-08-29T10:37:57+00:00\" \/>\n<meta property=\"og:image\" content=\"https:\/\/iha-race.com\/wp-content\/uploads\/2020\/12\/sniperx-light-frame-vista-de-pajaro.jpg\" \/>\n\t<meta property=\"og:image:width\" content=\"1000\" \/>\n\t<meta property=\"og:image:height\" content=\"1000\" \/>\n\t<meta property=\"og:image:type\" content=\"image\/jpeg\" \/>\n<meta name=\"twitter:card\" content=\"summary_large_image\" \/>\n<meta name=\"twitter:label1\" content=\"Gesch\u00e4tzte Lesezeit\" \/>\n\t<meta name=\"twitter:data1\" content=\"2\u00a0Minuten\" \/>\n<script type=\"application\/ld+json\" class=\"yoast-schema-graph\">{\"@context\":\"https:\\\/\\\/schema.org\",\"@graph\":[{\"@type\":\"WebPage\",\"@id\":\"https:\\\/\\\/iha-race.com\\\/de\\\/producto\\\/frame-sniperx-light\\\/\",\"url\":\"https:\\\/\\\/iha-race.com\\\/de\\\/producto\\\/frame-sniperx-light\\\/\",\"name\":\"Rahmen SniperX Licht - Iha Race\",\"isPartOf\":{\"@id\":\"https:\\\/\\\/iha-race.com\\\/de\\\/#website\"},\"primaryImageOfPage\":{\"@id\":\"https:\\\/\\\/iha-race.com\\\/de\\\/producto\\\/frame-sniperx-light\\\/#primaryimage\"},\"image\":{\"@id\":\"https:\\\/\\\/iha-race.com\\\/de\\\/producto\\\/frame-sniperx-light\\\/#primaryimage\"},\"thumbnailUrl\":\"https:\\\/\\\/iha-race.com\\\/wp-content\\\/uploads\\\/2020\\\/12\\\/sniperx-light-frame-vista-de-pajaro.jpg\",\"datePublished\":\"2020-12-29T11:05:15+00:00\",\"dateModified\":\"2024-08-29T10:37:57+00:00\",\"breadcrumb\":{\"@id\":\"https:\\\/\\\/iha-race.com\\\/de\\\/producto\\\/frame-sniperx-light\\\/#breadcrumb\"},\"inLanguage\":\"de\",\"potentialAction\":[{\"@type\":\"ReadAction\",\"target\":[\"https:\\\/\\\/iha-race.com\\\/de\\\/producto\\\/frame-sniperx-light\\\/\"]}]},{\"@type\":\"ImageObject\",\"inLanguage\":\"de\",\"@id\":\"https:\\\/\\\/iha-race.com\\\/de\\\/producto\\\/frame-sniperx-light\\\/#primaryimage\",\"url\":\"https:\\\/\\\/iha-race.com\\\/wp-content\\\/uploads\\\/2020\\\/12\\\/sniperx-light-frame-vista-de-pajaro.jpg\",\"contentUrl\":\"https:\\\/\\\/iha-race.com\\\/wp-content\\\/uploads\\\/2020\\\/12\\\/sniperx-light-frame-vista-de-pajaro.jpg\",\"width\":1000,\"height\":1000},{\"@type\":\"BreadcrumbList\",\"@id\":\"https:\\\/\\\/iha-race.com\\\/de\\\/producto\\\/frame-sniperx-light\\\/#breadcrumb\",\"itemListElement\":[{\"@type\":\"ListItem\",\"position\":1,\"name\":\"Portada\",\"item\":\"https:\\\/\\\/iha-race.com\\\/de\\\/elementor-499\\\/\"},{\"@type\":\"ListItem\",\"position\":2,\"name\":\"Shop\",\"item\":\"https:\\\/\\\/iha-race.com\\\/de\\\/shop\\\/\"},{\"@type\":\"ListItem\",\"position\":3,\"name\":\"Rahmen SniperX Licht\"}]},{\"@type\":\"WebSite\",\"@id\":\"https:\\\/\\\/iha-race.com\\\/de\\\/#website\",\"url\":\"https:\\\/\\\/iha-race.com\\\/de\\\/\",\"name\":\"Iha Race\",\"description\":\"Comprar drones de carreras FPV env\u00edos en un d\u00eda desde Espa\u00f1a\",\"publisher\":{\"@id\":\"https:\\\/\\\/iha-race.com\\\/de\\\/#organization\"},\"potentialAction\":[{\"@type\":\"SearchAction\",\"target\":{\"@type\":\"EntryPoint\",\"urlTemplate\":\"https:\\\/\\\/iha-race.com\\\/de\\\/?s={search_term_string}\"},\"query-input\":{\"@type\":\"PropertyValueSpecification\",\"valueRequired\":true,\"valueName\":\"search_term_string\"}}],\"inLanguage\":\"de\"},{\"@type\":\"Organization\",\"@id\":\"https:\\\/\\\/iha-race.com\\\/de\\\/#organization\",\"name\":\"Iha Race\",\"url\":\"https:\\\/\\\/iha-race.com\\\/de\\\/\",\"logo\":{\"@type\":\"ImageObject\",\"inLanguage\":\"de\",\"@id\":\"https:\\\/\\\/iha-race.com\\\/de\\\/#\\\/schema\\\/logo\\\/image\\\/\",\"url\":\"https:\\\/\\\/iha-race.com\\\/wp-content\\\/uploads\\\/2018\\\/07\\\/iha-race-drones-de-carreras-tienda-comprar-drones.png\",\"contentUrl\":\"https:\\\/\\\/iha-race.com\\\/wp-content\\\/uploads\\\/2018\\\/07\\\/iha-race-drones-de-carreras-tienda-comprar-drones.png\",\"width\":300,\"height\":100,\"caption\":\"Iha Race\"},\"image\":{\"@id\":\"https:\\\/\\\/iha-race.com\\\/de\\\/#\\\/schema\\\/logo\\\/image\\\/\"}}]}<\/script>\n<!-- \/ Yoast SEO plugin. -->","yoast_head_json":{"title":"Rahmen SniperX Licht - Iha Race","robots":{"index":"index","follow":"follow","max-snippet":"max-snippet:-1","max-image-preview":"max-image-preview:large","max-video-preview":"max-video-preview:-1"},"canonical":"https:\/\/iha-race.com\/de\/producto\/frame-sniperx-light\/","og_locale":"de_DE","og_type":"article","og_title":"Rahmen SniperX Licht - Iha Race","og_description":"Gestalten Sie es mit diesen vollfarbigen 3D-Teilen individuell!","og_url":"https:\/\/iha-race.com\/de\/producto\/frame-sniperx-light\/","og_site_name":"Iha Race","article_modified_time":"2024-08-29T10:37:57+00:00","og_image":[{"width":1000,"height":1000,"url":"https:\/\/iha-race.com\/wp-content\/uploads\/2020\/12\/sniperx-light-frame-vista-de-pajaro.jpg","type":"image\/jpeg"}],"twitter_card":"summary_large_image","twitter_misc":{"Gesch\u00e4tzte Lesezeit":"2\u00a0Minuten"},"schema":{"@context":"https:\/\/schema.org","@graph":[{"@type":"WebPage","@id":"https:\/\/iha-race.com\/de\/producto\/frame-sniperx-light\/","url":"https:\/\/iha-race.com\/de\/producto\/frame-sniperx-light\/","name":"Rahmen SniperX Licht - Iha Race","isPartOf":{"@id":"https:\/\/iha-race.com\/de\/#website"},"primaryImageOfPage":{"@id":"https:\/\/iha-race.com\/de\/producto\/frame-sniperx-light\/#primaryimage"},"image":{"@id":"https:\/\/iha-race.com\/de\/producto\/frame-sniperx-light\/#primaryimage"},"thumbnailUrl":"https:\/\/iha-race.com\/wp-content\/uploads\/2020\/12\/sniperx-light-frame-vista-de-pajaro.jpg","datePublished":"2020-12-29T11:05:15+00:00","dateModified":"2024-08-29T10:37:57+00:00","breadcrumb":{"@id":"https:\/\/iha-race.com\/de\/producto\/frame-sniperx-light\/#breadcrumb"},"inLanguage":"de","potentialAction":[{"@type":"ReadAction","target":["https:\/\/iha-race.com\/de\/producto\/frame-sniperx-light\/"]}]},{"@type":"ImageObject","inLanguage":"de","@id":"https:\/\/iha-race.com\/de\/producto\/frame-sniperx-light\/#primaryimage","url":"https:\/\/iha-race.com\/wp-content\/uploads\/2020\/12\/sniperx-light-frame-vista-de-pajaro.jpg","contentUrl":"https:\/\/iha-race.com\/wp-content\/uploads\/2020\/12\/sniperx-light-frame-vista-de-pajaro.jpg","width":1000,"height":1000},{"@type":"BreadcrumbList","@id":"https:\/\/iha-race.com\/de\/producto\/frame-sniperx-light\/#breadcrumb","itemListElement":[{"@type":"ListItem","position":1,"name":"Portada","item":"https:\/\/iha-race.com\/de\/elementor-499\/"},{"@type":"ListItem","position":2,"name":"Shop","item":"https:\/\/iha-race.com\/de\/shop\/"},{"@type":"ListItem","position":3,"name":"Rahmen SniperX Licht"}]},{"@type":"WebSite","@id":"https:\/\/iha-race.com\/de\/#website","url":"https:\/\/iha-race.com\/de\/","name":"Iha Race","description":"Comprar drones de carreras FPV env\u00edos en un d\u00eda desde Espa\u00f1a","publisher":{"@id":"https:\/\/iha-race.com\/de\/#organization"},"potentialAction":[{"@type":"SearchAction","target":{"@type":"EntryPoint","urlTemplate":"https:\/\/iha-race.com\/de\/?s={search_term_string}"},"query-input":{"@type":"PropertyValueSpecification","valueRequired":true,"valueName":"search_term_string"}}],"inLanguage":"de"},{"@type":"Organization","@id":"https:\/\/iha-race.com\/de\/#organization","name":"Iha Race","url":"https:\/\/iha-race.com\/de\/","logo":{"@type":"ImageObject","inLanguage":"de","@id":"https:\/\/iha-race.com\/de\/#\/schema\/logo\/image\/","url":"https:\/\/iha-race.com\/wp-content\/uploads\/2018\/07\/iha-race-drones-de-carreras-tienda-comprar-drones.png","contentUrl":"https:\/\/iha-race.com\/wp-content\/uploads\/2018\/07\/iha-race-drones-de-carreras-tienda-comprar-drones.png","width":300,"height":100,"caption":"Iha Race"},"image":{"@id":"https:\/\/iha-race.com\/de\/#\/schema\/logo\/image\/"}}]}},"brands":[],"_links":{"self":[{"href":"https:\/\/iha-race.com\/de\/wp-json\/wp\/v2\/product\/208847","targetHints":{"allow":["GET"]}}],"collection":[{"href":"https:\/\/iha-race.com\/de\/wp-json\/wp\/v2\/product"}],"about":[{"href":"https:\/\/iha-race.com\/de\/wp-json\/wp\/v2\/types\/product"}],"replies":[{"embeddable":true,"href":"https:\/\/iha-race.com\/de\/wp-json\/wp\/v2\/comments?post=208847"}],"version-history":[{"count":2,"href":"https:\/\/iha-race.com\/de\/wp-json\/wp\/v2\/product\/208847\/revisions"}],"predecessor-version":[{"id":249715,"href":"https:\/\/iha-race.com\/de\/wp-json\/wp\/v2\/product\/208847\/revisions\/249715"}],"wp:featuredmedia":[{"embeddable":true,"href":"https:\/\/iha-race.com\/de\/wp-json\/wp\/v2\/media\/125108"}],"wp:attachment":[{"href":"https:\/\/iha-race.com\/de\/wp-json\/wp\/v2\/media?parent=208847"}],"wp:term":[{"taxonomy":"pwb-brand","embeddable":true,"href":"https:\/\/iha-race.com\/de\/wp-json\/wp\/v2\/pwb-brand?post=208847"},{"taxonomy":"product_cat","embeddable":true,"href":"https:\/\/iha-race.com\/de\/wp-json\/wp\/v2\/product_cat?post=208847"},{"taxonomy":"product_tag","embeddable":true,"href":"https:\/\/iha-race.com\/de\/wp-json\/wp\/v2\/product_tag?post=208847"}],"curies":[{"name":"wp","href":"https:\/\/api.w.org\/{rel}","templated":true}]}}