{"id":208838,"date":"2020-11-10T16:19:12","date_gmt":"2020-11-10T15:19:12","guid":{"rendered":"https:\/\/iha-race.com\/producto\/rennen-draht-iha-race\/"},"modified":"2026-03-21T19:39:07","modified_gmt":"2026-03-21T18:39:07","slug":"race-wire-iha-race","status":"publish","type":"product","link":"https:\/\/iha-race.com\/de\/producto\/race-wire-iha-race\/","title":{"rendered":"Rennen Draht IHA RACE"},"content":{"rendered":"<h2>Rennen Draht IHA RACE<\/h2>\n<p>  Eine saubere Methode, um Motorkabel in Ihren Armen loszuwerden. Kleben Sie diese Platine einfach zusammen und l\u00f6ten Sie den Motor und den Regler an den gegen\u00fcberliegenden Enden an. Unser Race Wire ist in zwei Gr\u00f6\u00dfen erh\u00e4ltlich: Standard und Mini. Dieses Wireboard ist das perfekte Upgrade f\u00fcr Rennen oder Freestyle. Es ersetzt einfach einen Teil der Motorkabel unter den Propellerspitzen und macht Ihr Quad immun gegen Propellerschlagsch\u00e4den. Wenn eine St\u00fctze bei einer Kollision verbogen wird, wird die Spitze vom Race Wire Board abgelenkt. Nach der Installation von Race Wire k\u00f6nnen Sie sehr schnell und ohne Ihr Quad \u00f6ffnen zu m\u00fcssen, um auf den Regler oder das AIO 4in1 Board zuzugreifen, \u00c4nderungen am Motor vornehmen. Au\u00dferdem erhalten Sie eine flache Oberfl\u00e4che, auf der Sie die nach oben gerichteten LEDs montieren k\u00f6nnen.  <\/p>\n<h2>Eigenschaften<\/h2>\n<ul>\n<li>2-lagige Kupferplatte.<\/li>\n<li>Standardgr\u00f6\u00dfe: 29 x 10 x 1 mm<\/li>\n<li>Mini-Gr\u00f6\u00dfe: 15 x 7 x 1 mm<\/li>\n<li>Jedes Set besteht aus 5 einzelnen Brettern.<\/li>\n<\/ul>\n<h2>Wenn Sie unser Race Wire kaufen, ist es im Lieferumfang enthalten:<\/h2>\n<ul>\n<li>5 x Renndraht IHA RACE (wahlweise in Standard- oder Mini-Gr\u00f6\u00dfe)<\/li>\n<\/ul>\n<p>&nbsp;<\/p>\n<h2>** <strong><em>IST EINE ISOLIERUNG ZWISCHEN DER KOHLE UND DER PLATTE ERFORDERLICH.<\/em><\/strong><\/h2>\n","protected":false},"excerpt":{"rendered":"<p>Rennen Draht IHA RACE Eine saubere Methode, um Motorkabel in Ihren Armen loszuwerden. Kleben Sie diese Platine einfach zusammen und l\u00f6ten Sie den Motor und den Regler an den gegen\u00fcberliegenden<\/p>\n","protected":false},"featured_media":124163,"comment_status":"open","ping_status":"closed","template":"","meta":{"_joinchat":[]},"pwb-brand":[3586],"product_cat":[2700,2579,2617,3669,2638],"product_tag":[],"class_list":{"0":"post-208838","1":"product","2":"type-product","3":"status-publish","4":"has-post-thumbnail","6":"pwb-brand-iha-race","7":"product_cat-esc-wechselrichter","8":"product_cat-fpv-drohnen","9":"product_cat-fpv-motoren","10":"product_cat-rahmen","11":"product_cat-zubehor-und-ersatzteile","13":"first","14":"instock","15":"taxable","16":"shipping-taxable","17":"purchasable","18":"product-type-variable"},"barcode":null,"atum_controlled":true,"out_stock_date":null,"out_stock_threshold":null,"inheritable":true,"stock_on_hold":0,"sold_today":0,"sales_last_days":10,"out_stock_days":0,"lost_sales":0,"update_date":"2026-04-15T16:01:49","atum_locations":[],"atum_stock_status":"instock","restock_status":false,"low_stock_amount":"","sales_update_date":"2026-04-08T10:17:12","calc_backorders":null,"yoast_head":"<!-- This site is optimized with the Yoast SEO plugin v27.3 - https:\/\/yoast.com\/product\/yoast-seo-wordpress\/ -->\n<title>Rennen Draht IHA RACE - Iha Race<\/title>\n<meta name=\"robots\" content=\"index, follow, max-snippet:-1, max-image-preview:large, max-video-preview:-1\" \/>\n<link rel=\"canonical\" href=\"https:\/\/iha-race.com\/de\/producto\/race-wire-iha-race\/\" \/>\n<meta property=\"og:locale\" content=\"de_DE\" \/>\n<meta property=\"og:type\" content=\"article\" \/>\n<meta property=\"og:title\" content=\"Rennen Draht IHA RACE - Iha Race\" \/>\n<meta property=\"og:description\" content=\"Rennen Draht IHA RACE Eine saubere Methode, um Motorkabel in Ihren Armen loszuwerden. Kleben Sie diese Platine einfach zusammen und l\u00f6ten Sie den Motor und den Regler an den gegen\u00fcberliegenden\" \/>\n<meta property=\"og:url\" content=\"https:\/\/iha-race.com\/de\/producto\/race-wire-iha-race\/\" \/>\n<meta property=\"og:site_name\" content=\"Iha Race\" \/>\n<meta property=\"article:modified_time\" content=\"2026-03-21T18:39:07+00:00\" \/>\n<meta property=\"og:image\" content=\"https:\/\/iha-race.com\/wp-content\/uploads\/2020\/11\/tablero-de-cableado-race-wire-set-1.jpg\" \/>\n\t<meta property=\"og:image:width\" content=\"800\" \/>\n\t<meta property=\"og:image:height\" content=\"800\" \/>\n\t<meta property=\"og:image:type\" content=\"image\/jpeg\" \/>\n<meta name=\"twitter:card\" content=\"summary_large_image\" \/>\n<meta name=\"twitter:label1\" content=\"Gesch\u00e4tzte Lesezeit\" \/>\n\t<meta name=\"twitter:data1\" content=\"1\u00a0Minute\" \/>\n<script type=\"application\/ld+json\" class=\"yoast-schema-graph\">{\"@context\":\"https:\\\/\\\/schema.org\",\"@graph\":[{\"@type\":\"WebPage\",\"@id\":\"https:\\\/\\\/iha-race.com\\\/de\\\/producto\\\/race-wire-iha-race\\\/\",\"url\":\"https:\\\/\\\/iha-race.com\\\/de\\\/producto\\\/race-wire-iha-race\\\/\",\"name\":\"Rennen Draht IHA RACE - Iha Race\",\"isPartOf\":{\"@id\":\"https:\\\/\\\/iha-race.com\\\/de\\\/#website\"},\"primaryImageOfPage\":{\"@id\":\"https:\\\/\\\/iha-race.com\\\/de\\\/producto\\\/race-wire-iha-race\\\/#primaryimage\"},\"image\":{\"@id\":\"https:\\\/\\\/iha-race.com\\\/de\\\/producto\\\/race-wire-iha-race\\\/#primaryimage\"},\"thumbnailUrl\":\"https:\\\/\\\/iha-race.com\\\/wp-content\\\/uploads\\\/2020\\\/11\\\/tablero-de-cableado-race-wire-set-1.jpg\",\"datePublished\":\"2020-11-10T15:19:12+00:00\",\"dateModified\":\"2026-03-21T18:39:07+00:00\",\"breadcrumb\":{\"@id\":\"https:\\\/\\\/iha-race.com\\\/de\\\/producto\\\/race-wire-iha-race\\\/#breadcrumb\"},\"inLanguage\":\"de\",\"potentialAction\":[{\"@type\":\"ReadAction\",\"target\":[\"https:\\\/\\\/iha-race.com\\\/de\\\/producto\\\/race-wire-iha-race\\\/\"]}]},{\"@type\":\"ImageObject\",\"inLanguage\":\"de\",\"@id\":\"https:\\\/\\\/iha-race.com\\\/de\\\/producto\\\/race-wire-iha-race\\\/#primaryimage\",\"url\":\"https:\\\/\\\/iha-race.com\\\/wp-content\\\/uploads\\\/2020\\\/11\\\/tablero-de-cableado-race-wire-set-1.jpg\",\"contentUrl\":\"https:\\\/\\\/iha-race.com\\\/wp-content\\\/uploads\\\/2020\\\/11\\\/tablero-de-cableado-race-wire-set-1.jpg\",\"width\":800,\"height\":800},{\"@type\":\"BreadcrumbList\",\"@id\":\"https:\\\/\\\/iha-race.com\\\/de\\\/producto\\\/race-wire-iha-race\\\/#breadcrumb\",\"itemListElement\":[{\"@type\":\"ListItem\",\"position\":1,\"name\":\"Portada\",\"item\":\"https:\\\/\\\/iha-race.com\\\/de\\\/elementor-499\\\/\"},{\"@type\":\"ListItem\",\"position\":2,\"name\":\"Shop\",\"item\":\"https:\\\/\\\/iha-race.com\\\/de\\\/shop\\\/\"},{\"@type\":\"ListItem\",\"position\":3,\"name\":\"Rennen Draht IHA RACE\"}]},{\"@type\":\"WebSite\",\"@id\":\"https:\\\/\\\/iha-race.com\\\/de\\\/#website\",\"url\":\"https:\\\/\\\/iha-race.com\\\/de\\\/\",\"name\":\"Iha Race\",\"description\":\"Comprar drones de carreras FPV env\u00edos en un d\u00eda desde Espa\u00f1a\",\"publisher\":{\"@id\":\"https:\\\/\\\/iha-race.com\\\/de\\\/#organization\"},\"potentialAction\":[{\"@type\":\"SearchAction\",\"target\":{\"@type\":\"EntryPoint\",\"urlTemplate\":\"https:\\\/\\\/iha-race.com\\\/de\\\/?s={search_term_string}\"},\"query-input\":{\"@type\":\"PropertyValueSpecification\",\"valueRequired\":true,\"valueName\":\"search_term_string\"}}],\"inLanguage\":\"de\"},{\"@type\":\"Organization\",\"@id\":\"https:\\\/\\\/iha-race.com\\\/de\\\/#organization\",\"name\":\"Iha Race\",\"url\":\"https:\\\/\\\/iha-race.com\\\/de\\\/\",\"logo\":{\"@type\":\"ImageObject\",\"inLanguage\":\"de\",\"@id\":\"https:\\\/\\\/iha-race.com\\\/de\\\/#\\\/schema\\\/logo\\\/image\\\/\",\"url\":\"https:\\\/\\\/iha-race.com\\\/wp-content\\\/uploads\\\/2018\\\/07\\\/iha-race-drones-de-carreras-tienda-comprar-drones.png\",\"contentUrl\":\"https:\\\/\\\/iha-race.com\\\/wp-content\\\/uploads\\\/2018\\\/07\\\/iha-race-drones-de-carreras-tienda-comprar-drones.png\",\"width\":300,\"height\":100,\"caption\":\"Iha Race\"},\"image\":{\"@id\":\"https:\\\/\\\/iha-race.com\\\/de\\\/#\\\/schema\\\/logo\\\/image\\\/\"}}]}<\/script>\n<!-- \/ Yoast SEO plugin. -->","yoast_head_json":{"title":"Rennen Draht IHA RACE - Iha Race","robots":{"index":"index","follow":"follow","max-snippet":"max-snippet:-1","max-image-preview":"max-image-preview:large","max-video-preview":"max-video-preview:-1"},"canonical":"https:\/\/iha-race.com\/de\/producto\/race-wire-iha-race\/","og_locale":"de_DE","og_type":"article","og_title":"Rennen Draht IHA RACE - Iha Race","og_description":"Rennen Draht IHA RACE Eine saubere Methode, um Motorkabel in Ihren Armen loszuwerden. Kleben Sie diese Platine einfach zusammen und l\u00f6ten Sie den Motor und den Regler an den gegen\u00fcberliegenden","og_url":"https:\/\/iha-race.com\/de\/producto\/race-wire-iha-race\/","og_site_name":"Iha Race","article_modified_time":"2026-03-21T18:39:07+00:00","og_image":[{"width":800,"height":800,"url":"https:\/\/iha-race.com\/wp-content\/uploads\/2020\/11\/tablero-de-cableado-race-wire-set-1.jpg","type":"image\/jpeg"}],"twitter_card":"summary_large_image","twitter_misc":{"Gesch\u00e4tzte Lesezeit":"1\u00a0Minute"},"schema":{"@context":"https:\/\/schema.org","@graph":[{"@type":"WebPage","@id":"https:\/\/iha-race.com\/de\/producto\/race-wire-iha-race\/","url":"https:\/\/iha-race.com\/de\/producto\/race-wire-iha-race\/","name":"Rennen Draht IHA RACE - Iha Race","isPartOf":{"@id":"https:\/\/iha-race.com\/de\/#website"},"primaryImageOfPage":{"@id":"https:\/\/iha-race.com\/de\/producto\/race-wire-iha-race\/#primaryimage"},"image":{"@id":"https:\/\/iha-race.com\/de\/producto\/race-wire-iha-race\/#primaryimage"},"thumbnailUrl":"https:\/\/iha-race.com\/wp-content\/uploads\/2020\/11\/tablero-de-cableado-race-wire-set-1.jpg","datePublished":"2020-11-10T15:19:12+00:00","dateModified":"2026-03-21T18:39:07+00:00","breadcrumb":{"@id":"https:\/\/iha-race.com\/de\/producto\/race-wire-iha-race\/#breadcrumb"},"inLanguage":"de","potentialAction":[{"@type":"ReadAction","target":["https:\/\/iha-race.com\/de\/producto\/race-wire-iha-race\/"]}]},{"@type":"ImageObject","inLanguage":"de","@id":"https:\/\/iha-race.com\/de\/producto\/race-wire-iha-race\/#primaryimage","url":"https:\/\/iha-race.com\/wp-content\/uploads\/2020\/11\/tablero-de-cableado-race-wire-set-1.jpg","contentUrl":"https:\/\/iha-race.com\/wp-content\/uploads\/2020\/11\/tablero-de-cableado-race-wire-set-1.jpg","width":800,"height":800},{"@type":"BreadcrumbList","@id":"https:\/\/iha-race.com\/de\/producto\/race-wire-iha-race\/#breadcrumb","itemListElement":[{"@type":"ListItem","position":1,"name":"Portada","item":"https:\/\/iha-race.com\/de\/elementor-499\/"},{"@type":"ListItem","position":2,"name":"Shop","item":"https:\/\/iha-race.com\/de\/shop\/"},{"@type":"ListItem","position":3,"name":"Rennen Draht IHA RACE"}]},{"@type":"WebSite","@id":"https:\/\/iha-race.com\/de\/#website","url":"https:\/\/iha-race.com\/de\/","name":"Iha Race","description":"Comprar drones de carreras FPV env\u00edos en un d\u00eda desde Espa\u00f1a","publisher":{"@id":"https:\/\/iha-race.com\/de\/#organization"},"potentialAction":[{"@type":"SearchAction","target":{"@type":"EntryPoint","urlTemplate":"https:\/\/iha-race.com\/de\/?s={search_term_string}"},"query-input":{"@type":"PropertyValueSpecification","valueRequired":true,"valueName":"search_term_string"}}],"inLanguage":"de"},{"@type":"Organization","@id":"https:\/\/iha-race.com\/de\/#organization","name":"Iha Race","url":"https:\/\/iha-race.com\/de\/","logo":{"@type":"ImageObject","inLanguage":"de","@id":"https:\/\/iha-race.com\/de\/#\/schema\/logo\/image\/","url":"https:\/\/iha-race.com\/wp-content\/uploads\/2018\/07\/iha-race-drones-de-carreras-tienda-comprar-drones.png","contentUrl":"https:\/\/iha-race.com\/wp-content\/uploads\/2018\/07\/iha-race-drones-de-carreras-tienda-comprar-drones.png","width":300,"height":100,"caption":"Iha Race"},"image":{"@id":"https:\/\/iha-race.com\/de\/#\/schema\/logo\/image\/"}}]}},"jetpack_sharing_enabled":true,"brands":[{"id":3586,"name":"IHA Race","slug":"iha-race"}],"_links":{"self":[{"href":"https:\/\/iha-race.com\/de\/wp-json\/wp\/v2\/product\/208838","targetHints":{"allow":["GET"]}}],"collection":[{"href":"https:\/\/iha-race.com\/de\/wp-json\/wp\/v2\/product"}],"about":[{"href":"https:\/\/iha-race.com\/de\/wp-json\/wp\/v2\/types\/product"}],"replies":[{"embeddable":true,"href":"https:\/\/iha-race.com\/de\/wp-json\/wp\/v2\/comments?post=208838"}],"version-history":[{"count":2,"href":"https:\/\/iha-race.com\/de\/wp-json\/wp\/v2\/product\/208838\/revisions"}],"predecessor-version":[{"id":249758,"href":"https:\/\/iha-race.com\/de\/wp-json\/wp\/v2\/product\/208838\/revisions\/249758"}],"wp:featuredmedia":[{"embeddable":true,"href":"https:\/\/iha-race.com\/de\/wp-json\/wp\/v2\/media\/124163"}],"wp:attachment":[{"href":"https:\/\/iha-race.com\/de\/wp-json\/wp\/v2\/media?parent=208838"}],"wp:term":[{"taxonomy":"pwb-brand","embeddable":true,"href":"https:\/\/iha-race.com\/de\/wp-json\/wp\/v2\/pwb-brand?post=208838"},{"taxonomy":"product_cat","embeddable":true,"href":"https:\/\/iha-race.com\/de\/wp-json\/wp\/v2\/product_cat?post=208838"},{"taxonomy":"product_tag","embeddable":true,"href":"https:\/\/iha-race.com\/de\/wp-json\/wp\/v2\/product_tag?post=208838"}],"curies":[{"name":"wp","href":"https:\/\/api.w.org\/{rel}","templated":true}]}}