{"id":208831,"date":"2021-01-19T16:07:16","date_gmt":"2021-01-19T15:07:16","guid":{"rendered":"https:\/\/iha-race.com\/producto\/pigtail-kabelsatz-betafpv-fuer-whoop-4-5s-xt60-16awg\/"},"modified":"2025-07-03T20:10:52","modified_gmt":"2025-07-03T18:10:52","slug":"set-de-cables-pigtail-betafpv-for-whoop-4-5s-xt60-16awg","status":"publish","type":"product","link":"https:\/\/iha-race.com\/de\/producto\/set-de-cables-pigtail-betafpv-for-whoop-4-5s-xt60-16awg\/","title":{"rendered":"Pigtail Kabelsatz BETAFPV f\u00fcr Whoop 4-5S (XT60 16AWG)"},"content":{"rendered":"<h2>Pigtail Kabelsatz BETAFPV f\u00fcr Whoop 4- 5S (XT60 16AWG)<\/h2>\n<p>  Dieses Stromkabel mit XT60-Stecker ist speziell f\u00fcr 4-5S-Whoop-Drohnen konzipiert und mit einem Kondensator mit 25V \/ 680\u03bcF verl\u00f6tet, um die ESC-Platine zu sch\u00fctzen und die Defektrate durch sofortige Hochspannung zu reduzieren. Seine Tragf\u00e4higkeit betr\u00e4gt bis zu 4-5S. Geeignet f\u00fcr F4 AIO 20A FC und Quad X-Knight 4&#8220;.  <\/p>\n<h2>Merkmale:<\/h2>\n<ul>\n<li>Dieser XT60-Steckverbinder hat einen zus\u00e4tzlichen Elektrolytkondensator mit 25V \/ 680\u03bcF, um die ESC-Platine zu sch\u00fctzen.<\/li>\n<li>Adopted hitzebest\u00e4ndig weiches Silikonkabel, ist die maximale Temperaturbest\u00e4ndigkeit 200 \u2103.<\/li>\n<li>Der BETAFPV XT60 Stecker ist geeignet f\u00fcr F4 AIO 20A FC Stick und 4S X-Knight 4&#8243; FPV Stick Quadcopter.<\/li>\n<li>Das Stromkabel mit XT60-Stecker kann 4-5S Strom unterst\u00fctzen. Kann mit F4 AIO 20A Zahnstocher FC und X-Knight 4&#8243; FPV Zahnstocher Quadcopter verwendet werden. Mehr Leistung.<\/li>\n<li>Der XT60-Stecker hat eine L\u00e4nge von 80 mm mit einem 16AWG-Silikonkabel, wiegt 8,9 g\/Stk.<\/li>\n<\/ul>\n<p><img decoding=\"async\" src=\"https:\/\/cdn.shopify.com\/s\/files\/1\/1778\/6615\/files\/8b465053d72bf33c227fa9eedfc2486b_ee46058c-24e2-4e11-a9ec-dd7c7817094c_480x480.jpg?v=1579141580\" alt=\"\"><\/p>\n<h2>Spezifikationen:<\/h2>\n<ul>\n<li>Leistung: 4-5S<\/li>\n<li>Gewicht: 8,2 g \/ St\u00fcck<\/li>\n<li>Anschluss: XT60<\/li>\n<li>L\u00e4nge: 80 mm (einschlie\u00dflich Stecker)<\/li>\n<li>Maximale Temperaturbest\u00e4ndigkeit: 200 \u00b0 C<\/li>\n<li>Spezifikation des Elektrolytkondensators: 25V \/ 680\u03bc<\/li>\n<li>Kabel: 16AWG hitzebest\u00e4ndiges weiches Silikonkabel<\/li>\n<li>Anwendung: F4 AIO 20A FC- Whoop Version, Toothpick Version \/ Quad X-Knight 4&#8220;.<\/li>\n<\/ul>\n<p><img decoding=\"async\" src=\"https:\/\/cdn.shopify.com\/s\/files\/1\/1778\/6615\/files\/f7d7c897f798fc44c391847188c3ac79_c7892804-de0c-49be-99e5-7dda39e01290_480x480.jpg?v=1579141530\" alt=\"\"><\/p>\n<div><\/div>\n<h2>Das Paket enth\u00e4lt:<\/h2>\n<div>\n<ul>\n<li>6 x Flexible Kabel f\u00fcr Whoop 4-5S (XT60)<\/li>\n<\/ul>\n<\/div>\n","protected":false},"excerpt":{"rendered":"<p>Pigtail Kabelsatz BETAFPV f\u00fcr Whoop 4- 5S (XT60 16AWG) Dieses Stromkabel mit XT60-Stecker ist speziell f\u00fcr 4-5S-Whoop-Drohnen konzipiert und mit einem Kondensator mit 25V \/ 680\u03bcF verl\u00f6tet, um die ESC-Platine<\/p>\n","protected":false},"featured_media":125358,"comment_status":"open","ping_status":"closed","template":"","meta":{"_joinchat":[]},"pwb-brand":[],"product_cat":[1438,1697,1136,1137],"product_tag":[],"class_list":{"0":"post-208831","1":"product","2":"type-product","3":"status-publish","4":"has-post-thumbnail","6":"product_cat-droni-fpv","7":"product_cat-microdroni-fpv","8":"product_cat-cavi","9":"product_cat-connettori","11":"first","12":"instock","13":"taxable","14":"shipping-taxable","15":"purchasable","16":"product-type-simple"},"barcode":null,"atum_controlled":true,"out_stock_date":null,"out_stock_threshold":null,"inheritable":false,"stock_on_hold":0,"sold_today":0,"sales_last_days":0,"out_stock_days":0,"lost_sales":0,"update_date":"2026-05-06T23:41:34","atum_locations":[],"atum_stock_status":"instock","restock_status":false,"low_stock_amount":"","sales_update_date":"2026-05-06T23:41:34","calc_backorders":null,"yoast_head":"<!-- This site is optimized with the Yoast SEO plugin v27.3 - https:\/\/yoast.com\/product\/yoast-seo-wordpress\/ -->\n<title>Pigtail Kabelsatz BETAFPV f\u00fcr Whoop 4-5S (XT60 16AWG) - Iha Race<\/title>\n<meta name=\"robots\" content=\"index, follow, max-snippet:-1, max-image-preview:large, max-video-preview:-1\" \/>\n<link rel=\"canonical\" href=\"https:\/\/iha-race.com\/de\/producto\/set-de-cables-pigtail-betafpv-for-whoop-4-5s-xt60-16awg\/\" \/>\n<meta property=\"og:locale\" content=\"de_DE\" \/>\n<meta property=\"og:type\" content=\"article\" \/>\n<meta property=\"og:title\" content=\"Pigtail Kabelsatz BETAFPV f\u00fcr Whoop 4-5S (XT60 16AWG) - Iha Race\" \/>\n<meta property=\"og:description\" content=\"Pigtail Kabelsatz BETAFPV f\u00fcr Whoop 4- 5S (XT60 16AWG) Dieses Stromkabel mit XT60-Stecker ist speziell f\u00fcr 4-5S-Whoop-Drohnen konzipiert und mit einem Kondensator mit 25V \/ 680\u03bcF verl\u00f6tet, um die ESC-Platine\" \/>\n<meta property=\"og:url\" content=\"https:\/\/iha-race.com\/de\/producto\/set-de-cables-pigtail-betafpv-for-whoop-4-5s-xt60-16awg\/\" \/>\n<meta property=\"og:site_name\" content=\"Iha Race\" \/>\n<meta property=\"article:modified_time\" content=\"2025-07-03T18:10:52+00:00\" \/>\n<meta property=\"og:image\" content=\"https:\/\/iha-race.com\/wp-content\/uploads\/2021\/01\/Set-de-6-Cables-Pigtail-BETAFPV-Whoop-4-5S-XT60-16AWG.jpg\" \/>\n\t<meta property=\"og:image:width\" content=\"800\" \/>\n\t<meta property=\"og:image:height\" content=\"800\" \/>\n\t<meta property=\"og:image:type\" content=\"image\/jpeg\" \/>\n<meta name=\"twitter:card\" content=\"summary_large_image\" \/>\n<meta name=\"twitter:label1\" content=\"Gesch\u00e4tzte Lesezeit\" \/>\n\t<meta name=\"twitter:data1\" content=\"1\u00a0Minute\" \/>\n<script type=\"application\/ld+json\" class=\"yoast-schema-graph\">{\"@context\":\"https:\\\/\\\/schema.org\",\"@graph\":[{\"@type\":\"WebPage\",\"@id\":\"https:\\\/\\\/iha-race.com\\\/de\\\/producto\\\/set-de-cables-pigtail-betafpv-for-whoop-4-5s-xt60-16awg\\\/\",\"url\":\"https:\\\/\\\/iha-race.com\\\/de\\\/producto\\\/set-de-cables-pigtail-betafpv-for-whoop-4-5s-xt60-16awg\\\/\",\"name\":\"Pigtail Kabelsatz BETAFPV f\u00fcr Whoop 4-5S (XT60 16AWG) - Iha Race\",\"isPartOf\":{\"@id\":\"https:\\\/\\\/iha-race.com\\\/de\\\/#website\"},\"primaryImageOfPage\":{\"@id\":\"https:\\\/\\\/iha-race.com\\\/de\\\/producto\\\/set-de-cables-pigtail-betafpv-for-whoop-4-5s-xt60-16awg\\\/#primaryimage\"},\"image\":{\"@id\":\"https:\\\/\\\/iha-race.com\\\/de\\\/producto\\\/set-de-cables-pigtail-betafpv-for-whoop-4-5s-xt60-16awg\\\/#primaryimage\"},\"thumbnailUrl\":\"https:\\\/\\\/iha-race.com\\\/wp-content\\\/uploads\\\/2021\\\/01\\\/Set-de-6-Cables-Pigtail-BETAFPV-Whoop-4-5S-XT60-16AWG.jpg\",\"datePublished\":\"2021-01-19T15:07:16+00:00\",\"dateModified\":\"2025-07-03T18:10:52+00:00\",\"breadcrumb\":{\"@id\":\"https:\\\/\\\/iha-race.com\\\/de\\\/producto\\\/set-de-cables-pigtail-betafpv-for-whoop-4-5s-xt60-16awg\\\/#breadcrumb\"},\"inLanguage\":\"de\",\"potentialAction\":[{\"@type\":\"ReadAction\",\"target\":[\"https:\\\/\\\/iha-race.com\\\/de\\\/producto\\\/set-de-cables-pigtail-betafpv-for-whoop-4-5s-xt60-16awg\\\/\"]}]},{\"@type\":\"ImageObject\",\"inLanguage\":\"de\",\"@id\":\"https:\\\/\\\/iha-race.com\\\/de\\\/producto\\\/set-de-cables-pigtail-betafpv-for-whoop-4-5s-xt60-16awg\\\/#primaryimage\",\"url\":\"https:\\\/\\\/iha-race.com\\\/wp-content\\\/uploads\\\/2021\\\/01\\\/Set-de-6-Cables-Pigtail-BETAFPV-Whoop-4-5S-XT60-16AWG.jpg\",\"contentUrl\":\"https:\\\/\\\/iha-race.com\\\/wp-content\\\/uploads\\\/2021\\\/01\\\/Set-de-6-Cables-Pigtail-BETAFPV-Whoop-4-5S-XT60-16AWG.jpg\",\"width\":800,\"height\":800},{\"@type\":\"BreadcrumbList\",\"@id\":\"https:\\\/\\\/iha-race.com\\\/de\\\/producto\\\/set-de-cables-pigtail-betafpv-for-whoop-4-5s-xt60-16awg\\\/#breadcrumb\",\"itemListElement\":[{\"@type\":\"ListItem\",\"position\":1,\"name\":\"Portada\",\"item\":\"https:\\\/\\\/iha-race.com\\\/de\\\/elementor-499\\\/\"},{\"@type\":\"ListItem\",\"position\":2,\"name\":\"Shop\",\"item\":\"https:\\\/\\\/iha-race.com\\\/de\\\/shop\\\/\"},{\"@type\":\"ListItem\",\"position\":3,\"name\":\"Pigtail Kabelsatz BETAFPV f\u00fcr Whoop 4-5S (XT60 16AWG)\"}]},{\"@type\":\"WebSite\",\"@id\":\"https:\\\/\\\/iha-race.com\\\/de\\\/#website\",\"url\":\"https:\\\/\\\/iha-race.com\\\/de\\\/\",\"name\":\"Iha Race\",\"description\":\"Comprar drones de carreras FPV env\u00edos en un d\u00eda desde Espa\u00f1a\",\"publisher\":{\"@id\":\"https:\\\/\\\/iha-race.com\\\/de\\\/#organization\"},\"potentialAction\":[{\"@type\":\"SearchAction\",\"target\":{\"@type\":\"EntryPoint\",\"urlTemplate\":\"https:\\\/\\\/iha-race.com\\\/de\\\/?s={search_term_string}\"},\"query-input\":{\"@type\":\"PropertyValueSpecification\",\"valueRequired\":true,\"valueName\":\"search_term_string\"}}],\"inLanguage\":\"de\"},{\"@type\":\"Organization\",\"@id\":\"https:\\\/\\\/iha-race.com\\\/de\\\/#organization\",\"name\":\"Iha Race\",\"url\":\"https:\\\/\\\/iha-race.com\\\/de\\\/\",\"logo\":{\"@type\":\"ImageObject\",\"inLanguage\":\"de\",\"@id\":\"https:\\\/\\\/iha-race.com\\\/de\\\/#\\\/schema\\\/logo\\\/image\\\/\",\"url\":\"https:\\\/\\\/iha-race.com\\\/wp-content\\\/uploads\\\/2018\\\/07\\\/iha-race-drones-de-carreras-tienda-comprar-drones.png\",\"contentUrl\":\"https:\\\/\\\/iha-race.com\\\/wp-content\\\/uploads\\\/2018\\\/07\\\/iha-race-drones-de-carreras-tienda-comprar-drones.png\",\"width\":300,\"height\":100,\"caption\":\"Iha Race\"},\"image\":{\"@id\":\"https:\\\/\\\/iha-race.com\\\/de\\\/#\\\/schema\\\/logo\\\/image\\\/\"}}]}<\/script>\n<!-- \/ Yoast SEO plugin. -->","yoast_head_json":{"title":"Pigtail Kabelsatz BETAFPV f\u00fcr Whoop 4-5S (XT60 16AWG) - Iha Race","robots":{"index":"index","follow":"follow","max-snippet":"max-snippet:-1","max-image-preview":"max-image-preview:large","max-video-preview":"max-video-preview:-1"},"canonical":"https:\/\/iha-race.com\/de\/producto\/set-de-cables-pigtail-betafpv-for-whoop-4-5s-xt60-16awg\/","og_locale":"de_DE","og_type":"article","og_title":"Pigtail Kabelsatz BETAFPV f\u00fcr Whoop 4-5S (XT60 16AWG) - Iha Race","og_description":"Pigtail Kabelsatz BETAFPV f\u00fcr Whoop 4- 5S (XT60 16AWG) Dieses Stromkabel mit XT60-Stecker ist speziell f\u00fcr 4-5S-Whoop-Drohnen konzipiert und mit einem Kondensator mit 25V \/ 680\u03bcF verl\u00f6tet, um die ESC-Platine","og_url":"https:\/\/iha-race.com\/de\/producto\/set-de-cables-pigtail-betafpv-for-whoop-4-5s-xt60-16awg\/","og_site_name":"Iha Race","article_modified_time":"2025-07-03T18:10:52+00:00","og_image":[{"width":800,"height":800,"url":"https:\/\/iha-race.com\/wp-content\/uploads\/2021\/01\/Set-de-6-Cables-Pigtail-BETAFPV-Whoop-4-5S-XT60-16AWG.jpg","type":"image\/jpeg"}],"twitter_card":"summary_large_image","twitter_misc":{"Gesch\u00e4tzte Lesezeit":"1\u00a0Minute"},"schema":{"@context":"https:\/\/schema.org","@graph":[{"@type":"WebPage","@id":"https:\/\/iha-race.com\/de\/producto\/set-de-cables-pigtail-betafpv-for-whoop-4-5s-xt60-16awg\/","url":"https:\/\/iha-race.com\/de\/producto\/set-de-cables-pigtail-betafpv-for-whoop-4-5s-xt60-16awg\/","name":"Pigtail Kabelsatz BETAFPV f\u00fcr Whoop 4-5S (XT60 16AWG) - Iha Race","isPartOf":{"@id":"https:\/\/iha-race.com\/de\/#website"},"primaryImageOfPage":{"@id":"https:\/\/iha-race.com\/de\/producto\/set-de-cables-pigtail-betafpv-for-whoop-4-5s-xt60-16awg\/#primaryimage"},"image":{"@id":"https:\/\/iha-race.com\/de\/producto\/set-de-cables-pigtail-betafpv-for-whoop-4-5s-xt60-16awg\/#primaryimage"},"thumbnailUrl":"https:\/\/iha-race.com\/wp-content\/uploads\/2021\/01\/Set-de-6-Cables-Pigtail-BETAFPV-Whoop-4-5S-XT60-16AWG.jpg","datePublished":"2021-01-19T15:07:16+00:00","dateModified":"2025-07-03T18:10:52+00:00","breadcrumb":{"@id":"https:\/\/iha-race.com\/de\/producto\/set-de-cables-pigtail-betafpv-for-whoop-4-5s-xt60-16awg\/#breadcrumb"},"inLanguage":"de","potentialAction":[{"@type":"ReadAction","target":["https:\/\/iha-race.com\/de\/producto\/set-de-cables-pigtail-betafpv-for-whoop-4-5s-xt60-16awg\/"]}]},{"@type":"ImageObject","inLanguage":"de","@id":"https:\/\/iha-race.com\/de\/producto\/set-de-cables-pigtail-betafpv-for-whoop-4-5s-xt60-16awg\/#primaryimage","url":"https:\/\/iha-race.com\/wp-content\/uploads\/2021\/01\/Set-de-6-Cables-Pigtail-BETAFPV-Whoop-4-5S-XT60-16AWG.jpg","contentUrl":"https:\/\/iha-race.com\/wp-content\/uploads\/2021\/01\/Set-de-6-Cables-Pigtail-BETAFPV-Whoop-4-5S-XT60-16AWG.jpg","width":800,"height":800},{"@type":"BreadcrumbList","@id":"https:\/\/iha-race.com\/de\/producto\/set-de-cables-pigtail-betafpv-for-whoop-4-5s-xt60-16awg\/#breadcrumb","itemListElement":[{"@type":"ListItem","position":1,"name":"Portada","item":"https:\/\/iha-race.com\/de\/elementor-499\/"},{"@type":"ListItem","position":2,"name":"Shop","item":"https:\/\/iha-race.com\/de\/shop\/"},{"@type":"ListItem","position":3,"name":"Pigtail Kabelsatz BETAFPV f\u00fcr Whoop 4-5S (XT60 16AWG)"}]},{"@type":"WebSite","@id":"https:\/\/iha-race.com\/de\/#website","url":"https:\/\/iha-race.com\/de\/","name":"Iha Race","description":"Comprar drones de carreras FPV env\u00edos en un d\u00eda desde Espa\u00f1a","publisher":{"@id":"https:\/\/iha-race.com\/de\/#organization"},"potentialAction":[{"@type":"SearchAction","target":{"@type":"EntryPoint","urlTemplate":"https:\/\/iha-race.com\/de\/?s={search_term_string}"},"query-input":{"@type":"PropertyValueSpecification","valueRequired":true,"valueName":"search_term_string"}}],"inLanguage":"de"},{"@type":"Organization","@id":"https:\/\/iha-race.com\/de\/#organization","name":"Iha Race","url":"https:\/\/iha-race.com\/de\/","logo":{"@type":"ImageObject","inLanguage":"de","@id":"https:\/\/iha-race.com\/de\/#\/schema\/logo\/image\/","url":"https:\/\/iha-race.com\/wp-content\/uploads\/2018\/07\/iha-race-drones-de-carreras-tienda-comprar-drones.png","contentUrl":"https:\/\/iha-race.com\/wp-content\/uploads\/2018\/07\/iha-race-drones-de-carreras-tienda-comprar-drones.png","width":300,"height":100,"caption":"Iha Race"},"image":{"@id":"https:\/\/iha-race.com\/de\/#\/schema\/logo\/image\/"}}]}},"jetpack_sharing_enabled":true,"brands":[],"_links":{"self":[{"href":"https:\/\/iha-race.com\/de\/wp-json\/wp\/v2\/product\/208831","targetHints":{"allow":["GET"]}}],"collection":[{"href":"https:\/\/iha-race.com\/de\/wp-json\/wp\/v2\/product"}],"about":[{"href":"https:\/\/iha-race.com\/de\/wp-json\/wp\/v2\/types\/product"}],"replies":[{"embeddable":true,"href":"https:\/\/iha-race.com\/de\/wp-json\/wp\/v2\/comments?post=208831"}],"version-history":[{"count":2,"href":"https:\/\/iha-race.com\/de\/wp-json\/wp\/v2\/product\/208831\/revisions"}],"predecessor-version":[{"id":249686,"href":"https:\/\/iha-race.com\/de\/wp-json\/wp\/v2\/product\/208831\/revisions\/249686"}],"wp:featuredmedia":[{"embeddable":true,"href":"https:\/\/iha-race.com\/de\/wp-json\/wp\/v2\/media\/125358"}],"wp:attachment":[{"href":"https:\/\/iha-race.com\/de\/wp-json\/wp\/v2\/media?parent=208831"}],"wp:term":[{"taxonomy":"pwb-brand","embeddable":true,"href":"https:\/\/iha-race.com\/de\/wp-json\/wp\/v2\/pwb-brand?post=208831"},{"taxonomy":"product_cat","embeddable":true,"href":"https:\/\/iha-race.com\/de\/wp-json\/wp\/v2\/product_cat?post=208831"},{"taxonomy":"product_tag","embeddable":true,"href":"https:\/\/iha-race.com\/de\/wp-json\/wp\/v2\/product_tag?post=208831"}],"curies":[{"name":"wp","href":"https:\/\/api.w.org\/{rel}","templated":true}]}}