{"id":208799,"date":"2020-11-20T18:53:41","date_gmt":"2020-11-20T17:53:41","guid":{"rendered":"https:\/\/iha-race.com\/producto\/iflight-crystal-hd-patch-5-8ghz-richtungsantenne-holzkohle\/"},"modified":"2024-08-29T15:46:29","modified_gmt":"2024-08-29T13:46:29","slug":"direktionale-iflight-kristall-hd-patch-5-8ghz-direktionale-antenne","status":"publish","type":"product","link":"https:\/\/iha-race.com\/de\/producto\/direktionale-iflight-kristall-hd-patch-5-8ghz-direktionale-antenne\/","title":{"rendered":"iFlight Crystal HD Patch 5.8GHz Richtungsantenne (Holzkohle)"},"content":{"rendered":"<h2>iFlight Crystal HD Patch 5.8GHz Richtantenne<\/h2>\n<p style=\"font-weight: 400;\"><strong>Willkommen bei der neuen iFlight Crystal HD 5.8GHz Richtantenne!<\/strong> Speziell f\u00fcr <strong>DJI Digital FPV Goggles<\/strong> entwickelt, um die originale Frontplatte durch unser von iFlight entwickeltes Antennenfeld zu ersetzen. NEIN, dies ist keine weitere Patch-Antenne. Zwei sorgf\u00e4ltig entwickelte und hochempfindliche LHCP-Hochgewinn-Richtantennen sorgen f\u00fcr einen besseren Empfang \u00fcber gro\u00dfe Entfernungen sowie f\u00fcr eine bessere Durchdringung von B\u00e4umen, Markierungen oder anderem schwierigen Gel\u00e4nde. Flaches Design, um die Gr\u00f6\u00dfe Ihres Pakets auf ein Minimum zu reduzieren, und hochwertige RG178-Kabel f\u00fcr bessere Haltbarkeit. Durch einen Versatzwinkel von 30 Grad zwischen den beiden Antennen konnten wir eine sehr gro\u00dfe Antennenstrahlbreite erreichen. 105 Grad horizontaler Strahl und 75 Grad vertikaler Strahl bei 9 dBi Verst\u00e4rkung, die langsam abnimmt, je n\u00e4her man sich einer Seite n\u00e4hert. Geringer Verlust mit einem Antennenwirkungsgrad von 93 % und einem Achsenverh\u00e4ltnis von \u22641,6 \u00fcber das gesamte Band. Als w\u00e4re das nicht genug, haben wir Ihnen auch die M\u00f6glichkeit gegeben, Ihre Antennen am unteren oder oberen Paar der RP-SMA-Anschl\u00fcsse der Goggle zu montieren. Mehrere Designs verf\u00fcgbar, sichern Sie sich diese, solange sie verf\u00fcgbar sind!<\/p>\n<h2 style=\"font-weight: 400;\"><b><strong>Merkmale:<\/strong><\/b><\/h2>\n<ul style=\"font-weight: 400;\">\n<li>Richtantennengruppe mit hohem Gewinn LHCP\/RHCP<\/li>\n<li>Geringeres Profil und besserer Empfang als Standardantennen<\/li>\n<li>Sehr breiter Abstrahlwinkel, horizontal 105 Grad bei 9dBi, vertikal 75 Grad bei 9dBi<\/li>\n<li>Kann an der Ober- oder Unterseite der RP-SMA-Schutzbrille montiert werden<\/li>\n<\/ul>\n<h2 style=\"font-weight: 400;\"><b><strong>Spezifikationen:<\/strong><\/b><\/h2>\n<ul style=\"font-weight: 400;\">\n<li>Frequenz: 5,8 GHz<\/li>\n<li>Bandbreite: 5600 ~ 5900 Mhz<\/li>\n<li>Verst\u00e4rkung: 9 dBi<\/li>\n<li>Axiales Verh\u00e4ltnis: \u22641,6<\/li>\n<li>Impedanz: 50\u03a9<\/li>\n<li>Strahlungseffizienz: 93%.<\/li>\n<li>Strahlbreite: 105 \u00b0 H. 75 \u00b0 V.<\/li>\n<li>Polarisation: (LHCP) Linksdrehend zirkular polarisiert<\/li>\n<li>Kabel: RG178<\/li>\n<li>Anschluss: RP-SMA (passt direkt an DJI Goggles, nicht f\u00fcr Standard-SMA geeignet)<\/li>\n<li>Abmessungen: 16 mm x 7 mm x 3 mm<\/li>\n<li>Gewicht: 52,1 g<\/li>\n<\/ul>\n<h2 style=\"font-weight: 400;\"><b><strong>Das Paket enth\u00e4lt:<\/strong><\/b><\/h2>\n<ul>\n<li style=\"font-weight: 400;\">2 x Crystal HD Patch 5.8GHz Richtantennen (wahlweise LHCP oder RHCP)<\/li>\n<\/ul>\n<p><em><strong>*Hinweis<\/strong>: <a href=\"https:\/\/iha-race.com\/producto\/antenas-iflight-omni-crystal-cortas-lhcp-2-unidades\/\">Omni-Antennen<\/a> sind NICHT enthalten.<\/em><\/p>\n<p><img fetchpriority=\"high\" decoding=\"async\" class=\"alignnone wp-image-56730 size-large\" src=\"https:\/\/iha-race.com\/wp-content\/uploads\/2020\/11\/Antena-direccional-iFlight-Crystal-HD-Patch-5.8GHz-1-1024x1024.jpg\" alt=\"\" width=\"840\" height=\"840\" srcset=\"https:\/\/iha-race.com\/wp-content\/uploads\/2020\/11\/Antena-direccional-iFlight-Crystal-HD-Patch-5.8GHz-1-1024x1024.jpg 1024w, https:\/\/iha-race.com\/wp-content\/uploads\/2020\/11\/Antena-direccional-iFlight-Crystal-HD-Patch-5.8GHz-1-300x300.jpg 300w, https:\/\/iha-race.com\/wp-content\/uploads\/2020\/11\/Antena-direccional-iFlight-Crystal-HD-Patch-5.8GHz-1-100x100.jpg 100w, https:\/\/iha-race.com\/wp-content\/uploads\/2020\/11\/Antena-direccional-iFlight-Crystal-HD-Patch-5.8GHz-1-600x600.jpg 600w, https:\/\/iha-race.com\/wp-content\/uploads\/2020\/11\/Antena-direccional-iFlight-Crystal-HD-Patch-5.8GHz-1-150x150.jpg 150w, https:\/\/iha-race.com\/wp-content\/uploads\/2020\/11\/Antena-direccional-iFlight-Crystal-HD-Patch-5.8GHz-1-768x768.jpg 768w, https:\/\/iha-race.com\/wp-content\/uploads\/2020\/11\/Antena-direccional-iFlight-Crystal-HD-Patch-5.8GHz-1-1536x1536.jpg 1536w, https:\/\/iha-race.com\/wp-content\/uploads\/2020\/11\/Antena-direccional-iFlight-Crystal-HD-Patch-5.8GHz-1-2048x2048.jpg 2048w, https:\/\/iha-race.com\/wp-content\/uploads\/2020\/11\/Antena-direccional-iFlight-Crystal-HD-Patch-5.8GHz-1-788x788.jpg 788w, https:\/\/iha-race.com\/wp-content\/uploads\/2020\/11\/Antena-direccional-iFlight-Crystal-HD-Patch-5.8GHz-1-135x135.jpg 135w, https:\/\/iha-race.com\/wp-content\/uploads\/2020\/11\/Antena-direccional-iFlight-Crystal-HD-Patch-5.8GHz-1.jpg 1000w\" sizes=\"(max-width: 840px) 100vw, 840px\" \/> <img decoding=\"async\" class=\"alignnone wp-image-56731 size-large\" src=\"https:\/\/iha-race.com\/wp-content\/uploads\/2020\/11\/Antena-direccional-iFlight-Crystal-HD-Patch-5.8GHz-2-1024x1024.jpg\" alt=\"\" width=\"840\" height=\"840\" srcset=\"https:\/\/iha-race.com\/wp-content\/uploads\/2020\/11\/Antena-direccional-iFlight-Crystal-HD-Patch-5.8GHz-2-1024x1024.jpg 1024w, https:\/\/iha-race.com\/wp-content\/uploads\/2020\/11\/Antena-direccional-iFlight-Crystal-HD-Patch-5.8GHz-2-300x300.jpg 300w, https:\/\/iha-race.com\/wp-content\/uploads\/2020\/11\/Antena-direccional-iFlight-Crystal-HD-Patch-5.8GHz-2-100x100.jpg 100w, https:\/\/iha-race.com\/wp-content\/uploads\/2020\/11\/Antena-direccional-iFlight-Crystal-HD-Patch-5.8GHz-2-600x600.jpg 600w, https:\/\/iha-race.com\/wp-content\/uploads\/2020\/11\/Antena-direccional-iFlight-Crystal-HD-Patch-5.8GHz-2-150x150.jpg 150w, https:\/\/iha-race.com\/wp-content\/uploads\/2020\/11\/Antena-direccional-iFlight-Crystal-HD-Patch-5.8GHz-2-768x768.jpg 768w, https:\/\/iha-race.com\/wp-content\/uploads\/2020\/11\/Antena-direccional-iFlight-Crystal-HD-Patch-5.8GHz-2-1536x1536.jpg 1536w, https:\/\/iha-race.com\/wp-content\/uploads\/2020\/11\/Antena-direccional-iFlight-Crystal-HD-Patch-5.8GHz-2-2048x2048.jpg 2048w, https:\/\/iha-race.com\/wp-content\/uploads\/2020\/11\/Antena-direccional-iFlight-Crystal-HD-Patch-5.8GHz-2-788x788.jpg 788w, https:\/\/iha-race.com\/wp-content\/uploads\/2020\/11\/Antena-direccional-iFlight-Crystal-HD-Patch-5.8GHz-2-135x135.jpg 135w, https:\/\/iha-race.com\/wp-content\/uploads\/2020\/11\/Antena-direccional-iFlight-Crystal-HD-Patch-5.8GHz-2.jpg 1000w\" sizes=\"(max-width: 840px) 100vw, 840px\" \/> <img decoding=\"async\" class=\"alignnone wp-image-56732 size-large\" src=\"https:\/\/iha-race.com\/wp-content\/uploads\/2020\/11\/Antena-direccional-iFlight-Crystal-HD-Patch-5.8GHz-3-1024x1024.jpg\" alt=\"\" width=\"840\" height=\"840\" srcset=\"https:\/\/iha-race.com\/wp-content\/uploads\/2020\/11\/Antena-direccional-iFlight-Crystal-HD-Patch-5.8GHz-3-1024x1024.jpg 1024w, https:\/\/iha-race.com\/wp-content\/uploads\/2020\/11\/Antena-direccional-iFlight-Crystal-HD-Patch-5.8GHz-3-300x300.jpg 300w, https:\/\/iha-race.com\/wp-content\/uploads\/2020\/11\/Antena-direccional-iFlight-Crystal-HD-Patch-5.8GHz-3-100x100.jpg 100w, https:\/\/iha-race.com\/wp-content\/uploads\/2020\/11\/Antena-direccional-iFlight-Crystal-HD-Patch-5.8GHz-3-600x600.jpg 600w, https:\/\/iha-race.com\/wp-content\/uploads\/2020\/11\/Antena-direccional-iFlight-Crystal-HD-Patch-5.8GHz-3-150x150.jpg 150w, https:\/\/iha-race.com\/wp-content\/uploads\/2020\/11\/Antena-direccional-iFlight-Crystal-HD-Patch-5.8GHz-3-768x768.jpg 768w, https:\/\/iha-race.com\/wp-content\/uploads\/2020\/11\/Antena-direccional-iFlight-Crystal-HD-Patch-5.8GHz-3-1536x1536.jpg 1536w, https:\/\/iha-race.com\/wp-content\/uploads\/2020\/11\/Antena-direccional-iFlight-Crystal-HD-Patch-5.8GHz-3-2048x2048.jpg 2048w, https:\/\/iha-race.com\/wp-content\/uploads\/2020\/11\/Antena-direccional-iFlight-Crystal-HD-Patch-5.8GHz-3-788x788.jpg 788w, https:\/\/iha-race.com\/wp-content\/uploads\/2020\/11\/Antena-direccional-iFlight-Crystal-HD-Patch-5.8GHz-3-135x135.jpg 135w, https:\/\/iha-race.com\/wp-content\/uploads\/2020\/11\/Antena-direccional-iFlight-Crystal-HD-Patch-5.8GHz-3.jpg 1000w\" sizes=\"(max-width: 840px) 100vw, 840px\" \/> <img loading=\"lazy\" decoding=\"async\" class=\"alignnone wp-image-56736 size-large\" src=\"https:\/\/iha-race.com\/wp-content\/uploads\/2020\/11\/Antena-direccional-iFlight-Crystal-HD-Patch-5.8GHz-7-1024x1024.jpg\" alt=\"\" width=\"840\" height=\"840\" srcset=\"https:\/\/iha-race.com\/wp-content\/uploads\/2020\/11\/Antena-direccional-iFlight-Crystal-HD-Patch-5.8GHz-7-1024x1024.jpg 1024w, https:\/\/iha-race.com\/wp-content\/uploads\/2020\/11\/Antena-direccional-iFlight-Crystal-HD-Patch-5.8GHz-7-300x300.jpg 300w, https:\/\/iha-race.com\/wp-content\/uploads\/2020\/11\/Antena-direccional-iFlight-Crystal-HD-Patch-5.8GHz-7-100x100.jpg 100w, https:\/\/iha-race.com\/wp-content\/uploads\/2020\/11\/Antena-direccional-iFlight-Crystal-HD-Patch-5.8GHz-7-600x600.jpg 600w, https:\/\/iha-race.com\/wp-content\/uploads\/2020\/11\/Antena-direccional-iFlight-Crystal-HD-Patch-5.8GHz-7-150x150.jpg 150w, https:\/\/iha-race.com\/wp-content\/uploads\/2020\/11\/Antena-direccional-iFlight-Crystal-HD-Patch-5.8GHz-7-768x768.jpg 768w, https:\/\/iha-race.com\/wp-content\/uploads\/2020\/11\/Antena-direccional-iFlight-Crystal-HD-Patch-5.8GHz-7-1536x1536.jpg 1536w, https:\/\/iha-race.com\/wp-content\/uploads\/2020\/11\/Antena-direccional-iFlight-Crystal-HD-Patch-5.8GHz-7-2048x2048.jpg 2048w, https:\/\/iha-race.com\/wp-content\/uploads\/2020\/11\/Antena-direccional-iFlight-Crystal-HD-Patch-5.8GHz-7-788x788.jpg 788w, https:\/\/iha-race.com\/wp-content\/uploads\/2020\/11\/Antena-direccional-iFlight-Crystal-HD-Patch-5.8GHz-7-135x135.jpg 135w, https:\/\/iha-race.com\/wp-content\/uploads\/2020\/11\/Antena-direccional-iFlight-Crystal-HD-Patch-5.8GHz-7.jpg 1000w\" sizes=\"(max-width: 840px) 100vw, 840px\" \/><\/p>\n","protected":false},"excerpt":{"rendered":"<p>Die <strong>Iflight Crystal HD-Antennen<\/strong> sind in die Frontplatte Ihrer <strong>DJI FPV-Brille<\/strong> integriert, um Ihnen den bestm\u00f6glichen Empfang w\u00e4hrend Ihrer Fl\u00fcge zu bieten.<\/p>\n","protected":false},"featured_media":124276,"comment_status":"open","ping_status":"closed","template":"","meta":{"_joinchat":[]},"pwb-brand":[],"product_cat":[2536,2589],"product_tag":[],"class_list":{"0":"post-208799","1":"product","2":"type-product","3":"status-publish","4":"has-post-thumbnail","6":"product_cat-fpv-schutzbrille","7":"product_cat-fpv-antennen","9":"first","10":"instock","11":"taxable","12":"shipping-taxable","13":"purchasable","14":"product-type-variable"},"barcode":null,"atum_controlled":true,"out_stock_date":"2022-02-14 06:26:34","out_stock_threshold":null,"inheritable":true,"stock_on_hold":0,"sold_today":0,"sales_last_days":1,"out_stock_days":856,"lost_sales":0,"update_date":"2026-03-24T15:00:09","atum_locations":[],"atum_stock_status":"instock","restock_status":false,"low_stock_amount":"","sales_update_date":"2026-03-21T11:41:44","calc_backorders":null,"yoast_head":"<!-- This site is optimized with the Yoast SEO plugin v27.3 - https:\/\/yoast.com\/product\/yoast-seo-wordpress\/ -->\n<title>iFlight Crystal HD Patch 5.8GHz Richtungsantenne (Holzkohle) - Iha Race<\/title>\n<meta name=\"robots\" content=\"index, follow, max-snippet:-1, max-image-preview:large, max-video-preview:-1\" \/>\n<link rel=\"canonical\" href=\"https:\/\/iha-race.com\/de\/producto\/direktionale-iflight-kristall-hd-patch-5-8ghz-direktionale-antenne\/\" \/>\n<meta property=\"og:locale\" content=\"de_DE\" \/>\n<meta property=\"og:type\" content=\"article\" \/>\n<meta property=\"og:title\" content=\"iFlight Crystal HD Patch 5.8GHz Richtungsantenne (Holzkohle) - Iha Race\" \/>\n<meta property=\"og:description\" content=\"Die Iflight Crystal HD-Antennen sind in die Frontplatte Ihrer DJI FPV-Brille integriert, um Ihnen den bestm\u00f6glichen Empfang w\u00e4hrend Ihrer Fl\u00fcge zu bieten.\" \/>\n<meta property=\"og:url\" content=\"https:\/\/iha-race.com\/de\/producto\/direktionale-iflight-kristall-hd-patch-5-8ghz-direktionale-antenne\/\" \/>\n<meta property=\"og:site_name\" content=\"Iha Race\" \/>\n<meta property=\"article:modified_time\" content=\"2024-08-29T13:46:29+00:00\" \/>\n<meta property=\"og:image\" content=\"https:\/\/iha-race.com\/wp-content\/uploads\/2020\/11\/Antena-direccional-iFlight-Crystal-HD-Patch-5.8GHz-Carbono.png\" \/>\n\t<meta property=\"og:image:width\" content=\"1000\" \/>\n\t<meta property=\"og:image:height\" content=\"1000\" \/>\n\t<meta property=\"og:image:type\" content=\"image\/png\" \/>\n<meta name=\"twitter:card\" content=\"summary_large_image\" \/>\n<meta name=\"twitter:label1\" content=\"Gesch\u00e4tzte Lesezeit\" \/>\n\t<meta name=\"twitter:data1\" content=\"1\u00a0Minute\" \/>\n<script type=\"application\/ld+json\" class=\"yoast-schema-graph\">{\"@context\":\"https:\\\/\\\/schema.org\",\"@graph\":[{\"@type\":\"WebPage\",\"@id\":\"https:\\\/\\\/iha-race.com\\\/de\\\/producto\\\/direktionale-iflight-kristall-hd-patch-5-8ghz-direktionale-antenne\\\/\",\"url\":\"https:\\\/\\\/iha-race.com\\\/de\\\/producto\\\/direktionale-iflight-kristall-hd-patch-5-8ghz-direktionale-antenne\\\/\",\"name\":\"iFlight Crystal HD Patch 5.8GHz Richtungsantenne (Holzkohle) - Iha Race\",\"isPartOf\":{\"@id\":\"https:\\\/\\\/iha-race.com\\\/de\\\/#website\"},\"primaryImageOfPage\":{\"@id\":\"https:\\\/\\\/iha-race.com\\\/de\\\/producto\\\/direktionale-iflight-kristall-hd-patch-5-8ghz-direktionale-antenne\\\/#primaryimage\"},\"image\":{\"@id\":\"https:\\\/\\\/iha-race.com\\\/de\\\/producto\\\/direktionale-iflight-kristall-hd-patch-5-8ghz-direktionale-antenne\\\/#primaryimage\"},\"thumbnailUrl\":\"https:\\\/\\\/iha-race.com\\\/wp-content\\\/uploads\\\/2020\\\/11\\\/Antena-direccional-iFlight-Crystal-HD-Patch-5.8GHz-Carbono.png\",\"datePublished\":\"2020-11-20T17:53:41+00:00\",\"dateModified\":\"2024-08-29T13:46:29+00:00\",\"breadcrumb\":{\"@id\":\"https:\\\/\\\/iha-race.com\\\/de\\\/producto\\\/direktionale-iflight-kristall-hd-patch-5-8ghz-direktionale-antenne\\\/#breadcrumb\"},\"inLanguage\":\"de\",\"potentialAction\":[{\"@type\":\"ReadAction\",\"target\":[\"https:\\\/\\\/iha-race.com\\\/de\\\/producto\\\/direktionale-iflight-kristall-hd-patch-5-8ghz-direktionale-antenne\\\/\"]}]},{\"@type\":\"ImageObject\",\"inLanguage\":\"de\",\"@id\":\"https:\\\/\\\/iha-race.com\\\/de\\\/producto\\\/direktionale-iflight-kristall-hd-patch-5-8ghz-direktionale-antenne\\\/#primaryimage\",\"url\":\"https:\\\/\\\/iha-race.com\\\/wp-content\\\/uploads\\\/2020\\\/11\\\/Antena-direccional-iFlight-Crystal-HD-Patch-5.8GHz-Carbono.png\",\"contentUrl\":\"https:\\\/\\\/iha-race.com\\\/wp-content\\\/uploads\\\/2020\\\/11\\\/Antena-direccional-iFlight-Crystal-HD-Patch-5.8GHz-Carbono.png\",\"width\":1000,\"height\":1000},{\"@type\":\"BreadcrumbList\",\"@id\":\"https:\\\/\\\/iha-race.com\\\/de\\\/producto\\\/direktionale-iflight-kristall-hd-patch-5-8ghz-direktionale-antenne\\\/#breadcrumb\",\"itemListElement\":[{\"@type\":\"ListItem\",\"position\":1,\"name\":\"Portada\",\"item\":\"https:\\\/\\\/iha-race.com\\\/de\\\/elementor-499\\\/\"},{\"@type\":\"ListItem\",\"position\":2,\"name\":\"Shop\",\"item\":\"https:\\\/\\\/iha-race.com\\\/de\\\/shop\\\/\"},{\"@type\":\"ListItem\",\"position\":3,\"name\":\"iFlight Crystal HD Patch 5.8GHz Richtungsantenne (Holzkohle)\"}]},{\"@type\":\"WebSite\",\"@id\":\"https:\\\/\\\/iha-race.com\\\/de\\\/#website\",\"url\":\"https:\\\/\\\/iha-race.com\\\/de\\\/\",\"name\":\"Iha Race\",\"description\":\"Comprar drones de carreras FPV env\u00edos en un d\u00eda desde Espa\u00f1a\",\"publisher\":{\"@id\":\"https:\\\/\\\/iha-race.com\\\/de\\\/#organization\"},\"potentialAction\":[{\"@type\":\"SearchAction\",\"target\":{\"@type\":\"EntryPoint\",\"urlTemplate\":\"https:\\\/\\\/iha-race.com\\\/de\\\/?s={search_term_string}\"},\"query-input\":{\"@type\":\"PropertyValueSpecification\",\"valueRequired\":true,\"valueName\":\"search_term_string\"}}],\"inLanguage\":\"de\"},{\"@type\":\"Organization\",\"@id\":\"https:\\\/\\\/iha-race.com\\\/de\\\/#organization\",\"name\":\"Iha Race\",\"url\":\"https:\\\/\\\/iha-race.com\\\/de\\\/\",\"logo\":{\"@type\":\"ImageObject\",\"inLanguage\":\"de\",\"@id\":\"https:\\\/\\\/iha-race.com\\\/de\\\/#\\\/schema\\\/logo\\\/image\\\/\",\"url\":\"https:\\\/\\\/iha-race.com\\\/wp-content\\\/uploads\\\/2018\\\/07\\\/iha-race-drones-de-carreras-tienda-comprar-drones.png\",\"contentUrl\":\"https:\\\/\\\/iha-race.com\\\/wp-content\\\/uploads\\\/2018\\\/07\\\/iha-race-drones-de-carreras-tienda-comprar-drones.png\",\"width\":300,\"height\":100,\"caption\":\"Iha Race\"},\"image\":{\"@id\":\"https:\\\/\\\/iha-race.com\\\/de\\\/#\\\/schema\\\/logo\\\/image\\\/\"}}]}<\/script>\n<!-- \/ Yoast SEO plugin. -->","yoast_head_json":{"title":"iFlight Crystal HD Patch 5.8GHz Richtungsantenne (Holzkohle) - Iha Race","robots":{"index":"index","follow":"follow","max-snippet":"max-snippet:-1","max-image-preview":"max-image-preview:large","max-video-preview":"max-video-preview:-1"},"canonical":"https:\/\/iha-race.com\/de\/producto\/direktionale-iflight-kristall-hd-patch-5-8ghz-direktionale-antenne\/","og_locale":"de_DE","og_type":"article","og_title":"iFlight Crystal HD Patch 5.8GHz Richtungsantenne (Holzkohle) - Iha Race","og_description":"Die Iflight Crystal HD-Antennen sind in die Frontplatte Ihrer DJI FPV-Brille integriert, um Ihnen den bestm\u00f6glichen Empfang w\u00e4hrend Ihrer Fl\u00fcge zu bieten.","og_url":"https:\/\/iha-race.com\/de\/producto\/direktionale-iflight-kristall-hd-patch-5-8ghz-direktionale-antenne\/","og_site_name":"Iha Race","article_modified_time":"2024-08-29T13:46:29+00:00","og_image":[{"width":1000,"height":1000,"url":"https:\/\/iha-race.com\/wp-content\/uploads\/2020\/11\/Antena-direccional-iFlight-Crystal-HD-Patch-5.8GHz-Carbono.png","type":"image\/png"}],"twitter_card":"summary_large_image","twitter_misc":{"Gesch\u00e4tzte Lesezeit":"1\u00a0Minute"},"schema":{"@context":"https:\/\/schema.org","@graph":[{"@type":"WebPage","@id":"https:\/\/iha-race.com\/de\/producto\/direktionale-iflight-kristall-hd-patch-5-8ghz-direktionale-antenne\/","url":"https:\/\/iha-race.com\/de\/producto\/direktionale-iflight-kristall-hd-patch-5-8ghz-direktionale-antenne\/","name":"iFlight Crystal HD Patch 5.8GHz Richtungsantenne (Holzkohle) - Iha Race","isPartOf":{"@id":"https:\/\/iha-race.com\/de\/#website"},"primaryImageOfPage":{"@id":"https:\/\/iha-race.com\/de\/producto\/direktionale-iflight-kristall-hd-patch-5-8ghz-direktionale-antenne\/#primaryimage"},"image":{"@id":"https:\/\/iha-race.com\/de\/producto\/direktionale-iflight-kristall-hd-patch-5-8ghz-direktionale-antenne\/#primaryimage"},"thumbnailUrl":"https:\/\/iha-race.com\/wp-content\/uploads\/2020\/11\/Antena-direccional-iFlight-Crystal-HD-Patch-5.8GHz-Carbono.png","datePublished":"2020-11-20T17:53:41+00:00","dateModified":"2024-08-29T13:46:29+00:00","breadcrumb":{"@id":"https:\/\/iha-race.com\/de\/producto\/direktionale-iflight-kristall-hd-patch-5-8ghz-direktionale-antenne\/#breadcrumb"},"inLanguage":"de","potentialAction":[{"@type":"ReadAction","target":["https:\/\/iha-race.com\/de\/producto\/direktionale-iflight-kristall-hd-patch-5-8ghz-direktionale-antenne\/"]}]},{"@type":"ImageObject","inLanguage":"de","@id":"https:\/\/iha-race.com\/de\/producto\/direktionale-iflight-kristall-hd-patch-5-8ghz-direktionale-antenne\/#primaryimage","url":"https:\/\/iha-race.com\/wp-content\/uploads\/2020\/11\/Antena-direccional-iFlight-Crystal-HD-Patch-5.8GHz-Carbono.png","contentUrl":"https:\/\/iha-race.com\/wp-content\/uploads\/2020\/11\/Antena-direccional-iFlight-Crystal-HD-Patch-5.8GHz-Carbono.png","width":1000,"height":1000},{"@type":"BreadcrumbList","@id":"https:\/\/iha-race.com\/de\/producto\/direktionale-iflight-kristall-hd-patch-5-8ghz-direktionale-antenne\/#breadcrumb","itemListElement":[{"@type":"ListItem","position":1,"name":"Portada","item":"https:\/\/iha-race.com\/de\/elementor-499\/"},{"@type":"ListItem","position":2,"name":"Shop","item":"https:\/\/iha-race.com\/de\/shop\/"},{"@type":"ListItem","position":3,"name":"iFlight Crystal HD Patch 5.8GHz Richtungsantenne (Holzkohle)"}]},{"@type":"WebSite","@id":"https:\/\/iha-race.com\/de\/#website","url":"https:\/\/iha-race.com\/de\/","name":"Iha Race","description":"Comprar drones de carreras FPV env\u00edos en un d\u00eda desde Espa\u00f1a","publisher":{"@id":"https:\/\/iha-race.com\/de\/#organization"},"potentialAction":[{"@type":"SearchAction","target":{"@type":"EntryPoint","urlTemplate":"https:\/\/iha-race.com\/de\/?s={search_term_string}"},"query-input":{"@type":"PropertyValueSpecification","valueRequired":true,"valueName":"search_term_string"}}],"inLanguage":"de"},{"@type":"Organization","@id":"https:\/\/iha-race.com\/de\/#organization","name":"Iha Race","url":"https:\/\/iha-race.com\/de\/","logo":{"@type":"ImageObject","inLanguage":"de","@id":"https:\/\/iha-race.com\/de\/#\/schema\/logo\/image\/","url":"https:\/\/iha-race.com\/wp-content\/uploads\/2018\/07\/iha-race-drones-de-carreras-tienda-comprar-drones.png","contentUrl":"https:\/\/iha-race.com\/wp-content\/uploads\/2018\/07\/iha-race-drones-de-carreras-tienda-comprar-drones.png","width":300,"height":100,"caption":"Iha Race"},"image":{"@id":"https:\/\/iha-race.com\/de\/#\/schema\/logo\/image\/"}}]}},"brands":[],"_links":{"self":[{"href":"https:\/\/iha-race.com\/de\/wp-json\/wp\/v2\/product\/208799","targetHints":{"allow":["GET"]}}],"collection":[{"href":"https:\/\/iha-race.com\/de\/wp-json\/wp\/v2\/product"}],"about":[{"href":"https:\/\/iha-race.com\/de\/wp-json\/wp\/v2\/types\/product"}],"replies":[{"embeddable":true,"href":"https:\/\/iha-race.com\/de\/wp-json\/wp\/v2\/comments?post=208799"}],"version-history":[{"count":1,"href":"https:\/\/iha-race.com\/de\/wp-json\/wp\/v2\/product\/208799\/revisions"}],"predecessor-version":[{"id":236048,"href":"https:\/\/iha-race.com\/de\/wp-json\/wp\/v2\/product\/208799\/revisions\/236048"}],"wp:featuredmedia":[{"embeddable":true,"href":"https:\/\/iha-race.com\/de\/wp-json\/wp\/v2\/media\/124276"}],"wp:attachment":[{"href":"https:\/\/iha-race.com\/de\/wp-json\/wp\/v2\/media?parent=208799"}],"wp:term":[{"taxonomy":"pwb-brand","embeddable":true,"href":"https:\/\/iha-race.com\/de\/wp-json\/wp\/v2\/pwb-brand?post=208799"},{"taxonomy":"product_cat","embeddable":true,"href":"https:\/\/iha-race.com\/de\/wp-json\/wp\/v2\/product_cat?post=208799"},{"taxonomy":"product_tag","embeddable":true,"href":"https:\/\/iha-race.com\/de\/wp-json\/wp\/v2\/product_tag?post=208799"}],"curies":[{"name":"wp","href":"https:\/\/api.w.org\/{rel}","templated":true}]}}