{"id":208552,"date":"2021-12-29T10:59:35","date_gmt":"2021-12-29T09:59:35","guid":{"rendered":"https:\/\/iha-race.com\/producto\/runcam-split-hd-nur-kamera-runcam-split-kit\/"},"modified":"2024-08-30T10:48:59","modified_gmt":"2024-08-30T08:48:59","slug":"runcam-split-hd-solo-camara-kit-runcam-split","status":"publish","type":"product","link":"https:\/\/iha-race.com\/de\/producto\/runcam-split-hd-solo-camara-kit-runcam-split\/","title":{"rendered":"RunCam Split HD (nur Kamera\/RunCam Split Kit)"},"content":{"rendered":"<h1>RunCam Split HD (nur Kamera\/RunCam Split Kit)<\/h1>\n<h3>Merkmale:<\/h3>\n<ul>\n<li class=\"title\">Gyro Flow Bildstabilisierung<\/li>\n<li class=\"title\">Standard ND 16-Filter<\/li>\n<li class=\"title\">Reduziert effektiv fliegendes Video-Gelee in hellem Sonnenlicht<\/li>\n<li class=\"title\">16:9 \/ 4:3 Optional<\/li>\n<li class=\"title\">Unterst\u00fctzt 2.7K@60fps (4: 3), 2.7K@60fps (16: 9), 1440P @ 60fps (4: 3) 1080P @ 60fps (16: 9)<\/li>\n<li class=\"title\">Vier Aufl\u00f6sungseinstellungen f\u00fcr die Aufnahme (FPV-Sync-Effekt)<\/li>\n<li class=\"subtitle\">Digitales WDR wird unterst\u00fctzt, um die Helligkeit dunkler Bereiche des Bildschirms effektiv zu verbessern<\/li>\n<li class=\"subtitle\">Einfache Installation<\/li>\n<li class=\"subtitle\">Dual PCB Aperture Design, kompatibel mit 20 und 25,5 Aperture Racks\n<ul>\n<li class=\"subtitle\"><strong><em>Hinweis: Wenn Sie die obige Installationsmethode verwenden, stellen Sie HD VTX oben auf, um eine optimale W\u00e4rmeableitung zu gew\u00e4hrleisten.<\/em><\/strong><\/li>\n<\/ul>\n<\/li>\n<\/ul>\n<p>&nbsp;<\/p>\n<p>&nbsp;<\/p>\n<p><iframe src=\"https:\/\/www.youtube.com\/embed\/qXk8VkbB6lk\" width=\"960\" height=\"540\" frameborder=\"0\" data-mce-fragment=\"1\"><\/iframe><\/p>\n<p>&nbsp;<\/p>\n<div id=\"ProductDescription\" class=\"Block Panel ProductDescription\">\n<div class=\"ProductDescriptionContainer prodAccordionContent\">\n<div class=\"SPLITHD Common ProductFont\">\n<div class=\"Section Section1\">\n<div class=\"position-absolute\">\n<div class=\"subtitle\"><\/div>\n<\/div>\n<p><img decoding=\"async\" class=\"BigImage\" title=\"Split HD\" src=\"https:\/\/store-m8o52p.mybigcommerce.com\/product_images\/img_splitHD\/splithd_web_a1.jpg\" alt=\"Split HD\"><\/p>\n<\/div>\n<div class=\"Section Section4\">\n<p><img decoding=\"async\" class=\"BigImage\" title=\"Split HD\" src=\"https:\/\/store-m8o52p.mybigcommerce.com\/product_images\/img_splitHD\/splithd_web_N7.jpg\" alt=\"Split HD\"><\/p>\n<\/div>\n<div class=\"Section Section3\">\n<p><img decoding=\"async\" class=\"BigImage\" title=\"Split HD\" src=\"https:\/\/store-m8o52p.mybigcommerce.com\/product_images\/img_splitHD\/splithd_web_a3.jpg\" alt=\"Split HD\"><\/p>\n<\/div>\n<div class=\"Section Section4\">\n<p><img decoding=\"async\" class=\"BigImage\" title=\"Split HD\" src=\"https:\/\/store-m8o52p.mybigcommerce.com\/product_images\/img_splitHD\/splithd_web_a4.jpg\" alt=\"Split HD\"><\/p>\n<\/div>\n<div class=\"Section Section5\">\n<p><img decoding=\"async\" class=\"BigImage\" title=\"Split HD\" src=\"https:\/\/store-m8o52p.mybigcommerce.com\/product_images\/img_splitHD\/splithd_web_N5.jpg\" alt=\"Split HD\"><\/p>\n<\/div>\n<div class=\"Section Section3\">\n<div class=\"position-absolute\"><\/div>\n<p><img decoding=\"async\" class=\"BigImage\" title=\"Split HD\" src=\"https:\/\/store-m8o52p.mybigcommerce.com\/product_images\/img_splitHD\/splithd_web_N8.jpg\" alt=\"Split HD\"><\/p>\n<p>&nbsp;<\/p>\n<\/div>\n<div class=\"Section\">\n<div class=\"Zone MobileZone2\">\n<h3 class=\"MicroSwift2PackageTitle\">Das Paket enth\u00e4lt:<\/h3>\n<p>&nbsp;<\/p>\n<p><img decoding=\"async\" title=\"Split HD\" src=\"https:\/\/store-m8o52p.mybigcommerce.com\/product_images\/img_splitHD\/splithd_web_N6.png\" alt=\"Split HD\"><\/p>\n<\/div>\n<\/div>\n<div class=\"Section\">\n<div class=\"Zone MobileZone2\">\n<h3 class=\"MicroSwift2PackageTitle\">Parameter:<\/h3>\n<table border=\"0\" cellspacing=\"0\">\n<tbody>\n<tr>\n<td width=\"37%\">Modell<\/td>\n<td width=\"63%\">RunCam Split HD<\/td>\n<\/tr>\n<tr>\n<td>Sichtfeld (FOV)<\/td>\n<td>154 \u00b0<\/td>\n<\/tr>\n<tr>\n<td>Horizontale Perspektive<\/td>\n<td>124 \u00b0<\/td>\n<\/tr>\n<tr>\n<td>Aufl\u00f6sung des Videos<\/td>\n<td>\n<table cellspacing=\"0\">\n<tbody>\n<tr>\n<td>2.7K @ 60fps \/ 2.7K @ 60fps (4: 3)<\/td>\n<td>1440P @ 60fps \/ 1080P @ 60fps<\/td>\n<\/tr>\n<\/tbody>\n<\/table>\n<\/td>\n<\/tr>\n<tr>\n<td>FPV Aufl\u00f6sung<\/td>\n<td>720P bei 60 fps<\/td>\n<\/tr>\n<tr>\n<td>Video-Dateiformat<\/td>\n<td>MP4<\/td>\n<\/tr>\n<tr>\n<td>Bildsensor<\/td>\n<td>SONY (5MP)<\/td>\n<\/tr>\n<tr>\n<td>Kommunikationsschnittstelle<\/td>\n<td>Unterst\u00fctzt<\/td>\n<\/tr>\n<tr>\n<td>Kompatible Max Micro SD-Karte<\/td>\n<td>Bis zu 128G. Samsung U3-Karte empfohlen (2.7K60 \/ 1080P120 erfordert U3 oder h\u00f6her; andere L\u00f6sungen erfordern U1 oder h\u00f6her) Stellen Sie sicher, dass das Dateiformat der SD-Karte FAT32 oder exFAT ist, da es sonst leicht zu Fehlern kommen kann.<\/td>\n<\/tr>\n<tr>\n<td>Abstand der Befestigungsl\u00f6cher<\/td>\n<td>20 * 20 mm \/ 25,5 * 25,5 mm<\/td>\n<\/tr>\n<tr>\n<td>PCB Gr\u00f6\u00dfe<\/td>\n<td>29 * 30 mm<\/td>\n<\/tr>\n<tr>\n<td>Gr\u00f6\u00dfe des Objektivmoduls<\/td>\n<td>19 * 19 mm<\/td>\n<\/tr>\n<tr>\n<td>Spezifikationen des Objektivs<\/td>\n<td>M12 * 0,5<\/td>\n<\/tr>\n<tr>\n<td>Leistungsaufnahme<\/td>\n<td>DC 5V<\/td>\n<\/tr>\n<tr>\n<td>Betriebsstrom<\/td>\n<td>450mA @ 5V (max.)<\/td>\n<\/tr>\n<tr>\n<td>Gewicht<\/td>\n<td>19,9 g<\/td>\n<\/tr>\n<\/tbody>\n<\/table>\n<\/div>\n<\/div>\n<div class=\"Section\">\n<div class=\"Zone MobileZone1 manual\">\n<h3>Benutzerhandbuch:<\/h3>\n<ul>\n<li><a href=\"https:\/\/runcammanual.s3.amazonaws.com\/SplitHD\/split-HD-manual-EN.pdf\" target=\"_blank\" rel=\"noopener\">Englisch<\/a><\/li>\n<\/ul>\n<\/div>\n<\/div>\n<\/div>\n<\/div>\n<\/div>\n","protected":false},"excerpt":{"rendered":"<p>RunCam Split HD (nur Kamera\/RunCam Split Kit) Merkmale: Gyro Flow Bildstabilisierung Standard ND 16-Filter Reduziert effektiv fliegendes Video-Gelee in hellem Sonnenlicht 16:9 \/ 4:3 Optional Unterst\u00fctzt 2.7K@60fps (4: 3), 2.7K@60fps<\/p>\n","protected":false},"featured_media":127915,"comment_status":"open","ping_status":"closed","template":"","meta":{"_joinchat":[]},"pwb-brand":[],"product_cat":[3025,3022],"product_tag":[],"class_list":{"0":"post-208552","1":"product","2":"type-product","3":"status-publish","4":"has-post-thumbnail","6":"product_cat-digitale-systeme","7":"product_cat-runcam-de","9":"first","10":"instock","11":"taxable","12":"shipping-taxable","13":"purchasable","14":"product-type-variable"},"barcode":null,"atum_controlled":true,"out_stock_date":null,"out_stock_threshold":null,"inheritable":true,"stock_on_hold":0,"sold_today":0,"sales_last_days":0,"out_stock_days":0,"lost_sales":0,"update_date":"2026-04-08T10:17:17","atum_locations":[],"atum_stock_status":"instock","restock_status":false,"low_stock_amount":"","sales_update_date":"2026-04-08T10:17:17","calc_backorders":null,"yoast_head":"<!-- This site is optimized with the Yoast SEO plugin v27.3 - https:\/\/yoast.com\/product\/yoast-seo-wordpress\/ -->\n<title>RunCam Split HD (nur Kamera\/RunCam Split Kit) - Iha Race<\/title>\n<meta name=\"robots\" content=\"index, follow, max-snippet:-1, max-image-preview:large, max-video-preview:-1\" \/>\n<link rel=\"canonical\" href=\"https:\/\/iha-race.com\/de\/producto\/runcam-split-hd-solo-camara-kit-runcam-split\/\" \/>\n<meta property=\"og:locale\" content=\"de_DE\" \/>\n<meta property=\"og:type\" content=\"article\" \/>\n<meta property=\"og:title\" content=\"RunCam Split HD (nur Kamera\/RunCam Split Kit) - Iha Race\" \/>\n<meta property=\"og:description\" content=\"RunCam Split HD (nur Kamera\/RunCam Split Kit) Merkmale: Gyro Flow Bildstabilisierung Standard ND 16-Filter Reduziert effektiv fliegendes Video-Gelee in hellem Sonnenlicht 16:9 \/ 4:3 Optional Unterst\u00fctzt 2.7K@60fps (4: 3), 2.7K@60fps\" \/>\n<meta property=\"og:url\" content=\"https:\/\/iha-race.com\/de\/producto\/runcam-split-hd-solo-camara-kit-runcam-split\/\" \/>\n<meta property=\"og:site_name\" content=\"Iha Race\" \/>\n<meta property=\"article:modified_time\" content=\"2024-08-30T08:48:59+00:00\" \/>\n<meta property=\"og:image\" content=\"https:\/\/iha-race.com\/wp-content\/uploads\/2021\/12\/1331_zoom_1639705169.webp\" \/>\n\t<meta property=\"og:image:width\" content=\"1000\" \/>\n\t<meta property=\"og:image:height\" content=\"1000\" \/>\n\t<meta property=\"og:image:type\" content=\"image\/webp\" \/>\n<meta name=\"twitter:card\" content=\"summary_large_image\" \/>\n<meta name=\"twitter:label1\" content=\"Gesch\u00e4tzte Lesezeit\" \/>\n\t<meta name=\"twitter:data1\" content=\"1\u00a0Minute\" \/>\n<script type=\"application\/ld+json\" class=\"yoast-schema-graph\">{\"@context\":\"https:\\\/\\\/schema.org\",\"@graph\":[{\"@type\":\"WebPage\",\"@id\":\"https:\\\/\\\/iha-race.com\\\/de\\\/producto\\\/runcam-split-hd-solo-camara-kit-runcam-split\\\/\",\"url\":\"https:\\\/\\\/iha-race.com\\\/de\\\/producto\\\/runcam-split-hd-solo-camara-kit-runcam-split\\\/\",\"name\":\"RunCam Split HD (nur Kamera\\\/RunCam Split Kit) - Iha Race\",\"isPartOf\":{\"@id\":\"https:\\\/\\\/iha-race.com\\\/de\\\/#website\"},\"primaryImageOfPage\":{\"@id\":\"https:\\\/\\\/iha-race.com\\\/de\\\/producto\\\/runcam-split-hd-solo-camara-kit-runcam-split\\\/#primaryimage\"},\"image\":{\"@id\":\"https:\\\/\\\/iha-race.com\\\/de\\\/producto\\\/runcam-split-hd-solo-camara-kit-runcam-split\\\/#primaryimage\"},\"thumbnailUrl\":\"https:\\\/\\\/iha-race.com\\\/wp-content\\\/uploads\\\/2021\\\/12\\\/1331_zoom_1639705169.webp\",\"datePublished\":\"2021-12-29T09:59:35+00:00\",\"dateModified\":\"2024-08-30T08:48:59+00:00\",\"breadcrumb\":{\"@id\":\"https:\\\/\\\/iha-race.com\\\/de\\\/producto\\\/runcam-split-hd-solo-camara-kit-runcam-split\\\/#breadcrumb\"},\"inLanguage\":\"de\",\"potentialAction\":[{\"@type\":\"ReadAction\",\"target\":[\"https:\\\/\\\/iha-race.com\\\/de\\\/producto\\\/runcam-split-hd-solo-camara-kit-runcam-split\\\/\"]}]},{\"@type\":\"ImageObject\",\"inLanguage\":\"de\",\"@id\":\"https:\\\/\\\/iha-race.com\\\/de\\\/producto\\\/runcam-split-hd-solo-camara-kit-runcam-split\\\/#primaryimage\",\"url\":\"https:\\\/\\\/iha-race.com\\\/wp-content\\\/uploads\\\/2021\\\/12\\\/1331_zoom_1639705169.webp\",\"contentUrl\":\"https:\\\/\\\/iha-race.com\\\/wp-content\\\/uploads\\\/2021\\\/12\\\/1331_zoom_1639705169.webp\",\"width\":1000,\"height\":1000},{\"@type\":\"BreadcrumbList\",\"@id\":\"https:\\\/\\\/iha-race.com\\\/de\\\/producto\\\/runcam-split-hd-solo-camara-kit-runcam-split\\\/#breadcrumb\",\"itemListElement\":[{\"@type\":\"ListItem\",\"position\":1,\"name\":\"Portada\",\"item\":\"https:\\\/\\\/iha-race.com\\\/de\\\/elementor-499\\\/\"},{\"@type\":\"ListItem\",\"position\":2,\"name\":\"Shop\",\"item\":\"https:\\\/\\\/iha-race.com\\\/de\\\/shop\\\/\"},{\"@type\":\"ListItem\",\"position\":3,\"name\":\"RunCam Split HD (nur Kamera\\\/RunCam Split Kit)\"}]},{\"@type\":\"WebSite\",\"@id\":\"https:\\\/\\\/iha-race.com\\\/de\\\/#website\",\"url\":\"https:\\\/\\\/iha-race.com\\\/de\\\/\",\"name\":\"Iha Race\",\"description\":\"Comprar drones de carreras FPV env\u00edos en un d\u00eda desde Espa\u00f1a\",\"publisher\":{\"@id\":\"https:\\\/\\\/iha-race.com\\\/de\\\/#organization\"},\"potentialAction\":[{\"@type\":\"SearchAction\",\"target\":{\"@type\":\"EntryPoint\",\"urlTemplate\":\"https:\\\/\\\/iha-race.com\\\/de\\\/?s={search_term_string}\"},\"query-input\":{\"@type\":\"PropertyValueSpecification\",\"valueRequired\":true,\"valueName\":\"search_term_string\"}}],\"inLanguage\":\"de\"},{\"@type\":\"Organization\",\"@id\":\"https:\\\/\\\/iha-race.com\\\/de\\\/#organization\",\"name\":\"Iha Race\",\"url\":\"https:\\\/\\\/iha-race.com\\\/de\\\/\",\"logo\":{\"@type\":\"ImageObject\",\"inLanguage\":\"de\",\"@id\":\"https:\\\/\\\/iha-race.com\\\/de\\\/#\\\/schema\\\/logo\\\/image\\\/\",\"url\":\"https:\\\/\\\/iha-race.com\\\/wp-content\\\/uploads\\\/2018\\\/07\\\/iha-race-drones-de-carreras-tienda-comprar-drones.png\",\"contentUrl\":\"https:\\\/\\\/iha-race.com\\\/wp-content\\\/uploads\\\/2018\\\/07\\\/iha-race-drones-de-carreras-tienda-comprar-drones.png\",\"width\":300,\"height\":100,\"caption\":\"Iha Race\"},\"image\":{\"@id\":\"https:\\\/\\\/iha-race.com\\\/de\\\/#\\\/schema\\\/logo\\\/image\\\/\"}}]}<\/script>\n<!-- \/ Yoast SEO plugin. -->","yoast_head_json":{"title":"RunCam Split HD (nur Kamera\/RunCam Split Kit) - Iha Race","robots":{"index":"index","follow":"follow","max-snippet":"max-snippet:-1","max-image-preview":"max-image-preview:large","max-video-preview":"max-video-preview:-1"},"canonical":"https:\/\/iha-race.com\/de\/producto\/runcam-split-hd-solo-camara-kit-runcam-split\/","og_locale":"de_DE","og_type":"article","og_title":"RunCam Split HD (nur Kamera\/RunCam Split Kit) - Iha Race","og_description":"RunCam Split HD (nur Kamera\/RunCam Split Kit) Merkmale: Gyro Flow Bildstabilisierung Standard ND 16-Filter Reduziert effektiv fliegendes Video-Gelee in hellem Sonnenlicht 16:9 \/ 4:3 Optional Unterst\u00fctzt 2.7K@60fps (4: 3), 2.7K@60fps","og_url":"https:\/\/iha-race.com\/de\/producto\/runcam-split-hd-solo-camara-kit-runcam-split\/","og_site_name":"Iha Race","article_modified_time":"2024-08-30T08:48:59+00:00","og_image":[{"width":1000,"height":1000,"url":"https:\/\/iha-race.com\/wp-content\/uploads\/2021\/12\/1331_zoom_1639705169.webp","type":"image\/webp"}],"twitter_card":"summary_large_image","twitter_misc":{"Gesch\u00e4tzte Lesezeit":"1\u00a0Minute"},"schema":{"@context":"https:\/\/schema.org","@graph":[{"@type":"WebPage","@id":"https:\/\/iha-race.com\/de\/producto\/runcam-split-hd-solo-camara-kit-runcam-split\/","url":"https:\/\/iha-race.com\/de\/producto\/runcam-split-hd-solo-camara-kit-runcam-split\/","name":"RunCam Split HD (nur Kamera\/RunCam Split Kit) - Iha Race","isPartOf":{"@id":"https:\/\/iha-race.com\/de\/#website"},"primaryImageOfPage":{"@id":"https:\/\/iha-race.com\/de\/producto\/runcam-split-hd-solo-camara-kit-runcam-split\/#primaryimage"},"image":{"@id":"https:\/\/iha-race.com\/de\/producto\/runcam-split-hd-solo-camara-kit-runcam-split\/#primaryimage"},"thumbnailUrl":"https:\/\/iha-race.com\/wp-content\/uploads\/2021\/12\/1331_zoom_1639705169.webp","datePublished":"2021-12-29T09:59:35+00:00","dateModified":"2024-08-30T08:48:59+00:00","breadcrumb":{"@id":"https:\/\/iha-race.com\/de\/producto\/runcam-split-hd-solo-camara-kit-runcam-split\/#breadcrumb"},"inLanguage":"de","potentialAction":[{"@type":"ReadAction","target":["https:\/\/iha-race.com\/de\/producto\/runcam-split-hd-solo-camara-kit-runcam-split\/"]}]},{"@type":"ImageObject","inLanguage":"de","@id":"https:\/\/iha-race.com\/de\/producto\/runcam-split-hd-solo-camara-kit-runcam-split\/#primaryimage","url":"https:\/\/iha-race.com\/wp-content\/uploads\/2021\/12\/1331_zoom_1639705169.webp","contentUrl":"https:\/\/iha-race.com\/wp-content\/uploads\/2021\/12\/1331_zoom_1639705169.webp","width":1000,"height":1000},{"@type":"BreadcrumbList","@id":"https:\/\/iha-race.com\/de\/producto\/runcam-split-hd-solo-camara-kit-runcam-split\/#breadcrumb","itemListElement":[{"@type":"ListItem","position":1,"name":"Portada","item":"https:\/\/iha-race.com\/de\/elementor-499\/"},{"@type":"ListItem","position":2,"name":"Shop","item":"https:\/\/iha-race.com\/de\/shop\/"},{"@type":"ListItem","position":3,"name":"RunCam Split HD (nur Kamera\/RunCam Split Kit)"}]},{"@type":"WebSite","@id":"https:\/\/iha-race.com\/de\/#website","url":"https:\/\/iha-race.com\/de\/","name":"Iha Race","description":"Comprar drones de carreras FPV env\u00edos en un d\u00eda desde Espa\u00f1a","publisher":{"@id":"https:\/\/iha-race.com\/de\/#organization"},"potentialAction":[{"@type":"SearchAction","target":{"@type":"EntryPoint","urlTemplate":"https:\/\/iha-race.com\/de\/?s={search_term_string}"},"query-input":{"@type":"PropertyValueSpecification","valueRequired":true,"valueName":"search_term_string"}}],"inLanguage":"de"},{"@type":"Organization","@id":"https:\/\/iha-race.com\/de\/#organization","name":"Iha Race","url":"https:\/\/iha-race.com\/de\/","logo":{"@type":"ImageObject","inLanguage":"de","@id":"https:\/\/iha-race.com\/de\/#\/schema\/logo\/image\/","url":"https:\/\/iha-race.com\/wp-content\/uploads\/2018\/07\/iha-race-drones-de-carreras-tienda-comprar-drones.png","contentUrl":"https:\/\/iha-race.com\/wp-content\/uploads\/2018\/07\/iha-race-drones-de-carreras-tienda-comprar-drones.png","width":300,"height":100,"caption":"Iha Race"},"image":{"@id":"https:\/\/iha-race.com\/de\/#\/schema\/logo\/image\/"}}]}},"brands":[],"_links":{"self":[{"href":"https:\/\/iha-race.com\/de\/wp-json\/wp\/v2\/product\/208552","targetHints":{"allow":["GET"]}}],"collection":[{"href":"https:\/\/iha-race.com\/de\/wp-json\/wp\/v2\/product"}],"about":[{"href":"https:\/\/iha-race.com\/de\/wp-json\/wp\/v2\/types\/product"}],"replies":[{"embeddable":true,"href":"https:\/\/iha-race.com\/de\/wp-json\/wp\/v2\/comments?post=208552"}],"version-history":[{"count":2,"href":"https:\/\/iha-race.com\/de\/wp-json\/wp\/v2\/product\/208552\/revisions"}],"predecessor-version":[{"id":249251,"href":"https:\/\/iha-race.com\/de\/wp-json\/wp\/v2\/product\/208552\/revisions\/249251"}],"wp:featuredmedia":[{"embeddable":true,"href":"https:\/\/iha-race.com\/de\/wp-json\/wp\/v2\/media\/127915"}],"wp:attachment":[{"href":"https:\/\/iha-race.com\/de\/wp-json\/wp\/v2\/media?parent=208552"}],"wp:term":[{"taxonomy":"pwb-brand","embeddable":true,"href":"https:\/\/iha-race.com\/de\/wp-json\/wp\/v2\/pwb-brand?post=208552"},{"taxonomy":"product_cat","embeddable":true,"href":"https:\/\/iha-race.com\/de\/wp-json\/wp\/v2\/product_cat?post=208552"},{"taxonomy":"product_tag","embeddable":true,"href":"https:\/\/iha-race.com\/de\/wp-json\/wp\/v2\/product_tag?post=208552"}],"curies":[{"name":"wp","href":"https:\/\/api.w.org\/{rel}","templated":true}]}}