{"id":208551,"date":"2022-02-23T11:20:17","date_gmt":"2022-02-23T10:20:17","guid":{"rendered":"https:\/\/iha-race.com\/producto\/propeller-emax-tinyhawk-iii-ersatzteilpaket-d-avia-th-propellersatz\/"},"modified":"2025-09-10T16:50:04","modified_gmt":"2025-09-10T14:50:04","slug":"helices-emax-tinyhawk-iii-ersatzteile-pack-d-helices-set-avia-th","status":"publish","type":"product","link":"https:\/\/iha-race.com\/de\/producto\/helices-emax-tinyhawk-iii-ersatzteile-pack-d-helices-set-avia-th\/","title":{"rendered":"Propeller EMAX Tinyhawk III Ersatzteilpaket D &#8211; Avia TH Propellersatz"},"content":{"rendered":"<h2 class=\"product_title entry-title show-product-nav\">Propeller EMAX Tinyhawk III Ersatzteilpaket D &#8211; Avia TH Propellersatz<\/h2>\n<p>  Original Emax Tinyhawk III Luftschraubensatz.  <\/p>\n<h3><strong>Das Paket enth\u00e4lt:<\/strong><\/h3>\n<ul>\n<li>2 x EMAX Tinyhawk III Propeller Ersatzteilpaket D &#8211; Avia TH CCW Propeller Set<\/li>\n<li>2 x EMAX Tinyhawk III Propeller Ersatzteilpaket D &#8211; Avia TH CW Propeller Set<\/li>\n<\/ul>\n<p>&nbsp;<\/p>\n<p>&nbsp;<\/p>\n","protected":false},"excerpt":{"rendered":"<p>Propeller EMAX Tinyhawk III Ersatzteilpaket D &#8211; Avia TH Propellersatz Original Emax Tinyhawk III Luftschraubensatz. Das Paket enth\u00e4lt: 2 x EMAX Tinyhawk III Propeller Ersatzteilpaket D &#8211; Avia TH CCW<\/p>\n","protected":false},"featured_media":128053,"comment_status":"open","ping_status":"closed","template":"","meta":{"_joinchat":[]},"pwb-brand":[],"product_cat":[2601,2600,2844],"product_tag":[],"class_list":{"0":"post-208551","1":"product","2":"type-product","3":"status-publish","4":"has-post-thumbnail","6":"product_cat-2-de","7":"product_cat-fpv-propeller","8":"product_cat-vier-blatt","10":"first","11":"instock","12":"taxable","13":"shipping-taxable","14":"purchasable","15":"product-type-simple"},"barcode":null,"atum_controlled":true,"out_stock_date":null,"out_stock_threshold":null,"inheritable":false,"stock_on_hold":0,"sold_today":0,"sales_last_days":0,"out_stock_days":0,"lost_sales":0,"update_date":"2026-04-08T16:42:03","atum_locations":[],"atum_stock_status":"instock","restock_status":false,"low_stock_amount":"","sales_update_date":"2026-04-08T10:17:17","calc_backorders":null,"yoast_head":"<!-- This site is optimized with the Yoast SEO plugin v27.3 - https:\/\/yoast.com\/product\/yoast-seo-wordpress\/ -->\n<title>EMAX Tinyhawk III Ersatzteilpaket D | Iha Race Propellerbl\u00e4tter<\/title>\n<meta name=\"description\" content=\"EMAX Tinyhawk III Spaer Parts Pack D Propellerblatt f\u00fcr ein einzigartiges Erlebnis. EMAX Tinyhawk III Ersatzteilpaket D Propellerbl\u00e4tter hier bestellen!\" \/>\n<meta name=\"robots\" content=\"index, follow, max-snippet:-1, max-image-preview:large, max-video-preview:-1\" \/>\n<link rel=\"canonical\" href=\"https:\/\/iha-race.com\/de\/producto\/helices-emax-tinyhawk-iii-ersatzteile-pack-d-helices-set-avia-th\/\" \/>\n<meta property=\"og:locale\" content=\"de_DE\" \/>\n<meta property=\"og:type\" content=\"article\" \/>\n<meta property=\"og:title\" content=\"EMAX Tinyhawk III Ersatzteilpaket D | Iha Race Propellerbl\u00e4tter\" \/>\n<meta property=\"og:description\" content=\"EMAX Tinyhawk III Spaer Parts Pack D Propellerblatt f\u00fcr ein einzigartiges Erlebnis. EMAX Tinyhawk III Ersatzteilpaket D Propellerbl\u00e4tter hier bestellen!\" \/>\n<meta property=\"og:url\" content=\"https:\/\/iha-race.com\/de\/producto\/helices-emax-tinyhawk-iii-ersatzteile-pack-d-helices-set-avia-th\/\" \/>\n<meta property=\"og:site_name\" content=\"Iha Race\" \/>\n<meta property=\"article:modified_time\" content=\"2025-09-10T14:50:04+00:00\" \/>\n<meta property=\"og:image\" content=\"https:\/\/iha-race.com\/wp-content\/uploads\/2022\/02\/pr1.jpeg\" \/>\n\t<meta property=\"og:image:width\" content=\"1000\" \/>\n\t<meta property=\"og:image:height\" content=\"1000\" \/>\n\t<meta property=\"og:image:type\" content=\"image\/jpeg\" \/>\n<meta name=\"twitter:card\" content=\"summary_large_image\" \/>\n<script type=\"application\/ld+json\" class=\"yoast-schema-graph\">{\"@context\":\"https:\\\/\\\/schema.org\",\"@graph\":[{\"@type\":\"WebPage\",\"@id\":\"https:\\\/\\\/iha-race.com\\\/de\\\/producto\\\/helices-emax-tinyhawk-iii-ersatzteile-pack-d-helices-set-avia-th\\\/\",\"url\":\"https:\\\/\\\/iha-race.com\\\/de\\\/producto\\\/helices-emax-tinyhawk-iii-ersatzteile-pack-d-helices-set-avia-th\\\/\",\"name\":\"EMAX Tinyhawk III Ersatzteilpaket D | Iha Race Propellerbl\u00e4tter\",\"isPartOf\":{\"@id\":\"https:\\\/\\\/iha-race.com\\\/de\\\/#website\"},\"primaryImageOfPage\":{\"@id\":\"https:\\\/\\\/iha-race.com\\\/de\\\/producto\\\/helices-emax-tinyhawk-iii-ersatzteile-pack-d-helices-set-avia-th\\\/#primaryimage\"},\"image\":{\"@id\":\"https:\\\/\\\/iha-race.com\\\/de\\\/producto\\\/helices-emax-tinyhawk-iii-ersatzteile-pack-d-helices-set-avia-th\\\/#primaryimage\"},\"thumbnailUrl\":\"https:\\\/\\\/iha-race.com\\\/wp-content\\\/uploads\\\/2022\\\/02\\\/pr1.jpeg\",\"datePublished\":\"2022-02-23T10:20:17+00:00\",\"dateModified\":\"2025-09-10T14:50:04+00:00\",\"description\":\"EMAX Tinyhawk III Spaer Parts Pack D Propellerblatt f\u00fcr ein einzigartiges Erlebnis. EMAX Tinyhawk III Ersatzteilpaket D Propellerbl\u00e4tter hier bestellen!\",\"breadcrumb\":{\"@id\":\"https:\\\/\\\/iha-race.com\\\/de\\\/producto\\\/helices-emax-tinyhawk-iii-ersatzteile-pack-d-helices-set-avia-th\\\/#breadcrumb\"},\"inLanguage\":\"de\",\"potentialAction\":[{\"@type\":\"ReadAction\",\"target\":[\"https:\\\/\\\/iha-race.com\\\/de\\\/producto\\\/helices-emax-tinyhawk-iii-ersatzteile-pack-d-helices-set-avia-th\\\/\"]}]},{\"@type\":\"ImageObject\",\"inLanguage\":\"de\",\"@id\":\"https:\\\/\\\/iha-race.com\\\/de\\\/producto\\\/helices-emax-tinyhawk-iii-ersatzteile-pack-d-helices-set-avia-th\\\/#primaryimage\",\"url\":\"https:\\\/\\\/iha-race.com\\\/wp-content\\\/uploads\\\/2022\\\/02\\\/pr1.jpeg\",\"contentUrl\":\"https:\\\/\\\/iha-race.com\\\/wp-content\\\/uploads\\\/2022\\\/02\\\/pr1.jpeg\",\"width\":1000,\"height\":1000,\"caption\":\"Palas de H\u00e9lice EMAX Tinyhawk III Spaer Parts Pack D\"},{\"@type\":\"BreadcrumbList\",\"@id\":\"https:\\\/\\\/iha-race.com\\\/de\\\/producto\\\/helices-emax-tinyhawk-iii-ersatzteile-pack-d-helices-set-avia-th\\\/#breadcrumb\",\"itemListElement\":[{\"@type\":\"ListItem\",\"position\":1,\"name\":\"Portada\",\"item\":\"https:\\\/\\\/iha-race.com\\\/de\\\/elementor-499\\\/\"},{\"@type\":\"ListItem\",\"position\":2,\"name\":\"Shop\",\"item\":\"https:\\\/\\\/iha-race.com\\\/de\\\/shop\\\/\"},{\"@type\":\"ListItem\",\"position\":3,\"name\":\"Propeller EMAX Tinyhawk III Ersatzteilpaket D &#8211; Avia TH Propellersatz\"}]},{\"@type\":\"WebSite\",\"@id\":\"https:\\\/\\\/iha-race.com\\\/de\\\/#website\",\"url\":\"https:\\\/\\\/iha-race.com\\\/de\\\/\",\"name\":\"Iha Race\",\"description\":\"Comprar drones de carreras FPV env\u00edos en un d\u00eda desde Espa\u00f1a\",\"publisher\":{\"@id\":\"https:\\\/\\\/iha-race.com\\\/de\\\/#organization\"},\"potentialAction\":[{\"@type\":\"SearchAction\",\"target\":{\"@type\":\"EntryPoint\",\"urlTemplate\":\"https:\\\/\\\/iha-race.com\\\/de\\\/?s={search_term_string}\"},\"query-input\":{\"@type\":\"PropertyValueSpecification\",\"valueRequired\":true,\"valueName\":\"search_term_string\"}}],\"inLanguage\":\"de\"},{\"@type\":\"Organization\",\"@id\":\"https:\\\/\\\/iha-race.com\\\/de\\\/#organization\",\"name\":\"Iha Race\",\"url\":\"https:\\\/\\\/iha-race.com\\\/de\\\/\",\"logo\":{\"@type\":\"ImageObject\",\"inLanguage\":\"de\",\"@id\":\"https:\\\/\\\/iha-race.com\\\/de\\\/#\\\/schema\\\/logo\\\/image\\\/\",\"url\":\"https:\\\/\\\/iha-race.com\\\/wp-content\\\/uploads\\\/2018\\\/07\\\/iha-race-drones-de-carreras-tienda-comprar-drones.png\",\"contentUrl\":\"https:\\\/\\\/iha-race.com\\\/wp-content\\\/uploads\\\/2018\\\/07\\\/iha-race-drones-de-carreras-tienda-comprar-drones.png\",\"width\":300,\"height\":100,\"caption\":\"Iha Race\"},\"image\":{\"@id\":\"https:\\\/\\\/iha-race.com\\\/de\\\/#\\\/schema\\\/logo\\\/image\\\/\"}}]}<\/script>\n<!-- \/ Yoast SEO plugin. -->","yoast_head_json":{"title":"EMAX Tinyhawk III Ersatzteilpaket D | Iha Race Propellerbl\u00e4tter","description":"EMAX Tinyhawk III Spaer Parts Pack D Propellerblatt f\u00fcr ein einzigartiges Erlebnis. EMAX Tinyhawk III Ersatzteilpaket D Propellerbl\u00e4tter hier bestellen!","robots":{"index":"index","follow":"follow","max-snippet":"max-snippet:-1","max-image-preview":"max-image-preview:large","max-video-preview":"max-video-preview:-1"},"canonical":"https:\/\/iha-race.com\/de\/producto\/helices-emax-tinyhawk-iii-ersatzteile-pack-d-helices-set-avia-th\/","og_locale":"de_DE","og_type":"article","og_title":"EMAX Tinyhawk III Ersatzteilpaket D | Iha Race Propellerbl\u00e4tter","og_description":"EMAX Tinyhawk III Spaer Parts Pack D Propellerblatt f\u00fcr ein einzigartiges Erlebnis. EMAX Tinyhawk III Ersatzteilpaket D Propellerbl\u00e4tter hier bestellen!","og_url":"https:\/\/iha-race.com\/de\/producto\/helices-emax-tinyhawk-iii-ersatzteile-pack-d-helices-set-avia-th\/","og_site_name":"Iha Race","article_modified_time":"2025-09-10T14:50:04+00:00","og_image":[{"width":1000,"height":1000,"url":"https:\/\/iha-race.com\/wp-content\/uploads\/2022\/02\/pr1.jpeg","type":"image\/jpeg"}],"twitter_card":"summary_large_image","schema":{"@context":"https:\/\/schema.org","@graph":[{"@type":"WebPage","@id":"https:\/\/iha-race.com\/de\/producto\/helices-emax-tinyhawk-iii-ersatzteile-pack-d-helices-set-avia-th\/","url":"https:\/\/iha-race.com\/de\/producto\/helices-emax-tinyhawk-iii-ersatzteile-pack-d-helices-set-avia-th\/","name":"EMAX Tinyhawk III Ersatzteilpaket D | Iha Race Propellerbl\u00e4tter","isPartOf":{"@id":"https:\/\/iha-race.com\/de\/#website"},"primaryImageOfPage":{"@id":"https:\/\/iha-race.com\/de\/producto\/helices-emax-tinyhawk-iii-ersatzteile-pack-d-helices-set-avia-th\/#primaryimage"},"image":{"@id":"https:\/\/iha-race.com\/de\/producto\/helices-emax-tinyhawk-iii-ersatzteile-pack-d-helices-set-avia-th\/#primaryimage"},"thumbnailUrl":"https:\/\/iha-race.com\/wp-content\/uploads\/2022\/02\/pr1.jpeg","datePublished":"2022-02-23T10:20:17+00:00","dateModified":"2025-09-10T14:50:04+00:00","description":"EMAX Tinyhawk III Spaer Parts Pack D Propellerblatt f\u00fcr ein einzigartiges Erlebnis. EMAX Tinyhawk III Ersatzteilpaket D Propellerbl\u00e4tter hier bestellen!","breadcrumb":{"@id":"https:\/\/iha-race.com\/de\/producto\/helices-emax-tinyhawk-iii-ersatzteile-pack-d-helices-set-avia-th\/#breadcrumb"},"inLanguage":"de","potentialAction":[{"@type":"ReadAction","target":["https:\/\/iha-race.com\/de\/producto\/helices-emax-tinyhawk-iii-ersatzteile-pack-d-helices-set-avia-th\/"]}]},{"@type":"ImageObject","inLanguage":"de","@id":"https:\/\/iha-race.com\/de\/producto\/helices-emax-tinyhawk-iii-ersatzteile-pack-d-helices-set-avia-th\/#primaryimage","url":"https:\/\/iha-race.com\/wp-content\/uploads\/2022\/02\/pr1.jpeg","contentUrl":"https:\/\/iha-race.com\/wp-content\/uploads\/2022\/02\/pr1.jpeg","width":1000,"height":1000,"caption":"Palas de H\u00e9lice EMAX Tinyhawk III Spaer Parts Pack D"},{"@type":"BreadcrumbList","@id":"https:\/\/iha-race.com\/de\/producto\/helices-emax-tinyhawk-iii-ersatzteile-pack-d-helices-set-avia-th\/#breadcrumb","itemListElement":[{"@type":"ListItem","position":1,"name":"Portada","item":"https:\/\/iha-race.com\/de\/elementor-499\/"},{"@type":"ListItem","position":2,"name":"Shop","item":"https:\/\/iha-race.com\/de\/shop\/"},{"@type":"ListItem","position":3,"name":"Propeller EMAX Tinyhawk III Ersatzteilpaket D &#8211; Avia TH Propellersatz"}]},{"@type":"WebSite","@id":"https:\/\/iha-race.com\/de\/#website","url":"https:\/\/iha-race.com\/de\/","name":"Iha Race","description":"Comprar drones de carreras FPV env\u00edos en un d\u00eda desde Espa\u00f1a","publisher":{"@id":"https:\/\/iha-race.com\/de\/#organization"},"potentialAction":[{"@type":"SearchAction","target":{"@type":"EntryPoint","urlTemplate":"https:\/\/iha-race.com\/de\/?s={search_term_string}"},"query-input":{"@type":"PropertyValueSpecification","valueRequired":true,"valueName":"search_term_string"}}],"inLanguage":"de"},{"@type":"Organization","@id":"https:\/\/iha-race.com\/de\/#organization","name":"Iha Race","url":"https:\/\/iha-race.com\/de\/","logo":{"@type":"ImageObject","inLanguage":"de","@id":"https:\/\/iha-race.com\/de\/#\/schema\/logo\/image\/","url":"https:\/\/iha-race.com\/wp-content\/uploads\/2018\/07\/iha-race-drones-de-carreras-tienda-comprar-drones.png","contentUrl":"https:\/\/iha-race.com\/wp-content\/uploads\/2018\/07\/iha-race-drones-de-carreras-tienda-comprar-drones.png","width":300,"height":100,"caption":"Iha Race"},"image":{"@id":"https:\/\/iha-race.com\/de\/#\/schema\/logo\/image\/"}}]}},"brands":[],"_links":{"self":[{"href":"https:\/\/iha-race.com\/de\/wp-json\/wp\/v2\/product\/208551","targetHints":{"allow":["GET"]}}],"collection":[{"href":"https:\/\/iha-race.com\/de\/wp-json\/wp\/v2\/product"}],"about":[{"href":"https:\/\/iha-race.com\/de\/wp-json\/wp\/v2\/types\/product"}],"replies":[{"embeddable":true,"href":"https:\/\/iha-race.com\/de\/wp-json\/wp\/v2\/comments?post=208551"}],"version-history":[{"count":2,"href":"https:\/\/iha-race.com\/de\/wp-json\/wp\/v2\/product\/208551\/revisions"}],"predecessor-version":[{"id":249207,"href":"https:\/\/iha-race.com\/de\/wp-json\/wp\/v2\/product\/208551\/revisions\/249207"}],"wp:featuredmedia":[{"embeddable":true,"href":"https:\/\/iha-race.com\/de\/wp-json\/wp\/v2\/media\/128053"}],"wp:attachment":[{"href":"https:\/\/iha-race.com\/de\/wp-json\/wp\/v2\/media?parent=208551"}],"wp:term":[{"taxonomy":"pwb-brand","embeddable":true,"href":"https:\/\/iha-race.com\/de\/wp-json\/wp\/v2\/pwb-brand?post=208551"},{"taxonomy":"product_cat","embeddable":true,"href":"https:\/\/iha-race.com\/de\/wp-json\/wp\/v2\/product_cat?post=208551"},{"taxonomy":"product_tag","embeddable":true,"href":"https:\/\/iha-race.com\/de\/wp-json\/wp\/v2\/product_tag?post=208551"}],"curies":[{"name":"wp","href":"https:\/\/api.w.org\/{rel}","templated":true}]}}