{"id":208549,"date":"2021-11-29T16:14:31","date_gmt":"2021-11-29T15:14:31","guid":{"rendered":"https:\/\/iha-race.com\/producto\/runcam-nano-4-kamera-nur-ntsc\/"},"modified":"2024-08-29T12:12:28","modified_gmt":"2024-08-29T10:12:28","slug":"camara-runcam-nano-4-solo-ntsc","status":"publish","type":"product","link":"https:\/\/iha-race.com\/de\/producto\/camara-runcam-nano-4-solo-ntsc\/","title":{"rendered":"RunCam Nano 4 Kamera (NUR NTSC)"},"content":{"rendered":"<h2><span data-sheets-value=\"{\"1\":2,\"2\":\"RunCam Nano 4 (S\u00d3LO NTSC)\"}\" data-sheets-userformat=\"{\"2\":15235,\"3\":{\"1\":0},\"4\":{\"1\":2,\"2\":16777215},\"10\":2,\"11\":4,\"12\":0,\"14\":{\"1\":2,\"2\":3355443},\"15\":\"MyriadPro\",\"16\":12}\">RunCam Nano 4 (NUR NTSC)<\/span><\/h2>\n<div id=\"ProductDescription\" class=\"Block Panel ProductDescription\">\n<div class=\"ProductDescriptionContainer prodAccordionContent\">\n<div class=\"Nano4 Common ProductFont\">\n<div class=\"Section Section1\">\n<p><img decoding=\"async\" class=\"BigImage\" title=\"Nano4\" src=\"https:\/\/store-m8o52p.mybigcommerce.com\/product_images\/img_nano4\/NANO4-WEB-1.jpg\" alt=\"Nano4\"><img decoding=\"async\" class=\"BigImage\" title=\"Nano4\" src=\"https:\/\/store-m8o52p.mybigcommerce.com\/product_images\/img_nano4\/NANO4-WEB-B2.jpg\" alt=\"Nano4\"><\/p>\n<\/div>\n<div class=\"Section Section9 SectionOverflow\">\n<div class=\"Zone MobileZone\">\n<h2 class=\"MicroSwift2PackageTitle\">Abmessungen:<\/h2>\n<p><img decoding=\"async\" title=\"Nano4\" src=\"https:\/\/store-m8o52p.mybigcommerce.com\/product_images\/img_nano4\/NANO4-WEB-B3.png\" alt=\"Nano4\"><\/p>\n<div class=\"clear\"><\/div>\n<\/div>\n<\/div>\n<div class=\"Section\">\n<div class=\"Zone MobileZone2\">\n<h3 class=\"MicroSwift2PackageTitle\">Parameter:<\/h3>\n<table border=\"0\" cellspacing=\"0\">\n<tbody>\n<tr>\n<td width=\"37%\">Modell<\/td>\n<td width=\"63%\">RunCam Nano 4<\/td>\n<\/tr>\n<tr>\n<td>Bildsensor<\/td>\n<td>1\/3&#8243; CMOS<\/td>\n<\/tr>\n<tr>\n<td>horizontale Aufl\u00f6sung<\/td>\n<td>800 TV-Zeilen<\/td>\n<\/tr>\n<tr>\n<td>Objektiv<\/td>\n<td>2,1 mm (M8) 155\u00b0 FOV<\/td>\n<\/tr>\n<tr>\n<td>Signalsystem<\/td>\n<td>NTSC<\/td>\n<\/tr>\n<tr>\n<td>S\/N-Verh\u00e4ltnis<\/td>\n<td>&gt; 50 dB<\/td>\n<\/tr>\n<tr>\n<td>Elektronische Belichtungszeit<\/td>\n<td>Auto<\/td>\n<\/tr>\n<tr>\n<td>Automatische Verst\u00e4rkungsregelung (AGC)<\/td>\n<td>Auto<\/td>\n<\/tr>\n<tr>\n<td>Min. Beleuchtung<\/td>\n<td>0.01Lux@1.2F<\/td>\n<\/tr>\n<tr>\n<td>D-WDR<\/td>\n<td>Auto<\/td>\n<\/tr>\n<tr>\n<td>Tag \/ Nacht<\/td>\n<td>Farbe<\/td>\n<\/tr>\n<tr>\n<td>Stromversorgung<\/td>\n<td>DC 3,3-5,5 V<\/td>\n<\/tr>\n<tr>\n<td>Aktuell<\/td>\n<td>\n<table cellspacing=\"0\">\n<tbody>\n<tr>\n<td>160 mA bei 5 V<\/td>\n<td>180mA@3.3V<\/td>\n<\/tr>\n<\/tbody>\n<\/table>\n<\/td>\n<\/tr>\n<tr>\n<td>Material Geh\u00e4use<\/td>\n<td>abs<\/td>\n<\/tr>\n<tr>\n<td>Nettogewicht<\/td>\n<td>2,9 g<\/td>\n<\/tr>\n<tr>\n<td>Abmessungen<\/td>\n<td>L14mm * B14mm * H14mm<\/td>\n<\/tr>\n<\/tbody>\n<\/table>\n<\/div>\n<\/div>\n<h3>Das Paket enth\u00e4lt:<\/h3>\n<ul>\n<li>1 x RunCam Nano 4 Kamera (NUR NTSC)<\/li>\n<\/ul>\n<\/div>\n<\/div>\n<\/div>\n<div class=\"main\">\n<div class=\"inner\">\n<div id=\"ProductReviews\" class=\"Block Panel\"><\/div>\n<\/div>\n<\/div>\n","protected":false},"excerpt":{"rendered":"<div class=\"title\">Die Runcam Nano 4 kommt unter anderem mit neuem ISP, besserer realistischer Farbdarstellung und besserer Nachtsicht bei schwachem Licht.<\/div>\n","protected":false},"featured_media":127845,"comment_status":"open","ping_status":"closed","template":"","meta":{"_joinchat":[]},"pwb-brand":[],"product_cat":[2569,2554],"product_tag":[],"class_list":{"0":"post-208549","1":"product","2":"type-product","3":"status-publish","4":"has-post-thumbnail","6":"product_cat-analoge-kameras","7":"product_cat-fpv-kameras-de","9":"first","10":"instock","11":"taxable","12":"shipping-taxable","13":"purchasable","14":"product-type-simple"},"barcode":null,"atum_controlled":true,"out_stock_date":null,"out_stock_threshold":null,"inheritable":false,"stock_on_hold":0,"sold_today":0,"sales_last_days":0,"out_stock_days":0,"lost_sales":0,"update_date":"2026-04-08T16:41:29","atum_locations":[],"atum_stock_status":"instock","restock_status":false,"low_stock_amount":"","sales_update_date":"2026-04-08T10:17:17","calc_backorders":null,"yoast_head":"<!-- This site is optimized with the Yoast SEO plugin v27.3 - https:\/\/yoast.com\/product\/yoast-seo-wordpress\/ -->\n<title>RunCam Nano 4 Kamera (NUR NTSC) - Iha Race<\/title>\n<meta name=\"robots\" content=\"index, follow, max-snippet:-1, max-image-preview:large, max-video-preview:-1\" \/>\n<link rel=\"canonical\" href=\"https:\/\/iha-race.com\/de\/producto\/camara-runcam-nano-4-solo-ntsc\/\" \/>\n<meta property=\"og:locale\" content=\"de_DE\" \/>\n<meta property=\"og:type\" content=\"article\" \/>\n<meta property=\"og:title\" content=\"RunCam Nano 4 Kamera (NUR NTSC) - Iha Race\" \/>\n<meta property=\"og:description\" content=\"Die Runcam Nano 4 kommt unter anderem mit neuem ISP, besserer realistischer Farbdarstellung und besserer Nachtsicht bei schwachem Licht.\" \/>\n<meta property=\"og:url\" content=\"https:\/\/iha-race.com\/de\/producto\/camara-runcam-nano-4-solo-ntsc\/\" \/>\n<meta property=\"og:site_name\" content=\"Iha Race\" \/>\n<meta property=\"article:modified_time\" content=\"2024-08-29T10:12:28+00:00\" \/>\n<meta property=\"og:image\" content=\"https:\/\/iha-race.com\/wp-content\/uploads\/2021\/11\/RunCam-Nano4-1__63949.webp\" \/>\n\t<meta property=\"og:image:width\" content=\"1000\" \/>\n\t<meta property=\"og:image:height\" content=\"1000\" \/>\n\t<meta property=\"og:image:type\" content=\"image\/webp\" \/>\n<meta name=\"twitter:card\" content=\"summary_large_image\" \/>\n<script type=\"application\/ld+json\" class=\"yoast-schema-graph\">{\"@context\":\"https:\\\/\\\/schema.org\",\"@graph\":[{\"@type\":\"WebPage\",\"@id\":\"https:\\\/\\\/iha-race.com\\\/de\\\/producto\\\/camara-runcam-nano-4-solo-ntsc\\\/\",\"url\":\"https:\\\/\\\/iha-race.com\\\/de\\\/producto\\\/camara-runcam-nano-4-solo-ntsc\\\/\",\"name\":\"RunCam Nano 4 Kamera (NUR NTSC) - Iha Race\",\"isPartOf\":{\"@id\":\"https:\\\/\\\/iha-race.com\\\/de\\\/#website\"},\"primaryImageOfPage\":{\"@id\":\"https:\\\/\\\/iha-race.com\\\/de\\\/producto\\\/camara-runcam-nano-4-solo-ntsc\\\/#primaryimage\"},\"image\":{\"@id\":\"https:\\\/\\\/iha-race.com\\\/de\\\/producto\\\/camara-runcam-nano-4-solo-ntsc\\\/#primaryimage\"},\"thumbnailUrl\":\"https:\\\/\\\/iha-race.com\\\/wp-content\\\/uploads\\\/2021\\\/11\\\/RunCam-Nano4-1__63949.webp\",\"datePublished\":\"2021-11-29T15:14:31+00:00\",\"dateModified\":\"2024-08-29T10:12:28+00:00\",\"breadcrumb\":{\"@id\":\"https:\\\/\\\/iha-race.com\\\/de\\\/producto\\\/camara-runcam-nano-4-solo-ntsc\\\/#breadcrumb\"},\"inLanguage\":\"de\",\"potentialAction\":[{\"@type\":\"ReadAction\",\"target\":[\"https:\\\/\\\/iha-race.com\\\/de\\\/producto\\\/camara-runcam-nano-4-solo-ntsc\\\/\"]}]},{\"@type\":\"ImageObject\",\"inLanguage\":\"de\",\"@id\":\"https:\\\/\\\/iha-race.com\\\/de\\\/producto\\\/camara-runcam-nano-4-solo-ntsc\\\/#primaryimage\",\"url\":\"https:\\\/\\\/iha-race.com\\\/wp-content\\\/uploads\\\/2021\\\/11\\\/RunCam-Nano4-1__63949.webp\",\"contentUrl\":\"https:\\\/\\\/iha-race.com\\\/wp-content\\\/uploads\\\/2021\\\/11\\\/RunCam-Nano4-1__63949.webp\",\"width\":1000,\"height\":1000},{\"@type\":\"BreadcrumbList\",\"@id\":\"https:\\\/\\\/iha-race.com\\\/de\\\/producto\\\/camara-runcam-nano-4-solo-ntsc\\\/#breadcrumb\",\"itemListElement\":[{\"@type\":\"ListItem\",\"position\":1,\"name\":\"Portada\",\"item\":\"https:\\\/\\\/iha-race.com\\\/de\\\/elementor-499\\\/\"},{\"@type\":\"ListItem\",\"position\":2,\"name\":\"Shop\",\"item\":\"https:\\\/\\\/iha-race.com\\\/de\\\/shop\\\/\"},{\"@type\":\"ListItem\",\"position\":3,\"name\":\"RunCam Nano 4 Kamera (NUR NTSC)\"}]},{\"@type\":\"WebSite\",\"@id\":\"https:\\\/\\\/iha-race.com\\\/de\\\/#website\",\"url\":\"https:\\\/\\\/iha-race.com\\\/de\\\/\",\"name\":\"Iha Race\",\"description\":\"Comprar drones de carreras FPV env\u00edos en un d\u00eda desde Espa\u00f1a\",\"publisher\":{\"@id\":\"https:\\\/\\\/iha-race.com\\\/de\\\/#organization\"},\"potentialAction\":[{\"@type\":\"SearchAction\",\"target\":{\"@type\":\"EntryPoint\",\"urlTemplate\":\"https:\\\/\\\/iha-race.com\\\/de\\\/?s={search_term_string}\"},\"query-input\":{\"@type\":\"PropertyValueSpecification\",\"valueRequired\":true,\"valueName\":\"search_term_string\"}}],\"inLanguage\":\"de\"},{\"@type\":\"Organization\",\"@id\":\"https:\\\/\\\/iha-race.com\\\/de\\\/#organization\",\"name\":\"Iha Race\",\"url\":\"https:\\\/\\\/iha-race.com\\\/de\\\/\",\"logo\":{\"@type\":\"ImageObject\",\"inLanguage\":\"de\",\"@id\":\"https:\\\/\\\/iha-race.com\\\/de\\\/#\\\/schema\\\/logo\\\/image\\\/\",\"url\":\"https:\\\/\\\/iha-race.com\\\/wp-content\\\/uploads\\\/2018\\\/07\\\/iha-race-drones-de-carreras-tienda-comprar-drones.png\",\"contentUrl\":\"https:\\\/\\\/iha-race.com\\\/wp-content\\\/uploads\\\/2018\\\/07\\\/iha-race-drones-de-carreras-tienda-comprar-drones.png\",\"width\":300,\"height\":100,\"caption\":\"Iha Race\"},\"image\":{\"@id\":\"https:\\\/\\\/iha-race.com\\\/de\\\/#\\\/schema\\\/logo\\\/image\\\/\"}}]}<\/script>\n<!-- \/ Yoast SEO plugin. -->","yoast_head_json":{"title":"RunCam Nano 4 Kamera (NUR NTSC) - Iha Race","robots":{"index":"index","follow":"follow","max-snippet":"max-snippet:-1","max-image-preview":"max-image-preview:large","max-video-preview":"max-video-preview:-1"},"canonical":"https:\/\/iha-race.com\/de\/producto\/camara-runcam-nano-4-solo-ntsc\/","og_locale":"de_DE","og_type":"article","og_title":"RunCam Nano 4 Kamera (NUR NTSC) - Iha Race","og_description":"Die Runcam Nano 4 kommt unter anderem mit neuem ISP, besserer realistischer Farbdarstellung und besserer Nachtsicht bei schwachem Licht.","og_url":"https:\/\/iha-race.com\/de\/producto\/camara-runcam-nano-4-solo-ntsc\/","og_site_name":"Iha Race","article_modified_time":"2024-08-29T10:12:28+00:00","og_image":[{"width":1000,"height":1000,"url":"https:\/\/iha-race.com\/wp-content\/uploads\/2021\/11\/RunCam-Nano4-1__63949.webp","type":"image\/webp"}],"twitter_card":"summary_large_image","schema":{"@context":"https:\/\/schema.org","@graph":[{"@type":"WebPage","@id":"https:\/\/iha-race.com\/de\/producto\/camara-runcam-nano-4-solo-ntsc\/","url":"https:\/\/iha-race.com\/de\/producto\/camara-runcam-nano-4-solo-ntsc\/","name":"RunCam Nano 4 Kamera (NUR NTSC) - Iha Race","isPartOf":{"@id":"https:\/\/iha-race.com\/de\/#website"},"primaryImageOfPage":{"@id":"https:\/\/iha-race.com\/de\/producto\/camara-runcam-nano-4-solo-ntsc\/#primaryimage"},"image":{"@id":"https:\/\/iha-race.com\/de\/producto\/camara-runcam-nano-4-solo-ntsc\/#primaryimage"},"thumbnailUrl":"https:\/\/iha-race.com\/wp-content\/uploads\/2021\/11\/RunCam-Nano4-1__63949.webp","datePublished":"2021-11-29T15:14:31+00:00","dateModified":"2024-08-29T10:12:28+00:00","breadcrumb":{"@id":"https:\/\/iha-race.com\/de\/producto\/camara-runcam-nano-4-solo-ntsc\/#breadcrumb"},"inLanguage":"de","potentialAction":[{"@type":"ReadAction","target":["https:\/\/iha-race.com\/de\/producto\/camara-runcam-nano-4-solo-ntsc\/"]}]},{"@type":"ImageObject","inLanguage":"de","@id":"https:\/\/iha-race.com\/de\/producto\/camara-runcam-nano-4-solo-ntsc\/#primaryimage","url":"https:\/\/iha-race.com\/wp-content\/uploads\/2021\/11\/RunCam-Nano4-1__63949.webp","contentUrl":"https:\/\/iha-race.com\/wp-content\/uploads\/2021\/11\/RunCam-Nano4-1__63949.webp","width":1000,"height":1000},{"@type":"BreadcrumbList","@id":"https:\/\/iha-race.com\/de\/producto\/camara-runcam-nano-4-solo-ntsc\/#breadcrumb","itemListElement":[{"@type":"ListItem","position":1,"name":"Portada","item":"https:\/\/iha-race.com\/de\/elementor-499\/"},{"@type":"ListItem","position":2,"name":"Shop","item":"https:\/\/iha-race.com\/de\/shop\/"},{"@type":"ListItem","position":3,"name":"RunCam Nano 4 Kamera (NUR NTSC)"}]},{"@type":"WebSite","@id":"https:\/\/iha-race.com\/de\/#website","url":"https:\/\/iha-race.com\/de\/","name":"Iha Race","description":"Comprar drones de carreras FPV env\u00edos en un d\u00eda desde Espa\u00f1a","publisher":{"@id":"https:\/\/iha-race.com\/de\/#organization"},"potentialAction":[{"@type":"SearchAction","target":{"@type":"EntryPoint","urlTemplate":"https:\/\/iha-race.com\/de\/?s={search_term_string}"},"query-input":{"@type":"PropertyValueSpecification","valueRequired":true,"valueName":"search_term_string"}}],"inLanguage":"de"},{"@type":"Organization","@id":"https:\/\/iha-race.com\/de\/#organization","name":"Iha Race","url":"https:\/\/iha-race.com\/de\/","logo":{"@type":"ImageObject","inLanguage":"de","@id":"https:\/\/iha-race.com\/de\/#\/schema\/logo\/image\/","url":"https:\/\/iha-race.com\/wp-content\/uploads\/2018\/07\/iha-race-drones-de-carreras-tienda-comprar-drones.png","contentUrl":"https:\/\/iha-race.com\/wp-content\/uploads\/2018\/07\/iha-race-drones-de-carreras-tienda-comprar-drones.png","width":300,"height":100,"caption":"Iha Race"},"image":{"@id":"https:\/\/iha-race.com\/de\/#\/schema\/logo\/image\/"}}]}},"brands":[],"_links":{"self":[{"href":"https:\/\/iha-race.com\/de\/wp-json\/wp\/v2\/product\/208549","targetHints":{"allow":["GET"]}}],"collection":[{"href":"https:\/\/iha-race.com\/de\/wp-json\/wp\/v2\/product"}],"about":[{"href":"https:\/\/iha-race.com\/de\/wp-json\/wp\/v2\/types\/product"}],"replies":[{"embeddable":true,"href":"https:\/\/iha-race.com\/de\/wp-json\/wp\/v2\/comments?post=208549"}],"version-history":[{"count":2,"href":"https:\/\/iha-race.com\/de\/wp-json\/wp\/v2\/product\/208549\/revisions"}],"predecessor-version":[{"id":249267,"href":"https:\/\/iha-race.com\/de\/wp-json\/wp\/v2\/product\/208549\/revisions\/249267"}],"wp:featuredmedia":[{"embeddable":true,"href":"https:\/\/iha-race.com\/de\/wp-json\/wp\/v2\/media\/127845"}],"wp:attachment":[{"href":"https:\/\/iha-race.com\/de\/wp-json\/wp\/v2\/media?parent=208549"}],"wp:term":[{"taxonomy":"pwb-brand","embeddable":true,"href":"https:\/\/iha-race.com\/de\/wp-json\/wp\/v2\/pwb-brand?post=208549"},{"taxonomy":"product_cat","embeddable":true,"href":"https:\/\/iha-race.com\/de\/wp-json\/wp\/v2\/product_cat?post=208549"},{"taxonomy":"product_tag","embeddable":true,"href":"https:\/\/iha-race.com\/de\/wp-json\/wp\/v2\/product_tag?post=208549"}],"curies":[{"name":"wp","href":"https:\/\/api.w.org\/{rel}","templated":true}]}}