{"id":208546,"date":"2021-12-28T18:01:00","date_gmt":"2021-12-28T17:01:00","guid":{"rendered":"https:\/\/iha-race.com\/producto\/runcam-racer-nano3-mck-kamera\/"},"modified":"2024-08-29T12:12:00","modified_gmt":"2024-08-29T10:12:00","slug":"camara-runcam-racer-nano3-mck","status":"publish","type":"product","link":"https:\/\/iha-race.com\/de\/producto\/camara-runcam-racer-nano3-mck\/","title":{"rendered":"RunCam Racer Nano3 MCK-Kamera"},"content":{"rendered":"<h1>RunCam Racer Nano3 MCK-Kamera<\/h1>\n<div class=\"Section Section9 SectionOverflow\">\n<div class=\"Zone MobileZone2\"><iframe src=\"https:\/\/www.youtube.com\/embed\/JdH5GTh14VI\" width=\"960\" height=\"540\" frameborder=\"0\" data-mce-fragment=\"1\"><\/iframe><\/div>\n<div><\/div>\n<div><\/div>\n<div>\n<h2>Eigenschaften<\/h2>\n<div>\n<ul>\n<li>Umschaltbares Verh\u00e4ltnis 4: 3\/16: 9<\/li>\n<li> <a href=\"https:\/\/www.youtube.com\/c\/MinChanKim04\" target=\"_blank\" rel=\"noopener\">MCK FPV<\/a> Ausgabe<\/li>\n<li>1,8 mm Linse<\/li>\n<\/ul>\n<\/div>\n<div><\/div>\n<\/div>\n<div><\/div>\n<div class=\"Zone MobileZone2\"><img decoding=\"async\" class=\"BigImage\" title=\"RunCam Phoenix 2 Nano\" src=\"https:\/\/store-m8o52p.mybigcommerce.com\/product_images\/img_racer3nano-mck\/RACERNANO3-web.jpg\" alt=\"racer3 mck\"><\/div>\n<\/div>\n<div class=\"Section Section9 SectionOverflow\">\n<div class=\"Zone MobileZone\">\n<div class=\"clear\"><\/div>\n<\/div>\n<\/div>\n<div class=\"Section\">\n<div class=\"Zone MobileZone1\">\n<h2><\/h2>\n<h2>Spezifikationen<\/h2>\n<ul>\n<li>Szeneneinstellung per Knopfdruck: Personal \/ Lightrax<\/li>\n<li>Bildseitenverh\u00e4ltnis: 4:3 \/ Widescreen umschaltbar<\/li>\n<li>Bildsensor: Super WDR CMOS-Sensor<\/li>\n<li>Signalsystem: NTSC \/ PAL umschaltbar<\/li>\n<li>Abmessungen: L14mmxB14mmxH16mm<\/li>\n<li>Modell: RunCam Racer Nano3 MCK<\/li>\n<li>Stromst\u00e4rke: 70mA @ 12V \/ 120mA @ 5V<\/li>\n<li>Min. Beleuchtung: 0.01Lux@1.2F<\/li>\n<li>Horizontale Aufl\u00f6sung: 1000TVL<\/li>\n<li>Elektronische Verschlusszeit: automatisch<\/li>\n<li>Men\u00fcsteuerung: Joystick-Steuerung<\/li>\n<li>Objektiv: 1,8 mm FOV 160 \u00b0.<\/li>\n<li>Geh\u00e4usematerial: ABS<\/li>\n<li>Integriertes OSD: ja<\/li>\n<li>Spiegel \/ Flip: verf\u00fcgbar<\/li>\n<li>WDR: Super WDR<\/li>\n<li>S\/N-Verh\u00e4ltnis:&gt; 50dB<\/li>\n<li>Stromversorgung: DC 5-36V<\/li>\n<li>Nettogewicht: 3,5 g<\/li>\n<li>Tag\/Nacht: Farbe<\/li>\n<\/ul>\n<p>&nbsp;<\/p>\n<h2>Das Paket enth\u00e4lt:<\/h2>\n<ul>\n<li>1 x RunCam Racer Nano 3 1.8mm Kamera &#8211; MCK FPV Edition<\/li>\n<li>1 x ABS-Halterung<\/li>\n<li>1 x 4-poliges Kabel<\/li>\n<li>1 x Handbuch (Englisch)<\/li>\n<\/ul>\n<\/div>\n<\/div>\n","protected":false},"excerpt":{"rendered":"<p>Die <strong>RunCam Racer Nano 3 MCK <\/strong>ist eine FPV-Kamera mit 1,8 mm Linse und einem umschaltbaren Aufl\u00f6sungsverh\u00e4ltnis von 4<strong>:3\/16:9<\/strong>. Diese Kamera wurde in Zusammenarbeit mit dem weltber\u00fchmten FPV-Piloten Min Chan Kim entwickelt!<\/p>\n","protected":false},"featured_media":127902,"comment_status":"open","ping_status":"closed","template":"","meta":{"_joinchat":[]},"pwb-brand":[],"product_cat":[2569,2554],"product_tag":[],"class_list":{"0":"post-208546","1":"product","2":"type-product","3":"status-publish","4":"has-post-thumbnail","6":"product_cat-analoge-kameras","7":"product_cat-fpv-kameras-de","9":"first","10":"instock","11":"taxable","12":"shipping-taxable","13":"purchasable","14":"product-type-simple"},"barcode":null,"atum_controlled":true,"out_stock_date":null,"out_stock_threshold":null,"inheritable":false,"stock_on_hold":0,"sold_today":0,"sales_last_days":0,"out_stock_days":0,"lost_sales":0,"update_date":"2026-04-08T16:41:29","atum_locations":[],"atum_stock_status":"instock","restock_status":false,"low_stock_amount":"","sales_update_date":"2026-04-08T10:17:17","calc_backorders":null,"yoast_head":"<!-- This site is optimized with the Yoast SEO plugin v27.3 - https:\/\/yoast.com\/product\/yoast-seo-wordpress\/ -->\n<title>RunCam Racer Nano3 MCK-Kamera - Iha Race<\/title>\n<meta name=\"robots\" content=\"index, follow, max-snippet:-1, max-image-preview:large, max-video-preview:-1\" \/>\n<link rel=\"canonical\" href=\"https:\/\/iha-race.com\/de\/producto\/camara-runcam-racer-nano3-mck\/\" \/>\n<meta property=\"og:locale\" content=\"de_DE\" \/>\n<meta property=\"og:type\" content=\"article\" \/>\n<meta property=\"og:title\" content=\"RunCam Racer Nano3 MCK-Kamera - Iha Race\" \/>\n<meta property=\"og:description\" content=\"Die RunCam Racer Nano 3 MCK ist eine FPV-Kamera mit 1,8 mm Linse und einem umschaltbaren Aufl\u00f6sungsverh\u00e4ltnis von 4:3\/16:9. Diese Kamera wurde in Zusammenarbeit mit dem weltber\u00fchmten FPV-Piloten Min Chan Kim entwickelt!\" \/>\n<meta property=\"og:url\" content=\"https:\/\/iha-race.com\/de\/producto\/camara-runcam-racer-nano3-mck\/\" \/>\n<meta property=\"og:site_name\" content=\"Iha Race\" \/>\n<meta property=\"article:modified_time\" content=\"2024-08-29T10:12:00+00:00\" \/>\n<meta property=\"og:image\" content=\"https:\/\/iha-race.com\/wp-content\/uploads\/2021\/12\/RACERNANO3-1__83029.1624876080.1280.1280.jpg\" \/>\n\t<meta property=\"og:image:width\" content=\"1000\" \/>\n\t<meta property=\"og:image:height\" content=\"1000\" \/>\n\t<meta property=\"og:image:type\" content=\"image\/jpeg\" \/>\n<meta name=\"twitter:card\" content=\"summary_large_image\" \/>\n<meta name=\"twitter:label1\" content=\"Gesch\u00e4tzte Lesezeit\" \/>\n\t<meta name=\"twitter:data1\" content=\"1\u00a0Minute\" \/>\n<script type=\"application\/ld+json\" class=\"yoast-schema-graph\">{\"@context\":\"https:\\\/\\\/schema.org\",\"@graph\":[{\"@type\":\"WebPage\",\"@id\":\"https:\\\/\\\/iha-race.com\\\/de\\\/producto\\\/camara-runcam-racer-nano3-mck\\\/\",\"url\":\"https:\\\/\\\/iha-race.com\\\/de\\\/producto\\\/camara-runcam-racer-nano3-mck\\\/\",\"name\":\"RunCam Racer Nano3 MCK-Kamera - Iha Race\",\"isPartOf\":{\"@id\":\"https:\\\/\\\/iha-race.com\\\/de\\\/#website\"},\"primaryImageOfPage\":{\"@id\":\"https:\\\/\\\/iha-race.com\\\/de\\\/producto\\\/camara-runcam-racer-nano3-mck\\\/#primaryimage\"},\"image\":{\"@id\":\"https:\\\/\\\/iha-race.com\\\/de\\\/producto\\\/camara-runcam-racer-nano3-mck\\\/#primaryimage\"},\"thumbnailUrl\":\"https:\\\/\\\/iha-race.com\\\/wp-content\\\/uploads\\\/2021\\\/12\\\/RACERNANO3-1__83029.1624876080.1280.1280.jpg\",\"datePublished\":\"2021-12-28T17:01:00+00:00\",\"dateModified\":\"2024-08-29T10:12:00+00:00\",\"breadcrumb\":{\"@id\":\"https:\\\/\\\/iha-race.com\\\/de\\\/producto\\\/camara-runcam-racer-nano3-mck\\\/#breadcrumb\"},\"inLanguage\":\"de\",\"potentialAction\":[{\"@type\":\"ReadAction\",\"target\":[\"https:\\\/\\\/iha-race.com\\\/de\\\/producto\\\/camara-runcam-racer-nano3-mck\\\/\"]}]},{\"@type\":\"ImageObject\",\"inLanguage\":\"de\",\"@id\":\"https:\\\/\\\/iha-race.com\\\/de\\\/producto\\\/camara-runcam-racer-nano3-mck\\\/#primaryimage\",\"url\":\"https:\\\/\\\/iha-race.com\\\/wp-content\\\/uploads\\\/2021\\\/12\\\/RACERNANO3-1__83029.1624876080.1280.1280.jpg\",\"contentUrl\":\"https:\\\/\\\/iha-race.com\\\/wp-content\\\/uploads\\\/2021\\\/12\\\/RACERNANO3-1__83029.1624876080.1280.1280.jpg\",\"width\":1000,\"height\":1000},{\"@type\":\"BreadcrumbList\",\"@id\":\"https:\\\/\\\/iha-race.com\\\/de\\\/producto\\\/camara-runcam-racer-nano3-mck\\\/#breadcrumb\",\"itemListElement\":[{\"@type\":\"ListItem\",\"position\":1,\"name\":\"Portada\",\"item\":\"https:\\\/\\\/iha-race.com\\\/de\\\/elementor-499\\\/\"},{\"@type\":\"ListItem\",\"position\":2,\"name\":\"Shop\",\"item\":\"https:\\\/\\\/iha-race.com\\\/de\\\/shop\\\/\"},{\"@type\":\"ListItem\",\"position\":3,\"name\":\"RunCam Racer Nano3 MCK-Kamera\"}]},{\"@type\":\"WebSite\",\"@id\":\"https:\\\/\\\/iha-race.com\\\/de\\\/#website\",\"url\":\"https:\\\/\\\/iha-race.com\\\/de\\\/\",\"name\":\"Iha Race\",\"description\":\"Comprar drones de carreras FPV env\u00edos en un d\u00eda desde Espa\u00f1a\",\"publisher\":{\"@id\":\"https:\\\/\\\/iha-race.com\\\/de\\\/#organization\"},\"potentialAction\":[{\"@type\":\"SearchAction\",\"target\":{\"@type\":\"EntryPoint\",\"urlTemplate\":\"https:\\\/\\\/iha-race.com\\\/de\\\/?s={search_term_string}\"},\"query-input\":{\"@type\":\"PropertyValueSpecification\",\"valueRequired\":true,\"valueName\":\"search_term_string\"}}],\"inLanguage\":\"de\"},{\"@type\":\"Organization\",\"@id\":\"https:\\\/\\\/iha-race.com\\\/de\\\/#organization\",\"name\":\"Iha Race\",\"url\":\"https:\\\/\\\/iha-race.com\\\/de\\\/\",\"logo\":{\"@type\":\"ImageObject\",\"inLanguage\":\"de\",\"@id\":\"https:\\\/\\\/iha-race.com\\\/de\\\/#\\\/schema\\\/logo\\\/image\\\/\",\"url\":\"https:\\\/\\\/iha-race.com\\\/wp-content\\\/uploads\\\/2018\\\/07\\\/iha-race-drones-de-carreras-tienda-comprar-drones.png\",\"contentUrl\":\"https:\\\/\\\/iha-race.com\\\/wp-content\\\/uploads\\\/2018\\\/07\\\/iha-race-drones-de-carreras-tienda-comprar-drones.png\",\"width\":300,\"height\":100,\"caption\":\"Iha Race\"},\"image\":{\"@id\":\"https:\\\/\\\/iha-race.com\\\/de\\\/#\\\/schema\\\/logo\\\/image\\\/\"}}]}<\/script>\n<!-- \/ Yoast SEO plugin. -->","yoast_head_json":{"title":"RunCam Racer Nano3 MCK-Kamera - Iha Race","robots":{"index":"index","follow":"follow","max-snippet":"max-snippet:-1","max-image-preview":"max-image-preview:large","max-video-preview":"max-video-preview:-1"},"canonical":"https:\/\/iha-race.com\/de\/producto\/camara-runcam-racer-nano3-mck\/","og_locale":"de_DE","og_type":"article","og_title":"RunCam Racer Nano3 MCK-Kamera - Iha Race","og_description":"Die RunCam Racer Nano 3 MCK ist eine FPV-Kamera mit 1,8 mm Linse und einem umschaltbaren Aufl\u00f6sungsverh\u00e4ltnis von 4:3\/16:9. Diese Kamera wurde in Zusammenarbeit mit dem weltber\u00fchmten FPV-Piloten Min Chan Kim entwickelt!","og_url":"https:\/\/iha-race.com\/de\/producto\/camara-runcam-racer-nano3-mck\/","og_site_name":"Iha Race","article_modified_time":"2024-08-29T10:12:00+00:00","og_image":[{"width":1000,"height":1000,"url":"https:\/\/iha-race.com\/wp-content\/uploads\/2021\/12\/RACERNANO3-1__83029.1624876080.1280.1280.jpg","type":"image\/jpeg"}],"twitter_card":"summary_large_image","twitter_misc":{"Gesch\u00e4tzte Lesezeit":"1\u00a0Minute"},"schema":{"@context":"https:\/\/schema.org","@graph":[{"@type":"WebPage","@id":"https:\/\/iha-race.com\/de\/producto\/camara-runcam-racer-nano3-mck\/","url":"https:\/\/iha-race.com\/de\/producto\/camara-runcam-racer-nano3-mck\/","name":"RunCam Racer Nano3 MCK-Kamera - Iha Race","isPartOf":{"@id":"https:\/\/iha-race.com\/de\/#website"},"primaryImageOfPage":{"@id":"https:\/\/iha-race.com\/de\/producto\/camara-runcam-racer-nano3-mck\/#primaryimage"},"image":{"@id":"https:\/\/iha-race.com\/de\/producto\/camara-runcam-racer-nano3-mck\/#primaryimage"},"thumbnailUrl":"https:\/\/iha-race.com\/wp-content\/uploads\/2021\/12\/RACERNANO3-1__83029.1624876080.1280.1280.jpg","datePublished":"2021-12-28T17:01:00+00:00","dateModified":"2024-08-29T10:12:00+00:00","breadcrumb":{"@id":"https:\/\/iha-race.com\/de\/producto\/camara-runcam-racer-nano3-mck\/#breadcrumb"},"inLanguage":"de","potentialAction":[{"@type":"ReadAction","target":["https:\/\/iha-race.com\/de\/producto\/camara-runcam-racer-nano3-mck\/"]}]},{"@type":"ImageObject","inLanguage":"de","@id":"https:\/\/iha-race.com\/de\/producto\/camara-runcam-racer-nano3-mck\/#primaryimage","url":"https:\/\/iha-race.com\/wp-content\/uploads\/2021\/12\/RACERNANO3-1__83029.1624876080.1280.1280.jpg","contentUrl":"https:\/\/iha-race.com\/wp-content\/uploads\/2021\/12\/RACERNANO3-1__83029.1624876080.1280.1280.jpg","width":1000,"height":1000},{"@type":"BreadcrumbList","@id":"https:\/\/iha-race.com\/de\/producto\/camara-runcam-racer-nano3-mck\/#breadcrumb","itemListElement":[{"@type":"ListItem","position":1,"name":"Portada","item":"https:\/\/iha-race.com\/de\/elementor-499\/"},{"@type":"ListItem","position":2,"name":"Shop","item":"https:\/\/iha-race.com\/de\/shop\/"},{"@type":"ListItem","position":3,"name":"RunCam Racer Nano3 MCK-Kamera"}]},{"@type":"WebSite","@id":"https:\/\/iha-race.com\/de\/#website","url":"https:\/\/iha-race.com\/de\/","name":"Iha Race","description":"Comprar drones de carreras FPV env\u00edos en un d\u00eda desde Espa\u00f1a","publisher":{"@id":"https:\/\/iha-race.com\/de\/#organization"},"potentialAction":[{"@type":"SearchAction","target":{"@type":"EntryPoint","urlTemplate":"https:\/\/iha-race.com\/de\/?s={search_term_string}"},"query-input":{"@type":"PropertyValueSpecification","valueRequired":true,"valueName":"search_term_string"}}],"inLanguage":"de"},{"@type":"Organization","@id":"https:\/\/iha-race.com\/de\/#organization","name":"Iha Race","url":"https:\/\/iha-race.com\/de\/","logo":{"@type":"ImageObject","inLanguage":"de","@id":"https:\/\/iha-race.com\/de\/#\/schema\/logo\/image\/","url":"https:\/\/iha-race.com\/wp-content\/uploads\/2018\/07\/iha-race-drones-de-carreras-tienda-comprar-drones.png","contentUrl":"https:\/\/iha-race.com\/wp-content\/uploads\/2018\/07\/iha-race-drones-de-carreras-tienda-comprar-drones.png","width":300,"height":100,"caption":"Iha Race"},"image":{"@id":"https:\/\/iha-race.com\/de\/#\/schema\/logo\/image\/"}}]}},"brands":[],"_links":{"self":[{"href":"https:\/\/iha-race.com\/de\/wp-json\/wp\/v2\/product\/208546","targetHints":{"allow":["GET"]}}],"collection":[{"href":"https:\/\/iha-race.com\/de\/wp-json\/wp\/v2\/product"}],"about":[{"href":"https:\/\/iha-race.com\/de\/wp-json\/wp\/v2\/types\/product"}],"replies":[{"embeddable":true,"href":"https:\/\/iha-race.com\/de\/wp-json\/wp\/v2\/comments?post=208546"}],"version-history":[{"count":1,"href":"https:\/\/iha-race.com\/de\/wp-json\/wp\/v2\/product\/208546\/revisions"}],"predecessor-version":[{"id":230775,"href":"https:\/\/iha-race.com\/de\/wp-json\/wp\/v2\/product\/208546\/revisions\/230775"}],"wp:featuredmedia":[{"embeddable":true,"href":"https:\/\/iha-race.com\/de\/wp-json\/wp\/v2\/media\/127902"}],"wp:attachment":[{"href":"https:\/\/iha-race.com\/de\/wp-json\/wp\/v2\/media?parent=208546"}],"wp:term":[{"taxonomy":"pwb-brand","embeddable":true,"href":"https:\/\/iha-race.com\/de\/wp-json\/wp\/v2\/pwb-brand?post=208546"},{"taxonomy":"product_cat","embeddable":true,"href":"https:\/\/iha-race.com\/de\/wp-json\/wp\/v2\/product_cat?post=208546"},{"taxonomy":"product_tag","embeddable":true,"href":"https:\/\/iha-race.com\/de\/wp-json\/wp\/v2\/product_tag?post=208546"}],"curies":[{"name":"wp","href":"https:\/\/api.w.org\/{rel}","templated":true}]}}