{"id":208530,"date":"2022-02-21T12:15:10","date_gmt":"2022-02-21T11:15:10","guid":{"rendered":"https:\/\/iha-race.com\/producto\/betafpv-3-blatt-propeller-gemfan-3520-15-5-mm-welle\/"},"modified":"2024-08-29T12:09:22","modified_gmt":"2024-08-29T10:09:22","slug":"helices-betafpv-3-palas-gemfan-3520-eje-de-15-5-mm","status":"publish","type":"product","link":"https:\/\/iha-race.com\/de\/producto\/helices-betafpv-3-palas-gemfan-3520-eje-de-15-5-mm\/","title":{"rendered":"Betafpv 3-Blatt-Propeller Gemfan 3520 (1,5-5 mm Welle)"},"content":{"rendered":"<h2>Betafpv 3-Blatt-Propeller Gemfan 3520 (1,5-5 mm Welle)<\/h2>\n<p><span style=\"font-weight: 400;\">Mit dem Gemfan 3520 erhalten Sie mehr Leistung, Kontrolle und Geschwindigkeit! Mit den Gemfan 3520 Dreiblatt-Propellern erreichen Sie eine neue Ebene des sanften Fluges. Er besteht aus d\u00fcnnem PC-Material, und das Drei-Blatt-Design mit einem St\u00fctzdurchmesser von 3,5 Zoll kann Ihren Quadcopter mit gro\u00dfer Leistung vom Boden aus versorgen.  <\/span><\/p>\n<p><span style=\"font-weight: 400;\">Dies ist das Standardzubeh\u00f6r f\u00fcr den TWIG XL FPV.<\/span><\/p>\n<p><img decoding=\"async\" src=\"https:\/\/cdn.shopify.com\/s\/files\/1\/1778\/6615\/files\/78204c678967e8facbd41236e3704a70_309b84c0-47d0-4d74-b281-c053b5b6be99_600x600.jpg?v=1625308450\" alt=\"\"><\/p>\n<h2>EMPFOHLENE TEILE<\/h2>\n<ul>\n<li style=\"font-weight: 400;\"><span style=\"font-weight: 400;\">Rahmen: 3&#8243; TWIG XL Rahmen<\/span><\/li>\n<li style=\"font-weight: 400;\"><span style=\"font-weight: 400;\">Motor: <\/span><span style=\"font-weight: 400;\">B\u00fcrstenlose Motoren 1404 3800KV<\/span><\/li>\n<\/ul>\n<h2>SPEZIFIKATIONEN<\/h2>\n<ul>\n<li style=\"font-weight: 400;\"><span style=\"font-weight: 400;\">Artikel: 3-Blatt-Propeller Gemfan 3520<\/span><\/li>\n<li style=\"font-weight: 400;\"><span style=\"font-weight: 400;\">Propellerdurchmesser: 3,5 Zoll<\/span><\/li>\n<li style=\"font-weight: 400;\"><span style=\"font-weight: 400;\">Klingen: 3<\/span><\/li>\n<li style=\"font-weight: 400;\"><span style=\"font-weight: 400;\">Ausr\u00fcstung: Personal Computer.<\/span><\/li>\n<li style=\"font-weight: 400;\"><span style=\"font-weight: 400;\">Schritt: 2<\/span><\/li>\n<li style=\"font-weight: 400;\"><span style=\"font-weight: 400;\">Farbe: hellgrau<\/span><\/li>\n<li style=\"font-weight: 400;\"><span style=\"font-weight: 400;\">Schaft: 1,5 mm\/5 mm<\/span><\/li>\n<li style=\"font-weight: 400;\"><span style=\"font-weight: 400;\">Gewicht: 1,92 g\/St\u00fcck<\/span><\/li>\n<\/ul>\n<p><img decoding=\"async\" src=\"https:\/\/cdn.shopify.com\/s\/files\/1\/1778\/6615\/files\/1_3f963c0f-99c5-4f4d-af0a-e72594977428_600x600.jpg?v=1625308518\" alt=\"\"><\/p>\n<h2>Das Paket umfasst<\/h2>\n<ul>\n<li style=\"font-weight: 400;\"><span style=\"font-weight: 400;\">2 x 3520 Gemfan 3-Blatt-Propeller CW<\/span><\/li>\n<li style=\"font-weight: 400;\"><span style=\"font-weight: 400;\">2 x 3520 Gemfan 3-Blatt-Propeller CCW<\/span><\/li>\n<\/ul>\n<p><img decoding=\"async\" src=\"https:\/\/cdn.shopify.com\/s\/files\/1\/1778\/6615\/files\/0c4067fd44dbc3e67968392b9babcc84_c09154ec-7cf9-4cab-88c0-7328e3a53a02_600x600.jpg?v=1625308555\" alt=\"\"><\/p>\n","protected":false},"excerpt":{"rendered":"<p><span style=\"font-weight: 400;\">Mit dem Gemfan 3520 erhalten Sie mehr Leistung, Kontrolle und Geschwindigkeit!<\/span><\/p>\n","protected":false},"featured_media":128049,"comment_status":"open","ping_status":"closed","template":"","meta":{"_joinchat":[]},"pwb-brand":[],"product_cat":[52,49,133],"product_tag":[],"class_list":{"0":"post-208530","1":"product","2":"type-product","3":"status-publish","4":"has-post-thumbnail","6":"product_cat-tres","7":"product_cat-helices-para-drones","8":"product_cat-tripalas","10":"first","11":"outofstock","12":"taxable","13":"shipping-taxable","14":"purchasable","15":"product-type-simple"},"barcode":null,"atum_controlled":true,"out_stock_date":"2026-04-05 14:23:46","out_stock_threshold":null,"inheritable":false,"stock_on_hold":0,"sold_today":0,"sales_last_days":0,"out_stock_days":22,"lost_sales":9,"update_date":"2026-04-27T21:47:36","atum_locations":[],"atum_stock_status":"outofstock","restock_status":false,"low_stock_amount":"","sales_update_date":"2026-04-27T21:47:36","calc_backorders":null,"yoast_head":"<!-- This site is optimized with the Yoast SEO plugin v27.3 - https:\/\/yoast.com\/product\/yoast-seo-wordpress\/ -->\n<title>Betafpv 3-Blatt-Propeller Gemfan 3520 (1,5-5 mm Welle) - Iha Race<\/title>\n<meta name=\"robots\" content=\"index, follow, max-snippet:-1, max-image-preview:large, max-video-preview:-1\" \/>\n<link rel=\"canonical\" href=\"https:\/\/iha-race.com\/de\/producto\/helices-betafpv-3-palas-gemfan-3520-eje-de-15-5-mm\/\" \/>\n<meta property=\"og:locale\" content=\"de_DE\" \/>\n<meta property=\"og:type\" content=\"article\" \/>\n<meta property=\"og:title\" content=\"Betafpv 3-Blatt-Propeller Gemfan 3520 (1,5-5 mm Welle) - Iha Race\" \/>\n<meta property=\"og:description\" content=\"Mit dem Gemfan 3520 erhalten Sie mehr Leistung, Kontrolle und Geschwindigkeit!\" \/>\n<meta property=\"og:url\" content=\"https:\/\/iha-race.com\/de\/producto\/helices-betafpv-3-palas-gemfan-3520-eje-de-15-5-mm\/\" \/>\n<meta property=\"og:site_name\" content=\"Iha Race\" \/>\n<meta property=\"article:modified_time\" content=\"2024-08-29T10:09:22+00:00\" \/>\n<meta property=\"og:image\" content=\"https:\/\/iha-race.com\/wp-content\/uploads\/2022\/02\/1_e1726fed-817c-4a29-bf96-6f8cecddb241_1200x1200_1.jpeg\" \/>\n\t<meta property=\"og:image:width\" content=\"1000\" \/>\n\t<meta property=\"og:image:height\" content=\"1000\" \/>\n\t<meta property=\"og:image:type\" content=\"image\/jpeg\" \/>\n<meta name=\"twitter:card\" content=\"summary_large_image\" \/>\n<meta name=\"twitter:label1\" content=\"Gesch\u00e4tzte Lesezeit\" \/>\n\t<meta name=\"twitter:data1\" content=\"1\u00a0Minute\" \/>\n<script type=\"application\/ld+json\" class=\"yoast-schema-graph\">{\"@context\":\"https:\\\/\\\/schema.org\",\"@graph\":[{\"@type\":\"WebPage\",\"@id\":\"https:\\\/\\\/iha-race.com\\\/de\\\/producto\\\/helices-betafpv-3-palas-gemfan-3520-eje-de-15-5-mm\\\/\",\"url\":\"https:\\\/\\\/iha-race.com\\\/de\\\/producto\\\/helices-betafpv-3-palas-gemfan-3520-eje-de-15-5-mm\\\/\",\"name\":\"Betafpv 3-Blatt-Propeller Gemfan 3520 (1,5-5 mm Welle) - Iha Race\",\"isPartOf\":{\"@id\":\"https:\\\/\\\/iha-race.com\\\/de\\\/#website\"},\"primaryImageOfPage\":{\"@id\":\"https:\\\/\\\/iha-race.com\\\/de\\\/producto\\\/helices-betafpv-3-palas-gemfan-3520-eje-de-15-5-mm\\\/#primaryimage\"},\"image\":{\"@id\":\"https:\\\/\\\/iha-race.com\\\/de\\\/producto\\\/helices-betafpv-3-palas-gemfan-3520-eje-de-15-5-mm\\\/#primaryimage\"},\"thumbnailUrl\":\"https:\\\/\\\/iha-race.com\\\/wp-content\\\/uploads\\\/2022\\\/02\\\/1_e1726fed-817c-4a29-bf96-6f8cecddb241_1200x1200_1.jpeg\",\"datePublished\":\"2022-02-21T11:15:10+00:00\",\"dateModified\":\"2024-08-29T10:09:22+00:00\",\"breadcrumb\":{\"@id\":\"https:\\\/\\\/iha-race.com\\\/de\\\/producto\\\/helices-betafpv-3-palas-gemfan-3520-eje-de-15-5-mm\\\/#breadcrumb\"},\"inLanguage\":\"de\",\"potentialAction\":[{\"@type\":\"ReadAction\",\"target\":[\"https:\\\/\\\/iha-race.com\\\/de\\\/producto\\\/helices-betafpv-3-palas-gemfan-3520-eje-de-15-5-mm\\\/\"]}]},{\"@type\":\"ImageObject\",\"inLanguage\":\"de\",\"@id\":\"https:\\\/\\\/iha-race.com\\\/de\\\/producto\\\/helices-betafpv-3-palas-gemfan-3520-eje-de-15-5-mm\\\/#primaryimage\",\"url\":\"https:\\\/\\\/iha-race.com\\\/wp-content\\\/uploads\\\/2022\\\/02\\\/1_e1726fed-817c-4a29-bf96-6f8cecddb241_1200x1200_1.jpeg\",\"contentUrl\":\"https:\\\/\\\/iha-race.com\\\/wp-content\\\/uploads\\\/2022\\\/02\\\/1_e1726fed-817c-4a29-bf96-6f8cecddb241_1200x1200_1.jpeg\",\"width\":1000,\"height\":1000},{\"@type\":\"BreadcrumbList\",\"@id\":\"https:\\\/\\\/iha-race.com\\\/de\\\/producto\\\/helices-betafpv-3-palas-gemfan-3520-eje-de-15-5-mm\\\/#breadcrumb\",\"itemListElement\":[{\"@type\":\"ListItem\",\"position\":1,\"name\":\"Portada\",\"item\":\"https:\\\/\\\/iha-race.com\\\/de\\\/elementor-499\\\/\"},{\"@type\":\"ListItem\",\"position\":2,\"name\":\"Shop\",\"item\":\"https:\\\/\\\/iha-race.com\\\/de\\\/shop\\\/\"},{\"@type\":\"ListItem\",\"position\":3,\"name\":\"Betafpv 3-Blatt-Propeller Gemfan 3520 (1,5-5 mm Welle)\"}]},{\"@type\":\"WebSite\",\"@id\":\"https:\\\/\\\/iha-race.com\\\/de\\\/#website\",\"url\":\"https:\\\/\\\/iha-race.com\\\/de\\\/\",\"name\":\"Iha Race\",\"description\":\"Comprar drones de carreras FPV env\u00edos en un d\u00eda desde Espa\u00f1a\",\"publisher\":{\"@id\":\"https:\\\/\\\/iha-race.com\\\/de\\\/#organization\"},\"potentialAction\":[{\"@type\":\"SearchAction\",\"target\":{\"@type\":\"EntryPoint\",\"urlTemplate\":\"https:\\\/\\\/iha-race.com\\\/de\\\/?s={search_term_string}\"},\"query-input\":{\"@type\":\"PropertyValueSpecification\",\"valueRequired\":true,\"valueName\":\"search_term_string\"}}],\"inLanguage\":\"de\"},{\"@type\":\"Organization\",\"@id\":\"https:\\\/\\\/iha-race.com\\\/de\\\/#organization\",\"name\":\"Iha Race\",\"url\":\"https:\\\/\\\/iha-race.com\\\/de\\\/\",\"logo\":{\"@type\":\"ImageObject\",\"inLanguage\":\"de\",\"@id\":\"https:\\\/\\\/iha-race.com\\\/de\\\/#\\\/schema\\\/logo\\\/image\\\/\",\"url\":\"https:\\\/\\\/iha-race.com\\\/wp-content\\\/uploads\\\/2018\\\/07\\\/iha-race-drones-de-carreras-tienda-comprar-drones.png\",\"contentUrl\":\"https:\\\/\\\/iha-race.com\\\/wp-content\\\/uploads\\\/2018\\\/07\\\/iha-race-drones-de-carreras-tienda-comprar-drones.png\",\"width\":300,\"height\":100,\"caption\":\"Iha Race\"},\"image\":{\"@id\":\"https:\\\/\\\/iha-race.com\\\/de\\\/#\\\/schema\\\/logo\\\/image\\\/\"}}]}<\/script>\n<!-- \/ Yoast SEO plugin. -->","yoast_head_json":{"title":"Betafpv 3-Blatt-Propeller Gemfan 3520 (1,5-5 mm Welle) - Iha Race","robots":{"index":"index","follow":"follow","max-snippet":"max-snippet:-1","max-image-preview":"max-image-preview:large","max-video-preview":"max-video-preview:-1"},"canonical":"https:\/\/iha-race.com\/de\/producto\/helices-betafpv-3-palas-gemfan-3520-eje-de-15-5-mm\/","og_locale":"de_DE","og_type":"article","og_title":"Betafpv 3-Blatt-Propeller Gemfan 3520 (1,5-5 mm Welle) - Iha Race","og_description":"Mit dem Gemfan 3520 erhalten Sie mehr Leistung, Kontrolle und Geschwindigkeit!","og_url":"https:\/\/iha-race.com\/de\/producto\/helices-betafpv-3-palas-gemfan-3520-eje-de-15-5-mm\/","og_site_name":"Iha Race","article_modified_time":"2024-08-29T10:09:22+00:00","og_image":[{"width":1000,"height":1000,"url":"https:\/\/iha-race.com\/wp-content\/uploads\/2022\/02\/1_e1726fed-817c-4a29-bf96-6f8cecddb241_1200x1200_1.jpeg","type":"image\/jpeg"}],"twitter_card":"summary_large_image","twitter_misc":{"Gesch\u00e4tzte Lesezeit":"1\u00a0Minute"},"schema":{"@context":"https:\/\/schema.org","@graph":[{"@type":"WebPage","@id":"https:\/\/iha-race.com\/de\/producto\/helices-betafpv-3-palas-gemfan-3520-eje-de-15-5-mm\/","url":"https:\/\/iha-race.com\/de\/producto\/helices-betafpv-3-palas-gemfan-3520-eje-de-15-5-mm\/","name":"Betafpv 3-Blatt-Propeller Gemfan 3520 (1,5-5 mm Welle) - Iha Race","isPartOf":{"@id":"https:\/\/iha-race.com\/de\/#website"},"primaryImageOfPage":{"@id":"https:\/\/iha-race.com\/de\/producto\/helices-betafpv-3-palas-gemfan-3520-eje-de-15-5-mm\/#primaryimage"},"image":{"@id":"https:\/\/iha-race.com\/de\/producto\/helices-betafpv-3-palas-gemfan-3520-eje-de-15-5-mm\/#primaryimage"},"thumbnailUrl":"https:\/\/iha-race.com\/wp-content\/uploads\/2022\/02\/1_e1726fed-817c-4a29-bf96-6f8cecddb241_1200x1200_1.jpeg","datePublished":"2022-02-21T11:15:10+00:00","dateModified":"2024-08-29T10:09:22+00:00","breadcrumb":{"@id":"https:\/\/iha-race.com\/de\/producto\/helices-betafpv-3-palas-gemfan-3520-eje-de-15-5-mm\/#breadcrumb"},"inLanguage":"de","potentialAction":[{"@type":"ReadAction","target":["https:\/\/iha-race.com\/de\/producto\/helices-betafpv-3-palas-gemfan-3520-eje-de-15-5-mm\/"]}]},{"@type":"ImageObject","inLanguage":"de","@id":"https:\/\/iha-race.com\/de\/producto\/helices-betafpv-3-palas-gemfan-3520-eje-de-15-5-mm\/#primaryimage","url":"https:\/\/iha-race.com\/wp-content\/uploads\/2022\/02\/1_e1726fed-817c-4a29-bf96-6f8cecddb241_1200x1200_1.jpeg","contentUrl":"https:\/\/iha-race.com\/wp-content\/uploads\/2022\/02\/1_e1726fed-817c-4a29-bf96-6f8cecddb241_1200x1200_1.jpeg","width":1000,"height":1000},{"@type":"BreadcrumbList","@id":"https:\/\/iha-race.com\/de\/producto\/helices-betafpv-3-palas-gemfan-3520-eje-de-15-5-mm\/#breadcrumb","itemListElement":[{"@type":"ListItem","position":1,"name":"Portada","item":"https:\/\/iha-race.com\/de\/elementor-499\/"},{"@type":"ListItem","position":2,"name":"Shop","item":"https:\/\/iha-race.com\/de\/shop\/"},{"@type":"ListItem","position":3,"name":"Betafpv 3-Blatt-Propeller Gemfan 3520 (1,5-5 mm Welle)"}]},{"@type":"WebSite","@id":"https:\/\/iha-race.com\/de\/#website","url":"https:\/\/iha-race.com\/de\/","name":"Iha Race","description":"Comprar drones de carreras FPV env\u00edos en un d\u00eda desde Espa\u00f1a","publisher":{"@id":"https:\/\/iha-race.com\/de\/#organization"},"potentialAction":[{"@type":"SearchAction","target":{"@type":"EntryPoint","urlTemplate":"https:\/\/iha-race.com\/de\/?s={search_term_string}"},"query-input":{"@type":"PropertyValueSpecification","valueRequired":true,"valueName":"search_term_string"}}],"inLanguage":"de"},{"@type":"Organization","@id":"https:\/\/iha-race.com\/de\/#organization","name":"Iha Race","url":"https:\/\/iha-race.com\/de\/","logo":{"@type":"ImageObject","inLanguage":"de","@id":"https:\/\/iha-race.com\/de\/#\/schema\/logo\/image\/","url":"https:\/\/iha-race.com\/wp-content\/uploads\/2018\/07\/iha-race-drones-de-carreras-tienda-comprar-drones.png","contentUrl":"https:\/\/iha-race.com\/wp-content\/uploads\/2018\/07\/iha-race-drones-de-carreras-tienda-comprar-drones.png","width":300,"height":100,"caption":"Iha Race"},"image":{"@id":"https:\/\/iha-race.com\/de\/#\/schema\/logo\/image\/"}}]}},"jetpack_sharing_enabled":true,"brands":[],"_links":{"self":[{"href":"https:\/\/iha-race.com\/de\/wp-json\/wp\/v2\/product\/208530","targetHints":{"allow":["GET"]}}],"collection":[{"href":"https:\/\/iha-race.com\/de\/wp-json\/wp\/v2\/product"}],"about":[{"href":"https:\/\/iha-race.com\/de\/wp-json\/wp\/v2\/types\/product"}],"replies":[{"embeddable":true,"href":"https:\/\/iha-race.com\/de\/wp-json\/wp\/v2\/comments?post=208530"}],"version-history":[{"count":1,"href":"https:\/\/iha-race.com\/de\/wp-json\/wp\/v2\/product\/208530\/revisions"}],"predecessor-version":[{"id":231063,"href":"https:\/\/iha-race.com\/de\/wp-json\/wp\/v2\/product\/208530\/revisions\/231063"}],"wp:featuredmedia":[{"embeddable":true,"href":"https:\/\/iha-race.com\/de\/wp-json\/wp\/v2\/media\/128049"}],"wp:attachment":[{"href":"https:\/\/iha-race.com\/de\/wp-json\/wp\/v2\/media?parent=208530"}],"wp:term":[{"taxonomy":"pwb-brand","embeddable":true,"href":"https:\/\/iha-race.com\/de\/wp-json\/wp\/v2\/pwb-brand?post=208530"},{"taxonomy":"product_cat","embeddable":true,"href":"https:\/\/iha-race.com\/de\/wp-json\/wp\/v2\/product_cat?post=208530"},{"taxonomy":"product_tag","embeddable":true,"href":"https:\/\/iha-race.com\/de\/wp-json\/wp\/v2\/product_tag?post=208530"}],"curies":[{"name":"wp","href":"https:\/\/api.w.org\/{rel}","templated":true}]}}