{"id":208520,"date":"2022-01-10T10:18:57","date_gmt":"2022-01-10T09:18:57","guid":{"rendered":"https:\/\/iha-race.com\/producto\/lumenier-duality-dual-mox-hd-5-8ghz-antennenkombination\/"},"modified":"2024-08-29T12:11:02","modified_gmt":"2024-08-29T10:11:02","slug":"kombination-antenne-lumenier-dual-dual-mox-hd-5-8ghz-4-teilig","status":"publish","type":"product","link":"https:\/\/iha-race.com\/de\/producto\/kombination-antenne-lumenier-dual-dual-mox-hd-5-8ghz-4-teilig\/","title":{"rendered":"Lumenier Duality DUAL-MOX HD 5.8GHz Antennenkombination"},"content":{"rendered":"<h2>Lumenier Duality DUAL-MOX HD 5.8GHz Antennenkombination<\/h2>\n<p>  Das <strong>Lumenier Duality Duality DUAL-MOX HD 5.8GHz Dualband Antennen-Viererpack<\/strong> ist f\u00fcr die DJI FPV Goggles V2. Die DUAL-MOX ist eine lineare Richtantenne, die speziell als Upgrade f\u00fcr die DJI FPV Drone Goggles entwickelt wurde. Duality-Antennen bieten einen verbesserten 5,8-GHz-Empfang in einem kompakten Formfaktor. Das ist richtig, diese Antenne funktioniert auf <em>beiden<\/em> 5,8-Frequenzen! Die Lumenier Duality DUAL-MOX HD-Antenne wurde in Zusammenarbeit mit dem weltbekannten Antennendesigner Hugo de TrueRC entwickelt, um Ihnen diese Aftermarket-Dual-Band-Antenne als direkten Ersatz und Upgrade f\u00fcr die DJI-Antennen der DJI FPV Goggles V2 anzubieten. Die Duality-Antenne wurde von Grund auf so konzipiert, dass sie perfekt zu den DJI-Brillen passt. Duality-Antennen sind formschl\u00fcssig, flach, farblich angepasst, RP-SMA-Direktanschluss und alle mit verbesserter Leistung. Die Duality DUAL-MOX HD ist eine lineare Richtantenne, die speziell f\u00fcr die digitale HD-\u00dcbertragung\/den digitalen Empfang entwickelt wurde. Dar\u00fcber hinaus gibt es auch 2 Antennen in einem, die effektiv als 2,4GHz und 5,8GHz Antenne funktionieren k\u00f6nnen. Die Lumenier Duality DUAL-MOX HD wurde weiter angepasst, um direkt in die DJI FPV Goggles V2 zu passen. Der Duality DUAL MOX HD wird mit einem steckerfertigen RP-SMA-Anschluss geliefert, der direkt und sicher auf DJI Goggles geschraubt werden kann. Keine Adapter erforderlich! Das macht sie zu einer ultrakompakten und effizienten Konfiguration, da sie keinen dB durch zus\u00e4tzliche Adapter verlieren muss.  <em><strong>Hinweis: Brillen sind NICHT enthalten.<\/strong><\/em><\/p>\n<p><img fetchpriority=\"high\" decoding=\"async\" class=\"alignnone wp-image-73206 size-large\" src=\"https:\/\/iha-race.com\/wp-content\/uploads\/2022\/01\/1-1-1024x683.jpg\" alt=\"\" width=\"840\" height=\"560\" srcset=\"https:\/\/iha-race.com\/wp-content\/uploads\/2022\/01\/1-1-1024x683.jpg 1024w, https:\/\/iha-race.com\/wp-content\/uploads\/2022\/01\/1-1-300x200.jpg 300w, https:\/\/iha-race.com\/wp-content\/uploads\/2022\/01\/1-1-768x512.jpg 768w, https:\/\/iha-race.com\/wp-content\/uploads\/2022\/01\/1-1-1536x1024.jpg 1536w, https:\/\/iha-race.com\/wp-content\/uploads\/2022\/01\/1-1-2048x1365.jpg 2048w, https:\/\/iha-race.com\/wp-content\/uploads\/2022\/01\/1-1-225x150.jpg 225w, https:\/\/iha-race.com\/wp-content\/uploads\/2022\/01\/1-1-100x67.jpg 100w, https:\/\/iha-race.com\/wp-content\/uploads\/2022\/01\/1-1-525x350.jpg 525w, https:\/\/iha-race.com\/wp-content\/uploads\/2022\/01\/1-1-788x525.jpg 788w, https:\/\/iha-race.com\/wp-content\/uploads\/2022\/01\/1-1-600x400.jpg 600w, https:\/\/iha-race.com\/wp-content\/uploads\/2022\/01\/1-1.jpg 1200w\" sizes=\"(max-width: 840px) 100vw, 840px\" \/><\/p>\n<h2>Eigenschaften<\/h2>\n<ul>\n<li>Richtantenne mit hohem Gewinn<\/li>\n<li>Dualband-Technologie (2,4 \/ 5,8 GHz)<\/li>\n<li>Qualit\u00e4tstechnik<\/li>\n<li>Feinabstimmung<\/li>\n<li>Bestes Langstrecken-Dualband-Antennen-Upgrade f\u00fcr DJI FPV-Drohne<\/li>\n<li>Sie eignet sich auch sehr gut als 2,4-GHz-Senderantennen-Upgrade f\u00fcr <a href=\"https:\/\/www.getfpv.com\/tbs-tracer-micro-tx.htmlhttps:\/\/www.getfpv.com\/tbs-tracer-micro-tx.html\">TBS Tracer TX<\/a> mit gro\u00dfer Reichweite.<\/li>\n<\/ul>\n<h3><strong>Dualband-Antennentechnik<\/strong><\/h3>\n<p>  Es ist schon schwierig genug, eine Single-Band-Antenne mit solch einer unglaublichen Leistung zu entwickeln, aber in einem Dual-Band-Netzwerk ist dies fast unm\u00f6glich.  <em>Bis jetzt!<\/em>  Die Duality-Antenne verf\u00fcgt \u00fcber eines der fortschrittlichsten Dual-Band-Netzwerke, die heute verf\u00fcgbar sind. Er hat nicht nur eine un\u00fcbertroffene Leistung, sondern auch ein ultrakompaktes Geh\u00e4use von 5 g. Wo andere Antennen Abstriche bei der Gr\u00f6\u00dfe machen m\u00fcssen, kann das Duality-Antennendesign alle Vorteile beibehalten und ist dabei unglaublich klein.  <\/p>\n<h3><strong>Feinabstimmung<\/strong><\/h3>\n<p>  Alle Duality-Antennen werden ab Werk w\u00e4hrend und nach der Montage einer genauen Qualit\u00e4tskontrolle unterzogen. Geformte Kunststoff-Halteklammern geben dem halbstarren Kabel an der Schwei\u00dfstelle zus\u00e4tzlichen Halt. Gut ist nicht gut genug. Lumenier und TrueRC haben es auf die n\u00e4chste Stufe der Pr\u00e4zisionsfertigung gebracht.  <\/p>\n<h3><strong>Hochwertige Technik mit hochwertigen Materialien<\/strong><\/h3>\n<p>  Lumenier Duality-Antennen sind aus hochwertigen, verlustarmen Materialien gefertigt. Das Material ist der Schl\u00fcssel zu einer guten Qualit\u00e4tsantenne, und noch mehr, wenn es um die Leistung geht. Diese Technologie, gepaart mit pr\u00e4ziser Fertigung, f\u00fchrt zu einer Empfangsantenne von Weltklasse. Er ist f\u00fcr die DJI HD FPV Goggles f\u00fcr 2,4 und 5,8 GHz ausgelegt und kann Signale aus einer Entfernung von bis zu mehreren Kilometern empfangen.  <\/p>\n<h2><strong>Spezifikationen<\/strong><\/h2>\n<ul>\n<li><strong>Bandbreite:<\/strong> 2,4GHz-2,5GHz und 5,65GHz-5,925GHz<\/li>\n<li><strong>Verst\u00e4rkung:<\/strong> 5.9dBic<\/li>\n<li><strong>Abstrahlbreite:<\/strong> Horizontal: 120 Grad Vertikal: 80 Grad<\/li>\n<li><strong>Gewicht:<\/strong> 7 g (pro St\u00fcck)<\/li>\n<li><strong>Strahlungseffizienz:<\/strong> bis zu 99 %.<\/li>\n<li><strong>Abmessungen:<\/strong> 78x39mm<\/li>\n<li><strong>Anschluss:<\/strong> RP-SMA<\/li>\n<li><strong>Polarisation:<\/strong> linear<\/li>\n<li><strong>EIGENKAPITALRENDITE:<\/strong> &lt;= 1,5: 1<\/li>\n<\/ul>\n<p><em>* Zum Patent angemeldetes Design<\/em><\/p>\n<h2><strong>Das Paket umfasst<\/strong><\/h2>\n<ul type=\"disc\">\n<li>1 x Lumenier Duality DUAL-MOX HD 5,8 GHz Dualband-Antennen mit hohem Gewinn<\/li>\n<\/ul>\n<p>  o  <\/p>\n<ul type=\"disc\">\n<li>4 x Lumenier Duality DUAL-MOX HD 5,8 GHz Dualband-Antennen mit hohem Gewinn<\/li>\n<\/ul>\n<h2>Videos<\/h2>\n<p>  https:\/\/youtu.be\/pxr3LOh653I https:\/\/youtu.be\/If3yG_IRsLA  &nbsp;<\/p>\n<p>&nbsp;<\/p>\n","protected":false},"excerpt":{"rendered":"<p>Die <strong>Lumenier Duality Duality DUAL-MOX HD 5.8GHz High Gain Dualband Antenne<\/strong> im <strong>Viererpack<\/strong> ist f\u00fcr DJI Digital HD FPV Goggles V2. Eine Richtantenne, die speziell f\u00fcr DJI FPV Goggles V2 entwickelt wurde.  <\/p>\n<ul>\n<li>Mehr als <strong>doppelt so gro\u00dfe Reichweite im Vergleich<\/strong> zu Standard-DJI-Antennen<\/li>\n<li>Antenne mit hohem Gewinn und gro\u00dfem Sichtfeld<\/li>\n<li>Hochwertige Materialien f\u00fcr bessere Leistung<\/li>\n<\/ul>\n","protected":false},"featured_media":127945,"comment_status":"open","ping_status":"closed","template":"","meta":{"_joinchat":[]},"pwb-brand":[],"product_cat":[2536,2589],"product_tag":[],"class_list":{"0":"post-208520","1":"product","2":"type-product","3":"status-publish","4":"has-post-thumbnail","6":"product_cat-fpv-schutzbrille","7":"product_cat-fpv-antennen","9":"first","10":"instock","11":"taxable","12":"shipping-taxable","13":"purchasable","14":"product-type-variable"},"barcode":null,"atum_controlled":true,"out_stock_date":null,"out_stock_threshold":null,"inheritable":true,"stock_on_hold":0,"sold_today":0,"sales_last_days":2,"out_stock_days":0,"lost_sales":0,"update_date":"2026-04-16T08:17:07","atum_locations":[],"atum_stock_status":"instock","restock_status":false,"low_stock_amount":"","sales_update_date":"2026-04-16T08:17:07","calc_backorders":null,"yoast_head":"<!-- This site is optimized with the Yoast SEO plugin v27.3 - https:\/\/yoast.com\/product\/yoast-seo-wordpress\/ -->\n<title>Lumenier Duality DUAL-MOX HD 5.8GHz Antennenkombination - Iha Race<\/title>\n<meta name=\"robots\" content=\"index, follow, max-snippet:-1, max-image-preview:large, max-video-preview:-1\" \/>\n<link rel=\"canonical\" href=\"https:\/\/iha-race.com\/de\/producto\/kombination-antenne-lumenier-dual-dual-mox-hd-5-8ghz-4-teilig\/\" \/>\n<meta property=\"og:locale\" content=\"de_DE\" \/>\n<meta property=\"og:type\" content=\"article\" \/>\n<meta property=\"og:title\" content=\"Lumenier Duality DUAL-MOX HD 5.8GHz Antennenkombination - Iha Race\" \/>\n<meta property=\"og:description\" content=\"Die Lumenier Duality Duality DUAL-MOX HD 5.8GHz High Gain Dualband Antenne im Viererpack ist f\u00fcr DJI Digital HD FPV Goggles V2. Eine Richtantenne, die speziell f\u00fcr DJI FPV Goggles V2 entwickelt wurde.   Mehr als doppelt so gro\u00dfe Reichweite im Vergleich zu Standard-DJI-Antennen  Antenne mit hohem Gewinn und gro\u00dfem Sichtfeld  Hochwertige Materialien f\u00fcr bessere Leistung\" \/>\n<meta property=\"og:url\" content=\"https:\/\/iha-race.com\/de\/producto\/kombination-antenne-lumenier-dual-dual-mox-hd-5-8ghz-4-teilig\/\" \/>\n<meta property=\"og:site_name\" content=\"Iha Race\" \/>\n<meta property=\"article:modified_time\" content=\"2024-08-29T10:11:02+00:00\" \/>\n<meta property=\"og:image\" content=\"https:\/\/iha-race.com\/wp-content\/uploads\/2022\/01\/Combo-de-antena-Lumenier-Duality-DUAL-MOX-HD-5.8GHz-4-piezas.jpg\" \/>\n\t<meta property=\"og:image:width\" content=\"1000\" \/>\n\t<meta property=\"og:image:height\" content=\"1000\" \/>\n\t<meta property=\"og:image:type\" content=\"image\/jpeg\" \/>\n<meta name=\"twitter:card\" content=\"summary_large_image\" \/>\n<meta name=\"twitter:label1\" content=\"Gesch\u00e4tzte Lesezeit\" \/>\n\t<meta name=\"twitter:data1\" content=\"3\u00a0Minuten\" \/>\n<script type=\"application\/ld+json\" class=\"yoast-schema-graph\">{\"@context\":\"https:\\\/\\\/schema.org\",\"@graph\":[{\"@type\":\"WebPage\",\"@id\":\"https:\\\/\\\/iha-race.com\\\/de\\\/producto\\\/kombination-antenne-lumenier-dual-dual-mox-hd-5-8ghz-4-teilig\\\/\",\"url\":\"https:\\\/\\\/iha-race.com\\\/de\\\/producto\\\/kombination-antenne-lumenier-dual-dual-mox-hd-5-8ghz-4-teilig\\\/\",\"name\":\"Lumenier Duality DUAL-MOX HD 5.8GHz Antennenkombination - Iha Race\",\"isPartOf\":{\"@id\":\"https:\\\/\\\/iha-race.com\\\/de\\\/#website\"},\"primaryImageOfPage\":{\"@id\":\"https:\\\/\\\/iha-race.com\\\/de\\\/producto\\\/kombination-antenne-lumenier-dual-dual-mox-hd-5-8ghz-4-teilig\\\/#primaryimage\"},\"image\":{\"@id\":\"https:\\\/\\\/iha-race.com\\\/de\\\/producto\\\/kombination-antenne-lumenier-dual-dual-mox-hd-5-8ghz-4-teilig\\\/#primaryimage\"},\"thumbnailUrl\":\"https:\\\/\\\/iha-race.com\\\/wp-content\\\/uploads\\\/2022\\\/01\\\/Combo-de-antena-Lumenier-Duality-DUAL-MOX-HD-5.8GHz-4-piezas.jpg\",\"datePublished\":\"2022-01-10T09:18:57+00:00\",\"dateModified\":\"2024-08-29T10:11:02+00:00\",\"breadcrumb\":{\"@id\":\"https:\\\/\\\/iha-race.com\\\/de\\\/producto\\\/kombination-antenne-lumenier-dual-dual-mox-hd-5-8ghz-4-teilig\\\/#breadcrumb\"},\"inLanguage\":\"de\",\"potentialAction\":[{\"@type\":\"ReadAction\",\"target\":[\"https:\\\/\\\/iha-race.com\\\/de\\\/producto\\\/kombination-antenne-lumenier-dual-dual-mox-hd-5-8ghz-4-teilig\\\/\"]}]},{\"@type\":\"ImageObject\",\"inLanguage\":\"de\",\"@id\":\"https:\\\/\\\/iha-race.com\\\/de\\\/producto\\\/kombination-antenne-lumenier-dual-dual-mox-hd-5-8ghz-4-teilig\\\/#primaryimage\",\"url\":\"https:\\\/\\\/iha-race.com\\\/wp-content\\\/uploads\\\/2022\\\/01\\\/Combo-de-antena-Lumenier-Duality-DUAL-MOX-HD-5.8GHz-4-piezas.jpg\",\"contentUrl\":\"https:\\\/\\\/iha-race.com\\\/wp-content\\\/uploads\\\/2022\\\/01\\\/Combo-de-antena-Lumenier-Duality-DUAL-MOX-HD-5.8GHz-4-piezas.jpg\",\"width\":1000,\"height\":1000},{\"@type\":\"BreadcrumbList\",\"@id\":\"https:\\\/\\\/iha-race.com\\\/de\\\/producto\\\/kombination-antenne-lumenier-dual-dual-mox-hd-5-8ghz-4-teilig\\\/#breadcrumb\",\"itemListElement\":[{\"@type\":\"ListItem\",\"position\":1,\"name\":\"Portada\",\"item\":\"https:\\\/\\\/iha-race.com\\\/de\\\/elementor-499\\\/\"},{\"@type\":\"ListItem\",\"position\":2,\"name\":\"Shop\",\"item\":\"https:\\\/\\\/iha-race.com\\\/de\\\/shop\\\/\"},{\"@type\":\"ListItem\",\"position\":3,\"name\":\"Lumenier Duality DUAL-MOX HD 5.8GHz Antennenkombination\"}]},{\"@type\":\"WebSite\",\"@id\":\"https:\\\/\\\/iha-race.com\\\/de\\\/#website\",\"url\":\"https:\\\/\\\/iha-race.com\\\/de\\\/\",\"name\":\"Iha Race\",\"description\":\"Comprar drones de carreras FPV env\u00edos en un d\u00eda desde Espa\u00f1a\",\"publisher\":{\"@id\":\"https:\\\/\\\/iha-race.com\\\/de\\\/#organization\"},\"potentialAction\":[{\"@type\":\"SearchAction\",\"target\":{\"@type\":\"EntryPoint\",\"urlTemplate\":\"https:\\\/\\\/iha-race.com\\\/de\\\/?s={search_term_string}\"},\"query-input\":{\"@type\":\"PropertyValueSpecification\",\"valueRequired\":true,\"valueName\":\"search_term_string\"}}],\"inLanguage\":\"de\"},{\"@type\":\"Organization\",\"@id\":\"https:\\\/\\\/iha-race.com\\\/de\\\/#organization\",\"name\":\"Iha Race\",\"url\":\"https:\\\/\\\/iha-race.com\\\/de\\\/\",\"logo\":{\"@type\":\"ImageObject\",\"inLanguage\":\"de\",\"@id\":\"https:\\\/\\\/iha-race.com\\\/de\\\/#\\\/schema\\\/logo\\\/image\\\/\",\"url\":\"https:\\\/\\\/iha-race.com\\\/wp-content\\\/uploads\\\/2018\\\/07\\\/iha-race-drones-de-carreras-tienda-comprar-drones.png\",\"contentUrl\":\"https:\\\/\\\/iha-race.com\\\/wp-content\\\/uploads\\\/2018\\\/07\\\/iha-race-drones-de-carreras-tienda-comprar-drones.png\",\"width\":300,\"height\":100,\"caption\":\"Iha Race\"},\"image\":{\"@id\":\"https:\\\/\\\/iha-race.com\\\/de\\\/#\\\/schema\\\/logo\\\/image\\\/\"}}]}<\/script>\n<!-- \/ Yoast SEO plugin. -->","yoast_head_json":{"title":"Lumenier Duality DUAL-MOX HD 5.8GHz Antennenkombination - Iha Race","robots":{"index":"index","follow":"follow","max-snippet":"max-snippet:-1","max-image-preview":"max-image-preview:large","max-video-preview":"max-video-preview:-1"},"canonical":"https:\/\/iha-race.com\/de\/producto\/kombination-antenne-lumenier-dual-dual-mox-hd-5-8ghz-4-teilig\/","og_locale":"de_DE","og_type":"article","og_title":"Lumenier Duality DUAL-MOX HD 5.8GHz Antennenkombination - Iha Race","og_description":"Die Lumenier Duality Duality DUAL-MOX HD 5.8GHz High Gain Dualband Antenne im Viererpack ist f\u00fcr DJI Digital HD FPV Goggles V2. Eine Richtantenne, die speziell f\u00fcr DJI FPV Goggles V2 entwickelt wurde.   Mehr als doppelt so gro\u00dfe Reichweite im Vergleich zu Standard-DJI-Antennen  Antenne mit hohem Gewinn und gro\u00dfem Sichtfeld  Hochwertige Materialien f\u00fcr bessere Leistung","og_url":"https:\/\/iha-race.com\/de\/producto\/kombination-antenne-lumenier-dual-dual-mox-hd-5-8ghz-4-teilig\/","og_site_name":"Iha Race","article_modified_time":"2024-08-29T10:11:02+00:00","og_image":[{"width":1000,"height":1000,"url":"https:\/\/iha-race.com\/wp-content\/uploads\/2022\/01\/Combo-de-antena-Lumenier-Duality-DUAL-MOX-HD-5.8GHz-4-piezas.jpg","type":"image\/jpeg"}],"twitter_card":"summary_large_image","twitter_misc":{"Gesch\u00e4tzte Lesezeit":"3\u00a0Minuten"},"schema":{"@context":"https:\/\/schema.org","@graph":[{"@type":"WebPage","@id":"https:\/\/iha-race.com\/de\/producto\/kombination-antenne-lumenier-dual-dual-mox-hd-5-8ghz-4-teilig\/","url":"https:\/\/iha-race.com\/de\/producto\/kombination-antenne-lumenier-dual-dual-mox-hd-5-8ghz-4-teilig\/","name":"Lumenier Duality DUAL-MOX HD 5.8GHz Antennenkombination - Iha Race","isPartOf":{"@id":"https:\/\/iha-race.com\/de\/#website"},"primaryImageOfPage":{"@id":"https:\/\/iha-race.com\/de\/producto\/kombination-antenne-lumenier-dual-dual-mox-hd-5-8ghz-4-teilig\/#primaryimage"},"image":{"@id":"https:\/\/iha-race.com\/de\/producto\/kombination-antenne-lumenier-dual-dual-mox-hd-5-8ghz-4-teilig\/#primaryimage"},"thumbnailUrl":"https:\/\/iha-race.com\/wp-content\/uploads\/2022\/01\/Combo-de-antena-Lumenier-Duality-DUAL-MOX-HD-5.8GHz-4-piezas.jpg","datePublished":"2022-01-10T09:18:57+00:00","dateModified":"2024-08-29T10:11:02+00:00","breadcrumb":{"@id":"https:\/\/iha-race.com\/de\/producto\/kombination-antenne-lumenier-dual-dual-mox-hd-5-8ghz-4-teilig\/#breadcrumb"},"inLanguage":"de","potentialAction":[{"@type":"ReadAction","target":["https:\/\/iha-race.com\/de\/producto\/kombination-antenne-lumenier-dual-dual-mox-hd-5-8ghz-4-teilig\/"]}]},{"@type":"ImageObject","inLanguage":"de","@id":"https:\/\/iha-race.com\/de\/producto\/kombination-antenne-lumenier-dual-dual-mox-hd-5-8ghz-4-teilig\/#primaryimage","url":"https:\/\/iha-race.com\/wp-content\/uploads\/2022\/01\/Combo-de-antena-Lumenier-Duality-DUAL-MOX-HD-5.8GHz-4-piezas.jpg","contentUrl":"https:\/\/iha-race.com\/wp-content\/uploads\/2022\/01\/Combo-de-antena-Lumenier-Duality-DUAL-MOX-HD-5.8GHz-4-piezas.jpg","width":1000,"height":1000},{"@type":"BreadcrumbList","@id":"https:\/\/iha-race.com\/de\/producto\/kombination-antenne-lumenier-dual-dual-mox-hd-5-8ghz-4-teilig\/#breadcrumb","itemListElement":[{"@type":"ListItem","position":1,"name":"Portada","item":"https:\/\/iha-race.com\/de\/elementor-499\/"},{"@type":"ListItem","position":2,"name":"Shop","item":"https:\/\/iha-race.com\/de\/shop\/"},{"@type":"ListItem","position":3,"name":"Lumenier Duality DUAL-MOX HD 5.8GHz Antennenkombination"}]},{"@type":"WebSite","@id":"https:\/\/iha-race.com\/de\/#website","url":"https:\/\/iha-race.com\/de\/","name":"Iha Race","description":"Comprar drones de carreras FPV env\u00edos en un d\u00eda desde Espa\u00f1a","publisher":{"@id":"https:\/\/iha-race.com\/de\/#organization"},"potentialAction":[{"@type":"SearchAction","target":{"@type":"EntryPoint","urlTemplate":"https:\/\/iha-race.com\/de\/?s={search_term_string}"},"query-input":{"@type":"PropertyValueSpecification","valueRequired":true,"valueName":"search_term_string"}}],"inLanguage":"de"},{"@type":"Organization","@id":"https:\/\/iha-race.com\/de\/#organization","name":"Iha Race","url":"https:\/\/iha-race.com\/de\/","logo":{"@type":"ImageObject","inLanguage":"de","@id":"https:\/\/iha-race.com\/de\/#\/schema\/logo\/image\/","url":"https:\/\/iha-race.com\/wp-content\/uploads\/2018\/07\/iha-race-drones-de-carreras-tienda-comprar-drones.png","contentUrl":"https:\/\/iha-race.com\/wp-content\/uploads\/2018\/07\/iha-race-drones-de-carreras-tienda-comprar-drones.png","width":300,"height":100,"caption":"Iha Race"},"image":{"@id":"https:\/\/iha-race.com\/de\/#\/schema\/logo\/image\/"}}]}},"jetpack_sharing_enabled":true,"brands":[],"_links":{"self":[{"href":"https:\/\/iha-race.com\/de\/wp-json\/wp\/v2\/product\/208520","targetHints":{"allow":["GET"]}}],"collection":[{"href":"https:\/\/iha-race.com\/de\/wp-json\/wp\/v2\/product"}],"about":[{"href":"https:\/\/iha-race.com\/de\/wp-json\/wp\/v2\/types\/product"}],"replies":[{"embeddable":true,"href":"https:\/\/iha-race.com\/de\/wp-json\/wp\/v2\/comments?post=208520"}],"version-history":[{"count":2,"href":"https:\/\/iha-race.com\/de\/wp-json\/wp\/v2\/product\/208520\/revisions"}],"predecessor-version":[{"id":249246,"href":"https:\/\/iha-race.com\/de\/wp-json\/wp\/v2\/product\/208520\/revisions\/249246"}],"wp:featuredmedia":[{"embeddable":true,"href":"https:\/\/iha-race.com\/de\/wp-json\/wp\/v2\/media\/127945"}],"wp:attachment":[{"href":"https:\/\/iha-race.com\/de\/wp-json\/wp\/v2\/media?parent=208520"}],"wp:term":[{"taxonomy":"pwb-brand","embeddable":true,"href":"https:\/\/iha-race.com\/de\/wp-json\/wp\/v2\/pwb-brand?post=208520"},{"taxonomy":"product_cat","embeddable":true,"href":"https:\/\/iha-race.com\/de\/wp-json\/wp\/v2\/product_cat?post=208520"},{"taxonomy":"product_tag","embeddable":true,"href":"https:\/\/iha-race.com\/de\/wp-json\/wp\/v2\/product_tag?post=208520"}],"curies":[{"name":"wp","href":"https:\/\/api.w.org\/{rel}","templated":true}]}}