{"id":208513,"date":"2022-02-14T19:29:05","date_gmt":"2022-02-14T18:29:05","guid":{"rendered":"https:\/\/iha-race.com\/producto\/flugregler-t-motor-mini-racer-f7\/"},"modified":"2024-08-29T12:09:43","modified_gmt":"2024-08-29T10:09:43","slug":"flugsteuergerat-t-motor-mini-racer-f7","status":"publish","type":"product","link":"https:\/\/iha-race.com\/de\/producto\/flugsteuergerat-t-motor-mini-racer-f7\/","title":{"rendered":"Flugregler T-Motor MINI Racer F7"},"content":{"rendered":"<div class=\"container1200 ov-h\">\n<div id=\"contents\">\n<div class=\"wrap-sticky\">\n<div id=\"news11tabs\" class=\"navbar navbar-sticky bootsnav on sticked\">\n<h1>Flugregler T-Motor MINI Racer F7<\/h1>\n<p>  Der <strong>T-Motor Mini Racer F7<\/strong> ist ein 3-6S 20&#215;20 Mini-Flugregler mit einem 16MB Blackbox Flash-Speicher, 5V.2A BEC und einem MPU6000 Gyro. Entwickelt f\u00fcr einfache Wartung und geringe St\u00f6rungen.  <\/p>\n<h2>Merkmale:<\/h2>\n<ul>\n<li>Unterst\u00fctzt USB-Stromversorgung ohne LiPo<\/li>\n<li>Vereinfachte Leichtbauweise<\/li>\n<li>16M Blackbox-Flash-Speicher<\/li>\n<li>Gyro Low Dropout-Regler<\/li>\n<li>USB-C-Anschluss<\/li>\n<li>IMU MPU6000<\/li>\n<li>4 UART<\/li>\n<\/ul>\n<p>&nbsp;<\/p>\n<\/div>\n<\/div>\n<div id=\"news11\" class=\"tabblock\">\n<div id=\"a_news11\" class=\"tabcon\">\n<p><img decoding=\"async\" src=\"https:\/\/store.tmotor.com\/images\/20211220\/1639991813521317.jpg\"><img decoding=\"async\" src=\"https:\/\/store.tmotor.com\/images\/20211220\/1639991814197218.jpg\"><img decoding=\"async\" src=\"https:\/\/store.tmotor.com\/images\/20211220\/1639991814597784.jpg\"><img decoding=\"async\" src=\"https:\/\/store.tmotor.com\/images\/20211220\/1639991814143390.jpg\"><\/p>\n<p><img decoding=\"async\" src=\"https:\/\/store.tmotor.com\/images\/20211220\/1639991815957289.jpg\"><\/p>\n<p>&nbsp;<\/p>\n<h2>Spezifikationen<\/h2>\n<ul>\n<li>Befestigungsloch: 20&#215;20 mm M3<\/li>\n<li>UCM: STM32F722RET6<\/li>\n<li>BEC: 5V\/2A (Spitzenwert 2,5A)<\/li>\n<li>Abmessungen: 31x30mm<\/li>\n<li>Schwarzer Kasten: JA (16MB)<\/li>\n<li>Eingangsspannung: 3-6S<\/li>\n<li>Gyroskop: MPU6000<\/li>\n<li>Gewicht: 4,7 g<\/li>\n<li>OSD: JA<\/li>\n<li>UART: 4<\/li>\n<\/ul>\n<\/div>\n<h2>Montageplan<\/h2>\n<p><img decoding=\"async\" src=\"https:\/\/store.tmotor.com\/images\/20211220\/1639991817542032.jpg\"><\/p>\n<div id=\"a_news11\" class=\"tabcon\">\n<h2>Das Paket enth\u00e4lt:<\/h2>\n<ul>\n<li>1 x Flugsteuerung T-Motor Mini Racer 20&#215;20 F7<\/li>\n<li>1 x Anschlusskabel.<\/li>\n<li>4 x D\u00e4mpfungs\u00f6sen (vorinstalliert)<\/li>\n<\/ul>\n<\/div>\n<\/div>\n<\/div>\n<\/div>\n<div class=\"right-sidebar-con\">\n<div class=\"right-sidebar-main\">\n<div class=\"\"><\/div>\n<\/div>\n<\/div>\n","protected":false},"excerpt":{"rendered":"<p>Der <strong>T-Motor Mini Racer F7<\/strong> ist ein 3-6S 20&#215;20 Mini-Flugregler mit einem 16MB Blackbox Flash-Speicher, 5V.2A BEC und einem MPU6000 Gyro. Entwickelt f\u00fcr einfache Wartung und geringe St\u00f6rungen.<\/p>\n","protected":false},"featured_media":128003,"comment_status":"open","ping_status":"closed","template":"","meta":{"_joinchat":[]},"pwb-brand":[],"product_cat":[2664],"product_tag":[],"class_list":{"0":"post-208513","1":"product","2":"type-product","3":"status-publish","4":"has-post-thumbnail","6":"product_cat-drohnen-controller","8":"first","9":"instock","10":"taxable","11":"shipping-taxable","12":"purchasable","13":"product-type-simple"},"barcode":null,"atum_controlled":true,"out_stock_date":null,"out_stock_threshold":null,"inheritable":false,"stock_on_hold":0,"sold_today":0,"sales_last_days":0,"out_stock_days":0,"lost_sales":0,"update_date":"2026-04-18T22:18:12","atum_locations":[],"atum_stock_status":"instock","restock_status":false,"low_stock_amount":"","sales_update_date":"2026-04-18T22:18:12","calc_backorders":null,"yoast_head":"<!-- This site is optimized with the Yoast SEO plugin v27.3 - https:\/\/yoast.com\/product\/yoast-seo-wordpress\/ -->\n<title>Flugregler T-Motor MINI Racer F7 - Iha Race<\/title>\n<meta name=\"robots\" content=\"index, follow, max-snippet:-1, max-image-preview:large, max-video-preview:-1\" \/>\n<link rel=\"canonical\" href=\"https:\/\/iha-race.com\/de\/producto\/flugsteuergerat-t-motor-mini-racer-f7\/\" \/>\n<meta property=\"og:locale\" content=\"de_DE\" \/>\n<meta property=\"og:type\" content=\"article\" \/>\n<meta property=\"og:title\" content=\"Flugregler T-Motor MINI Racer F7 - Iha Race\" \/>\n<meta property=\"og:description\" content=\"Der T-Motor Mini Racer F7 ist ein 3-6S 20x20 Mini-Flugregler mit einem 16MB Blackbox Flash-Speicher, 5V.2A BEC und einem MPU6000 Gyro. Entwickelt f\u00fcr einfache Wartung und geringe St\u00f6rungen.\" \/>\n<meta property=\"og:url\" content=\"https:\/\/iha-race.com\/de\/producto\/flugsteuergerat-t-motor-mini-racer-f7\/\" \/>\n<meta property=\"og:site_name\" content=\"Iha Race\" \/>\n<meta property=\"article:modified_time\" content=\"2024-08-29T10:09:43+00:00\" \/>\n<meta property=\"og:image\" content=\"https:\/\/iha-race.com\/wp-content\/uploads\/2022\/02\/t-motor-mini-racer-f7.jpg\" \/>\n\t<meta property=\"og:image:width\" content=\"800\" \/>\n\t<meta property=\"og:image:height\" content=\"800\" \/>\n\t<meta property=\"og:image:type\" content=\"image\/jpeg\" \/>\n<meta name=\"twitter:card\" content=\"summary_large_image\" \/>\n<meta name=\"twitter:label1\" content=\"Gesch\u00e4tzte Lesezeit\" \/>\n\t<meta name=\"twitter:data1\" content=\"1\u00a0Minute\" \/>\n<script type=\"application\/ld+json\" class=\"yoast-schema-graph\">{\"@context\":\"https:\\\/\\\/schema.org\",\"@graph\":[{\"@type\":\"WebPage\",\"@id\":\"https:\\\/\\\/iha-race.com\\\/de\\\/producto\\\/flugsteuergerat-t-motor-mini-racer-f7\\\/\",\"url\":\"https:\\\/\\\/iha-race.com\\\/de\\\/producto\\\/flugsteuergerat-t-motor-mini-racer-f7\\\/\",\"name\":\"Flugregler T-Motor MINI Racer F7 - Iha Race\",\"isPartOf\":{\"@id\":\"https:\\\/\\\/iha-race.com\\\/de\\\/#website\"},\"primaryImageOfPage\":{\"@id\":\"https:\\\/\\\/iha-race.com\\\/de\\\/producto\\\/flugsteuergerat-t-motor-mini-racer-f7\\\/#primaryimage\"},\"image\":{\"@id\":\"https:\\\/\\\/iha-race.com\\\/de\\\/producto\\\/flugsteuergerat-t-motor-mini-racer-f7\\\/#primaryimage\"},\"thumbnailUrl\":\"https:\\\/\\\/iha-race.com\\\/wp-content\\\/uploads\\\/2022\\\/02\\\/t-motor-mini-racer-f7.jpg\",\"datePublished\":\"2022-02-14T18:29:05+00:00\",\"dateModified\":\"2024-08-29T10:09:43+00:00\",\"breadcrumb\":{\"@id\":\"https:\\\/\\\/iha-race.com\\\/de\\\/producto\\\/flugsteuergerat-t-motor-mini-racer-f7\\\/#breadcrumb\"},\"inLanguage\":\"de\",\"potentialAction\":[{\"@type\":\"ReadAction\",\"target\":[\"https:\\\/\\\/iha-race.com\\\/de\\\/producto\\\/flugsteuergerat-t-motor-mini-racer-f7\\\/\"]}]},{\"@type\":\"ImageObject\",\"inLanguage\":\"de\",\"@id\":\"https:\\\/\\\/iha-race.com\\\/de\\\/producto\\\/flugsteuergerat-t-motor-mini-racer-f7\\\/#primaryimage\",\"url\":\"https:\\\/\\\/iha-race.com\\\/wp-content\\\/uploads\\\/2022\\\/02\\\/t-motor-mini-racer-f7.jpg\",\"contentUrl\":\"https:\\\/\\\/iha-race.com\\\/wp-content\\\/uploads\\\/2022\\\/02\\\/t-motor-mini-racer-f7.jpg\",\"width\":800,\"height\":800},{\"@type\":\"BreadcrumbList\",\"@id\":\"https:\\\/\\\/iha-race.com\\\/de\\\/producto\\\/flugsteuergerat-t-motor-mini-racer-f7\\\/#breadcrumb\",\"itemListElement\":[{\"@type\":\"ListItem\",\"position\":1,\"name\":\"Portada\",\"item\":\"https:\\\/\\\/iha-race.com\\\/de\\\/elementor-499\\\/\"},{\"@type\":\"ListItem\",\"position\":2,\"name\":\"Shop\",\"item\":\"https:\\\/\\\/iha-race.com\\\/de\\\/shop\\\/\"},{\"@type\":\"ListItem\",\"position\":3,\"name\":\"Flugregler T-Motor MINI Racer F7\"}]},{\"@type\":\"WebSite\",\"@id\":\"https:\\\/\\\/iha-race.com\\\/de\\\/#website\",\"url\":\"https:\\\/\\\/iha-race.com\\\/de\\\/\",\"name\":\"Iha Race\",\"description\":\"Comprar drones de carreras FPV env\u00edos en un d\u00eda desde Espa\u00f1a\",\"publisher\":{\"@id\":\"https:\\\/\\\/iha-race.com\\\/de\\\/#organization\"},\"potentialAction\":[{\"@type\":\"SearchAction\",\"target\":{\"@type\":\"EntryPoint\",\"urlTemplate\":\"https:\\\/\\\/iha-race.com\\\/de\\\/?s={search_term_string}\"},\"query-input\":{\"@type\":\"PropertyValueSpecification\",\"valueRequired\":true,\"valueName\":\"search_term_string\"}}],\"inLanguage\":\"de\"},{\"@type\":\"Organization\",\"@id\":\"https:\\\/\\\/iha-race.com\\\/de\\\/#organization\",\"name\":\"Iha Race\",\"url\":\"https:\\\/\\\/iha-race.com\\\/de\\\/\",\"logo\":{\"@type\":\"ImageObject\",\"inLanguage\":\"de\",\"@id\":\"https:\\\/\\\/iha-race.com\\\/de\\\/#\\\/schema\\\/logo\\\/image\\\/\",\"url\":\"https:\\\/\\\/iha-race.com\\\/wp-content\\\/uploads\\\/2018\\\/07\\\/iha-race-drones-de-carreras-tienda-comprar-drones.png\",\"contentUrl\":\"https:\\\/\\\/iha-race.com\\\/wp-content\\\/uploads\\\/2018\\\/07\\\/iha-race-drones-de-carreras-tienda-comprar-drones.png\",\"width\":300,\"height\":100,\"caption\":\"Iha Race\"},\"image\":{\"@id\":\"https:\\\/\\\/iha-race.com\\\/de\\\/#\\\/schema\\\/logo\\\/image\\\/\"}}]}<\/script>\n<!-- \/ Yoast SEO plugin. -->","yoast_head_json":{"title":"Flugregler T-Motor MINI Racer F7 - Iha Race","robots":{"index":"index","follow":"follow","max-snippet":"max-snippet:-1","max-image-preview":"max-image-preview:large","max-video-preview":"max-video-preview:-1"},"canonical":"https:\/\/iha-race.com\/de\/producto\/flugsteuergerat-t-motor-mini-racer-f7\/","og_locale":"de_DE","og_type":"article","og_title":"Flugregler T-Motor MINI Racer F7 - Iha Race","og_description":"Der T-Motor Mini Racer F7 ist ein 3-6S 20x20 Mini-Flugregler mit einem 16MB Blackbox Flash-Speicher, 5V.2A BEC und einem MPU6000 Gyro. Entwickelt f\u00fcr einfache Wartung und geringe St\u00f6rungen.","og_url":"https:\/\/iha-race.com\/de\/producto\/flugsteuergerat-t-motor-mini-racer-f7\/","og_site_name":"Iha Race","article_modified_time":"2024-08-29T10:09:43+00:00","og_image":[{"width":800,"height":800,"url":"https:\/\/iha-race.com\/wp-content\/uploads\/2022\/02\/t-motor-mini-racer-f7.jpg","type":"image\/jpeg"}],"twitter_card":"summary_large_image","twitter_misc":{"Gesch\u00e4tzte Lesezeit":"1\u00a0Minute"},"schema":{"@context":"https:\/\/schema.org","@graph":[{"@type":"WebPage","@id":"https:\/\/iha-race.com\/de\/producto\/flugsteuergerat-t-motor-mini-racer-f7\/","url":"https:\/\/iha-race.com\/de\/producto\/flugsteuergerat-t-motor-mini-racer-f7\/","name":"Flugregler T-Motor MINI Racer F7 - Iha Race","isPartOf":{"@id":"https:\/\/iha-race.com\/de\/#website"},"primaryImageOfPage":{"@id":"https:\/\/iha-race.com\/de\/producto\/flugsteuergerat-t-motor-mini-racer-f7\/#primaryimage"},"image":{"@id":"https:\/\/iha-race.com\/de\/producto\/flugsteuergerat-t-motor-mini-racer-f7\/#primaryimage"},"thumbnailUrl":"https:\/\/iha-race.com\/wp-content\/uploads\/2022\/02\/t-motor-mini-racer-f7.jpg","datePublished":"2022-02-14T18:29:05+00:00","dateModified":"2024-08-29T10:09:43+00:00","breadcrumb":{"@id":"https:\/\/iha-race.com\/de\/producto\/flugsteuergerat-t-motor-mini-racer-f7\/#breadcrumb"},"inLanguage":"de","potentialAction":[{"@type":"ReadAction","target":["https:\/\/iha-race.com\/de\/producto\/flugsteuergerat-t-motor-mini-racer-f7\/"]}]},{"@type":"ImageObject","inLanguage":"de","@id":"https:\/\/iha-race.com\/de\/producto\/flugsteuergerat-t-motor-mini-racer-f7\/#primaryimage","url":"https:\/\/iha-race.com\/wp-content\/uploads\/2022\/02\/t-motor-mini-racer-f7.jpg","contentUrl":"https:\/\/iha-race.com\/wp-content\/uploads\/2022\/02\/t-motor-mini-racer-f7.jpg","width":800,"height":800},{"@type":"BreadcrumbList","@id":"https:\/\/iha-race.com\/de\/producto\/flugsteuergerat-t-motor-mini-racer-f7\/#breadcrumb","itemListElement":[{"@type":"ListItem","position":1,"name":"Portada","item":"https:\/\/iha-race.com\/de\/elementor-499\/"},{"@type":"ListItem","position":2,"name":"Shop","item":"https:\/\/iha-race.com\/de\/shop\/"},{"@type":"ListItem","position":3,"name":"Flugregler T-Motor MINI Racer F7"}]},{"@type":"WebSite","@id":"https:\/\/iha-race.com\/de\/#website","url":"https:\/\/iha-race.com\/de\/","name":"Iha Race","description":"Comprar drones de carreras FPV env\u00edos en un d\u00eda desde Espa\u00f1a","publisher":{"@id":"https:\/\/iha-race.com\/de\/#organization"},"potentialAction":[{"@type":"SearchAction","target":{"@type":"EntryPoint","urlTemplate":"https:\/\/iha-race.com\/de\/?s={search_term_string}"},"query-input":{"@type":"PropertyValueSpecification","valueRequired":true,"valueName":"search_term_string"}}],"inLanguage":"de"},{"@type":"Organization","@id":"https:\/\/iha-race.com\/de\/#organization","name":"Iha Race","url":"https:\/\/iha-race.com\/de\/","logo":{"@type":"ImageObject","inLanguage":"de","@id":"https:\/\/iha-race.com\/de\/#\/schema\/logo\/image\/","url":"https:\/\/iha-race.com\/wp-content\/uploads\/2018\/07\/iha-race-drones-de-carreras-tienda-comprar-drones.png","contentUrl":"https:\/\/iha-race.com\/wp-content\/uploads\/2018\/07\/iha-race-drones-de-carreras-tienda-comprar-drones.png","width":300,"height":100,"caption":"Iha Race"},"image":{"@id":"https:\/\/iha-race.com\/de\/#\/schema\/logo\/image\/"}}]}},"jetpack_sharing_enabled":true,"brands":[],"_links":{"self":[{"href":"https:\/\/iha-race.com\/de\/wp-json\/wp\/v2\/product\/208513","targetHints":{"allow":["GET"]}}],"collection":[{"href":"https:\/\/iha-race.com\/de\/wp-json\/wp\/v2\/product"}],"about":[{"href":"https:\/\/iha-race.com\/de\/wp-json\/wp\/v2\/types\/product"}],"replies":[{"embeddable":true,"href":"https:\/\/iha-race.com\/de\/wp-json\/wp\/v2\/comments?post=208513"}],"version-history":[{"count":2,"href":"https:\/\/iha-race.com\/de\/wp-json\/wp\/v2\/product\/208513\/revisions"}],"predecessor-version":[{"id":249219,"href":"https:\/\/iha-race.com\/de\/wp-json\/wp\/v2\/product\/208513\/revisions\/249219"}],"wp:featuredmedia":[{"embeddable":true,"href":"https:\/\/iha-race.com\/de\/wp-json\/wp\/v2\/media\/128003"}],"wp:attachment":[{"href":"https:\/\/iha-race.com\/de\/wp-json\/wp\/v2\/media?parent=208513"}],"wp:term":[{"taxonomy":"pwb-brand","embeddable":true,"href":"https:\/\/iha-race.com\/de\/wp-json\/wp\/v2\/pwb-brand?post=208513"},{"taxonomy":"product_cat","embeddable":true,"href":"https:\/\/iha-race.com\/de\/wp-json\/wp\/v2\/product_cat?post=208513"},{"taxonomy":"product_tag","embeddable":true,"href":"https:\/\/iha-race.com\/de\/wp-json\/wp\/v2\/product_tag?post=208513"}],"curies":[{"name":"wp","href":"https:\/\/api.w.org\/{rel}","templated":true}]}}