{"id":208502,"date":"2021-12-14T11:05:52","date_gmt":"2021-12-14T10:05:52","guid":{"rendered":"https:\/\/iha-race.com\/producto\/nd-filter-fuer-peanut-kamera\/"},"modified":"2024-08-29T12:11:56","modified_gmt":"2024-08-29T10:11:56","slug":"filter-nd-filter-fur-kamera-peanut","status":"publish","type":"product","link":"https:\/\/iha-race.com\/de\/producto\/filter-nd-filter-fur-kamera-peanut\/","title":{"rendered":"ND-Filter f\u00fcr PEANUT-Kamera"},"content":{"rendered":"<h2 class=\"section-title span-12 auto\">ND-Filter f\u00fcr Peanut-Kamera<\/h2>\n<p>  Gebrauchte Filter f\u00fcr die Caddx Peaunt Kamera. Wiegt 50g.  <\/p>\n<ul>\n<li>ND8<\/li>\n<li>ND16<\/li>\n<li>ND32<\/li>\n<\/ul>\n<div class=\"rte span-12 auto\"><img fetchpriority=\"high\" decoding=\"async\" class=\"\" src=\"https:\/\/cdn.shopify.com\/s\/files\/1\/0036\/3921\/4169\/files\/peanut24.jpg?v=1633673260\" alt=\"\" width=\"834\" height=\"834\"><\/div>\n<div><\/div>\n<div>Das Paket enth\u00e4lt:<\/div>\n<ul>\n<li>1 x Filter nach Wahl: ND8, ND16 oder ND32<\/li>\n<\/ul>\n","protected":false},"excerpt":{"rendered":"<p>ND-Filter f\u00fcr Peanut-Kamera Gebrauchte Filter f\u00fcr die Caddx Peaunt Kamera. Wiegt 50g. ND8 ND16 ND32 Das Paket enth\u00e4lt: 1 x Filter nach Wahl: ND8, ND16 oder ND32<\/p>\n","protected":false},"featured_media":127888,"comment_status":"open","ping_status":"closed","template":"","meta":{"_joinchat":[]},"pwb-brand":[],"product_cat":[2801,2554],"product_tag":[],"class_list":{"0":"post-208502","1":"product","2":"type-product","3":"status-publish","4":"has-post-thumbnail","6":"product_cat-filter","7":"product_cat-fpv-kameras-de","9":"first","10":"instock","11":"taxable","12":"shipping-taxable","13":"purchasable","14":"product-type-variable"},"barcode":null,"atum_controlled":true,"out_stock_date":null,"out_stock_threshold":null,"inheritable":true,"stock_on_hold":0,"sold_today":0,"sales_last_days":2,"out_stock_days":0,"lost_sales":0,"update_date":"2026-04-16T08:17:06","atum_locations":[],"atum_stock_status":"instock","restock_status":false,"low_stock_amount":"","sales_update_date":"2026-04-16T08:17:06","calc_backorders":null,"yoast_head":"<!-- This site is optimized with the Yoast SEO plugin v27.3 - https:\/\/yoast.com\/product\/yoast-seo-wordpress\/ -->\n<title>ND-Filter f\u00fcr PEANUT-Kamera - Iha Race<\/title>\n<meta name=\"robots\" content=\"index, follow, max-snippet:-1, max-image-preview:large, max-video-preview:-1\" \/>\n<link rel=\"canonical\" href=\"https:\/\/iha-race.com\/de\/producto\/filter-nd-filter-fur-kamera-peanut\/\" \/>\n<meta property=\"og:locale\" content=\"de_DE\" \/>\n<meta property=\"og:type\" content=\"article\" \/>\n<meta property=\"og:title\" content=\"ND-Filter f\u00fcr PEANUT-Kamera - Iha Race\" \/>\n<meta property=\"og:description\" content=\"ND-Filter f\u00fcr Peanut-Kamera Gebrauchte Filter f\u00fcr die Caddx Peaunt Kamera. Wiegt 50g. ND8 ND16 ND32 Das Paket enth\u00e4lt: 1 x Filter nach Wahl: ND8, ND16 oder ND32\" \/>\n<meta property=\"og:url\" content=\"https:\/\/iha-race.com\/de\/producto\/filter-nd-filter-fur-kamera-peanut\/\" \/>\n<meta property=\"og:site_name\" content=\"Iha Race\" \/>\n<meta property=\"article:modified_time\" content=\"2024-08-29T10:11:56+00:00\" \/>\n<meta property=\"og:image\" content=\"https:\/\/iha-race.com\/wp-content\/uploads\/2021\/12\/peanut24.webp\" \/>\n\t<meta property=\"og:image:width\" content=\"1500\" \/>\n\t<meta property=\"og:image:height\" content=\"1500\" \/>\n\t<meta property=\"og:image:type\" content=\"image\/webp\" \/>\n<meta name=\"twitter:card\" content=\"summary_large_image\" \/>\n<script type=\"application\/ld+json\" class=\"yoast-schema-graph\">{\"@context\":\"https:\\\/\\\/schema.org\",\"@graph\":[{\"@type\":\"WebPage\",\"@id\":\"https:\\\/\\\/iha-race.com\\\/de\\\/producto\\\/filter-nd-filter-fur-kamera-peanut\\\/\",\"url\":\"https:\\\/\\\/iha-race.com\\\/de\\\/producto\\\/filter-nd-filter-fur-kamera-peanut\\\/\",\"name\":\"ND-Filter f\u00fcr PEANUT-Kamera - Iha Race\",\"isPartOf\":{\"@id\":\"https:\\\/\\\/iha-race.com\\\/de\\\/#website\"},\"primaryImageOfPage\":{\"@id\":\"https:\\\/\\\/iha-race.com\\\/de\\\/producto\\\/filter-nd-filter-fur-kamera-peanut\\\/#primaryimage\"},\"image\":{\"@id\":\"https:\\\/\\\/iha-race.com\\\/de\\\/producto\\\/filter-nd-filter-fur-kamera-peanut\\\/#primaryimage\"},\"thumbnailUrl\":\"https:\\\/\\\/iha-race.com\\\/wp-content\\\/uploads\\\/2021\\\/12\\\/peanut24.webp\",\"datePublished\":\"2021-12-14T10:05:52+00:00\",\"dateModified\":\"2024-08-29T10:11:56+00:00\",\"breadcrumb\":{\"@id\":\"https:\\\/\\\/iha-race.com\\\/de\\\/producto\\\/filter-nd-filter-fur-kamera-peanut\\\/#breadcrumb\"},\"inLanguage\":\"de\",\"potentialAction\":[{\"@type\":\"ReadAction\",\"target\":[\"https:\\\/\\\/iha-race.com\\\/de\\\/producto\\\/filter-nd-filter-fur-kamera-peanut\\\/\"]}]},{\"@type\":\"ImageObject\",\"inLanguage\":\"de\",\"@id\":\"https:\\\/\\\/iha-race.com\\\/de\\\/producto\\\/filter-nd-filter-fur-kamera-peanut\\\/#primaryimage\",\"url\":\"https:\\\/\\\/iha-race.com\\\/wp-content\\\/uploads\\\/2021\\\/12\\\/peanut24.webp\",\"contentUrl\":\"https:\\\/\\\/iha-race.com\\\/wp-content\\\/uploads\\\/2021\\\/12\\\/peanut24.webp\",\"width\":1500,\"height\":1500},{\"@type\":\"BreadcrumbList\",\"@id\":\"https:\\\/\\\/iha-race.com\\\/de\\\/producto\\\/filter-nd-filter-fur-kamera-peanut\\\/#breadcrumb\",\"itemListElement\":[{\"@type\":\"ListItem\",\"position\":1,\"name\":\"Portada\",\"item\":\"https:\\\/\\\/iha-race.com\\\/de\\\/elementor-499\\\/\"},{\"@type\":\"ListItem\",\"position\":2,\"name\":\"Shop\",\"item\":\"https:\\\/\\\/iha-race.com\\\/de\\\/shop\\\/\"},{\"@type\":\"ListItem\",\"position\":3,\"name\":\"ND-Filter f\u00fcr PEANUT-Kamera\"}]},{\"@type\":\"WebSite\",\"@id\":\"https:\\\/\\\/iha-race.com\\\/de\\\/#website\",\"url\":\"https:\\\/\\\/iha-race.com\\\/de\\\/\",\"name\":\"Iha Race\",\"description\":\"Comprar drones de carreras FPV env\u00edos en un d\u00eda desde Espa\u00f1a\",\"publisher\":{\"@id\":\"https:\\\/\\\/iha-race.com\\\/de\\\/#organization\"},\"potentialAction\":[{\"@type\":\"SearchAction\",\"target\":{\"@type\":\"EntryPoint\",\"urlTemplate\":\"https:\\\/\\\/iha-race.com\\\/de\\\/?s={search_term_string}\"},\"query-input\":{\"@type\":\"PropertyValueSpecification\",\"valueRequired\":true,\"valueName\":\"search_term_string\"}}],\"inLanguage\":\"de\"},{\"@type\":\"Organization\",\"@id\":\"https:\\\/\\\/iha-race.com\\\/de\\\/#organization\",\"name\":\"Iha Race\",\"url\":\"https:\\\/\\\/iha-race.com\\\/de\\\/\",\"logo\":{\"@type\":\"ImageObject\",\"inLanguage\":\"de\",\"@id\":\"https:\\\/\\\/iha-race.com\\\/de\\\/#\\\/schema\\\/logo\\\/image\\\/\",\"url\":\"https:\\\/\\\/iha-race.com\\\/wp-content\\\/uploads\\\/2018\\\/07\\\/iha-race-drones-de-carreras-tienda-comprar-drones.png\",\"contentUrl\":\"https:\\\/\\\/iha-race.com\\\/wp-content\\\/uploads\\\/2018\\\/07\\\/iha-race-drones-de-carreras-tienda-comprar-drones.png\",\"width\":300,\"height\":100,\"caption\":\"Iha Race\"},\"image\":{\"@id\":\"https:\\\/\\\/iha-race.com\\\/de\\\/#\\\/schema\\\/logo\\\/image\\\/\"}}]}<\/script>\n<!-- \/ Yoast SEO plugin. -->","yoast_head_json":{"title":"ND-Filter f\u00fcr PEANUT-Kamera - Iha Race","robots":{"index":"index","follow":"follow","max-snippet":"max-snippet:-1","max-image-preview":"max-image-preview:large","max-video-preview":"max-video-preview:-1"},"canonical":"https:\/\/iha-race.com\/de\/producto\/filter-nd-filter-fur-kamera-peanut\/","og_locale":"de_DE","og_type":"article","og_title":"ND-Filter f\u00fcr PEANUT-Kamera - Iha Race","og_description":"ND-Filter f\u00fcr Peanut-Kamera Gebrauchte Filter f\u00fcr die Caddx Peaunt Kamera. Wiegt 50g. ND8 ND16 ND32 Das Paket enth\u00e4lt: 1 x Filter nach Wahl: ND8, ND16 oder ND32","og_url":"https:\/\/iha-race.com\/de\/producto\/filter-nd-filter-fur-kamera-peanut\/","og_site_name":"Iha Race","article_modified_time":"2024-08-29T10:11:56+00:00","og_image":[{"width":1500,"height":1500,"url":"https:\/\/iha-race.com\/wp-content\/uploads\/2021\/12\/peanut24.webp","type":"image\/webp"}],"twitter_card":"summary_large_image","schema":{"@context":"https:\/\/schema.org","@graph":[{"@type":"WebPage","@id":"https:\/\/iha-race.com\/de\/producto\/filter-nd-filter-fur-kamera-peanut\/","url":"https:\/\/iha-race.com\/de\/producto\/filter-nd-filter-fur-kamera-peanut\/","name":"ND-Filter f\u00fcr PEANUT-Kamera - Iha Race","isPartOf":{"@id":"https:\/\/iha-race.com\/de\/#website"},"primaryImageOfPage":{"@id":"https:\/\/iha-race.com\/de\/producto\/filter-nd-filter-fur-kamera-peanut\/#primaryimage"},"image":{"@id":"https:\/\/iha-race.com\/de\/producto\/filter-nd-filter-fur-kamera-peanut\/#primaryimage"},"thumbnailUrl":"https:\/\/iha-race.com\/wp-content\/uploads\/2021\/12\/peanut24.webp","datePublished":"2021-12-14T10:05:52+00:00","dateModified":"2024-08-29T10:11:56+00:00","breadcrumb":{"@id":"https:\/\/iha-race.com\/de\/producto\/filter-nd-filter-fur-kamera-peanut\/#breadcrumb"},"inLanguage":"de","potentialAction":[{"@type":"ReadAction","target":["https:\/\/iha-race.com\/de\/producto\/filter-nd-filter-fur-kamera-peanut\/"]}]},{"@type":"ImageObject","inLanguage":"de","@id":"https:\/\/iha-race.com\/de\/producto\/filter-nd-filter-fur-kamera-peanut\/#primaryimage","url":"https:\/\/iha-race.com\/wp-content\/uploads\/2021\/12\/peanut24.webp","contentUrl":"https:\/\/iha-race.com\/wp-content\/uploads\/2021\/12\/peanut24.webp","width":1500,"height":1500},{"@type":"BreadcrumbList","@id":"https:\/\/iha-race.com\/de\/producto\/filter-nd-filter-fur-kamera-peanut\/#breadcrumb","itemListElement":[{"@type":"ListItem","position":1,"name":"Portada","item":"https:\/\/iha-race.com\/de\/elementor-499\/"},{"@type":"ListItem","position":2,"name":"Shop","item":"https:\/\/iha-race.com\/de\/shop\/"},{"@type":"ListItem","position":3,"name":"ND-Filter f\u00fcr PEANUT-Kamera"}]},{"@type":"WebSite","@id":"https:\/\/iha-race.com\/de\/#website","url":"https:\/\/iha-race.com\/de\/","name":"Iha Race","description":"Comprar drones de carreras FPV env\u00edos en un d\u00eda desde Espa\u00f1a","publisher":{"@id":"https:\/\/iha-race.com\/de\/#organization"},"potentialAction":[{"@type":"SearchAction","target":{"@type":"EntryPoint","urlTemplate":"https:\/\/iha-race.com\/de\/?s={search_term_string}"},"query-input":{"@type":"PropertyValueSpecification","valueRequired":true,"valueName":"search_term_string"}}],"inLanguage":"de"},{"@type":"Organization","@id":"https:\/\/iha-race.com\/de\/#organization","name":"Iha Race","url":"https:\/\/iha-race.com\/de\/","logo":{"@type":"ImageObject","inLanguage":"de","@id":"https:\/\/iha-race.com\/de\/#\/schema\/logo\/image\/","url":"https:\/\/iha-race.com\/wp-content\/uploads\/2018\/07\/iha-race-drones-de-carreras-tienda-comprar-drones.png","contentUrl":"https:\/\/iha-race.com\/wp-content\/uploads\/2018\/07\/iha-race-drones-de-carreras-tienda-comprar-drones.png","width":300,"height":100,"caption":"Iha Race"},"image":{"@id":"https:\/\/iha-race.com\/de\/#\/schema\/logo\/image\/"}}]}},"jetpack_sharing_enabled":true,"brands":[],"_links":{"self":[{"href":"https:\/\/iha-race.com\/de\/wp-json\/wp\/v2\/product\/208502","targetHints":{"allow":["GET"]}}],"collection":[{"href":"https:\/\/iha-race.com\/de\/wp-json\/wp\/v2\/product"}],"about":[{"href":"https:\/\/iha-race.com\/de\/wp-json\/wp\/v2\/types\/product"}],"replies":[{"embeddable":true,"href":"https:\/\/iha-race.com\/de\/wp-json\/wp\/v2\/comments?post=208502"}],"version-history":[{"count":2,"href":"https:\/\/iha-race.com\/de\/wp-json\/wp\/v2\/product\/208502\/revisions"}],"predecessor-version":[{"id":249257,"href":"https:\/\/iha-race.com\/de\/wp-json\/wp\/v2\/product\/208502\/revisions\/249257"}],"wp:featuredmedia":[{"embeddable":true,"href":"https:\/\/iha-race.com\/de\/wp-json\/wp\/v2\/media\/127888"}],"wp:attachment":[{"href":"https:\/\/iha-race.com\/de\/wp-json\/wp\/v2\/media?parent=208502"}],"wp:term":[{"taxonomy":"pwb-brand","embeddable":true,"href":"https:\/\/iha-race.com\/de\/wp-json\/wp\/v2\/pwb-brand?post=208502"},{"taxonomy":"product_cat","embeddable":true,"href":"https:\/\/iha-race.com\/de\/wp-json\/wp\/v2\/product_cat?post=208502"},{"taxonomy":"product_tag","embeddable":true,"href":"https:\/\/iha-race.com\/de\/wp-json\/wp\/v2\/product_tag?post=208502"}],"curies":[{"name":"wp","href":"https:\/\/api.w.org\/{rel}","templated":true}]}}