{"id":208499,"date":"2021-10-19T13:04:53","date_gmt":"2021-10-19T11:04:53","guid":{"rendered":"https:\/\/iha-race.com\/producto\/motor-t-motor-f1507-2700kv-3800kv\/"},"modified":"2025-08-13T12:56:48","modified_gmt":"2025-08-13T10:56:48","slug":"motor-t-motor-f1507-2700kv-3800kv","status":"publish","type":"product","link":"https:\/\/iha-race.com\/de\/producto\/motor-t-motor-f1507-2700kv-3800kv\/","title":{"rendered":"Motor T-Motor F1507 (2700Kv\/3800Kv)"},"content":{"rendered":"<h2>Motor T-Motor F1507 (2800Kv\/3800Kv)<\/h2>\n<h3>Eigenschaften<\/h3>\n<ul>\n<li>Maximales Schubkraft-Gewichts-Verh\u00e4ltnis bis zu 52,8 tp<\/li>\n<li>Geringes Gewicht, kraftvolle, ruhige und starke Flugleistung<\/li>\n<li>Ma\u00dfgeschneidert f\u00fcr Cinewhoops<\/li>\n<\/ul>\n<h3>Spezifikationen<\/h3>\n<h4><strong>KV<\/strong> 2700<\/h4>\n<ul>\n<li><strong>Konfiguration: <\/strong>12N14P<\/li>\n<li><strong>Schaftdurchmesser<\/strong>: 2mm<\/li>\n<li><strong>Abmessungen des Motors<\/strong> (Durchmesser * L\u00e4nge): \u00d818.9*29.7mm<\/li>\n<li><strong>Gewicht einschlie\u00dflich Kabel<\/strong> <strong>(g):<\/strong>15,2g<\/li>\n<li><strong>Anzahl der Zellen<\/strong> <strong>(Lipo):<\/strong> 3-6S<\/li>\n<li><strong>Leerlaufstrom bei 10 V (A):<\/strong> 22 A<\/li>\n<li><strong>Innenwiderstand<\/strong>: 131m\u03a9<\/li>\n<li><strong>Maximale Dauerleistung<\/strong> <strong>(60S):<\/strong> 519W<\/li>\n<li><strong>Leerlaufstrom<\/strong> <strong>(5V): 0 <\/strong>,6A<\/li>\n<\/ul>\n<p>&nbsp;<\/p>\n<h4><strong>KV <\/strong>3800<\/h4>\n<ul>\n<li><strong>Konfiguration: <\/strong> 12N14P<\/li>\n<li><strong>Durchmesser der Welle<\/strong>: 2 mm<\/li>\n<li><strong>Abmessungen des Motors<\/strong> (Durchmesser * L\u00e4nge): \u00d818.9 * 29.7mm<\/li>\n<li><strong>Gewicht einschlie\u00dflich Kabel (g):<\/strong> 15g<\/li>\n<li><strong>Anzahl der Zellen (Lipo):<\/strong> 3-4S<\/li>\n<li><strong>Leerlaufstrom<\/strong> bei 10 V <strong>(A):<\/strong> 23 A<\/li>\n<li><strong>Innenwiderstand<\/strong>: 81 m\u03a9<\/li>\n<li><strong>Maximale Dauerleistung <\/strong> <strong>(60S):<\/strong> 372W<\/li>\n<li><strong>Leerlaufstrom <\/strong> <strong>(5V):<\/strong> 0,9A<\/li>\n<\/ul>\n<p><img fetchpriority=\"high\" decoding=\"async\" class=\"wp-image-71119 aligncenter\" src=\"https:\/\/iha-race.com\/wp-content\/uploads\/2021\/10\/Motor-T-Motor-F1507-3800Kv-1-scaled.jpg\" alt=\"\" width=\"401\" height=\"2700\" srcset=\"https:\/\/iha-race.com\/wp-content\/uploads\/2021\/10\/Motor-T-Motor-F1507-3800Kv-1-scaled.jpg 380w, https:\/\/iha-race.com\/wp-content\/uploads\/2021\/10\/Motor-T-Motor-F1507-3800Kv-1-152x1024.jpg 152w, https:\/\/iha-race.com\/wp-content\/uploads\/2021\/10\/Motor-T-Motor-F1507-3800Kv-1-228x1536.jpg 228w, https:\/\/iha-race.com\/wp-content\/uploads\/2021\/10\/Motor-T-Motor-F1507-3800Kv-1-304x2048.jpg 304w, https:\/\/iha-race.com\/wp-content\/uploads\/2021\/10\/Motor-T-Motor-F1507-3800Kv-1-100x674.jpg 100w, https:\/\/iha-race.com\/wp-content\/uploads\/2021\/10\/Motor-T-Motor-F1507-3800Kv-1-52x350.jpg 52w\" sizes=\"(max-width: 401px) 100vw, 401px\" \/><\/p>\n<h3>Das Paket enth\u00e4lt:<\/h3>\n<ul>\n<li>1 x Motor T F1507 2700KV \/ 3800KV Motor<\/li>\n<li>4 x M2 * 5 Zylinderkopfschraube mit Innensechskant<\/li>\n<li>5 x Zylinderkopfschraube mit Innensechskant 4 x m2<\/li>\n<li>1 x Schwarze selbstsichernde Mutter M5<\/li>\n<li>1 x elektronische Clips<\/li>\n<li>1 x Unterlegscheibe H62<\/li>\n<\/ul>\n","protected":false},"excerpt":{"rendered":"<p>Geringes Gewicht, kraftvolle, ruhige und starke Flugleistung! Der F1507 3800KV Motor von T-Motor wurde speziell f\u00fcr Ihre Cinewhoops entwickelt und passt perfekt!<\/p>\n","protected":false},"featured_media":127739,"comment_status":"open","ping_status":"closed","template":"","meta":{"_joinchat":[]},"pwb-brand":[],"product_cat":[2817,2617],"product_tag":[],"class_list":{"0":"post-208499","1":"product","2":"type-product","3":"status-publish","4":"has-post-thumbnail","6":"product_cat-burstenlos-mit-welle","7":"product_cat-fpv-motoren","9":"first","10":"instock","11":"taxable","12":"shipping-taxable","13":"purchasable","14":"product-type-variable"},"barcode":null,"atum_controlled":true,"out_stock_date":null,"out_stock_threshold":null,"inheritable":true,"stock_on_hold":0,"sold_today":0,"sales_last_days":2,"out_stock_days":0,"lost_sales":0,"update_date":"2026-04-08T10:17:18","atum_locations":[],"atum_stock_status":"instock","restock_status":false,"low_stock_amount":"","sales_update_date":"2026-04-08T10:17:18","calc_backorders":null,"yoast_head":"<!-- This site is optimized with the Yoast SEO plugin v27.3 - https:\/\/yoast.com\/product\/yoast-seo-wordpress\/ -->\n<title>Motor T-Motor F1507 (2700Kv\/3800Kv) - Iha Race<\/title>\n<meta name=\"robots\" content=\"index, follow, max-snippet:-1, max-image-preview:large, max-video-preview:-1\" \/>\n<link rel=\"canonical\" href=\"https:\/\/iha-race.com\/de\/producto\/motor-t-motor-f1507-2700kv-3800kv\/\" \/>\n<meta property=\"og:locale\" content=\"de_DE\" \/>\n<meta property=\"og:type\" content=\"article\" \/>\n<meta property=\"og:title\" content=\"Motor T-Motor F1507 (2700Kv\/3800Kv) - Iha Race\" \/>\n<meta property=\"og:description\" content=\"Geringes Gewicht, kraftvolle, ruhige und starke Flugleistung! Der F1507 3800KV Motor von T-Motor wurde speziell f\u00fcr Ihre Cinewhoops entwickelt und passt perfekt!\" \/>\n<meta property=\"og:url\" content=\"https:\/\/iha-race.com\/de\/producto\/motor-t-motor-f1507-2700kv-3800kv\/\" \/>\n<meta property=\"og:site_name\" content=\"Iha Race\" \/>\n<meta property=\"article:modified_time\" content=\"2025-08-13T10:56:48+00:00\" \/>\n<meta property=\"og:image\" content=\"https:\/\/iha-race.com\/wp-content\/uploads\/2021\/10\/Motor-T-Motor-F1507-3800Kv.jpg\" \/>\n\t<meta property=\"og:image:width\" content=\"1000\" \/>\n\t<meta property=\"og:image:height\" content=\"1000\" \/>\n\t<meta property=\"og:image:type\" content=\"image\/jpeg\" \/>\n<meta name=\"twitter:card\" content=\"summary_large_image\" \/>\n<meta name=\"twitter:label1\" content=\"Gesch\u00e4tzte Lesezeit\" \/>\n\t<meta name=\"twitter:data1\" content=\"1\u00a0Minute\" \/>\n<script type=\"application\/ld+json\" class=\"yoast-schema-graph\">{\"@context\":\"https:\\\/\\\/schema.org\",\"@graph\":[{\"@type\":\"WebPage\",\"@id\":\"https:\\\/\\\/iha-race.com\\\/de\\\/producto\\\/motor-t-motor-f1507-2700kv-3800kv\\\/\",\"url\":\"https:\\\/\\\/iha-race.com\\\/de\\\/producto\\\/motor-t-motor-f1507-2700kv-3800kv\\\/\",\"name\":\"Motor T-Motor F1507 (2700Kv\\\/3800Kv) - Iha Race\",\"isPartOf\":{\"@id\":\"https:\\\/\\\/iha-race.com\\\/de\\\/#website\"},\"primaryImageOfPage\":{\"@id\":\"https:\\\/\\\/iha-race.com\\\/de\\\/producto\\\/motor-t-motor-f1507-2700kv-3800kv\\\/#primaryimage\"},\"image\":{\"@id\":\"https:\\\/\\\/iha-race.com\\\/de\\\/producto\\\/motor-t-motor-f1507-2700kv-3800kv\\\/#primaryimage\"},\"thumbnailUrl\":\"https:\\\/\\\/iha-race.com\\\/wp-content\\\/uploads\\\/2021\\\/10\\\/Motor-T-Motor-F1507-3800Kv.jpg\",\"datePublished\":\"2021-10-19T11:04:53+00:00\",\"dateModified\":\"2025-08-13T10:56:48+00:00\",\"breadcrumb\":{\"@id\":\"https:\\\/\\\/iha-race.com\\\/de\\\/producto\\\/motor-t-motor-f1507-2700kv-3800kv\\\/#breadcrumb\"},\"inLanguage\":\"de\",\"potentialAction\":[{\"@type\":\"ReadAction\",\"target\":[\"https:\\\/\\\/iha-race.com\\\/de\\\/producto\\\/motor-t-motor-f1507-2700kv-3800kv\\\/\"]}]},{\"@type\":\"ImageObject\",\"inLanguage\":\"de\",\"@id\":\"https:\\\/\\\/iha-race.com\\\/de\\\/producto\\\/motor-t-motor-f1507-2700kv-3800kv\\\/#primaryimage\",\"url\":\"https:\\\/\\\/iha-race.com\\\/wp-content\\\/uploads\\\/2021\\\/10\\\/Motor-T-Motor-F1507-3800Kv.jpg\",\"contentUrl\":\"https:\\\/\\\/iha-race.com\\\/wp-content\\\/uploads\\\/2021\\\/10\\\/Motor-T-Motor-F1507-3800Kv.jpg\",\"width\":1000,\"height\":1000},{\"@type\":\"BreadcrumbList\",\"@id\":\"https:\\\/\\\/iha-race.com\\\/de\\\/producto\\\/motor-t-motor-f1507-2700kv-3800kv\\\/#breadcrumb\",\"itemListElement\":[{\"@type\":\"ListItem\",\"position\":1,\"name\":\"Portada\",\"item\":\"https:\\\/\\\/iha-race.com\\\/de\\\/elementor-499\\\/\"},{\"@type\":\"ListItem\",\"position\":2,\"name\":\"Shop\",\"item\":\"https:\\\/\\\/iha-race.com\\\/de\\\/shop\\\/\"},{\"@type\":\"ListItem\",\"position\":3,\"name\":\"Motor T-Motor F1507 (2700Kv\\\/3800Kv)\"}]},{\"@type\":\"WebSite\",\"@id\":\"https:\\\/\\\/iha-race.com\\\/de\\\/#website\",\"url\":\"https:\\\/\\\/iha-race.com\\\/de\\\/\",\"name\":\"Iha Race\",\"description\":\"Comprar drones de carreras FPV env\u00edos en un d\u00eda desde Espa\u00f1a\",\"publisher\":{\"@id\":\"https:\\\/\\\/iha-race.com\\\/de\\\/#organization\"},\"potentialAction\":[{\"@type\":\"SearchAction\",\"target\":{\"@type\":\"EntryPoint\",\"urlTemplate\":\"https:\\\/\\\/iha-race.com\\\/de\\\/?s={search_term_string}\"},\"query-input\":{\"@type\":\"PropertyValueSpecification\",\"valueRequired\":true,\"valueName\":\"search_term_string\"}}],\"inLanguage\":\"de\"},{\"@type\":\"Organization\",\"@id\":\"https:\\\/\\\/iha-race.com\\\/de\\\/#organization\",\"name\":\"Iha Race\",\"url\":\"https:\\\/\\\/iha-race.com\\\/de\\\/\",\"logo\":{\"@type\":\"ImageObject\",\"inLanguage\":\"de\",\"@id\":\"https:\\\/\\\/iha-race.com\\\/de\\\/#\\\/schema\\\/logo\\\/image\\\/\",\"url\":\"https:\\\/\\\/iha-race.com\\\/wp-content\\\/uploads\\\/2018\\\/07\\\/iha-race-drones-de-carreras-tienda-comprar-drones.png\",\"contentUrl\":\"https:\\\/\\\/iha-race.com\\\/wp-content\\\/uploads\\\/2018\\\/07\\\/iha-race-drones-de-carreras-tienda-comprar-drones.png\",\"width\":300,\"height\":100,\"caption\":\"Iha Race\"},\"image\":{\"@id\":\"https:\\\/\\\/iha-race.com\\\/de\\\/#\\\/schema\\\/logo\\\/image\\\/\"}}]}<\/script>\n<!-- \/ Yoast SEO plugin. -->","yoast_head_json":{"title":"Motor T-Motor F1507 (2700Kv\/3800Kv) - Iha Race","robots":{"index":"index","follow":"follow","max-snippet":"max-snippet:-1","max-image-preview":"max-image-preview:large","max-video-preview":"max-video-preview:-1"},"canonical":"https:\/\/iha-race.com\/de\/producto\/motor-t-motor-f1507-2700kv-3800kv\/","og_locale":"de_DE","og_type":"article","og_title":"Motor T-Motor F1507 (2700Kv\/3800Kv) - Iha Race","og_description":"Geringes Gewicht, kraftvolle, ruhige und starke Flugleistung! Der F1507 3800KV Motor von T-Motor wurde speziell f\u00fcr Ihre Cinewhoops entwickelt und passt perfekt!","og_url":"https:\/\/iha-race.com\/de\/producto\/motor-t-motor-f1507-2700kv-3800kv\/","og_site_name":"Iha Race","article_modified_time":"2025-08-13T10:56:48+00:00","og_image":[{"width":1000,"height":1000,"url":"https:\/\/iha-race.com\/wp-content\/uploads\/2021\/10\/Motor-T-Motor-F1507-3800Kv.jpg","type":"image\/jpeg"}],"twitter_card":"summary_large_image","twitter_misc":{"Gesch\u00e4tzte Lesezeit":"1\u00a0Minute"},"schema":{"@context":"https:\/\/schema.org","@graph":[{"@type":"WebPage","@id":"https:\/\/iha-race.com\/de\/producto\/motor-t-motor-f1507-2700kv-3800kv\/","url":"https:\/\/iha-race.com\/de\/producto\/motor-t-motor-f1507-2700kv-3800kv\/","name":"Motor T-Motor F1507 (2700Kv\/3800Kv) - Iha Race","isPartOf":{"@id":"https:\/\/iha-race.com\/de\/#website"},"primaryImageOfPage":{"@id":"https:\/\/iha-race.com\/de\/producto\/motor-t-motor-f1507-2700kv-3800kv\/#primaryimage"},"image":{"@id":"https:\/\/iha-race.com\/de\/producto\/motor-t-motor-f1507-2700kv-3800kv\/#primaryimage"},"thumbnailUrl":"https:\/\/iha-race.com\/wp-content\/uploads\/2021\/10\/Motor-T-Motor-F1507-3800Kv.jpg","datePublished":"2021-10-19T11:04:53+00:00","dateModified":"2025-08-13T10:56:48+00:00","breadcrumb":{"@id":"https:\/\/iha-race.com\/de\/producto\/motor-t-motor-f1507-2700kv-3800kv\/#breadcrumb"},"inLanguage":"de","potentialAction":[{"@type":"ReadAction","target":["https:\/\/iha-race.com\/de\/producto\/motor-t-motor-f1507-2700kv-3800kv\/"]}]},{"@type":"ImageObject","inLanguage":"de","@id":"https:\/\/iha-race.com\/de\/producto\/motor-t-motor-f1507-2700kv-3800kv\/#primaryimage","url":"https:\/\/iha-race.com\/wp-content\/uploads\/2021\/10\/Motor-T-Motor-F1507-3800Kv.jpg","contentUrl":"https:\/\/iha-race.com\/wp-content\/uploads\/2021\/10\/Motor-T-Motor-F1507-3800Kv.jpg","width":1000,"height":1000},{"@type":"BreadcrumbList","@id":"https:\/\/iha-race.com\/de\/producto\/motor-t-motor-f1507-2700kv-3800kv\/#breadcrumb","itemListElement":[{"@type":"ListItem","position":1,"name":"Portada","item":"https:\/\/iha-race.com\/de\/elementor-499\/"},{"@type":"ListItem","position":2,"name":"Shop","item":"https:\/\/iha-race.com\/de\/shop\/"},{"@type":"ListItem","position":3,"name":"Motor T-Motor F1507 (2700Kv\/3800Kv)"}]},{"@type":"WebSite","@id":"https:\/\/iha-race.com\/de\/#website","url":"https:\/\/iha-race.com\/de\/","name":"Iha Race","description":"Comprar drones de carreras FPV env\u00edos en un d\u00eda desde Espa\u00f1a","publisher":{"@id":"https:\/\/iha-race.com\/de\/#organization"},"potentialAction":[{"@type":"SearchAction","target":{"@type":"EntryPoint","urlTemplate":"https:\/\/iha-race.com\/de\/?s={search_term_string}"},"query-input":{"@type":"PropertyValueSpecification","valueRequired":true,"valueName":"search_term_string"}}],"inLanguage":"de"},{"@type":"Organization","@id":"https:\/\/iha-race.com\/de\/#organization","name":"Iha Race","url":"https:\/\/iha-race.com\/de\/","logo":{"@type":"ImageObject","inLanguage":"de","@id":"https:\/\/iha-race.com\/de\/#\/schema\/logo\/image\/","url":"https:\/\/iha-race.com\/wp-content\/uploads\/2018\/07\/iha-race-drones-de-carreras-tienda-comprar-drones.png","contentUrl":"https:\/\/iha-race.com\/wp-content\/uploads\/2018\/07\/iha-race-drones-de-carreras-tienda-comprar-drones.png","width":300,"height":100,"caption":"Iha Race"},"image":{"@id":"https:\/\/iha-race.com\/de\/#\/schema\/logo\/image\/"}}]}},"brands":[],"_links":{"self":[{"href":"https:\/\/iha-race.com\/de\/wp-json\/wp\/v2\/product\/208499","targetHints":{"allow":["GET"]}}],"collection":[{"href":"https:\/\/iha-race.com\/de\/wp-json\/wp\/v2\/product"}],"about":[{"href":"https:\/\/iha-race.com\/de\/wp-json\/wp\/v2\/types\/product"}],"replies":[{"embeddable":true,"href":"https:\/\/iha-race.com\/de\/wp-json\/wp\/v2\/comments?post=208499"}],"version-history":[{"count":2,"href":"https:\/\/iha-race.com\/de\/wp-json\/wp\/v2\/product\/208499\/revisions"}],"predecessor-version":[{"id":252673,"href":"https:\/\/iha-race.com\/de\/wp-json\/wp\/v2\/product\/208499\/revisions\/252673"}],"wp:featuredmedia":[{"embeddable":true,"href":"https:\/\/iha-race.com\/de\/wp-json\/wp\/v2\/media\/127739"}],"wp:attachment":[{"href":"https:\/\/iha-race.com\/de\/wp-json\/wp\/v2\/media?parent=208499"}],"wp:term":[{"taxonomy":"pwb-brand","embeddable":true,"href":"https:\/\/iha-race.com\/de\/wp-json\/wp\/v2\/pwb-brand?post=208499"},{"taxonomy":"product_cat","embeddable":true,"href":"https:\/\/iha-race.com\/de\/wp-json\/wp\/v2\/product_cat?post=208499"},{"taxonomy":"product_tag","embeddable":true,"href":"https:\/\/iha-race.com\/de\/wp-json\/wp\/v2\/product_tag?post=208499"}],"curies":[{"name":"wp","href":"https:\/\/api.w.org\/{rel}","templated":true}]}}