{"id":208460,"date":"2020-09-21T18:37:51","date_gmt":"2020-09-21T16:37:51","guid":{"rendered":"https:\/\/iha-race.com\/producto\/hglrc-zeus-f722-mini-2-6s-flugsteuerung-mit-dji-2020-mm\/"},"modified":"2024-08-29T15:58:47","modified_gmt":"2024-08-29T13:58:47","slug":"hglrc-spectre-f722-mini-mpu6000-gyro-dji-hd-vtx-style-free-runs-fpv-fc","status":"publish","type":"product","link":"https:\/\/iha-race.com\/de\/producto\/hglrc-spectre-f722-mini-mpu6000-gyro-dji-hd-vtx-style-free-runs-fpv-fc\/","title":{"rendered":"HGLRC SPECTRE SPECTRE F722 mini MPU6000 Gyro DJI HD\/VTX Freestyle\/FPV FC Racing"},"content":{"rendered":"<div class=\"col-md-6 col-12 pr product-images img_action_zoom pr_sticky_img\" data-pr-single-media-group=\"\">\n<div class=\"row theiaStickySidebar\">\n<h1 class=\"col-12 col-lg-auto col_nav nav_medium t4_show\">HGLRC SPECTRE SPECTRE F722 mini MPU6000 Gyro DJI HD\/VTX Freestyle\/FPV FC Racing<\/h1>\n<div>Nach mehr als einem Jahr der Technologieakkumulation haben wir im Jahr 2023 die Entwicklung und das Upgrade dieses SPECTRE F760-Stacks beschleunigt, das Design der bestehenden ZEUS-Serie optimiert und das Schaltungsdesign gezielt verbessert. Die Flugsteuerung verwendet den super-leistungsf\u00e4higen STM32 F722 Main Controller + MPU6000 Gyroskop, so dass sie ein feineres Fluggef\u00fchl hat, alle externen Ger\u00e4te der Flugsteuerung unterst\u00fctzen den direkten Anschluss, Plug and Play. Dadurch wird das Brett um CNC erweitert. Integrierter K\u00fchlk\u00f6rper, um das Eindringen von Schmutz in die Platine zu verhindern.Flugsteuerungsfunktionen:<\/div>\n<\/div>\n<\/div>\n<ol>\n<li>Der Hauptcontroller verwendet den leistungsstarken STM32F722-Prozessor mit einer Rechengeschwindigkeit von bis zu 216 MHz, der eine fl\u00fcssigere Steuerung, ein besseres Handgef\u00fchl und eine schnellere Reaktionsgeschwindigkeit erm\u00f6glicht.<\/li>\n<li>Die Flugsteuerung Gyro verwendet High-Performance MPU6000, um die Stabilit\u00e4t der Nutzung und Reserven 42688 Kreisel Pads zu verbessern.<\/li>\n<li>Direkte Steckverbindung des kompletten Moduls, Plug and Play, keine L\u00f6tpads erforderlich, Modularit\u00e4t wird erreicht.<\/li>\n<li>Das kundenspezifische CNC-K\u00fchlk\u00f6rpergeh\u00e4use verhindert das Eindringen von Schmutz in das Innere der Flugsteuerung und verbessert die Effizienz der Nutzung.<\/li>\n<li>Gro\u00dfe 16-MB-Blackbox zur Gew\u00e4hrleistung einer ordnungsgem\u00e4\u00dfen Aufzeichnung der Flugdaten.<\/li>\n<li>Integrierte drahtlose Bluetooth-BF-Parametereinstellung, Verbindung mit der SPeedyBee-App, um serielle Schnittstelle, PID und andere Flugsteuerungsparameter jederzeit und \u00fcberall einzustellen.<\/li>\n<li>Ausgestattet mit einem elektronischen 10-V-Schalter kann der Ein- und Ausschaltmodus \u00fcber BF eingestellt werden, wodurch das Problem der Langzeitz\u00fcndung gel\u00f6st werden kann.<\/li>\n<li>Beide Seiten der Platte sind mit einer nanoskaligen Beschichtung versehen, die vor allem wasserdicht, feuchtigkeits- und korrosionsbest\u00e4ndig ist.<\/li>\n<\/ol>\n<h2>Eigenschaften<\/h2>\n<ul>\n<li>Flugsteuerung: Mini-Flugsteuerung HGLRC-SPECTRE F722<\/li>\n<li>Flugsteuerungs-Firmware: HGLRCF722 MINI<\/li>\n<li>MCU: STM32F722<\/li>\n<li>GYRO:MPU6000<\/li>\n<li>OSD:AT7456E<\/li>\n<li>Barometer: BMP280<\/li>\n<li>Schwarzer Kasten: 16 MB<\/li>\n<li>UARTS: 5 Gruppen<\/li>\n<li>BEC: 10V2A\/5V2.5A<\/li>\n<li>Gr\u00f6\u00dfe der Flugsteuerung: 37 mm x 34 mm x 9,8 mm<\/li>\n<li>Einbaulochposition: 20&#215;20 mm, M3<\/li>\n<li>Gewicht: 18 g<\/li>\n<\/ul>\n<h3>Das Paket umfasst<\/h3>\n<ul>\n<li>1 x HGLRC SPECTRE F722 Mini-Flugregler HGLRC SPECTRE F722<\/li>\n<li>1 x SH1.0-8P 30 AWG doppelendiges Kabel und<\/li>\n<li>1 x SH1.0-7P eink\u00f6pfig 30 AWG und 70 mm\/SH1.0 eink\u00f6pfig -DJI 6P Kabel 25 mm<\/li>\n<li>1 x 30AWG 70mm SH1.0-7P Einzelstecker\/GH1.25-6P Einzelstecker VTX<\/li>\n<li>1 x 30AWG 60mm Einzelkopf SH1.0-3P\/Einzelkopf 1.25-3P Kamerakabel<\/li>\n<li>1 x 30AWG 100mm eink\u00f6pfiges SH1.0-4P Empf\u00e4ngerkabel<\/li>\n<li>4 x Sechskantschrauben M3x20<\/li>\n<\/ul>\n<p>&nbsp;<\/p>\n<p><img decoding=\"async\" src=\"https:\/\/cdn.shopify.com\/s\/files\/1\/2672\/8290\/files\/SPECTER-F722-mini_2a775bd6-10e7-490f-b33b-256c347412b8.jpg?v=1700028547\" alt=\"\"><\/p>\n","protected":false},"excerpt":{"rendered":"<p><strong>Aktualisiert!  <\/strong>Jetzt kompatibel mit M2\/M3, DJI Air Unit Port hinzugef\u00fcgt.<\/p>\n","protected":false},"featured_media":239127,"comment_status":"open","ping_status":"closed","template":"","meta":{"_joinchat":[]},"pwb-brand":[],"product_cat":[45],"product_tag":[],"class_list":{"0":"post-208460","1":"product","2":"type-product","3":"status-publish","4":"has-post-thumbnail","6":"product_cat-controladoras","8":"first","9":"instock","10":"taxable","11":"shipping-taxable","12":"purchasable","13":"product-type-simple"},"barcode":null,"atum_controlled":true,"out_stock_date":null,"out_stock_threshold":null,"inheritable":false,"stock_on_hold":0,"sold_today":0,"sales_last_days":0,"out_stock_days":0,"lost_sales":0,"update_date":"2026-04-25T01:02:10","atum_locations":[],"atum_stock_status":"instock","restock_status":false,"low_stock_amount":"","sales_update_date":"2026-04-25T01:02:10","calc_backorders":null,"yoast_head":"<!-- This site is optimized with the Yoast SEO plugin v27.3 - https:\/\/yoast.com\/product\/yoast-seo-wordpress\/ -->\n<title>HGLRC SPECTRE SPECTRE F722 mini MPU6000 Gyro DJI HD\/VTX Freestyle\/FPV FC Racing - Iha Race<\/title>\n<meta name=\"robots\" content=\"index, follow, max-snippet:-1, max-image-preview:large, max-video-preview:-1\" \/>\n<link rel=\"canonical\" href=\"https:\/\/iha-race.com\/de\/producto\/hglrc-spectre-f722-mini-mpu6000-gyro-dji-hd-vtx-style-free-runs-fpv-fc\/\" \/>\n<meta property=\"og:locale\" content=\"de_DE\" \/>\n<meta property=\"og:type\" content=\"article\" \/>\n<meta property=\"og:title\" content=\"HGLRC SPECTRE SPECTRE F722 mini MPU6000 Gyro DJI HD\/VTX Freestyle\/FPV FC Racing - Iha Race\" \/>\n<meta property=\"og:description\" content=\"Aktualisiert! Jetzt kompatibel mit M2\/M3, DJI Air Unit Port hinzugef\u00fcgt.\" \/>\n<meta property=\"og:url\" content=\"https:\/\/iha-race.com\/de\/producto\/hglrc-spectre-f722-mini-mpu6000-gyro-dji-hd-vtx-style-free-runs-fpv-fc\/\" \/>\n<meta property=\"og:site_name\" content=\"Iha Race\" \/>\n<meta property=\"article:modified_time\" content=\"2024-08-29T13:58:47+00:00\" \/>\n<meta property=\"og:image\" content=\"https:\/\/iha-race.com\/wp-content\/uploads\/2020\/09\/HGLRC-SPECTRE-F722-mini-MPU6000.webp\" \/>\n\t<meta property=\"og:image:width\" content=\"1000\" \/>\n\t<meta property=\"og:image:height\" content=\"1000\" \/>\n\t<meta property=\"og:image:type\" content=\"image\/webp\" \/>\n<meta name=\"twitter:card\" content=\"summary_large_image\" \/>\n<meta name=\"twitter:label1\" content=\"Gesch\u00e4tzte Lesezeit\" \/>\n\t<meta name=\"twitter:data1\" content=\"2\u00a0Minuten\" \/>\n<script type=\"application\/ld+json\" class=\"yoast-schema-graph\">{\"@context\":\"https:\\\/\\\/schema.org\",\"@graph\":[{\"@type\":\"WebPage\",\"@id\":\"https:\\\/\\\/iha-race.com\\\/de\\\/producto\\\/hglrc-spectre-f722-mini-mpu6000-gyro-dji-hd-vtx-style-free-runs-fpv-fc\\\/\",\"url\":\"https:\\\/\\\/iha-race.com\\\/de\\\/producto\\\/hglrc-spectre-f722-mini-mpu6000-gyro-dji-hd-vtx-style-free-runs-fpv-fc\\\/\",\"name\":\"HGLRC SPECTRE SPECTRE F722 mini MPU6000 Gyro DJI HD\\\/VTX Freestyle\\\/FPV FC Racing - Iha Race\",\"isPartOf\":{\"@id\":\"https:\\\/\\\/iha-race.com\\\/de\\\/#website\"},\"primaryImageOfPage\":{\"@id\":\"https:\\\/\\\/iha-race.com\\\/de\\\/producto\\\/hglrc-spectre-f722-mini-mpu6000-gyro-dji-hd-vtx-style-free-runs-fpv-fc\\\/#primaryimage\"},\"image\":{\"@id\":\"https:\\\/\\\/iha-race.com\\\/de\\\/producto\\\/hglrc-spectre-f722-mini-mpu6000-gyro-dji-hd-vtx-style-free-runs-fpv-fc\\\/#primaryimage\"},\"thumbnailUrl\":\"https:\\\/\\\/iha-race.com\\\/wp-content\\\/uploads\\\/2020\\\/09\\\/HGLRC-SPECTRE-F722-mini-MPU6000.webp\",\"datePublished\":\"2020-09-21T16:37:51+00:00\",\"dateModified\":\"2024-08-29T13:58:47+00:00\",\"breadcrumb\":{\"@id\":\"https:\\\/\\\/iha-race.com\\\/de\\\/producto\\\/hglrc-spectre-f722-mini-mpu6000-gyro-dji-hd-vtx-style-free-runs-fpv-fc\\\/#breadcrumb\"},\"inLanguage\":\"de\",\"potentialAction\":[{\"@type\":\"ReadAction\",\"target\":[\"https:\\\/\\\/iha-race.com\\\/de\\\/producto\\\/hglrc-spectre-f722-mini-mpu6000-gyro-dji-hd-vtx-style-free-runs-fpv-fc\\\/\"]}]},{\"@type\":\"ImageObject\",\"inLanguage\":\"de\",\"@id\":\"https:\\\/\\\/iha-race.com\\\/de\\\/producto\\\/hglrc-spectre-f722-mini-mpu6000-gyro-dji-hd-vtx-style-free-runs-fpv-fc\\\/#primaryimage\",\"url\":\"https:\\\/\\\/iha-race.com\\\/wp-content\\\/uploads\\\/2020\\\/09\\\/HGLRC-SPECTRE-F722-mini-MPU6000.webp\",\"contentUrl\":\"https:\\\/\\\/iha-race.com\\\/wp-content\\\/uploads\\\/2020\\\/09\\\/HGLRC-SPECTRE-F722-mini-MPU6000.webp\",\"width\":1000,\"height\":1000,\"caption\":\"Comprar HGLRC SPECTRE F722 mini MPU6000\"},{\"@type\":\"BreadcrumbList\",\"@id\":\"https:\\\/\\\/iha-race.com\\\/de\\\/producto\\\/hglrc-spectre-f722-mini-mpu6000-gyro-dji-hd-vtx-style-free-runs-fpv-fc\\\/#breadcrumb\",\"itemListElement\":[{\"@type\":\"ListItem\",\"position\":1,\"name\":\"Portada\",\"item\":\"https:\\\/\\\/iha-race.com\\\/de\\\/elementor-499\\\/\"},{\"@type\":\"ListItem\",\"position\":2,\"name\":\"Shop\",\"item\":\"https:\\\/\\\/iha-race.com\\\/de\\\/shop\\\/\"},{\"@type\":\"ListItem\",\"position\":3,\"name\":\"HGLRC SPECTRE SPECTRE F722 mini MPU6000 Gyro DJI HD\\\/VTX Freestyle\\\/FPV FC Racing\"}]},{\"@type\":\"WebSite\",\"@id\":\"https:\\\/\\\/iha-race.com\\\/de\\\/#website\",\"url\":\"https:\\\/\\\/iha-race.com\\\/de\\\/\",\"name\":\"Iha Race\",\"description\":\"Comprar drones de carreras FPV env\u00edos en un d\u00eda desde Espa\u00f1a\",\"publisher\":{\"@id\":\"https:\\\/\\\/iha-race.com\\\/de\\\/#organization\"},\"potentialAction\":[{\"@type\":\"SearchAction\",\"target\":{\"@type\":\"EntryPoint\",\"urlTemplate\":\"https:\\\/\\\/iha-race.com\\\/de\\\/?s={search_term_string}\"},\"query-input\":{\"@type\":\"PropertyValueSpecification\",\"valueRequired\":true,\"valueName\":\"search_term_string\"}}],\"inLanguage\":\"de\"},{\"@type\":\"Organization\",\"@id\":\"https:\\\/\\\/iha-race.com\\\/de\\\/#organization\",\"name\":\"Iha Race\",\"url\":\"https:\\\/\\\/iha-race.com\\\/de\\\/\",\"logo\":{\"@type\":\"ImageObject\",\"inLanguage\":\"de\",\"@id\":\"https:\\\/\\\/iha-race.com\\\/de\\\/#\\\/schema\\\/logo\\\/image\\\/\",\"url\":\"https:\\\/\\\/iha-race.com\\\/wp-content\\\/uploads\\\/2018\\\/07\\\/iha-race-drones-de-carreras-tienda-comprar-drones.png\",\"contentUrl\":\"https:\\\/\\\/iha-race.com\\\/wp-content\\\/uploads\\\/2018\\\/07\\\/iha-race-drones-de-carreras-tienda-comprar-drones.png\",\"width\":300,\"height\":100,\"caption\":\"Iha Race\"},\"image\":{\"@id\":\"https:\\\/\\\/iha-race.com\\\/de\\\/#\\\/schema\\\/logo\\\/image\\\/\"}}]}<\/script>\n<!-- \/ Yoast SEO plugin. -->","yoast_head_json":{"title":"HGLRC SPECTRE SPECTRE F722 mini MPU6000 Gyro DJI HD\/VTX Freestyle\/FPV FC Racing - Iha Race","robots":{"index":"index","follow":"follow","max-snippet":"max-snippet:-1","max-image-preview":"max-image-preview:large","max-video-preview":"max-video-preview:-1"},"canonical":"https:\/\/iha-race.com\/de\/producto\/hglrc-spectre-f722-mini-mpu6000-gyro-dji-hd-vtx-style-free-runs-fpv-fc\/","og_locale":"de_DE","og_type":"article","og_title":"HGLRC SPECTRE SPECTRE F722 mini MPU6000 Gyro DJI HD\/VTX Freestyle\/FPV FC Racing - Iha Race","og_description":"Aktualisiert! Jetzt kompatibel mit M2\/M3, DJI Air Unit Port hinzugef\u00fcgt.","og_url":"https:\/\/iha-race.com\/de\/producto\/hglrc-spectre-f722-mini-mpu6000-gyro-dji-hd-vtx-style-free-runs-fpv-fc\/","og_site_name":"Iha Race","article_modified_time":"2024-08-29T13:58:47+00:00","og_image":[{"width":1000,"height":1000,"url":"https:\/\/iha-race.com\/wp-content\/uploads\/2020\/09\/HGLRC-SPECTRE-F722-mini-MPU6000.webp","type":"image\/webp"}],"twitter_card":"summary_large_image","twitter_misc":{"Gesch\u00e4tzte Lesezeit":"2\u00a0Minuten"},"schema":{"@context":"https:\/\/schema.org","@graph":[{"@type":"WebPage","@id":"https:\/\/iha-race.com\/de\/producto\/hglrc-spectre-f722-mini-mpu6000-gyro-dji-hd-vtx-style-free-runs-fpv-fc\/","url":"https:\/\/iha-race.com\/de\/producto\/hglrc-spectre-f722-mini-mpu6000-gyro-dji-hd-vtx-style-free-runs-fpv-fc\/","name":"HGLRC SPECTRE SPECTRE F722 mini MPU6000 Gyro DJI HD\/VTX Freestyle\/FPV FC Racing - Iha Race","isPartOf":{"@id":"https:\/\/iha-race.com\/de\/#website"},"primaryImageOfPage":{"@id":"https:\/\/iha-race.com\/de\/producto\/hglrc-spectre-f722-mini-mpu6000-gyro-dji-hd-vtx-style-free-runs-fpv-fc\/#primaryimage"},"image":{"@id":"https:\/\/iha-race.com\/de\/producto\/hglrc-spectre-f722-mini-mpu6000-gyro-dji-hd-vtx-style-free-runs-fpv-fc\/#primaryimage"},"thumbnailUrl":"https:\/\/iha-race.com\/wp-content\/uploads\/2020\/09\/HGLRC-SPECTRE-F722-mini-MPU6000.webp","datePublished":"2020-09-21T16:37:51+00:00","dateModified":"2024-08-29T13:58:47+00:00","breadcrumb":{"@id":"https:\/\/iha-race.com\/de\/producto\/hglrc-spectre-f722-mini-mpu6000-gyro-dji-hd-vtx-style-free-runs-fpv-fc\/#breadcrumb"},"inLanguage":"de","potentialAction":[{"@type":"ReadAction","target":["https:\/\/iha-race.com\/de\/producto\/hglrc-spectre-f722-mini-mpu6000-gyro-dji-hd-vtx-style-free-runs-fpv-fc\/"]}]},{"@type":"ImageObject","inLanguage":"de","@id":"https:\/\/iha-race.com\/de\/producto\/hglrc-spectre-f722-mini-mpu6000-gyro-dji-hd-vtx-style-free-runs-fpv-fc\/#primaryimage","url":"https:\/\/iha-race.com\/wp-content\/uploads\/2020\/09\/HGLRC-SPECTRE-F722-mini-MPU6000.webp","contentUrl":"https:\/\/iha-race.com\/wp-content\/uploads\/2020\/09\/HGLRC-SPECTRE-F722-mini-MPU6000.webp","width":1000,"height":1000,"caption":"Comprar HGLRC SPECTRE F722 mini MPU6000"},{"@type":"BreadcrumbList","@id":"https:\/\/iha-race.com\/de\/producto\/hglrc-spectre-f722-mini-mpu6000-gyro-dji-hd-vtx-style-free-runs-fpv-fc\/#breadcrumb","itemListElement":[{"@type":"ListItem","position":1,"name":"Portada","item":"https:\/\/iha-race.com\/de\/elementor-499\/"},{"@type":"ListItem","position":2,"name":"Shop","item":"https:\/\/iha-race.com\/de\/shop\/"},{"@type":"ListItem","position":3,"name":"HGLRC SPECTRE SPECTRE F722 mini MPU6000 Gyro DJI HD\/VTX Freestyle\/FPV FC Racing"}]},{"@type":"WebSite","@id":"https:\/\/iha-race.com\/de\/#website","url":"https:\/\/iha-race.com\/de\/","name":"Iha Race","description":"Comprar drones de carreras FPV env\u00edos en un d\u00eda desde Espa\u00f1a","publisher":{"@id":"https:\/\/iha-race.com\/de\/#organization"},"potentialAction":[{"@type":"SearchAction","target":{"@type":"EntryPoint","urlTemplate":"https:\/\/iha-race.com\/de\/?s={search_term_string}"},"query-input":{"@type":"PropertyValueSpecification","valueRequired":true,"valueName":"search_term_string"}}],"inLanguage":"de"},{"@type":"Organization","@id":"https:\/\/iha-race.com\/de\/#organization","name":"Iha Race","url":"https:\/\/iha-race.com\/de\/","logo":{"@type":"ImageObject","inLanguage":"de","@id":"https:\/\/iha-race.com\/de\/#\/schema\/logo\/image\/","url":"https:\/\/iha-race.com\/wp-content\/uploads\/2018\/07\/iha-race-drones-de-carreras-tienda-comprar-drones.png","contentUrl":"https:\/\/iha-race.com\/wp-content\/uploads\/2018\/07\/iha-race-drones-de-carreras-tienda-comprar-drones.png","width":300,"height":100,"caption":"Iha Race"},"image":{"@id":"https:\/\/iha-race.com\/de\/#\/schema\/logo\/image\/"}}]}},"jetpack_sharing_enabled":true,"brands":[],"_links":{"self":[{"href":"https:\/\/iha-race.com\/de\/wp-json\/wp\/v2\/product\/208460","targetHints":{"allow":["GET"]}}],"collection":[{"href":"https:\/\/iha-race.com\/de\/wp-json\/wp\/v2\/product"}],"about":[{"href":"https:\/\/iha-race.com\/de\/wp-json\/wp\/v2\/types\/product"}],"replies":[{"embeddable":true,"href":"https:\/\/iha-race.com\/de\/wp-json\/wp\/v2\/comments?post=208460"}],"version-history":[{"count":4,"href":"https:\/\/iha-race.com\/de\/wp-json\/wp\/v2\/product\/208460\/revisions"}],"predecessor-version":[{"id":239203,"href":"https:\/\/iha-race.com\/de\/wp-json\/wp\/v2\/product\/208460\/revisions\/239203"}],"wp:featuredmedia":[{"embeddable":true,"href":"https:\/\/iha-race.com\/de\/wp-json\/wp\/v2\/media\/239127"}],"wp:attachment":[{"href":"https:\/\/iha-race.com\/de\/wp-json\/wp\/v2\/media?parent=208460"}],"wp:term":[{"taxonomy":"pwb-brand","embeddable":true,"href":"https:\/\/iha-race.com\/de\/wp-json\/wp\/v2\/pwb-brand?post=208460"},{"taxonomy":"product_cat","embeddable":true,"href":"https:\/\/iha-race.com\/de\/wp-json\/wp\/v2\/product_cat?post=208460"},{"taxonomy":"product_tag","embeddable":true,"href":"https:\/\/iha-race.com\/de\/wp-json\/wp\/v2\/product_tag?post=208460"}],"curies":[{"name":"wp","href":"https:\/\/api.w.org\/{rel}","templated":true}]}}