{"id":208425,"date":"2020-09-22T11:55:13","date_gmt":"2020-09-22T09:55:13","guid":{"rendered":"https:\/\/iha-race.com\/producto\/amass-connector-xt60-l-gelb-paar\/"},"modified":"2026-03-22T18:27:25","modified_gmt":"2026-03-22T17:27:25","slug":"verbinder-amass-xt60-l-gelb-paar","status":"publish","type":"product","link":"https:\/\/iha-race.com\/de\/producto\/verbinder-amass-xt60-l-gelb-paar\/","title":{"rendered":"Amass Connector XT60-L Gelb (Paar)"},"content":{"rendered":"<h2>Amass Connector XT60-L Gelb (Paar)<\/h2>\n<div class=\"desc\">  Die XT60L-Stecker sind aus vergoldetem Messing gefertigt. Die Vergoldung erh\u00f6ht die Leitf\u00e4higkeit und Korrosionsbest\u00e4ndigkeit, verringert aber auch den Verschlei\u00df durch h\u00e4ufiges Stecken und Ziehen von Stecker und Buchse, was der Lebensdauer zugute kommt. Der elektrische Widerstand der Steckverbindung ist mit nur 0,5 mOhm sehr gering und erlaubt einen kurzzeitigen Nennstrom von bis zu 60 A. Um dieses Leistungspotenzial zu erreichen, wird die Verwendung von hochwertigen Silikonkabeln mit Kupferdr\u00e4hten von 12 AWG oder 4 mm\u00b2 Durchmesser empfohlen. Das Geh\u00e4use und die Stecker des XT60L-Systems sind aus schlagfestem Nylon gefertigt, das beim L\u00f6ten temperaturbest\u00e4ndig bleibt und sich nicht sofort verformt.  <\/div>\n<h2>Spezifikationen des Steckers:<\/h2>\n<ul>\n<li><strong>Stecker:<\/strong> Goldkontakt <span class=\"value\">\u00d8 3,5 mm XT60<\/span><\/li>\n<li><strong>Kontaktmaterial:<\/strong> Messing, vergoldet.<\/li>\n<li><strong>Geh\u00e4usematerial:<\/strong> Nylon.<\/li>\n<li><strong>Temperaturbereich:<\/strong> -20\u00ba C bis +120\u00ba C<\/li>\n<li><strong>Strombelastbarkeit:<\/strong> Max. 60A<\/li>\n<li><strong>Elektrischer Widerstand:<\/strong> 0,5 m\u03a9<\/li>\n<li><strong>Empfohlener Kabeldurchmesser:<\/strong> 12 AWG \u2259 4 mm\u00b2.<\/li>\n<\/ul>\n<p>&nbsp;<\/p>\n<div class=\"product-attributes table\">\n<div class=\"table-responsive\"><\/div>\n<\/div>\n","protected":false},"excerpt":{"rendered":"<p>Amass Connector XT60-L Gelb (Paar) Die XT60L-Stecker sind aus vergoldetem Messing gefertigt. Die Vergoldung erh\u00f6ht die Leitf\u00e4higkeit und Korrosionsbest\u00e4ndigkeit, verringert aber auch den Verschlei\u00df durch h\u00e4ufiges Stecken und Ziehen von<\/p>\n","protected":false},"featured_media":125147,"comment_status":"open","ping_status":"closed","template":"","meta":{"_joinchat":[]},"pwb-brand":[3903],"product_cat":[2515,2513],"product_tag":[],"class_list":{"0":"post-208425","1":"product","2":"type-product","3":"status-publish","4":"has-post-thumbnail","6":"pwb-brand-yukimodell","7":"product_cat-steckverbinder","8":"product_cat-zubehor","10":"first","11":"instock","12":"taxable","13":"shipping-taxable","14":"purchasable","15":"product-type-simple"},"barcode":null,"atum_controlled":true,"out_stock_date":null,"out_stock_threshold":null,"inheritable":false,"stock_on_hold":0,"sold_today":0,"sales_last_days":0,"out_stock_days":0,"lost_sales":0,"update_date":"2026-04-16T08:17:35","atum_locations":[],"atum_stock_status":"instock","restock_status":false,"low_stock_amount":"","sales_update_date":"2026-04-16T08:17:35","calc_backorders":null,"yoast_head":"<!-- This site is optimized with the Yoast SEO plugin v27.3 - https:\/\/yoast.com\/product\/yoast-seo-wordpress\/ -->\n<title>Amass Connector XT60-L Gelb (Paar) - Iha Race<\/title>\n<meta name=\"robots\" content=\"index, follow, max-snippet:-1, max-image-preview:large, max-video-preview:-1\" \/>\n<link rel=\"canonical\" href=\"https:\/\/iha-race.com\/de\/producto\/verbinder-amass-xt60-l-gelb-paar\/\" \/>\n<meta property=\"og:locale\" content=\"de_DE\" \/>\n<meta property=\"og:type\" content=\"article\" \/>\n<meta property=\"og:title\" content=\"Amass Connector XT60-L Gelb (Paar) - Iha Race\" \/>\n<meta property=\"og:description\" content=\"Amass Connector XT60-L Gelb (Paar) Die XT60L-Stecker sind aus vergoldetem Messing gefertigt. Die Vergoldung erh\u00f6ht die Leitf\u00e4higkeit und Korrosionsbest\u00e4ndigkeit, verringert aber auch den Verschlei\u00df durch h\u00e4ufiges Stecken und Ziehen von\" \/>\n<meta property=\"og:url\" content=\"https:\/\/iha-race.com\/de\/producto\/verbinder-amass-xt60-l-gelb-paar\/\" \/>\n<meta property=\"og:site_name\" content=\"Iha Race\" \/>\n<meta property=\"article:modified_time\" content=\"2026-03-22T17:27:25+00:00\" \/>\n<meta property=\"og:image\" content=\"https:\/\/iha-race.com\/wp-content\/uploads\/2020\/09\/pareja-conector-xt60-l-Amass-1.jpg\" \/>\n\t<meta property=\"og:image:width\" content=\"800\" \/>\n\t<meta property=\"og:image:height\" content=\"800\" \/>\n\t<meta property=\"og:image:type\" content=\"image\/jpeg\" \/>\n<meta name=\"twitter:card\" content=\"summary_large_image\" \/>\n<meta name=\"twitter:label1\" content=\"Gesch\u00e4tzte Lesezeit\" \/>\n\t<meta name=\"twitter:data1\" content=\"1\u00a0Minute\" \/>\n<script type=\"application\/ld+json\" class=\"yoast-schema-graph\">{\"@context\":\"https:\\\/\\\/schema.org\",\"@graph\":[{\"@type\":\"WebPage\",\"@id\":\"https:\\\/\\\/iha-race.com\\\/de\\\/producto\\\/verbinder-amass-xt60-l-gelb-paar\\\/\",\"url\":\"https:\\\/\\\/iha-race.com\\\/de\\\/producto\\\/verbinder-amass-xt60-l-gelb-paar\\\/\",\"name\":\"Amass Connector XT60-L Gelb (Paar) - Iha Race\",\"isPartOf\":{\"@id\":\"https:\\\/\\\/iha-race.com\\\/de\\\/#website\"},\"primaryImageOfPage\":{\"@id\":\"https:\\\/\\\/iha-race.com\\\/de\\\/producto\\\/verbinder-amass-xt60-l-gelb-paar\\\/#primaryimage\"},\"image\":{\"@id\":\"https:\\\/\\\/iha-race.com\\\/de\\\/producto\\\/verbinder-amass-xt60-l-gelb-paar\\\/#primaryimage\"},\"thumbnailUrl\":\"https:\\\/\\\/iha-race.com\\\/wp-content\\\/uploads\\\/2020\\\/09\\\/pareja-conector-xt60-l-Amass-1.jpg\",\"datePublished\":\"2020-09-22T09:55:13+00:00\",\"dateModified\":\"2026-03-22T17:27:25+00:00\",\"breadcrumb\":{\"@id\":\"https:\\\/\\\/iha-race.com\\\/de\\\/producto\\\/verbinder-amass-xt60-l-gelb-paar\\\/#breadcrumb\"},\"inLanguage\":\"de\",\"potentialAction\":[{\"@type\":\"ReadAction\",\"target\":[\"https:\\\/\\\/iha-race.com\\\/de\\\/producto\\\/verbinder-amass-xt60-l-gelb-paar\\\/\"]}]},{\"@type\":\"ImageObject\",\"inLanguage\":\"de\",\"@id\":\"https:\\\/\\\/iha-race.com\\\/de\\\/producto\\\/verbinder-amass-xt60-l-gelb-paar\\\/#primaryimage\",\"url\":\"https:\\\/\\\/iha-race.com\\\/wp-content\\\/uploads\\\/2020\\\/09\\\/pareja-conector-xt60-l-Amass-1.jpg\",\"contentUrl\":\"https:\\\/\\\/iha-race.com\\\/wp-content\\\/uploads\\\/2020\\\/09\\\/pareja-conector-xt60-l-Amass-1.jpg\",\"width\":800,\"height\":800},{\"@type\":\"BreadcrumbList\",\"@id\":\"https:\\\/\\\/iha-race.com\\\/de\\\/producto\\\/verbinder-amass-xt60-l-gelb-paar\\\/#breadcrumb\",\"itemListElement\":[{\"@type\":\"ListItem\",\"position\":1,\"name\":\"Portada\",\"item\":\"https:\\\/\\\/iha-race.com\\\/de\\\/elementor-499\\\/\"},{\"@type\":\"ListItem\",\"position\":2,\"name\":\"Shop\",\"item\":\"https:\\\/\\\/iha-race.com\\\/de\\\/shop\\\/\"},{\"@type\":\"ListItem\",\"position\":3,\"name\":\"Amass Connector XT60-L Gelb (Paar)\"}]},{\"@type\":\"WebSite\",\"@id\":\"https:\\\/\\\/iha-race.com\\\/de\\\/#website\",\"url\":\"https:\\\/\\\/iha-race.com\\\/de\\\/\",\"name\":\"Iha Race\",\"description\":\"Comprar drones de carreras FPV env\u00edos en un d\u00eda desde Espa\u00f1a\",\"publisher\":{\"@id\":\"https:\\\/\\\/iha-race.com\\\/de\\\/#organization\"},\"potentialAction\":[{\"@type\":\"SearchAction\",\"target\":{\"@type\":\"EntryPoint\",\"urlTemplate\":\"https:\\\/\\\/iha-race.com\\\/de\\\/?s={search_term_string}\"},\"query-input\":{\"@type\":\"PropertyValueSpecification\",\"valueRequired\":true,\"valueName\":\"search_term_string\"}}],\"inLanguage\":\"de\"},{\"@type\":\"Organization\",\"@id\":\"https:\\\/\\\/iha-race.com\\\/de\\\/#organization\",\"name\":\"Iha Race\",\"url\":\"https:\\\/\\\/iha-race.com\\\/de\\\/\",\"logo\":{\"@type\":\"ImageObject\",\"inLanguage\":\"de\",\"@id\":\"https:\\\/\\\/iha-race.com\\\/de\\\/#\\\/schema\\\/logo\\\/image\\\/\",\"url\":\"https:\\\/\\\/iha-race.com\\\/wp-content\\\/uploads\\\/2018\\\/07\\\/iha-race-drones-de-carreras-tienda-comprar-drones.png\",\"contentUrl\":\"https:\\\/\\\/iha-race.com\\\/wp-content\\\/uploads\\\/2018\\\/07\\\/iha-race-drones-de-carreras-tienda-comprar-drones.png\",\"width\":300,\"height\":100,\"caption\":\"Iha Race\"},\"image\":{\"@id\":\"https:\\\/\\\/iha-race.com\\\/de\\\/#\\\/schema\\\/logo\\\/image\\\/\"}}]}<\/script>\n<!-- \/ Yoast SEO plugin. -->","yoast_head_json":{"title":"Amass Connector XT60-L Gelb (Paar) - Iha Race","robots":{"index":"index","follow":"follow","max-snippet":"max-snippet:-1","max-image-preview":"max-image-preview:large","max-video-preview":"max-video-preview:-1"},"canonical":"https:\/\/iha-race.com\/de\/producto\/verbinder-amass-xt60-l-gelb-paar\/","og_locale":"de_DE","og_type":"article","og_title":"Amass Connector XT60-L Gelb (Paar) - Iha Race","og_description":"Amass Connector XT60-L Gelb (Paar) Die XT60L-Stecker sind aus vergoldetem Messing gefertigt. Die Vergoldung erh\u00f6ht die Leitf\u00e4higkeit und Korrosionsbest\u00e4ndigkeit, verringert aber auch den Verschlei\u00df durch h\u00e4ufiges Stecken und Ziehen von","og_url":"https:\/\/iha-race.com\/de\/producto\/verbinder-amass-xt60-l-gelb-paar\/","og_site_name":"Iha Race","article_modified_time":"2026-03-22T17:27:25+00:00","og_image":[{"width":800,"height":800,"url":"https:\/\/iha-race.com\/wp-content\/uploads\/2020\/09\/pareja-conector-xt60-l-Amass-1.jpg","type":"image\/jpeg"}],"twitter_card":"summary_large_image","twitter_misc":{"Gesch\u00e4tzte Lesezeit":"1\u00a0Minute"},"schema":{"@context":"https:\/\/schema.org","@graph":[{"@type":"WebPage","@id":"https:\/\/iha-race.com\/de\/producto\/verbinder-amass-xt60-l-gelb-paar\/","url":"https:\/\/iha-race.com\/de\/producto\/verbinder-amass-xt60-l-gelb-paar\/","name":"Amass Connector XT60-L Gelb (Paar) - Iha Race","isPartOf":{"@id":"https:\/\/iha-race.com\/de\/#website"},"primaryImageOfPage":{"@id":"https:\/\/iha-race.com\/de\/producto\/verbinder-amass-xt60-l-gelb-paar\/#primaryimage"},"image":{"@id":"https:\/\/iha-race.com\/de\/producto\/verbinder-amass-xt60-l-gelb-paar\/#primaryimage"},"thumbnailUrl":"https:\/\/iha-race.com\/wp-content\/uploads\/2020\/09\/pareja-conector-xt60-l-Amass-1.jpg","datePublished":"2020-09-22T09:55:13+00:00","dateModified":"2026-03-22T17:27:25+00:00","breadcrumb":{"@id":"https:\/\/iha-race.com\/de\/producto\/verbinder-amass-xt60-l-gelb-paar\/#breadcrumb"},"inLanguage":"de","potentialAction":[{"@type":"ReadAction","target":["https:\/\/iha-race.com\/de\/producto\/verbinder-amass-xt60-l-gelb-paar\/"]}]},{"@type":"ImageObject","inLanguage":"de","@id":"https:\/\/iha-race.com\/de\/producto\/verbinder-amass-xt60-l-gelb-paar\/#primaryimage","url":"https:\/\/iha-race.com\/wp-content\/uploads\/2020\/09\/pareja-conector-xt60-l-Amass-1.jpg","contentUrl":"https:\/\/iha-race.com\/wp-content\/uploads\/2020\/09\/pareja-conector-xt60-l-Amass-1.jpg","width":800,"height":800},{"@type":"BreadcrumbList","@id":"https:\/\/iha-race.com\/de\/producto\/verbinder-amass-xt60-l-gelb-paar\/#breadcrumb","itemListElement":[{"@type":"ListItem","position":1,"name":"Portada","item":"https:\/\/iha-race.com\/de\/elementor-499\/"},{"@type":"ListItem","position":2,"name":"Shop","item":"https:\/\/iha-race.com\/de\/shop\/"},{"@type":"ListItem","position":3,"name":"Amass Connector XT60-L Gelb (Paar)"}]},{"@type":"WebSite","@id":"https:\/\/iha-race.com\/de\/#website","url":"https:\/\/iha-race.com\/de\/","name":"Iha Race","description":"Comprar drones de carreras FPV env\u00edos en un d\u00eda desde Espa\u00f1a","publisher":{"@id":"https:\/\/iha-race.com\/de\/#organization"},"potentialAction":[{"@type":"SearchAction","target":{"@type":"EntryPoint","urlTemplate":"https:\/\/iha-race.com\/de\/?s={search_term_string}"},"query-input":{"@type":"PropertyValueSpecification","valueRequired":true,"valueName":"search_term_string"}}],"inLanguage":"de"},{"@type":"Organization","@id":"https:\/\/iha-race.com\/de\/#organization","name":"Iha Race","url":"https:\/\/iha-race.com\/de\/","logo":{"@type":"ImageObject","inLanguage":"de","@id":"https:\/\/iha-race.com\/de\/#\/schema\/logo\/image\/","url":"https:\/\/iha-race.com\/wp-content\/uploads\/2018\/07\/iha-race-drones-de-carreras-tienda-comprar-drones.png","contentUrl":"https:\/\/iha-race.com\/wp-content\/uploads\/2018\/07\/iha-race-drones-de-carreras-tienda-comprar-drones.png","width":300,"height":100,"caption":"Iha Race"},"image":{"@id":"https:\/\/iha-race.com\/de\/#\/schema\/logo\/image\/"}}]}},"brands":[{"id":3903,"name":"Yukimodell","slug":"yukimodell"}],"_links":{"self":[{"href":"https:\/\/iha-race.com\/de\/wp-json\/wp\/v2\/product\/208425","targetHints":{"allow":["GET"]}}],"collection":[{"href":"https:\/\/iha-race.com\/de\/wp-json\/wp\/v2\/product"}],"about":[{"href":"https:\/\/iha-race.com\/de\/wp-json\/wp\/v2\/types\/product"}],"replies":[{"embeddable":true,"href":"https:\/\/iha-race.com\/de\/wp-json\/wp\/v2\/comments?post=208425"}],"version-history":[{"count":1,"href":"https:\/\/iha-race.com\/de\/wp-json\/wp\/v2\/product\/208425\/revisions"}],"predecessor-version":[{"id":249799,"href":"https:\/\/iha-race.com\/de\/wp-json\/wp\/v2\/product\/208425\/revisions\/249799"}],"wp:featuredmedia":[{"embeddable":true,"href":"https:\/\/iha-race.com\/de\/wp-json\/wp\/v2\/media\/125147"}],"wp:attachment":[{"href":"https:\/\/iha-race.com\/de\/wp-json\/wp\/v2\/media?parent=208425"}],"wp:term":[{"taxonomy":"pwb-brand","embeddable":true,"href":"https:\/\/iha-race.com\/de\/wp-json\/wp\/v2\/pwb-brand?post=208425"},{"taxonomy":"product_cat","embeddable":true,"href":"https:\/\/iha-race.com\/de\/wp-json\/wp\/v2\/product_cat?post=208425"},{"taxonomy":"product_tag","embeddable":true,"href":"https:\/\/iha-race.com\/de\/wp-json\/wp\/v2\/product_tag?post=208425"}],"curies":[{"name":"wp","href":"https:\/\/api.w.org\/{rel}","templated":true}]}}