{"id":208407,"date":"2020-09-11T13:08:35","date_gmt":"2020-09-11T11:08:35","guid":{"rendered":"https:\/\/iha-race.com\/producto\/samsung-inr18650-25r-3-6v-2-stueck-aufbewahrungsbox\/"},"modified":"2025-12-28T12:05:31","modified_gmt":"2025-12-28T11:05:31","slug":"samsung-inr18650-25r-3-6v-2-unidades-caja-de-almacenamiento","status":"publish","type":"product","link":"https:\/\/iha-race.com\/de\/producto\/samsung-inr18650-25r-3-6v-2-unidades-caja-de-almacenamiento\/","title":{"rendered":"Samsung INR18650-25R 3.6V Refurbished (2 St\u00fcck + Aufbewahrungsbox)"},"content":{"rendered":"<h2>Samsung INR18650-25R 3.6V Refurbished (2 St\u00fcck + Aufbewahrungsbox)<\/h2>\n<h2>Produktmerkmale:<\/h2>\n<h2>Zus\u00e4tzliche Informationen<\/h2>\n<table id=\"product-attribute-specs-table\" class=\"data-table\">\n<colgroup>\n<col width=\"25%\">\n<col><\/colgroup>\n<tbody>\n<tr class=\"first odd\">\n<th class=\"label\">EAN \/ GTIN<\/th>\n<td class=\"data last\"> 7417940527291<\/td>\n<\/tr>\n<tr class=\"even\">\n<th class=\"label\">Gewicht &#8211; g<\/th>\n<td class=\"data last\"> 44.0000<\/td>\n<\/tr>\n<tr class=\"odd\">\n<th class=\"label\">Marke<\/th>\n<td class=\"data last\"> Samsung<\/td>\n<\/tr>\n<tr class=\"even\">\n<th class=\"label\">Modell<\/th>\n<td class=\"data last\"> INR18650-25R<\/td>\n<\/tr>\n<tr class=\"odd\">\n<th class=\"label\">Gr\u00f6\u00dfe der Batterie<\/th>\n<td class=\"data last\"> 18650<\/td>\n<\/tr>\n<tr class=\"even\">\n<th class=\"label\">Chemie der Batterie<\/th>\n<td class=\"data last\"> Li-Ion<\/td>\n<\/tr>\n<tr class=\"odd\">\n<th class=\"label\">Spannung<\/th>\n<td class=\"data last\"> 3.6V<\/td>\n<\/tr>\n<tr class=\"even\">\n<th class=\"label\">Min. Kapazit\u00e4t &#8211; mAh<\/th>\n<td class=\"data last\"><span class=\"price\"> 2.500,00<\/span><\/td>\n<\/tr>\n<tr class=\"odd\">\n<th class=\"label\">Typische Kapazit\u00e4t. &#8211; mAh<\/th>\n<td class=\"data last\"><span class=\"price\">  2.500,00<\/span><\/td>\n<\/tr>\n<tr class=\"even\">\n<th class=\"label\">Batterie-Version<\/th>\n<td class=\"data last\"> regeneriert, flache Oberfl\u00e4che<\/td>\n<\/tr>\n<tr class=\"odd\">\n<th class=\"label\">Entladestrom &#8211; A<\/th>\n<td class=\"data last\"><span class=\"price\"> 20,00<\/span><\/td>\n<\/tr>\n<tr class=\"even\">\n<th class=\"label\">Schutz des Stromkreises<\/th>\n<td class=\"data last\"> Ungesch\u00fctzt<\/td>\n<\/tr>\n<tr class=\"odd\">\n<th class=\"label\">H\u00f6he &#8211; mm<\/th>\n<td class=\"data last\"><span class=\"price\"> 65,00<\/span><\/td>\n<\/tr>\n<tr class=\"last even\">\n<th class=\"label\">Durchmesser &#8211; mm<\/th>\n<td class=\"data last\"><span class=\"price\"> 18,20<\/span><\/td>\n<\/tr>\n<\/tbody>\n<\/table>\n<h2><\/h2>\n<div class=\"box-collateral box-description active\">\n<div class=\"std\">  Diese Batterien stammen aus Akkupacks, in denen L\u00f6tfehler gefunden wurden. Die Batterien wurden nie geladen oder entladen. Die Zellen, die wir anbieten, haben: &#8211; Minimale Besch\u00e4digung der Zelle &#8211; Niemals w\u00e4hrend der Produktion geladen (out of the box) (jede Zelle wird getestet) &#8211; Der Widerstand entspricht dem Datenblatt, niemals schlechter (jede Zelle wird getestet)  <\/div>\n<\/div>\n<h2><b>Warnung<\/b><\/h2>\n<ul>\n<li>Lithium-Ionen-Batterien k\u00f6nnen bei unsachgem\u00e4\u00dfer Verwendung gef\u00e4hrlich sein. Ein Kurzschluss oder Missbrauch kann zu einem Brand oder einer Explosion f\u00fchren.<\/li>\n<li>Legen Sie den Akku nicht in ein Ladeger\u00e4t oder ein Ger\u00e4t mit falsch angeschlossenen Anschl\u00fcssen.<\/li>\n<li>K\u00fcrzen Sie niemals die Batterie. Achten Sie darauf, dass Sie ihn nicht versehentlich k\u00fcrzen, und stecken Sie ihn nicht zusammen mit einem Schl\u00fcsselbund in Ihre Tasche.<\/li>\n<li>Zerlegen oder verformen Sie den Akku nicht. Entsorgen Sie sie, wenn die Batterie verformt ist<\/li>\n<li>Nicht in Wasser eintauchen<\/li>\n<li>Vermeiden Sie \u00fcberm\u00e4\u00dfige Vibrationen oder Ersch\u00fctterungen<\/li>\n<li>Werfen Sie den Akku nicht ins Feuer und entsorgen Sie ihn nicht.<\/li>\n<li>Au\u00dferhalb der Reichweite von Kindern aufbewahren<\/li>\n<li>Verwenden Sie niemals ein modifiziertes oder besch\u00e4digtes Ladeger\u00e4t<\/li>\n<li>Lassen Sie den Akku nicht l\u00e4nger als 12 Stunden im Ladeger\u00e4t.<\/li>\n<li>Lagern Sie den Akku an einem k\u00fchlen, trockenen und gut bel\u00fcfteten Ort.<\/li>\n<li>Entsorgen Sie es in \u00dcbereinstimmung mit den \u00f6rtlichen Vorschriften<\/li>\n<li>L\u00f6ten Sie diese Zellen nicht<\/li>\n<\/ul>\n<h2><\/h2>\n<h2><\/h2>\n<h2>Das Paket enth\u00e4lt:<\/h2>\n<ul>\n<li><span style=\"font-size: 16px;\">2 x Refurbished Samsung INR18650-25R 3.6V Akkus<\/span><\/li>\n<li>1 x Aufbewahrungsbox f\u00fcr 2 x 18650 Batterien oder 4 x 18350 Batterien<\/li>\n<\/ul>\n","protected":false},"excerpt":{"rendered":"<p>Samsung INR18650-25R 3.6V Refurbished (2 St\u00fcck + Aufbewahrungsbox) Produktmerkmale: Zus\u00e4tzliche Informationen EAN \/ GTIN 7417940527291 Gewicht &#8211; g 44.0000 Marke Samsung Modell INR18650-25R Gr\u00f6\u00dfe der Batterie 18650 Chemie der Batterie<\/p>\n","protected":false},"featured_media":125828,"comment_status":"open","ping_status":"closed","template":"","meta":{"_joinchat":[]},"pwb-brand":[],"product_cat":[2501,2532],"product_tag":[],"class_list":{"0":"post-208407","1":"product","2":"type-product","3":"status-publish","4":"has-post-thumbnail","6":"product_cat-fpv-akkus","7":"product_cat-s1-de","9":"first","10":"instock","11":"taxable","12":"shipping-taxable","13":"purchasable","14":"product-type-simple"},"barcode":null,"atum_controlled":true,"out_stock_date":null,"out_stock_threshold":null,"inheritable":false,"stock_on_hold":0,"sold_today":0,"sales_last_days":0,"out_stock_days":0,"lost_sales":0,"update_date":"2026-04-16T07:36:33","atum_locations":[],"atum_stock_status":"instock","restock_status":false,"low_stock_amount":10,"sales_update_date":"2026-04-16T07:36:33","calc_backorders":null,"yoast_head":"<!-- This site is optimized with the Yoast SEO plugin v27.3 - https:\/\/yoast.com\/product\/yoast-seo-wordpress\/ -->\n<title>Samsung INR18650-25R 3.6V Refurbished (2 St\u00fcck + Aufbewahrungsbox) - Iha Race<\/title>\n<meta name=\"robots\" content=\"index, follow, max-snippet:-1, max-image-preview:large, max-video-preview:-1\" \/>\n<link rel=\"canonical\" href=\"https:\/\/iha-race.com\/de\/producto\/samsung-inr18650-25r-3-6v-2-unidades-caja-de-almacenamiento\/\" \/>\n<meta property=\"og:locale\" content=\"de_DE\" \/>\n<meta property=\"og:type\" content=\"article\" \/>\n<meta property=\"og:title\" content=\"Samsung INR18650-25R 3.6V Refurbished (2 St\u00fcck + Aufbewahrungsbox) - Iha Race\" \/>\n<meta property=\"og:description\" content=\"Samsung INR18650-25R 3.6V Refurbished (2 St\u00fcck + Aufbewahrungsbox) Produktmerkmale: Zus\u00e4tzliche Informationen EAN \/ GTIN 7417940527291 Gewicht &#8211; g 44.0000 Marke Samsung Modell INR18650-25R Gr\u00f6\u00dfe der Batterie 18650 Chemie der Batterie\" \/>\n<meta property=\"og:url\" content=\"https:\/\/iha-race.com\/de\/producto\/samsung-inr18650-25r-3-6v-2-unidades-caja-de-almacenamiento\/\" \/>\n<meta property=\"og:site_name\" content=\"Iha Race\" \/>\n<meta property=\"article:modified_time\" content=\"2025-12-28T11:05:31+00:00\" \/>\n<meta property=\"og:image\" content=\"https:\/\/iha-race.com\/wp-content\/uploads\/2020\/09\/baterias-samsung-inr18650-3.6V-caja-almacenamiento.jpg\" \/>\n\t<meta property=\"og:image:width\" content=\"800\" \/>\n\t<meta property=\"og:image:height\" content=\"800\" \/>\n\t<meta property=\"og:image:type\" content=\"image\/jpeg\" \/>\n<meta name=\"twitter:card\" content=\"summary_large_image\" \/>\n<meta name=\"twitter:label1\" content=\"Gesch\u00e4tzte Lesezeit\" \/>\n\t<meta name=\"twitter:data1\" content=\"2\u00a0Minuten\" \/>\n<script type=\"application\/ld+json\" class=\"yoast-schema-graph\">{\"@context\":\"https:\\\/\\\/schema.org\",\"@graph\":[{\"@type\":\"WebPage\",\"@id\":\"https:\\\/\\\/iha-race.com\\\/de\\\/producto\\\/samsung-inr18650-25r-3-6v-2-unidades-caja-de-almacenamiento\\\/\",\"url\":\"https:\\\/\\\/iha-race.com\\\/de\\\/producto\\\/samsung-inr18650-25r-3-6v-2-unidades-caja-de-almacenamiento\\\/\",\"name\":\"Samsung INR18650-25R 3.6V Refurbished (2 St\u00fcck + Aufbewahrungsbox) - Iha Race\",\"isPartOf\":{\"@id\":\"https:\\\/\\\/iha-race.com\\\/de\\\/#website\"},\"primaryImageOfPage\":{\"@id\":\"https:\\\/\\\/iha-race.com\\\/de\\\/producto\\\/samsung-inr18650-25r-3-6v-2-unidades-caja-de-almacenamiento\\\/#primaryimage\"},\"image\":{\"@id\":\"https:\\\/\\\/iha-race.com\\\/de\\\/producto\\\/samsung-inr18650-25r-3-6v-2-unidades-caja-de-almacenamiento\\\/#primaryimage\"},\"thumbnailUrl\":\"https:\\\/\\\/iha-race.com\\\/wp-content\\\/uploads\\\/2020\\\/09\\\/baterias-samsung-inr18650-3.6V-caja-almacenamiento.jpg\",\"datePublished\":\"2020-09-11T11:08:35+00:00\",\"dateModified\":\"2025-12-28T11:05:31+00:00\",\"breadcrumb\":{\"@id\":\"https:\\\/\\\/iha-race.com\\\/de\\\/producto\\\/samsung-inr18650-25r-3-6v-2-unidades-caja-de-almacenamiento\\\/#breadcrumb\"},\"inLanguage\":\"de\",\"potentialAction\":[{\"@type\":\"ReadAction\",\"target\":[\"https:\\\/\\\/iha-race.com\\\/de\\\/producto\\\/samsung-inr18650-25r-3-6v-2-unidades-caja-de-almacenamiento\\\/\"]}]},{\"@type\":\"ImageObject\",\"inLanguage\":\"de\",\"@id\":\"https:\\\/\\\/iha-race.com\\\/de\\\/producto\\\/samsung-inr18650-25r-3-6v-2-unidades-caja-de-almacenamiento\\\/#primaryimage\",\"url\":\"https:\\\/\\\/iha-race.com\\\/wp-content\\\/uploads\\\/2020\\\/09\\\/baterias-samsung-inr18650-3.6V-caja-almacenamiento.jpg\",\"contentUrl\":\"https:\\\/\\\/iha-race.com\\\/wp-content\\\/uploads\\\/2020\\\/09\\\/baterias-samsung-inr18650-3.6V-caja-almacenamiento.jpg\",\"width\":800,\"height\":800},{\"@type\":\"BreadcrumbList\",\"@id\":\"https:\\\/\\\/iha-race.com\\\/de\\\/producto\\\/samsung-inr18650-25r-3-6v-2-unidades-caja-de-almacenamiento\\\/#breadcrumb\",\"itemListElement\":[{\"@type\":\"ListItem\",\"position\":1,\"name\":\"Portada\",\"item\":\"https:\\\/\\\/iha-race.com\\\/de\\\/elementor-499\\\/\"},{\"@type\":\"ListItem\",\"position\":2,\"name\":\"Shop\",\"item\":\"https:\\\/\\\/iha-race.com\\\/de\\\/shop\\\/\"},{\"@type\":\"ListItem\",\"position\":3,\"name\":\"Samsung INR18650-25R 3.6V Refurbished (2 St\u00fcck + Aufbewahrungsbox)\"}]},{\"@type\":\"WebSite\",\"@id\":\"https:\\\/\\\/iha-race.com\\\/de\\\/#website\",\"url\":\"https:\\\/\\\/iha-race.com\\\/de\\\/\",\"name\":\"Iha Race\",\"description\":\"Comprar drones de carreras FPV env\u00edos en un d\u00eda desde Espa\u00f1a\",\"publisher\":{\"@id\":\"https:\\\/\\\/iha-race.com\\\/de\\\/#organization\"},\"potentialAction\":[{\"@type\":\"SearchAction\",\"target\":{\"@type\":\"EntryPoint\",\"urlTemplate\":\"https:\\\/\\\/iha-race.com\\\/de\\\/?s={search_term_string}\"},\"query-input\":{\"@type\":\"PropertyValueSpecification\",\"valueRequired\":true,\"valueName\":\"search_term_string\"}}],\"inLanguage\":\"de\"},{\"@type\":\"Organization\",\"@id\":\"https:\\\/\\\/iha-race.com\\\/de\\\/#organization\",\"name\":\"Iha Race\",\"url\":\"https:\\\/\\\/iha-race.com\\\/de\\\/\",\"logo\":{\"@type\":\"ImageObject\",\"inLanguage\":\"de\",\"@id\":\"https:\\\/\\\/iha-race.com\\\/de\\\/#\\\/schema\\\/logo\\\/image\\\/\",\"url\":\"https:\\\/\\\/iha-race.com\\\/wp-content\\\/uploads\\\/2018\\\/07\\\/iha-race-drones-de-carreras-tienda-comprar-drones.png\",\"contentUrl\":\"https:\\\/\\\/iha-race.com\\\/wp-content\\\/uploads\\\/2018\\\/07\\\/iha-race-drones-de-carreras-tienda-comprar-drones.png\",\"width\":300,\"height\":100,\"caption\":\"Iha Race\"},\"image\":{\"@id\":\"https:\\\/\\\/iha-race.com\\\/de\\\/#\\\/schema\\\/logo\\\/image\\\/\"}}]}<\/script>\n<!-- \/ Yoast SEO plugin. -->","yoast_head_json":{"title":"Samsung INR18650-25R 3.6V Refurbished (2 St\u00fcck + Aufbewahrungsbox) - Iha Race","robots":{"index":"index","follow":"follow","max-snippet":"max-snippet:-1","max-image-preview":"max-image-preview:large","max-video-preview":"max-video-preview:-1"},"canonical":"https:\/\/iha-race.com\/de\/producto\/samsung-inr18650-25r-3-6v-2-unidades-caja-de-almacenamiento\/","og_locale":"de_DE","og_type":"article","og_title":"Samsung INR18650-25R 3.6V Refurbished (2 St\u00fcck + Aufbewahrungsbox) - Iha Race","og_description":"Samsung INR18650-25R 3.6V Refurbished (2 St\u00fcck + Aufbewahrungsbox) Produktmerkmale: Zus\u00e4tzliche Informationen EAN \/ GTIN 7417940527291 Gewicht &#8211; g 44.0000 Marke Samsung Modell INR18650-25R Gr\u00f6\u00dfe der Batterie 18650 Chemie der Batterie","og_url":"https:\/\/iha-race.com\/de\/producto\/samsung-inr18650-25r-3-6v-2-unidades-caja-de-almacenamiento\/","og_site_name":"Iha Race","article_modified_time":"2025-12-28T11:05:31+00:00","og_image":[{"width":800,"height":800,"url":"https:\/\/iha-race.com\/wp-content\/uploads\/2020\/09\/baterias-samsung-inr18650-3.6V-caja-almacenamiento.jpg","type":"image\/jpeg"}],"twitter_card":"summary_large_image","twitter_misc":{"Gesch\u00e4tzte Lesezeit":"2\u00a0Minuten"},"schema":{"@context":"https:\/\/schema.org","@graph":[{"@type":"WebPage","@id":"https:\/\/iha-race.com\/de\/producto\/samsung-inr18650-25r-3-6v-2-unidades-caja-de-almacenamiento\/","url":"https:\/\/iha-race.com\/de\/producto\/samsung-inr18650-25r-3-6v-2-unidades-caja-de-almacenamiento\/","name":"Samsung INR18650-25R 3.6V Refurbished (2 St\u00fcck + Aufbewahrungsbox) - Iha Race","isPartOf":{"@id":"https:\/\/iha-race.com\/de\/#website"},"primaryImageOfPage":{"@id":"https:\/\/iha-race.com\/de\/producto\/samsung-inr18650-25r-3-6v-2-unidades-caja-de-almacenamiento\/#primaryimage"},"image":{"@id":"https:\/\/iha-race.com\/de\/producto\/samsung-inr18650-25r-3-6v-2-unidades-caja-de-almacenamiento\/#primaryimage"},"thumbnailUrl":"https:\/\/iha-race.com\/wp-content\/uploads\/2020\/09\/baterias-samsung-inr18650-3.6V-caja-almacenamiento.jpg","datePublished":"2020-09-11T11:08:35+00:00","dateModified":"2025-12-28T11:05:31+00:00","breadcrumb":{"@id":"https:\/\/iha-race.com\/de\/producto\/samsung-inr18650-25r-3-6v-2-unidades-caja-de-almacenamiento\/#breadcrumb"},"inLanguage":"de","potentialAction":[{"@type":"ReadAction","target":["https:\/\/iha-race.com\/de\/producto\/samsung-inr18650-25r-3-6v-2-unidades-caja-de-almacenamiento\/"]}]},{"@type":"ImageObject","inLanguage":"de","@id":"https:\/\/iha-race.com\/de\/producto\/samsung-inr18650-25r-3-6v-2-unidades-caja-de-almacenamiento\/#primaryimage","url":"https:\/\/iha-race.com\/wp-content\/uploads\/2020\/09\/baterias-samsung-inr18650-3.6V-caja-almacenamiento.jpg","contentUrl":"https:\/\/iha-race.com\/wp-content\/uploads\/2020\/09\/baterias-samsung-inr18650-3.6V-caja-almacenamiento.jpg","width":800,"height":800},{"@type":"BreadcrumbList","@id":"https:\/\/iha-race.com\/de\/producto\/samsung-inr18650-25r-3-6v-2-unidades-caja-de-almacenamiento\/#breadcrumb","itemListElement":[{"@type":"ListItem","position":1,"name":"Portada","item":"https:\/\/iha-race.com\/de\/elementor-499\/"},{"@type":"ListItem","position":2,"name":"Shop","item":"https:\/\/iha-race.com\/de\/shop\/"},{"@type":"ListItem","position":3,"name":"Samsung INR18650-25R 3.6V Refurbished (2 St\u00fcck + Aufbewahrungsbox)"}]},{"@type":"WebSite","@id":"https:\/\/iha-race.com\/de\/#website","url":"https:\/\/iha-race.com\/de\/","name":"Iha Race","description":"Comprar drones de carreras FPV env\u00edos en un d\u00eda desde Espa\u00f1a","publisher":{"@id":"https:\/\/iha-race.com\/de\/#organization"},"potentialAction":[{"@type":"SearchAction","target":{"@type":"EntryPoint","urlTemplate":"https:\/\/iha-race.com\/de\/?s={search_term_string}"},"query-input":{"@type":"PropertyValueSpecification","valueRequired":true,"valueName":"search_term_string"}}],"inLanguage":"de"},{"@type":"Organization","@id":"https:\/\/iha-race.com\/de\/#organization","name":"Iha Race","url":"https:\/\/iha-race.com\/de\/","logo":{"@type":"ImageObject","inLanguage":"de","@id":"https:\/\/iha-race.com\/de\/#\/schema\/logo\/image\/","url":"https:\/\/iha-race.com\/wp-content\/uploads\/2018\/07\/iha-race-drones-de-carreras-tienda-comprar-drones.png","contentUrl":"https:\/\/iha-race.com\/wp-content\/uploads\/2018\/07\/iha-race-drones-de-carreras-tienda-comprar-drones.png","width":300,"height":100,"caption":"Iha Race"},"image":{"@id":"https:\/\/iha-race.com\/de\/#\/schema\/logo\/image\/"}}]}},"brands":[],"_links":{"self":[{"href":"https:\/\/iha-race.com\/de\/wp-json\/wp\/v2\/product\/208407","targetHints":{"allow":["GET"]}}],"collection":[{"href":"https:\/\/iha-race.com\/de\/wp-json\/wp\/v2\/product"}],"about":[{"href":"https:\/\/iha-race.com\/de\/wp-json\/wp\/v2\/types\/product"}],"replies":[{"embeddable":true,"href":"https:\/\/iha-race.com\/de\/wp-json\/wp\/v2\/comments?post=208407"}],"version-history":[{"count":6,"href":"https:\/\/iha-race.com\/de\/wp-json\/wp\/v2\/product\/208407\/revisions"}],"predecessor-version":[{"id":249832,"href":"https:\/\/iha-race.com\/de\/wp-json\/wp\/v2\/product\/208407\/revisions\/249832"}],"wp:featuredmedia":[{"embeddable":true,"href":"https:\/\/iha-race.com\/de\/wp-json\/wp\/v2\/media\/125828"}],"wp:attachment":[{"href":"https:\/\/iha-race.com\/de\/wp-json\/wp\/v2\/media?parent=208407"}],"wp:term":[{"taxonomy":"pwb-brand","embeddable":true,"href":"https:\/\/iha-race.com\/de\/wp-json\/wp\/v2\/pwb-brand?post=208407"},{"taxonomy":"product_cat","embeddable":true,"href":"https:\/\/iha-race.com\/de\/wp-json\/wp\/v2\/product_cat?post=208407"},{"taxonomy":"product_tag","embeddable":true,"href":"https:\/\/iha-race.com\/de\/wp-json\/wp\/v2\/product_tag?post=208407"}],"curies":[{"name":"wp","href":"https:\/\/api.w.org\/{rel}","templated":true}]}}