{"id":208389,"date":"2020-10-05T10:16:47","date_gmt":"2020-10-05T08:16:47","guid":{"rendered":"https:\/\/iha-race.com\/producto\/bec-platine-fuer-gopro-hero-8\/"},"modified":"2024-08-29T15:58:14","modified_gmt":"2024-08-29T13:58:14","slug":"bec-platte-fur-gopro-hero-8","status":"publish","type":"product","link":"https:\/\/iha-race.com\/de\/producto\/bec-platte-fur-gopro-hero-8\/","title":{"rendered":"BEC-Platine f\u00fcr GoPro Hero 8"},"content":{"rendered":"<h2>BEC-Platine f\u00fcr GoPro Hero 8<\/h2>\n<p>  BETAFPV hat auch ein neues BEC-Board f\u00fcr die GoPro HERO8 entwickelt. Sie m\u00fcssen sich keine Sorgen mehr machen, dass sich Ihre GoPro w\u00e4hrend eines Fluges ausschaltet. Dieses BEC-Board wiegt nur etwa 1,5 g und macht Ihre nackte GoPro super aufger\u00e4umt und leicht. Dieses BEC-Board verf\u00fcgt \u00fcber ein integriertes 5V @ 2A BEC, Standard GoPro-Tasten, steckbare LED-Anschl\u00fcsse und Fernaufzeichnung.  <em>Hinweis: Das BEC-Board f\u00fcr die HERO8 passt nicht in das Case V2.<\/em><\/p>\n<p><img fetchpriority=\"high\" decoding=\"async\" class=\"alignnone wp-image-54622 size-full\" src=\"https:\/\/iha-race.com\/wp-content\/uploads\/2020\/10\/gopro8.jpg\" alt=\"\" width=\"1024\" height=\"576\" srcset=\"https:\/\/iha-race.com\/wp-content\/uploads\/2020\/10\/gopro8.jpg 1024w, https:\/\/iha-race.com\/wp-content\/uploads\/2020\/10\/gopro8-599x337.jpg 599w, https:\/\/iha-race.com\/wp-content\/uploads\/2020\/10\/gopro8-300x169.jpg 300w, https:\/\/iha-race.com\/wp-content\/uploads\/2020\/10\/gopro8-768x432.jpg 768w, https:\/\/iha-race.com\/wp-content\/uploads\/2020\/10\/gopro8-1536x864.jpg 1536w, https:\/\/iha-race.com\/wp-content\/uploads\/2020\/10\/gopro8-2048x1152.jpg 2048w, https:\/\/iha-race.com\/wp-content\/uploads\/2020\/10\/gopro8-788x443.jpg 788w\" sizes=\"(max-width: 1024px) 100vw, 1024px\" \/><\/p>\n<h2>Eigenschaften des Hero 8 BEC-Boards:<\/h2>\n<ul>\n<li>Die BEC-Platte ist speziell f\u00fcr Naked GoPro HERO6 \/ 7\/8, die etwa 1,5 g wiegt, macht Ihre GoPro naked leichter und einfacher auf Ihre Drohne zu installieren.<\/li>\n<li>Die BEC-Ausgangsspannung betr\u00e4gt 5V @ 2A, um einen Stromausfall aufgrund einer unzureichenden Stromversorgung f\u00fcr das FC-Board zu vermeiden. Dar\u00fcber hinaus sind die Standardtasten und LEDs integriert.<\/li>\n<li>Integrierte GoPro Standardtasten, Power\/Modus-Taste und Aufnahmetaste.<\/li>\n<li>Eingebaute GoPro-LED f\u00fcr den Kamerastatus.<\/li>\n<li>Das Pad steht den Piloten zur Verf\u00fcgung, um die GoPro-Aufnahme \u00fcber den Funksender zu steuern.<\/li>\n<li>Der Steckverbinder erleichtert die Verbindung mit Ihrem Flugcontroller zur Stromversorgung und Aufzeichnung.<\/li>\n<\/ul>\n<h2>Spezifikationen der Karte:<\/h2>\n<ul>\n<li>Artikel: BEC-Platine f\u00fcr nackte Kammer<\/li>\n<li>Gewicht: 1,57 g<\/li>\n<li>Ausgang: 5 V bei 2 A<\/li>\n<li>Eingangsspannung: 2-4S<\/li>\n<li>Stecker: GH 1.25 3P Stecker<\/li>\n<\/ul>\n<p><img decoding=\"async\" class=\"alignnone wp-image-54623 size-full\" src=\"https:\/\/iha-race.com\/wp-content\/uploads\/2020\/10\/peso-placa-bec-hero8.jpg\" alt=\"\" width=\"600\" height=\"219\" srcset=\"https:\/\/iha-race.com\/wp-content\/uploads\/2020\/10\/peso-placa-bec-hero8.jpg 600w, https:\/\/iha-race.com\/wp-content\/uploads\/2020\/10\/peso-placa-bec-hero8-300x110.jpg 300w, https:\/\/iha-race.com\/wp-content\/uploads\/2020\/10\/peso-placa-bec-hero8-1024x374.jpg 1024w, https:\/\/iha-race.com\/wp-content\/uploads\/2020\/10\/peso-placa-bec-hero8-767x280.jpg 767w, https:\/\/iha-race.com\/wp-content\/uploads\/2020\/10\/peso-placa-bec-hero8-1536x561.jpg 1536w, https:\/\/iha-race.com\/wp-content\/uploads\/2020\/10\/peso-placa-bec-hero8-2048x748.jpg 2048w, https:\/\/iha-race.com\/wp-content\/uploads\/2020\/10\/peso-placa-bec-hero8-788x287.jpg 788w\" sizes=\"(max-width: 600px) 100vw, 600px\" \/><\/p>\n<p>&nbsp;<\/p>\n<h2 class=\"p16ugcud\" style=\"text-align: start;\" data-key=\"112\" data-type=\"paragraph\">BEC-Platinenplan<\/h2>\n<div class=\"p16ugcud\" style=\"text-align: start;\" data-key=\"112\" data-type=\"paragraph\">\n<div class=\"p16ugcud\" data-type=\"paragraph\" data-key=\"112\">  Die beiden Tasten auf der BEC-Platine haben die gleichen Funktionen wie die GoPro Ersatztasten. Drei Aktionen, die wir h\u00e4ufig verwenden werden.  <\/p>\n<ul>\n<li>Einschalten: Dr\u00fccken Sie die Power-\/Modus-Taste, die LED blinkt dreimal und schaltet sich aus.<\/li>\n<li>Starten Sie die Aufnahme: Dr\u00fccken Sie die Aufnahmetaste einmal und die LED blinkt langsam. Wenn die LED einmal blinkt und dann erlischt, ist keine SD-Karte vorhanden.<\/li>\n<li>Aufnahme beenden: Dr\u00fccken Sie die Taste &#8222;Aufnahme&#8220;, die LED h\u00f6rt langsam auf zu blinken.<\/li>\n<\/ul>\n<p><strong>BEC-Platine f\u00fcr GoPro HERO8<\/strong><\/p>\n<p><img decoding=\"async\" class=\"alignnone wp-image-54624 size-full\" src=\"https:\/\/iha-race.com\/wp-content\/uploads\/2020\/10\/diagrama-bec-hero-8.jpg\" alt=\"\" width=\"1024\" height=\"574\" srcset=\"https:\/\/iha-race.com\/wp-content\/uploads\/2020\/10\/diagrama-bec-hero-8.jpg 1024w, https:\/\/iha-race.com\/wp-content\/uploads\/2020\/10\/diagrama-bec-hero-8-599x336.jpg 599w, https:\/\/iha-race.com\/wp-content\/uploads\/2020\/10\/diagrama-bec-hero-8-300x168.jpg 300w, https:\/\/iha-race.com\/wp-content\/uploads\/2020\/10\/diagrama-bec-hero-8-767x430.jpg 767w, https:\/\/iha-race.com\/wp-content\/uploads\/2020\/10\/diagrama-bec-hero-8-1536x861.jpg 1536w, https:\/\/iha-race.com\/wp-content\/uploads\/2020\/10\/diagrama-bec-hero-8-2048x1148.jpg 2048w, https:\/\/iha-race.com\/wp-content\/uploads\/2020\/10\/diagrama-bec-hero-8-788x441.jpg 788w\" sizes=\"(max-width: 1024px) 100vw, 1024px\" \/><\/p>\n<h2>LED-Status<\/h2>\n<p><span class=\"tran\" data-group=\"15_14\">Bringen Sie <\/span><span class=\"tran\" data-group=\"13_16_12\">unter <\/span><span class=\"tran\" data-group=\"14_13\">normalen <\/span><span class=\"tran\" data-group=\"15_14\">Betriebsbedingungen <\/span> zun\u00e4chst den GH1.25 Stecker an der GoPro Lite Kamera<span class=\"tran\" data-group=\"15_14\"> an <\/span>und verbinden Sie ihn dann mit dem Akku. Die LED blinkt einmal, dann m\u00fcssen Sie die Power\/Mode-Taste einmal pro Sekunde dr\u00fccken, um das Ger\u00e4t einzuschalten. Die LED auf der BEC-Platine hat den gleichen Status wie die Standard-LED auf der GoPro Hauptplatine.  <img loading=\"lazy\" decoding=\"async\" class=\"alignnone wp-image-54625 size-full\" src=\"https:\/\/iha-race.com\/wp-content\/uploads\/2020\/10\/estado-del-led.jpg\" alt=\"\" width=\"718\" height=\"532\" srcset=\"https:\/\/iha-race.com\/wp-content\/uploads\/2020\/10\/estado-del-led.jpg 718w, https:\/\/iha-race.com\/wp-content\/uploads\/2020\/10\/estado-del-led-599x444.jpg 599w, https:\/\/iha-race.com\/wp-content\/uploads\/2020\/10\/estado-del-led-300x222.jpg 300w, https:\/\/iha-race.com\/wp-content\/uploads\/2020\/10\/estado-del-led-1024x759.jpg 1024w, https:\/\/iha-race.com\/wp-content\/uploads\/2020\/10\/estado-del-led-768x569.jpg 768w, https:\/\/iha-race.com\/wp-content\/uploads\/2020\/10\/estado-del-led-1536x1138.jpg 1536w, https:\/\/iha-race.com\/wp-content\/uploads\/2020\/10\/estado-del-led-2048x1517.jpg 2048w, https:\/\/iha-race.com\/wp-content\/uploads\/2020\/10\/estado-del-led-788x583.jpg 788w\" sizes=\"(max-width: 718px) 100vw, 718px\" \/><\/p>\n<h2 class=\"p16ugcud\" data-key=\"114\" data-type=\"paragraph\">So richten Sie die Fernaufzeichnung ein<\/h2>\n<div class=\"p16ugcud\" data-key=\"114\" data-type=\"paragraph\">  Der Pilot konnte den Schalter am Funksender benutzen, um die Aufzeichnung zu starten\/stoppen. Es ist eine weitere Konfiguration erforderlich. Wenn Sie z.B. <a href=\"https:\/\/iha-race.com\/producto\/control-de-vuelo-betafpv-f405-v2-4s\/\">F4 FC V2.0<\/a> auf der Drohne verwenden, wie z.B. die 95X Whoop Drohne, ist der Anschlussplan unten dargestellt. Das gelbe Kabel (Stiftfeld FC B12) ist nur f\u00fcr die Fernregistrierung gedacht.  <img decoding=\"async\" src=\"https:\/\/cdn.shopify.cn\/s\/files\/1\/1778\/6615\/files\/F405-_95X_-1_a54afb4f-72fa-484e-87cd-dbe5602c7ff7_480x480.jpg?v=1591671038\">  Wir verwenden die Pinio-Funktion in Betaflight, um die Protokollierung zu steuern. Konfigurieren Sie zun\u00e4chst die Pinio-Funktion von Pin B12 auf der FC-Karte. resource FLASH_CS 1 NONE resource PINIO 1 B12 set pinio_box = 40,255,255,255,255 save Als n\u00e4chstes weisen Sie diesem Pinio (auch bekannt als USER1) einen der Schaltkan\u00e4le Ihres Funksenders zu. Wie unten dargestellt, weisen wir den Kanal AUX4 des Funksenders dem Pinio USER1 zu.  <strong>Der Cursor im orangefarbenen Bereich bedeutet, dass die Taste losgelassen wurde, und der wei\u00dfe Bereich bedeutet, dass die Taste gedr\u00fcckt wurde.  <\/strong><strong>Behalten Sie also den Cursor im orangefarbenen Standardbereich.<\/strong><\/p>\n<p><img decoding=\"async\" src=\"https:\/\/cdn.shopify.cn\/s\/files\/1\/1778\/6615\/files\/user1.jpg?v=1590573160\">  Drittens: Pr\u00fcfen Sie, ob die Pinio-Funktion funktioniert.  <strong>Schalten Sie den Schalter um und lassen Sie den Cursor vom orangefarbenen Bereich in den wei\u00dfen Bereich und schlie\u00dflich zur\u00fcck in den orangefarbenen Bereich wandern.  <\/strong>Sie k\u00f6nnen nun den Status der LED \u00fcberpr\u00fcfen, um zu sehen, ob die Registrierung begonnen hat. Um die Aufnahme zu beenden, gehen Sie genauso vor. Wenn Sie die <a href=\"https:\/\/iha-race.com\/producto\/control-de-vuelo-betafpv-aio-12a-brushless\/\">12A F4 AIO FC <\/a>Platine verwenden, wie z.B. die 85X Whoop Drohne, werden Sie den LED_STRIP Pin (auch bekannt als A08 Pinpad) f\u00fcr die Pinio Funktion verwenden.  &nbsp;<\/p>\n<p><img decoding=\"async\" src=\"https:\/\/cdn.shopify.cn\/s\/files\/1\/1778\/6615\/files\/F4_AIO_FC_12A_V2_-_85X_-1_593a9c38-53be-42dc-a5d5-15bf14859862_480x480.jpg?v=1590543017\">  resource LED_STRIP 1 NONE resource PINIO 1 A08 set pinio_box = 40,255,255,255 store  <\/p>\n<h2>Teile der Serie Nackte Kamera<\/h2>\n<p>  Wir wissen, dass einige der Piloten eine Frage dazu haben, wie sie das Geh\u00e4use der Nacktkamera bekommen k\u00f6nnen, oder dass einige die Nacktkamera direkt mitnehmen m\u00f6chten. Hier sind einige weitere Optionen f\u00fcr eine bessere Installation.  <\/p>\n<ul>\n<li><a href=\"https:\/\/iha-race.com\/producto\/quadcopter-beta95x-v2-whoop-para-gopro-hero\/\">Beta95X f\u00fcr nackte Kamera  <\/a><\/li>\n<li><a href=\"https:\/\/iha-race.com\/producto\/junta-bec-para-gopro-hero-6-y-hero-7\/\">BEC-Platine f\u00fcr nackte Kamera  <\/a><\/li>\n<li><a href=\"https:\/\/iha-race.com\/producto\/estuche-para-camara-gopro-lite\/\">Nackte Kameratasche<\/a><\/li>\n<\/ul>\n<h2>Demontage der GoPro HERO 6\/8 Black<\/h2>\n<p>  Besonderen Dank an JONAH BLAESER, der die Methode zur Demontage der GoPro HERO6 \/ 8 Black zur Verf\u00fcgung gestellt hat. Wenn Sie daran interessiert sind, finden Sie unter diesem Link die genauen Schritte zur Erstellung Ihrer eigenen nackten GoPro. <a href=\"https:\/\/www.facebook.com\/notes\/naked-cinewhoop-community-gopro-insta360-and-the-others\/gopro-hero6-black-disassembly-guide\/278177150142498\/\">GoPro HERO6 Black Demontageanleitung<\/a> Wir bieten auch die GoPro HERO8 Black Demontagemethode an.<br \/>\nWenn Sie daran interessiert sind, sehen Sie sich den Link an. <a title=\"GoPro Hero8 Black Anleitung f\u00fcr die Demontage\" href=\"https:\/\/drive.google.com\/file\/d\/1SbetTFhECogr-prt_DqIpXEdTE3Jd8EF\/view?fbclid=IwAR0sOXk296xgcrXXDbRanmnYhMVzmSibe6zTS1s-RfiPeJYQgtsDIv5CQIQ\" target=\"_blank\" rel=\"noopener noreferrer\">GoPro HERO8 Black Anleitung zur Demontage<\/a> Hinweis: Dies geschieht auf eigene Gefahr.  Sie verlieren die Garantie auf Ihre GoPro und m\u00fcssen die Kamera m\u00f6glicherweise sperren, wenn etwas schief geht. Diese Anleitung ist nicht von GoPro autorisiert und es gibt keine Garantie, dass Ihre Kamera danach funktioniert. BETAFPV kann f\u00fcr diese Aktion nicht verantwortlich gemacht werden. So montieren Sie die BEC-Platine in einer nackten Kammer:  <img loading=\"lazy\" decoding=\"async\" class=\"alignnone wp-image-54626 size-full\" src=\"https:\/\/iha-race.com\/wp-content\/uploads\/2020\/10\/montaje-bec-camara-desnuda.jpg\" alt=\"\" width=\"600\" height=\"446\" srcset=\"https:\/\/iha-race.com\/wp-content\/uploads\/2020\/10\/montaje-bec-camara-desnuda.jpg 600w, https:\/\/iha-race.com\/wp-content\/uploads\/2020\/10\/montaje-bec-camara-desnuda-599x445.jpg 599w, https:\/\/iha-race.com\/wp-content\/uploads\/2020\/10\/montaje-bec-camara-desnuda-300x223.jpg 300w, https:\/\/iha-race.com\/wp-content\/uploads\/2020\/10\/montaje-bec-camara-desnuda-1024x761.jpg 1024w, https:\/\/iha-race.com\/wp-content\/uploads\/2020\/10\/montaje-bec-camara-desnuda-767x570.jpg 767w, https:\/\/iha-race.com\/wp-content\/uploads\/2020\/10\/montaje-bec-camara-desnuda-1536x1142.jpg 1536w, https:\/\/iha-race.com\/wp-content\/uploads\/2020\/10\/montaje-bec-camara-desnuda-2048x1522.jpg 2048w, https:\/\/iha-race.com\/wp-content\/uploads\/2020\/10\/montaje-bec-camara-desnuda-788x585.jpg 788w\" sizes=\"(max-width: 600px) 100vw, 600px\" \/><\/p>\n<h2>Das Paket enth\u00e4lt:<\/h2>\n<\/div>\n<div class=\"p16ugcud\" data-key=\"114\" data-type=\"paragraph\">\n<ul>\n<li>1 * BEC-Platine f\u00fcr GoPro HERO8<\/li>\n<li>1 * Netzkabel GH1.25 (80 mm 30 AWG)<\/li>\n<li>3 * M1,4 * 4 Schrauben<\/li>\n<\/ul>\n<p><img loading=\"lazy\" decoding=\"async\" class=\"alignnone wp-image-54627 size-full\" src=\"https:\/\/iha-race.com\/wp-content\/uploads\/2020\/10\/incluido-en-el-paquete.jpg\" alt=\"\" width=\"600\" height=\"354\" srcset=\"https:\/\/iha-race.com\/wp-content\/uploads\/2020\/10\/incluido-en-el-paquete.jpg 600w, https:\/\/iha-race.com\/wp-content\/uploads\/2020\/10\/incluido-en-el-paquete-300x177.jpg 300w, https:\/\/iha-race.com\/wp-content\/uploads\/2020\/10\/incluido-en-el-paquete-1024x604.jpg 1024w, https:\/\/iha-race.com\/wp-content\/uploads\/2020\/10\/incluido-en-el-paquete-768x453.jpg 768w, https:\/\/iha-race.com\/wp-content\/uploads\/2020\/10\/incluido-en-el-paquete-1536x906.jpg 1536w, https:\/\/iha-race.com\/wp-content\/uploads\/2020\/10\/incluido-en-el-paquete-2048x1208.jpg 2048w, https:\/\/iha-race.com\/wp-content\/uploads\/2020\/10\/incluido-en-el-paquete-788x464.jpg 788w\" sizes=\"(max-width: 600px) 100vw, 600px\" \/><\/p>\n<p>&nbsp;<\/p>\n<\/div>\n<\/div>\n<\/div>\n","protected":false},"excerpt":{"rendered":"<p>BEC-Platine f\u00fcr GoPro Hero 8 BETAFPV hat auch ein neues BEC-Board f\u00fcr die GoPro HERO8 entwickelt. Sie m\u00fcssen sich keine Sorgen mehr machen, dass sich Ihre GoPro w\u00e4hrend eines Fluges<\/p>\n","protected":false},"featured_media":124754,"comment_status":"open","ping_status":"closed","template":"","meta":{"_joinchat":[]},"pwb-brand":[],"product_cat":[2554,2578],"product_tag":[],"class_list":{"0":"post-208389","1":"product","2":"type-product","3":"status-publish","4":"has-post-thumbnail","6":"product_cat-fpv-kameras-de","7":"product_cat-kamera-ersatzteile","9":"first","10":"instock","11":"taxable","12":"shipping-taxable","13":"purchasable","14":"product-type-simple"},"barcode":null,"atum_controlled":true,"out_stock_date":null,"out_stock_threshold":null,"inheritable":false,"stock_on_hold":0,"sold_today":0,"sales_last_days":0,"out_stock_days":0,"lost_sales":0,"update_date":"2026-04-25T20:28:34","atum_locations":[],"atum_stock_status":"instock","restock_status":false,"low_stock_amount":"","sales_update_date":"2026-04-25T20:28:34","calc_backorders":null,"yoast_head":"<!-- This site is optimized with the Yoast SEO plugin v27.3 - https:\/\/yoast.com\/product\/yoast-seo-wordpress\/ -->\n<title>BEC-Platine f\u00fcr GoPro Hero 8 - Iha Race<\/title>\n<meta name=\"robots\" content=\"index, follow, max-snippet:-1, max-image-preview:large, max-video-preview:-1\" \/>\n<link rel=\"canonical\" href=\"https:\/\/iha-race.com\/de\/producto\/bec-platte-fur-gopro-hero-8\/\" \/>\n<meta property=\"og:locale\" content=\"de_DE\" \/>\n<meta property=\"og:type\" content=\"article\" \/>\n<meta property=\"og:title\" content=\"BEC-Platine f\u00fcr GoPro Hero 8 - Iha Race\" \/>\n<meta property=\"og:description\" content=\"BEC-Platine f\u00fcr GoPro Hero 8 BETAFPV hat auch ein neues BEC-Board f\u00fcr die GoPro HERO8 entwickelt. Sie m\u00fcssen sich keine Sorgen mehr machen, dass sich Ihre GoPro w\u00e4hrend eines Fluges\" \/>\n<meta property=\"og:url\" content=\"https:\/\/iha-race.com\/de\/producto\/bec-platte-fur-gopro-hero-8\/\" \/>\n<meta property=\"og:site_name\" content=\"Iha Race\" \/>\n<meta property=\"article:modified_time\" content=\"2024-08-29T13:58:14+00:00\" \/>\n<meta property=\"og:image\" content=\"https:\/\/iha-race.com\/wp-content\/uploads\/2020\/10\/junta-bec-gopro-hero8-1.jpg\" \/>\n\t<meta property=\"og:image:width\" content=\"800\" \/>\n\t<meta property=\"og:image:height\" content=\"800\" \/>\n\t<meta property=\"og:image:type\" content=\"image\/jpeg\" \/>\n<meta name=\"twitter:card\" content=\"summary_large_image\" \/>\n<meta name=\"twitter:label1\" content=\"Gesch\u00e4tzte Lesezeit\" \/>\n\t<meta name=\"twitter:data1\" content=\"4\u00a0Minuten\" \/>\n<script type=\"application\/ld+json\" class=\"yoast-schema-graph\">{\"@context\":\"https:\\\/\\\/schema.org\",\"@graph\":[{\"@type\":\"WebPage\",\"@id\":\"https:\\\/\\\/iha-race.com\\\/de\\\/producto\\\/bec-platte-fur-gopro-hero-8\\\/\",\"url\":\"https:\\\/\\\/iha-race.com\\\/de\\\/producto\\\/bec-platte-fur-gopro-hero-8\\\/\",\"name\":\"BEC-Platine f\u00fcr GoPro Hero 8 - Iha Race\",\"isPartOf\":{\"@id\":\"https:\\\/\\\/iha-race.com\\\/de\\\/#website\"},\"primaryImageOfPage\":{\"@id\":\"https:\\\/\\\/iha-race.com\\\/de\\\/producto\\\/bec-platte-fur-gopro-hero-8\\\/#primaryimage\"},\"image\":{\"@id\":\"https:\\\/\\\/iha-race.com\\\/de\\\/producto\\\/bec-platte-fur-gopro-hero-8\\\/#primaryimage\"},\"thumbnailUrl\":\"https:\\\/\\\/iha-race.com\\\/wp-content\\\/uploads\\\/2020\\\/10\\\/junta-bec-gopro-hero8-1.jpg\",\"datePublished\":\"2020-10-05T08:16:47+00:00\",\"dateModified\":\"2024-08-29T13:58:14+00:00\",\"breadcrumb\":{\"@id\":\"https:\\\/\\\/iha-race.com\\\/de\\\/producto\\\/bec-platte-fur-gopro-hero-8\\\/#breadcrumb\"},\"inLanguage\":\"de\",\"potentialAction\":[{\"@type\":\"ReadAction\",\"target\":[\"https:\\\/\\\/iha-race.com\\\/de\\\/producto\\\/bec-platte-fur-gopro-hero-8\\\/\"]}]},{\"@type\":\"ImageObject\",\"inLanguage\":\"de\",\"@id\":\"https:\\\/\\\/iha-race.com\\\/de\\\/producto\\\/bec-platte-fur-gopro-hero-8\\\/#primaryimage\",\"url\":\"https:\\\/\\\/iha-race.com\\\/wp-content\\\/uploads\\\/2020\\\/10\\\/junta-bec-gopro-hero8-1.jpg\",\"contentUrl\":\"https:\\\/\\\/iha-race.com\\\/wp-content\\\/uploads\\\/2020\\\/10\\\/junta-bec-gopro-hero8-1.jpg\",\"width\":800,\"height\":800},{\"@type\":\"BreadcrumbList\",\"@id\":\"https:\\\/\\\/iha-race.com\\\/de\\\/producto\\\/bec-platte-fur-gopro-hero-8\\\/#breadcrumb\",\"itemListElement\":[{\"@type\":\"ListItem\",\"position\":1,\"name\":\"Portada\",\"item\":\"https:\\\/\\\/iha-race.com\\\/de\\\/elementor-499\\\/\"},{\"@type\":\"ListItem\",\"position\":2,\"name\":\"Shop\",\"item\":\"https:\\\/\\\/iha-race.com\\\/de\\\/shop\\\/\"},{\"@type\":\"ListItem\",\"position\":3,\"name\":\"BEC-Platine f\u00fcr GoPro Hero 8\"}]},{\"@type\":\"WebSite\",\"@id\":\"https:\\\/\\\/iha-race.com\\\/de\\\/#website\",\"url\":\"https:\\\/\\\/iha-race.com\\\/de\\\/\",\"name\":\"Iha Race\",\"description\":\"Comprar drones de carreras FPV env\u00edos en un d\u00eda desde Espa\u00f1a\",\"publisher\":{\"@id\":\"https:\\\/\\\/iha-race.com\\\/de\\\/#organization\"},\"potentialAction\":[{\"@type\":\"SearchAction\",\"target\":{\"@type\":\"EntryPoint\",\"urlTemplate\":\"https:\\\/\\\/iha-race.com\\\/de\\\/?s={search_term_string}\"},\"query-input\":{\"@type\":\"PropertyValueSpecification\",\"valueRequired\":true,\"valueName\":\"search_term_string\"}}],\"inLanguage\":\"de\"},{\"@type\":\"Organization\",\"@id\":\"https:\\\/\\\/iha-race.com\\\/de\\\/#organization\",\"name\":\"Iha Race\",\"url\":\"https:\\\/\\\/iha-race.com\\\/de\\\/\",\"logo\":{\"@type\":\"ImageObject\",\"inLanguage\":\"de\",\"@id\":\"https:\\\/\\\/iha-race.com\\\/de\\\/#\\\/schema\\\/logo\\\/image\\\/\",\"url\":\"https:\\\/\\\/iha-race.com\\\/wp-content\\\/uploads\\\/2018\\\/07\\\/iha-race-drones-de-carreras-tienda-comprar-drones.png\",\"contentUrl\":\"https:\\\/\\\/iha-race.com\\\/wp-content\\\/uploads\\\/2018\\\/07\\\/iha-race-drones-de-carreras-tienda-comprar-drones.png\",\"width\":300,\"height\":100,\"caption\":\"Iha Race\"},\"image\":{\"@id\":\"https:\\\/\\\/iha-race.com\\\/de\\\/#\\\/schema\\\/logo\\\/image\\\/\"}}]}<\/script>\n<!-- \/ Yoast SEO plugin. -->","yoast_head_json":{"title":"BEC-Platine f\u00fcr GoPro Hero 8 - Iha Race","robots":{"index":"index","follow":"follow","max-snippet":"max-snippet:-1","max-image-preview":"max-image-preview:large","max-video-preview":"max-video-preview:-1"},"canonical":"https:\/\/iha-race.com\/de\/producto\/bec-platte-fur-gopro-hero-8\/","og_locale":"de_DE","og_type":"article","og_title":"BEC-Platine f\u00fcr GoPro Hero 8 - Iha Race","og_description":"BEC-Platine f\u00fcr GoPro Hero 8 BETAFPV hat auch ein neues BEC-Board f\u00fcr die GoPro HERO8 entwickelt. Sie m\u00fcssen sich keine Sorgen mehr machen, dass sich Ihre GoPro w\u00e4hrend eines Fluges","og_url":"https:\/\/iha-race.com\/de\/producto\/bec-platte-fur-gopro-hero-8\/","og_site_name":"Iha Race","article_modified_time":"2024-08-29T13:58:14+00:00","og_image":[{"width":800,"height":800,"url":"https:\/\/iha-race.com\/wp-content\/uploads\/2020\/10\/junta-bec-gopro-hero8-1.jpg","type":"image\/jpeg"}],"twitter_card":"summary_large_image","twitter_misc":{"Gesch\u00e4tzte Lesezeit":"4\u00a0Minuten"},"schema":{"@context":"https:\/\/schema.org","@graph":[{"@type":"WebPage","@id":"https:\/\/iha-race.com\/de\/producto\/bec-platte-fur-gopro-hero-8\/","url":"https:\/\/iha-race.com\/de\/producto\/bec-platte-fur-gopro-hero-8\/","name":"BEC-Platine f\u00fcr GoPro Hero 8 - Iha Race","isPartOf":{"@id":"https:\/\/iha-race.com\/de\/#website"},"primaryImageOfPage":{"@id":"https:\/\/iha-race.com\/de\/producto\/bec-platte-fur-gopro-hero-8\/#primaryimage"},"image":{"@id":"https:\/\/iha-race.com\/de\/producto\/bec-platte-fur-gopro-hero-8\/#primaryimage"},"thumbnailUrl":"https:\/\/iha-race.com\/wp-content\/uploads\/2020\/10\/junta-bec-gopro-hero8-1.jpg","datePublished":"2020-10-05T08:16:47+00:00","dateModified":"2024-08-29T13:58:14+00:00","breadcrumb":{"@id":"https:\/\/iha-race.com\/de\/producto\/bec-platte-fur-gopro-hero-8\/#breadcrumb"},"inLanguage":"de","potentialAction":[{"@type":"ReadAction","target":["https:\/\/iha-race.com\/de\/producto\/bec-platte-fur-gopro-hero-8\/"]}]},{"@type":"ImageObject","inLanguage":"de","@id":"https:\/\/iha-race.com\/de\/producto\/bec-platte-fur-gopro-hero-8\/#primaryimage","url":"https:\/\/iha-race.com\/wp-content\/uploads\/2020\/10\/junta-bec-gopro-hero8-1.jpg","contentUrl":"https:\/\/iha-race.com\/wp-content\/uploads\/2020\/10\/junta-bec-gopro-hero8-1.jpg","width":800,"height":800},{"@type":"BreadcrumbList","@id":"https:\/\/iha-race.com\/de\/producto\/bec-platte-fur-gopro-hero-8\/#breadcrumb","itemListElement":[{"@type":"ListItem","position":1,"name":"Portada","item":"https:\/\/iha-race.com\/de\/elementor-499\/"},{"@type":"ListItem","position":2,"name":"Shop","item":"https:\/\/iha-race.com\/de\/shop\/"},{"@type":"ListItem","position":3,"name":"BEC-Platine f\u00fcr GoPro Hero 8"}]},{"@type":"WebSite","@id":"https:\/\/iha-race.com\/de\/#website","url":"https:\/\/iha-race.com\/de\/","name":"Iha Race","description":"Comprar drones de carreras FPV env\u00edos en un d\u00eda desde Espa\u00f1a","publisher":{"@id":"https:\/\/iha-race.com\/de\/#organization"},"potentialAction":[{"@type":"SearchAction","target":{"@type":"EntryPoint","urlTemplate":"https:\/\/iha-race.com\/de\/?s={search_term_string}"},"query-input":{"@type":"PropertyValueSpecification","valueRequired":true,"valueName":"search_term_string"}}],"inLanguage":"de"},{"@type":"Organization","@id":"https:\/\/iha-race.com\/de\/#organization","name":"Iha Race","url":"https:\/\/iha-race.com\/de\/","logo":{"@type":"ImageObject","inLanguage":"de","@id":"https:\/\/iha-race.com\/de\/#\/schema\/logo\/image\/","url":"https:\/\/iha-race.com\/wp-content\/uploads\/2018\/07\/iha-race-drones-de-carreras-tienda-comprar-drones.png","contentUrl":"https:\/\/iha-race.com\/wp-content\/uploads\/2018\/07\/iha-race-drones-de-carreras-tienda-comprar-drones.png","width":300,"height":100,"caption":"Iha Race"},"image":{"@id":"https:\/\/iha-race.com\/de\/#\/schema\/logo\/image\/"}}]}},"jetpack_sharing_enabled":true,"brands":[],"_links":{"self":[{"href":"https:\/\/iha-race.com\/de\/wp-json\/wp\/v2\/product\/208389","targetHints":{"allow":["GET"]}}],"collection":[{"href":"https:\/\/iha-race.com\/de\/wp-json\/wp\/v2\/product"}],"about":[{"href":"https:\/\/iha-race.com\/de\/wp-json\/wp\/v2\/types\/product"}],"replies":[{"embeddable":true,"href":"https:\/\/iha-race.com\/de\/wp-json\/wp\/v2\/comments?post=208389"}],"version-history":[{"count":2,"href":"https:\/\/iha-race.com\/de\/wp-json\/wp\/v2\/product\/208389\/revisions"}],"predecessor-version":[{"id":249789,"href":"https:\/\/iha-race.com\/de\/wp-json\/wp\/v2\/product\/208389\/revisions\/249789"}],"wp:featuredmedia":[{"embeddable":true,"href":"https:\/\/iha-race.com\/de\/wp-json\/wp\/v2\/media\/124754"}],"wp:attachment":[{"href":"https:\/\/iha-race.com\/de\/wp-json\/wp\/v2\/media?parent=208389"}],"wp:term":[{"taxonomy":"pwb-brand","embeddable":true,"href":"https:\/\/iha-race.com\/de\/wp-json\/wp\/v2\/pwb-brand?post=208389"},{"taxonomy":"product_cat","embeddable":true,"href":"https:\/\/iha-race.com\/de\/wp-json\/wp\/v2\/product_cat?post=208389"},{"taxonomy":"product_tag","embeddable":true,"href":"https:\/\/iha-race.com\/de\/wp-json\/wp\/v2\/product_tag?post=208389"}],"curies":[{"name":"wp","href":"https:\/\/api.w.org\/{rel}","templated":true}]}}