{"id":208377,"date":"2020-09-25T15:51:51","date_gmt":"2020-09-25T13:51:51","guid":{"rendered":"https:\/\/iha-race.com\/producto\/ersatz-bodenplatte-fuer-iha-race-one-x5-v2\/"},"modified":"2026-03-21T19:38:30","modified_gmt":"2026-03-21T18:38:30","slug":"ersatz-bodenplatte-fur-iha-race-one-x5-v2","status":"publish","type":"product","link":"https:\/\/iha-race.com\/de\/producto\/ersatz-bodenplatte-fur-iha-race-one-x5-v2\/","title":{"rendered":"Ersatz-Bodenplatte f\u00fcr IHA Race One X5 V2"},"content":{"rendered":"<h2>Ersatz-Bodenplatte f\u00fcr IHA Race One X5 V2<\/h2>\n<p>  Hergestellt aus Kohlefaser und f\u00fcr maximale Leistung zu jeder Zeit konzipiert. Die Schraubenl\u00f6cher sind versenkt und sorgen f\u00fcr eine absolut saubere Bodenplatte, die perfekt und ohne das Risiko einer Perforation auf Ihre Batterie passt.<\/p>\n","protected":false},"excerpt":{"rendered":"<p>Ersatz-Bodenplatte f\u00fcr IHA Race One X5 V2 Hergestellt aus Kohlefaser und f\u00fcr maximale Leistung zu jeder Zeit konzipiert. Die Schraubenl\u00f6cher sind versenkt und sorgen f\u00fcr eine absolut saubere Bodenplatte, die<\/p>\n","protected":false},"featured_media":124377,"comment_status":"open","ping_status":"closed","template":"","meta":{"_joinchat":[]},"pwb-brand":[3586],"product_cat":[2579,3669],"product_tag":[],"class_list":{"0":"post-208377","1":"product","2":"type-product","3":"status-publish","4":"has-post-thumbnail","6":"pwb-brand-iha-race","7":"product_cat-fpv-drohnen","8":"product_cat-rahmen","10":"first","11":"instock","12":"taxable","13":"shipping-taxable","14":"purchasable","15":"product-type-simple"},"barcode":null,"atum_controlled":true,"out_stock_date":null,"out_stock_threshold":null,"inheritable":false,"stock_on_hold":0,"sold_today":0,"sales_last_days":0,"out_stock_days":0,"lost_sales":0,"update_date":"2026-04-18T19:10:50","atum_locations":[],"atum_stock_status":"instock","restock_status":false,"low_stock_amount":"","sales_update_date":"2026-04-18T19:10:50","calc_backorders":null,"yoast_head":"<!-- This site is optimized with the Yoast SEO plugin v27.3 - https:\/\/yoast.com\/product\/yoast-seo-wordpress\/ -->\n<title>Ersatz-Bodenplatte f\u00fcr IHA Race One X5 V2 - Iha Race<\/title>\n<meta name=\"robots\" content=\"index, follow, max-snippet:-1, max-image-preview:large, max-video-preview:-1\" \/>\n<link rel=\"canonical\" href=\"https:\/\/iha-race.com\/de\/producto\/ersatz-bodenplatte-fur-iha-race-one-x5-v2\/\" \/>\n<meta property=\"og:locale\" content=\"de_DE\" \/>\n<meta property=\"og:type\" content=\"article\" \/>\n<meta property=\"og:title\" content=\"Ersatz-Bodenplatte f\u00fcr IHA Race One X5 V2 - Iha Race\" \/>\n<meta property=\"og:description\" content=\"Ersatz-Bodenplatte f\u00fcr IHA Race One X5 V2 Hergestellt aus Kohlefaser und f\u00fcr maximale Leistung zu jeder Zeit konzipiert. Die Schraubenl\u00f6cher sind versenkt und sorgen f\u00fcr eine absolut saubere Bodenplatte, die\" \/>\n<meta property=\"og:url\" content=\"https:\/\/iha-race.com\/de\/producto\/ersatz-bodenplatte-fur-iha-race-one-x5-v2\/\" \/>\n<meta property=\"og:site_name\" content=\"Iha Race\" \/>\n<meta property=\"article:modified_time\" content=\"2026-03-21T18:38:30+00:00\" \/>\n<meta property=\"og:image\" content=\"https:\/\/iha-race.com\/wp-content\/uploads\/2020\/09\/plato-inferior-x5-1.jpg\" \/>\n\t<meta property=\"og:image:width\" content=\"800\" \/>\n\t<meta property=\"og:image:height\" content=\"800\" \/>\n\t<meta property=\"og:image:type\" content=\"image\/jpeg\" \/>\n<meta name=\"twitter:card\" content=\"summary_large_image\" \/>\n<script type=\"application\/ld+json\" class=\"yoast-schema-graph\">{\"@context\":\"https:\\\/\\\/schema.org\",\"@graph\":[{\"@type\":\"WebPage\",\"@id\":\"https:\\\/\\\/iha-race.com\\\/de\\\/producto\\\/ersatz-bodenplatte-fur-iha-race-one-x5-v2\\\/\",\"url\":\"https:\\\/\\\/iha-race.com\\\/de\\\/producto\\\/ersatz-bodenplatte-fur-iha-race-one-x5-v2\\\/\",\"name\":\"Ersatz-Bodenplatte f\u00fcr IHA Race One X5 V2 - Iha Race\",\"isPartOf\":{\"@id\":\"https:\\\/\\\/iha-race.com\\\/de\\\/#website\"},\"primaryImageOfPage\":{\"@id\":\"https:\\\/\\\/iha-race.com\\\/de\\\/producto\\\/ersatz-bodenplatte-fur-iha-race-one-x5-v2\\\/#primaryimage\"},\"image\":{\"@id\":\"https:\\\/\\\/iha-race.com\\\/de\\\/producto\\\/ersatz-bodenplatte-fur-iha-race-one-x5-v2\\\/#primaryimage\"},\"thumbnailUrl\":\"https:\\\/\\\/iha-race.com\\\/wp-content\\\/uploads\\\/2020\\\/09\\\/plato-inferior-x5-1.jpg\",\"datePublished\":\"2020-09-25T13:51:51+00:00\",\"dateModified\":\"2026-03-21T18:38:30+00:00\",\"breadcrumb\":{\"@id\":\"https:\\\/\\\/iha-race.com\\\/de\\\/producto\\\/ersatz-bodenplatte-fur-iha-race-one-x5-v2\\\/#breadcrumb\"},\"inLanguage\":\"de\",\"potentialAction\":[{\"@type\":\"ReadAction\",\"target\":[\"https:\\\/\\\/iha-race.com\\\/de\\\/producto\\\/ersatz-bodenplatte-fur-iha-race-one-x5-v2\\\/\"]}]},{\"@type\":\"ImageObject\",\"inLanguage\":\"de\",\"@id\":\"https:\\\/\\\/iha-race.com\\\/de\\\/producto\\\/ersatz-bodenplatte-fur-iha-race-one-x5-v2\\\/#primaryimage\",\"url\":\"https:\\\/\\\/iha-race.com\\\/wp-content\\\/uploads\\\/2020\\\/09\\\/plato-inferior-x5-1.jpg\",\"contentUrl\":\"https:\\\/\\\/iha-race.com\\\/wp-content\\\/uploads\\\/2020\\\/09\\\/plato-inferior-x5-1.jpg\",\"width\":800,\"height\":800},{\"@type\":\"BreadcrumbList\",\"@id\":\"https:\\\/\\\/iha-race.com\\\/de\\\/producto\\\/ersatz-bodenplatte-fur-iha-race-one-x5-v2\\\/#breadcrumb\",\"itemListElement\":[{\"@type\":\"ListItem\",\"position\":1,\"name\":\"Portada\",\"item\":\"https:\\\/\\\/iha-race.com\\\/de\\\/elementor-499\\\/\"},{\"@type\":\"ListItem\",\"position\":2,\"name\":\"Shop\",\"item\":\"https:\\\/\\\/iha-race.com\\\/de\\\/shop\\\/\"},{\"@type\":\"ListItem\",\"position\":3,\"name\":\"Ersatz-Bodenplatte f\u00fcr IHA Race One X5 V2\"}]},{\"@type\":\"WebSite\",\"@id\":\"https:\\\/\\\/iha-race.com\\\/de\\\/#website\",\"url\":\"https:\\\/\\\/iha-race.com\\\/de\\\/\",\"name\":\"Iha Race\",\"description\":\"Comprar drones de carreras FPV env\u00edos en un d\u00eda desde Espa\u00f1a\",\"publisher\":{\"@id\":\"https:\\\/\\\/iha-race.com\\\/de\\\/#organization\"},\"potentialAction\":[{\"@type\":\"SearchAction\",\"target\":{\"@type\":\"EntryPoint\",\"urlTemplate\":\"https:\\\/\\\/iha-race.com\\\/de\\\/?s={search_term_string}\"},\"query-input\":{\"@type\":\"PropertyValueSpecification\",\"valueRequired\":true,\"valueName\":\"search_term_string\"}}],\"inLanguage\":\"de\"},{\"@type\":\"Organization\",\"@id\":\"https:\\\/\\\/iha-race.com\\\/de\\\/#organization\",\"name\":\"Iha Race\",\"url\":\"https:\\\/\\\/iha-race.com\\\/de\\\/\",\"logo\":{\"@type\":\"ImageObject\",\"inLanguage\":\"de\",\"@id\":\"https:\\\/\\\/iha-race.com\\\/de\\\/#\\\/schema\\\/logo\\\/image\\\/\",\"url\":\"https:\\\/\\\/iha-race.com\\\/wp-content\\\/uploads\\\/2018\\\/07\\\/iha-race-drones-de-carreras-tienda-comprar-drones.png\",\"contentUrl\":\"https:\\\/\\\/iha-race.com\\\/wp-content\\\/uploads\\\/2018\\\/07\\\/iha-race-drones-de-carreras-tienda-comprar-drones.png\",\"width\":300,\"height\":100,\"caption\":\"Iha Race\"},\"image\":{\"@id\":\"https:\\\/\\\/iha-race.com\\\/de\\\/#\\\/schema\\\/logo\\\/image\\\/\"}}]}<\/script>\n<!-- \/ Yoast SEO plugin. -->","yoast_head_json":{"title":"Ersatz-Bodenplatte f\u00fcr IHA Race One X5 V2 - Iha Race","robots":{"index":"index","follow":"follow","max-snippet":"max-snippet:-1","max-image-preview":"max-image-preview:large","max-video-preview":"max-video-preview:-1"},"canonical":"https:\/\/iha-race.com\/de\/producto\/ersatz-bodenplatte-fur-iha-race-one-x5-v2\/","og_locale":"de_DE","og_type":"article","og_title":"Ersatz-Bodenplatte f\u00fcr IHA Race One X5 V2 - Iha Race","og_description":"Ersatz-Bodenplatte f\u00fcr IHA Race One X5 V2 Hergestellt aus Kohlefaser und f\u00fcr maximale Leistung zu jeder Zeit konzipiert. Die Schraubenl\u00f6cher sind versenkt und sorgen f\u00fcr eine absolut saubere Bodenplatte, die","og_url":"https:\/\/iha-race.com\/de\/producto\/ersatz-bodenplatte-fur-iha-race-one-x5-v2\/","og_site_name":"Iha Race","article_modified_time":"2026-03-21T18:38:30+00:00","og_image":[{"width":800,"height":800,"url":"https:\/\/iha-race.com\/wp-content\/uploads\/2020\/09\/plato-inferior-x5-1.jpg","type":"image\/jpeg"}],"twitter_card":"summary_large_image","schema":{"@context":"https:\/\/schema.org","@graph":[{"@type":"WebPage","@id":"https:\/\/iha-race.com\/de\/producto\/ersatz-bodenplatte-fur-iha-race-one-x5-v2\/","url":"https:\/\/iha-race.com\/de\/producto\/ersatz-bodenplatte-fur-iha-race-one-x5-v2\/","name":"Ersatz-Bodenplatte f\u00fcr IHA Race One X5 V2 - Iha Race","isPartOf":{"@id":"https:\/\/iha-race.com\/de\/#website"},"primaryImageOfPage":{"@id":"https:\/\/iha-race.com\/de\/producto\/ersatz-bodenplatte-fur-iha-race-one-x5-v2\/#primaryimage"},"image":{"@id":"https:\/\/iha-race.com\/de\/producto\/ersatz-bodenplatte-fur-iha-race-one-x5-v2\/#primaryimage"},"thumbnailUrl":"https:\/\/iha-race.com\/wp-content\/uploads\/2020\/09\/plato-inferior-x5-1.jpg","datePublished":"2020-09-25T13:51:51+00:00","dateModified":"2026-03-21T18:38:30+00:00","breadcrumb":{"@id":"https:\/\/iha-race.com\/de\/producto\/ersatz-bodenplatte-fur-iha-race-one-x5-v2\/#breadcrumb"},"inLanguage":"de","potentialAction":[{"@type":"ReadAction","target":["https:\/\/iha-race.com\/de\/producto\/ersatz-bodenplatte-fur-iha-race-one-x5-v2\/"]}]},{"@type":"ImageObject","inLanguage":"de","@id":"https:\/\/iha-race.com\/de\/producto\/ersatz-bodenplatte-fur-iha-race-one-x5-v2\/#primaryimage","url":"https:\/\/iha-race.com\/wp-content\/uploads\/2020\/09\/plato-inferior-x5-1.jpg","contentUrl":"https:\/\/iha-race.com\/wp-content\/uploads\/2020\/09\/plato-inferior-x5-1.jpg","width":800,"height":800},{"@type":"BreadcrumbList","@id":"https:\/\/iha-race.com\/de\/producto\/ersatz-bodenplatte-fur-iha-race-one-x5-v2\/#breadcrumb","itemListElement":[{"@type":"ListItem","position":1,"name":"Portada","item":"https:\/\/iha-race.com\/de\/elementor-499\/"},{"@type":"ListItem","position":2,"name":"Shop","item":"https:\/\/iha-race.com\/de\/shop\/"},{"@type":"ListItem","position":3,"name":"Ersatz-Bodenplatte f\u00fcr IHA Race One X5 V2"}]},{"@type":"WebSite","@id":"https:\/\/iha-race.com\/de\/#website","url":"https:\/\/iha-race.com\/de\/","name":"Iha Race","description":"Comprar drones de carreras FPV env\u00edos en un d\u00eda desde Espa\u00f1a","publisher":{"@id":"https:\/\/iha-race.com\/de\/#organization"},"potentialAction":[{"@type":"SearchAction","target":{"@type":"EntryPoint","urlTemplate":"https:\/\/iha-race.com\/de\/?s={search_term_string}"},"query-input":{"@type":"PropertyValueSpecification","valueRequired":true,"valueName":"search_term_string"}}],"inLanguage":"de"},{"@type":"Organization","@id":"https:\/\/iha-race.com\/de\/#organization","name":"Iha Race","url":"https:\/\/iha-race.com\/de\/","logo":{"@type":"ImageObject","inLanguage":"de","@id":"https:\/\/iha-race.com\/de\/#\/schema\/logo\/image\/","url":"https:\/\/iha-race.com\/wp-content\/uploads\/2018\/07\/iha-race-drones-de-carreras-tienda-comprar-drones.png","contentUrl":"https:\/\/iha-race.com\/wp-content\/uploads\/2018\/07\/iha-race-drones-de-carreras-tienda-comprar-drones.png","width":300,"height":100,"caption":"Iha Race"},"image":{"@id":"https:\/\/iha-race.com\/de\/#\/schema\/logo\/image\/"}}]}},"jetpack_sharing_enabled":true,"brands":[{"id":3586,"name":"IHA Race","slug":"iha-race"}],"_links":{"self":[{"href":"https:\/\/iha-race.com\/de\/wp-json\/wp\/v2\/product\/208377","targetHints":{"allow":["GET"]}}],"collection":[{"href":"https:\/\/iha-race.com\/de\/wp-json\/wp\/v2\/product"}],"about":[{"href":"https:\/\/iha-race.com\/de\/wp-json\/wp\/v2\/types\/product"}],"replies":[{"embeddable":true,"href":"https:\/\/iha-race.com\/de\/wp-json\/wp\/v2\/comments?post=208377"}],"version-history":[{"count":2,"href":"https:\/\/iha-race.com\/de\/wp-json\/wp\/v2\/product\/208377\/revisions"}],"predecessor-version":[{"id":249780,"href":"https:\/\/iha-race.com\/de\/wp-json\/wp\/v2\/product\/208377\/revisions\/249780"}],"wp:featuredmedia":[{"embeddable":true,"href":"https:\/\/iha-race.com\/de\/wp-json\/wp\/v2\/media\/124377"}],"wp:attachment":[{"href":"https:\/\/iha-race.com\/de\/wp-json\/wp\/v2\/media?parent=208377"}],"wp:term":[{"taxonomy":"pwb-brand","embeddable":true,"href":"https:\/\/iha-race.com\/de\/wp-json\/wp\/v2\/pwb-brand?post=208377"},{"taxonomy":"product_cat","embeddable":true,"href":"https:\/\/iha-race.com\/de\/wp-json\/wp\/v2\/product_cat?post=208377"},{"taxonomy":"product_tag","embeddable":true,"href":"https:\/\/iha-race.com\/de\/wp-json\/wp\/v2\/product_tag?post=208377"}],"curies":[{"name":"wp","href":"https:\/\/api.w.org\/{rel}","templated":true}]}}