{"id":208376,"date":"2020-09-22T09:26:31","date_gmt":"2020-09-22T07:26:31","guid":{"rendered":"https:\/\/iha-race.com\/producto\/schweissspitzen-fuer-sq-001-sq-d60-und-ts100\/"},"modified":"2024-08-29T15:58:45","modified_gmt":"2024-08-29T13:58:45","slug":"puntas-de-soldadura-para-sq-001-sq-d60-y-ts100","status":"publish","type":"product","link":"https:\/\/iha-race.com\/de\/producto\/puntas-de-soldadura-para-sq-001-sq-d60-y-ts100\/","title":{"rendered":"Schwei\u00dfspitzen f\u00fcr SQ-001 \/ SQ-D60 und TS100"},"content":{"rendered":"<h2>Schwei\u00dfspitzen f\u00fcr SQ-001 \/ SQ-D60 und TS100<\/h2>\n<p>  Ersatz-L\u00f6tspitzenzubeh\u00f6r f\u00fcr digitale LCD-L\u00f6tkolben SQ-D60, SQ-001 B2 BC2 IK und TS100 LED DC 5525  <\/p>\n<h2>Spezifikationen der Spitze:<\/h2>\n<ul>\n<li>Farbe Silber<\/li>\n<li>Material: rostfreier Stahl, Kupfer<\/li>\n<li>L\u00e4nge: ca. 103 mm-109 mm<\/li>\n<li>Geeignet f\u00fcr: alle SQ-001, SQ-D60<\/li>\n<li>Typen: TS-B2, TS-BC2, TS-C4, TS-D24, TS-I, TS-K, TS-KU, TS-C1<\/li>\n<\/ul>\n<h2>Merkmale der Spitzen:<\/h2>\n<ul>\n<li>Keramischer Heizkern, lange Lebensdauer.<\/li>\n<li>Innenbeheizte Konstruktion mit schneller Aufheizrate ohne Blei.<\/li>\n<li>8 Typen f\u00fcr Ihre Auswahl, perfekt f\u00fcr die Verwendung von elektrischen L\u00f6tkolben SQ-D60, SQ-001 und TS100<\/li>\n<li>Es handelt sich um einen innenbeheizten Heizkern speziell f\u00fcr SQ-D60, SQ-001 und TS100, Spitze und Heizung als Ganzes.<\/li>\n<\/ul>\n<p><img fetchpriority=\"high\" decoding=\"async\" class=\"alignnone wp-image-54021 size-full\" src=\"https:\/\/iha-race.com\/wp-content\/uploads\/2020\/09\/caracteristicas-puntas-soldador.jpg\" alt=\"\" width=\"750\" height=\"1186\" srcset=\"https:\/\/iha-race.com\/wp-content\/uploads\/2020\/09\/caracteristicas-puntas-soldador.jpg 750w, https:\/\/iha-race.com\/wp-content\/uploads\/2020\/09\/caracteristicas-puntas-soldador-599x948.jpg 599w, https:\/\/iha-race.com\/wp-content\/uploads\/2020\/09\/caracteristicas-puntas-soldador-190x300.jpg 190w, https:\/\/iha-race.com\/wp-content\/uploads\/2020\/09\/caracteristicas-puntas-soldador-648x1024.jpg 648w, https:\/\/iha-race.com\/wp-content\/uploads\/2020\/09\/caracteristicas-puntas-soldador-768x1214.jpg 768w, https:\/\/iha-race.com\/wp-content\/uploads\/2020\/09\/caracteristicas-puntas-soldador-971x1536.jpg 971w, https:\/\/iha-race.com\/wp-content\/uploads\/2020\/09\/caracteristicas-puntas-soldador-1295x2048.jpg 1295w, https:\/\/iha-race.com\/wp-content\/uploads\/2020\/09\/caracteristicas-puntas-soldador-788x1246.jpg 788w\" sizes=\"(max-width: 750px) 100vw, 750px\" \/><br \/>\n<img decoding=\"async\" class=\"alignnone wp-image-54022 size-full\" src=\"https:\/\/iha-race.com\/wp-content\/uploads\/2020\/09\/esquema-puntas-de-soldador.jpg\" alt=\"\" width=\"750\" height=\"679\" srcset=\"https:\/\/iha-race.com\/wp-content\/uploads\/2020\/09\/esquema-puntas-de-soldador.jpg 750w, https:\/\/iha-race.com\/wp-content\/uploads\/2020\/09\/esquema-puntas-de-soldador-600x543.jpg 600w, https:\/\/iha-race.com\/wp-content\/uploads\/2020\/09\/esquema-puntas-de-soldador-300x272.jpg 300w, https:\/\/iha-race.com\/wp-content\/uploads\/2020\/09\/esquema-puntas-de-soldador-1024x927.jpg 1024w, https:\/\/iha-race.com\/wp-content\/uploads\/2020\/09\/esquema-puntas-de-soldador-768x695.jpg 768w, https:\/\/iha-race.com\/wp-content\/uploads\/2020\/09\/esquema-puntas-de-soldador-1536x1391.jpg 1536w, https:\/\/iha-race.com\/wp-content\/uploads\/2020\/09\/esquema-puntas-de-soldador-2048x1854.jpg 2048w, https:\/\/iha-race.com\/wp-content\/uploads\/2020\/09\/esquema-puntas-de-soldador-788x713.jpg 788w\" sizes=\"(max-width: 750px) 100vw, 750px\" \/><br \/>\n<img decoding=\"async\" class=\"alignnone wp-image-54023 size-full\" src=\"https:\/\/iha-race.com\/wp-content\/uploads\/2020\/09\/punta-de-soldador.jpg\" alt=\"\" width=\"750\" height=\"283\" srcset=\"https:\/\/iha-race.com\/wp-content\/uploads\/2020\/09\/punta-de-soldador.jpg 750w, https:\/\/iha-race.com\/wp-content\/uploads\/2020\/09\/punta-de-soldador-599x226.jpg 599w, https:\/\/iha-race.com\/wp-content\/uploads\/2020\/09\/punta-de-soldador-300x113.jpg 300w, https:\/\/iha-race.com\/wp-content\/uploads\/2020\/09\/punta-de-soldador-1024x386.jpg 1024w, https:\/\/iha-race.com\/wp-content\/uploads\/2020\/09\/punta-de-soldador-766x289.jpg 766w, https:\/\/iha-race.com\/wp-content\/uploads\/2020\/09\/punta-de-soldador-1536x580.jpg 1536w, https:\/\/iha-race.com\/wp-content\/uploads\/2020\/09\/punta-de-soldador-2048x773.jpg 2048w, https:\/\/iha-race.com\/wp-content\/uploads\/2020\/09\/punta-de-soldador-788x297.jpg 788w\" sizes=\"(max-width: 750px) 100vw, 750px\" \/><br \/>\n<img loading=\"lazy\" decoding=\"async\" class=\"alignnone wp-image-54024 size-full\" src=\"https:\/\/iha-race.com\/wp-content\/uploads\/2020\/09\/multiples-tipos-y-mini.jpg\" alt=\"\" width=\"750\" height=\"855\" srcset=\"https:\/\/iha-race.com\/wp-content\/uploads\/2020\/09\/multiples-tipos-y-mini.jpg 750w, https:\/\/iha-race.com\/wp-content\/uploads\/2020\/09\/multiples-tipos-y-mini-600x684.jpg 600w, https:\/\/iha-race.com\/wp-content\/uploads\/2020\/09\/multiples-tipos-y-mini-263x300.jpg 263w, https:\/\/iha-race.com\/wp-content\/uploads\/2020\/09\/multiples-tipos-y-mini-898x1024.jpg 898w, https:\/\/iha-race.com\/wp-content\/uploads\/2020\/09\/multiples-tipos-y-mini-768x875.jpg 768w, https:\/\/iha-race.com\/wp-content\/uploads\/2020\/09\/multiples-tipos-y-mini-1347x1536.jpg 1347w, https:\/\/iha-race.com\/wp-content\/uploads\/2020\/09\/multiples-tipos-y-mini-1796x2048.jpg 1796w, https:\/\/iha-race.com\/wp-content\/uploads\/2020\/09\/multiples-tipos-y-mini-788x898.jpg 788w\" sizes=\"(max-width: 750px) 100vw, 750px\" \/><br \/>\n<img loading=\"lazy\" decoding=\"async\" class=\"alignnone wp-image-54025 size-full\" src=\"https:\/\/iha-race.com\/wp-content\/uploads\/2020\/09\/mejor-uso-del-soldador.jpg\" alt=\"\" width=\"750\" height=\"1106\" srcset=\"https:\/\/iha-race.com\/wp-content\/uploads\/2020\/09\/mejor-uso-del-soldador.jpg 750w, https:\/\/iha-race.com\/wp-content\/uploads\/2020\/09\/mejor-uso-del-soldador-599x884.jpg 599w, https:\/\/iha-race.com\/wp-content\/uploads\/2020\/09\/mejor-uso-del-soldador-203x300.jpg 203w, https:\/\/iha-race.com\/wp-content\/uploads\/2020\/09\/mejor-uso-del-soldador-694x1024.jpg 694w, https:\/\/iha-race.com\/wp-content\/uploads\/2020\/09\/mejor-uso-del-soldador-768x1132.jpg 768w, https:\/\/iha-race.com\/wp-content\/uploads\/2020\/09\/mejor-uso-del-soldador-1042x1536.jpg 1042w, https:\/\/iha-race.com\/wp-content\/uploads\/2020\/09\/mejor-uso-del-soldador-1389x2048.jpg 1389w, https:\/\/iha-race.com\/wp-content\/uploads\/2020\/09\/mejor-uso-del-soldador-788x1162.jpg 788w\" sizes=\"(max-width: 750px) 100vw, 750px\" \/><br \/>\n<img loading=\"lazy\" decoding=\"async\" class=\"alignnone wp-image-54026 size-full\" src=\"https:\/\/iha-race.com\/wp-content\/uploads\/2020\/09\/parte-interna-del-soldador.jpg\" alt=\"\" width=\"750\" height=\"1832\" srcset=\"https:\/\/iha-race.com\/wp-content\/uploads\/2020\/09\/parte-interna-del-soldador.jpg 750w, https:\/\/iha-race.com\/wp-content\/uploads\/2020\/09\/parte-interna-del-soldador-600x1465.jpg 600w, https:\/\/iha-race.com\/wp-content\/uploads\/2020\/09\/parte-interna-del-soldador-123x300.jpg 123w, https:\/\/iha-race.com\/wp-content\/uploads\/2020\/09\/parte-interna-del-soldador-419x1024.jpg 419w, https:\/\/iha-race.com\/wp-content\/uploads\/2020\/09\/parte-interna-del-soldador-768x1875.jpg 768w, https:\/\/iha-race.com\/wp-content\/uploads\/2020\/09\/parte-interna-del-soldador-629x1536.jpg 629w, https:\/\/iha-race.com\/wp-content\/uploads\/2020\/09\/parte-interna-del-soldador-838x2048.jpg 838w, https:\/\/iha-race.com\/wp-content\/uploads\/2020\/09\/parte-interna-del-soldador-788x1924.jpg 788w\" sizes=\"(max-width: 750px) 100vw, 750px\" \/><\/p>\n<p><img loading=\"lazy\" decoding=\"async\" class=\"alignnone wp-image-54028 size-full\" src=\"https:\/\/iha-race.com\/wp-content\/uploads\/2020\/09\/tipos-de-puntas-de-soldador.jpg\" alt=\"\" width=\"750\" height=\"432\" srcset=\"https:\/\/iha-race.com\/wp-content\/uploads\/2020\/09\/tipos-de-puntas-de-soldador.jpg 750w, https:\/\/iha-race.com\/wp-content\/uploads\/2020\/09\/tipos-de-puntas-de-soldador-599x345.jpg 599w, https:\/\/iha-race.com\/wp-content\/uploads\/2020\/09\/tipos-de-puntas-de-soldador-300x173.jpg 300w, https:\/\/iha-race.com\/wp-content\/uploads\/2020\/09\/tipos-de-puntas-de-soldador-1024x590.jpg 1024w, https:\/\/iha-race.com\/wp-content\/uploads\/2020\/09\/tipos-de-puntas-de-soldador-767x442.jpg 767w, https:\/\/iha-race.com\/wp-content\/uploads\/2020\/09\/tipos-de-puntas-de-soldador-1536x885.jpg 1536w, https:\/\/iha-race.com\/wp-content\/uploads\/2020\/09\/tipos-de-puntas-de-soldador-2048x1180.jpg 2048w, https:\/\/iha-race.com\/wp-content\/uploads\/2020\/09\/tipos-de-puntas-de-soldador-788x453.jpg 788w\" sizes=\"(max-width: 750px) 100vw, 750px\" \/><br \/>\n<img loading=\"lazy\" decoding=\"async\" class=\"alignnone wp-image-54029 size-full\" src=\"https:\/\/iha-race.com\/wp-content\/uploads\/2020\/09\/tipos-de-puntas-de-soldador-ampliadas.jpg\" alt=\"\" width=\"750\" height=\"1900\" srcset=\"https:\/\/iha-race.com\/wp-content\/uploads\/2020\/09\/tipos-de-puntas-de-soldador-ampliadas.jpg 750w, https:\/\/iha-race.com\/wp-content\/uploads\/2020\/09\/tipos-de-puntas-de-soldador-ampliadas-600x1520.jpg 600w, https:\/\/iha-race.com\/wp-content\/uploads\/2020\/09\/tipos-de-puntas-de-soldador-ampliadas-118x300.jpg 118w, https:\/\/iha-race.com\/wp-content\/uploads\/2020\/09\/tipos-de-puntas-de-soldador-ampliadas-404x1024.jpg 404w, https:\/\/iha-race.com\/wp-content\/uploads\/2020\/09\/tipos-de-puntas-de-soldador-ampliadas-768x1945.jpg 768w, https:\/\/iha-race.com\/wp-content\/uploads\/2020\/09\/tipos-de-puntas-de-soldador-ampliadas-606x1536.jpg 606w, https:\/\/iha-race.com\/wp-content\/uploads\/2020\/09\/tipos-de-puntas-de-soldador-ampliadas-808x2048.jpg 808w, https:\/\/iha-race.com\/wp-content\/uploads\/2020\/09\/tipos-de-puntas-de-soldador-ampliadas-788x1996.jpg 788w\" sizes=\"(max-width: 750px) 100vw, 750px\" \/><\/p>\n","protected":false},"excerpt":{"rendered":"<p>Schwei\u00dfspitzen f\u00fcr SQ-001 \/ SQ-D60 und TS100 Ersatz-L\u00f6tspitzenzubeh\u00f6r f\u00fcr digitale LCD-L\u00f6tkolben SQ-D60, SQ-001 B2 BC2 IK und TS100 LED DC 5525 Spezifikationen der Spitze: Farbe Silber Material: rostfreier Stahl, Kupfer<\/p>\n","protected":false},"featured_media":125000,"comment_status":"open","ping_status":"closed","template":"","meta":{"_joinchat":[]},"pwb-brand":[],"product_cat":[2513,2549],"product_tag":[],"class_list":{"0":"post-208376","1":"product","2":"type-product","3":"status-publish","4":"has-post-thumbnail","6":"product_cat-zubehor","7":"product_cat--werkzeuge-und-loten","9":"first","10":"instock","11":"taxable","12":"shipping-taxable","13":"purchasable","14":"product-type-variable"},"barcode":null,"atum_controlled":true,"out_stock_date":null,"out_stock_threshold":null,"inheritable":true,"stock_on_hold":0,"sold_today":0,"sales_last_days":1,"out_stock_days":0,"lost_sales":0,"update_date":"2026-04-25T20:28:34","atum_locations":[],"atum_stock_status":"instock","restock_status":false,"low_stock_amount":"","sales_update_date":"2026-04-25T20:28:34","calc_backorders":null,"yoast_head":"<!-- This site is optimized with the Yoast SEO plugin v27.3 - https:\/\/yoast.com\/product\/yoast-seo-wordpress\/ -->\n<title>Schwei\u00dfspitzen f\u00fcr SQ-001 \/ SQ-D60 und TS100 - Iha Race<\/title>\n<meta name=\"robots\" content=\"index, follow, max-snippet:-1, max-image-preview:large, max-video-preview:-1\" \/>\n<link rel=\"canonical\" href=\"https:\/\/iha-race.com\/de\/producto\/puntas-de-soldadura-para-sq-001-sq-d60-y-ts100\/\" \/>\n<meta property=\"og:locale\" content=\"de_DE\" \/>\n<meta property=\"og:type\" content=\"article\" \/>\n<meta property=\"og:title\" content=\"Schwei\u00dfspitzen f\u00fcr SQ-001 \/ SQ-D60 und TS100 - Iha Race\" \/>\n<meta property=\"og:description\" content=\"Schwei\u00dfspitzen f\u00fcr SQ-001 \/ SQ-D60 und TS100 Ersatz-L\u00f6tspitzenzubeh\u00f6r f\u00fcr digitale LCD-L\u00f6tkolben SQ-D60, SQ-001 B2 BC2 IK und TS100 LED DC 5525 Spezifikationen der Spitze: Farbe Silber Material: rostfreier Stahl, Kupfer\" \/>\n<meta property=\"og:url\" content=\"https:\/\/iha-race.com\/de\/producto\/puntas-de-soldadura-para-sq-001-sq-d60-y-ts100\/\" \/>\n<meta property=\"og:site_name\" content=\"Iha Race\" \/>\n<meta property=\"article:modified_time\" content=\"2024-08-29T13:58:45+00:00\" \/>\n<meta property=\"og:image\" content=\"https:\/\/iha-race.com\/wp-content\/uploads\/2020\/09\/puntas-de-soldador-sq-001-y-sq-d60-1.jpg\" \/>\n\t<meta property=\"og:image:width\" content=\"800\" \/>\n\t<meta property=\"og:image:height\" content=\"800\" \/>\n\t<meta property=\"og:image:type\" content=\"image\/jpeg\" \/>\n<meta name=\"twitter:card\" content=\"summary_large_image\" \/>\n<meta name=\"twitter:label1\" content=\"Gesch\u00e4tzte Lesezeit\" \/>\n\t<meta name=\"twitter:data1\" content=\"1\u00a0Minute\" \/>\n<script type=\"application\/ld+json\" class=\"yoast-schema-graph\">{\"@context\":\"https:\\\/\\\/schema.org\",\"@graph\":[{\"@type\":\"WebPage\",\"@id\":\"https:\\\/\\\/iha-race.com\\\/de\\\/producto\\\/puntas-de-soldadura-para-sq-001-sq-d60-y-ts100\\\/\",\"url\":\"https:\\\/\\\/iha-race.com\\\/de\\\/producto\\\/puntas-de-soldadura-para-sq-001-sq-d60-y-ts100\\\/\",\"name\":\"Schwei\u00dfspitzen f\u00fcr SQ-001 \\\/ SQ-D60 und TS100 - Iha Race\",\"isPartOf\":{\"@id\":\"https:\\\/\\\/iha-race.com\\\/de\\\/#website\"},\"primaryImageOfPage\":{\"@id\":\"https:\\\/\\\/iha-race.com\\\/de\\\/producto\\\/puntas-de-soldadura-para-sq-001-sq-d60-y-ts100\\\/#primaryimage\"},\"image\":{\"@id\":\"https:\\\/\\\/iha-race.com\\\/de\\\/producto\\\/puntas-de-soldadura-para-sq-001-sq-d60-y-ts100\\\/#primaryimage\"},\"thumbnailUrl\":\"https:\\\/\\\/iha-race.com\\\/wp-content\\\/uploads\\\/2020\\\/09\\\/puntas-de-soldador-sq-001-y-sq-d60-1.jpg\",\"datePublished\":\"2020-09-22T07:26:31+00:00\",\"dateModified\":\"2024-08-29T13:58:45+00:00\",\"breadcrumb\":{\"@id\":\"https:\\\/\\\/iha-race.com\\\/de\\\/producto\\\/puntas-de-soldadura-para-sq-001-sq-d60-y-ts100\\\/#breadcrumb\"},\"inLanguage\":\"de\",\"potentialAction\":[{\"@type\":\"ReadAction\",\"target\":[\"https:\\\/\\\/iha-race.com\\\/de\\\/producto\\\/puntas-de-soldadura-para-sq-001-sq-d60-y-ts100\\\/\"]}]},{\"@type\":\"ImageObject\",\"inLanguage\":\"de\",\"@id\":\"https:\\\/\\\/iha-race.com\\\/de\\\/producto\\\/puntas-de-soldadura-para-sq-001-sq-d60-y-ts100\\\/#primaryimage\",\"url\":\"https:\\\/\\\/iha-race.com\\\/wp-content\\\/uploads\\\/2020\\\/09\\\/puntas-de-soldador-sq-001-y-sq-d60-1.jpg\",\"contentUrl\":\"https:\\\/\\\/iha-race.com\\\/wp-content\\\/uploads\\\/2020\\\/09\\\/puntas-de-soldador-sq-001-y-sq-d60-1.jpg\",\"width\":800,\"height\":800},{\"@type\":\"BreadcrumbList\",\"@id\":\"https:\\\/\\\/iha-race.com\\\/de\\\/producto\\\/puntas-de-soldadura-para-sq-001-sq-d60-y-ts100\\\/#breadcrumb\",\"itemListElement\":[{\"@type\":\"ListItem\",\"position\":1,\"name\":\"Portada\",\"item\":\"https:\\\/\\\/iha-race.com\\\/de\\\/elementor-499\\\/\"},{\"@type\":\"ListItem\",\"position\":2,\"name\":\"Shop\",\"item\":\"https:\\\/\\\/iha-race.com\\\/de\\\/shop\\\/\"},{\"@type\":\"ListItem\",\"position\":3,\"name\":\"Schwei\u00dfspitzen f\u00fcr SQ-001 \\\/ SQ-D60 und TS100\"}]},{\"@type\":\"WebSite\",\"@id\":\"https:\\\/\\\/iha-race.com\\\/de\\\/#website\",\"url\":\"https:\\\/\\\/iha-race.com\\\/de\\\/\",\"name\":\"Iha Race\",\"description\":\"Comprar drones de carreras FPV env\u00edos en un d\u00eda desde Espa\u00f1a\",\"publisher\":{\"@id\":\"https:\\\/\\\/iha-race.com\\\/de\\\/#organization\"},\"potentialAction\":[{\"@type\":\"SearchAction\",\"target\":{\"@type\":\"EntryPoint\",\"urlTemplate\":\"https:\\\/\\\/iha-race.com\\\/de\\\/?s={search_term_string}\"},\"query-input\":{\"@type\":\"PropertyValueSpecification\",\"valueRequired\":true,\"valueName\":\"search_term_string\"}}],\"inLanguage\":\"de\"},{\"@type\":\"Organization\",\"@id\":\"https:\\\/\\\/iha-race.com\\\/de\\\/#organization\",\"name\":\"Iha Race\",\"url\":\"https:\\\/\\\/iha-race.com\\\/de\\\/\",\"logo\":{\"@type\":\"ImageObject\",\"inLanguage\":\"de\",\"@id\":\"https:\\\/\\\/iha-race.com\\\/de\\\/#\\\/schema\\\/logo\\\/image\\\/\",\"url\":\"https:\\\/\\\/iha-race.com\\\/wp-content\\\/uploads\\\/2018\\\/07\\\/iha-race-drones-de-carreras-tienda-comprar-drones.png\",\"contentUrl\":\"https:\\\/\\\/iha-race.com\\\/wp-content\\\/uploads\\\/2018\\\/07\\\/iha-race-drones-de-carreras-tienda-comprar-drones.png\",\"width\":300,\"height\":100,\"caption\":\"Iha Race\"},\"image\":{\"@id\":\"https:\\\/\\\/iha-race.com\\\/de\\\/#\\\/schema\\\/logo\\\/image\\\/\"}}]}<\/script>\n<!-- \/ Yoast SEO plugin. -->","yoast_head_json":{"title":"Schwei\u00dfspitzen f\u00fcr SQ-001 \/ SQ-D60 und TS100 - Iha Race","robots":{"index":"index","follow":"follow","max-snippet":"max-snippet:-1","max-image-preview":"max-image-preview:large","max-video-preview":"max-video-preview:-1"},"canonical":"https:\/\/iha-race.com\/de\/producto\/puntas-de-soldadura-para-sq-001-sq-d60-y-ts100\/","og_locale":"de_DE","og_type":"article","og_title":"Schwei\u00dfspitzen f\u00fcr SQ-001 \/ SQ-D60 und TS100 - Iha Race","og_description":"Schwei\u00dfspitzen f\u00fcr SQ-001 \/ SQ-D60 und TS100 Ersatz-L\u00f6tspitzenzubeh\u00f6r f\u00fcr digitale LCD-L\u00f6tkolben SQ-D60, SQ-001 B2 BC2 IK und TS100 LED DC 5525 Spezifikationen der Spitze: Farbe Silber Material: rostfreier Stahl, Kupfer","og_url":"https:\/\/iha-race.com\/de\/producto\/puntas-de-soldadura-para-sq-001-sq-d60-y-ts100\/","og_site_name":"Iha Race","article_modified_time":"2024-08-29T13:58:45+00:00","og_image":[{"width":800,"height":800,"url":"https:\/\/iha-race.com\/wp-content\/uploads\/2020\/09\/puntas-de-soldador-sq-001-y-sq-d60-1.jpg","type":"image\/jpeg"}],"twitter_card":"summary_large_image","twitter_misc":{"Gesch\u00e4tzte Lesezeit":"1\u00a0Minute"},"schema":{"@context":"https:\/\/schema.org","@graph":[{"@type":"WebPage","@id":"https:\/\/iha-race.com\/de\/producto\/puntas-de-soldadura-para-sq-001-sq-d60-y-ts100\/","url":"https:\/\/iha-race.com\/de\/producto\/puntas-de-soldadura-para-sq-001-sq-d60-y-ts100\/","name":"Schwei\u00dfspitzen f\u00fcr SQ-001 \/ SQ-D60 und TS100 - Iha Race","isPartOf":{"@id":"https:\/\/iha-race.com\/de\/#website"},"primaryImageOfPage":{"@id":"https:\/\/iha-race.com\/de\/producto\/puntas-de-soldadura-para-sq-001-sq-d60-y-ts100\/#primaryimage"},"image":{"@id":"https:\/\/iha-race.com\/de\/producto\/puntas-de-soldadura-para-sq-001-sq-d60-y-ts100\/#primaryimage"},"thumbnailUrl":"https:\/\/iha-race.com\/wp-content\/uploads\/2020\/09\/puntas-de-soldador-sq-001-y-sq-d60-1.jpg","datePublished":"2020-09-22T07:26:31+00:00","dateModified":"2024-08-29T13:58:45+00:00","breadcrumb":{"@id":"https:\/\/iha-race.com\/de\/producto\/puntas-de-soldadura-para-sq-001-sq-d60-y-ts100\/#breadcrumb"},"inLanguage":"de","potentialAction":[{"@type":"ReadAction","target":["https:\/\/iha-race.com\/de\/producto\/puntas-de-soldadura-para-sq-001-sq-d60-y-ts100\/"]}]},{"@type":"ImageObject","inLanguage":"de","@id":"https:\/\/iha-race.com\/de\/producto\/puntas-de-soldadura-para-sq-001-sq-d60-y-ts100\/#primaryimage","url":"https:\/\/iha-race.com\/wp-content\/uploads\/2020\/09\/puntas-de-soldador-sq-001-y-sq-d60-1.jpg","contentUrl":"https:\/\/iha-race.com\/wp-content\/uploads\/2020\/09\/puntas-de-soldador-sq-001-y-sq-d60-1.jpg","width":800,"height":800},{"@type":"BreadcrumbList","@id":"https:\/\/iha-race.com\/de\/producto\/puntas-de-soldadura-para-sq-001-sq-d60-y-ts100\/#breadcrumb","itemListElement":[{"@type":"ListItem","position":1,"name":"Portada","item":"https:\/\/iha-race.com\/de\/elementor-499\/"},{"@type":"ListItem","position":2,"name":"Shop","item":"https:\/\/iha-race.com\/de\/shop\/"},{"@type":"ListItem","position":3,"name":"Schwei\u00dfspitzen f\u00fcr SQ-001 \/ SQ-D60 und TS100"}]},{"@type":"WebSite","@id":"https:\/\/iha-race.com\/de\/#website","url":"https:\/\/iha-race.com\/de\/","name":"Iha Race","description":"Comprar drones de carreras FPV env\u00edos en un d\u00eda desde Espa\u00f1a","publisher":{"@id":"https:\/\/iha-race.com\/de\/#organization"},"potentialAction":[{"@type":"SearchAction","target":{"@type":"EntryPoint","urlTemplate":"https:\/\/iha-race.com\/de\/?s={search_term_string}"},"query-input":{"@type":"PropertyValueSpecification","valueRequired":true,"valueName":"search_term_string"}}],"inLanguage":"de"},{"@type":"Organization","@id":"https:\/\/iha-race.com\/de\/#organization","name":"Iha Race","url":"https:\/\/iha-race.com\/de\/","logo":{"@type":"ImageObject","inLanguage":"de","@id":"https:\/\/iha-race.com\/de\/#\/schema\/logo\/image\/","url":"https:\/\/iha-race.com\/wp-content\/uploads\/2018\/07\/iha-race-drones-de-carreras-tienda-comprar-drones.png","contentUrl":"https:\/\/iha-race.com\/wp-content\/uploads\/2018\/07\/iha-race-drones-de-carreras-tienda-comprar-drones.png","width":300,"height":100,"caption":"Iha Race"},"image":{"@id":"https:\/\/iha-race.com\/de\/#\/schema\/logo\/image\/"}}]}},"jetpack_sharing_enabled":true,"brands":[],"_links":{"self":[{"href":"https:\/\/iha-race.com\/de\/wp-json\/wp\/v2\/product\/208376","targetHints":{"allow":["GET"]}}],"collection":[{"href":"https:\/\/iha-race.com\/de\/wp-json\/wp\/v2\/product"}],"about":[{"href":"https:\/\/iha-race.com\/de\/wp-json\/wp\/v2\/types\/product"}],"replies":[{"embeddable":true,"href":"https:\/\/iha-race.com\/de\/wp-json\/wp\/v2\/comments?post=208376"}],"version-history":[{"count":2,"href":"https:\/\/iha-race.com\/de\/wp-json\/wp\/v2\/product\/208376\/revisions"}],"predecessor-version":[{"id":249796,"href":"https:\/\/iha-race.com\/de\/wp-json\/wp\/v2\/product\/208376\/revisions\/249796"}],"wp:featuredmedia":[{"embeddable":true,"href":"https:\/\/iha-race.com\/de\/wp-json\/wp\/v2\/media\/125000"}],"wp:attachment":[{"href":"https:\/\/iha-race.com\/de\/wp-json\/wp\/v2\/media?parent=208376"}],"wp:term":[{"taxonomy":"pwb-brand","embeddable":true,"href":"https:\/\/iha-race.com\/de\/wp-json\/wp\/v2\/pwb-brand?post=208376"},{"taxonomy":"product_cat","embeddable":true,"href":"https:\/\/iha-race.com\/de\/wp-json\/wp\/v2\/product_cat?post=208376"},{"taxonomy":"product_tag","embeddable":true,"href":"https:\/\/iha-race.com\/de\/wp-json\/wp\/v2\/product_tag?post=208376"}],"curies":[{"name":"wp","href":"https:\/\/api.w.org\/{rel}","templated":true}]}}