{"id":208374,"date":"2021-03-29T10:45:10","date_gmt":"2021-03-29T08:45:10","guid":{"rendered":"https:\/\/iha-race.com\/producto\/ethix-lipo-tasche-mit-heizung-v2\/"},"modified":"2024-08-29T12:30:04","modified_gmt":"2024-08-29T10:30:04","slug":"ethix-lipo-tasche-mit-heizung-v2","status":"publish","type":"product","link":"https:\/\/iha-race.com\/de\/producto\/ethix-lipo-tasche-mit-heizung-v2\/","title":{"rendered":"ETHIX Lipo-Tasche mit Heizung V2"},"content":{"rendered":"<h2>ETHIX Lipo-Tasche mit Heizung V2<\/h2>\n<p>  Die am sorgf\u00e4ltigsten entworfene und durchdachte Lipografie-Tasche, die ich je gesehen habe. Er erf\u00fcllt alle Anforderungen, die Sie an einen Batteriespeicher stellen! Der Ethix-Lipo-Beutel, der speziell von Mr. Steele heizt Ihre Rucks\u00e4cke auf optimale Rei\u00dftemperaturen auf, zeigt Ihnen an, welche Spannung sie haben, l\u00e4dt Ihreopro auf und f\u00fchlt sich mit dem robusten, mit synthetischem Wildleder gef\u00fctterten Innenraum sogar luxuri\u00f6s in Ihren H\u00e4nden an. Das interne Heizelement ist f\u00fcr den Betrieb mit einem integrierten 12-V-Regler ausgelegt. Die Tasche selbst ist w\u00e4rmeisoliert und verf\u00fcgt \u00fcber einen eleganten Rei\u00dfverschluss, der Schmutz und hohe Temperaturen im Inneren fernh\u00e4lt. In der Au\u00dfentasche k\u00f6nnen Sie Ihr Handy beim Aufladen oder unterwegs aufbewahren. Die Tasche ist so konzipiert, dass sie bis zu 30x 1300mAh 4S oder 20x 6S 1300mAh Akkus ordentlich aufnehmen kann.  <\/p>\n<h2>Rekalibrierung:<\/h2>\n<ul>\n<li>Dies dient zur Kalibrierung der ADC-Genauigkeit (Spannung) im Werk oder zur Neukalibrierung nach l\u00e4ngerem Gebrauch.<\/li>\n<li>Taste 2 Sekunden lang gedr\u00fcckt halten, Anzeige &#8220;CAL&#8221; und dann blinkend &#8220;Hello&#8221;, &#8220;25.50V&#8221; konstant anlegen, dann Taste dr\u00fccken, warten bis &#8220;Lo&#8221; blinkt, &#8220;10.50V&#8221; konstant anlegen, Taste kurz dr\u00fccken und warten bis es zu Ende ist.<\/li>\n<li>Wenn die Anwendungsspannung weit von der idealen Referenzspannung entfernt ist, wird &#8220;Err&#8221; angezeigt.<\/li>\n<\/ul>\n<h2>Spezifikationen der Tasche:<\/h2>\n<ul>\n<li>H\u00f6he: 165 mm<\/li>\n<li>Breite: 240 mm<\/li>\n<li>Tiefe: 140 mm<\/li>\n<li>Gewicht: 440g<\/li>\n<li>Zieltemperatur des Heizger\u00e4ts: 50C \/ 120F<\/li>\n<li>USB-Ladeger\u00e4t-Eingang: 3S-6S<\/li>\n<li>USB-Ladeausgang: bis zu 2A<\/li>\n<li>Niederspannungsabschaltungen: 3S @ 10.5, 4S @ 14V, 5S @ 17.5, 6S @ 21V<\/li>\n<li>Maximale Spannung: 25,5 V<\/li>\n<li>Mindestspannung: 10,5 V<\/li>\n<\/ul>\n<h2>Das Paket enth\u00e4lt:<\/h2>\n<ul>\n<li>1 x ETHIX Lipo-Tasche mit Heizung V2<\/li>\n<\/ul>\n","protected":false},"excerpt":{"rendered":"<p>Die am sorgf\u00e4ltigsten entworfene und durchdachte Lipografie-Tasche, die ich je gesehen habe.  <strong>Er erf\u00fcllt alle Anforderungen, die Sie an einen Batteriespeicher stellen!<\/strong><\/p>\n","protected":false},"featured_media":125837,"comment_status":"open","ping_status":"closed","template":"","meta":{"_joinchat":[]},"pwb-brand":[],"product_cat":[2511,2588,2501,2505,2513],"product_tag":[],"class_list":{"0":"post-208374","1":"product","2":"type-product","3":"status-publish","4":"has-post-thumbnail","6":"product_cat-batterie-zubehor","7":"product_cat-fpv-rucksacke","8":"product_cat-fpv-akkus","9":"product_cat-ladegerate-de","10":"product_cat-zubehor","12":"first","13":"instock","14":"taxable","15":"shipping-taxable","16":"purchasable","17":"product-type-simple"},"barcode":null,"atum_controlled":true,"out_stock_date":null,"out_stock_threshold":null,"inheritable":false,"stock_on_hold":0,"sold_today":0,"sales_last_days":0,"out_stock_days":0,"lost_sales":0,"update_date":"2026-04-16T07:36:05","atum_locations":[],"atum_stock_status":"instock","restock_status":false,"low_stock_amount":"","sales_update_date":"2026-04-16T07:36:05","calc_backorders":null,"yoast_head":"<!-- This site is optimized with the Yoast SEO plugin v27.3 - https:\/\/yoast.com\/product\/yoast-seo-wordpress\/ -->\n<title>ETHIX Lipo-Tasche mit Heizung V2 - Iha Race<\/title>\n<meta name=\"robots\" content=\"index, follow, max-snippet:-1, max-image-preview:large, max-video-preview:-1\" \/>\n<link rel=\"canonical\" href=\"https:\/\/iha-race.com\/de\/producto\/ethix-lipo-tasche-mit-heizung-v2\/\" \/>\n<meta property=\"og:locale\" content=\"de_DE\" \/>\n<meta property=\"og:type\" content=\"article\" \/>\n<meta property=\"og:title\" content=\"ETHIX Lipo-Tasche mit Heizung V2 - Iha Race\" \/>\n<meta property=\"og:description\" content=\"Die am sorgf\u00e4ltigsten entworfene und durchdachte Lipografie-Tasche, die ich je gesehen habe. Er erf\u00fcllt alle Anforderungen, die Sie an einen Batteriespeicher stellen!\" \/>\n<meta property=\"og:url\" content=\"https:\/\/iha-race.com\/de\/producto\/ethix-lipo-tasche-mit-heizung-v2\/\" \/>\n<meta property=\"og:site_name\" content=\"Iha Race\" \/>\n<meta property=\"article:modified_time\" content=\"2024-08-29T10:30:04+00:00\" \/>\n<meta property=\"og:image\" content=\"https:\/\/iha-race.com\/wp-content\/uploads\/2020\/10\/ETHIX-Bolsa-de-Lipo-con-Calefaccion-V2.jpg\" \/>\n\t<meta property=\"og:image:width\" content=\"800\" \/>\n\t<meta property=\"og:image:height\" content=\"800\" \/>\n\t<meta property=\"og:image:type\" content=\"image\/jpeg\" \/>\n<meta name=\"twitter:card\" content=\"summary_large_image\" \/>\n<meta name=\"twitter:label1\" content=\"Gesch\u00e4tzte Lesezeit\" \/>\n\t<meta name=\"twitter:data1\" content=\"1\u00a0Minute\" \/>\n<script type=\"application\/ld+json\" class=\"yoast-schema-graph\">{\"@context\":\"https:\\\/\\\/schema.org\",\"@graph\":[{\"@type\":\"WebPage\",\"@id\":\"https:\\\/\\\/iha-race.com\\\/de\\\/producto\\\/ethix-lipo-tasche-mit-heizung-v2\\\/\",\"url\":\"https:\\\/\\\/iha-race.com\\\/de\\\/producto\\\/ethix-lipo-tasche-mit-heizung-v2\\\/\",\"name\":\"ETHIX Lipo-Tasche mit Heizung V2 - Iha Race\",\"isPartOf\":{\"@id\":\"https:\\\/\\\/iha-race.com\\\/de\\\/#website\"},\"primaryImageOfPage\":{\"@id\":\"https:\\\/\\\/iha-race.com\\\/de\\\/producto\\\/ethix-lipo-tasche-mit-heizung-v2\\\/#primaryimage\"},\"image\":{\"@id\":\"https:\\\/\\\/iha-race.com\\\/de\\\/producto\\\/ethix-lipo-tasche-mit-heizung-v2\\\/#primaryimage\"},\"thumbnailUrl\":\"https:\\\/\\\/iha-race.com\\\/wp-content\\\/uploads\\\/2020\\\/10\\\/ETHIX-Bolsa-de-Lipo-con-Calefaccion-V2.jpg\",\"datePublished\":\"2021-03-29T08:45:10+00:00\",\"dateModified\":\"2024-08-29T10:30:04+00:00\",\"breadcrumb\":{\"@id\":\"https:\\\/\\\/iha-race.com\\\/de\\\/producto\\\/ethix-lipo-tasche-mit-heizung-v2\\\/#breadcrumb\"},\"inLanguage\":\"de\",\"potentialAction\":[{\"@type\":\"ReadAction\",\"target\":[\"https:\\\/\\\/iha-race.com\\\/de\\\/producto\\\/ethix-lipo-tasche-mit-heizung-v2\\\/\"]}]},{\"@type\":\"ImageObject\",\"inLanguage\":\"de\",\"@id\":\"https:\\\/\\\/iha-race.com\\\/de\\\/producto\\\/ethix-lipo-tasche-mit-heizung-v2\\\/#primaryimage\",\"url\":\"https:\\\/\\\/iha-race.com\\\/wp-content\\\/uploads\\\/2020\\\/10\\\/ETHIX-Bolsa-de-Lipo-con-Calefaccion-V2.jpg\",\"contentUrl\":\"https:\\\/\\\/iha-race.com\\\/wp-content\\\/uploads\\\/2020\\\/10\\\/ETHIX-Bolsa-de-Lipo-con-Calefaccion-V2.jpg\",\"width\":800,\"height\":800},{\"@type\":\"BreadcrumbList\",\"@id\":\"https:\\\/\\\/iha-race.com\\\/de\\\/producto\\\/ethix-lipo-tasche-mit-heizung-v2\\\/#breadcrumb\",\"itemListElement\":[{\"@type\":\"ListItem\",\"position\":1,\"name\":\"Portada\",\"item\":\"https:\\\/\\\/iha-race.com\\\/de\\\/elementor-499\\\/\"},{\"@type\":\"ListItem\",\"position\":2,\"name\":\"Shop\",\"item\":\"https:\\\/\\\/iha-race.com\\\/de\\\/shop\\\/\"},{\"@type\":\"ListItem\",\"position\":3,\"name\":\"ETHIX Lipo-Tasche mit Heizung V2\"}]},{\"@type\":\"WebSite\",\"@id\":\"https:\\\/\\\/iha-race.com\\\/de\\\/#website\",\"url\":\"https:\\\/\\\/iha-race.com\\\/de\\\/\",\"name\":\"Iha Race\",\"description\":\"Comprar drones de carreras FPV env\u00edos en un d\u00eda desde Espa\u00f1a\",\"publisher\":{\"@id\":\"https:\\\/\\\/iha-race.com\\\/de\\\/#organization\"},\"potentialAction\":[{\"@type\":\"SearchAction\",\"target\":{\"@type\":\"EntryPoint\",\"urlTemplate\":\"https:\\\/\\\/iha-race.com\\\/de\\\/?s={search_term_string}\"},\"query-input\":{\"@type\":\"PropertyValueSpecification\",\"valueRequired\":true,\"valueName\":\"search_term_string\"}}],\"inLanguage\":\"de\"},{\"@type\":\"Organization\",\"@id\":\"https:\\\/\\\/iha-race.com\\\/de\\\/#organization\",\"name\":\"Iha Race\",\"url\":\"https:\\\/\\\/iha-race.com\\\/de\\\/\",\"logo\":{\"@type\":\"ImageObject\",\"inLanguage\":\"de\",\"@id\":\"https:\\\/\\\/iha-race.com\\\/de\\\/#\\\/schema\\\/logo\\\/image\\\/\",\"url\":\"https:\\\/\\\/iha-race.com\\\/wp-content\\\/uploads\\\/2018\\\/07\\\/iha-race-drones-de-carreras-tienda-comprar-drones.png\",\"contentUrl\":\"https:\\\/\\\/iha-race.com\\\/wp-content\\\/uploads\\\/2018\\\/07\\\/iha-race-drones-de-carreras-tienda-comprar-drones.png\",\"width\":300,\"height\":100,\"caption\":\"Iha Race\"},\"image\":{\"@id\":\"https:\\\/\\\/iha-race.com\\\/de\\\/#\\\/schema\\\/logo\\\/image\\\/\"}}]}<\/script>\n<!-- \/ Yoast SEO plugin. -->","yoast_head_json":{"title":"ETHIX Lipo-Tasche mit Heizung V2 - Iha Race","robots":{"index":"index","follow":"follow","max-snippet":"max-snippet:-1","max-image-preview":"max-image-preview:large","max-video-preview":"max-video-preview:-1"},"canonical":"https:\/\/iha-race.com\/de\/producto\/ethix-lipo-tasche-mit-heizung-v2\/","og_locale":"de_DE","og_type":"article","og_title":"ETHIX Lipo-Tasche mit Heizung V2 - Iha Race","og_description":"Die am sorgf\u00e4ltigsten entworfene und durchdachte Lipografie-Tasche, die ich je gesehen habe. Er erf\u00fcllt alle Anforderungen, die Sie an einen Batteriespeicher stellen!","og_url":"https:\/\/iha-race.com\/de\/producto\/ethix-lipo-tasche-mit-heizung-v2\/","og_site_name":"Iha Race","article_modified_time":"2024-08-29T10:30:04+00:00","og_image":[{"width":800,"height":800,"url":"https:\/\/iha-race.com\/wp-content\/uploads\/2020\/10\/ETHIX-Bolsa-de-Lipo-con-Calefaccion-V2.jpg","type":"image\/jpeg"}],"twitter_card":"summary_large_image","twitter_misc":{"Gesch\u00e4tzte Lesezeit":"1\u00a0Minute"},"schema":{"@context":"https:\/\/schema.org","@graph":[{"@type":"WebPage","@id":"https:\/\/iha-race.com\/de\/producto\/ethix-lipo-tasche-mit-heizung-v2\/","url":"https:\/\/iha-race.com\/de\/producto\/ethix-lipo-tasche-mit-heizung-v2\/","name":"ETHIX Lipo-Tasche mit Heizung V2 - Iha Race","isPartOf":{"@id":"https:\/\/iha-race.com\/de\/#website"},"primaryImageOfPage":{"@id":"https:\/\/iha-race.com\/de\/producto\/ethix-lipo-tasche-mit-heizung-v2\/#primaryimage"},"image":{"@id":"https:\/\/iha-race.com\/de\/producto\/ethix-lipo-tasche-mit-heizung-v2\/#primaryimage"},"thumbnailUrl":"https:\/\/iha-race.com\/wp-content\/uploads\/2020\/10\/ETHIX-Bolsa-de-Lipo-con-Calefaccion-V2.jpg","datePublished":"2021-03-29T08:45:10+00:00","dateModified":"2024-08-29T10:30:04+00:00","breadcrumb":{"@id":"https:\/\/iha-race.com\/de\/producto\/ethix-lipo-tasche-mit-heizung-v2\/#breadcrumb"},"inLanguage":"de","potentialAction":[{"@type":"ReadAction","target":["https:\/\/iha-race.com\/de\/producto\/ethix-lipo-tasche-mit-heizung-v2\/"]}]},{"@type":"ImageObject","inLanguage":"de","@id":"https:\/\/iha-race.com\/de\/producto\/ethix-lipo-tasche-mit-heizung-v2\/#primaryimage","url":"https:\/\/iha-race.com\/wp-content\/uploads\/2020\/10\/ETHIX-Bolsa-de-Lipo-con-Calefaccion-V2.jpg","contentUrl":"https:\/\/iha-race.com\/wp-content\/uploads\/2020\/10\/ETHIX-Bolsa-de-Lipo-con-Calefaccion-V2.jpg","width":800,"height":800},{"@type":"BreadcrumbList","@id":"https:\/\/iha-race.com\/de\/producto\/ethix-lipo-tasche-mit-heizung-v2\/#breadcrumb","itemListElement":[{"@type":"ListItem","position":1,"name":"Portada","item":"https:\/\/iha-race.com\/de\/elementor-499\/"},{"@type":"ListItem","position":2,"name":"Shop","item":"https:\/\/iha-race.com\/de\/shop\/"},{"@type":"ListItem","position":3,"name":"ETHIX Lipo-Tasche mit Heizung V2"}]},{"@type":"WebSite","@id":"https:\/\/iha-race.com\/de\/#website","url":"https:\/\/iha-race.com\/de\/","name":"Iha Race","description":"Comprar drones de carreras FPV env\u00edos en un d\u00eda desde Espa\u00f1a","publisher":{"@id":"https:\/\/iha-race.com\/de\/#organization"},"potentialAction":[{"@type":"SearchAction","target":{"@type":"EntryPoint","urlTemplate":"https:\/\/iha-race.com\/de\/?s={search_term_string}"},"query-input":{"@type":"PropertyValueSpecification","valueRequired":true,"valueName":"search_term_string"}}],"inLanguage":"de"},{"@type":"Organization","@id":"https:\/\/iha-race.com\/de\/#organization","name":"Iha Race","url":"https:\/\/iha-race.com\/de\/","logo":{"@type":"ImageObject","inLanguage":"de","@id":"https:\/\/iha-race.com\/de\/#\/schema\/logo\/image\/","url":"https:\/\/iha-race.com\/wp-content\/uploads\/2018\/07\/iha-race-drones-de-carreras-tienda-comprar-drones.png","contentUrl":"https:\/\/iha-race.com\/wp-content\/uploads\/2018\/07\/iha-race-drones-de-carreras-tienda-comprar-drones.png","width":300,"height":100,"caption":"Iha Race"},"image":{"@id":"https:\/\/iha-race.com\/de\/#\/schema\/logo\/image\/"}}]}},"brands":[],"_links":{"self":[{"href":"https:\/\/iha-race.com\/de\/wp-json\/wp\/v2\/product\/208374","targetHints":{"allow":["GET"]}}],"collection":[{"href":"https:\/\/iha-race.com\/de\/wp-json\/wp\/v2\/product"}],"about":[{"href":"https:\/\/iha-race.com\/de\/wp-json\/wp\/v2\/types\/product"}],"replies":[{"embeddable":true,"href":"https:\/\/iha-race.com\/de\/wp-json\/wp\/v2\/comments?post=208374"}],"version-history":[{"count":2,"href":"https:\/\/iha-race.com\/de\/wp-json\/wp\/v2\/product\/208374\/revisions"}],"predecessor-version":[{"id":249577,"href":"https:\/\/iha-race.com\/de\/wp-json\/wp\/v2\/product\/208374\/revisions\/249577"}],"wp:featuredmedia":[{"embeddable":true,"href":"https:\/\/iha-race.com\/de\/wp-json\/wp\/v2\/media\/125837"}],"wp:attachment":[{"href":"https:\/\/iha-race.com\/de\/wp-json\/wp\/v2\/media?parent=208374"}],"wp:term":[{"taxonomy":"pwb-brand","embeddable":true,"href":"https:\/\/iha-race.com\/de\/wp-json\/wp\/v2\/pwb-brand?post=208374"},{"taxonomy":"product_cat","embeddable":true,"href":"https:\/\/iha-race.com\/de\/wp-json\/wp\/v2\/product_cat?post=208374"},{"taxonomy":"product_tag","embeddable":true,"href":"https:\/\/iha-race.com\/de\/wp-json\/wp\/v2\/product_tag?post=208374"}],"curies":[{"name":"wp","href":"https:\/\/api.w.org\/{rel}","templated":true}]}}