{"id":208362,"date":"2020-08-03T17:38:58","date_gmt":"2020-08-03T15:38:58","guid":{"rendered":"https:\/\/iha-race.com\/producto\/t-motor-f1507-2700kv-wellenloser-motor\/"},"modified":"2024-08-29T16:04:10","modified_gmt":"2024-08-29T14:04:10","slug":"motor-t-motor-f1507-2700kv-sin-eje","status":"publish","type":"product","link":"https:\/\/iha-race.com\/de\/producto\/motor-t-motor-f1507-2700kv-sin-eje\/","title":{"rendered":"T-Motor F1507 2700Kv wellenloser Motor"},"content":{"rendered":"<h2>T-Motor F1507 2700Kv wellenloser Motor<\/h2>\n<div class=\"wrap-sticky\">\n<div id=\"news11tabs\" class=\"navbar navbar-sticky bootsnav on sticked\">  Die kleinsten und leistungsst\u00e4rksten Motoren auf dem Markt, speziell entwickelt f\u00fcr Cinewhoop Sticks und Drohnen.  <\/p>\n<h2>Merkmale:<\/h2>\n<ul>\n<li><strong>Ultraleichtes Gewicht:<\/strong> 15,2 Gramm<\/li>\n<li><strong>Schubkraft:<\/strong> 838 Gramm<\/li>\n<li><strong>Leistung:<\/strong> 519W<\/li>\n<\/ul>\n<\/div>\n<\/div>\n<div id=\"news11\" class=\"tabblock\">\n<div id=\"a_news11\" class=\"tabcon\">\n<p><img decoding=\"async\" class=\"alignnone\" src=\"http:\/\/store-en.tmotor.com\/bdimages\/upload1\/20200609\/1591668768355502.jpg\"><img decoding=\"async\" class=\"alignnone\" src=\"http:\/\/store-en.tmotor.com\/bdimages\/upload1\/20200609\/1591668769785346.jpg\"><img decoding=\"async\" class=\"alignnone\" src=\"http:\/\/store-en.tmotor.com\/bdimages\/upload1\/20200609\/1591668769762298.jpg\"><img decoding=\"async\" class=\"alignnone\" src=\"http:\/\/store-en.tmotor.com\/bdimages\/upload1\/20200609\/1591668770696341.jpg\"><img decoding=\"async\" class=\"alignnone\" src=\"http:\/\/store-en.tmotor.com\/bdimages\/upload1\/20200609\/1591668770723911.jpg\"><img decoding=\"async\" class=\"alignnone\" src=\"http:\/\/store-en.tmotor.com\/bdimages\/upload1\/20200608\/1591604138996473.jpg\"><img decoding=\"async\" class=\"alignnone\" src=\"http:\/\/store-en.tmotor.com\/bdimages\/upload1\/20200608\/1591604139893419.jpg\"><img decoding=\"async\" class=\"alignnone\" src=\"http:\/\/store-en.tmotor.com\/bdimages\/upload1\/20200608\/1591604139698441.jpg\"><img decoding=\"async\" class=\"alignnone\" src=\"http:\/\/store-en.tmotor.com\/bdimages\/upload1\/20200608\/1591604140857699.jpg\"><img decoding=\"async\" class=\"alignnone\" src=\"http:\/\/store-en.tmotor.com\/bdimages\/upload1\/20200608\/1591604140346886.jpg\"><\/p>\n<\/div>\n<\/div>\n","protected":false},"excerpt":{"rendered":"<p>T-Motor F1507 2700Kv wellenloser Motor Die kleinsten und leistungsst\u00e4rksten Motoren auf dem Markt, speziell entwickelt f\u00fcr Cinewhoop Sticks und Drohnen. Merkmale: Ultraleichtes Gewicht: 15,2 Gramm Schubkraft: 838 Gramm Leistung: 519W<\/p>\n","protected":false},"featured_media":124812,"comment_status":"open","ping_status":"closed","template":"","meta":{"_joinchat":[]},"pwb-brand":[],"product_cat":[2787,2617],"product_tag":[],"class_list":{"0":"post-208362","1":"product","2":"type-product","3":"status-publish","4":"has-post-thumbnail","6":"product_cat-burstenlos-wellenlos","7":"product_cat-fpv-motoren","9":"first","10":"instock","11":"taxable","12":"shipping-taxable","13":"purchasable","14":"product-type-simple"},"barcode":null,"atum_controlled":true,"out_stock_date":null,"out_stock_threshold":null,"inheritable":false,"stock_on_hold":0,"sold_today":0,"sales_last_days":0,"out_stock_days":0,"lost_sales":0,"update_date":"2026-04-18T23:35:13","atum_locations":[],"atum_stock_status":"instock","restock_status":false,"low_stock_amount":"","sales_update_date":"2026-04-18T23:35:13","calc_backorders":null,"yoast_head":"<!-- This site is optimized with the Yoast SEO plugin v27.3 - https:\/\/yoast.com\/product\/yoast-seo-wordpress\/ -->\n<title>T-Motor F1507 2700Kv wellenloser Motor - Iha Race<\/title>\n<meta name=\"robots\" content=\"index, follow, max-snippet:-1, max-image-preview:large, max-video-preview:-1\" \/>\n<link rel=\"canonical\" href=\"https:\/\/iha-race.com\/de\/producto\/motor-t-motor-f1507-2700kv-sin-eje\/\" \/>\n<meta property=\"og:locale\" content=\"de_DE\" \/>\n<meta property=\"og:type\" content=\"article\" \/>\n<meta property=\"og:title\" content=\"T-Motor F1507 2700Kv wellenloser Motor - Iha Race\" \/>\n<meta property=\"og:description\" content=\"T-Motor F1507 2700Kv wellenloser Motor Die kleinsten und leistungsst\u00e4rksten Motoren auf dem Markt, speziell entwickelt f\u00fcr Cinewhoop Sticks und Drohnen. Merkmale: Ultraleichtes Gewicht: 15,2 Gramm Schubkraft: 838 Gramm Leistung: 519W\" \/>\n<meta property=\"og:url\" content=\"https:\/\/iha-race.com\/de\/producto\/motor-t-motor-f1507-2700kv-sin-eje\/\" \/>\n<meta property=\"og:site_name\" content=\"Iha Race\" \/>\n<meta property=\"article:modified_time\" content=\"2024-08-29T14:04:10+00:00\" \/>\n<meta property=\"og:image\" content=\"https:\/\/iha-race.com\/wp-content\/uploads\/2020\/08\/T-Motor-F-1507-2700Kv-Sin-Eje-1.png\" \/>\n\t<meta property=\"og:image:width\" content=\"800\" \/>\n\t<meta property=\"og:image:height\" content=\"800\" \/>\n\t<meta property=\"og:image:type\" content=\"image\/png\" \/>\n<meta name=\"twitter:card\" content=\"summary_large_image\" \/>\n<script type=\"application\/ld+json\" class=\"yoast-schema-graph\">{\"@context\":\"https:\\\/\\\/schema.org\",\"@graph\":[{\"@type\":\"WebPage\",\"@id\":\"https:\\\/\\\/iha-race.com\\\/de\\\/producto\\\/motor-t-motor-f1507-2700kv-sin-eje\\\/\",\"url\":\"https:\\\/\\\/iha-race.com\\\/de\\\/producto\\\/motor-t-motor-f1507-2700kv-sin-eje\\\/\",\"name\":\"T-Motor F1507 2700Kv wellenloser Motor - Iha Race\",\"isPartOf\":{\"@id\":\"https:\\\/\\\/iha-race.com\\\/de\\\/#website\"},\"primaryImageOfPage\":{\"@id\":\"https:\\\/\\\/iha-race.com\\\/de\\\/producto\\\/motor-t-motor-f1507-2700kv-sin-eje\\\/#primaryimage\"},\"image\":{\"@id\":\"https:\\\/\\\/iha-race.com\\\/de\\\/producto\\\/motor-t-motor-f1507-2700kv-sin-eje\\\/#primaryimage\"},\"thumbnailUrl\":\"https:\\\/\\\/iha-race.com\\\/wp-content\\\/uploads\\\/2020\\\/08\\\/T-Motor-F-1507-2700Kv-Sin-Eje-1.png\",\"datePublished\":\"2020-08-03T15:38:58+00:00\",\"dateModified\":\"2024-08-29T14:04:10+00:00\",\"breadcrumb\":{\"@id\":\"https:\\\/\\\/iha-race.com\\\/de\\\/producto\\\/motor-t-motor-f1507-2700kv-sin-eje\\\/#breadcrumb\"},\"inLanguage\":\"de\",\"potentialAction\":[{\"@type\":\"ReadAction\",\"target\":[\"https:\\\/\\\/iha-race.com\\\/de\\\/producto\\\/motor-t-motor-f1507-2700kv-sin-eje\\\/\"]}]},{\"@type\":\"ImageObject\",\"inLanguage\":\"de\",\"@id\":\"https:\\\/\\\/iha-race.com\\\/de\\\/producto\\\/motor-t-motor-f1507-2700kv-sin-eje\\\/#primaryimage\",\"url\":\"https:\\\/\\\/iha-race.com\\\/wp-content\\\/uploads\\\/2020\\\/08\\\/T-Motor-F-1507-2700Kv-Sin-Eje-1.png\",\"contentUrl\":\"https:\\\/\\\/iha-race.com\\\/wp-content\\\/uploads\\\/2020\\\/08\\\/T-Motor-F-1507-2700Kv-Sin-Eje-1.png\",\"width\":800,\"height\":800},{\"@type\":\"BreadcrumbList\",\"@id\":\"https:\\\/\\\/iha-race.com\\\/de\\\/producto\\\/motor-t-motor-f1507-2700kv-sin-eje\\\/#breadcrumb\",\"itemListElement\":[{\"@type\":\"ListItem\",\"position\":1,\"name\":\"Portada\",\"item\":\"https:\\\/\\\/iha-race.com\\\/de\\\/elementor-499\\\/\"},{\"@type\":\"ListItem\",\"position\":2,\"name\":\"Shop\",\"item\":\"https:\\\/\\\/iha-race.com\\\/de\\\/shop\\\/\"},{\"@type\":\"ListItem\",\"position\":3,\"name\":\"T-Motor F1507 2700Kv wellenloser Motor\"}]},{\"@type\":\"WebSite\",\"@id\":\"https:\\\/\\\/iha-race.com\\\/de\\\/#website\",\"url\":\"https:\\\/\\\/iha-race.com\\\/de\\\/\",\"name\":\"Iha Race\",\"description\":\"Comprar drones de carreras FPV env\u00edos en un d\u00eda desde Espa\u00f1a\",\"publisher\":{\"@id\":\"https:\\\/\\\/iha-race.com\\\/de\\\/#organization\"},\"potentialAction\":[{\"@type\":\"SearchAction\",\"target\":{\"@type\":\"EntryPoint\",\"urlTemplate\":\"https:\\\/\\\/iha-race.com\\\/de\\\/?s={search_term_string}\"},\"query-input\":{\"@type\":\"PropertyValueSpecification\",\"valueRequired\":true,\"valueName\":\"search_term_string\"}}],\"inLanguage\":\"de\"},{\"@type\":\"Organization\",\"@id\":\"https:\\\/\\\/iha-race.com\\\/de\\\/#organization\",\"name\":\"Iha Race\",\"url\":\"https:\\\/\\\/iha-race.com\\\/de\\\/\",\"logo\":{\"@type\":\"ImageObject\",\"inLanguage\":\"de\",\"@id\":\"https:\\\/\\\/iha-race.com\\\/de\\\/#\\\/schema\\\/logo\\\/image\\\/\",\"url\":\"https:\\\/\\\/iha-race.com\\\/wp-content\\\/uploads\\\/2018\\\/07\\\/iha-race-drones-de-carreras-tienda-comprar-drones.png\",\"contentUrl\":\"https:\\\/\\\/iha-race.com\\\/wp-content\\\/uploads\\\/2018\\\/07\\\/iha-race-drones-de-carreras-tienda-comprar-drones.png\",\"width\":300,\"height\":100,\"caption\":\"Iha Race\"},\"image\":{\"@id\":\"https:\\\/\\\/iha-race.com\\\/de\\\/#\\\/schema\\\/logo\\\/image\\\/\"}}]}<\/script>\n<!-- \/ Yoast SEO plugin. -->","yoast_head_json":{"title":"T-Motor F1507 2700Kv wellenloser Motor - Iha Race","robots":{"index":"index","follow":"follow","max-snippet":"max-snippet:-1","max-image-preview":"max-image-preview:large","max-video-preview":"max-video-preview:-1"},"canonical":"https:\/\/iha-race.com\/de\/producto\/motor-t-motor-f1507-2700kv-sin-eje\/","og_locale":"de_DE","og_type":"article","og_title":"T-Motor F1507 2700Kv wellenloser Motor - Iha Race","og_description":"T-Motor F1507 2700Kv wellenloser Motor Die kleinsten und leistungsst\u00e4rksten Motoren auf dem Markt, speziell entwickelt f\u00fcr Cinewhoop Sticks und Drohnen. Merkmale: Ultraleichtes Gewicht: 15,2 Gramm Schubkraft: 838 Gramm Leistung: 519W","og_url":"https:\/\/iha-race.com\/de\/producto\/motor-t-motor-f1507-2700kv-sin-eje\/","og_site_name":"Iha Race","article_modified_time":"2024-08-29T14:04:10+00:00","og_image":[{"width":800,"height":800,"url":"https:\/\/iha-race.com\/wp-content\/uploads\/2020\/08\/T-Motor-F-1507-2700Kv-Sin-Eje-1.png","type":"image\/png"}],"twitter_card":"summary_large_image","schema":{"@context":"https:\/\/schema.org","@graph":[{"@type":"WebPage","@id":"https:\/\/iha-race.com\/de\/producto\/motor-t-motor-f1507-2700kv-sin-eje\/","url":"https:\/\/iha-race.com\/de\/producto\/motor-t-motor-f1507-2700kv-sin-eje\/","name":"T-Motor F1507 2700Kv wellenloser Motor - Iha Race","isPartOf":{"@id":"https:\/\/iha-race.com\/de\/#website"},"primaryImageOfPage":{"@id":"https:\/\/iha-race.com\/de\/producto\/motor-t-motor-f1507-2700kv-sin-eje\/#primaryimage"},"image":{"@id":"https:\/\/iha-race.com\/de\/producto\/motor-t-motor-f1507-2700kv-sin-eje\/#primaryimage"},"thumbnailUrl":"https:\/\/iha-race.com\/wp-content\/uploads\/2020\/08\/T-Motor-F-1507-2700Kv-Sin-Eje-1.png","datePublished":"2020-08-03T15:38:58+00:00","dateModified":"2024-08-29T14:04:10+00:00","breadcrumb":{"@id":"https:\/\/iha-race.com\/de\/producto\/motor-t-motor-f1507-2700kv-sin-eje\/#breadcrumb"},"inLanguage":"de","potentialAction":[{"@type":"ReadAction","target":["https:\/\/iha-race.com\/de\/producto\/motor-t-motor-f1507-2700kv-sin-eje\/"]}]},{"@type":"ImageObject","inLanguage":"de","@id":"https:\/\/iha-race.com\/de\/producto\/motor-t-motor-f1507-2700kv-sin-eje\/#primaryimage","url":"https:\/\/iha-race.com\/wp-content\/uploads\/2020\/08\/T-Motor-F-1507-2700Kv-Sin-Eje-1.png","contentUrl":"https:\/\/iha-race.com\/wp-content\/uploads\/2020\/08\/T-Motor-F-1507-2700Kv-Sin-Eje-1.png","width":800,"height":800},{"@type":"BreadcrumbList","@id":"https:\/\/iha-race.com\/de\/producto\/motor-t-motor-f1507-2700kv-sin-eje\/#breadcrumb","itemListElement":[{"@type":"ListItem","position":1,"name":"Portada","item":"https:\/\/iha-race.com\/de\/elementor-499\/"},{"@type":"ListItem","position":2,"name":"Shop","item":"https:\/\/iha-race.com\/de\/shop\/"},{"@type":"ListItem","position":3,"name":"T-Motor F1507 2700Kv wellenloser Motor"}]},{"@type":"WebSite","@id":"https:\/\/iha-race.com\/de\/#website","url":"https:\/\/iha-race.com\/de\/","name":"Iha Race","description":"Comprar drones de carreras FPV env\u00edos en un d\u00eda desde Espa\u00f1a","publisher":{"@id":"https:\/\/iha-race.com\/de\/#organization"},"potentialAction":[{"@type":"SearchAction","target":{"@type":"EntryPoint","urlTemplate":"https:\/\/iha-race.com\/de\/?s={search_term_string}"},"query-input":{"@type":"PropertyValueSpecification","valueRequired":true,"valueName":"search_term_string"}}],"inLanguage":"de"},{"@type":"Organization","@id":"https:\/\/iha-race.com\/de\/#organization","name":"Iha Race","url":"https:\/\/iha-race.com\/de\/","logo":{"@type":"ImageObject","inLanguage":"de","@id":"https:\/\/iha-race.com\/de\/#\/schema\/logo\/image\/","url":"https:\/\/iha-race.com\/wp-content\/uploads\/2018\/07\/iha-race-drones-de-carreras-tienda-comprar-drones.png","contentUrl":"https:\/\/iha-race.com\/wp-content\/uploads\/2018\/07\/iha-race-drones-de-carreras-tienda-comprar-drones.png","width":300,"height":100,"caption":"Iha Race"},"image":{"@id":"https:\/\/iha-race.com\/de\/#\/schema\/logo\/image\/"}}]}},"jetpack_sharing_enabled":true,"brands":[],"_links":{"self":[{"href":"https:\/\/iha-race.com\/de\/wp-json\/wp\/v2\/product\/208362","targetHints":{"allow":["GET"]}}],"collection":[{"href":"https:\/\/iha-race.com\/de\/wp-json\/wp\/v2\/product"}],"about":[{"href":"https:\/\/iha-race.com\/de\/wp-json\/wp\/v2\/types\/product"}],"replies":[{"embeddable":true,"href":"https:\/\/iha-race.com\/de\/wp-json\/wp\/v2\/comments?post=208362"}],"version-history":[{"count":2,"href":"https:\/\/iha-race.com\/de\/wp-json\/wp\/v2\/product\/208362\/revisions"}],"predecessor-version":[{"id":249900,"href":"https:\/\/iha-race.com\/de\/wp-json\/wp\/v2\/product\/208362\/revisions\/249900"}],"wp:featuredmedia":[{"embeddable":true,"href":"https:\/\/iha-race.com\/de\/wp-json\/wp\/v2\/media\/124812"}],"wp:attachment":[{"href":"https:\/\/iha-race.com\/de\/wp-json\/wp\/v2\/media?parent=208362"}],"wp:term":[{"taxonomy":"pwb-brand","embeddable":true,"href":"https:\/\/iha-race.com\/de\/wp-json\/wp\/v2\/pwb-brand?post=208362"},{"taxonomy":"product_cat","embeddable":true,"href":"https:\/\/iha-race.com\/de\/wp-json\/wp\/v2\/product_cat?post=208362"},{"taxonomy":"product_tag","embeddable":true,"href":"https:\/\/iha-race.com\/de\/wp-json\/wp\/v2\/product_tag?post=208362"}],"curies":[{"name":"wp","href":"https:\/\/api.w.org\/{rel}","templated":true}]}}